{"id":5523,"date":"2022-02-22T01:06:52","date_gmt":"2022-02-22T01:06:52","guid":{"rendered":"https:\/\/medicinasinc.com\/pl\/?post_type=product&#038;p=5523"},"modified":"2022-03-22T00:53:32","modified_gmt":"2022-03-22T00:53:32","slug":"kup-hdep-28-powiesc-etylonaftydat","status":"publish","type":"product","link":"https:\/\/medicinasinc.com\/pl\/product\/kup-hdep-28-powiesc-etylonaftydat\/","title":{"rendered":"Kup hdep-28 powie\u015b\u0107 etylonaftydanu"},"content":{"rendered":"<p>Etylaftydan HDEP-28 na sprzeda\u017c<\/p>\n<p>3,4-metylenodioksy-N-etylokatynon jest cz\u0119sto cytowany jako \u015brodek pobudzaj\u0105cy entaktogen. 1-(1,3-Benzodioksol-5-ilo)-2-(etyloamino)-1-propanon to nazwa nadana etylonowi. Zwyk\u0142a masa C12H15NO3 wynosi 221,251999 Da, podczas gdy masa monoizotopowa to 221,104996 Da. To jest formu\u0142a subj\u0105drowa. Sprzedam chi\u0144ski etylen. Ethylone to bezcenny kamie\u0144 szlachetny, kt\u00f3ry mo\u017cna kupi\u0107. Szlachetne kamienie etylenowe mo\u017cna kupi\u0107. Dostawca etylenu. Ethylone jest w sprzeda\u017cy. rabat Ethylone<\/p>\n<p>ACD\/Labs i ChemAxon wsp\u00f3\u0142pracowa\u0142y, aby przeprowadzi\u0107 ocen\u0119 Ethylone. Je\u015bli chodzi o w\u0142a\u015bciwo\u015bci przewidywane przez ACD\/Labs, znale\u017ali cztery akceptory zabezpiecze\u0144 #H, cztery zabezpieczenia #Swobodnie obracaj\u0105ce si\u0119, rekord za\u0142amania na poziomie 1,54 przy wsp\u00f3\u0142czynniku nacisku powierzchniowego 44,3470001220703dyn\/cm, motywacj\u0119 wybuchow\u0105 172,845\u00b0C i ograniczenie do 362,188\u00b0C przy 760 mmHg.<\/p>\n<p>Jest to cz\u0119ste zjawisko w oprogramowaniu logicznym i naukowym.<\/p>\n<p>Ten produkt zosta\u0142 opracowany w celu spe\u0142nienia wymaga\u0144 normy ISO17025:2005 i Przewodnik 34:2009.<\/p>\n<p>Mo\u017cesz liczy\u0107 na to, \u017ce wykonamy prac\u0119 szybko i sprawnie, poniewa\u017c jeste\u015bmy najlepsz\u0105 organizacj\u0105 na \u015bwiecie. Klienci mog\u0105 oczekiwa\u0107 od nas tylko najlepszej jako\u015bci produkt\u00f3w! W spos\u00f3b zasadniczo zgodny z tym, czego cz\u0119sto oczekujemy, kupuj\u0105c cokolwiek<\/p>\n<p>Dzi\u0119ki temu mo\u017cemy kupowa\u0107 produkty najwy\u017cszej jako\u015bci po najbardziej rozs\u0105dnych cenach, a oszcz\u0119dno\u015bci mo\u017cemy przekaza\u0107 Tobie!<\/p>\n<p>W rezultacie wymagamy od wszystkich naszych klient\u00f3w GC\/MS ich pozycji w celu zapewnienia dok\u0142adno\u015bci i legalno\u015bci. Poniewa\u017c dbamy o naszych klient\u00f3w i ich satysfakcj\u0119, przeprowadzamy w\u0142asne testy przy ka\u017cdej wysy\u0142ce, aby sprawdzi\u0107, czy jako\u015b\u0107 pozosta\u0142ych cz\u0119\u015bci jest na poziomie 100%.<\/p>\n<p>Przysz\u0142o\u015b\u0107 naszej firmy zale\u017cy od tego, czy odpowiemy na Twoje zapytania przyjazny spos\u00f3b, bez wzgl\u0119du na to, jak pilne mo\u017ce by\u0107. Niezale\u017cnie od sytuacji zawsze mo\u017cesz liczy\u0107 na to, \u017ce dostarczymy Ci najlepsze leki i delikatne fajerwerki w najlepszych cenach, a wszystko to w najbardziej dyskretny spos\u00f3b, jaki mo\u017cna sobie wyobrazi\u0107! Je\u015bli to nie jest zbyt du\u017cy problem, miej wiar\u0119 i z\u0142\u00f3\u017c swoj\u0105 pro\u015bb\u0119 z przekonaniem!<\/p>\n<p>Ze wzgl\u0119du na nasz\u0105 wykazan\u0105 si\u0142\u0119 mo\u017cesz nam zaufa\u0107 i kontynuowa\u0107 z nami wsp\u00f3\u0142prac\u0119, kiedy tylko zechcesz, tak d\u0142ugo jak my s\u0105 w pobli\u017cu. Tw\u00f3j upadek nie b\u0119dzie tolerowany.<\/p>\n<p>Pod\u0105\u017canie za podr\u00f3\u017c\u0105 pakietu jest proste dzi\u0119ki towarzysz\u0105cym numerom, kt\u00f3re do\u0142\u0105czamy do przesy\u0142ki.<\/p>\n","protected":false},"excerpt":{"rendered":"<p>Kup etylonaftydan HDEP-28 na sprzeda\u017c w Wielkiej Brytanii, Europie. Octan 2-(naftalen-2-ylo)-2-(piperydyn-2-ylu) etylu. Zapytaj o hdep-28, nowy etylonaftydan.<\/p>\n<p>Kup hdep-28 powie\u015b\u0107 1 uncj\u0119 etylonaftydatu na Amazon.com<\/p>\n<p>Etylonaftydat lub HDEP-28 jest substytutem zakazanego fenidatu serii.<\/p>\n<p>Klienci mog\u0105 teraz kupowa\u0107 etylonaftydan.<br \/> HDEP-28, znany r\u00f3wnie\u017c jako etylonaftydan, ma pe\u0142ni\u0107 rol\u0119 niedawno zakazanej serii chemicznej fenidatu.<br \/> W por\u00f3wnaniu z &amp; #8216;Fenidaty,&#8217; klienci stosuj\u0105cy ten produkt w laboratorium powinni spodziewa\u0107 si\u0119 podobnego spektrum wynik\u00f3w.<br \/> IUPAC przewiduje, \u017ce naukowcy uznaj\u0105 HDEP 28 \/ etylonaftidan za doskona\u0142y substytut etylofenidatu. Octan 2-(naftalen-2-ylo)-2-(piperydyn-2-ylo)<br \/> Nie dotyczy<br \/> Wz\u00f3r C19H23NO2<br \/> Masa cz\u0105steczkowa wynosi 297,40<\/p>\n","protected":false},"featured_media":5535,"comment_status":"open","ping_status":"closed","template":"","meta":[],"product_brand":[],"product_cat":[2014],"product_tag":[],"class_list":{"0":"post-5523","1":"product","2":"type-product","3":"status-publish","4":"has-post-thumbnail","6":"product_cat-kup-badania-chemikalia","8":"first","9":"instock","10":"shipping-taxable","11":"purchasable","12":"product-type-variable","13":"has-default-attributes"},"yoast_head":"<!-- This site is optimized with the Yoast SEO plugin v27.3 - https:\/\/yoast.com\/product\/yoast-seo-wordpress\/ -->\n<title>Kup hdep-28 powie\u015b\u0107 etylonaftydat - najlepsze globalne leki<\/title>\n<meta name=\"description\" content=\"Kup nowy etylonaftydan hdep-28 na sprzeda\u017c w Wielkiej Brytanii, Europie online. IUPAC: 2-(naftalen-2-ylo)-2-(piperydyn-2-ylo)octan etylu. Zam\u00f3w hdep-28 powie\u015b\u0107 etylonaftydat\" \/>\n<meta name=\"robots\" content=\"index, follow, max-snippet:-1, max-image-preview:large, max-video-preview:-1\" \/>\n<link rel=\"canonical\" href=\"https:\/\/medicinasinc.com\/pl\/product\/kup-hdep-28-powiesc-etylonaftydat\/\" \/>\n<meta property=\"og:locale\" content=\"en_US\" \/>\n<meta property=\"og:type\" content=\"article\" \/>\n<meta property=\"og:title\" content=\"Kup hdep-28 powie\u015b\u0107 etylonaftydat - najlepsze globalne leki\" \/>\n<meta property=\"og:description\" content=\"Kup nowy etylonaftydan hdep-28 na sprzeda\u017c w Wielkiej Brytanii, Europie online. IUPAC: 2-(naftalen-2-ylo)-2-(piperydyn-2-ylo)octan etylu. Zam\u00f3w hdep-28 powie\u015b\u0107 etylonaftydat\" \/>\n<meta property=\"og:url\" content=\"https:\/\/medicinasinc.com\/pl\/product\/kup-hdep-28-powiesc-etylonaftydat\/\" \/>\n<meta property=\"og:site_name\" content=\"Medicinas Inc\" \/>\n<meta property=\"article:modified_time\" content=\"2022-03-22T00:53:32+00:00\" \/>\n<meta property=\"og:image\" content=\"https:\/\/medicinasinc.com\/pl\/wp-content\/uploads\/sites\/13\/2022\/02\/Buy-hdep-28-Novel-Ethylnaphthidate.jpg\" \/>\n\t<meta property=\"og:image:width\" content=\"600\" \/>\n\t<meta property=\"og:image:height\" content=\"600\" \/>\n\t<meta property=\"og:image:type\" content=\"image\/jpeg\" \/>\n<meta name=\"twitter:card\" content=\"summary_large_image\" \/>\n<meta name=\"twitter:label1\" content=\"Est. reading time\" \/>\n\t<meta name=\"twitter:data1\" content=\"2 minutes\" \/>\n<script type=\"application\/ld+json\" class=\"yoast-schema-graph\">{\"@context\":\"https:\\\/\\\/schema.org\",\"@graph\":[{\"@type\":\"WebPage\",\"@id\":\"https:\\\/\\\/medicinasinc.com\\\/pl\\\/product\\\/kup-hdep-28-powiesc-etylonaftydat\\\/\",\"url\":\"https:\\\/\\\/medicinasinc.com\\\/pl\\\/product\\\/kup-hdep-28-powiesc-etylonaftydat\\\/\",\"name\":\"Kup hdep-28 powie\u015b\u0107 etylonaftydat - najlepsze globalne leki\",\"isPartOf\":{\"@id\":\"https:\\\/\\\/medicinasinc.com\\\/pl\\\/#website\"},\"primaryImageOfPage\":{\"@id\":\"https:\\\/\\\/medicinasinc.com\\\/pl\\\/product\\\/kup-hdep-28-powiesc-etylonaftydat\\\/#primaryimage\"},\"image\":{\"@id\":\"https:\\\/\\\/medicinasinc.com\\\/pl\\\/product\\\/kup-hdep-28-powiesc-etylonaftydat\\\/#primaryimage\"},\"thumbnailUrl\":\"https:\\\/\\\/medicinasinc.com\\\/pl\\\/wp-content\\\/uploads\\\/sites\\\/13\\\/2022\\\/02\\\/Buy-hdep-28-Novel-Ethylnaphthidate.jpg\",\"datePublished\":\"2022-02-22T01:06:52+00:00\",\"dateModified\":\"2022-03-22T00:53:32+00:00\",\"description\":\"Kup nowy etylonaftydan hdep-28 na sprzeda\u017c w Wielkiej Brytanii, Europie online. IUPAC: 2-(naftalen-2-ylo)-2-(piperydyn-2-ylo)octan etylu. Zam\u00f3w hdep-28 powie\u015b\u0107 etylonaftydat\",\"breadcrumb\":{\"@id\":\"https:\\\/\\\/medicinasinc.com\\\/pl\\\/product\\\/kup-hdep-28-powiesc-etylonaftydat\\\/#breadcrumb\"},\"inLanguage\":\"en-US\",\"potentialAction\":[{\"@type\":\"ReadAction\",\"target\":[\"https:\\\/\\\/medicinasinc.com\\\/pl\\\/product\\\/kup-hdep-28-powiesc-etylonaftydat\\\/\"]}]},{\"@type\":\"ImageObject\",\"inLanguage\":\"en-US\",\"@id\":\"https:\\\/\\\/medicinasinc.com\\\/pl\\\/product\\\/kup-hdep-28-powiesc-etylonaftydat\\\/#primaryimage\",\"url\":\"https:\\\/\\\/medicinasinc.com\\\/pl\\\/wp-content\\\/uploads\\\/sites\\\/13\\\/2022\\\/02\\\/Buy-hdep-28-Novel-Ethylnaphthidate.jpg\",\"contentUrl\":\"https:\\\/\\\/medicinasinc.com\\\/pl\\\/wp-content\\\/uploads\\\/sites\\\/13\\\/2022\\\/02\\\/Buy-hdep-28-Novel-Ethylnaphthidate.jpg\",\"width\":600,\"height\":600},{\"@type\":\"BreadcrumbList\",\"@id\":\"https:\\\/\\\/medicinasinc.com\\\/pl\\\/product\\\/kup-hdep-28-powiesc-etylonaftydat\\\/#breadcrumb\",\"itemListElement\":[{\"@type\":\"ListItem\",\"position\":1,\"name\":\"Sklep\",\"item\":\"https:\\\/\\\/medicinasinc.com\\\/pl\\\/sklep\\\/\"},{\"@type\":\"ListItem\",\"position\":2,\"name\":\"Kup hdep-28 powie\u015b\u0107 etylonaftydanu\"}]},{\"@type\":\"WebSite\",\"@id\":\"https:\\\/\\\/medicinasinc.com\\\/pl\\\/#website\",\"url\":\"https:\\\/\\\/medicinasinc.com\\\/pl\\\/\",\"name\":\"Medicinas Inc\",\"description\":\"Health Medical Clinic\",\"potentialAction\":[{\"@type\":\"SearchAction\",\"target\":{\"@type\":\"EntryPoint\",\"urlTemplate\":\"https:\\\/\\\/medicinasinc.com\\\/pl\\\/?s={search_term_string}\"},\"query-input\":{\"@type\":\"PropertyValueSpecification\",\"valueRequired\":true,\"valueName\":\"search_term_string\"}}],\"inLanguage\":\"en-US\"}]}<\/script>\n<!-- \/ Yoast SEO plugin. -->","yoast_head_json":{"title":"Kup hdep-28 powie\u015b\u0107 etylonaftydat - najlepsze globalne leki","description":"Kup nowy etylonaftydan hdep-28 na sprzeda\u017c w Wielkiej Brytanii, Europie online. IUPAC: 2-(naftalen-2-ylo)-2-(piperydyn-2-ylo)octan etylu. Zam\u00f3w hdep-28 powie\u015b\u0107 etylonaftydat","robots":{"index":"index","follow":"follow","max-snippet":"max-snippet:-1","max-image-preview":"max-image-preview:large","max-video-preview":"max-video-preview:-1"},"canonical":"https:\/\/medicinasinc.com\/pl\/product\/kup-hdep-28-powiesc-etylonaftydat\/","og_locale":"en_US","og_type":"article","og_title":"Kup hdep-28 powie\u015b\u0107 etylonaftydat - najlepsze globalne leki","og_description":"Kup nowy etylonaftydan hdep-28 na sprzeda\u017c w Wielkiej Brytanii, Europie online. IUPAC: 2-(naftalen-2-ylo)-2-(piperydyn-2-ylo)octan etylu. Zam\u00f3w hdep-28 powie\u015b\u0107 etylonaftydat","og_url":"https:\/\/medicinasinc.com\/pl\/product\/kup-hdep-28-powiesc-etylonaftydat\/","og_site_name":"Medicinas Inc","article_modified_time":"2022-03-22T00:53:32+00:00","og_image":[{"width":600,"height":600,"url":"https:\/\/medicinasinc.com\/pl\/wp-content\/uploads\/sites\/13\/2022\/02\/Buy-hdep-28-Novel-Ethylnaphthidate.jpg","type":"image\/jpeg"}],"twitter_card":"summary_large_image","twitter_misc":{"Est. reading time":"2 minutes"},"schema":{"@context":"https:\/\/schema.org","@graph":[{"@type":"WebPage","@id":"https:\/\/medicinasinc.com\/pl\/product\/kup-hdep-28-powiesc-etylonaftydat\/","url":"https:\/\/medicinasinc.com\/pl\/product\/kup-hdep-28-powiesc-etylonaftydat\/","name":"Kup hdep-28 powie\u015b\u0107 etylonaftydat - najlepsze globalne leki","isPartOf":{"@id":"https:\/\/medicinasinc.com\/pl\/#website"},"primaryImageOfPage":{"@id":"https:\/\/medicinasinc.com\/pl\/product\/kup-hdep-28-powiesc-etylonaftydat\/#primaryimage"},"image":{"@id":"https:\/\/medicinasinc.com\/pl\/product\/kup-hdep-28-powiesc-etylonaftydat\/#primaryimage"},"thumbnailUrl":"https:\/\/medicinasinc.com\/pl\/wp-content\/uploads\/sites\/13\/2022\/02\/Buy-hdep-28-Novel-Ethylnaphthidate.jpg","datePublished":"2022-02-22T01:06:52+00:00","dateModified":"2022-03-22T00:53:32+00:00","description":"Kup nowy etylonaftydan hdep-28 na sprzeda\u017c w Wielkiej Brytanii, Europie online. IUPAC: 2-(naftalen-2-ylo)-2-(piperydyn-2-ylo)octan etylu. Zam\u00f3w hdep-28 powie\u015b\u0107 etylonaftydat","breadcrumb":{"@id":"https:\/\/medicinasinc.com\/pl\/product\/kup-hdep-28-powiesc-etylonaftydat\/#breadcrumb"},"inLanguage":"en-US","potentialAction":[{"@type":"ReadAction","target":["https:\/\/medicinasinc.com\/pl\/product\/kup-hdep-28-powiesc-etylonaftydat\/"]}]},{"@type":"ImageObject","inLanguage":"en-US","@id":"https:\/\/medicinasinc.com\/pl\/product\/kup-hdep-28-powiesc-etylonaftydat\/#primaryimage","url":"https:\/\/medicinasinc.com\/pl\/wp-content\/uploads\/sites\/13\/2022\/02\/Buy-hdep-28-Novel-Ethylnaphthidate.jpg","contentUrl":"https:\/\/medicinasinc.com\/pl\/wp-content\/uploads\/sites\/13\/2022\/02\/Buy-hdep-28-Novel-Ethylnaphthidate.jpg","width":600,"height":600},{"@type":"BreadcrumbList","@id":"https:\/\/medicinasinc.com\/pl\/product\/kup-hdep-28-powiesc-etylonaftydat\/#breadcrumb","itemListElement":[{"@type":"ListItem","position":1,"name":"Sklep","item":"https:\/\/medicinasinc.com\/pl\/sklep\/"},{"@type":"ListItem","position":2,"name":"Kup hdep-28 powie\u015b\u0107 etylonaftydanu"}]},{"@type":"WebSite","@id":"https:\/\/medicinasinc.com\/pl\/#website","url":"https:\/\/medicinasinc.com\/pl\/","name":"Medicinas Inc","description":"Health Medical Clinic","potentialAction":[{"@type":"SearchAction","target":{"@type":"EntryPoint","urlTemplate":"https:\/\/medicinasinc.com\/pl\/?s={search_term_string}"},"query-input":{"@type":"PropertyValueSpecification","valueRequired":true,"valueName":"search_term_string"}}],"inLanguage":"en-US"}]}},"_links":{"self":[{"href":"https:\/\/medicinasinc.com\/pl\/wp-json\/wp\/v2\/product\/5523","targetHints":{"allow":["GET"]}}],"collection":[{"href":"https:\/\/medicinasinc.com\/pl\/wp-json\/wp\/v2\/product"}],"about":[{"href":"https:\/\/medicinasinc.com\/pl\/wp-json\/wp\/v2\/types\/product"}],"replies":[{"embeddable":true,"href":"https:\/\/medicinasinc.com\/pl\/wp-json\/wp\/v2\/comments?post=5523"}],"wp:featuredmedia":[{"embeddable":true,"href":"https:\/\/medicinasinc.com\/pl\/wp-json\/wp\/v2\/media\/5535"}],"wp:attachment":[{"href":"https:\/\/medicinasinc.com\/pl\/wp-json\/wp\/v2\/media?parent=5523"}],"wp:term":[{"taxonomy":"product_brand","embeddable":true,"href":"https:\/\/medicinasinc.com\/pl\/wp-json\/wp\/v2\/product_brand?post=5523"},{"taxonomy":"product_cat","embeddable":true,"href":"https:\/\/medicinasinc.com\/pl\/wp-json\/wp\/v2\/product_cat?post=5523"},{"taxonomy":"product_tag","embeddable":true,"href":"https:\/\/medicinasinc.com\/pl\/wp-json\/wp\/v2\/product_tag?post=5523"}],"curies":[{"name":"wp","href":"https:\/\/api.w.org\/{rel}","templated":true}]}}