{"id":5522,"date":"2022-02-22T01:05:36","date_gmt":"2022-02-22T01:05:36","guid":{"rendered":"https:\/\/medicinasinc.com\/pl\/?post_type=product&#038;p=5522"},"modified":"2022-03-22T00:53:41","modified_gmt":"2022-03-22T00:53:41","slug":"kup-fub-akb48-proszek","status":"publish","type":"product","link":"https:\/\/medicinasinc.com\/pl\/product\/kup-fub-akb48-proszek\/","title":{"rendered":"Kup proszek Fub Akb48"},"content":{"rendered":"<p>Czysty proszek Fub Akb48 do kupienia<\/p>\n<p>Je\u015bli chcesz dowiedzie\u0107 si\u0119 wi\u0119cej o wp\u0142ywie FUB-AKB48 (znanego r\u00f3wnie\u017c jako AFUBINACA lub FUB-APINACA) na receptor CB1, jest to syntetyczny kannabinoid dla Ciebie.<\/p>\n<p>Dla wzoru chemicznego u\u017cyj nast\u0119puj\u0105cego: C25H26FN3O.<br \/> W nomenklaturze IUPAC: N-[(4-fluorofenylo)metylo]-1-adamantan-1-yl<br \/> -1H-indazol<br \/> -3-karboksyamid<br \/> Wygl\u0105d:<br \/> Czysto\u015b\u0107:<\/p>\n","protected":false},"excerpt":{"rendered":"<p>Zap\u0142a\u0107 Bitcoinem za dostaw\u0119 proszku FUB-AKB48 do Europy. Kup proszek FUB-AKB48 w Europie od dostawcy z Wielkiej Brytanii po niskiej cenie. Europejski sklep z proszkiem FUB-AKB48, w kt\u00f3rym mo\u017cesz kupi\u0107 proszek FUB-AKB48 o czysto\u015bci 99 procent.<\/p>\n<p>Zdob\u0105d\u017a 1 uncj\u0119. Pure Fub Akb48 Powder od nas ju\u017c dzi\u015b! Fa\u0142szywe zio\u0142o to indol, kt\u00f3ry zosta\u0142 wykorzystany w tworzeniu lek\u00f3w i jest teraz dost\u0119pny w sprzeda\u017cy z syntetycznymi sk\u0142adnikami aktywnymi marihuany.<\/p>\n<p>Dzi\u0119ki Bitcoinowi mo\u017cesz uzyska\u0107 czysty i wysokiej jako\u015bci proszek FUB-AKB48 online, poniewa\u017c a tak\u017ce legalne leki, chemikalia badawcze i surowe proszki lecznicze.<\/p>\n","protected":false},"featured_media":5533,"comment_status":"open","ping_status":"closed","template":"","meta":[],"product_brand":[],"product_cat":[2596],"product_tag":[3013,3014,3015,3016,3020,3017,3023,3018,3019,3021,3022,3024,3025,3027,3026,3028],"class_list":{"0":"post-5522","1":"product","2":"type-product","3":"status-publish","4":"has-post-thumbnail","6":"product_cat-kanabinoidy-na-sprzeda","7":"product_tag-buy-fub-akb48-eu","8":"product_tag-buy-fub-akb48-powder","9":"product_tag-fub-akb48-china-supplier","10":"product_tag-fub-akb48-efekt","11":"product_tag-fub-akb48-proszek-efekt","12":"product_tag-fub-akb48-na-sprzeda","13":"product_tag-fub-akb48-powder-order","14":"product_tag-fub-akb48-proszek","15":"product_tag-fub-akb48-kup-proszek","16":"product_tag-fub-akb48-proszek-na-sprzeda","17":"product_tag-fub-akb48-proszek-online","18":"product_tag-fub-akb48-proszek-rendery","19":"product_tag-fub-akb48-renders","20":"product_tag-fub-akb48-wysyka","21":"product_tag-fub-akb48-recenzja","22":"product_tag-fub-akb48-sprzeda-hurtowa","24":"first","25":"instock","26":"shipping-taxable","27":"purchasable","28":"product-type-variable","29":"has-default-attributes"},"yoast_head":"<!-- This site is optimized with the Yoast SEO plugin v27.3 - https:\/\/yoast.com\/product\/yoast-seo-wordpress\/ -->\n<title>Kup proszek Fub Akb48 - Fub Akb48 Online - Best Global Meds<\/title>\n<meta name=\"description\" content=\"Kup proszek FUB-AKB48 na sprzeda\u017c Wysy\u0142ka do UE, p\u0142atno\u015b\u0107 Bitcoin. Tani dostawca proszku FUB-AKB48 z Wielkiej Brytanii - kup chemikalia badawcze w Europie. FUB-AKB48 Prochownia w Europie\" \/>\n<meta name=\"robots\" content=\"index, follow, max-snippet:-1, max-image-preview:large, max-video-preview:-1\" \/>\n<link rel=\"canonical\" href=\"https:\/\/medicinasinc.com\/pl\/product\/kup-fub-akb48-proszek\/\" \/>\n<meta property=\"og:locale\" content=\"en_US\" \/>\n<meta property=\"og:type\" content=\"article\" \/>\n<meta property=\"og:title\" content=\"Kup proszek Fub Akb48 - Fub Akb48 Online - Best Global Meds\" \/>\n<meta property=\"og:description\" content=\"Kup proszek FUB-AKB48 na sprzeda\u017c Wysy\u0142ka do UE, p\u0142atno\u015b\u0107 Bitcoin. Tani dostawca proszku FUB-AKB48 z Wielkiej Brytanii - kup chemikalia badawcze w Europie. FUB-AKB48 Prochownia w Europie\" \/>\n<meta property=\"og:url\" content=\"https:\/\/medicinasinc.com\/pl\/product\/kup-fub-akb48-proszek\/\" \/>\n<meta property=\"og:site_name\" content=\"Medicinas Inc\" \/>\n<meta property=\"article:modified_time\" content=\"2022-03-22T00:53:41+00:00\" \/>\n<meta property=\"og:image\" content=\"https:\/\/medicinasinc.com\/pl\/wp-content\/uploads\/sites\/13\/2022\/02\/Buy-Fub-Akb48-Powder.jpeg\" \/>\n\t<meta property=\"og:image:width\" content=\"800\" \/>\n\t<meta property=\"og:image:height\" content=\"438\" \/>\n\t<meta property=\"og:image:type\" content=\"image\/jpeg\" \/>\n<meta name=\"twitter:card\" content=\"summary_large_image\" \/>\n<meta name=\"twitter:label1\" content=\"Est. reading time\" \/>\n\t<meta name=\"twitter:data1\" content=\"1 minute\" \/>\n<script type=\"application\/ld+json\" class=\"yoast-schema-graph\">{\"@context\":\"https:\\\/\\\/schema.org\",\"@graph\":[{\"@type\":\"WebPage\",\"@id\":\"https:\\\/\\\/medicinasinc.com\\\/pl\\\/product\\\/kup-fub-akb48-proszek\\\/\",\"url\":\"https:\\\/\\\/medicinasinc.com\\\/pl\\\/product\\\/kup-fub-akb48-proszek\\\/\",\"name\":\"Kup proszek Fub Akb48 - Fub Akb48 Online - Best Global Meds\",\"isPartOf\":{\"@id\":\"https:\\\/\\\/medicinasinc.com\\\/pl\\\/#website\"},\"primaryImageOfPage\":{\"@id\":\"https:\\\/\\\/medicinasinc.com\\\/pl\\\/product\\\/kup-fub-akb48-proszek\\\/#primaryimage\"},\"image\":{\"@id\":\"https:\\\/\\\/medicinasinc.com\\\/pl\\\/product\\\/kup-fub-akb48-proszek\\\/#primaryimage\"},\"thumbnailUrl\":\"https:\\\/\\\/medicinasinc.com\\\/pl\\\/wp-content\\\/uploads\\\/sites\\\/13\\\/2022\\\/02\\\/Buy-Fub-Akb48-Powder.jpeg\",\"datePublished\":\"2022-02-22T01:05:36+00:00\",\"dateModified\":\"2022-03-22T00:53:41+00:00\",\"description\":\"Kup proszek FUB-AKB48 na sprzeda\u017c Wysy\u0142ka do UE, p\u0142atno\u015b\u0107 Bitcoin. Tani dostawca proszku FUB-AKB48 z Wielkiej Brytanii - kup chemikalia badawcze w Europie. FUB-AKB48 Prochownia w Europie\",\"breadcrumb\":{\"@id\":\"https:\\\/\\\/medicinasinc.com\\\/pl\\\/product\\\/kup-fub-akb48-proszek\\\/#breadcrumb\"},\"inLanguage\":\"en-US\",\"potentialAction\":[{\"@type\":\"ReadAction\",\"target\":[\"https:\\\/\\\/medicinasinc.com\\\/pl\\\/product\\\/kup-fub-akb48-proszek\\\/\"]}]},{\"@type\":\"ImageObject\",\"inLanguage\":\"en-US\",\"@id\":\"https:\\\/\\\/medicinasinc.com\\\/pl\\\/product\\\/kup-fub-akb48-proszek\\\/#primaryimage\",\"url\":\"https:\\\/\\\/medicinasinc.com\\\/pl\\\/wp-content\\\/uploads\\\/sites\\\/13\\\/2022\\\/02\\\/Buy-Fub-Akb48-Powder.jpeg\",\"contentUrl\":\"https:\\\/\\\/medicinasinc.com\\\/pl\\\/wp-content\\\/uploads\\\/sites\\\/13\\\/2022\\\/02\\\/Buy-Fub-Akb48-Powder.jpeg\",\"width\":800,\"height\":438},{\"@type\":\"BreadcrumbList\",\"@id\":\"https:\\\/\\\/medicinasinc.com\\\/pl\\\/product\\\/kup-fub-akb48-proszek\\\/#breadcrumb\",\"itemListElement\":[{\"@type\":\"ListItem\",\"position\":1,\"name\":\"Sklep\",\"item\":\"https:\\\/\\\/medicinasinc.com\\\/pl\\\/sklep\\\/\"},{\"@type\":\"ListItem\",\"position\":2,\"name\":\"Kup proszek Fub Akb48\"}]},{\"@type\":\"WebSite\",\"@id\":\"https:\\\/\\\/medicinasinc.com\\\/pl\\\/#website\",\"url\":\"https:\\\/\\\/medicinasinc.com\\\/pl\\\/\",\"name\":\"Medicinas Inc\",\"description\":\"Health Medical Clinic\",\"potentialAction\":[{\"@type\":\"SearchAction\",\"target\":{\"@type\":\"EntryPoint\",\"urlTemplate\":\"https:\\\/\\\/medicinasinc.com\\\/pl\\\/?s={search_term_string}\"},\"query-input\":{\"@type\":\"PropertyValueSpecification\",\"valueRequired\":true,\"valueName\":\"search_term_string\"}}],\"inLanguage\":\"en-US\"}]}<\/script>\n<!-- \/ Yoast SEO plugin. -->","yoast_head_json":{"title":"Kup proszek Fub Akb48 - Fub Akb48 Online - Best Global Meds","description":"Kup proszek FUB-AKB48 na sprzeda\u017c Wysy\u0142ka do UE, p\u0142atno\u015b\u0107 Bitcoin. Tani dostawca proszku FUB-AKB48 z Wielkiej Brytanii - kup chemikalia badawcze w Europie. FUB-AKB48 Prochownia w Europie","robots":{"index":"index","follow":"follow","max-snippet":"max-snippet:-1","max-image-preview":"max-image-preview:large","max-video-preview":"max-video-preview:-1"},"canonical":"https:\/\/medicinasinc.com\/pl\/product\/kup-fub-akb48-proszek\/","og_locale":"en_US","og_type":"article","og_title":"Kup proszek Fub Akb48 - Fub Akb48 Online - Best Global Meds","og_description":"Kup proszek FUB-AKB48 na sprzeda\u017c Wysy\u0142ka do UE, p\u0142atno\u015b\u0107 Bitcoin. Tani dostawca proszku FUB-AKB48 z Wielkiej Brytanii - kup chemikalia badawcze w Europie. FUB-AKB48 Prochownia w Europie","og_url":"https:\/\/medicinasinc.com\/pl\/product\/kup-fub-akb48-proszek\/","og_site_name":"Medicinas Inc","article_modified_time":"2022-03-22T00:53:41+00:00","og_image":[{"width":800,"height":438,"url":"https:\/\/medicinasinc.com\/pl\/wp-content\/uploads\/sites\/13\/2022\/02\/Buy-Fub-Akb48-Powder.jpeg","type":"image\/jpeg"}],"twitter_card":"summary_large_image","twitter_misc":{"Est. reading time":"1 minute"},"schema":{"@context":"https:\/\/schema.org","@graph":[{"@type":"WebPage","@id":"https:\/\/medicinasinc.com\/pl\/product\/kup-fub-akb48-proszek\/","url":"https:\/\/medicinasinc.com\/pl\/product\/kup-fub-akb48-proszek\/","name":"Kup proszek Fub Akb48 - Fub Akb48 Online - Best Global Meds","isPartOf":{"@id":"https:\/\/medicinasinc.com\/pl\/#website"},"primaryImageOfPage":{"@id":"https:\/\/medicinasinc.com\/pl\/product\/kup-fub-akb48-proszek\/#primaryimage"},"image":{"@id":"https:\/\/medicinasinc.com\/pl\/product\/kup-fub-akb48-proszek\/#primaryimage"},"thumbnailUrl":"https:\/\/medicinasinc.com\/pl\/wp-content\/uploads\/sites\/13\/2022\/02\/Buy-Fub-Akb48-Powder.jpeg","datePublished":"2022-02-22T01:05:36+00:00","dateModified":"2022-03-22T00:53:41+00:00","description":"Kup proszek FUB-AKB48 na sprzeda\u017c Wysy\u0142ka do UE, p\u0142atno\u015b\u0107 Bitcoin. Tani dostawca proszku FUB-AKB48 z Wielkiej Brytanii - kup chemikalia badawcze w Europie. FUB-AKB48 Prochownia w Europie","breadcrumb":{"@id":"https:\/\/medicinasinc.com\/pl\/product\/kup-fub-akb48-proszek\/#breadcrumb"},"inLanguage":"en-US","potentialAction":[{"@type":"ReadAction","target":["https:\/\/medicinasinc.com\/pl\/product\/kup-fub-akb48-proszek\/"]}]},{"@type":"ImageObject","inLanguage":"en-US","@id":"https:\/\/medicinasinc.com\/pl\/product\/kup-fub-akb48-proszek\/#primaryimage","url":"https:\/\/medicinasinc.com\/pl\/wp-content\/uploads\/sites\/13\/2022\/02\/Buy-Fub-Akb48-Powder.jpeg","contentUrl":"https:\/\/medicinasinc.com\/pl\/wp-content\/uploads\/sites\/13\/2022\/02\/Buy-Fub-Akb48-Powder.jpeg","width":800,"height":438},{"@type":"BreadcrumbList","@id":"https:\/\/medicinasinc.com\/pl\/product\/kup-fub-akb48-proszek\/#breadcrumb","itemListElement":[{"@type":"ListItem","position":1,"name":"Sklep","item":"https:\/\/medicinasinc.com\/pl\/sklep\/"},{"@type":"ListItem","position":2,"name":"Kup proszek Fub Akb48"}]},{"@type":"WebSite","@id":"https:\/\/medicinasinc.com\/pl\/#website","url":"https:\/\/medicinasinc.com\/pl\/","name":"Medicinas Inc","description":"Health Medical Clinic","potentialAction":[{"@type":"SearchAction","target":{"@type":"EntryPoint","urlTemplate":"https:\/\/medicinasinc.com\/pl\/?s={search_term_string}"},"query-input":{"@type":"PropertyValueSpecification","valueRequired":true,"valueName":"search_term_string"}}],"inLanguage":"en-US"}]}},"_links":{"self":[{"href":"https:\/\/medicinasinc.com\/pl\/wp-json\/wp\/v2\/product\/5522","targetHints":{"allow":["GET"]}}],"collection":[{"href":"https:\/\/medicinasinc.com\/pl\/wp-json\/wp\/v2\/product"}],"about":[{"href":"https:\/\/medicinasinc.com\/pl\/wp-json\/wp\/v2\/types\/product"}],"replies":[{"embeddable":true,"href":"https:\/\/medicinasinc.com\/pl\/wp-json\/wp\/v2\/comments?post=5522"}],"wp:featuredmedia":[{"embeddable":true,"href":"https:\/\/medicinasinc.com\/pl\/wp-json\/wp\/v2\/media\/5533"}],"wp:attachment":[{"href":"https:\/\/medicinasinc.com\/pl\/wp-json\/wp\/v2\/media?parent=5522"}],"wp:term":[{"taxonomy":"product_brand","embeddable":true,"href":"https:\/\/medicinasinc.com\/pl\/wp-json\/wp\/v2\/product_brand?post=5522"},{"taxonomy":"product_cat","embeddable":true,"href":"https:\/\/medicinasinc.com\/pl\/wp-json\/wp\/v2\/product_cat?post=5522"},{"taxonomy":"product_tag","embeddable":true,"href":"https:\/\/medicinasinc.com\/pl\/wp-json\/wp\/v2\/product_tag?post=5522"}],"curies":[{"name":"wp","href":"https:\/\/api.w.org\/{rel}","templated":true}]}}