{"id":5521,"date":"2022-02-22T01:04:16","date_gmt":"2022-02-22T01:04:16","guid":{"rendered":"https:\/\/medicinasinc.com\/pl\/?post_type=product&#038;p=5521"},"modified":"2022-03-22T00:53:52","modified_gmt":"2022-03-22T00:53:52","slug":"kup-flubromazepam-4mg-granulki","status":"publish","type":"product","link":"https:\/\/medicinasinc.com\/pl\/product\/kup-flubromazepam-4mg-granulki\/","title":{"rendered":"Kup granulki Flubromazepamu 4 mg"},"content":{"rendered":"<p>PELLET FLUBROMAZEPAM 4MG W PRZYST\u0118PNEJ CENIE DOSTARCZONE DO UE<\/p>\n<p>Pleciki Flubromazepam 4mg mo\u017cna kupi\u0107 w Europie w tej lokalizacji.<\/p>\n<p>Mo\u017cesz u\u017cy\u0107 Bitcoina, aby zap\u0142aci\u0107 za granulki Flubromazepamu 4 mg. <\/p>\n<p>Pochodna benzodiazepiny Flubromazepam jest pierwszym tego rodzaju. 7-bromo-5-(2-fluorofenylo)-1,3-dihydro-1,4-benzodiazepin-2-on to pe\u0142na nazwa chemiczna. Ten lek jest strukturalnie podobny do bromazepamu, \u015brodka uspokajaj\u0105cego, przeciwl\u0119kowego i nasennego, znanego r\u00f3wnie\u017c jako benzodiazepina.<\/p>\n<p>Wygl\u0105d przypominaj\u0105cy pomara\u0144czow\u0105 grudk\u0119 wskazuje na obecno\u015b\u0107 7-bromo-5-(2 -fluorofenylo)-1,3-dihydro-1,4 benzodiazepin-2-on.<\/p>\n<p>Flubromazepam w granulkach 4 mg mo\u017cna kupi\u0107 online pod adresem Bitcoin.<\/p>\n<p>4 mg granulki Flubromazepamu dla Sprzeda\u017c<\/p>\n<p>&nbsp;<\/p>\n<p>Flubromazepam w granulkach 4 mg mo\u017cna kupi\u0107 przez Internet.<br \/> Do czego s\u0142u\u017cy Flubromazepam?<\/p>\n<p>Pochodna benzodiazepiny, flubromazepam ma istnieje od 1960 roku, kiedy po raz pierwszy zosta\u0142 wyprodukowany. Do 2012 roku, kiedy zacz\u0105\u0142 by\u0107 promowany jako materia\u0142 do bada\u0144, nigdy nie by\u0142 reklamowany jako lek, a wielu o nim zapomnia\u0142o a\u017c do 2012 roku. Formu\u0142a flubromazepamu jest praktycznie identyczna jak fenazepamu, kolejnej benzodiazepiny spopularyzowanej przez firmy farmaceutyczne w kilku krajach.<\/p>\n","protected":false},"excerpt":{"rendered":"<div class=\"woocommerce-product-details__short-description\">\n<p>Kup granulki Flubromazepamu 4mg na sprzeda\u017c UE, Wielka Brytania, Europa wysy\u0142ka, p\u0142atno\u015b\u0107 Bitcoin. Tani dostawca Flubromazepam 4mg Pellets &#8211; kupuj chemikalia badawcze w Europie.<\/p>\n<p><em>Kup Flubromazepam<\/em>\u00a0(<em>4mg<\/em>)\u00a0<em>Pelet<\/em>\u00a0w najlepszej cenie. Gwarantujemy bezpieczn\u0105 i bezpieczn\u0105 wysy\u0142k\u0119 na ca\u0142y \u015bwiat.<\/p>\n<p>Kup Flubromazepam 4mg Pellets online. Flubromazepam jest w sprzeda\u017cy w postaci granulek 4mg, w kolorze jasno\u017c\u00f3\u0142tym, o nieco innym odcieniu \u017c\u00f3\u0142tego ni\u017c obecna partia Pyrazolamu obecnie dost\u0119pna w USA.<\/p>\n<\/p><\/div>\n","protected":false},"featured_media":5531,"comment_status":"open","ping_status":"closed","template":"","meta":[],"product_brand":[],"product_cat":[2014],"product_tag":[2999,3004,3000,3001,3002,3005,3012,3006,3007,3010,2998,3009,3008,3003,3011],"class_list":{"0":"post-5521","1":"product","2":"type-product","3":"status-publish","4":"has-post-thumbnail","6":"product_cat-kup-badania-chemikalia","7":"product_tag-buy-flubromazepam-pellets","8":"product_tag-efekt-flubromazepamu","9":"product_tag-flubromazepam","10":"product_tag-flubromazepam-4-mg","11":"product_tag-flubromazepam-4mg","12":"product_tag-flubromazepam-europa-kup","13":"product_tag-gdzie-kupi-flubromazepam-granulki","14":"product_tag-flubromazepam-google","15":"product_tag-flubromazepam-granulki","16":"product_tag-jako-flubromazepam-4mg","17":"product_tag-kup-flubromazepam","18":"product_tag-order-flubromazepam","19":"product_tag-flubromazepam-reddit","20":"product_tag-flubromazepam-4mg-na-sprzeda","21":"product_tag-wysyka-flubromazepam-4mg-paleta","23":"first","24":"instock","25":"shipping-taxable","26":"purchasable","27":"product-type-variable","28":"has-default-attributes"},"yoast_head":"<!-- This site is optimized with the Yoast SEO plugin v27.3 - https:\/\/yoast.com\/product\/yoast-seo-wordpress\/ -->\n<title>Kup Flubromazepam 4mg Pellets - Najlepsze Najlepsze globalne leki<\/title>\n<meta name=\"description\" content=\"Kup Flubromazepam 4mg Pellets na sprzeda\u017c UE, UK, Europa wysy\u0142ka, p\u0142atno\u015b\u0107 Bitcoin. Tani dostawca Flubromazepam 4mg Pellets - kup chemikalia badawcze w Europie.\" \/>\n<meta name=\"robots\" content=\"index, follow, max-snippet:-1, max-image-preview:large, max-video-preview:-1\" \/>\n<link rel=\"canonical\" href=\"https:\/\/medicinasinc.com\/pl\/product\/kup-flubromazepam-4mg-granulki\/\" \/>\n<meta property=\"og:locale\" content=\"en_US\" \/>\n<meta property=\"og:type\" content=\"article\" \/>\n<meta property=\"og:title\" content=\"Kup Flubromazepam 4mg Pellets - Najlepsze Najlepsze globalne leki\" \/>\n<meta property=\"og:description\" content=\"Kup Flubromazepam 4mg Pellets na sprzeda\u017c UE, UK, Europa wysy\u0142ka, p\u0142atno\u015b\u0107 Bitcoin. Tani dostawca Flubromazepam 4mg Pellets - kup chemikalia badawcze w Europie.\" \/>\n<meta property=\"og:url\" content=\"https:\/\/medicinasinc.com\/pl\/product\/kup-flubromazepam-4mg-granulki\/\" \/>\n<meta property=\"og:site_name\" content=\"Medicinas Inc\" \/>\n<meta property=\"article:modified_time\" content=\"2022-03-22T00:53:52+00:00\" \/>\n<meta property=\"og:image\" content=\"https:\/\/medicinasinc.com\/pl\/wp-content\/uploads\/sites\/13\/2022\/02\/Buy-Flubromazepam-4mg-Pellets-1.jpg\" \/>\n\t<meta property=\"og:image:width\" content=\"350\" \/>\n\t<meta property=\"og:image:height\" content=\"350\" \/>\n\t<meta property=\"og:image:type\" content=\"image\/jpeg\" \/>\n<meta name=\"twitter:card\" content=\"summary_large_image\" \/>\n<meta name=\"twitter:label1\" content=\"Est. reading time\" \/>\n\t<meta name=\"twitter:data1\" content=\"1 minute\" \/>\n<script type=\"application\/ld+json\" class=\"yoast-schema-graph\">{\"@context\":\"https:\\\/\\\/schema.org\",\"@graph\":[{\"@type\":\"WebPage\",\"@id\":\"https:\\\/\\\/medicinasinc.com\\\/pl\\\/product\\\/kup-flubromazepam-4mg-granulki\\\/\",\"url\":\"https:\\\/\\\/medicinasinc.com\\\/pl\\\/product\\\/kup-flubromazepam-4mg-granulki\\\/\",\"name\":\"Kup Flubromazepam 4mg Pellets - Najlepsze Najlepsze globalne leki\",\"isPartOf\":{\"@id\":\"https:\\\/\\\/medicinasinc.com\\\/pl\\\/#website\"},\"primaryImageOfPage\":{\"@id\":\"https:\\\/\\\/medicinasinc.com\\\/pl\\\/product\\\/kup-flubromazepam-4mg-granulki\\\/#primaryimage\"},\"image\":{\"@id\":\"https:\\\/\\\/medicinasinc.com\\\/pl\\\/product\\\/kup-flubromazepam-4mg-granulki\\\/#primaryimage\"},\"thumbnailUrl\":\"https:\\\/\\\/medicinasinc.com\\\/pl\\\/wp-content\\\/uploads\\\/sites\\\/13\\\/2022\\\/02\\\/Buy-Flubromazepam-4mg-Pellets-1.jpg\",\"datePublished\":\"2022-02-22T01:04:16+00:00\",\"dateModified\":\"2022-03-22T00:53:52+00:00\",\"description\":\"Kup Flubromazepam 4mg Pellets na sprzeda\u017c UE, UK, Europa wysy\u0142ka, p\u0142atno\u015b\u0107 Bitcoin. Tani dostawca Flubromazepam 4mg Pellets - kup chemikalia badawcze w Europie.\",\"breadcrumb\":{\"@id\":\"https:\\\/\\\/medicinasinc.com\\\/pl\\\/product\\\/kup-flubromazepam-4mg-granulki\\\/#breadcrumb\"},\"inLanguage\":\"en-US\",\"potentialAction\":[{\"@type\":\"ReadAction\",\"target\":[\"https:\\\/\\\/medicinasinc.com\\\/pl\\\/product\\\/kup-flubromazepam-4mg-granulki\\\/\"]}]},{\"@type\":\"ImageObject\",\"inLanguage\":\"en-US\",\"@id\":\"https:\\\/\\\/medicinasinc.com\\\/pl\\\/product\\\/kup-flubromazepam-4mg-granulki\\\/#primaryimage\",\"url\":\"https:\\\/\\\/medicinasinc.com\\\/pl\\\/wp-content\\\/uploads\\\/sites\\\/13\\\/2022\\\/02\\\/Buy-Flubromazepam-4mg-Pellets-1.jpg\",\"contentUrl\":\"https:\\\/\\\/medicinasinc.com\\\/pl\\\/wp-content\\\/uploads\\\/sites\\\/13\\\/2022\\\/02\\\/Buy-Flubromazepam-4mg-Pellets-1.jpg\",\"width\":350,\"height\":350},{\"@type\":\"BreadcrumbList\",\"@id\":\"https:\\\/\\\/medicinasinc.com\\\/pl\\\/product\\\/kup-flubromazepam-4mg-granulki\\\/#breadcrumb\",\"itemListElement\":[{\"@type\":\"ListItem\",\"position\":1,\"name\":\"Sklep\",\"item\":\"https:\\\/\\\/medicinasinc.com\\\/pl\\\/sklep\\\/\"},{\"@type\":\"ListItem\",\"position\":2,\"name\":\"Kup granulki Flubromazepamu 4 mg\"}]},{\"@type\":\"WebSite\",\"@id\":\"https:\\\/\\\/medicinasinc.com\\\/pl\\\/#website\",\"url\":\"https:\\\/\\\/medicinasinc.com\\\/pl\\\/\",\"name\":\"Medicinas Inc\",\"description\":\"Health Medical Clinic\",\"potentialAction\":[{\"@type\":\"SearchAction\",\"target\":{\"@type\":\"EntryPoint\",\"urlTemplate\":\"https:\\\/\\\/medicinasinc.com\\\/pl\\\/?s={search_term_string}\"},\"query-input\":{\"@type\":\"PropertyValueSpecification\",\"valueRequired\":true,\"valueName\":\"search_term_string\"}}],\"inLanguage\":\"en-US\"}]}<\/script>\n<!-- \/ Yoast SEO plugin. -->","yoast_head_json":{"title":"Kup Flubromazepam 4mg Pellets - Najlepsze Najlepsze globalne leki","description":"Kup Flubromazepam 4mg Pellets na sprzeda\u017c UE, UK, Europa wysy\u0142ka, p\u0142atno\u015b\u0107 Bitcoin. Tani dostawca Flubromazepam 4mg Pellets - kup chemikalia badawcze w Europie.","robots":{"index":"index","follow":"follow","max-snippet":"max-snippet:-1","max-image-preview":"max-image-preview:large","max-video-preview":"max-video-preview:-1"},"canonical":"https:\/\/medicinasinc.com\/pl\/product\/kup-flubromazepam-4mg-granulki\/","og_locale":"en_US","og_type":"article","og_title":"Kup Flubromazepam 4mg Pellets - Najlepsze Najlepsze globalne leki","og_description":"Kup Flubromazepam 4mg Pellets na sprzeda\u017c UE, UK, Europa wysy\u0142ka, p\u0142atno\u015b\u0107 Bitcoin. Tani dostawca Flubromazepam 4mg Pellets - kup chemikalia badawcze w Europie.","og_url":"https:\/\/medicinasinc.com\/pl\/product\/kup-flubromazepam-4mg-granulki\/","og_site_name":"Medicinas Inc","article_modified_time":"2022-03-22T00:53:52+00:00","og_image":[{"width":350,"height":350,"url":"https:\/\/medicinasinc.com\/pl\/wp-content\/uploads\/sites\/13\/2022\/02\/Buy-Flubromazepam-4mg-Pellets-1.jpg","type":"image\/jpeg"}],"twitter_card":"summary_large_image","twitter_misc":{"Est. reading time":"1 minute"},"schema":{"@context":"https:\/\/schema.org","@graph":[{"@type":"WebPage","@id":"https:\/\/medicinasinc.com\/pl\/product\/kup-flubromazepam-4mg-granulki\/","url":"https:\/\/medicinasinc.com\/pl\/product\/kup-flubromazepam-4mg-granulki\/","name":"Kup Flubromazepam 4mg Pellets - Najlepsze Najlepsze globalne leki","isPartOf":{"@id":"https:\/\/medicinasinc.com\/pl\/#website"},"primaryImageOfPage":{"@id":"https:\/\/medicinasinc.com\/pl\/product\/kup-flubromazepam-4mg-granulki\/#primaryimage"},"image":{"@id":"https:\/\/medicinasinc.com\/pl\/product\/kup-flubromazepam-4mg-granulki\/#primaryimage"},"thumbnailUrl":"https:\/\/medicinasinc.com\/pl\/wp-content\/uploads\/sites\/13\/2022\/02\/Buy-Flubromazepam-4mg-Pellets-1.jpg","datePublished":"2022-02-22T01:04:16+00:00","dateModified":"2022-03-22T00:53:52+00:00","description":"Kup Flubromazepam 4mg Pellets na sprzeda\u017c UE, UK, Europa wysy\u0142ka, p\u0142atno\u015b\u0107 Bitcoin. Tani dostawca Flubromazepam 4mg Pellets - kup chemikalia badawcze w Europie.","breadcrumb":{"@id":"https:\/\/medicinasinc.com\/pl\/product\/kup-flubromazepam-4mg-granulki\/#breadcrumb"},"inLanguage":"en-US","potentialAction":[{"@type":"ReadAction","target":["https:\/\/medicinasinc.com\/pl\/product\/kup-flubromazepam-4mg-granulki\/"]}]},{"@type":"ImageObject","inLanguage":"en-US","@id":"https:\/\/medicinasinc.com\/pl\/product\/kup-flubromazepam-4mg-granulki\/#primaryimage","url":"https:\/\/medicinasinc.com\/pl\/wp-content\/uploads\/sites\/13\/2022\/02\/Buy-Flubromazepam-4mg-Pellets-1.jpg","contentUrl":"https:\/\/medicinasinc.com\/pl\/wp-content\/uploads\/sites\/13\/2022\/02\/Buy-Flubromazepam-4mg-Pellets-1.jpg","width":350,"height":350},{"@type":"BreadcrumbList","@id":"https:\/\/medicinasinc.com\/pl\/product\/kup-flubromazepam-4mg-granulki\/#breadcrumb","itemListElement":[{"@type":"ListItem","position":1,"name":"Sklep","item":"https:\/\/medicinasinc.com\/pl\/sklep\/"},{"@type":"ListItem","position":2,"name":"Kup granulki Flubromazepamu 4 mg"}]},{"@type":"WebSite","@id":"https:\/\/medicinasinc.com\/pl\/#website","url":"https:\/\/medicinasinc.com\/pl\/","name":"Medicinas Inc","description":"Health Medical Clinic","potentialAction":[{"@type":"SearchAction","target":{"@type":"EntryPoint","urlTemplate":"https:\/\/medicinasinc.com\/pl\/?s={search_term_string}"},"query-input":{"@type":"PropertyValueSpecification","valueRequired":true,"valueName":"search_term_string"}}],"inLanguage":"en-US"}]}},"_links":{"self":[{"href":"https:\/\/medicinasinc.com\/pl\/wp-json\/wp\/v2\/product\/5521","targetHints":{"allow":["GET"]}}],"collection":[{"href":"https:\/\/medicinasinc.com\/pl\/wp-json\/wp\/v2\/product"}],"about":[{"href":"https:\/\/medicinasinc.com\/pl\/wp-json\/wp\/v2\/types\/product"}],"replies":[{"embeddable":true,"href":"https:\/\/medicinasinc.com\/pl\/wp-json\/wp\/v2\/comments?post=5521"}],"wp:featuredmedia":[{"embeddable":true,"href":"https:\/\/medicinasinc.com\/pl\/wp-json\/wp\/v2\/media\/5531"}],"wp:attachment":[{"href":"https:\/\/medicinasinc.com\/pl\/wp-json\/wp\/v2\/media?parent=5521"}],"wp:term":[{"taxonomy":"product_brand","embeddable":true,"href":"https:\/\/medicinasinc.com\/pl\/wp-json\/wp\/v2\/product_brand?post=5521"},{"taxonomy":"product_cat","embeddable":true,"href":"https:\/\/medicinasinc.com\/pl\/wp-json\/wp\/v2\/product_cat?post=5521"},{"taxonomy":"product_tag","embeddable":true,"href":"https:\/\/medicinasinc.com\/pl\/wp-json\/wp\/v2\/product_tag?post=5521"}],"curies":[{"name":"wp","href":"https:\/\/api.w.org\/{rel}","templated":true}]}}