{"id":5520,"date":"2022-02-22T01:02:44","date_gmt":"2022-02-22T01:02:44","guid":{"rendered":"https:\/\/medicinasinc.com\/pl\/?post_type=product&#038;p=5520"},"modified":"2022-03-22T00:54:00","modified_gmt":"2022-03-22T00:54:00","slug":"kup-fentanyl-tabletki","status":"publish","type":"product","link":"https:\/\/medicinasinc.com\/pl\/product\/kup-fentanyl-tabletki\/","title":{"rendered":"Kup tabletki Fentanylu"},"content":{"rendered":"<p>Fentanyl Pills, znany r\u00f3wnie\u017c jako fentanyl, to bardzo silny syntetyczny opioidowy lek przeciwb\u00f3lowy o kr\u00f3tkim czasie dzia\u0142ania i szybkim pocz\u0105tku. Receptory opioidowe s\u0105 silnie pobudzane przez ten lek. M\u00f3wi si\u0119, \u017ce si\u0142a dzia\u0142ania fentanylu jest 50-100 razy wi\u0119ksza ni\u017c morfiny.<\/p>\n<p>Stworzone w 1960 roku tabletki Fentanyl Paula Janssena odnios\u0142y natychmiastowy sukces, id\u0105c w \u015blady petydyny Demerolu. Fentanyl powsta\u0142 w wyniku testowania analog\u00f3w substancji czynnej opioid\u00f3w, petydyny, kt\u00f3ra jest strukturalnie powi\u0105zana z fentanylem.<\/p>\n<p>Cytrynian fentanylu (cytrynian fentanylu, kt\u00f3ry jest sol\u0105 powsta\u0142\u0105 w wyniku zmieszania fentanylu i kwasu cytrynowego w stosunku 1:1 ratio) trafi\u0142 na rynek medyczny we wczesnych latach 60-tych pod nazw\u0105 handlow\u0105 Sublimaze ze wzgl\u0119du na jej szerokie zastosowanie. Sufentanyl, alfentanyl, remifentanyl i lofentanyl to tylko kilka z wielu analog\u00f3w fentanylu, kt\u00f3re od tego czasu zosta\u0142y stworzone i wprowadzone do u\u017cytku klinicznego.<\/p>\n<p>Pigu\u0142ki zawieraj\u0105ce fentanyl Paliatywne stosowanie fentanylu rozpocz\u0119\u0142o si\u0119 w po\u0142owie lat 90. opracowanie plastra z fentanylem, po kt\u00f3rym szybko pojawi\u0142y si\u0119 pastylki do ssania z fentanylem, tabletki rozpuszczaj\u0105ce i spray podj\u0119zykowy, kt\u00f3re s\u0105 wch\u0142aniane przez powierzchni\u0119 ust. Fentanyl by\u0142 najcz\u0119\u015bciej przepisywanym syntetycznym opioidem w Stanach Zjednoczonych w 2012 roku. Na ca\u0142ym \u015bwiecie oszacowano, \u017ce w 2013 roku zu\u017cyto 1700 kg plastiku.<\/p>\n<p>Rekreacyjne stosowanie fentanylu spowodowa\u0142o tysi\u0105ce zgon\u00f3w z powodu przedawkowania na rok. Niew\u0142a\u015bciwe zastosowanie medyczne r\u00f3wnie\u017c doprowadzi\u0142o do zgon\u00f3w. Ze wzgl\u0119du na wysoki indeks terapeutyczny (270), fentanyl jest bardzo bezpiecznym chirurgicznym \u015brodkiem znieczulaj\u0105cym, gdy jest podawany pod \u015bcis\u0142ym nadzorem; ale ze wzgl\u0119du na jego ogromn\u0105 moc wymagane s\u0105 precyzyjne pomiary skrajnie rozcie\u0144czonego roztworu.<\/p>\n<p>skuteczna i \u015bmiertelna dawka fentanylu w proszku by\u0142aby trudna lub niemo\u017cliwa do odr\u00f3\u017cnienia go\u0142ym okiem, gdyby zosta\u0142y umieszczone obok wzajemnie; dlatego niepraktyczne jest dok\u0142adne okre\u015blenie ilo\u015bciowe dawki czystego fentanylu w proszku bez nowoczesnego sprz\u0119tu naukowego.<\/p>\n<p>Zam\u00f3w tabletki, proszek, plastry i p\u0142yn z fentanylem ju\u017c teraz!<\/p>\n<div class=\"produkt -next-previous\">\n<div class=\"product-prev\"><\/div><\/div>\n","protected":false},"excerpt":{"rendered":"<p>Nasza firma internetowa sprzedaje tabletki z fentanylem na sprzeda\u017c w Wielkiej Brytanii, UE i Europie z szybk\u0105 wysy\u0142k\u0105 na ca\u0142y \u015bwiat! Tutaj znajdziesz najlepszy fentanyl do zakupu online!<\/p>\n<p>Kup pigu\u0142ki z fentanylem przez Internet w Wielkiej Brytanii, Europie i na ca\u0142ym \u015bwiecie ju\u017c dzi\u015b z szybk\u0105 dostaw\u0105 mi\u0119dzynarodow\u0105 z naszej apteki internetowej! Tutaj znajdziesz najlepszy fentanyl do zakupu online! Zapytaj, gdzie kupi\u0107 tabletki z fentanylem.<\/p>\n<p>Pigu\u0142ki zawieraj\u0105ce fentanyl Plaster z fentanylem zosta\u0142 po raz pierwszy zaoferowany do u\u017cytku paliatywnego w po\u0142owie lat 90., a lizak z fentanylem, tabletki rozpuszczaj\u0105ce i spray podj\u0119zykowy zosta\u0142y wydane w nast\u0119pnym dekad\u0119 poprzez wch\u0142anianie przez sk\u00f3r\u0119 w jamie ustnej.<\/p>\n","protected":false},"featured_media":5529,"comment_status":"open","ping_status":"closed","template":"","meta":[],"product_brand":[],"product_cat":[2014],"product_tag":[2984,2973,2976,2977,2843,2987,2989,2995,2982,2980,2981,2850,2997,2988,2979,2975,2993,2841,2974,2978,2996,2985,2994,2983,2986,2990,2991,2992],"class_list":{"0":"post-5520","1":"product","2":"type-product","3":"status-publish","4":"has-post-thumbnail","6":"product_cat-kup-badania-chemikalia","7":"product_tag-fentanyl-plaster-on-line-apteka","8":"product_tag-buy-fentanyl-citrate-online","9":"product_tag-buy-fentanyl-online-uk","10":"product_tag-buy-fentanyl-powder","11":"product_tag-buy-fentanyl-powder-online","12":"product_tag-fentanyl-proszek-cena","13":"product_tag-opiaty-badania-chemikaliw-na-sprzeda","14":"product_tag-czysty-fentanyl","15":"product_tag-fentanyl-for-sale-online","16":"product_tag-fentanyl-kup-on-line","17":"product_tag-fentanyl-na-sprzeda","18":"product_tag-fentanyl-proszek-na-sprzeda","19":"product_tag-gdzie-kupi-fentanyl-liquid-online","20":"product_tag-jak-kupi-fentanyl-liquid-online","21":"product_tag-karfentanyl-na-sprzeda","22":"product_tag-kup-fentanyl-bez-recepty","23":"product_tag-kup-fentanyl-pyn-online","24":"product_tag-kup-fentanyl-online","25":"product_tag-kup-fentanyl-ciecz-online","26":"product_tag-kupowanie-fentanyl-online","27":"product_tag-najlepsze-miejsce-do-kupowania-fentanylu-pynu-online","28":"product_tag-fentanyl-plastry-na-sprzeda","29":"product_tag-purchase-fentanyl-online","30":"product_tag-fentanyl-pyn-na-sprzeda","31":"product_tag-fentanyl-tabletki-na-sprzeda","32":"product_tag-zamw-fentanyl-ciecz-online","33":"product_tag-zamw-fentanyl-online","34":"product_tag-zamw-fentanyl-5atki-online","36":"first","37":"instock","38":"shipping-taxable","39":"purchasable","40":"product-type-variable","41":"has-default-attributes"},"yoast_head":"<!-- This site is optimized with the Yoast SEO plugin v27.3 - https:\/\/yoast.com\/product\/yoast-seo-wordpress\/ -->\n<title>Kup tabletki Fentanylu - Tabletki Fentanylu - Najlepsze globalne leki<\/title>\n<meta name=\"description\" content=\"Kup tabletki Fentanylu na sprzeda\u017c Wielka Brytania, UE Europa w naszym sklepie internetowym z szybk\u0105 dostaw\u0105 na ca\u0142y \u015bwiat! Najlepszy fentanyl do zam\u00f3wienia znajdziesz tutaj!\" \/>\n<meta name=\"robots\" content=\"index, follow, max-snippet:-1, max-image-preview:large, max-video-preview:-1\" \/>\n<link rel=\"canonical\" href=\"https:\/\/medicinasinc.com\/pl\/product\/kup-fentanyl-tabletki\/\" \/>\n<meta property=\"og:locale\" content=\"en_US\" \/>\n<meta property=\"og:type\" content=\"article\" \/>\n<meta property=\"og:title\" content=\"Kup tabletki Fentanylu - Tabletki Fentanylu - Najlepsze globalne leki\" \/>\n<meta property=\"og:description\" content=\"Kup tabletki Fentanylu na sprzeda\u017c Wielka Brytania, UE Europa w naszym sklepie internetowym z szybk\u0105 dostaw\u0105 na ca\u0142y \u015bwiat! Najlepszy fentanyl do zam\u00f3wienia znajdziesz tutaj!\" \/>\n<meta property=\"og:url\" content=\"https:\/\/medicinasinc.com\/pl\/product\/kup-fentanyl-tabletki\/\" \/>\n<meta property=\"og:site_name\" content=\"Medicinas Inc\" \/>\n<meta property=\"article:modified_time\" content=\"2022-03-22T00:54:00+00:00\" \/>\n<meta property=\"og:image\" content=\"https:\/\/medicinasinc.com\/pl\/wp-content\/uploads\/sites\/13\/2022\/02\/Buy-Fentanyl-Tablets.jpg\" \/>\n\t<meta property=\"og:image:width\" content=\"600\" \/>\n\t<meta property=\"og:image:height\" content=\"600\" \/>\n\t<meta property=\"og:image:type\" content=\"image\/jpeg\" \/>\n<meta name=\"twitter:card\" content=\"summary_large_image\" \/>\n<meta name=\"twitter:label1\" content=\"Est. reading time\" \/>\n\t<meta name=\"twitter:data1\" content=\"2 minutes\" \/>\n<script type=\"application\/ld+json\" class=\"yoast-schema-graph\">{\"@context\":\"https:\\\/\\\/schema.org\",\"@graph\":[{\"@type\":\"WebPage\",\"@id\":\"https:\\\/\\\/medicinasinc.com\\\/pl\\\/product\\\/kup-fentanyl-tabletki\\\/\",\"url\":\"https:\\\/\\\/medicinasinc.com\\\/pl\\\/product\\\/kup-fentanyl-tabletki\\\/\",\"name\":\"Kup tabletki Fentanylu - Tabletki Fentanylu - Najlepsze globalne leki\",\"isPartOf\":{\"@id\":\"https:\\\/\\\/medicinasinc.com\\\/pl\\\/#website\"},\"primaryImageOfPage\":{\"@id\":\"https:\\\/\\\/medicinasinc.com\\\/pl\\\/product\\\/kup-fentanyl-tabletki\\\/#primaryimage\"},\"image\":{\"@id\":\"https:\\\/\\\/medicinasinc.com\\\/pl\\\/product\\\/kup-fentanyl-tabletki\\\/#primaryimage\"},\"thumbnailUrl\":\"https:\\\/\\\/medicinasinc.com\\\/pl\\\/wp-content\\\/uploads\\\/sites\\\/13\\\/2022\\\/02\\\/Buy-Fentanyl-Tablets.jpg\",\"datePublished\":\"2022-02-22T01:02:44+00:00\",\"dateModified\":\"2022-03-22T00:54:00+00:00\",\"description\":\"Kup tabletki Fentanylu na sprzeda\u017c Wielka Brytania, UE Europa w naszym sklepie internetowym z szybk\u0105 dostaw\u0105 na ca\u0142y \u015bwiat! Najlepszy fentanyl do zam\u00f3wienia znajdziesz tutaj!\",\"breadcrumb\":{\"@id\":\"https:\\\/\\\/medicinasinc.com\\\/pl\\\/product\\\/kup-fentanyl-tabletki\\\/#breadcrumb\"},\"inLanguage\":\"en-US\",\"potentialAction\":[{\"@type\":\"ReadAction\",\"target\":[\"https:\\\/\\\/medicinasinc.com\\\/pl\\\/product\\\/kup-fentanyl-tabletki\\\/\"]}]},{\"@type\":\"ImageObject\",\"inLanguage\":\"en-US\",\"@id\":\"https:\\\/\\\/medicinasinc.com\\\/pl\\\/product\\\/kup-fentanyl-tabletki\\\/#primaryimage\",\"url\":\"https:\\\/\\\/medicinasinc.com\\\/pl\\\/wp-content\\\/uploads\\\/sites\\\/13\\\/2022\\\/02\\\/Buy-Fentanyl-Tablets.jpg\",\"contentUrl\":\"https:\\\/\\\/medicinasinc.com\\\/pl\\\/wp-content\\\/uploads\\\/sites\\\/13\\\/2022\\\/02\\\/Buy-Fentanyl-Tablets.jpg\",\"width\":600,\"height\":600},{\"@type\":\"BreadcrumbList\",\"@id\":\"https:\\\/\\\/medicinasinc.com\\\/pl\\\/product\\\/kup-fentanyl-tabletki\\\/#breadcrumb\",\"itemListElement\":[{\"@type\":\"ListItem\",\"position\":1,\"name\":\"Sklep\",\"item\":\"https:\\\/\\\/medicinasinc.com\\\/pl\\\/sklep\\\/\"},{\"@type\":\"ListItem\",\"position\":2,\"name\":\"Kup tabletki Fentanylu\"}]},{\"@type\":\"WebSite\",\"@id\":\"https:\\\/\\\/medicinasinc.com\\\/pl\\\/#website\",\"url\":\"https:\\\/\\\/medicinasinc.com\\\/pl\\\/\",\"name\":\"Medicinas Inc\",\"description\":\"Health Medical Clinic\",\"potentialAction\":[{\"@type\":\"SearchAction\",\"target\":{\"@type\":\"EntryPoint\",\"urlTemplate\":\"https:\\\/\\\/medicinasinc.com\\\/pl\\\/?s={search_term_string}\"},\"query-input\":{\"@type\":\"PropertyValueSpecification\",\"valueRequired\":true,\"valueName\":\"search_term_string\"}}],\"inLanguage\":\"en-US\"}]}<\/script>\n<!-- \/ Yoast SEO plugin. -->","yoast_head_json":{"title":"Kup tabletki Fentanylu - Tabletki Fentanylu - Najlepsze globalne leki","description":"Kup tabletki Fentanylu na sprzeda\u017c Wielka Brytania, UE Europa w naszym sklepie internetowym z szybk\u0105 dostaw\u0105 na ca\u0142y \u015bwiat! Najlepszy fentanyl do zam\u00f3wienia znajdziesz tutaj!","robots":{"index":"index","follow":"follow","max-snippet":"max-snippet:-1","max-image-preview":"max-image-preview:large","max-video-preview":"max-video-preview:-1"},"canonical":"https:\/\/medicinasinc.com\/pl\/product\/kup-fentanyl-tabletki\/","og_locale":"en_US","og_type":"article","og_title":"Kup tabletki Fentanylu - Tabletki Fentanylu - Najlepsze globalne leki","og_description":"Kup tabletki Fentanylu na sprzeda\u017c Wielka Brytania, UE Europa w naszym sklepie internetowym z szybk\u0105 dostaw\u0105 na ca\u0142y \u015bwiat! Najlepszy fentanyl do zam\u00f3wienia znajdziesz tutaj!","og_url":"https:\/\/medicinasinc.com\/pl\/product\/kup-fentanyl-tabletki\/","og_site_name":"Medicinas Inc","article_modified_time":"2022-03-22T00:54:00+00:00","og_image":[{"width":600,"height":600,"url":"https:\/\/medicinasinc.com\/pl\/wp-content\/uploads\/sites\/13\/2022\/02\/Buy-Fentanyl-Tablets.jpg","type":"image\/jpeg"}],"twitter_card":"summary_large_image","twitter_misc":{"Est. reading time":"2 minutes"},"schema":{"@context":"https:\/\/schema.org","@graph":[{"@type":"WebPage","@id":"https:\/\/medicinasinc.com\/pl\/product\/kup-fentanyl-tabletki\/","url":"https:\/\/medicinasinc.com\/pl\/product\/kup-fentanyl-tabletki\/","name":"Kup tabletki Fentanylu - Tabletki Fentanylu - Najlepsze globalne leki","isPartOf":{"@id":"https:\/\/medicinasinc.com\/pl\/#website"},"primaryImageOfPage":{"@id":"https:\/\/medicinasinc.com\/pl\/product\/kup-fentanyl-tabletki\/#primaryimage"},"image":{"@id":"https:\/\/medicinasinc.com\/pl\/product\/kup-fentanyl-tabletki\/#primaryimage"},"thumbnailUrl":"https:\/\/medicinasinc.com\/pl\/wp-content\/uploads\/sites\/13\/2022\/02\/Buy-Fentanyl-Tablets.jpg","datePublished":"2022-02-22T01:02:44+00:00","dateModified":"2022-03-22T00:54:00+00:00","description":"Kup tabletki Fentanylu na sprzeda\u017c Wielka Brytania, UE Europa w naszym sklepie internetowym z szybk\u0105 dostaw\u0105 na ca\u0142y \u015bwiat! Najlepszy fentanyl do zam\u00f3wienia znajdziesz tutaj!","breadcrumb":{"@id":"https:\/\/medicinasinc.com\/pl\/product\/kup-fentanyl-tabletki\/#breadcrumb"},"inLanguage":"en-US","potentialAction":[{"@type":"ReadAction","target":["https:\/\/medicinasinc.com\/pl\/product\/kup-fentanyl-tabletki\/"]}]},{"@type":"ImageObject","inLanguage":"en-US","@id":"https:\/\/medicinasinc.com\/pl\/product\/kup-fentanyl-tabletki\/#primaryimage","url":"https:\/\/medicinasinc.com\/pl\/wp-content\/uploads\/sites\/13\/2022\/02\/Buy-Fentanyl-Tablets.jpg","contentUrl":"https:\/\/medicinasinc.com\/pl\/wp-content\/uploads\/sites\/13\/2022\/02\/Buy-Fentanyl-Tablets.jpg","width":600,"height":600},{"@type":"BreadcrumbList","@id":"https:\/\/medicinasinc.com\/pl\/product\/kup-fentanyl-tabletki\/#breadcrumb","itemListElement":[{"@type":"ListItem","position":1,"name":"Sklep","item":"https:\/\/medicinasinc.com\/pl\/sklep\/"},{"@type":"ListItem","position":2,"name":"Kup tabletki Fentanylu"}]},{"@type":"WebSite","@id":"https:\/\/medicinasinc.com\/pl\/#website","url":"https:\/\/medicinasinc.com\/pl\/","name":"Medicinas Inc","description":"Health Medical Clinic","potentialAction":[{"@type":"SearchAction","target":{"@type":"EntryPoint","urlTemplate":"https:\/\/medicinasinc.com\/pl\/?s={search_term_string}"},"query-input":{"@type":"PropertyValueSpecification","valueRequired":true,"valueName":"search_term_string"}}],"inLanguage":"en-US"}]}},"_links":{"self":[{"href":"https:\/\/medicinasinc.com\/pl\/wp-json\/wp\/v2\/product\/5520","targetHints":{"allow":["GET"]}}],"collection":[{"href":"https:\/\/medicinasinc.com\/pl\/wp-json\/wp\/v2\/product"}],"about":[{"href":"https:\/\/medicinasinc.com\/pl\/wp-json\/wp\/v2\/types\/product"}],"replies":[{"embeddable":true,"href":"https:\/\/medicinasinc.com\/pl\/wp-json\/wp\/v2\/comments?post=5520"}],"wp:featuredmedia":[{"embeddable":true,"href":"https:\/\/medicinasinc.com\/pl\/wp-json\/wp\/v2\/media\/5529"}],"wp:attachment":[{"href":"https:\/\/medicinasinc.com\/pl\/wp-json\/wp\/v2\/media?parent=5520"}],"wp:term":[{"taxonomy":"product_brand","embeddable":true,"href":"https:\/\/medicinasinc.com\/pl\/wp-json\/wp\/v2\/product_brand?post=5520"},{"taxonomy":"product_cat","embeddable":true,"href":"https:\/\/medicinasinc.com\/pl\/wp-json\/wp\/v2\/product_cat?post=5520"},{"taxonomy":"product_tag","embeddable":true,"href":"https:\/\/medicinasinc.com\/pl\/wp-json\/wp\/v2\/product_tag?post=5520"}],"curies":[{"name":"wp","href":"https:\/\/api.w.org\/{rel}","templated":true}]}}