{"id":5497,"date":"2022-02-22T00:36:43","date_gmt":"2022-02-22T00:36:43","guid":{"rendered":"https:\/\/medicinasinc.com\/pl\/?post_type=product&#038;p=5497"},"modified":"2022-03-22T00:54:10","modified_gmt":"2022-03-22T00:54:10","slug":"kup-etizolam-proszek","status":"publish","type":"product","link":"https:\/\/medicinasinc.com\/pl\/product\/kup-etizolam-proszek\/","title":{"rendered":"Kup proszek etizolamu"},"content":{"rendered":"<p>Chemia etizolamu<\/p>\n<p>Nazwa chemiczna etizolamu to \u201e4-(2-chlorofenylo)-2-etylo-9-metylo-6H-tieno[3,2-f][1,2,4] triazolo[4,3-a][1,4]diazepina.&#8221; Mas\u0119 cz\u0105steczkow\u0105 tego leku okre\u015blono na 342,07 g\/mol, a jego czysto\u015b\u0107 oszacowano na 99,5% lub wi\u0119cej w najdrobniejszych formach. Wykazano, \u017ce cz\u0105steczka tego leku jest stabilna przez co najmniej dwa lub trzy lata w temperaturze pokojowej lub mi\u0119dzy 20oC a 25oC, kt\u00f3ra jest zalecan\u0105 temperatur\u0105 przechowywania. Pomimo swojego statusu chemicznej substancji badawczej, lekarze przepisali Etizolam do leczenia pacjent\u00f3w z l\u0119kiem.<\/p>\n<p>Pochodzenie i rozw\u00f3j Etizolamu<\/p>\n<p>Szar\u0105 substancj\u0119 badawcz\u0105, etizolam, zadebiutowa\u0142 w 2011 roku jako ponad- \u015brodek uspokajaj\u0105cy przeciw. Ze wzgl\u0119du na nisk\u0105 cen\u0119, du\u017cy wyb\u00f3r produkt\u00f3w i liczne zastosowania, sta\u0142 si\u0119 p\u00f3\u017aniej popularnym wyborem dla wielu os\u00f3b. Nie wiadomo, sk\u0105d wzi\u0119\u0142a si\u0119 ta formu\u0142a, ale powi\u0105zano j\u0105 z badaniami z lat 90.<\/p>\n<p>Aby leczy\u0107 to, co Ci dolega, mo\u017cna przepisa\u0107 Etizolam.<\/p>\n<p>Lek przeciwdepresyjny , zwiotczenie mi\u0119\u015bni i dzia\u0142anie przeciwl\u0119kowe wyst\u0119puj\u0105, gdy etizolam jest podawany i zosta\u0142 przepisany do u\u017cytku medycznego w takich przypadkach. Chocia\u017c efekt ten nie wyst\u0119puje u wszystkich u\u017cytkownik\u00f3w, lek mo\u017ce zwi\u0119ksza\u0107 g\u0142\u00f3d. \u0141agodzenie stresu i reorganizacja pami\u0119ci to dwa kolejne dobrze udokumentowane zastosowania tego leku. Z powod\u00f3w rekreacyjnych, wiadomo, \u017ce narkotyk powoduje mi\u0119dzy innymi skutki, takie jak rozd\u0119cie ego, represje emocjonalne i zwi\u0119kszone poczucie trze\u017awo\u015bci. Ludzie u\u017cywali go r\u00f3wnie\u017c do cel\u00f3w rekreacyjnych.<\/p>\n<p>Co etizolam wp\u0142ywa na twoje cia\u0142o<\/p>\n<p>Szeroka gama ludzi, od naukowc\u00f3w po og\u00f3\u0142 spo\u0142ecze\u0144stwa, stosowa\u0142a ten lek. Kiedy jest stosowany, lek ma r\u00f3\u017cnorodny wp\u0142yw na cia\u0142o, umys\u0142 i postrzeganie samego siebie. Lek sprawia, \u017ce \u200b\u200bczujesz si\u0119 s\u0142aby i nie mo\u017cesz regulowa\u0107 swojego cia\u0142a. Nast\u0119puje wzrost zdolno\u015bci osoby do swobodnego oddychania, a tak\u017ce fizycznej b\u0142ogo\u015bci. Senno\u015b\u0107 i brak snu mog\u0105 r\u00f3wnie\u017c wyst\u0105pi\u0107 jako efekt uboczny leku. Ponadto substancja ma wp\u0142yw na funkcje poznawcze, poniewa\u017c wp\u0142ywa na zdolno\u015b\u0107 organizmu do wykonywania regularnych operacji poprzez zak\u0142\u00f3canie funkcjonowania nerwu ruchowego. Mo\u017ce to mie\u0107 wp\u0142yw na region hipokampa m\u00f3zgu, co mo\u017ce prowadzi\u0107 do utraty pami\u0119ci kr\u00f3tkotrwa\u0142ej.<\/p>\n<p>Lek zmniejsza r\u00f3wnie\u017c motywacj\u0119 i poziom energii, a tak\u017ce ma wp\u0142yw na zdolno\u015b\u0107 rozumienia my\u015bli przez m\u00f3zg. .<\/p>\n<p>Toksyczno\u015b\u0107 mo\u017ce by\u0107 r\u00f3wnie\u017c spowodowana obecno\u015bci\u0105 zanieczyszcze\u0144 w leku.<\/p>\n<p>Etizolam: zalecane dawkowanie i dzia\u0142ania niepo\u017c\u0105dane w praktyce klinicznej<\/p>\n<p>Od 0,2 mg do 5mg, opcje dawkowania leku s\u0105 szerokie. Lekkie dawki leku wynosz\u0105 od 0,2 mg do 1 mg, podczas gdy najcz\u0119\u015bciej przepisywana ilo\u015b\u0107 wynosi od 1-2 mg. Wysoka dawka to taka, kt\u00f3ra przekracza lub jest r\u00f3wna 5 miligramom.<\/p>\n<p>W rezultacie wiele os\u00f3b przyjmuje wy\u017csz\u0105 dawk\u0119, aby do\u015bwiadczy\u0107 ca\u0142ego spektrum korzystnych efekt\u00f3w, dla kt\u00f3rych lek zosta\u0142 wymieniony . Wy\u017csza dawka mo\u017ce mie\u0107 szerszy zakres skutk\u00f3w, ale ma r\u00f3wnie\u017c bardziej niebezpieczne skutki uboczne, takie jak powa\u017cne obra\u017cenia lub \u015bmier\u0107 w najbardziej ekstremalnych okoliczno\u015bciach.<\/p>\n<p>Za\u017cywanie etizolamu jest legalne<\/p>\n<p>Pomimo klasyfikacji jako substancja kontrolowana i sklasyfikowana jako substancja I, wytwarzanie, dostarczanie i posiadanie leku nie jest zabronione w wi\u0119kszo\u015bci kraj\u00f3w.<\/p>\n<p>Czy wiesz, sk\u0105d wzi\u0105\u0107 proszek etizolamu?<\/p>\n<p>Dla laboratori\u00f3w, aptek, instytucji badawczych i ludzi nasz internetowy sklep z lekami zapewnia wysokiej jako\u015bci FUB \u2013 AKB48 w uczciwej cenie.<\/p>\n","protected":false},"excerpt":{"rendered":"<div class=\"woocommerce-product-details__short-description\">\n<p>Kup proszek etizolamu na sprzeda\u017c w Wielkiej Brytanii, UE i Europie w najni\u017cszej cenie. Proszek etizolamu jest stosowany jako lek w leczeniu l\u0119ku, bezsenno\u015bci i atak\u00f3w paniki.<\/p>\n<p>Proszek etizolamu mo\u017cna kupi\u0107 online. Gdzie kupi\u0107 proszek Etizolam online?<\/p>\n<p>Etizolam w proszku najwy\u017cszej jako\u015bci jest dost\u0119pny w BestGlobalMeds.com, najbardziej niezawodnej aptece internetowej.<\/p>\n<p>Opr\u00f3cz Etizolamu, inne marki dla niego obejmuj\u0105 Etilaam i Etizest. Etizolam to syntetyczny designerski analog tienodiazepiny, kt\u00f3ry ma w\u0142a\u015bciwo\u015bci depresyjne por\u00f3wnywalne z benzodiazepinami pod wzgl\u0119dem zmniejszania l\u0119ku, stresu i promowania rozlu\u017anienia mi\u0119\u015bni. Opr\u00f3cz tabletek, proszku i roztworu jest popularn\u0105 substancj\u0105 chemiczn\u0105 do bada\u0144.<\/p>\n<\/p><\/div>\n","protected":false},"featured_media":5509,"comment_status":"open","ping_status":"closed","template":"","meta":[],"product_brand":[],"product_cat":[2014],"product_tag":[2898,2899,2900,2905,2906,2907,2908,2913,2937,2938,2959,2958,2972,2961,2917,2964,2915,2916,2918,2920,2925,2926,2927,2928,2933,2934,2935,2936,2941,2942,2947,2948,2949,2950,2954,2955,2919,2923,2930,2929,2922,2946,2939,2945,2956,2969,2970,2971,2957,2965,2966,2967,2968,2963,2901,2902,2912,2911,2910,2914,2903,2904,2909,2924,2944,2921,2932,2960,2953,2940,2962,2943,2931,2951,2952],"class_list":{"0":"post-5497","1":"product","2":"type-product","3":"status-publish","4":"has-post-thumbnail","6":"product_cat-kup-badania-chemikalia","7":"product_tag-etizolam-proszek-1g","8":"product_tag-buy-aniracetam-powder","9":"product_tag-buy-etizolam-japan","10":"product_tag-buy-etizolam-powder-online","11":"product_tag-buy-etizolam-powder-uk","12":"product_tag-buy-etizolam-powder-usa","13":"product_tag-buy-etizolam-powder-usa-with-credit-card","14":"product_tag-buy-etizolam-with-paypal","15":"product_tag-etizolam-proszek-cena","16":"product_tag-etizolam-proszek-ceny","17":"product_tag-czy-etizolam-bezpieczny","18":"product_tag-czy-etizolam-uzalenia-i-dlaczego-etizolam-naduywa","19":"product_tag-will-etizolam-proszek-rozpuszczalny-w-oliwie-z-oliwek","20":"product_tag-czysty-etizolam-proszek","21":"product_tag-etizolam-dawkowanie","22":"product_tag-co-co-ludzie-zazwyczaj-uywaj-etizolam-dla","23":"product_tag-etizolam-1","24":"product_tag-etizolam-30ml","25":"product_tag-etizolam-na-sprzeda-us","26":"product_tag-etizolam-powder-australia","27":"product_tag-etizolam-powder-credit-card","28":"product_tag-etizolam-powder-dosage","29":"product_tag-etizolam-powder-dose","30":"product_tag-etizolam-powder-dosing","31":"product_tag-etizolam-powder-for-sale-reviews","32":"product_tag-etizolam-powder-high","33":"product_tag-etizolam-powder-measurement","34":"product_tag-etizolam-powder-online","35":"product_tag-etizolam-powder-site","36":"product_tag-etizolam-powder-solubility","37":"product_tag-etizolam-powder-usa","38":"product_tag-etizolam-powder-usa-supplier","39":"product_tag-etizolam-powder-usa-vendor","40":"product_tag-etizolam-powder-uses","41":"product_tag-etizolam-solution-buy","42":"product_tag-etizolam-tablets","43":"product_tag-etizolam-pyn","44":"product_tag-etizolam-proszek-china","45":"product_tag-etizolam-proszek-europa","46":"product_tag-etizolam-proszek-eu","47":"product_tag-etizolam-proszek-kanada","48":"product_tag-etizolam-proszek-nas","49":"product_tag-etizolam-proszek-reddit","50":"product_tag-etizolam-proszek-uk","51":"product_tag-etizolam-xanax-proszek","52":"product_tag-gdzie-kupi-etizolam","53":"product_tag-gdzie-kupi-etizolam-online","54":"product_tag-gdzie-kupi-etizolam-proszek","55":"product_tag-how-to-ingest-etizolam-powder","56":"product_tag-co-etizolam-proszek-podobny-smak","57":"product_tag-co-jest-etizolam-jak","58":"product_tag-jaki-jest-etizolam-wysoki","59":"product_tag-jakie-jest-znaczenie-etizolamu-pynu","60":"product_tag-jakie-s-rozpuszczalniki-uywane-do-konwersji-etizolamu","61":"product_tag-kup-etizolam-online-stany-stanowe","62":"product_tag-kup-etizolam-online-usa","63":"product_tag-kup-etizolam-usa-dostawa-na-noc","64":"product_tag-kup-etizolam-usa-krajowy","65":"product_tag-kup-etizolam-moc","66":"product_tag-kup-ciecz-etizolam-usa","67":"product_tag-kup-etizolam-proszek","68":"product_tag-kup-etizolam-proszek-na-gram-usa","69":"product_tag-kup-etizolam-proszki","70":"product_tag-etizolam-proszek-miasto","71":"product_tag-etizolam-proszek-roztwr","72":"product_tag-etizolam-proszek-kup","73":"product_tag-etizolam-proszek-do-sprzeday-chiny","74":"product_tag-proszek-w-roztworze","75":"product_tag-proszki-etizolamu","76":"product_tag-etizolam-proszek-recenzja","77":"product_tag-reddit-etizolam-vendors","78":"product_tag-etizolam-proszek-smak","79":"product_tag-etizolam-proszek-na-sprzeda","80":"product_tag-etizolam-proszek-sprzedawca","81":"product_tag-etizolam-proszek-sprzeda-hurtowa","83":"first","84":"instock","85":"shipping-taxable","86":"purchasable","87":"product-type-variable","88":"has-default-attributes"},"yoast_head":"<!-- This site is optimized with the Yoast SEO plugin v27.3 - https:\/\/yoast.com\/product\/yoast-seo-wordpress\/ -->\n<title>Kup proszek etizolamu - proszek etizolamu Europa- Best Global Meds<\/title>\n<meta name=\"description\" content=\"Kup proszek Etizolamu na sprzeda\u017c w Wielkiej Brytanii, UE, Europie w najni\u017cszej cenie. Proszek etizolamu jest stosowany jako lek w leczeniu l\u0119ku, bezsenno\u015bci i atak\u00f3w paniki.\" \/>\n<meta name=\"robots\" content=\"index, follow, max-snippet:-1, max-image-preview:large, max-video-preview:-1\" \/>\n<link rel=\"canonical\" href=\"https:\/\/medicinasinc.com\/pl\/product\/kup-etizolam-proszek\/\" \/>\n<meta property=\"og:locale\" content=\"en_US\" \/>\n<meta property=\"og:type\" content=\"article\" \/>\n<meta property=\"og:title\" content=\"Kup proszek etizolamu - proszek etizolamu Europa- Best Global Meds\" \/>\n<meta property=\"og:description\" content=\"Kup proszek Etizolamu na sprzeda\u017c w Wielkiej Brytanii, UE, Europie w najni\u017cszej cenie. Proszek etizolamu jest stosowany jako lek w leczeniu l\u0119ku, bezsenno\u015bci i atak\u00f3w paniki.\" \/>\n<meta property=\"og:url\" content=\"https:\/\/medicinasinc.com\/pl\/product\/kup-etizolam-proszek\/\" \/>\n<meta property=\"og:site_name\" content=\"Medicinas Inc\" \/>\n<meta property=\"article:modified_time\" content=\"2022-03-22T00:54:10+00:00\" \/>\n<meta property=\"og:image\" content=\"https:\/\/medicinasinc.com\/pl\/wp-content\/uploads\/sites\/13\/2022\/02\/Buy_Etizolam_powder.jpg\" \/>\n\t<meta property=\"og:image:width\" content=\"500\" \/>\n\t<meta property=\"og:image:height\" content=\"500\" \/>\n\t<meta property=\"og:image:type\" content=\"image\/jpeg\" \/>\n<meta name=\"twitter:card\" content=\"summary_large_image\" \/>\n<meta name=\"twitter:label1\" content=\"Est. reading time\" \/>\n\t<meta name=\"twitter:data1\" content=\"3 minutes\" \/>\n<script type=\"application\/ld+json\" class=\"yoast-schema-graph\">{\"@context\":\"https:\\\/\\\/schema.org\",\"@graph\":[{\"@type\":\"WebPage\",\"@id\":\"https:\\\/\\\/medicinasinc.com\\\/pl\\\/product\\\/kup-etizolam-proszek\\\/\",\"url\":\"https:\\\/\\\/medicinasinc.com\\\/pl\\\/product\\\/kup-etizolam-proszek\\\/\",\"name\":\"Kup proszek etizolamu - proszek etizolamu Europa- Best Global Meds\",\"isPartOf\":{\"@id\":\"https:\\\/\\\/medicinasinc.com\\\/pl\\\/#website\"},\"primaryImageOfPage\":{\"@id\":\"https:\\\/\\\/medicinasinc.com\\\/pl\\\/product\\\/kup-etizolam-proszek\\\/#primaryimage\"},\"image\":{\"@id\":\"https:\\\/\\\/medicinasinc.com\\\/pl\\\/product\\\/kup-etizolam-proszek\\\/#primaryimage\"},\"thumbnailUrl\":\"https:\\\/\\\/medicinasinc.com\\\/pl\\\/wp-content\\\/uploads\\\/sites\\\/13\\\/2022\\\/02\\\/Buy_Etizolam_powder.jpg\",\"datePublished\":\"2022-02-22T00:36:43+00:00\",\"dateModified\":\"2022-03-22T00:54:10+00:00\",\"description\":\"Kup proszek Etizolamu na sprzeda\u017c w Wielkiej Brytanii, UE, Europie w najni\u017cszej cenie. Proszek etizolamu jest stosowany jako lek w leczeniu l\u0119ku, bezsenno\u015bci i atak\u00f3w paniki.\",\"breadcrumb\":{\"@id\":\"https:\\\/\\\/medicinasinc.com\\\/pl\\\/product\\\/kup-etizolam-proszek\\\/#breadcrumb\"},\"inLanguage\":\"en-US\",\"potentialAction\":[{\"@type\":\"ReadAction\",\"target\":[\"https:\\\/\\\/medicinasinc.com\\\/pl\\\/product\\\/kup-etizolam-proszek\\\/\"]}]},{\"@type\":\"ImageObject\",\"inLanguage\":\"en-US\",\"@id\":\"https:\\\/\\\/medicinasinc.com\\\/pl\\\/product\\\/kup-etizolam-proszek\\\/#primaryimage\",\"url\":\"https:\\\/\\\/medicinasinc.com\\\/pl\\\/wp-content\\\/uploads\\\/sites\\\/13\\\/2022\\\/02\\\/Buy_Etizolam_powder.jpg\",\"contentUrl\":\"https:\\\/\\\/medicinasinc.com\\\/pl\\\/wp-content\\\/uploads\\\/sites\\\/13\\\/2022\\\/02\\\/Buy_Etizolam_powder.jpg\",\"width\":500,\"height\":500},{\"@type\":\"BreadcrumbList\",\"@id\":\"https:\\\/\\\/medicinasinc.com\\\/pl\\\/product\\\/kup-etizolam-proszek\\\/#breadcrumb\",\"itemListElement\":[{\"@type\":\"ListItem\",\"position\":1,\"name\":\"Sklep\",\"item\":\"https:\\\/\\\/medicinasinc.com\\\/pl\\\/sklep\\\/\"},{\"@type\":\"ListItem\",\"position\":2,\"name\":\"Kup proszek etizolamu\"}]},{\"@type\":\"WebSite\",\"@id\":\"https:\\\/\\\/medicinasinc.com\\\/pl\\\/#website\",\"url\":\"https:\\\/\\\/medicinasinc.com\\\/pl\\\/\",\"name\":\"Medicinas Inc\",\"description\":\"Health Medical Clinic\",\"potentialAction\":[{\"@type\":\"SearchAction\",\"target\":{\"@type\":\"EntryPoint\",\"urlTemplate\":\"https:\\\/\\\/medicinasinc.com\\\/pl\\\/?s={search_term_string}\"},\"query-input\":{\"@type\":\"PropertyValueSpecification\",\"valueRequired\":true,\"valueName\":\"search_term_string\"}}],\"inLanguage\":\"en-US\"}]}<\/script>\n<!-- \/ Yoast SEO plugin. -->","yoast_head_json":{"title":"Kup proszek etizolamu - proszek etizolamu Europa- Best Global Meds","description":"Kup proszek Etizolamu na sprzeda\u017c w Wielkiej Brytanii, UE, Europie w najni\u017cszej cenie. Proszek etizolamu jest stosowany jako lek w leczeniu l\u0119ku, bezsenno\u015bci i atak\u00f3w paniki.","robots":{"index":"index","follow":"follow","max-snippet":"max-snippet:-1","max-image-preview":"max-image-preview:large","max-video-preview":"max-video-preview:-1"},"canonical":"https:\/\/medicinasinc.com\/pl\/product\/kup-etizolam-proszek\/","og_locale":"en_US","og_type":"article","og_title":"Kup proszek etizolamu - proszek etizolamu Europa- Best Global Meds","og_description":"Kup proszek Etizolamu na sprzeda\u017c w Wielkiej Brytanii, UE, Europie w najni\u017cszej cenie. Proszek etizolamu jest stosowany jako lek w leczeniu l\u0119ku, bezsenno\u015bci i atak\u00f3w paniki.","og_url":"https:\/\/medicinasinc.com\/pl\/product\/kup-etizolam-proszek\/","og_site_name":"Medicinas Inc","article_modified_time":"2022-03-22T00:54:10+00:00","og_image":[{"width":500,"height":500,"url":"https:\/\/medicinasinc.com\/pl\/wp-content\/uploads\/sites\/13\/2022\/02\/Buy_Etizolam_powder.jpg","type":"image\/jpeg"}],"twitter_card":"summary_large_image","twitter_misc":{"Est. reading time":"3 minutes"},"schema":{"@context":"https:\/\/schema.org","@graph":[{"@type":"WebPage","@id":"https:\/\/medicinasinc.com\/pl\/product\/kup-etizolam-proszek\/","url":"https:\/\/medicinasinc.com\/pl\/product\/kup-etizolam-proszek\/","name":"Kup proszek etizolamu - proszek etizolamu Europa- Best Global Meds","isPartOf":{"@id":"https:\/\/medicinasinc.com\/pl\/#website"},"primaryImageOfPage":{"@id":"https:\/\/medicinasinc.com\/pl\/product\/kup-etizolam-proszek\/#primaryimage"},"image":{"@id":"https:\/\/medicinasinc.com\/pl\/product\/kup-etizolam-proszek\/#primaryimage"},"thumbnailUrl":"https:\/\/medicinasinc.com\/pl\/wp-content\/uploads\/sites\/13\/2022\/02\/Buy_Etizolam_powder.jpg","datePublished":"2022-02-22T00:36:43+00:00","dateModified":"2022-03-22T00:54:10+00:00","description":"Kup proszek Etizolamu na sprzeda\u017c w Wielkiej Brytanii, UE, Europie w najni\u017cszej cenie. Proszek etizolamu jest stosowany jako lek w leczeniu l\u0119ku, bezsenno\u015bci i atak\u00f3w paniki.","breadcrumb":{"@id":"https:\/\/medicinasinc.com\/pl\/product\/kup-etizolam-proszek\/#breadcrumb"},"inLanguage":"en-US","potentialAction":[{"@type":"ReadAction","target":["https:\/\/medicinasinc.com\/pl\/product\/kup-etizolam-proszek\/"]}]},{"@type":"ImageObject","inLanguage":"en-US","@id":"https:\/\/medicinasinc.com\/pl\/product\/kup-etizolam-proszek\/#primaryimage","url":"https:\/\/medicinasinc.com\/pl\/wp-content\/uploads\/sites\/13\/2022\/02\/Buy_Etizolam_powder.jpg","contentUrl":"https:\/\/medicinasinc.com\/pl\/wp-content\/uploads\/sites\/13\/2022\/02\/Buy_Etizolam_powder.jpg","width":500,"height":500},{"@type":"BreadcrumbList","@id":"https:\/\/medicinasinc.com\/pl\/product\/kup-etizolam-proszek\/#breadcrumb","itemListElement":[{"@type":"ListItem","position":1,"name":"Sklep","item":"https:\/\/medicinasinc.com\/pl\/sklep\/"},{"@type":"ListItem","position":2,"name":"Kup proszek etizolamu"}]},{"@type":"WebSite","@id":"https:\/\/medicinasinc.com\/pl\/#website","url":"https:\/\/medicinasinc.com\/pl\/","name":"Medicinas Inc","description":"Health Medical Clinic","potentialAction":[{"@type":"SearchAction","target":{"@type":"EntryPoint","urlTemplate":"https:\/\/medicinasinc.com\/pl\/?s={search_term_string}"},"query-input":{"@type":"PropertyValueSpecification","valueRequired":true,"valueName":"search_term_string"}}],"inLanguage":"en-US"}]}},"_links":{"self":[{"href":"https:\/\/medicinasinc.com\/pl\/wp-json\/wp\/v2\/product\/5497","targetHints":{"allow":["GET"]}}],"collection":[{"href":"https:\/\/medicinasinc.com\/pl\/wp-json\/wp\/v2\/product"}],"about":[{"href":"https:\/\/medicinasinc.com\/pl\/wp-json\/wp\/v2\/types\/product"}],"replies":[{"embeddable":true,"href":"https:\/\/medicinasinc.com\/pl\/wp-json\/wp\/v2\/comments?post=5497"}],"wp:featuredmedia":[{"embeddable":true,"href":"https:\/\/medicinasinc.com\/pl\/wp-json\/wp\/v2\/media\/5509"}],"wp:attachment":[{"href":"https:\/\/medicinasinc.com\/pl\/wp-json\/wp\/v2\/media?parent=5497"}],"wp:term":[{"taxonomy":"product_brand","embeddable":true,"href":"https:\/\/medicinasinc.com\/pl\/wp-json\/wp\/v2\/product_brand?post=5497"},{"taxonomy":"product_cat","embeddable":true,"href":"https:\/\/medicinasinc.com\/pl\/wp-json\/wp\/v2\/product_cat?post=5497"},{"taxonomy":"product_tag","embeddable":true,"href":"https:\/\/medicinasinc.com\/pl\/wp-json\/wp\/v2\/product_tag?post=5497"}],"curies":[{"name":"wp","href":"https:\/\/api.w.org\/{rel}","templated":true}]}}