{"id":5496,"date":"2022-02-22T00:34:51","date_gmt":"2022-02-22T00:34:51","guid":{"rendered":"https:\/\/medicinasinc.com\/pl\/?post_type=product&#038;p=5496"},"modified":"2022-03-22T00:54:19","modified_gmt":"2022-03-22T00:54:19","slug":"kup-wtrysk-cytrynian-fentanylu","status":"publish","type":"product","link":"https:\/\/medicinasinc.com\/pl\/product\/kup-wtrysk-cytrynian-fentanylu\/","title":{"rendered":"Kup zastrzyk cytrynianu fentanylu"},"content":{"rendered":"<p>Zawiera cytrynian fentanylu odpowiadaj\u0105cy dawce 50 mikrogram\u00f3w na mililitr.<\/p>\n<p>Cytrynian fentanylu, 100 mikrogram\u00f3w na ampu\u0142k\u0119 2 ml, jest sk\u0142adnikiem aktywnym ka\u017cdej ampu\u0142ki.<\/p>\n<p> Oko\u0142o 500 mikrogram\u00f3w cytrynianu fentanylu znajduje si\u0119 w ka\u017cdej ampu\u0142ce 10 ml.<\/p>\n<p>Cytrynian fentanylu, 2500 mikrogram\u00f3w na fiolk\u0119, znajduje si\u0119 w ka\u017cdej fiolce.<\/p>\n<p>&nbsp;<\/p>\n<p> Ten lek zawiera nast\u0119puj\u0105ce elementy:<\/p>\n<p>\u2022 Ka\u017cda ampu\u0142ka o pojemno\u015bci 2 ml zawiera 7,1 mg (lub 0,31 mmola) sodu, co oznacza, \u017ce \u200b\u200bzasadniczo nie zawiera sodu.<\/p>\n<p>Ka\u017cda ampu\u0142ka o pojemno\u015bci 10 ml zawiera 35,4 mg (lub 1,54 mmol) sodu, co odpowiada 2% zalecanego przez WHO maksymalnego dziennego spo\u017cycia 2 g sodu dla osoby doros\u0142ej.<\/p>\n<p>9% zalecanego maksymalnego dziennego spo\u017cycia \u015awiatowej Organizacji Zdrowia 2 gramy sodu dla osoby doros\u0142ej znajduje si\u0119 w fiolce 50 ml zawieraj\u0105cej 177 mg sodu.<\/p>\n<p>Opioidowy lek przeciwb\u00f3lowy fentanyl jest stosowany:<\/p>\n<p>&#8211; w niewielkich dawkach do kr\u00f3tkich zabieg\u00f3w chirurgicznych zapewnia\u0107 \u015brodek przeciwb\u00f3lowy<\/p>\n<p>w ci\u0105gu \u017cycia -ratuj\u0105ce leczenie pacjent\u00f3w uzale\u017cnionych od respirator\u00f3w<\/p>\n<p>stosuj\u0105cych neuroleptyki w ramach neuroleptanalgezji<\/p>\n<p>bolesne objawy zawa\u0142u mi\u0119\u015bnia sercowego mo\u017cna z\u0142agodzi\u0107 za pomoc\u0105 opioid\u00f3w<\/p>\n<p>Om\u00f3w z pacjentami potrzeb\u0119 strategii zako\u0144czenia leczenia fentanylem przed rozpocz\u0119ciem leczenia opioidami, aby zminimalizowa\u0107 ryzyko uzale\u017cnienia i zespo\u0142u odstawienia leku (patrz punkt 4.4).<\/p>\n<p>Bolus do\u017cylny lub wlew podawania.<\/p>\n<p>Wstrzykni\u0119cie podsk\u00f3rne.<\/p>\n<p>Dop\u00f3ki mo\u017cna regulowa\u0107 drogi oddechowe pacjenta, fentanyl nale\u017cy podawa\u0107 wy\u0142\u0105cznie w kontrolowanym \u015brodowisku (patrz punkt 4.4 Specjalne ostrze\u017cenia i \u015brodki ostro\u017cno\u015bci dotycz\u0105ce stosowania). <\/p>\n<p>Sugeruje si\u0119 podanie kr\u00f3tkiej do\u017cylnej dawki \u015brodka antycholinergicznego tu\u017c przed wprowadzeniem znieczulenia w celu unikni\u0119cia bradykardii.<\/p>\n<p>Sugerowane jest noszenie r\u0119kawiczek podczas otwierania ampu\u0142ki.<\/p>\n","protected":false},"excerpt":{"rendered":"<p>Kup Fentanyl Citrate Injection 50 microgram\/ml Injection na sprzeda\u017c z najlepszych laboratori\u00f3w badawczych w Wielkiej Brytanii, Europie, Chinach, UE. Dyskretna wysy\u0142ka przy wszystkich zam\u00f3wieniach 100% gwarancji, Zam\u00f3w 50 ml fentanylu<\/p>\n<p>Zakup 50 mikrogram\u00f3w\/ml cytrynianu fentanylu do wstrzykiwa\u0144 z wiod\u0105cych laboratori\u00f3w badawczych w Wielkiej Brytanii, Europie, Chinach i UE. Zam\u00f3w fentanyl 50 mg z ca\u0142kowit\u0105 pewno\u015bci\u0105, wiedz\u0105c, \u017ce przesy\u0142ka dotrze dyskretnie.<\/p>\n<p>Wstrzykni\u0119cie Fentanylu 50 mikrogram\u00f3w\/ml.<br \/> Wstrzykni\u0119cie Fentanylu, 100 mikrogram\u00f3w w 2 mililitrach p\u0142ynu<br \/> Wstrzykni\u0119cie Fentanyl 250 mikrogram\u00f3w\/ml.<br \/>Zastrzyk fentanylu 500 mikrogram\u00f3w\/10ml<br \/>Zastrzyk fentanylu 1000 mikrogram\u00f3w\/20ml<br \/>Zastrzyk fentanylu 2500 mikrogram\u00f3w\/50ml<\/p>\n<p>Zawiera cytrynian fentanylu odpowiadaj\u0105cy dawce 50 mikrogram\u00f3w na mililitr.<\/p>\n<p>Cytrynian fentanylu, 100 mikrogram\u00f3w w ampu\u0142ce 2 ml, jest sk\u0142adnikiem aktywnym ka\u017cdej ampu\u0142ki.<\/p>\n<p>Oko\u0142o 500 mikrogram\u00f3w cytrynianu fentanylu s\u0105 zawarte w ka\u017cdej ampu\u0142ce 10 ml.<\/p>\n<p>Cytrynian fentanylu, 2500 mikrogram\u00f3w na fiolk\u0119, jest zawarty w ka\u017cdej fiolce.<\/p>\n","protected":false},"featured_media":5507,"comment_status":"open","ping_status":"closed","template":"","meta":[],"product_brand":[],"product_cat":[2014],"product_tag":[2870,2871,2872,2873,2878,2879,2889,2894,2880,2881,2882,2883,2885,2884,2886,2887,2895,2896,2897,2890,2891,2868,2874,2877,2867,2869,2875,2876,2892,2888,2893],"class_list":{"0":"post-5496","1":"product","2":"type-product","3":"status-publish","4":"has-post-thumbnail","6":"product_cat-kup-badania-chemikalia","7":"product_tag-buy-fentanyl-1000-microgram-20ml-injection-online","8":"product_tag-buy-fentanyl-250-microgram-5ml-injection","9":"product_tag-buy-fentanyl-250-microgram-5ml-injection-online","10":"product_tag-buy-fentanyl-2500-microgram-50ml-injection","11":"product_tag-buy-fentanyl-citrate-injection","12":"product_tag-buy-fentanyl-citrate-injection-online","13":"product_tag-ceny-wtrysku-cytrynian-fentany","14":"product_tag-ceny-zastrzykw-cytrynian-fentanylu","15":"product_tag-fentanyl-100-mikrogram-2ml-zastrzyk","16":"product_tag-fentanyl-1000-mikrogram-20ml-wstrzyknicie","17":"product_tag-fentanyl-250-microgram-5ml-injection","18":"product_tag-fentanyl-2500-microgram-50ml-injection","19":"product_tag-fentanyl-50-micrograms-ml-injection","20":"product_tag-fentanyl-50-mikrogramw-ml-wstrzyknicie","21":"product_tag-fentanyl-50-mikrogramw-ml-roztwr-do-wstrzykiwa","22":"product_tag-fentanyl-500-mikrogram-10ml-wstrzyknicie","23":"product_tag-gdzie-kupi-wtrysk-cytrynian-fentanylu","24":"product_tag-gdzie-kupi-wstrzykiwanie-cytrynian-fentanylu-online","25":"product_tag-gdzie-zamwi-wstrzyknicie-cytrynian-fentanylu-online","26":"product_tag-jak-kupi-wstrzykiwanie-cytrynian-fentanylu-online","27":"product_tag-jak-zamwi-wstrzykiwanie-cytrynian-fentanylu-online","28":"product_tag-kup-fentanyl-100-mikrogram-2ml-wstrzyknicie-online","29":"product_tag-kup-fentanyl-2500-mikrogram-50ml-wstrzyknicie-online","30":"product_tag-kup-fentanyl-500-mikrogram-10ml-zastrzyk-online","31":"product_tag-kup-fentanyl-100-mikrogram-2ml-zastrzyk","32":"product_tag-kup-fentanyl-1000-mikrogram-20ml-wstrzyknicie","33":"product_tag-kup-fentanyl-50-mikrogram-ml-wstrzyknicie-online","34":"product_tag-kup-fentanyl-500-mikrogram-10ml-zastrzyk","35":"product_tag-order-fentanyl-citrate-injection","36":"product_tag-wstrzykiwanie-cytrynianu-fentanylu","37":"product_tag-zamw-fentanyl-cytrynian-wstrzyknicie-online","39":"first","40":"instock","41":"shipping-taxable","42":"purchasable","43":"product-type-variable"},"yoast_head":"<!-- This site is optimized with the Yoast SEO plugin v27.3 - https:\/\/yoast.com\/product\/yoast-seo-wordpress\/ -->\n<title>Kup zastrzyk cytrynianu fentanylu - najlepsze najlepsze globalne leki<\/title>\n<meta name=\"description\" content=\"Kupi\u0119 Fentanyl Citrate Injection 50 microgram\/ml Injection na sprzeda\u017c z najlepszych laboratori\u00f3w badawczych w Wielkiej Brytanii, Europie, Chinach, UE. Dyskretna wysy\u0142ka przy wszystkich zam\u00f3wieniach 0 gwarancji, Zam\u00f3w Fentanyl 50ml\" \/>\n<meta name=\"robots\" content=\"index, follow, max-snippet:-1, max-image-preview:large, max-video-preview:-1\" \/>\n<link rel=\"canonical\" href=\"https:\/\/medicinasinc.com\/pl\/product\/kup-wtrysk-cytrynian-fentanylu\/\" \/>\n<meta property=\"og:locale\" content=\"en_US\" \/>\n<meta property=\"og:type\" content=\"article\" \/>\n<meta property=\"og:title\" content=\"Kup zastrzyk cytrynianu fentanylu - najlepsze najlepsze globalne leki\" \/>\n<meta property=\"og:description\" content=\"Kupi\u0119 Fentanyl Citrate Injection 50 microgram\/ml Injection na sprzeda\u017c z najlepszych laboratori\u00f3w badawczych w Wielkiej Brytanii, Europie, Chinach, UE. Dyskretna wysy\u0142ka przy wszystkich zam\u00f3wieniach 0 gwarancji, Zam\u00f3w Fentanyl 50ml\" \/>\n<meta property=\"og:url\" content=\"https:\/\/medicinasinc.com\/pl\/product\/kup-wtrysk-cytrynian-fentanylu\/\" \/>\n<meta property=\"og:site_name\" content=\"Medicinas Inc\" \/>\n<meta property=\"article:modified_time\" content=\"2022-03-22T00:54:19+00:00\" \/>\n<meta property=\"og:image\" content=\"https:\/\/medicinasinc.com\/pl\/wp-content\/uploads\/sites\/13\/2022\/02\/Fentanyl-50-microgram.jpg\" \/>\n\t<meta property=\"og:image:width\" content=\"1996\" \/>\n\t<meta property=\"og:image:height\" content=\"1128\" \/>\n\t<meta property=\"og:image:type\" content=\"image\/jpeg\" \/>\n<meta name=\"twitter:card\" content=\"summary_large_image\" \/>\n<meta name=\"twitter:label1\" content=\"Est. reading time\" \/>\n\t<meta name=\"twitter:data1\" content=\"2 minutes\" \/>\n<script type=\"application\/ld+json\" class=\"yoast-schema-graph\">{\"@context\":\"https:\\\/\\\/schema.org\",\"@graph\":[{\"@type\":\"WebPage\",\"@id\":\"https:\\\/\\\/medicinasinc.com\\\/pl\\\/product\\\/kup-wtrysk-cytrynian-fentanylu\\\/\",\"url\":\"https:\\\/\\\/medicinasinc.com\\\/pl\\\/product\\\/kup-wtrysk-cytrynian-fentanylu\\\/\",\"name\":\"Kup zastrzyk cytrynianu fentanylu - najlepsze najlepsze globalne leki\",\"isPartOf\":{\"@id\":\"https:\\\/\\\/medicinasinc.com\\\/pl\\\/#website\"},\"primaryImageOfPage\":{\"@id\":\"https:\\\/\\\/medicinasinc.com\\\/pl\\\/product\\\/kup-wtrysk-cytrynian-fentanylu\\\/#primaryimage\"},\"image\":{\"@id\":\"https:\\\/\\\/medicinasinc.com\\\/pl\\\/product\\\/kup-wtrysk-cytrynian-fentanylu\\\/#primaryimage\"},\"thumbnailUrl\":\"https:\\\/\\\/medicinasinc.com\\\/pl\\\/wp-content\\\/uploads\\\/sites\\\/13\\\/2022\\\/02\\\/Fentanyl-50-microgram.jpg\",\"datePublished\":\"2022-02-22T00:34:51+00:00\",\"dateModified\":\"2022-03-22T00:54:19+00:00\",\"description\":\"Kupi\u0119 Fentanyl Citrate Injection 50 microgram\\\/ml Injection na sprzeda\u017c z najlepszych laboratori\u00f3w badawczych w Wielkiej Brytanii, Europie, Chinach, UE. Dyskretna wysy\u0142ka przy wszystkich zam\u00f3wieniach 0 gwarancji, Zam\u00f3w Fentanyl 50ml\",\"breadcrumb\":{\"@id\":\"https:\\\/\\\/medicinasinc.com\\\/pl\\\/product\\\/kup-wtrysk-cytrynian-fentanylu\\\/#breadcrumb\"},\"inLanguage\":\"en-US\",\"potentialAction\":[{\"@type\":\"ReadAction\",\"target\":[\"https:\\\/\\\/medicinasinc.com\\\/pl\\\/product\\\/kup-wtrysk-cytrynian-fentanylu\\\/\"]}]},{\"@type\":\"ImageObject\",\"inLanguage\":\"en-US\",\"@id\":\"https:\\\/\\\/medicinasinc.com\\\/pl\\\/product\\\/kup-wtrysk-cytrynian-fentanylu\\\/#primaryimage\",\"url\":\"https:\\\/\\\/medicinasinc.com\\\/pl\\\/wp-content\\\/uploads\\\/sites\\\/13\\\/2022\\\/02\\\/Fentanyl-50-microgram.jpg\",\"contentUrl\":\"https:\\\/\\\/medicinasinc.com\\\/pl\\\/wp-content\\\/uploads\\\/sites\\\/13\\\/2022\\\/02\\\/Fentanyl-50-microgram.jpg\",\"width\":1996,\"height\":1128},{\"@type\":\"BreadcrumbList\",\"@id\":\"https:\\\/\\\/medicinasinc.com\\\/pl\\\/product\\\/kup-wtrysk-cytrynian-fentanylu\\\/#breadcrumb\",\"itemListElement\":[{\"@type\":\"ListItem\",\"position\":1,\"name\":\"Sklep\",\"item\":\"https:\\\/\\\/medicinasinc.com\\\/pl\\\/sklep\\\/\"},{\"@type\":\"ListItem\",\"position\":2,\"name\":\"Kup zastrzyk cytrynianu fentanylu\"}]},{\"@type\":\"WebSite\",\"@id\":\"https:\\\/\\\/medicinasinc.com\\\/pl\\\/#website\",\"url\":\"https:\\\/\\\/medicinasinc.com\\\/pl\\\/\",\"name\":\"Medicinas Inc\",\"description\":\"Health Medical Clinic\",\"potentialAction\":[{\"@type\":\"SearchAction\",\"target\":{\"@type\":\"EntryPoint\",\"urlTemplate\":\"https:\\\/\\\/medicinasinc.com\\\/pl\\\/?s={search_term_string}\"},\"query-input\":{\"@type\":\"PropertyValueSpecification\",\"valueRequired\":true,\"valueName\":\"search_term_string\"}}],\"inLanguage\":\"en-US\"}]}<\/script>\n<!-- \/ Yoast SEO plugin. -->","yoast_head_json":{"title":"Kup zastrzyk cytrynianu fentanylu - najlepsze najlepsze globalne leki","description":"Kupi\u0119 Fentanyl Citrate Injection 50 microgram\/ml Injection na sprzeda\u017c z najlepszych laboratori\u00f3w badawczych w Wielkiej Brytanii, Europie, Chinach, UE. Dyskretna wysy\u0142ka przy wszystkich zam\u00f3wieniach 0 gwarancji, Zam\u00f3w Fentanyl 50ml","robots":{"index":"index","follow":"follow","max-snippet":"max-snippet:-1","max-image-preview":"max-image-preview:large","max-video-preview":"max-video-preview:-1"},"canonical":"https:\/\/medicinasinc.com\/pl\/product\/kup-wtrysk-cytrynian-fentanylu\/","og_locale":"en_US","og_type":"article","og_title":"Kup zastrzyk cytrynianu fentanylu - najlepsze najlepsze globalne leki","og_description":"Kupi\u0119 Fentanyl Citrate Injection 50 microgram\/ml Injection na sprzeda\u017c z najlepszych laboratori\u00f3w badawczych w Wielkiej Brytanii, Europie, Chinach, UE. Dyskretna wysy\u0142ka przy wszystkich zam\u00f3wieniach 0 gwarancji, Zam\u00f3w Fentanyl 50ml","og_url":"https:\/\/medicinasinc.com\/pl\/product\/kup-wtrysk-cytrynian-fentanylu\/","og_site_name":"Medicinas Inc","article_modified_time":"2022-03-22T00:54:19+00:00","og_image":[{"width":1996,"height":1128,"url":"https:\/\/medicinasinc.com\/pl\/wp-content\/uploads\/sites\/13\/2022\/02\/Fentanyl-50-microgram.jpg","type":"image\/jpeg"}],"twitter_card":"summary_large_image","twitter_misc":{"Est. reading time":"2 minutes"},"schema":{"@context":"https:\/\/schema.org","@graph":[{"@type":"WebPage","@id":"https:\/\/medicinasinc.com\/pl\/product\/kup-wtrysk-cytrynian-fentanylu\/","url":"https:\/\/medicinasinc.com\/pl\/product\/kup-wtrysk-cytrynian-fentanylu\/","name":"Kup zastrzyk cytrynianu fentanylu - najlepsze najlepsze globalne leki","isPartOf":{"@id":"https:\/\/medicinasinc.com\/pl\/#website"},"primaryImageOfPage":{"@id":"https:\/\/medicinasinc.com\/pl\/product\/kup-wtrysk-cytrynian-fentanylu\/#primaryimage"},"image":{"@id":"https:\/\/medicinasinc.com\/pl\/product\/kup-wtrysk-cytrynian-fentanylu\/#primaryimage"},"thumbnailUrl":"https:\/\/medicinasinc.com\/pl\/wp-content\/uploads\/sites\/13\/2022\/02\/Fentanyl-50-microgram.jpg","datePublished":"2022-02-22T00:34:51+00:00","dateModified":"2022-03-22T00:54:19+00:00","description":"Kupi\u0119 Fentanyl Citrate Injection 50 microgram\/ml Injection na sprzeda\u017c z najlepszych laboratori\u00f3w badawczych w Wielkiej Brytanii, Europie, Chinach, UE. Dyskretna wysy\u0142ka przy wszystkich zam\u00f3wieniach 0 gwarancji, Zam\u00f3w Fentanyl 50ml","breadcrumb":{"@id":"https:\/\/medicinasinc.com\/pl\/product\/kup-wtrysk-cytrynian-fentanylu\/#breadcrumb"},"inLanguage":"en-US","potentialAction":[{"@type":"ReadAction","target":["https:\/\/medicinasinc.com\/pl\/product\/kup-wtrysk-cytrynian-fentanylu\/"]}]},{"@type":"ImageObject","inLanguage":"en-US","@id":"https:\/\/medicinasinc.com\/pl\/product\/kup-wtrysk-cytrynian-fentanylu\/#primaryimage","url":"https:\/\/medicinasinc.com\/pl\/wp-content\/uploads\/sites\/13\/2022\/02\/Fentanyl-50-microgram.jpg","contentUrl":"https:\/\/medicinasinc.com\/pl\/wp-content\/uploads\/sites\/13\/2022\/02\/Fentanyl-50-microgram.jpg","width":1996,"height":1128},{"@type":"BreadcrumbList","@id":"https:\/\/medicinasinc.com\/pl\/product\/kup-wtrysk-cytrynian-fentanylu\/#breadcrumb","itemListElement":[{"@type":"ListItem","position":1,"name":"Sklep","item":"https:\/\/medicinasinc.com\/pl\/sklep\/"},{"@type":"ListItem","position":2,"name":"Kup zastrzyk cytrynianu fentanylu"}]},{"@type":"WebSite","@id":"https:\/\/medicinasinc.com\/pl\/#website","url":"https:\/\/medicinasinc.com\/pl\/","name":"Medicinas Inc","description":"Health Medical Clinic","potentialAction":[{"@type":"SearchAction","target":{"@type":"EntryPoint","urlTemplate":"https:\/\/medicinasinc.com\/pl\/?s={search_term_string}"},"query-input":{"@type":"PropertyValueSpecification","valueRequired":true,"valueName":"search_term_string"}}],"inLanguage":"en-US"}]}},"_links":{"self":[{"href":"https:\/\/medicinasinc.com\/pl\/wp-json\/wp\/v2\/product\/5496","targetHints":{"allow":["GET"]}}],"collection":[{"href":"https:\/\/medicinasinc.com\/pl\/wp-json\/wp\/v2\/product"}],"about":[{"href":"https:\/\/medicinasinc.com\/pl\/wp-json\/wp\/v2\/types\/product"}],"replies":[{"embeddable":true,"href":"https:\/\/medicinasinc.com\/pl\/wp-json\/wp\/v2\/comments?post=5496"}],"wp:featuredmedia":[{"embeddable":true,"href":"https:\/\/medicinasinc.com\/pl\/wp-json\/wp\/v2\/media\/5507"}],"wp:attachment":[{"href":"https:\/\/medicinasinc.com\/pl\/wp-json\/wp\/v2\/media?parent=5496"}],"wp:term":[{"taxonomy":"product_brand","embeddable":true,"href":"https:\/\/medicinasinc.com\/pl\/wp-json\/wp\/v2\/product_brand?post=5496"},{"taxonomy":"product_cat","embeddable":true,"href":"https:\/\/medicinasinc.com\/pl\/wp-json\/wp\/v2\/product_cat?post=5496"},{"taxonomy":"product_tag","embeddable":true,"href":"https:\/\/medicinasinc.com\/pl\/wp-json\/wp\/v2\/product_tag?post=5496"}],"curies":[{"name":"wp","href":"https:\/\/api.w.org\/{rel}","templated":true}]}}