{"id":5495,"date":"2022-02-22T00:33:03","date_gmt":"2022-02-22T00:33:03","guid":{"rendered":"https:\/\/medicinasinc.com\/pl\/?post_type=product&#038;p=5495"},"modified":"2022-03-22T00:54:31","modified_gmt":"2022-03-22T00:54:31","slug":"kup-fentanyl-proszek","status":"publish","type":"product","link":"https:\/\/medicinasinc.com\/pl\/product\/kup-fentanyl-proszek\/","title":{"rendered":"Kup fentanyl w proszku"},"content":{"rendered":"<p>Zakup Fentanylu w proszku online<\/p>\n<p>Mo\u017cesz kupi\u0107 od nas proszek Fentanyl w dobrej cenie. Fentanyl Powder jest dost\u0119pny w wysokiej czysto\u015bci. To fantastyczna okazja! Najskuteczniejsze leki na \u015bwiecie<\/p>\n<p>Co to jest fentanyl w proszku?<\/p>\n<p>Fentanyl, znany r\u00f3wnie\u017c jako fentanyl, jest opioidem stosowanym jako \u015brodek przeciwb\u00f3lowy oraz w po\u0142\u0105czeniu z innymi lekami do znieczulenia . W wi\u0119kszo\u015bci efekty trwaj\u0105 mniej ni\u017c godzin\u0119 lub dwie. Fentanyl jest dost\u0119pny w r\u00f3\u017cnych postaciach, w tym w postaci zastrzyk\u00f3w, plastr\u00f3w na sk\u00f3r\u0119 i wch\u0142aniania doustnego. Fentanyl jest r\u00f3wnie\u017c czasami dost\u0119pny w postaci proszku. Laboratoria powszechnie u\u017cywaj\u0105 proszku.<\/p>\n<p>&nbsp;<\/p>\n<p>Kup fentanyl w proszku online w Best global meds<\/p>\n<p>W tym momencie mo\u017cesz si\u0119 zastanawia\u0107, czym jest opioid. Opioidy to klasa lek\u00f3w. Opioidy to substancje, kt\u00f3re oddzia\u0142uj\u0105 z receptorami opioidowymi, wywo\u0142uj\u0105c efekty podobne do opium. Vicodin, oxycontin, oxycodone i percocet nale\u017c\u0105 do tej kategorii. Fentanyl jest r\u00f3wnie\u017c zawarty w \u015brodkach uspokajaj\u0105cych. \u015arodek uspokajaj\u0105cy to rodzaj leku lub substancji stosowanej w celu uspokojenia o\u015brodkowego uk\u0142adu nerwowego. Mo\u017cna powiedzie\u0107, \u017ce fentanyl stosuje si\u0119 w celu uspokojenia centralnego uk\u0142adu nerwowego. u-47700 Proszek jest r\u00f3wnie\u017c dobrym \u015brodkiem depresyjnym. Najlepszym miejscem na zaopatrzenie si\u0119 w fentanyl jest internet.<\/p>\n<p>Md\u0142o\u015bci, zaparcia, zm\u0119czenie i dezorientacja to jedne z najcz\u0119stszych skutk\u00f3w ubocznych. Zmniejszenie wysi\u0142ku zwi\u0105zanego z oddychaniem (depresja oddechowa), zesp\u00f3\u0142 serotoninowy i niskie ci\u015bnienie krwi to mo\u017cliwe skutki uboczne leku. Aktywuj\u0105c receptory opioidowe \u03b2, fentanyl dzia\u0142a cz\u0119\u015bciowo. Przy danej ilo\u015bci jest 75 razy silniejszy ni\u017c morph. Niekt\u00f3re analogi fentanylu mog\u0105 by\u0107 10 000 razy silniejsze ni\u017c morfina. Fentanyl w proszku na sprzeda\u017c<\/p>\n","protected":false},"excerpt":{"rendered":"<p>Za pomoc\u0105 naszej strony internetowej Bestglobalmeds.com mo\u017cesz kupi\u0107 FENTANYL W PROSZKU na sprzeda\u017c w Wielkiej Brytanii i Unii Europejskiej. Tutaj odkryjesz najta\u0144szy FENTANYL!<\/p>\n<p>Sproszkowany fentanyl, bibu\u0142a i produkcja masowa w Chinach to tylko niekt\u00f3re ze sposob\u00f3w sprzeda\u017cy niefarmaceutycznego fentanylu.<\/p>\n<p>Fentanyl jest stosowany w leczeniu b\u00f3lu, kt\u00f3rego nie mo\u017cna z\u0142agodzi\u0107 innymi lekami, np. b\u00f3lu przewlek\u0142ego lub rozdzieraj\u0105cego. Narkotyczny \u015brodek przeciwb\u00f3lowy, ten lek jest przepisywany.<br \/>Wysy\u0142amy dyskretnie i dajemy gwarancj\u0119 zwrotu pieni\u0119dzy, gdy zamawiasz u nas fentanyl.<\/p>\n","protected":false},"featured_media":5505,"comment_status":"open","ping_status":"closed","template":"","meta":[],"product_brand":[],"product_cat":[2014],"product_tag":[2839,2842,2843,2848,2851,2849,2852,2850,2853,2865,2866,2863,2864,2862,2855,2844,2847,2840,2841,2860,2845,2846,2861,2856,2857,2858,2854,2859],"class_list":{"0":"post-5495","1":"product","2":"type-product","3":"status-publish","4":"has-post-thumbnail","6":"product_cat-kup-badania-chemikalia","7":"product_tag-buy-fentanyl-hcl-online","8":"product_tag-buy-fentanyl-powder-on-dark-web","9":"product_tag-buy-fentanyl-powder-online","10":"product_tag-efekt-proszku-fentanylu","11":"product_tag-fentanyl-proszek-do-sprzeday-online","12":"product_tag-fentanyl-proszek-europa","13":"product_tag-fentanyl-proszek-na-noc","14":"product_tag-fentanyl-proszek-na-sprzeda","15":"product_tag-fentanyl-proszek-reddit","16":"product_tag-gdzie-kupi-czysty-fentanyl-hcl-proszek-online","17":"product_tag-gdzie-kupi-czysty-fentanyl-proszek-online","18":"product_tag-gdzie-kupi-fentanyl-hcl-proszek-online","19":"product_tag-gdzie-kupi-fentanyl-proszek-online","20":"product_tag-gdzie-mog-kupi-fentanyl-proszek-online","21":"product_tag-jak-kupi-fentanyl-proszek-online","22":"product_tag-kup-fentanyl-bezpieczny-w-proszku","23":"product_tag-kup-czysty-fentanyl-proszek-online","24":"product_tag-kup-fentanyl-hcl-proszek-online","25":"product_tag-kup-fentanyl-online","26":"product_tag-kup-fentanyl-proszek-online","27":"product_tag-kup-fentanyl-proszek-usa","28":"product_tag-kup-fentanyl-proszek-z-paypal","29":"product_tag-najlepsze-miejsce-do-kupu-fentanyl-proszek-online","30":"product_tag-order-fentanyl-powder-near-me","31":"product_tag-order-fentanyl-powder-online","32":"product_tag-order-pure-fentanyl-hcl-powder-online","33":"product_tag-fentanyl-proszek-wysyka","34":"product_tag-zamw-czysty-fentanyl-proszek-online","36":"first","37":"instock","38":"shipping-taxable","39":"purchasable","40":"product-type-variable","41":"has-default-attributes"},"yoast_head":"<!-- This site is optimized with the Yoast SEO plugin v27.3 - https:\/\/yoast.com\/product\/yoast-seo-wordpress\/ -->\n<title>Kup fentanyl w proszku online - najlepsze najlepsze globalne leki<\/title>\n<meta name=\"description\" content=\"Kup FENTANYL W PROSZKU na sprzeda\u017c w Wielkiej Brytanii, UE Europa w naszym sklepie internetowym Bestglobalmeds.com z szybk\u0105 dostaw\u0105 na ca\u0142y \u015bwiat! Najlepszy FENTANYL do zam\u00f3wienia znajdziesz tutaj!\" \/>\n<meta name=\"robots\" content=\"index, follow, max-snippet:-1, max-image-preview:large, max-video-preview:-1\" \/>\n<link rel=\"canonical\" href=\"https:\/\/medicinasinc.com\/pl\/product\/kup-fentanyl-proszek\/\" \/>\n<meta property=\"og:locale\" content=\"en_US\" \/>\n<meta property=\"og:type\" content=\"article\" \/>\n<meta property=\"og:title\" content=\"Kup fentanyl w proszku online - najlepsze najlepsze globalne leki\" \/>\n<meta property=\"og:description\" content=\"Kup FENTANYL W PROSZKU na sprzeda\u017c w Wielkiej Brytanii, UE Europa w naszym sklepie internetowym Bestglobalmeds.com z szybk\u0105 dostaw\u0105 na ca\u0142y \u015bwiat! Najlepszy FENTANYL do zam\u00f3wienia znajdziesz tutaj!\" \/>\n<meta property=\"og:url\" content=\"https:\/\/medicinasinc.com\/pl\/product\/kup-fentanyl-proszek\/\" \/>\n<meta property=\"og:site_name\" content=\"Medicinas Inc\" \/>\n<meta property=\"article:modified_time\" content=\"2022-03-22T00:54:31+00:00\" \/>\n<meta property=\"og:image\" content=\"https:\/\/medicinasinc.com\/pl\/wp-content\/uploads\/sites\/13\/2022\/02\/Buy-Fentanyl-Powder-Online.jpg\" \/>\n\t<meta property=\"og:image:width\" content=\"768\" \/>\n\t<meta property=\"og:image:height\" content=\"768\" \/>\n\t<meta property=\"og:image:type\" content=\"image\/jpeg\" \/>\n<meta name=\"twitter:card\" content=\"summary_large_image\" \/>\n<meta name=\"twitter:label1\" content=\"Est. reading time\" \/>\n\t<meta name=\"twitter:data1\" content=\"2 minutes\" \/>\n<script type=\"application\/ld+json\" class=\"yoast-schema-graph\">{\"@context\":\"https:\\\/\\\/schema.org\",\"@graph\":[{\"@type\":\"WebPage\",\"@id\":\"https:\\\/\\\/medicinasinc.com\\\/pl\\\/product\\\/kup-fentanyl-proszek\\\/\",\"url\":\"https:\\\/\\\/medicinasinc.com\\\/pl\\\/product\\\/kup-fentanyl-proszek\\\/\",\"name\":\"Kup fentanyl w proszku online - najlepsze najlepsze globalne leki\",\"isPartOf\":{\"@id\":\"https:\\\/\\\/medicinasinc.com\\\/pl\\\/#website\"},\"primaryImageOfPage\":{\"@id\":\"https:\\\/\\\/medicinasinc.com\\\/pl\\\/product\\\/kup-fentanyl-proszek\\\/#primaryimage\"},\"image\":{\"@id\":\"https:\\\/\\\/medicinasinc.com\\\/pl\\\/product\\\/kup-fentanyl-proszek\\\/#primaryimage\"},\"thumbnailUrl\":\"https:\\\/\\\/medicinasinc.com\\\/pl\\\/wp-content\\\/uploads\\\/sites\\\/13\\\/2022\\\/02\\\/Buy-Fentanyl-Powder-Online.jpg\",\"datePublished\":\"2022-02-22T00:33:03+00:00\",\"dateModified\":\"2022-03-22T00:54:31+00:00\",\"description\":\"Kup FENTANYL W PROSZKU na sprzeda\u017c w Wielkiej Brytanii, UE Europa w naszym sklepie internetowym Bestglobalmeds.com z szybk\u0105 dostaw\u0105 na ca\u0142y \u015bwiat! Najlepszy FENTANYL do zam\u00f3wienia znajdziesz tutaj!\",\"breadcrumb\":{\"@id\":\"https:\\\/\\\/medicinasinc.com\\\/pl\\\/product\\\/kup-fentanyl-proszek\\\/#breadcrumb\"},\"inLanguage\":\"en-US\",\"potentialAction\":[{\"@type\":\"ReadAction\",\"target\":[\"https:\\\/\\\/medicinasinc.com\\\/pl\\\/product\\\/kup-fentanyl-proszek\\\/\"]}]},{\"@type\":\"ImageObject\",\"inLanguage\":\"en-US\",\"@id\":\"https:\\\/\\\/medicinasinc.com\\\/pl\\\/product\\\/kup-fentanyl-proszek\\\/#primaryimage\",\"url\":\"https:\\\/\\\/medicinasinc.com\\\/pl\\\/wp-content\\\/uploads\\\/sites\\\/13\\\/2022\\\/02\\\/Buy-Fentanyl-Powder-Online.jpg\",\"contentUrl\":\"https:\\\/\\\/medicinasinc.com\\\/pl\\\/wp-content\\\/uploads\\\/sites\\\/13\\\/2022\\\/02\\\/Buy-Fentanyl-Powder-Online.jpg\",\"width\":768,\"height\":768},{\"@type\":\"BreadcrumbList\",\"@id\":\"https:\\\/\\\/medicinasinc.com\\\/pl\\\/product\\\/kup-fentanyl-proszek\\\/#breadcrumb\",\"itemListElement\":[{\"@type\":\"ListItem\",\"position\":1,\"name\":\"Sklep\",\"item\":\"https:\\\/\\\/medicinasinc.com\\\/pl\\\/sklep\\\/\"},{\"@type\":\"ListItem\",\"position\":2,\"name\":\"Kup fentanyl w proszku\"}]},{\"@type\":\"WebSite\",\"@id\":\"https:\\\/\\\/medicinasinc.com\\\/pl\\\/#website\",\"url\":\"https:\\\/\\\/medicinasinc.com\\\/pl\\\/\",\"name\":\"Medicinas Inc\",\"description\":\"Health Medical Clinic\",\"potentialAction\":[{\"@type\":\"SearchAction\",\"target\":{\"@type\":\"EntryPoint\",\"urlTemplate\":\"https:\\\/\\\/medicinasinc.com\\\/pl\\\/?s={search_term_string}\"},\"query-input\":{\"@type\":\"PropertyValueSpecification\",\"valueRequired\":true,\"valueName\":\"search_term_string\"}}],\"inLanguage\":\"en-US\"}]}<\/script>\n<!-- \/ Yoast SEO plugin. -->","yoast_head_json":{"title":"Kup fentanyl w proszku online - najlepsze najlepsze globalne leki","description":"Kup FENTANYL W PROSZKU na sprzeda\u017c w Wielkiej Brytanii, UE Europa w naszym sklepie internetowym Bestglobalmeds.com z szybk\u0105 dostaw\u0105 na ca\u0142y \u015bwiat! Najlepszy FENTANYL do zam\u00f3wienia znajdziesz tutaj!","robots":{"index":"index","follow":"follow","max-snippet":"max-snippet:-1","max-image-preview":"max-image-preview:large","max-video-preview":"max-video-preview:-1"},"canonical":"https:\/\/medicinasinc.com\/pl\/product\/kup-fentanyl-proszek\/","og_locale":"en_US","og_type":"article","og_title":"Kup fentanyl w proszku online - najlepsze najlepsze globalne leki","og_description":"Kup FENTANYL W PROSZKU na sprzeda\u017c w Wielkiej Brytanii, UE Europa w naszym sklepie internetowym Bestglobalmeds.com z szybk\u0105 dostaw\u0105 na ca\u0142y \u015bwiat! Najlepszy FENTANYL do zam\u00f3wienia znajdziesz tutaj!","og_url":"https:\/\/medicinasinc.com\/pl\/product\/kup-fentanyl-proszek\/","og_site_name":"Medicinas Inc","article_modified_time":"2022-03-22T00:54:31+00:00","og_image":[{"width":768,"height":768,"url":"https:\/\/medicinasinc.com\/pl\/wp-content\/uploads\/sites\/13\/2022\/02\/Buy-Fentanyl-Powder-Online.jpg","type":"image\/jpeg"}],"twitter_card":"summary_large_image","twitter_misc":{"Est. reading time":"2 minutes"},"schema":{"@context":"https:\/\/schema.org","@graph":[{"@type":"WebPage","@id":"https:\/\/medicinasinc.com\/pl\/product\/kup-fentanyl-proszek\/","url":"https:\/\/medicinasinc.com\/pl\/product\/kup-fentanyl-proszek\/","name":"Kup fentanyl w proszku online - najlepsze najlepsze globalne leki","isPartOf":{"@id":"https:\/\/medicinasinc.com\/pl\/#website"},"primaryImageOfPage":{"@id":"https:\/\/medicinasinc.com\/pl\/product\/kup-fentanyl-proszek\/#primaryimage"},"image":{"@id":"https:\/\/medicinasinc.com\/pl\/product\/kup-fentanyl-proszek\/#primaryimage"},"thumbnailUrl":"https:\/\/medicinasinc.com\/pl\/wp-content\/uploads\/sites\/13\/2022\/02\/Buy-Fentanyl-Powder-Online.jpg","datePublished":"2022-02-22T00:33:03+00:00","dateModified":"2022-03-22T00:54:31+00:00","description":"Kup FENTANYL W PROSZKU na sprzeda\u017c w Wielkiej Brytanii, UE Europa w naszym sklepie internetowym Bestglobalmeds.com z szybk\u0105 dostaw\u0105 na ca\u0142y \u015bwiat! Najlepszy FENTANYL do zam\u00f3wienia znajdziesz tutaj!","breadcrumb":{"@id":"https:\/\/medicinasinc.com\/pl\/product\/kup-fentanyl-proszek\/#breadcrumb"},"inLanguage":"en-US","potentialAction":[{"@type":"ReadAction","target":["https:\/\/medicinasinc.com\/pl\/product\/kup-fentanyl-proszek\/"]}]},{"@type":"ImageObject","inLanguage":"en-US","@id":"https:\/\/medicinasinc.com\/pl\/product\/kup-fentanyl-proszek\/#primaryimage","url":"https:\/\/medicinasinc.com\/pl\/wp-content\/uploads\/sites\/13\/2022\/02\/Buy-Fentanyl-Powder-Online.jpg","contentUrl":"https:\/\/medicinasinc.com\/pl\/wp-content\/uploads\/sites\/13\/2022\/02\/Buy-Fentanyl-Powder-Online.jpg","width":768,"height":768},{"@type":"BreadcrumbList","@id":"https:\/\/medicinasinc.com\/pl\/product\/kup-fentanyl-proszek\/#breadcrumb","itemListElement":[{"@type":"ListItem","position":1,"name":"Sklep","item":"https:\/\/medicinasinc.com\/pl\/sklep\/"},{"@type":"ListItem","position":2,"name":"Kup fentanyl w proszku"}]},{"@type":"WebSite","@id":"https:\/\/medicinasinc.com\/pl\/#website","url":"https:\/\/medicinasinc.com\/pl\/","name":"Medicinas Inc","description":"Health Medical Clinic","potentialAction":[{"@type":"SearchAction","target":{"@type":"EntryPoint","urlTemplate":"https:\/\/medicinasinc.com\/pl\/?s={search_term_string}"},"query-input":{"@type":"PropertyValueSpecification","valueRequired":true,"valueName":"search_term_string"}}],"inLanguage":"en-US"}]}},"_links":{"self":[{"href":"https:\/\/medicinasinc.com\/pl\/wp-json\/wp\/v2\/product\/5495","targetHints":{"allow":["GET"]}}],"collection":[{"href":"https:\/\/medicinasinc.com\/pl\/wp-json\/wp\/v2\/product"}],"about":[{"href":"https:\/\/medicinasinc.com\/pl\/wp-json\/wp\/v2\/types\/product"}],"replies":[{"embeddable":true,"href":"https:\/\/medicinasinc.com\/pl\/wp-json\/wp\/v2\/comments?post=5495"}],"wp:featuredmedia":[{"embeddable":true,"href":"https:\/\/medicinasinc.com\/pl\/wp-json\/wp\/v2\/media\/5505"}],"wp:attachment":[{"href":"https:\/\/medicinasinc.com\/pl\/wp-json\/wp\/v2\/media?parent=5495"}],"wp:term":[{"taxonomy":"product_brand","embeddable":true,"href":"https:\/\/medicinasinc.com\/pl\/wp-json\/wp\/v2\/product_brand?post=5495"},{"taxonomy":"product_cat","embeddable":true,"href":"https:\/\/medicinasinc.com\/pl\/wp-json\/wp\/v2\/product_cat?post=5495"},{"taxonomy":"product_tag","embeddable":true,"href":"https:\/\/medicinasinc.com\/pl\/wp-json\/wp\/v2\/product_tag?post=5495"}],"curies":[{"name":"wp","href":"https:\/\/api.w.org\/{rel}","templated":true}]}}