{"id":5494,"date":"2022-02-22T00:31:52","date_gmt":"2022-02-22T00:31:52","guid":{"rendered":"https:\/\/medicinasinc.com\/pl\/?post_type=product&#038;p=5494"},"modified":"2022-03-22T00:54:40","modified_gmt":"2022-03-22T00:54:40","slug":"kup-diklazepam-2-mg-granulki","status":"publish","type":"product","link":"https:\/\/medicinasinc.com\/pl\/product\/kup-diklazepam-2-mg-granulki\/","title":{"rendered":"Kup peletki Diclazepam 2 mg"},"content":{"rendered":"<p><strong>GDZIE MOG\u0118 UZYSKA\u0106 \u200b\u200bPELLET DIKLAZEPAMU 2 MG W UE?<\/strong><\/p>\n<p>2 mg diklazepamu W Europie mo\u017cna znale\u017a\u0107 zak\u0142ad, kt\u00f3ry przechowuje peletki. Bitcoin mo\u017ce by\u0107 wykorzystany do zakupu 2 mg Diclazepam Pellets online.<\/p>\n<p>Jedn\u0105 z najnowszych benzodiazepin, kt\u00f3re zostan\u0105 udost\u0119pnione do test\u00f3w, jest diclazepam lub chlorodiazepam. Substancja ta jest r\u00f3wnie\u017c 1-metylowym homologiem diazepamu i deklorazepamu. Jego pe\u0142na nazwa chemiczna to 7-chloro-5-(2-chlorofenylo)-1-metylo-1,3-dihydro-2H-1,4-benzodiazepin-2-on. Poniewa\u017c ta cz\u0105steczka jest tak nowa, istnieje wiele mo\u017cliwo\u015bci badawczych.<\/p>\n<p>Nomenklatura IUPAC dla tego zwi\u0105zku brzmi nast\u0119puj\u0105co: 7,5-chloro-5-(2-chlorofenylo)-1-metylo-1 ,3-dihydro-2H-1,4-benzodiazepin-2-on<br \/> Numer CAS: 2894-68-0 0<br \/> Synonimy: Chlorodiazepoksyd benzodiazepiny (2\u2032-chlorodiazepoksyd)<br \/> To jest wz\u00f3r chemiczny dla C16H12Cl2-N2O<br \/> 95,8 procent jego pierwotnej postaci.<br \/> Najpopularniejszym kolorem s\u0105 bia\u0142e granulki.<\/p>\n<p>Kupowanie diclazepamu 2mg granulek online za pomoc\u0105 Bitcoin jest \u0142atwe.<\/p>\n<p>Koszt granulek diklazepamu 2 mg<\/p>\n","protected":false},"excerpt":{"rendered":"<p>Kup Diclazepam Pellet, tani Diclazepam 2mg Pellet na sprzeda\u017c w Wielkiej Brytanii, Europie, Kup wysokiej jako\u015bci Diclazepam w Wielkiej Brytanii Nocna dostawa, Cena Diclazepamu.<\/p>\n<p>Kup Diclazepam 2mg Pellets z bezp\u0142atn\u0105 wysy\u0142k\u0105 do Unii Europejskiej. Najwi\u0119kszy w Europie sprzedawca detaliczny Diclazepam 2mg Pellets. 2 mg granulek diklazepamu mo\u017cna kupi\u0107 online za pomoc\u0105 Bitcoina.<\/p>\n<p>Diklazepam jest zazwyczaj oferowany online przez &#8216;headshopy&#8217; lub&#8217;badania chemiczne&#8217; sprzedawc\u00f3w w postaci bia\u0142ych granulek 1 mg i rzadziej fioletowych granulek 2 mg.<\/p>\n<p>Kup Diclazepam 2 mg Pellets Online to potoczne okre\u015blenie 7-chloro-5-1-metylo-1 1,3-dihydro-2H-1,4-benzodiazepin-2-on.<\/p>\n<p>Zakup online granulek diklazepamu 2 mg. Diklazepam (znany r\u00f3wnie\u017c jako Chlorodiazepam) to syntetyczny depresant benzodiazepinowy, kt\u00f3ry po za\u017cyciu wykazuje dzia\u0142anie por\u00f3wnywalne do diazepamu, w tym t\u0142umienie l\u0119ku, odhamowanie, dzia\u0142anie przeciwdrgawkowe, nasenne, rozlu\u017aniaj\u0105ce mi\u0119\u015bnie i amnezj\u0119. [2<\/p>\n","protected":false},"featured_media":5503,"comment_status":"open","ping_status":"closed","template":"","meta":[],"product_brand":[],"product_cat":[1117],"product_tag":[2835,2838,2837,2834,2836],"class_list":{"0":"post-5494","1":"product","2":"type-product","3":"status-publish","4":"has-post-thumbnail","6":"product_cat-kup-tabletki-na-bol-spanie-seks","7":"product_tag-diklazepam-2-mg","8":"product_tag-gdzie-kupi-diklazepam-2-mg-granulki","9":"product_tag-jako-diklazepam-2-mg","10":"product_tag-kup-diklazepam-2-mg-granulki","11":"product_tag-order-diclazepam-2-mg","13":"first","14":"instock","15":"shipping-taxable","16":"purchasable","17":"product-type-variable","18":"has-default-attributes"},"yoast_head":"<!-- This site is optimized with the Yoast SEO plugin v27.3 - https:\/\/yoast.com\/product\/yoast-seo-wordpress\/ -->\n<title>Kup Diclazepam 2 mg granulki - Diclazepam na sprzeda\u017c - Best Global Meds<\/title>\n<meta name=\"description\" content=\"Kup Diclazepam Pellet, tani Diclazepam 2mg Pellet na sprzeda\u017c w Wielkiej Brytanii, Europie, kup wysokiej jako\u015bci Diclazepam w Wielkiej Brytanii Nocna dostawa, cena Diclazepamu.\" \/>\n<meta name=\"robots\" content=\"index, follow, max-snippet:-1, max-image-preview:large, max-video-preview:-1\" \/>\n<link rel=\"canonical\" href=\"https:\/\/medicinasinc.com\/pl\/product\/kup-diklazepam-2-mg-granulki\/\" \/>\n<meta property=\"og:locale\" content=\"en_US\" \/>\n<meta property=\"og:type\" content=\"article\" \/>\n<meta property=\"og:title\" content=\"Kup Diclazepam 2 mg granulki - Diclazepam na sprzeda\u017c - Best Global Meds\" \/>\n<meta property=\"og:description\" content=\"Kup Diclazepam Pellet, tani Diclazepam 2mg Pellet na sprzeda\u017c w Wielkiej Brytanii, Europie, kup wysokiej jako\u015bci Diclazepam w Wielkiej Brytanii Nocna dostawa, cena Diclazepamu.\" \/>\n<meta property=\"og:url\" content=\"https:\/\/medicinasinc.com\/pl\/product\/kup-diklazepam-2-mg-granulki\/\" \/>\n<meta property=\"og:site_name\" content=\"Medicinas Inc\" \/>\n<meta property=\"article:modified_time\" content=\"2022-03-22T00:54:40+00:00\" \/>\n<meta property=\"og:image\" content=\"https:\/\/medicinasinc.com\/pl\/wp-content\/uploads\/sites\/13\/2022\/02\/Buy-Diclazepam-Pellets-2mg.jpg\" \/>\n\t<meta property=\"og:image:width\" content=\"566\" \/>\n\t<meta property=\"og:image:height\" content=\"462\" \/>\n\t<meta property=\"og:image:type\" content=\"image\/jpeg\" \/>\n<meta name=\"twitter:card\" content=\"summary_large_image\" \/>\n<meta name=\"twitter:label1\" content=\"Est. reading time\" \/>\n\t<meta name=\"twitter:data1\" content=\"1 minute\" \/>\n<script type=\"application\/ld+json\" class=\"yoast-schema-graph\">{\"@context\":\"https:\\\/\\\/schema.org\",\"@graph\":[{\"@type\":\"WebPage\",\"@id\":\"https:\\\/\\\/medicinasinc.com\\\/pl\\\/product\\\/kup-diklazepam-2-mg-granulki\\\/\",\"url\":\"https:\\\/\\\/medicinasinc.com\\\/pl\\\/product\\\/kup-diklazepam-2-mg-granulki\\\/\",\"name\":\"Kup Diclazepam 2 mg granulki - Diclazepam na sprzeda\u017c - Best Global Meds\",\"isPartOf\":{\"@id\":\"https:\\\/\\\/medicinasinc.com\\\/pl\\\/#website\"},\"primaryImageOfPage\":{\"@id\":\"https:\\\/\\\/medicinasinc.com\\\/pl\\\/product\\\/kup-diklazepam-2-mg-granulki\\\/#primaryimage\"},\"image\":{\"@id\":\"https:\\\/\\\/medicinasinc.com\\\/pl\\\/product\\\/kup-diklazepam-2-mg-granulki\\\/#primaryimage\"},\"thumbnailUrl\":\"https:\\\/\\\/medicinasinc.com\\\/pl\\\/wp-content\\\/uploads\\\/sites\\\/13\\\/2022\\\/02\\\/Buy-Diclazepam-Pellets-2mg.jpg\",\"datePublished\":\"2022-02-22T00:31:52+00:00\",\"dateModified\":\"2022-03-22T00:54:40+00:00\",\"description\":\"Kup Diclazepam Pellet, tani Diclazepam 2mg Pellet na sprzeda\u017c w Wielkiej Brytanii, Europie, kup wysokiej jako\u015bci Diclazepam w Wielkiej Brytanii Nocna dostawa, cena Diclazepamu.\",\"breadcrumb\":{\"@id\":\"https:\\\/\\\/medicinasinc.com\\\/pl\\\/product\\\/kup-diklazepam-2-mg-granulki\\\/#breadcrumb\"},\"inLanguage\":\"en-US\",\"potentialAction\":[{\"@type\":\"ReadAction\",\"target\":[\"https:\\\/\\\/medicinasinc.com\\\/pl\\\/product\\\/kup-diklazepam-2-mg-granulki\\\/\"]}]},{\"@type\":\"ImageObject\",\"inLanguage\":\"en-US\",\"@id\":\"https:\\\/\\\/medicinasinc.com\\\/pl\\\/product\\\/kup-diklazepam-2-mg-granulki\\\/#primaryimage\",\"url\":\"https:\\\/\\\/medicinasinc.com\\\/pl\\\/wp-content\\\/uploads\\\/sites\\\/13\\\/2022\\\/02\\\/Buy-Diclazepam-Pellets-2mg.jpg\",\"contentUrl\":\"https:\\\/\\\/medicinasinc.com\\\/pl\\\/wp-content\\\/uploads\\\/sites\\\/13\\\/2022\\\/02\\\/Buy-Diclazepam-Pellets-2mg.jpg\",\"width\":566,\"height\":462},{\"@type\":\"BreadcrumbList\",\"@id\":\"https:\\\/\\\/medicinasinc.com\\\/pl\\\/product\\\/kup-diklazepam-2-mg-granulki\\\/#breadcrumb\",\"itemListElement\":[{\"@type\":\"ListItem\",\"position\":1,\"name\":\"Sklep\",\"item\":\"https:\\\/\\\/medicinasinc.com\\\/pl\\\/sklep\\\/\"},{\"@type\":\"ListItem\",\"position\":2,\"name\":\"Kup peletki Diclazepam 2 mg\"}]},{\"@type\":\"WebSite\",\"@id\":\"https:\\\/\\\/medicinasinc.com\\\/pl\\\/#website\",\"url\":\"https:\\\/\\\/medicinasinc.com\\\/pl\\\/\",\"name\":\"Medicinas Inc\",\"description\":\"Health Medical Clinic\",\"potentialAction\":[{\"@type\":\"SearchAction\",\"target\":{\"@type\":\"EntryPoint\",\"urlTemplate\":\"https:\\\/\\\/medicinasinc.com\\\/pl\\\/?s={search_term_string}\"},\"query-input\":{\"@type\":\"PropertyValueSpecification\",\"valueRequired\":true,\"valueName\":\"search_term_string\"}}],\"inLanguage\":\"en-US\"}]}<\/script>\n<!-- \/ Yoast SEO plugin. -->","yoast_head_json":{"title":"Kup Diclazepam 2 mg granulki - Diclazepam na sprzeda\u017c - Best Global Meds","description":"Kup Diclazepam Pellet, tani Diclazepam 2mg Pellet na sprzeda\u017c w Wielkiej Brytanii, Europie, kup wysokiej jako\u015bci Diclazepam w Wielkiej Brytanii Nocna dostawa, cena Diclazepamu.","robots":{"index":"index","follow":"follow","max-snippet":"max-snippet:-1","max-image-preview":"max-image-preview:large","max-video-preview":"max-video-preview:-1"},"canonical":"https:\/\/medicinasinc.com\/pl\/product\/kup-diklazepam-2-mg-granulki\/","og_locale":"en_US","og_type":"article","og_title":"Kup Diclazepam 2 mg granulki - Diclazepam na sprzeda\u017c - Best Global Meds","og_description":"Kup Diclazepam Pellet, tani Diclazepam 2mg Pellet na sprzeda\u017c w Wielkiej Brytanii, Europie, kup wysokiej jako\u015bci Diclazepam w Wielkiej Brytanii Nocna dostawa, cena Diclazepamu.","og_url":"https:\/\/medicinasinc.com\/pl\/product\/kup-diklazepam-2-mg-granulki\/","og_site_name":"Medicinas Inc","article_modified_time":"2022-03-22T00:54:40+00:00","og_image":[{"width":566,"height":462,"url":"https:\/\/medicinasinc.com\/pl\/wp-content\/uploads\/sites\/13\/2022\/02\/Buy-Diclazepam-Pellets-2mg.jpg","type":"image\/jpeg"}],"twitter_card":"summary_large_image","twitter_misc":{"Est. reading time":"1 minute"},"schema":{"@context":"https:\/\/schema.org","@graph":[{"@type":"WebPage","@id":"https:\/\/medicinasinc.com\/pl\/product\/kup-diklazepam-2-mg-granulki\/","url":"https:\/\/medicinasinc.com\/pl\/product\/kup-diklazepam-2-mg-granulki\/","name":"Kup Diclazepam 2 mg granulki - Diclazepam na sprzeda\u017c - Best Global Meds","isPartOf":{"@id":"https:\/\/medicinasinc.com\/pl\/#website"},"primaryImageOfPage":{"@id":"https:\/\/medicinasinc.com\/pl\/product\/kup-diklazepam-2-mg-granulki\/#primaryimage"},"image":{"@id":"https:\/\/medicinasinc.com\/pl\/product\/kup-diklazepam-2-mg-granulki\/#primaryimage"},"thumbnailUrl":"https:\/\/medicinasinc.com\/pl\/wp-content\/uploads\/sites\/13\/2022\/02\/Buy-Diclazepam-Pellets-2mg.jpg","datePublished":"2022-02-22T00:31:52+00:00","dateModified":"2022-03-22T00:54:40+00:00","description":"Kup Diclazepam Pellet, tani Diclazepam 2mg Pellet na sprzeda\u017c w Wielkiej Brytanii, Europie, kup wysokiej jako\u015bci Diclazepam w Wielkiej Brytanii Nocna dostawa, cena Diclazepamu.","breadcrumb":{"@id":"https:\/\/medicinasinc.com\/pl\/product\/kup-diklazepam-2-mg-granulki\/#breadcrumb"},"inLanguage":"en-US","potentialAction":[{"@type":"ReadAction","target":["https:\/\/medicinasinc.com\/pl\/product\/kup-diklazepam-2-mg-granulki\/"]}]},{"@type":"ImageObject","inLanguage":"en-US","@id":"https:\/\/medicinasinc.com\/pl\/product\/kup-diklazepam-2-mg-granulki\/#primaryimage","url":"https:\/\/medicinasinc.com\/pl\/wp-content\/uploads\/sites\/13\/2022\/02\/Buy-Diclazepam-Pellets-2mg.jpg","contentUrl":"https:\/\/medicinasinc.com\/pl\/wp-content\/uploads\/sites\/13\/2022\/02\/Buy-Diclazepam-Pellets-2mg.jpg","width":566,"height":462},{"@type":"BreadcrumbList","@id":"https:\/\/medicinasinc.com\/pl\/product\/kup-diklazepam-2-mg-granulki\/#breadcrumb","itemListElement":[{"@type":"ListItem","position":1,"name":"Sklep","item":"https:\/\/medicinasinc.com\/pl\/sklep\/"},{"@type":"ListItem","position":2,"name":"Kup peletki Diclazepam 2 mg"}]},{"@type":"WebSite","@id":"https:\/\/medicinasinc.com\/pl\/#website","url":"https:\/\/medicinasinc.com\/pl\/","name":"Medicinas Inc","description":"Health Medical Clinic","potentialAction":[{"@type":"SearchAction","target":{"@type":"EntryPoint","urlTemplate":"https:\/\/medicinasinc.com\/pl\/?s={search_term_string}"},"query-input":{"@type":"PropertyValueSpecification","valueRequired":true,"valueName":"search_term_string"}}],"inLanguage":"en-US"}]}},"_links":{"self":[{"href":"https:\/\/medicinasinc.com\/pl\/wp-json\/wp\/v2\/product\/5494","targetHints":{"allow":["GET"]}}],"collection":[{"href":"https:\/\/medicinasinc.com\/pl\/wp-json\/wp\/v2\/product"}],"about":[{"href":"https:\/\/medicinasinc.com\/pl\/wp-json\/wp\/v2\/types\/product"}],"replies":[{"embeddable":true,"href":"https:\/\/medicinasinc.com\/pl\/wp-json\/wp\/v2\/comments?post=5494"}],"wp:featuredmedia":[{"embeddable":true,"href":"https:\/\/medicinasinc.com\/pl\/wp-json\/wp\/v2\/media\/5503"}],"wp:attachment":[{"href":"https:\/\/medicinasinc.com\/pl\/wp-json\/wp\/v2\/media?parent=5494"}],"wp:term":[{"taxonomy":"product_brand","embeddable":true,"href":"https:\/\/medicinasinc.com\/pl\/wp-json\/wp\/v2\/product_brand?post=5494"},{"taxonomy":"product_cat","embeddable":true,"href":"https:\/\/medicinasinc.com\/pl\/wp-json\/wp\/v2\/product_cat?post=5494"},{"taxonomy":"product_tag","embeddable":true,"href":"https:\/\/medicinasinc.com\/pl\/wp-json\/wp\/v2\/product_tag?post=5494"}],"curies":[{"name":"wp","href":"https:\/\/api.w.org\/{rel}","templated":true}]}}