{"id":5471,"date":"2022-02-22T00:08:30","date_gmt":"2022-02-22T00:08:30","guid":{"rendered":"https:\/\/medicinasinc.com\/pl\/?post_type=product&#038;p=5471"},"modified":"2022-03-22T00:54:50","modified_gmt":"2022-03-22T00:54:50","slug":"kup-krysztal-met-metamfetamine","status":"publish","type":"product","link":"https:\/\/medicinasinc.com\/pl\/product\/kup-krysztal-met-metamfetamine\/","title":{"rendered":"Kup kryszta\u0142ow\u0105 met\u0119 (metamfetamin\u0119)"},"content":{"rendered":"<p><strong>Gdzie kupi\u0107 metamfetamin\u0119 w kryszta\u0142ach<\/strong><\/p>\n<p>Ch\u0119tni do zakupu metamfetaminy, cz\u0119sto znanej jako metamfetamina z kamieni szlachetnych, jest lekiem stymuluj\u0105cym o\u015brodkowy uk\u0142ad nerwowy (CNS), kt\u00f3ry ma du\u017ce znaczenie podobie\u0144stwa do amfetaminy, drugiej najpopularniejszej klasy nielegalnych lek\u00f3w na \u015bwiecie, zaraz po maryjane.<br \/> Podobnie jak amfetamina, promuje zwi\u0119kszon\u0105 aktywno\u015b\u0107, zmniejszony apetyt i og\u00f3lne samopoczucie.<\/p>\n<p>Istnieje jest kilka uznanych zastosowa\u0144 farmaceutycznych Crystal Meth \u2013 Metamfetaminy, w tym leczenie narkolepsji, braku zdolno\u015bci do regularnej koncentracji oraz do u\u017cytku przej\u015bciowego, takiego jak oty\u0142o\u015b\u0107; niemniej jednak te zastosowania lecznicze s\u0105 ograniczone.<\/p>\n<p>Crystal Meth, podobnie jak kokain\u0119, mo\u017cna pali\u0107. Chemical Inc. sprzedaje Crystal Meth \u2013 metamfetamin\u0119.<\/p>\n<p>Jakie cechy ma Crystal Meth \u2013 metamfetamina?<\/p>\n<p>Metamfetaminy s\u0105 stosowane w leczeniu nast\u0119puj\u0105cych schorze\u0144:<\/p>\n<p>ADHDNarkolepsja<\/p>\n<p>Zastosowania medyczne s\u0105 ograniczone.<\/p>\n<p>Methmfetamina \u2014 metamfetamin\u0119, podobnie jak kokain\u0119, mo\u017cna pali\u0107.<\/p>\n<figure class=\"wp-caption alignleft\"><img loading=\"lazy\" decoding=\"async\" class=\" n3VNCb\" src=\"https:\/\/www.detoxplusuk.com\/wp-content\/uploads\/sites\/13\/2019\/01\/Crystal-meth-e1546508093797.png\" alt=\"Crystal Meth - Metamfetamina | Chemical Inc\" width=\"600\" height=\"351\" data-iml=\"71374\" \/><figcaption class=\"wp-caption-text\">Kup Crystal Meth za Bitcoiny<\/figcaption><\/figure>\n<h2><strong>Co to s\u0105 cechy metamfetaminy?<\/strong><\/h2>\n<p><span class=\"tagify__tag-text\">Crystal Meth \u2013 metamfetamina<\/span>\u00a0s\u0105 do leczenia:<\/p>\n<ul>\n<li> ADHD Narkolepsja<\/li>\n<li>Oty\u0142o\u015b\u0107 W ten spos\u00f3b powoduje zwi\u0119kszone dzia\u0142anie, zmniejszenie g\u0142odu i og\u00f3lne poczucie dobrobytu. W momencie, gdy jest u\u017cywany w nadmiarze, ma stopniowo destrukcyjny wp\u0142yw na centralny uk\u0142ad sensoryczny.<\/li>\n<\/ul>\n<h2><\/h2>\n<h2><\/h2>\n<h2><strong>Jakie s\u0105 \u015brodki ostro\u017cno\u015bci dotycz\u0105ce\u00a0<\/strong>Crystal Meth<strong>?<\/strong><\/h2>\n<ul>\n<li>Je\u015bli uwa\u017casz, \u017ce zasz\u0142a\u015b w ci\u0105\u017c\u0119 podczas stosowania leku, natychmiast poinformuj o tym swojego specjalist\u0119, aby utrzyma\u0107 strategiczna odleg\u0142o\u015b\u0107 od trudno\u015bci.<\/li>\n<li>Je\u015bli do\u015bwiadczasz dolegliwo\u015bci serca,<\/li>\n<\/ul>\n<h2><strong>Jakie s\u0105 skutki uboczne \u2013<\/strong>Meth Crystal<strong>? <\/strong><\/h2>\n<p>Nieprzyjazne skutki metamfetaminy obejmuj\u0105:<\/p>\n<ul>\n<li>Wzrost t\u0119tna<\/li>\n<li>Zwi\u0119kszenie temperatury cia\u0142a<\/li>\n<li>Wzrost w tempie odpr\u0119\u017cenia<\/li>\n<li>Rozszerzeni uczniowie<\/li>\n<li>Wstrz\u0105sy Uczucie zachwytu<\/li>\n<li>Zwi\u0119kszony niepok\u00f3j<\/li>\n<li>Dra\u017cliwo\u015b\u0107<\/li>\n<li>Paranoja<\/li>\n<li>Gwa\u0142towne i lekcewa\u017c\u0105ce zachowanie<\/li>\n<li>Chwilowa nadpobudliwo\u015b\u0107 Poszukaj specjalisty w celu rozwa\u017cenia leczenia.<\/li>\n<\/ul>\n<h2><strong>Co si\u0119 sta\u0142o n je\u015bli przegapisz lub przedawkujesz\u00a0<\/strong>Crystal Meth<strong>?<\/strong><\/h2>\n<p>Sprzedawanie porcji metamfetaminy nie jest powa\u017cn\u0105 m\u0119k\u0105, jednak mo\u017cesz po\u015bwi\u0119ci\u0107 tyle czasu, ile sobie przypomnisz, jednak powinien powstrzyma\u0107 si\u0119 od wykonywania podw\u00f3jnych pomiar\u00f3w.<\/p>\n<p>&nbsp;<\/p>\n<p><span class=\"tagify__tag-text\">Metamfetamina<\/span>\u00a0sugeruje si\u0119, aby koncentrowa\u0107 si\u0119 na przedawkowaniu, mo\u017ce bezpo\u015brednio sugerowa\u0107 prawdziwe schorzenia, dlatego najlepszym wyborem jest poszukiwanie pomocy w sytuacjach kryzysowych od ekspert\u00f3w w dziedzinie dobrego samopoczucia. <span class=\"tagify__tag-text\"><a href=\"https:\/\/www.bestglobalmeds.com\/product\/research-chemicals\/buy-crystal-meth\/\">Zam\u00f3w Crystal Meth<\/a>\u00a0\u2013 Metamfetamina online<\/span>\u00a0w Chemical Inc<\/p>\n<h2><strong>Jak przechowywa\u0107 metamfetamin\u0119?<\/strong><\/h2>\n<p>Ponadto, gdzie nie ma \u015bwiat\u0142a i ciep\u0142a, przechowuj metamfetamin\u0119 w temperaturze pokojowej. Podobnie nie sp\u0142ukuj tego leku. Twoje dzieci i zwierz\u0119ta nie mog\u0105 w \u017caden spos\u00f3b \u0142\u0105czy\u0107 tego leku.<\/p>\n<h2><strong>Gdzie kupi\u0107\u00a0<\/strong>Crystal Meth\u00a0<strong>online?<\/strong><\/h2>\n<p>Jednak\u017ce, mo\u017cesz kupi\u0107 Crystal Meth \u2013 Metamfetamin\u0119 online w najbardziej wierz\u0105cym sklepie internetowym \u2013 Chemical Inc.<\/p>\n<p>Kup metamfetamin\u0119 bez lekarstwa, Metamfetaminy dost\u0119pne do kupienia online, najlepszy koszt scenariusza.<br \/> Kup najlepsze leki tutaj w tym momencie! <span class=\"tagify__tag-text\">Kup Crystal Meth online<\/span><\/p>\n<h3><b>U\u017cytkownicy metamfetaminy nie powinni czeka\u0107 na leczenie<\/b><\/h3>\n<p>Podczas gdy wielu fizycznych objawy mo\u017cna odwr\u00f3ci\u0107 przy odpowiednim leczeniu, zaawansowane efekty starzenia i pr\u00f3chnic\u0119 s\u0105 trudne do odwr\u00f3cenia, a uszkodzenia cz\u0119sto s\u0105 trwa\u0142e.<\/p>\n<p>Ponadto u\u017cywanie metamfetaminy mo\u017ce powodowa\u0107 psychoz\u0119 lub zachowania psychotyczne, w kt\u00f3rych u\u017cytkownicy trac\u0105 kontakt z rzeczywisto\u015bci\u0105 i do\u015bwiadczaj\u0105 silnych uroje\u0144, paranoi, halucynacji i obsesyjnych zachowa\u0144, kt\u00f3re uniemo\u017cliwiaj\u0105 im prawdziwe u\u015bwiadomienie sobie szk\u00f3d, jakie sobie wyrz\u0105dzaj\u0105.<\/p>\n<p>Konieczne jest, aby uzale\u017cniony si\u0119gn\u0105\u0142 i natychmiast znalaz\u0142 pomoc lub cierpia\u0142 z tego powodu skutki fizyczne i psychologiczne oraz inne typowe objawy, takie jak zniszczone zwi\u0105zki, n\u0119dza finansowa i oskar\u017cenia o przest\u0119pstwa.<\/p>\n<p>Uzale\u017cnienie dotyka prawie ka\u017cdej rodziny, niszcz\u0105c zdrowie fizyczne i psychiczne, zwi\u0105zki i finanse osobiste. Matki, ojcowie, bracia, siostry, c\u00f3rki i synowie.<\/p>\n<p>Nikt nie jest odporny na przera\u017caj\u0105ce, d\u0142ugoterminowe skutki nadu\u017cywania twardych narkotyk\u00f3w.<br \/> Poni\u017cej otrze\u017awiaj\u0105cy obraz PRAWDZIWYCH os\u00f3b.<\/p>\n<p>Ona pad\u0142a ofiar\u0105 pokusy za\u017cywania narkotyk\u00f3w \u2013 w tym przypadku metamfetaminy \u2013 z jej niszczycielskimi skutkami, kt\u00f3re s\u0105 a\u017c nazbyt widoczne.<br \/> Je\u015bli ty lub bliska osoba cierpicie na uzale\u017cnienie od metamfetaminy, lub je\u015bli chcesz dowiedzie\u0107 si\u0119 wi\u0119cej, odwied\u017a nast\u0119puj\u0105ce strony internetowe, aby uzyska\u0107 pomoc w uzyskaniu pomocy przy odzyskiwaniu.<\/p>\n","protected":false},"excerpt":{"rendered":"<div class=\"woocommerce-product-details__short-description\">\n<p>Kup Crystal Meth na sprzeda\u017c w Wielkiej Brytanii, UE, Europie, USA, Chinach, aby leczy\u0107 raka z pomoc\u0105 bestglobalmeds.com. Najlepsze miejsce, w kt\u00f3rym mo\u017cesz tanio kupi\u0107 metamfetamin\u0119 online.<\/p>\n<p>Kup taniej metamfetaminy online Bez recepty sprzedajemy metamfetamin\u0119 online i wysy\u0142amy na ca\u0142y \u015bwiat w ci\u0105gu 24\/48 godzin. Zam\u00f3w teraz.<\/p>\n<p>Termin &#8220;metoda kryszta\u0142u&#8221; odnosi si\u0119 do metamfetaminy krystalicznej, silnego i silnie uzale\u017cniaj\u0105cego stymulantu, kt\u00f3ry wp\u0142ywa na centralny uk\u0142ad nerwowy.<\/p>\n<p>Mo\u017cesz teraz kupi\u0107 metamfetamin\u0119 online i dostarczy\u0107 j\u0105 nast\u0119pnego dnia. Najbardziej aktualna lub najczystsza forma krystalicznej metamfetaminy jest prawie czysta. Jest bezwonny i nietoksyczny.<\/p>\n<p>Methamrhetamne Jestem silnym \u015brodkiem nerwowym, kt\u00f3ry jest stymulantem, kt\u00f3rego najcz\u0119\u015bciej u\u017cywa\u0142em jako rekreacyjny lek i cz\u0119sto go u\u017cywam<\/p>\n","protected":false},"featured_media":5483,"comment_status":"open","ping_status":"closed","template":"","meta":[],"product_brand":[],"product_cat":[2014],"product_tag":[2823,2801,2802,2803,2814,2806,2811,2812,2813,2815,2818,2819,2817,2805,2831,2832,2807,2810,2809,2808,2800,2799,2821,2820,2822,2816,2825,2824,2826,2833,2827,2828,2804,2830,2829],"class_list":{"0":"post-5471","1":"product","2":"type-product","3":"status-publish","4":"has-post-thumbnail","6":"product_cat-kup-badania-chemikalia","7":"product_tag-n-dz","8":"product_tag-bu-rtl-meth-on-deepweb","9":"product_tag-chrtn","10":"product_tag-chlk","11":"product_tag-ck","12":"product_tag-crystal-mth-australia","13":"product_tag-crystal-mth-reddit","14":"product_tag-crystal-mth-shipping","15":"product_tag-crystal-mth-uk","16":"product_tag-dunk","17":"product_tag-go-go-ju","18":"product_tag-gk","19":"product_tag-id-szybko","20":"product_tag-kosz","21":"product_tag-rtl-metah","22":"product_tag-rtl-m-dla-l-online","23":"product_tag-kryszta-m-d0-b5-efekt","24":"product_tag-kryszta-m-d0-b5-ty-niemcy","25":"product_tag-kryszta-m-d0-b5-na-sprzeda","26":"product_tag-kryszta-m-d0-b5th-europa","27":"product_tag-bu-kryszta-mth-nln","28":"product_tag-kup-kryszta-med-w-australiaale-blisko-ty","29":"product_tag-l-a-gl","30":"product_tag-ld","31":"product_tag-met","32":"product_tag-fr","33":"product_tag-paliwo-rakietowe","34":"product_tag-pk","35":"product_tag-sb-przekski","36":"product_tag-rtl-m-vdr-n-usa","37":"product_tag-tweek","38":"product_tag-wh","39":"product_tag-wata-cukrowa","40":"product_tag-rdr-rtl-mth-n-drknt","41":"product_tag-rdr-kryszta-mth-n-tr","43":"first","44":"instock","45":"shipping-taxable","46":"purchasable","47":"product-type-variable","48":"has-default-attributes"},"yoast_head":"<!-- This site is optimized with the Yoast SEO plugin v27.3 - https:\/\/yoast.com\/product\/yoast-seo-wordpress\/ -->\n<title>Kup Crystal Meth (metamfetamin\u0119) - najlepsze najlepsze globalne leki<\/title>\n<meta name=\"description\" content=\"Kup Crystal Meth na sprzeda\u017c w Wielkiej Brytanii, UE, Europie, USA, Chinach, aby leczy\u0107 raka z pomoc\u0105 bestglobalmeds.com. Najlepsze miejsce, w kt\u00f3rym mo\u017cna tanio kupi\u0107 metamfetamin\u0119 online.\" \/>\n<meta name=\"robots\" content=\"index, follow, max-snippet:-1, max-image-preview:large, max-video-preview:-1\" \/>\n<link rel=\"canonical\" href=\"https:\/\/medicinasinc.com\/pl\/product\/kup-krysztal-met-metamfetamine\/\" \/>\n<meta property=\"og:locale\" content=\"en_US\" \/>\n<meta property=\"og:type\" content=\"article\" \/>\n<meta property=\"og:title\" content=\"Kup Crystal Meth (metamfetamin\u0119) - najlepsze najlepsze globalne leki\" \/>\n<meta property=\"og:description\" content=\"Kup Crystal Meth na sprzeda\u017c w Wielkiej Brytanii, UE, Europie, USA, Chinach, aby leczy\u0107 raka z pomoc\u0105 bestglobalmeds.com. Najlepsze miejsce, w kt\u00f3rym mo\u017cna tanio kupi\u0107 metamfetamin\u0119 online.\" \/>\n<meta property=\"og:url\" content=\"https:\/\/medicinasinc.com\/pl\/product\/kup-krysztal-met-metamfetamine\/\" \/>\n<meta property=\"og:site_name\" content=\"Medicinas Inc\" \/>\n<meta property=\"article:modified_time\" content=\"2022-03-22T00:54:50+00:00\" \/>\n<meta property=\"og:image\" content=\"https:\/\/medicinasinc.com\/pl\/wp-content\/uploads\/sites\/13\/2022\/02\/Buy-Crystal-Meth.jpg\" \/>\n\t<meta property=\"og:image:width\" content=\"1024\" \/>\n\t<meta property=\"og:image:height\" content=\"768\" \/>\n\t<meta property=\"og:image:type\" content=\"image\/jpeg\" \/>\n<meta name=\"twitter:card\" content=\"summary_large_image\" \/>\n<meta name=\"twitter:label1\" content=\"Est. reading time\" \/>\n\t<meta name=\"twitter:data1\" content=\"3 minutes\" \/>\n<script type=\"application\/ld+json\" class=\"yoast-schema-graph\">{\"@context\":\"https:\\\/\\\/schema.org\",\"@graph\":[{\"@type\":\"WebPage\",\"@id\":\"https:\\\/\\\/medicinasinc.com\\\/pl\\\/product\\\/kup-krysztal-met-metamfetamine\\\/\",\"url\":\"https:\\\/\\\/medicinasinc.com\\\/pl\\\/product\\\/kup-krysztal-met-metamfetamine\\\/\",\"name\":\"Kup Crystal Meth (metamfetamin\u0119) - najlepsze najlepsze globalne leki\",\"isPartOf\":{\"@id\":\"https:\\\/\\\/medicinasinc.com\\\/pl\\\/#website\"},\"primaryImageOfPage\":{\"@id\":\"https:\\\/\\\/medicinasinc.com\\\/pl\\\/product\\\/kup-krysztal-met-metamfetamine\\\/#primaryimage\"},\"image\":{\"@id\":\"https:\\\/\\\/medicinasinc.com\\\/pl\\\/product\\\/kup-krysztal-met-metamfetamine\\\/#primaryimage\"},\"thumbnailUrl\":\"https:\\\/\\\/medicinasinc.com\\\/pl\\\/wp-content\\\/uploads\\\/sites\\\/13\\\/2022\\\/02\\\/Buy-Crystal-Meth.jpg\",\"datePublished\":\"2022-02-22T00:08:30+00:00\",\"dateModified\":\"2022-03-22T00:54:50+00:00\",\"description\":\"Kup Crystal Meth na sprzeda\u017c w Wielkiej Brytanii, UE, Europie, USA, Chinach, aby leczy\u0107 raka z pomoc\u0105 bestglobalmeds.com. Najlepsze miejsce, w kt\u00f3rym mo\u017cna tanio kupi\u0107 metamfetamin\u0119 online.\",\"breadcrumb\":{\"@id\":\"https:\\\/\\\/medicinasinc.com\\\/pl\\\/product\\\/kup-krysztal-met-metamfetamine\\\/#breadcrumb\"},\"inLanguage\":\"en-US\",\"potentialAction\":[{\"@type\":\"ReadAction\",\"target\":[\"https:\\\/\\\/medicinasinc.com\\\/pl\\\/product\\\/kup-krysztal-met-metamfetamine\\\/\"]}]},{\"@type\":\"ImageObject\",\"inLanguage\":\"en-US\",\"@id\":\"https:\\\/\\\/medicinasinc.com\\\/pl\\\/product\\\/kup-krysztal-met-metamfetamine\\\/#primaryimage\",\"url\":\"https:\\\/\\\/medicinasinc.com\\\/pl\\\/wp-content\\\/uploads\\\/sites\\\/13\\\/2022\\\/02\\\/Buy-Crystal-Meth.jpg\",\"contentUrl\":\"https:\\\/\\\/medicinasinc.com\\\/pl\\\/wp-content\\\/uploads\\\/sites\\\/13\\\/2022\\\/02\\\/Buy-Crystal-Meth.jpg\",\"width\":1024,\"height\":768},{\"@type\":\"BreadcrumbList\",\"@id\":\"https:\\\/\\\/medicinasinc.com\\\/pl\\\/product\\\/kup-krysztal-met-metamfetamine\\\/#breadcrumb\",\"itemListElement\":[{\"@type\":\"ListItem\",\"position\":1,\"name\":\"Sklep\",\"item\":\"https:\\\/\\\/medicinasinc.com\\\/pl\\\/sklep\\\/\"},{\"@type\":\"ListItem\",\"position\":2,\"name\":\"Kup kryszta\u0142ow\u0105 met\u0119 (metamfetamin\u0119)\"}]},{\"@type\":\"WebSite\",\"@id\":\"https:\\\/\\\/medicinasinc.com\\\/pl\\\/#website\",\"url\":\"https:\\\/\\\/medicinasinc.com\\\/pl\\\/\",\"name\":\"Medicinas Inc\",\"description\":\"Health Medical Clinic\",\"potentialAction\":[{\"@type\":\"SearchAction\",\"target\":{\"@type\":\"EntryPoint\",\"urlTemplate\":\"https:\\\/\\\/medicinasinc.com\\\/pl\\\/?s={search_term_string}\"},\"query-input\":{\"@type\":\"PropertyValueSpecification\",\"valueRequired\":true,\"valueName\":\"search_term_string\"}}],\"inLanguage\":\"en-US\"}]}<\/script>\n<!-- \/ Yoast SEO plugin. -->","yoast_head_json":{"title":"Kup Crystal Meth (metamfetamin\u0119) - najlepsze najlepsze globalne leki","description":"Kup Crystal Meth na sprzeda\u017c w Wielkiej Brytanii, UE, Europie, USA, Chinach, aby leczy\u0107 raka z pomoc\u0105 bestglobalmeds.com. Najlepsze miejsce, w kt\u00f3rym mo\u017cna tanio kupi\u0107 metamfetamin\u0119 online.","robots":{"index":"index","follow":"follow","max-snippet":"max-snippet:-1","max-image-preview":"max-image-preview:large","max-video-preview":"max-video-preview:-1"},"canonical":"https:\/\/medicinasinc.com\/pl\/product\/kup-krysztal-met-metamfetamine\/","og_locale":"en_US","og_type":"article","og_title":"Kup Crystal Meth (metamfetamin\u0119) - najlepsze najlepsze globalne leki","og_description":"Kup Crystal Meth na sprzeda\u017c w Wielkiej Brytanii, UE, Europie, USA, Chinach, aby leczy\u0107 raka z pomoc\u0105 bestglobalmeds.com. Najlepsze miejsce, w kt\u00f3rym mo\u017cna tanio kupi\u0107 metamfetamin\u0119 online.","og_url":"https:\/\/medicinasinc.com\/pl\/product\/kup-krysztal-met-metamfetamine\/","og_site_name":"Medicinas Inc","article_modified_time":"2022-03-22T00:54:50+00:00","og_image":[{"width":1024,"height":768,"url":"https:\/\/medicinasinc.com\/pl\/wp-content\/uploads\/sites\/13\/2022\/02\/Buy-Crystal-Meth.jpg","type":"image\/jpeg"}],"twitter_card":"summary_large_image","twitter_misc":{"Est. reading time":"3 minutes"},"schema":{"@context":"https:\/\/schema.org","@graph":[{"@type":"WebPage","@id":"https:\/\/medicinasinc.com\/pl\/product\/kup-krysztal-met-metamfetamine\/","url":"https:\/\/medicinasinc.com\/pl\/product\/kup-krysztal-met-metamfetamine\/","name":"Kup Crystal Meth (metamfetamin\u0119) - najlepsze najlepsze globalne leki","isPartOf":{"@id":"https:\/\/medicinasinc.com\/pl\/#website"},"primaryImageOfPage":{"@id":"https:\/\/medicinasinc.com\/pl\/product\/kup-krysztal-met-metamfetamine\/#primaryimage"},"image":{"@id":"https:\/\/medicinasinc.com\/pl\/product\/kup-krysztal-met-metamfetamine\/#primaryimage"},"thumbnailUrl":"https:\/\/medicinasinc.com\/pl\/wp-content\/uploads\/sites\/13\/2022\/02\/Buy-Crystal-Meth.jpg","datePublished":"2022-02-22T00:08:30+00:00","dateModified":"2022-03-22T00:54:50+00:00","description":"Kup Crystal Meth na sprzeda\u017c w Wielkiej Brytanii, UE, Europie, USA, Chinach, aby leczy\u0107 raka z pomoc\u0105 bestglobalmeds.com. Najlepsze miejsce, w kt\u00f3rym mo\u017cna tanio kupi\u0107 metamfetamin\u0119 online.","breadcrumb":{"@id":"https:\/\/medicinasinc.com\/pl\/product\/kup-krysztal-met-metamfetamine\/#breadcrumb"},"inLanguage":"en-US","potentialAction":[{"@type":"ReadAction","target":["https:\/\/medicinasinc.com\/pl\/product\/kup-krysztal-met-metamfetamine\/"]}]},{"@type":"ImageObject","inLanguage":"en-US","@id":"https:\/\/medicinasinc.com\/pl\/product\/kup-krysztal-met-metamfetamine\/#primaryimage","url":"https:\/\/medicinasinc.com\/pl\/wp-content\/uploads\/sites\/13\/2022\/02\/Buy-Crystal-Meth.jpg","contentUrl":"https:\/\/medicinasinc.com\/pl\/wp-content\/uploads\/sites\/13\/2022\/02\/Buy-Crystal-Meth.jpg","width":1024,"height":768},{"@type":"BreadcrumbList","@id":"https:\/\/medicinasinc.com\/pl\/product\/kup-krysztal-met-metamfetamine\/#breadcrumb","itemListElement":[{"@type":"ListItem","position":1,"name":"Sklep","item":"https:\/\/medicinasinc.com\/pl\/sklep\/"},{"@type":"ListItem","position":2,"name":"Kup kryszta\u0142ow\u0105 met\u0119 (metamfetamin\u0119)"}]},{"@type":"WebSite","@id":"https:\/\/medicinasinc.com\/pl\/#website","url":"https:\/\/medicinasinc.com\/pl\/","name":"Medicinas Inc","description":"Health Medical Clinic","potentialAction":[{"@type":"SearchAction","target":{"@type":"EntryPoint","urlTemplate":"https:\/\/medicinasinc.com\/pl\/?s={search_term_string}"},"query-input":{"@type":"PropertyValueSpecification","valueRequired":true,"valueName":"search_term_string"}}],"inLanguage":"en-US"}]}},"_links":{"self":[{"href":"https:\/\/medicinasinc.com\/pl\/wp-json\/wp\/v2\/product\/5471","targetHints":{"allow":["GET"]}}],"collection":[{"href":"https:\/\/medicinasinc.com\/pl\/wp-json\/wp\/v2\/product"}],"about":[{"href":"https:\/\/medicinasinc.com\/pl\/wp-json\/wp\/v2\/types\/product"}],"replies":[{"embeddable":true,"href":"https:\/\/medicinasinc.com\/pl\/wp-json\/wp\/v2\/comments?post=5471"}],"wp:featuredmedia":[{"embeddable":true,"href":"https:\/\/medicinasinc.com\/pl\/wp-json\/wp\/v2\/media\/5483"}],"wp:attachment":[{"href":"https:\/\/medicinasinc.com\/pl\/wp-json\/wp\/v2\/media?parent=5471"}],"wp:term":[{"taxonomy":"product_brand","embeddable":true,"href":"https:\/\/medicinasinc.com\/pl\/wp-json\/wp\/v2\/product_brand?post=5471"},{"taxonomy":"product_cat","embeddable":true,"href":"https:\/\/medicinasinc.com\/pl\/wp-json\/wp\/v2\/product_cat?post=5471"},{"taxonomy":"product_tag","embeddable":true,"href":"https:\/\/medicinasinc.com\/pl\/wp-json\/wp\/v2\/product_tag?post=5471"}],"curies":[{"name":"wp","href":"https:\/\/api.w.org\/{rel}","templated":true}]}}