{"id":5470,"date":"2022-02-22T00:06:57","date_gmt":"2022-02-22T00:06:57","guid":{"rendered":"https:\/\/medicinasinc.com\/pl\/?post_type=product&#038;p=5470"},"modified":"2022-03-22T00:54:58","modified_gmt":"2022-03-22T00:54:58","slug":"kup-krysztal-pvp","status":"publish","type":"product","link":"https:\/\/medicinasinc.com\/pl\/product\/kup-krysztal-pvp\/","title":{"rendered":"Kup kryszta\u0142 TH-PVP"},"content":{"rendered":"<p>Kup kryszta\u0142 TH-PVP ze zni\u017ck\u0105 przez Internet.<\/p>\n<p>Kup kryszta\u0142 TH-PVP ze zni\u017ck\u0105 przez Internet.<\/p>\n<p>Kup TH-PVP przez Internet od najbardziej renomowanej firmy zajmuj\u0105cej si\u0119 transportem biurowym na \u015bwiecie .<\/p>\n<p>TH-PVP, podobnie jak PVP, jest energetyzatorem. Niewiele wiadomo na temat tej substancji chemicznej w tym zakresie, co stwarza ogromne mo\u017cliwo\u015bci badawcze.<\/p>\n<p>Jeste\u015bmy najlepszym dostawc\u0105 TH-PVP w Chinach i jeste\u015bmy powszechnie uwa\u017cani za najlepszego dealera TH-PVP Reddit. Je\u015bli szukasz legalnego sprzedawcy okazji TH-PVP, nie id\u017a dalej ni\u017c my.<\/p>\n<p>KUP TH-PVP ONLINE W NASZYM SKLEPIE<\/p>\n<p>Je\u015bli szukasz TH-PVP -PVP sklep w sieci, kt\u00f3ry pozwala bezpiecznie kupi\u0107 klejnot TH-PVP, Classicarabians to najlepszy zak\u0142ad. Mamy pod r\u0119k\u0105 wiele r\u00f3\u017cnych syntetyk\u00f3w do cel\u00f3w badawczych, a tak\u017ce TH-PVP i inne odpowiedniki TH-PVP. Nasza technika jest do\u015b\u0107 jasna i nieskomplikowana, aby korzysta\u0107 z zaawansowanego wpisu, aby tanio kupi\u0107 klejnoty TH-PVP online od producent\u00f3w i dostawc\u00f3w w Chinach.<\/p>\n<p>Je\u015bli mieszkasz w Stanach Zjednoczonych Ameryki, Kanadzie, Wielkiej Brytanii, Australia lub Europa i pilnie potrzebujesz przedmiotu, oferujemy wysy\u0142k\u0119 na ca\u0142y \u015bwiat. Niezale\u017cnie od tego, zach\u0119camy do zapoznania si\u0119 z zastosowaniami i objawami TH-PVP przed z\u0142o\u017ceniem wniosku. Dodatkowo powiniene\u015b zdawa\u0107 sobie spraw\u0119 z pewnych realnych konsekwencji zwi\u0105zanych z kupowaniem klejnot\u00f3w TH-PVP online bez lekarstwa w twoim stanie. Classicarabians jest najwi\u0119kszym sprzedawc\u0105 TH-PVP online, dzi\u0119ki czemu mo\u017cesz uzupe\u0142ni\u0107 swoje logiczne dochodzenie o naj\u0142atwiej dost\u0119pne materia\u0142y. Niezale\u017cnie od tego, zach\u0119camy do zapoznania si\u0119 z zastosowaniami i objawami TH-PVP przed z\u0142o\u017ceniem wniosku. Dodatkowo powiniene\u015b by\u0107 \u015bwiadomy pewnych rzeczywistych konsekwencji zwi\u0105zanych z kupowaniem klejnot\u00f3w TH-PVP online bez lekarstwa w twoim stanie.<\/p>\n<p>Zapewniamy najwi\u0119ksz\u0105 ilo\u015b\u0107 i jako\u015b\u0107 rzeczy. Staraj si\u0119 nie marnowa\u0107 czasu. Prze\u015blij teraz swoj\u0105 pro\u015bb\u0119, a przedmiot zostanie dostarczony do Twojego domu. Dodatkowo mamy wosk gwiazdy \u015bmierci.<\/p>\n","protected":false},"excerpt":{"rendered":"<div class=\"woocommerce-product-details__short-description\">\n<div class=\"char\">SPECYFIKACJA<\/div>\n<div class=\"specyfikacja\">\n<div class=\"sprow\"><span class=\"spname\">Nazwa produktu:<\/span><span class=\"sptext\">TH-PVP<\/span><\/div>\n<div class=\"sprow\"><span class=\"spname\">Nazwa IUPAC:<\/span> <span class=\"sptext\">2-(pirolidyn-1-ylo)-1-(5,6,7,8-tetrahydronaftalen-2-ylo)pentan-1-on<\/span><\/div>\n<div class=\"sprow\"><span class=\"spname\">Inne nazwy:<\/span><span class=\"sptext\">TH-\u03b1-PVP<\/span><\/div>\n<div class=\"sprow\"> <span class=\"spname\">Numer sprawy:<\/span><span class=\"sptext\">583123-2-1<\/span><\/div>\n<div class=\"sprow\"><span class=\"spname \">Wz\u00f3r cz\u0105steczkowy:<\/span><span class=\"sptext\">C19H27NO<\/span><\/div>\n<div class=\"sprow\"><span class=\"spname\">Efekt:<\/span><span class=\"sptext\">\u015brodek pobudzaj\u0105cy, psychodeliczny<\/span><\/div>\n<div class=\"sprow\"><span class=\"spname\">Czysto\u015b\u0107 substancji:<\/span><span class=\"sptext\"> 99,9%<\/span><\/div>\n<div class=\"sprow\"><\/div>\n<\/p><\/div>\n<p><em>Kup<\/em>\u00a0wysokiej jako\u015bci\u00a0<em>TH pvp na linia<\/em>\u00a0po cenach hurtowych chi\u0144ski\u00a0dostawca <em>TH pvp<\/em>. &#8230; gdzie mo\u017cesz\u00a0<em>kupi\u0107<\/em>\u00a0th-pvp\u00a0<em>kryszta\u0142 przez internet<\/em>\u00a0po\u00a0<em>cenach<\/em><\/p>\n<p><em>Kup TH<\/em> &#8211;<em>PVP<\/em>\u00a0Rock\u00a0<em>Crystal<\/em> od Approved Drug Supplies w najlepszej cenie na Bestglobalmeds.com<\/p>\n<p>Kup TH-PVP Crystal w najni\u017cszej cenie online. Gwarantujemy, \u017ce wysy\u0142ka na ca\u0142y \u015bwiat b\u0119dzie z nami bezpieczna. th-pvp\u00a0recenzja<\/p>\n<p>Gdzie kupi\u0107 niedrogi kryszta\u0142 TH-PVP?<\/p>\n<p>Sprzeda\u017c kryszta\u0142\u00f3w | Kup TH-PVP Crystal przez Internet | Kup proszek kryszta\u0142owy TH-PVP na sprzeda\u017c | Kup tanio TH-PVP Kryszta\u0142owy proszek | Gdzie kupi\u0107 proszek TH-PVP Crystal | Prawdziwy kryszta\u0142 TH-PVP online.<\/p>\n<\/p><\/div>\n","protected":false},"featured_media":5481,"comment_status":"open","ping_status":"closed","template":"","meta":[],"product_brand":[],"product_cat":[2014],"product_tag":[2796,2798,2787,2789,2790,2791,2778,2779,2781,2780,2786,2784,2785,2782,2793,2795,2797,2794,2792,2788,2783],"class_list":{"0":"post-5470","1":"product","2":"type-product","3":"status-publish","4":"has-post-thumbnail","6":"product_cat-kup-badania-chemikalia","7":"product_tag-dostawca-pvp-krysztaw-kamiennych","8":"product_tag-gdzie-kupi-ty-pvp-kryszta-kamienny","9":"product_tag-th-pvp-kryszta-kamienny","10":"product_tag-th-pvp-kryszta-skalny-na-sprzeda","11":"product_tag-th-pvp-kryszta-skalny-na-sprzeda-uk","12":"product_tag-th-pvp-kryszta-skalny-online","13":"product_tag-kup-pvp-kryszta-kamienny","14":"product_tag-kup-pvp-kryszta-skalny-online","15":"product_tag-kup-pvp-kryszta-skalny-usa","16":"product_tag-kup-pvp-kryszta-stymulatory","17":"product_tag-zakupiony-pvp-kryszta-kamienny","18":"product_tag-order-th-pvp-rock-crystal-eu","19":"product_tag-order-th-pvp-rock-crystal-online","20":"product_tag-mail-th-pvp-kryszta-kamienny","21":"product_tag-th-pvp-kryszta-kryszta-recenzja","22":"product_tag-th-pvp-krysztalow-skaly-stymulatory-sprzedam","23":"product_tag-th-pvp-sprzedawca-krysztaw-kamiennych","24":"product_tag-th-pvp-kryszta-skalny-stymulatory","25":"product_tag-th-pvp-kryszta-rock-reddit","26":"product_tag-th-pvp-kryszta-skalny-australia","27":"product_tag-zamwienie-th-pvp-kryszta-kamienny","29":"first","30":"instock","31":"shipping-taxable","32":"purchasable","33":"product-type-variable","34":"has-default-attributes"},"yoast_head":"<!-- This site is optimized with the Yoast SEO plugin v27.3 - https:\/\/yoast.com\/product\/yoast-seo-wordpress\/ -->\n<title>Kup tanie TH-PVP Crystal Online - Najlepsza globalna medycyna<\/title>\n<meta name=\"description\" content=\"Kup tanio kryszta\u0142 TH-PVP online. Prawdziwy TH-PVP Crystal online \u2013 TH-PVP Crystal na sprzeda\u017c | Kup TH-PVP Crystal przez Internet | Kup proszek kryszta\u0142owy TH-PVP na sprzeda\u017c| Kup tanio TH-PVP Kryszta\u0142owy proszek | Gdzie kupi\u0107 proszek TH-PVP Crystal w Internecie.\" \/>\n<meta name=\"robots\" content=\"index, follow, max-snippet:-1, max-image-preview:large, max-video-preview:-1\" \/>\n<link rel=\"canonical\" href=\"https:\/\/medicinasinc.com\/pl\/product\/kup-krysztal-pvp\/\" \/>\n<meta property=\"og:locale\" content=\"en_US\" \/>\n<meta property=\"og:type\" content=\"article\" \/>\n<meta property=\"og:title\" content=\"Kup tanie TH-PVP Crystal Online - Najlepsza globalna medycyna\" \/>\n<meta property=\"og:description\" content=\"Kup tanio kryszta\u0142 TH-PVP online. Prawdziwy TH-PVP Crystal online \u2013 TH-PVP Crystal na sprzeda\u017c | Kup TH-PVP Crystal przez Internet | Kup proszek kryszta\u0142owy TH-PVP na sprzeda\u017c| Kup tanio TH-PVP Kryszta\u0142owy proszek | Gdzie kupi\u0107 proszek TH-PVP Crystal w Internecie.\" \/>\n<meta property=\"og:url\" content=\"https:\/\/medicinasinc.com\/pl\/product\/kup-krysztal-pvp\/\" \/>\n<meta property=\"og:site_name\" content=\"Medicinas Inc\" \/>\n<meta property=\"article:modified_time\" content=\"2022-03-22T00:54:58+00:00\" \/>\n<meta property=\"og:image\" content=\"https:\/\/medicinasinc.com\/pl\/wp-content\/uploads\/sites\/13\/2022\/02\/buy-cheap-th-pvp-crystal-online.jpg\" \/>\n\t<meta property=\"og:image:width\" content=\"600\" \/>\n\t<meta property=\"og:image:height\" content=\"600\" \/>\n\t<meta property=\"og:image:type\" content=\"image\/jpeg\" \/>\n<meta name=\"twitter:card\" content=\"summary_large_image\" \/>\n<meta name=\"twitter:label1\" content=\"Est. reading time\" \/>\n\t<meta name=\"twitter:data1\" content=\"2 minutes\" \/>\n<script type=\"application\/ld+json\" class=\"yoast-schema-graph\">{\"@context\":\"https:\\\/\\\/schema.org\",\"@graph\":[{\"@type\":\"WebPage\",\"@id\":\"https:\\\/\\\/medicinasinc.com\\\/pl\\\/product\\\/kup-krysztal-pvp\\\/\",\"url\":\"https:\\\/\\\/medicinasinc.com\\\/pl\\\/product\\\/kup-krysztal-pvp\\\/\",\"name\":\"Kup tanie TH-PVP Crystal Online - Najlepsza globalna medycyna\",\"isPartOf\":{\"@id\":\"https:\\\/\\\/medicinasinc.com\\\/pl\\\/#website\"},\"primaryImageOfPage\":{\"@id\":\"https:\\\/\\\/medicinasinc.com\\\/pl\\\/product\\\/kup-krysztal-pvp\\\/#primaryimage\"},\"image\":{\"@id\":\"https:\\\/\\\/medicinasinc.com\\\/pl\\\/product\\\/kup-krysztal-pvp\\\/#primaryimage\"},\"thumbnailUrl\":\"https:\\\/\\\/medicinasinc.com\\\/pl\\\/wp-content\\\/uploads\\\/sites\\\/13\\\/2022\\\/02\\\/buy-cheap-th-pvp-crystal-online.jpg\",\"datePublished\":\"2022-02-22T00:06:57+00:00\",\"dateModified\":\"2022-03-22T00:54:58+00:00\",\"description\":\"Kup tanio kryszta\u0142 TH-PVP online. Prawdziwy TH-PVP Crystal online \u2013 TH-PVP Crystal na sprzeda\u017c | Kup TH-PVP Crystal przez Internet | Kup proszek kryszta\u0142owy TH-PVP na sprzeda\u017c| Kup tanio TH-PVP Kryszta\u0142owy proszek | Gdzie kupi\u0107 proszek TH-PVP Crystal w Internecie.\",\"breadcrumb\":{\"@id\":\"https:\\\/\\\/medicinasinc.com\\\/pl\\\/product\\\/kup-krysztal-pvp\\\/#breadcrumb\"},\"inLanguage\":\"en-US\",\"potentialAction\":[{\"@type\":\"ReadAction\",\"target\":[\"https:\\\/\\\/medicinasinc.com\\\/pl\\\/product\\\/kup-krysztal-pvp\\\/\"]}]},{\"@type\":\"ImageObject\",\"inLanguage\":\"en-US\",\"@id\":\"https:\\\/\\\/medicinasinc.com\\\/pl\\\/product\\\/kup-krysztal-pvp\\\/#primaryimage\",\"url\":\"https:\\\/\\\/medicinasinc.com\\\/pl\\\/wp-content\\\/uploads\\\/sites\\\/13\\\/2022\\\/02\\\/buy-cheap-th-pvp-crystal-online.jpg\",\"contentUrl\":\"https:\\\/\\\/medicinasinc.com\\\/pl\\\/wp-content\\\/uploads\\\/sites\\\/13\\\/2022\\\/02\\\/buy-cheap-th-pvp-crystal-online.jpg\",\"width\":600,\"height\":600},{\"@type\":\"BreadcrumbList\",\"@id\":\"https:\\\/\\\/medicinasinc.com\\\/pl\\\/product\\\/kup-krysztal-pvp\\\/#breadcrumb\",\"itemListElement\":[{\"@type\":\"ListItem\",\"position\":1,\"name\":\"Sklep\",\"item\":\"https:\\\/\\\/medicinasinc.com\\\/pl\\\/sklep\\\/\"},{\"@type\":\"ListItem\",\"position\":2,\"name\":\"Kup kryszta\u0142 TH-PVP\"}]},{\"@type\":\"WebSite\",\"@id\":\"https:\\\/\\\/medicinasinc.com\\\/pl\\\/#website\",\"url\":\"https:\\\/\\\/medicinasinc.com\\\/pl\\\/\",\"name\":\"Medicinas Inc\",\"description\":\"Health Medical Clinic\",\"potentialAction\":[{\"@type\":\"SearchAction\",\"target\":{\"@type\":\"EntryPoint\",\"urlTemplate\":\"https:\\\/\\\/medicinasinc.com\\\/pl\\\/?s={search_term_string}\"},\"query-input\":{\"@type\":\"PropertyValueSpecification\",\"valueRequired\":true,\"valueName\":\"search_term_string\"}}],\"inLanguage\":\"en-US\"}]}<\/script>\n<!-- \/ Yoast SEO plugin. -->","yoast_head_json":{"title":"Kup tanie TH-PVP Crystal Online - Najlepsza globalna medycyna","description":"Kup tanio kryszta\u0142 TH-PVP online. Prawdziwy TH-PVP Crystal online \u2013 TH-PVP Crystal na sprzeda\u017c | Kup TH-PVP Crystal przez Internet | Kup proszek kryszta\u0142owy TH-PVP na sprzeda\u017c| Kup tanio TH-PVP Kryszta\u0142owy proszek | Gdzie kupi\u0107 proszek TH-PVP Crystal w Internecie.","robots":{"index":"index","follow":"follow","max-snippet":"max-snippet:-1","max-image-preview":"max-image-preview:large","max-video-preview":"max-video-preview:-1"},"canonical":"https:\/\/medicinasinc.com\/pl\/product\/kup-krysztal-pvp\/","og_locale":"en_US","og_type":"article","og_title":"Kup tanie TH-PVP Crystal Online - Najlepsza globalna medycyna","og_description":"Kup tanio kryszta\u0142 TH-PVP online. Prawdziwy TH-PVP Crystal online \u2013 TH-PVP Crystal na sprzeda\u017c | Kup TH-PVP Crystal przez Internet | Kup proszek kryszta\u0142owy TH-PVP na sprzeda\u017c| Kup tanio TH-PVP Kryszta\u0142owy proszek | Gdzie kupi\u0107 proszek TH-PVP Crystal w Internecie.","og_url":"https:\/\/medicinasinc.com\/pl\/product\/kup-krysztal-pvp\/","og_site_name":"Medicinas Inc","article_modified_time":"2022-03-22T00:54:58+00:00","og_image":[{"width":600,"height":600,"url":"https:\/\/medicinasinc.com\/pl\/wp-content\/uploads\/sites\/13\/2022\/02\/buy-cheap-th-pvp-crystal-online.jpg","type":"image\/jpeg"}],"twitter_card":"summary_large_image","twitter_misc":{"Est. reading time":"2 minutes"},"schema":{"@context":"https:\/\/schema.org","@graph":[{"@type":"WebPage","@id":"https:\/\/medicinasinc.com\/pl\/product\/kup-krysztal-pvp\/","url":"https:\/\/medicinasinc.com\/pl\/product\/kup-krysztal-pvp\/","name":"Kup tanie TH-PVP Crystal Online - Najlepsza globalna medycyna","isPartOf":{"@id":"https:\/\/medicinasinc.com\/pl\/#website"},"primaryImageOfPage":{"@id":"https:\/\/medicinasinc.com\/pl\/product\/kup-krysztal-pvp\/#primaryimage"},"image":{"@id":"https:\/\/medicinasinc.com\/pl\/product\/kup-krysztal-pvp\/#primaryimage"},"thumbnailUrl":"https:\/\/medicinasinc.com\/pl\/wp-content\/uploads\/sites\/13\/2022\/02\/buy-cheap-th-pvp-crystal-online.jpg","datePublished":"2022-02-22T00:06:57+00:00","dateModified":"2022-03-22T00:54:58+00:00","description":"Kup tanio kryszta\u0142 TH-PVP online. Prawdziwy TH-PVP Crystal online \u2013 TH-PVP Crystal na sprzeda\u017c | Kup TH-PVP Crystal przez Internet | Kup proszek kryszta\u0142owy TH-PVP na sprzeda\u017c| Kup tanio TH-PVP Kryszta\u0142owy proszek | Gdzie kupi\u0107 proszek TH-PVP Crystal w Internecie.","breadcrumb":{"@id":"https:\/\/medicinasinc.com\/pl\/product\/kup-krysztal-pvp\/#breadcrumb"},"inLanguage":"en-US","potentialAction":[{"@type":"ReadAction","target":["https:\/\/medicinasinc.com\/pl\/product\/kup-krysztal-pvp\/"]}]},{"@type":"ImageObject","inLanguage":"en-US","@id":"https:\/\/medicinasinc.com\/pl\/product\/kup-krysztal-pvp\/#primaryimage","url":"https:\/\/medicinasinc.com\/pl\/wp-content\/uploads\/sites\/13\/2022\/02\/buy-cheap-th-pvp-crystal-online.jpg","contentUrl":"https:\/\/medicinasinc.com\/pl\/wp-content\/uploads\/sites\/13\/2022\/02\/buy-cheap-th-pvp-crystal-online.jpg","width":600,"height":600},{"@type":"BreadcrumbList","@id":"https:\/\/medicinasinc.com\/pl\/product\/kup-krysztal-pvp\/#breadcrumb","itemListElement":[{"@type":"ListItem","position":1,"name":"Sklep","item":"https:\/\/medicinasinc.com\/pl\/sklep\/"},{"@type":"ListItem","position":2,"name":"Kup kryszta\u0142 TH-PVP"}]},{"@type":"WebSite","@id":"https:\/\/medicinasinc.com\/pl\/#website","url":"https:\/\/medicinasinc.com\/pl\/","name":"Medicinas Inc","description":"Health Medical Clinic","potentialAction":[{"@type":"SearchAction","target":{"@type":"EntryPoint","urlTemplate":"https:\/\/medicinasinc.com\/pl\/?s={search_term_string}"},"query-input":{"@type":"PropertyValueSpecification","valueRequired":true,"valueName":"search_term_string"}}],"inLanguage":"en-US"}]}},"_links":{"self":[{"href":"https:\/\/medicinasinc.com\/pl\/wp-json\/wp\/v2\/product\/5470","targetHints":{"allow":["GET"]}}],"collection":[{"href":"https:\/\/medicinasinc.com\/pl\/wp-json\/wp\/v2\/product"}],"about":[{"href":"https:\/\/medicinasinc.com\/pl\/wp-json\/wp\/v2\/types\/product"}],"replies":[{"embeddable":true,"href":"https:\/\/medicinasinc.com\/pl\/wp-json\/wp\/v2\/comments?post=5470"}],"wp:featuredmedia":[{"embeddable":true,"href":"https:\/\/medicinasinc.com\/pl\/wp-json\/wp\/v2\/media\/5481"}],"wp:attachment":[{"href":"https:\/\/medicinasinc.com\/pl\/wp-json\/wp\/v2\/media?parent=5470"}],"wp:term":[{"taxonomy":"product_brand","embeddable":true,"href":"https:\/\/medicinasinc.com\/pl\/wp-json\/wp\/v2\/product_brand?post=5470"},{"taxonomy":"product_cat","embeddable":true,"href":"https:\/\/medicinasinc.com\/pl\/wp-json\/wp\/v2\/product_cat?post=5470"},{"taxonomy":"product_tag","embeddable":true,"href":"https:\/\/medicinasinc.com\/pl\/wp-json\/wp\/v2\/product_tag?post=5470"}],"curies":[{"name":"wp","href":"https:\/\/api.w.org\/{rel}","templated":true}]}}