{"id":5469,"date":"2022-02-22T00:05:12","date_gmt":"2022-02-22T00:05:12","guid":{"rendered":"https:\/\/medicinasinc.com\/pl\/?post_type=product&#038;p=5469"},"modified":"2022-03-22T00:55:12","modified_gmt":"2022-03-22T00:55:12","slug":"kup-klonazolam-proszek","status":"publish","type":"product","link":"https:\/\/medicinasinc.com\/pl\/product\/kup-klonazolam-proszek\/","title":{"rendered":"Kup proszek klonazolamu"},"content":{"rendered":"<h1 style=\"font-weight: 600\"><b><strong>Kup Clonazolam w proszku<\/strong><\/b><\/h1>\n<p style=\"font-weight: 400\">Wiod\u0105cy w Europie Clonazolam w sklepie High Store Hurtowy dostawca chemikali\u00f3w<\/p>\n<h2 style=\"font-weight: 600\">CLONAZOLAM w proszku Dostawca z UE, Wielka Brytania<\/h2>\n<ul style=\"font-weight: 400\">\n<li>\u015aledzone\u00a0 \u2013 Przymierzone Ubezpieczony lub normalny dostawa<\/li>\n<li>Szczeg\u00f3\u0142y przelewu bankowego lub p\u0142atno\u015bci bitcoin przy kasie.<\/li>\n<li>Wysy\u0142ka od poniedzia\u0142ku do pi\u0105tku<\/li>\n<li><b><strong>Pami\u0119taj, \u017ce pokrywa Ci\u0119 tylko strata po 30 dniach 1 x bezp\u0142atny zwrot w ramach us\u0142ugi obj\u0119tej ubezpieczeniem \u2014 przepraszamy bez wyj\u0105tk\u00f3w!<\/strong><\/b><\/li>\n<\/ul>\n<h3 style=\"font-weight: 600\"><\/h3>\n<h3 style=\"font-weight: 600\"><b><strong>Klonazolam w proszku<\/strong><\/b><\/h3>\n<ul style=\"font-weight: 400\">\n<li><b><a href=\"https:\/\/psychonautwiki.org\/wiki\/Sedation\">Sedacja<\/a><\/b>\u00a0&#8211; Klonazolam mo\u017ce by\u0107 bardzo uspokajaj\u0105cy i cz\u0119sto prowadzi do przyt\u0142aczaj\u0105cego stanu letargu. Na wy\u017cszych poziomach powoduje to, \u017ce u\u017cytkownicy nagle czuj\u0105 si\u0119 tak, jakby byli bardzo pozbawieni snu i nie spali od wielu dni, zmuszaj\u0105c ich do siadania i og\u00f3lnie czuj\u0105 si\u0119, jakby byli na skraju omdlenia zamiast anga\u017cowa\u0107 si\u0119 w aktywno\u015b\u0107 fizyczn\u0105. To poczucie braku snu wzrasta proporcjonalnie do dawki i ostatecznie staje si\u0119 wystarczaj\u0105co silne, aby zmusi\u0107 osob\u0119 do ca\u0142kowitej utraty przytomno\u015bci.<\/li>\n<li><b><a href=\"https:\/\/psychonautwiki.org\/wiki\/Muscle_relaxation\"> Rozlu\u017anienie mi\u0119\u015bni<\/a><\/b>\u00a0&#8211; Ten efekt jest szczeg\u00f3lnie silny w por\u00f3wnaniu z innymi benzodiazepinami, takimi jak <a href=\"https:\/\/psychonautwiki.org\/wiki\/Alprazolam\">alprazolam<\/a>.<\/li>\n<li><b><a href=\"https:\/\/psychonautwiki.org\/wiki\/Motor_control_loss\">Utrata sterowania silnikiem<\/a><\/b><\/li>\n<li><b><a href=\"https:\/\/psychonautwiki.org\/wiki\/Dizziness\">Zawroty g\u0142owy<\/a><\/b><\/li>\n<li><b><a href=\"https:\/\/psychonautwiki.org\/wiki\/Increased_libido\">Zwi\u0119kszone libido<\/a><\/b><\/li>\n<li><b><a href=\"https:\/\/psychonautwiki.org\/wiki\/Respiratory_depression\">Depresja oddechowa<\/a><\/b><\/li>\n<\/ul>\n<p style=\"font-weight: 400\"><b><strong>Klonazolam\u00a0<\/strong><\/b>nale\u017cy do klasy benzodiazepin. Benzodiazepiny zawieraj\u0105 pier\u015bcie\u0144 benzenowy skondensowany z pier\u015bcieniem diazepinowym, kt\u00f3ry jest siedmiocz\u0142onowym pier\u015bcieniem, kt\u00f3ry ma dwa sk\u0142adniki azotowe zlokalizowane na R1 i R4. Pier\u015bcie\u0144 benzylowy klonazolamu jest podstawiony w pozycji R8 grup\u0105 nitrow\u0105 NO2-. Pier\u015bcie\u0144 diazepinowy jest r\u00f3wnie\u017c zwi\u0105zany w R6, z 2-chlorowanym pier\u015bcieniem fenylowym.<\/p>\n<p style=\"font-weight: 400\"><a href=\"https:\/\/www.bestglobalmeds.com\/product\/ research-chemicals\/buy-clonazolam-powder\/\">Clonazolam<\/a> zawiera 1-metylowany pier\u015bcie\u0144 triazolowy skondensowany i zawieraj\u0105cy R1 i R2 jego pier\u015bcienia diazepinowego. Klonazolam nale\u017cy do klasy benzodiazepin zawieraj\u0105cych ten skondensowany pier\u015bcie\u0144 triazolowy, zwanych triazolobenzodiazepinami, kt\u00f3re wyr\u00f3\u017cnia przyrostek -zolam. Inne nitrobenzodiazepiny obejmuj\u0105 klonazepam i flunitrazepam.<\/p>\n<p style=\"font-weight: 400\">6-(2-chlorofenylo)-1-metylo-8-nitro-4H-s-triazolo-(4,3- a)-(1,4)-benzodiazepina<\/p>\n<p>Ten produkt jest sprzedawany wy\u0142\u0105cznie do cel\u00f3w badawczych i nie mo\u017ce by\u0107 u\u017cywany do \u017cadnych innych cel\u00f3w, w tym mi\u0119dzy innymi do cel\u00f3w diagnostycznych in vivo, w \u017cywno\u015bci, w lekach, wyrobach medycznych i\/lub kosmetykach dla ludzi i\/lub zwierz\u0105t.<\/p>\n<p style=\"font-weight: 400\">Przed z\u0142o\u017ceniem zam\u00f3wienia upewnij si\u0119, \u017ce jeste\u015b odpowiednio wyposa\u017cony do bada\u0144 chemicznych i miejsce pracy jest dobrze wentylowane.<\/p>\n<p style=\"font-weight: 400\">Musisz mie\u0107 co najmniej 18 lat, aby zam\u00f3wi\u0107 ten produkt.<\/p>\n","protected":false},"excerpt":{"rendered":"<div class=\"woocommerce-product-details__short-description\">\n<p>Kup czysty wysokiej jako\u015bci proszek Clonazolam Europa, Wielka Brytania, UE online za pomoc\u0105 Bitcoin &#8211; Kupuj legalne leki online, kupuj chemikalia klonazolamu, kupuj surowe proszki farmaceutyczne.<\/p>\n<p>Dzi\u0119ki Bitcoin mo\u017cesz kupi\u0107 czysty, wysokiej jako\u015bci proszek klonazolamu online. Mo\u017cesz kupi\u0107 legalne leki, chemikalia badawcze i surowe proszki farmaceutyczne w ca\u0142ym Internecie.<\/p>\n<p>Kup Clonazolam, aby zmniejszy\u0107 l\u0119k i ataki paniki. Ma pozytywny wp\u0142yw na samopoczucie psychiczne.<\/p>\n<p>Gdzie mog\u0119 dosta\u0107 Clonazolam w USA? Dostawca klonazolamu, szybka dostawa, \u015bwietna jako\u015b\u0107 i mo\u017cliwo\u015b\u0107 \u0142atwego unikni\u0119cia odprawy celnej<\/p>\n<p>Kupuj klonazolam w proszku w Internecie. Klonazolam jest strukturalnie identyczny z klonazepamem, z wyj\u0105tkiem pier\u015bcienia 1,2,4-triazolowego skondensowanego z pier\u015bcieniem benzenowym. W jakim celu stosuje si\u0119 Clonazolam i jak pomaga ludziom? W mi\u0119dzyczasie Clonazolam jest dost\u0119pny wy\u0142\u0105cznie do cel\u00f3w badawczych, a nie do spo\u017cycia przez ludzi.<\/p>\n<\/p><\/div>\n","protected":false},"featured_media":5479,"comment_status":"open","ping_status":"closed","template":"","meta":[],"product_brand":[],"product_cat":[2014],"product_tag":[2765,2748,2752,2753,2754,2755,2756,2757,2761,2762,2763,2764,2767,2773,2768,2759,2777,2775,2776,2770,2769,2771,2766,2750,2751,2749,2772,2758,2760,2774],"class_list":{"0":"post-5469","1":"product","2":"type-product","3":"status-publish","4":"has-post-thumbnail","6":"product_cat-kup-badania-chemikalia","7":"product_tag-badania-nad-klonazolamem","8":"product_tag-buy-cheap-clonazolam-powder-online","9":"product_tag-buy-clonazolam-powder","10":"product_tag-buy-clonazolam-powder-online","11":"product_tag-buy-pure-clonazolam-powder-online","12":"product_tag-clonazolam","13":"product_tag-clonazolam-buy","14":"product_tag-clonazolam-for-sale","15":"product_tag-clonazolam-powder-in-canada","16":"product_tag-clonazolam-powder-online","17":"product_tag-clonazolam-powder-price","18":"product_tag-clonazolam-price","19":"product_tag-crystalline-clonazolam-powder","20":"product_tag-czysty-klonazolam-proszek","21":"product_tag-eclonazolam-powder-for-sale","22":"product_tag-klonazolam-edukacja-w-proszku","23":"product_tag-gdzie-kupi-klonitrazolam-proszek-online","24":"product_tag-gdzie-kupi-klonazolam-proszek","25":"product_tag-gdzie-kupi-klonazolam-proszek-online","26":"product_tag-how-to-get-pure-clonazolam-powder-online","27":"product_tag-jak-spoy-klonazolam-proszek","28":"product_tag-jak-zamwi-klonazolam-proszek-online","29":"product_tag-klonitrazolam-proszek-najlepsza-cena-online","30":"product_tag-kup-klonazolam","31":"product_tag-kup-klonazolam-online","32":"product_tag-kup-klon-ma-proszek","33":"product_tag-order-c-lam-trott-2019-powder","34":"product_tag-klonazolam-w-proszku","35":"product_tag-klonazolam-proszek-eu","36":"product_tag-quality-clonazolam-powder","38":"first","39":"instock","40":"shipping-taxable","41":"purchasable","42":"product-type-variable","43":"has-default-attributes"},"yoast_head":"<!-- This site is optimized with the Yoast SEO plugin v27.3 - https:\/\/yoast.com\/product\/yoast-seo-wordpress\/ -->\n<title>Kup Clonazolam w proszku - Clonazolam w proszku - Best Best Global Meds<\/title>\n<meta name=\"description\" content=\"Kup czysty wysokiej jako\u015bci proszek klonazolamu Europa, Wielka Brytania, UE online za pomoc\u0105 Bitcoin - Kupuj legalne leki online, kupuj chemikalia klonazolamu, kupuj surowe proszki farmaceutyczne.\" \/>\n<meta name=\"robots\" content=\"index, follow, max-snippet:-1, max-image-preview:large, max-video-preview:-1\" \/>\n<link rel=\"canonical\" href=\"https:\/\/medicinasinc.com\/pl\/product\/kup-klonazolam-proszek\/\" \/>\n<meta property=\"og:locale\" content=\"en_US\" \/>\n<meta property=\"og:type\" content=\"article\" \/>\n<meta property=\"og:title\" content=\"Kup Clonazolam w proszku - Clonazolam w proszku - Best Best Global Meds\" \/>\n<meta property=\"og:description\" content=\"Kup czysty wysokiej jako\u015bci proszek klonazolamu Europa, Wielka Brytania, UE online za pomoc\u0105 Bitcoin - Kupuj legalne leki online, kupuj chemikalia klonazolamu, kupuj surowe proszki farmaceutyczne.\" \/>\n<meta property=\"og:url\" content=\"https:\/\/medicinasinc.com\/pl\/product\/kup-klonazolam-proszek\/\" \/>\n<meta property=\"og:site_name\" content=\"Medicinas Inc\" \/>\n<meta property=\"article:modified_time\" content=\"2022-03-22T00:55:12+00:00\" \/>\n<meta property=\"og:image\" content=\"https:\/\/medicinasinc.com\/pl\/wp-content\/uploads\/sites\/13\/2022\/02\/Buy-Clonazolam-Powder.jpeg\" \/>\n\t<meta property=\"og:image:width\" content=\"566\" \/>\n\t<meta property=\"og:image:height\" content=\"600\" \/>\n\t<meta property=\"og:image:type\" content=\"image\/jpeg\" \/>\n<meta name=\"twitter:card\" content=\"summary_large_image\" \/>\n<meta name=\"twitter:label1\" content=\"Est. reading time\" \/>\n\t<meta name=\"twitter:data1\" content=\"2 minutes\" \/>\n<script type=\"application\/ld+json\" class=\"yoast-schema-graph\">{\"@context\":\"https:\\\/\\\/schema.org\",\"@graph\":[{\"@type\":\"WebPage\",\"@id\":\"https:\\\/\\\/medicinasinc.com\\\/pl\\\/product\\\/kup-klonazolam-proszek\\\/\",\"url\":\"https:\\\/\\\/medicinasinc.com\\\/pl\\\/product\\\/kup-klonazolam-proszek\\\/\",\"name\":\"Kup Clonazolam w proszku - Clonazolam w proszku - Best Best Global Meds\",\"isPartOf\":{\"@id\":\"https:\\\/\\\/medicinasinc.com\\\/pl\\\/#website\"},\"primaryImageOfPage\":{\"@id\":\"https:\\\/\\\/medicinasinc.com\\\/pl\\\/product\\\/kup-klonazolam-proszek\\\/#primaryimage\"},\"image\":{\"@id\":\"https:\\\/\\\/medicinasinc.com\\\/pl\\\/product\\\/kup-klonazolam-proszek\\\/#primaryimage\"},\"thumbnailUrl\":\"https:\\\/\\\/medicinasinc.com\\\/pl\\\/wp-content\\\/uploads\\\/sites\\\/13\\\/2022\\\/02\\\/Buy-Clonazolam-Powder.jpeg\",\"datePublished\":\"2022-02-22T00:05:12+00:00\",\"dateModified\":\"2022-03-22T00:55:12+00:00\",\"description\":\"Kup czysty wysokiej jako\u015bci proszek klonazolamu Europa, Wielka Brytania, UE online za pomoc\u0105 Bitcoin - Kupuj legalne leki online, kupuj chemikalia klonazolamu, kupuj surowe proszki farmaceutyczne.\",\"breadcrumb\":{\"@id\":\"https:\\\/\\\/medicinasinc.com\\\/pl\\\/product\\\/kup-klonazolam-proszek\\\/#breadcrumb\"},\"inLanguage\":\"en-US\",\"potentialAction\":[{\"@type\":\"ReadAction\",\"target\":[\"https:\\\/\\\/medicinasinc.com\\\/pl\\\/product\\\/kup-klonazolam-proszek\\\/\"]}]},{\"@type\":\"ImageObject\",\"inLanguage\":\"en-US\",\"@id\":\"https:\\\/\\\/medicinasinc.com\\\/pl\\\/product\\\/kup-klonazolam-proszek\\\/#primaryimage\",\"url\":\"https:\\\/\\\/medicinasinc.com\\\/pl\\\/wp-content\\\/uploads\\\/sites\\\/13\\\/2022\\\/02\\\/Buy-Clonazolam-Powder.jpeg\",\"contentUrl\":\"https:\\\/\\\/medicinasinc.com\\\/pl\\\/wp-content\\\/uploads\\\/sites\\\/13\\\/2022\\\/02\\\/Buy-Clonazolam-Powder.jpeg\",\"width\":566,\"height\":600},{\"@type\":\"BreadcrumbList\",\"@id\":\"https:\\\/\\\/medicinasinc.com\\\/pl\\\/product\\\/kup-klonazolam-proszek\\\/#breadcrumb\",\"itemListElement\":[{\"@type\":\"ListItem\",\"position\":1,\"name\":\"Sklep\",\"item\":\"https:\\\/\\\/medicinasinc.com\\\/pl\\\/sklep\\\/\"},{\"@type\":\"ListItem\",\"position\":2,\"name\":\"Kup proszek klonazolamu\"}]},{\"@type\":\"WebSite\",\"@id\":\"https:\\\/\\\/medicinasinc.com\\\/pl\\\/#website\",\"url\":\"https:\\\/\\\/medicinasinc.com\\\/pl\\\/\",\"name\":\"Medicinas Inc\",\"description\":\"Health Medical Clinic\",\"potentialAction\":[{\"@type\":\"SearchAction\",\"target\":{\"@type\":\"EntryPoint\",\"urlTemplate\":\"https:\\\/\\\/medicinasinc.com\\\/pl\\\/?s={search_term_string}\"},\"query-input\":{\"@type\":\"PropertyValueSpecification\",\"valueRequired\":true,\"valueName\":\"search_term_string\"}}],\"inLanguage\":\"en-US\"}]}<\/script>\n<!-- \/ Yoast SEO plugin. -->","yoast_head_json":{"title":"Kup Clonazolam w proszku - Clonazolam w proszku - Best Best Global Meds","description":"Kup czysty wysokiej jako\u015bci proszek klonazolamu Europa, Wielka Brytania, UE online za pomoc\u0105 Bitcoin - Kupuj legalne leki online, kupuj chemikalia klonazolamu, kupuj surowe proszki farmaceutyczne.","robots":{"index":"index","follow":"follow","max-snippet":"max-snippet:-1","max-image-preview":"max-image-preview:large","max-video-preview":"max-video-preview:-1"},"canonical":"https:\/\/medicinasinc.com\/pl\/product\/kup-klonazolam-proszek\/","og_locale":"en_US","og_type":"article","og_title":"Kup Clonazolam w proszku - Clonazolam w proszku - Best Best Global Meds","og_description":"Kup czysty wysokiej jako\u015bci proszek klonazolamu Europa, Wielka Brytania, UE online za pomoc\u0105 Bitcoin - Kupuj legalne leki online, kupuj chemikalia klonazolamu, kupuj surowe proszki farmaceutyczne.","og_url":"https:\/\/medicinasinc.com\/pl\/product\/kup-klonazolam-proszek\/","og_site_name":"Medicinas Inc","article_modified_time":"2022-03-22T00:55:12+00:00","og_image":[{"width":566,"height":600,"url":"https:\/\/medicinasinc.com\/pl\/wp-content\/uploads\/sites\/13\/2022\/02\/Buy-Clonazolam-Powder.jpeg","type":"image\/jpeg"}],"twitter_card":"summary_large_image","twitter_misc":{"Est. reading time":"2 minutes"},"schema":{"@context":"https:\/\/schema.org","@graph":[{"@type":"WebPage","@id":"https:\/\/medicinasinc.com\/pl\/product\/kup-klonazolam-proszek\/","url":"https:\/\/medicinasinc.com\/pl\/product\/kup-klonazolam-proszek\/","name":"Kup Clonazolam w proszku - Clonazolam w proszku - Best Best Global Meds","isPartOf":{"@id":"https:\/\/medicinasinc.com\/pl\/#website"},"primaryImageOfPage":{"@id":"https:\/\/medicinasinc.com\/pl\/product\/kup-klonazolam-proszek\/#primaryimage"},"image":{"@id":"https:\/\/medicinasinc.com\/pl\/product\/kup-klonazolam-proszek\/#primaryimage"},"thumbnailUrl":"https:\/\/medicinasinc.com\/pl\/wp-content\/uploads\/sites\/13\/2022\/02\/Buy-Clonazolam-Powder.jpeg","datePublished":"2022-02-22T00:05:12+00:00","dateModified":"2022-03-22T00:55:12+00:00","description":"Kup czysty wysokiej jako\u015bci proszek klonazolamu Europa, Wielka Brytania, UE online za pomoc\u0105 Bitcoin - Kupuj legalne leki online, kupuj chemikalia klonazolamu, kupuj surowe proszki farmaceutyczne.","breadcrumb":{"@id":"https:\/\/medicinasinc.com\/pl\/product\/kup-klonazolam-proszek\/#breadcrumb"},"inLanguage":"en-US","potentialAction":[{"@type":"ReadAction","target":["https:\/\/medicinasinc.com\/pl\/product\/kup-klonazolam-proszek\/"]}]},{"@type":"ImageObject","inLanguage":"en-US","@id":"https:\/\/medicinasinc.com\/pl\/product\/kup-klonazolam-proszek\/#primaryimage","url":"https:\/\/medicinasinc.com\/pl\/wp-content\/uploads\/sites\/13\/2022\/02\/Buy-Clonazolam-Powder.jpeg","contentUrl":"https:\/\/medicinasinc.com\/pl\/wp-content\/uploads\/sites\/13\/2022\/02\/Buy-Clonazolam-Powder.jpeg","width":566,"height":600},{"@type":"BreadcrumbList","@id":"https:\/\/medicinasinc.com\/pl\/product\/kup-klonazolam-proszek\/#breadcrumb","itemListElement":[{"@type":"ListItem","position":1,"name":"Sklep","item":"https:\/\/medicinasinc.com\/pl\/sklep\/"},{"@type":"ListItem","position":2,"name":"Kup proszek klonazolamu"}]},{"@type":"WebSite","@id":"https:\/\/medicinasinc.com\/pl\/#website","url":"https:\/\/medicinasinc.com\/pl\/","name":"Medicinas Inc","description":"Health Medical Clinic","potentialAction":[{"@type":"SearchAction","target":{"@type":"EntryPoint","urlTemplate":"https:\/\/medicinasinc.com\/pl\/?s={search_term_string}"},"query-input":{"@type":"PropertyValueSpecification","valueRequired":true,"valueName":"search_term_string"}}],"inLanguage":"en-US"}]}},"_links":{"self":[{"href":"https:\/\/medicinasinc.com\/pl\/wp-json\/wp\/v2\/product\/5469","targetHints":{"allow":["GET"]}}],"collection":[{"href":"https:\/\/medicinasinc.com\/pl\/wp-json\/wp\/v2\/product"}],"about":[{"href":"https:\/\/medicinasinc.com\/pl\/wp-json\/wp\/v2\/types\/product"}],"replies":[{"embeddable":true,"href":"https:\/\/medicinasinc.com\/pl\/wp-json\/wp\/v2\/comments?post=5469"}],"wp:featuredmedia":[{"embeddable":true,"href":"https:\/\/medicinasinc.com\/pl\/wp-json\/wp\/v2\/media\/5479"}],"wp:attachment":[{"href":"https:\/\/medicinasinc.com\/pl\/wp-json\/wp\/v2\/media?parent=5469"}],"wp:term":[{"taxonomy":"product_brand","embeddable":true,"href":"https:\/\/medicinasinc.com\/pl\/wp-json\/wp\/v2\/product_brand?post=5469"},{"taxonomy":"product_cat","embeddable":true,"href":"https:\/\/medicinasinc.com\/pl\/wp-json\/wp\/v2\/product_cat?post=5469"},{"taxonomy":"product_tag","embeddable":true,"href":"https:\/\/medicinasinc.com\/pl\/wp-json\/wp\/v2\/product_tag?post=5469"}],"curies":[{"name":"wp","href":"https:\/\/api.w.org\/{rel}","templated":true}]}}