{"id":5468,"date":"2022-02-22T00:04:03","date_gmt":"2022-02-22T00:04:03","guid":{"rendered":"https:\/\/medicinasinc.com\/pl\/?post_type=product&#038;p=5468"},"modified":"2022-03-22T00:55:21","modified_gmt":"2022-03-22T00:55:21","slug":"kup-4-cl-pvp-krysztaly","status":"publish","type":"product","link":"https:\/\/medicinasinc.com\/pl\/product\/kup-4-cl-pvp-krysztaly\/","title":{"rendered":"Kup kryszta\u0142y 4-CL-PVP"},"content":{"rendered":"<p>Czym dok\u0142adnie jest 4-CL-PVP?<\/p>\n<p>Krystalicznym odpowiednikiem a-PVP jest 4-CL-PVP. To klasyczny stymulant. Badania naukowe 4-CL-PVP cz\u0119sto daj\u0105 wyniki gadatliwo\u015bci, zwi\u0119kszonej czujno\u015bci, zwi\u0119kszonej energii i innych stymuluj\u0105cych efekt\u00f3w. Efekty 4-CL PVP cz\u0119sto trwaj\u0105 kr\u00f3cej ni\u017c trzy godziny. Dodatkowo stwierdzono, \u017ce substancja wywo\u0142uje \u0142agodne lub silne efekty euforyczne. Badacze poszukuj\u0105cy substytutu dla a-PVP uznaj\u0105, \u017ce 4-CL-PVP jest akceptowalnym substytutem. 4-CL-PVP jest inhibitorem wychwytu zwrotnego noradrenaliny i dopaminy. Fakt ten znacz\u0105co przyczynia si\u0119 do stymuluj\u0105cych w\u0142a\u015bciwo\u015bci tej substancji chemicznej.<\/p>\n<p>Gdzie mog\u0119 kupi\u0107 4-CL-PVP?<\/p>\n<p>Chemical Planet sprzedaje wyj\u0105tkowo wysokiej jako\u015bci 4-CL-PVP. Zazwyczaj nasz 4-CL-PVP jest dostarczany w postaci kryszta\u0142\u00f3w. Je\u015bli nie widzisz formularza, kt\u00f3rego szukasz, skontaktuj si\u0119 z nami, aby dowiedzie\u0107 si\u0119, kiedy b\u0119dzie ponownie dost\u0119pny.<\/p>\n<p>Je\u015bli chcesz kupi\u0107 4-Cl-PVP od Chemical Planet, musisz by\u0107 pod adresem co najmniej 18 lat i jest w pe\u0142ni zgodny ze wszystkimi lokalnymi przepisami dotycz\u0105cymi bada\u0144 chemicznych. Nasze zwi\u0105zki s\u0105 przeznaczone wy\u0142\u0105cznie do cel\u00f3w badawczych i nie s\u0105 przeznaczone do spo\u017cycia przez ludzi ani zwierz\u0119ta.<\/p>\n<p>&nbsp;<\/p>\n<p>Legalno\u015b\u0107 4-CL-PVP<\/p>\n<p>Wi\u0119kszo\u015b\u0107 kraje na ca\u0142ym \u015bwiecie powstrzyma\u0142y si\u0119 od og\u0142oszenia 4-CL-PVP zakazanej substancji chemicznej. Oznacza to, \u017ce w wi\u0119kszo\u015bci lokalizacji jest to nieplanowane. Je\u015bli potrzebujesz dodatkowych informacji na temat statusu prawnego 4-CL-PVP, skontaktuj si\u0119 z w\u0142adzami federalnymi.<\/p>\n<p>Zawsze przechowuj w ch\u0142odnym, suchym miejscu, aby zapewni\u0107 jak najd\u0142u\u017cszy okres trwa\u0142o\u015bci. Ten produkt jest przeznaczony wy\u0142\u0105cznie do cel\u00f3w kryminalistycznych i badawczych. Jako taki NIE jest przeznaczony do spo\u017cycia przez ludzi ani do jakichkolwiek eksperyment\u00f3w in vivo na zwierz\u0119tach lub jakiejkolwiek innej \u017cywej istocie.<\/p>\n","protected":false},"excerpt":{"rendered":"<p>Kryszta\u0142y 4-CL-PVP na sprzeda\u017c w Wielkiej Brytanii, Europie i Unii Europejskiej. Kup kryszta\u0142y 4-CL-PVP online w najlepszej cenie, z bezp\u0142atn\u0105 wysy\u0142k\u0105 dost\u0119pn\u0105 na ca\u0142ym \u015bwiecie.<\/p>\n<p>W sprzeda\u017cy s\u0105 kryszta\u0142y 4-CL-PVP.<\/p>\n<p>Kup kryszta\u0142y 4-CL-PVP online w najlepszej cenie, z bezp\u0142atn\u0105 wysy\u0142k\u0105 dost\u0119pn\u0105 na ca\u0142ym \u015bwiecie.<\/p>\n<p>Kup 4-CL-PVP Crystals ze zni\u017ck\u0105 online.<\/p>\n<p>4-CL-PVP Crystal to nowy stymulant i odpowiednik bardzo popularnego a-PVP.<\/p>\n","protected":false},"featured_media":5477,"comment_status":"open","ping_status":"closed","template":"","meta":[],"product_brand":[],"product_cat":[2014],"product_tag":[2738,2739,2740,2741,2743,2742,2744,2745,2746,2747],"class_list":{"0":"post-5468","1":"product","2":"type-product","3":"status-publish","4":"has-post-thumbnail","6":"product_cat-kup-badania-chemikalia","7":"product_tag-4-cl-pvp-crystals-for-sale","8":"product_tag-4-cl-pvp-effect","9":"product_tag-4-cl-pvp-europa","10":"product_tag-4-cl-pvp-na-sprzeda","11":"product_tag-4-cl-pvp-reddit","12":"product_tag-4-cl-pvp-order","13":"product_tag-buy-4-cl-pvp","14":"product_tag-buy-4-cl-pvp-crystal-online","15":"product_tag-buy-4-cl-pvp-crystals-online","16":"product_tag-gdzie-kupi-4-cl-pvp-krysztay-online","18":"first","19":"instock","20":"shipping-taxable","21":"purchasable","22":"product-type-variable","23":"has-default-attributes"},"yoast_head":"<!-- This site is optimized with the Yoast SEO plugin v27.3 - https:\/\/yoast.com\/product\/yoast-seo-wordpress\/ -->\n<title>Kup kryszta\u0142y 4-CL-PVP - Kryszta\u0142y 4-CL-PVP - Najlepsze globalne leki<\/title>\n<meta name=\"description\" content=\"Kup kryszta\u0142y 4-CL-PVP na sprzeda\u017c w Wielkiej Brytanii, Europie, UE. Kup kryszta\u0142y 4-CL-PVP przez Internet, bezp\u0142atna wysy\u0142ka najwy\u017cszej jako\u015bci na ca\u0142ym \u015bwiecie, najta\u0144sza kiedykolwiek, najlepsza cena na zam\u00f3wienie.\" \/>\n<meta name=\"robots\" content=\"index, follow, max-snippet:-1, max-image-preview:large, max-video-preview:-1\" \/>\n<link rel=\"canonical\" href=\"https:\/\/medicinasinc.com\/pl\/product\/kup-4-cl-pvp-krysztaly\/\" \/>\n<meta property=\"og:locale\" content=\"en_US\" \/>\n<meta property=\"og:type\" content=\"article\" \/>\n<meta property=\"og:title\" content=\"Kup kryszta\u0142y 4-CL-PVP - Kryszta\u0142y 4-CL-PVP - Najlepsze globalne leki\" \/>\n<meta property=\"og:description\" content=\"Kup kryszta\u0142y 4-CL-PVP na sprzeda\u017c w Wielkiej Brytanii, Europie, UE. Kup kryszta\u0142y 4-CL-PVP przez Internet, bezp\u0142atna wysy\u0142ka najwy\u017cszej jako\u015bci na ca\u0142ym \u015bwiecie, najta\u0144sza kiedykolwiek, najlepsza cena na zam\u00f3wienie.\" \/>\n<meta property=\"og:url\" content=\"https:\/\/medicinasinc.com\/pl\/product\/kup-4-cl-pvp-krysztaly\/\" \/>\n<meta property=\"og:site_name\" content=\"Medicinas Inc\" \/>\n<meta property=\"article:modified_time\" content=\"2022-03-22T00:55:21+00:00\" \/>\n<meta property=\"og:image\" content=\"https:\/\/medicinasinc.com\/pl\/wp-content\/uploads\/sites\/13\/2022\/02\/Buy-4-CL-PVP-Crystals.jpg\" \/>\n\t<meta property=\"og:image:width\" content=\"275\" \/>\n\t<meta property=\"og:image:height\" content=\"183\" \/>\n\t<meta property=\"og:image:type\" content=\"image\/jpeg\" \/>\n<meta name=\"twitter:card\" content=\"summary_large_image\" \/>\n<meta name=\"twitter:label1\" content=\"Est. reading time\" \/>\n\t<meta name=\"twitter:data1\" content=\"2 minutes\" \/>\n<script type=\"application\/ld+json\" class=\"yoast-schema-graph\">{\"@context\":\"https:\\\/\\\/schema.org\",\"@graph\":[{\"@type\":\"WebPage\",\"@id\":\"https:\\\/\\\/medicinasinc.com\\\/pl\\\/product\\\/kup-4-cl-pvp-krysztaly\\\/\",\"url\":\"https:\\\/\\\/medicinasinc.com\\\/pl\\\/product\\\/kup-4-cl-pvp-krysztaly\\\/\",\"name\":\"Kup kryszta\u0142y 4-CL-PVP - Kryszta\u0142y 4-CL-PVP - Najlepsze globalne leki\",\"isPartOf\":{\"@id\":\"https:\\\/\\\/medicinasinc.com\\\/pl\\\/#website\"},\"primaryImageOfPage\":{\"@id\":\"https:\\\/\\\/medicinasinc.com\\\/pl\\\/product\\\/kup-4-cl-pvp-krysztaly\\\/#primaryimage\"},\"image\":{\"@id\":\"https:\\\/\\\/medicinasinc.com\\\/pl\\\/product\\\/kup-4-cl-pvp-krysztaly\\\/#primaryimage\"},\"thumbnailUrl\":\"https:\\\/\\\/medicinasinc.com\\\/pl\\\/wp-content\\\/uploads\\\/sites\\\/13\\\/2022\\\/02\\\/Buy-4-CL-PVP-Crystals.jpg\",\"datePublished\":\"2022-02-22T00:04:03+00:00\",\"dateModified\":\"2022-03-22T00:55:21+00:00\",\"description\":\"Kup kryszta\u0142y 4-CL-PVP na sprzeda\u017c w Wielkiej Brytanii, Europie, UE. Kup kryszta\u0142y 4-CL-PVP przez Internet, bezp\u0142atna wysy\u0142ka najwy\u017cszej jako\u015bci na ca\u0142ym \u015bwiecie, najta\u0144sza kiedykolwiek, najlepsza cena na zam\u00f3wienie.\",\"breadcrumb\":{\"@id\":\"https:\\\/\\\/medicinasinc.com\\\/pl\\\/product\\\/kup-4-cl-pvp-krysztaly\\\/#breadcrumb\"},\"inLanguage\":\"en-US\",\"potentialAction\":[{\"@type\":\"ReadAction\",\"target\":[\"https:\\\/\\\/medicinasinc.com\\\/pl\\\/product\\\/kup-4-cl-pvp-krysztaly\\\/\"]}]},{\"@type\":\"ImageObject\",\"inLanguage\":\"en-US\",\"@id\":\"https:\\\/\\\/medicinasinc.com\\\/pl\\\/product\\\/kup-4-cl-pvp-krysztaly\\\/#primaryimage\",\"url\":\"https:\\\/\\\/medicinasinc.com\\\/pl\\\/wp-content\\\/uploads\\\/sites\\\/13\\\/2022\\\/02\\\/Buy-4-CL-PVP-Crystals.jpg\",\"contentUrl\":\"https:\\\/\\\/medicinasinc.com\\\/pl\\\/wp-content\\\/uploads\\\/sites\\\/13\\\/2022\\\/02\\\/Buy-4-CL-PVP-Crystals.jpg\",\"width\":275,\"height\":183},{\"@type\":\"BreadcrumbList\",\"@id\":\"https:\\\/\\\/medicinasinc.com\\\/pl\\\/product\\\/kup-4-cl-pvp-krysztaly\\\/#breadcrumb\",\"itemListElement\":[{\"@type\":\"ListItem\",\"position\":1,\"name\":\"Sklep\",\"item\":\"https:\\\/\\\/medicinasinc.com\\\/pl\\\/sklep\\\/\"},{\"@type\":\"ListItem\",\"position\":2,\"name\":\"Kup kryszta\u0142y 4-CL-PVP\"}]},{\"@type\":\"WebSite\",\"@id\":\"https:\\\/\\\/medicinasinc.com\\\/pl\\\/#website\",\"url\":\"https:\\\/\\\/medicinasinc.com\\\/pl\\\/\",\"name\":\"Medicinas Inc\",\"description\":\"Health Medical Clinic\",\"potentialAction\":[{\"@type\":\"SearchAction\",\"target\":{\"@type\":\"EntryPoint\",\"urlTemplate\":\"https:\\\/\\\/medicinasinc.com\\\/pl\\\/?s={search_term_string}\"},\"query-input\":{\"@type\":\"PropertyValueSpecification\",\"valueRequired\":true,\"valueName\":\"search_term_string\"}}],\"inLanguage\":\"en-US\"}]}<\/script>\n<!-- \/ Yoast SEO plugin. -->","yoast_head_json":{"title":"Kup kryszta\u0142y 4-CL-PVP - Kryszta\u0142y 4-CL-PVP - Najlepsze globalne leki","description":"Kup kryszta\u0142y 4-CL-PVP na sprzeda\u017c w Wielkiej Brytanii, Europie, UE. Kup kryszta\u0142y 4-CL-PVP przez Internet, bezp\u0142atna wysy\u0142ka najwy\u017cszej jako\u015bci na ca\u0142ym \u015bwiecie, najta\u0144sza kiedykolwiek, najlepsza cena na zam\u00f3wienie.","robots":{"index":"index","follow":"follow","max-snippet":"max-snippet:-1","max-image-preview":"max-image-preview:large","max-video-preview":"max-video-preview:-1"},"canonical":"https:\/\/medicinasinc.com\/pl\/product\/kup-4-cl-pvp-krysztaly\/","og_locale":"en_US","og_type":"article","og_title":"Kup kryszta\u0142y 4-CL-PVP - Kryszta\u0142y 4-CL-PVP - Najlepsze globalne leki","og_description":"Kup kryszta\u0142y 4-CL-PVP na sprzeda\u017c w Wielkiej Brytanii, Europie, UE. Kup kryszta\u0142y 4-CL-PVP przez Internet, bezp\u0142atna wysy\u0142ka najwy\u017cszej jako\u015bci na ca\u0142ym \u015bwiecie, najta\u0144sza kiedykolwiek, najlepsza cena na zam\u00f3wienie.","og_url":"https:\/\/medicinasinc.com\/pl\/product\/kup-4-cl-pvp-krysztaly\/","og_site_name":"Medicinas Inc","article_modified_time":"2022-03-22T00:55:21+00:00","og_image":[{"width":275,"height":183,"url":"https:\/\/medicinasinc.com\/pl\/wp-content\/uploads\/sites\/13\/2022\/02\/Buy-4-CL-PVP-Crystals.jpg","type":"image\/jpeg"}],"twitter_card":"summary_large_image","twitter_misc":{"Est. reading time":"2 minutes"},"schema":{"@context":"https:\/\/schema.org","@graph":[{"@type":"WebPage","@id":"https:\/\/medicinasinc.com\/pl\/product\/kup-4-cl-pvp-krysztaly\/","url":"https:\/\/medicinasinc.com\/pl\/product\/kup-4-cl-pvp-krysztaly\/","name":"Kup kryszta\u0142y 4-CL-PVP - Kryszta\u0142y 4-CL-PVP - Najlepsze globalne leki","isPartOf":{"@id":"https:\/\/medicinasinc.com\/pl\/#website"},"primaryImageOfPage":{"@id":"https:\/\/medicinasinc.com\/pl\/product\/kup-4-cl-pvp-krysztaly\/#primaryimage"},"image":{"@id":"https:\/\/medicinasinc.com\/pl\/product\/kup-4-cl-pvp-krysztaly\/#primaryimage"},"thumbnailUrl":"https:\/\/medicinasinc.com\/pl\/wp-content\/uploads\/sites\/13\/2022\/02\/Buy-4-CL-PVP-Crystals.jpg","datePublished":"2022-02-22T00:04:03+00:00","dateModified":"2022-03-22T00:55:21+00:00","description":"Kup kryszta\u0142y 4-CL-PVP na sprzeda\u017c w Wielkiej Brytanii, Europie, UE. Kup kryszta\u0142y 4-CL-PVP przez Internet, bezp\u0142atna wysy\u0142ka najwy\u017cszej jako\u015bci na ca\u0142ym \u015bwiecie, najta\u0144sza kiedykolwiek, najlepsza cena na zam\u00f3wienie.","breadcrumb":{"@id":"https:\/\/medicinasinc.com\/pl\/product\/kup-4-cl-pvp-krysztaly\/#breadcrumb"},"inLanguage":"en-US","potentialAction":[{"@type":"ReadAction","target":["https:\/\/medicinasinc.com\/pl\/product\/kup-4-cl-pvp-krysztaly\/"]}]},{"@type":"ImageObject","inLanguage":"en-US","@id":"https:\/\/medicinasinc.com\/pl\/product\/kup-4-cl-pvp-krysztaly\/#primaryimage","url":"https:\/\/medicinasinc.com\/pl\/wp-content\/uploads\/sites\/13\/2022\/02\/Buy-4-CL-PVP-Crystals.jpg","contentUrl":"https:\/\/medicinasinc.com\/pl\/wp-content\/uploads\/sites\/13\/2022\/02\/Buy-4-CL-PVP-Crystals.jpg","width":275,"height":183},{"@type":"BreadcrumbList","@id":"https:\/\/medicinasinc.com\/pl\/product\/kup-4-cl-pvp-krysztaly\/#breadcrumb","itemListElement":[{"@type":"ListItem","position":1,"name":"Sklep","item":"https:\/\/medicinasinc.com\/pl\/sklep\/"},{"@type":"ListItem","position":2,"name":"Kup kryszta\u0142y 4-CL-PVP"}]},{"@type":"WebSite","@id":"https:\/\/medicinasinc.com\/pl\/#website","url":"https:\/\/medicinasinc.com\/pl\/","name":"Medicinas Inc","description":"Health Medical Clinic","potentialAction":[{"@type":"SearchAction","target":{"@type":"EntryPoint","urlTemplate":"https:\/\/medicinasinc.com\/pl\/?s={search_term_string}"},"query-input":{"@type":"PropertyValueSpecification","valueRequired":true,"valueName":"search_term_string"}}],"inLanguage":"en-US"}]}},"_links":{"self":[{"href":"https:\/\/medicinasinc.com\/pl\/wp-json\/wp\/v2\/product\/5468","targetHints":{"allow":["GET"]}}],"collection":[{"href":"https:\/\/medicinasinc.com\/pl\/wp-json\/wp\/v2\/product"}],"about":[{"href":"https:\/\/medicinasinc.com\/pl\/wp-json\/wp\/v2\/types\/product"}],"replies":[{"embeddable":true,"href":"https:\/\/medicinasinc.com\/pl\/wp-json\/wp\/v2\/comments?post=5468"}],"wp:featuredmedia":[{"embeddable":true,"href":"https:\/\/medicinasinc.com\/pl\/wp-json\/wp\/v2\/media\/5477"}],"wp:attachment":[{"href":"https:\/\/medicinasinc.com\/pl\/wp-json\/wp\/v2\/media?parent=5468"}],"wp:term":[{"taxonomy":"product_brand","embeddable":true,"href":"https:\/\/medicinasinc.com\/pl\/wp-json\/wp\/v2\/product_brand?post=5468"},{"taxonomy":"product_cat","embeddable":true,"href":"https:\/\/medicinasinc.com\/pl\/wp-json\/wp\/v2\/product_cat?post=5468"},{"taxonomy":"product_tag","embeddable":true,"href":"https:\/\/medicinasinc.com\/pl\/wp-json\/wp\/v2\/product_tag?post=5468"}],"curies":[{"name":"wp","href":"https:\/\/api.w.org\/{rel}","templated":true}]}}