{"id":5443,"date":"2022-02-21T23:37:16","date_gmt":"2022-02-21T23:37:16","guid":{"rendered":"https:\/\/medicinasinc.com\/pl\/?post_type=product&#038;p=5443"},"modified":"2022-03-22T00:55:32","modified_gmt":"2022-03-22T00:55:32","slug":"kup-bufedron-proszek","status":"publish","type":"product","link":"https:\/\/medicinasinc.com\/pl\/product\/kup-bufedron-proszek\/","title":{"rendered":"Kup proszek bufedronowy"},"content":{"rendered":"<p>Kup Buphedrone w proszku<\/p>\n<p>Przejrzyj nasz internetowy katalog Kup Buphedrone w proszku lub w kryszta\u0142ach. Oferujemy produkty wysokiej jako\u015bci w rozs\u0105dnych cenach. Zam\u00f3wienia z \u201esuma cz\u0119\u015bciow\u0105\u201d co najmniej 10g otrzymaj\u0105 25% rabatu.<\/p>\n<p>Czym dok\u0142adnie jest bufedron?<br \/> Ta dobrze znana chemia badawcza jest stymulatorem klas chemicznych fenetylamin i katynonu. Bufedron to beta-keton, kt\u00f3ry jest powi\u0105zany z naturalnie wyst\u0119puj\u0105cymi zwi\u0105zkami katynonem i katyn\u0105. Jest r\u00f3wnie\u017c znany jako -metyloamino-butyrofenon lub fenyloacetoetylo-metyloamina.<\/p>\n<p>Bufedron w proszku\/Kup bufedron w proszku<\/p>\n<p>Bufedron w proszku<\/p>\n<p>Jest r\u00f3wnie\u017c spokrewniony z metamfetamin\u0105, z podstawnikiem -ketonowym (przy w\u0119glu beta) i grup\u0105 etylow\u0105 zast\u0119puj\u0105c\u0105 grup\u0119 metylow\u0105 przy w\u0119glu alfa aminy. Jego wp\u0142yw na osoby testowane zosta\u0142 por\u00f3wnany do wp\u0142ywu metamfetaminy, z wi\u0119ksz\u0105 eufori\u0105 i mniejsz\u0105 stymulacj\u0105 fizyczn\u0105 obserwowan\u0105 w badaniach. Zwi\u0119ksza uwalnianie dopaminy z dopaminergicznych zako\u0144cze\u0144 nerwowych w m\u00f3zgu.<\/p>\n<p>Sproszkowany bufedron<\/p>\n<p>Zamienniki katynonu, takie jak etatynon, s\u0105 zwi\u0105zkami psychoaktywnymi powszechnie stosowanymi jako narkotyki.<\/p>\n<p>Niekt\u00f3re z nich maj\u0105 dzia\u0142anie podobne do amfetaminy.<\/p>\n<p>3 Bufedron (chlorowodorek) to podstawiony katynon z grup\u0105 etylow\u0105 w pozycji alfa i grup\u0105 metylow\u0105 na ko\u0144cu N. Zwi\u0105zek ten zosta\u0142 znaleziony w produktach zwi\u0105zanych ze stymulantami. 2 Jego biologiczne i toksykologiczne w\u0142a\u015bciwo\u015bci nie zosta\u0142y jeszcze ustalone. Ten produkt jest przeznaczony do u\u017cytku kryminalistycznego.<\/p>\n","protected":false},"excerpt":{"rendered":"<div class=\"woocommerce-product-details__short-description\">\n<p><em>Kup<\/em>\u00a0czysty, wysokiej jako\u015bci\u00a0<em>Buphedrone Powder<\/em>\u00a0online za pomoc\u0105 Bitcoin &#8211; <em>Kupuj<\/em>\u00a0legalne leki online,\u00a0<em>kup<\/em>\u00a0badania chemiczne,\u00a0<em>kup<\/em>\u00a0surowe farmaceutyki\u00a0<em>proszki<\/em>.<\/p>\n<p>Kup Bufedron w proszku w USA Kupuj luzem Bufedron, znany r\u00f3wnie\u017c jako MABP, jest stymulantem klasy chemicznej fenetyloaminy i katynonu.<\/p>\n<p>Kup bufedron w proszku online.<\/p>\n<p>Bufedron, znany r\u00f3wnie\u017c jako -metyloamino -butyrofenon (MABP), jest stymulantem fenetylaminy i katynonu, kt\u00f3ry po raz pierwszy zsyntetyzowano w 1928 roku.<\/p>\n<\/p><\/div>\n","protected":false},"featured_media":5455,"comment_status":"open","ping_status":"closed","template":"","meta":[],"product_brand":[],"product_cat":[2014],"product_tag":[2728,2730,2733,2731,2727,2732,2734,2737,2726,2729,2736,2735],"class_list":{"0":"post-5443","1":"product","2":"type-product","3":"status-publish","4":"has-post-thumbnail","6":"product_cat-kup-badania-chemikalia","7":"product_tag-bufedron-proszek-europa","8":"product_tag-bufedron-proszek-niemcy","9":"product_tag-bufedron-proszek-uk","10":"product_tag-bufedron-proszek-wochy","11":"product_tag-buphedrone-powder-effect","12":"product_tag-buphedrone-powder-reddit","13":"product_tag-buy-buphedrone-powder","14":"product_tag-gdzie-kupi-bufedron-proszek","15":"product_tag-bufedron-w-proszku","16":"product_tag-bufedron-proszek-na-sprzeda","17":"product_tag-quality-buphedrone-powder","18":"product_tag-zamw-bufedron-proszek","20":"first","21":"instock","22":"shipping-taxable","23":"purchasable","24":"product-type-variable"},"yoast_head":"<!-- This site is optimized with the Yoast SEO plugin v27.3 - https:\/\/yoast.com\/product\/yoast-seo-wordpress\/ -->\n<title>Kup proszek bufedronowy - proszek bufedronowy - Best Global Meds<\/title>\n<meta name=\"description\" content=\"Kup proszek bufedronowy na sprzeda\u017c w Wielkiej Brytanii, UE, Europie (\u03b1-metyloamino-butyrofenon lub MABP) Kryszta\u0142 i proszek o czysto\u015bci 99,9% online z zabezpieczonym.\" \/>\n<meta name=\"robots\" content=\"index, follow, max-snippet:-1, max-image-preview:large, max-video-preview:-1\" \/>\n<link rel=\"canonical\" href=\"https:\/\/medicinasinc.com\/pl\/product\/kup-bufedron-proszek\/\" \/>\n<meta property=\"og:locale\" content=\"en_US\" \/>\n<meta property=\"og:type\" content=\"article\" \/>\n<meta property=\"og:title\" content=\"Kup proszek bufedronowy - proszek bufedronowy - Best Global Meds\" \/>\n<meta property=\"og:description\" content=\"Kup proszek bufedronowy na sprzeda\u017c w Wielkiej Brytanii, UE, Europie (\u03b1-metyloamino-butyrofenon lub MABP) Kryszta\u0142 i proszek o czysto\u015bci 99,9% online z zabezpieczonym.\" \/>\n<meta property=\"og:url\" content=\"https:\/\/medicinasinc.com\/pl\/product\/kup-bufedron-proszek\/\" \/>\n<meta property=\"og:site_name\" content=\"Medicinas Inc\" \/>\n<meta property=\"article:modified_time\" content=\"2022-03-22T00:55:32+00:00\" \/>\n<meta property=\"og:image\" content=\"https:\/\/medicinasinc.com\/pl\/wp-content\/uploads\/sites\/13\/2022\/02\/Buy-Buphedrone-powder.png\" \/>\n\t<meta property=\"og:image:width\" content=\"600\" \/>\n\t<meta property=\"og:image:height\" content=\"400\" \/>\n\t<meta property=\"og:image:type\" content=\"image\/png\" \/>\n<meta name=\"twitter:card\" content=\"summary_large_image\" \/>\n<meta name=\"twitter:label1\" content=\"Est. reading time\" \/>\n\t<meta name=\"twitter:data1\" content=\"1 minute\" \/>\n<script type=\"application\/ld+json\" class=\"yoast-schema-graph\">{\"@context\":\"https:\\\/\\\/schema.org\",\"@graph\":[{\"@type\":\"WebPage\",\"@id\":\"https:\\\/\\\/medicinasinc.com\\\/pl\\\/product\\\/kup-bufedron-proszek\\\/\",\"url\":\"https:\\\/\\\/medicinasinc.com\\\/pl\\\/product\\\/kup-bufedron-proszek\\\/\",\"name\":\"Kup proszek bufedronowy - proszek bufedronowy - Best Global Meds\",\"isPartOf\":{\"@id\":\"https:\\\/\\\/medicinasinc.com\\\/pl\\\/#website\"},\"primaryImageOfPage\":{\"@id\":\"https:\\\/\\\/medicinasinc.com\\\/pl\\\/product\\\/kup-bufedron-proszek\\\/#primaryimage\"},\"image\":{\"@id\":\"https:\\\/\\\/medicinasinc.com\\\/pl\\\/product\\\/kup-bufedron-proszek\\\/#primaryimage\"},\"thumbnailUrl\":\"https:\\\/\\\/medicinasinc.com\\\/pl\\\/wp-content\\\/uploads\\\/sites\\\/13\\\/2022\\\/02\\\/Buy-Buphedrone-powder.png\",\"datePublished\":\"2022-02-21T23:37:16+00:00\",\"dateModified\":\"2022-03-22T00:55:32+00:00\",\"description\":\"Kup proszek bufedronowy na sprzeda\u017c w Wielkiej Brytanii, UE, Europie (\u03b1-metyloamino-butyrofenon lub MABP) Kryszta\u0142 i proszek o czysto\u015bci 99,9% online z zabezpieczonym.\",\"breadcrumb\":{\"@id\":\"https:\\\/\\\/medicinasinc.com\\\/pl\\\/product\\\/kup-bufedron-proszek\\\/#breadcrumb\"},\"inLanguage\":\"en-US\",\"potentialAction\":[{\"@type\":\"ReadAction\",\"target\":[\"https:\\\/\\\/medicinasinc.com\\\/pl\\\/product\\\/kup-bufedron-proszek\\\/\"]}]},{\"@type\":\"ImageObject\",\"inLanguage\":\"en-US\",\"@id\":\"https:\\\/\\\/medicinasinc.com\\\/pl\\\/product\\\/kup-bufedron-proszek\\\/#primaryimage\",\"url\":\"https:\\\/\\\/medicinasinc.com\\\/pl\\\/wp-content\\\/uploads\\\/sites\\\/13\\\/2022\\\/02\\\/Buy-Buphedrone-powder.png\",\"contentUrl\":\"https:\\\/\\\/medicinasinc.com\\\/pl\\\/wp-content\\\/uploads\\\/sites\\\/13\\\/2022\\\/02\\\/Buy-Buphedrone-powder.png\",\"width\":600,\"height\":400},{\"@type\":\"BreadcrumbList\",\"@id\":\"https:\\\/\\\/medicinasinc.com\\\/pl\\\/product\\\/kup-bufedron-proszek\\\/#breadcrumb\",\"itemListElement\":[{\"@type\":\"ListItem\",\"position\":1,\"name\":\"Sklep\",\"item\":\"https:\\\/\\\/medicinasinc.com\\\/pl\\\/sklep\\\/\"},{\"@type\":\"ListItem\",\"position\":2,\"name\":\"Kup proszek bufedronowy\"}]},{\"@type\":\"WebSite\",\"@id\":\"https:\\\/\\\/medicinasinc.com\\\/pl\\\/#website\",\"url\":\"https:\\\/\\\/medicinasinc.com\\\/pl\\\/\",\"name\":\"Medicinas Inc\",\"description\":\"Health Medical Clinic\",\"potentialAction\":[{\"@type\":\"SearchAction\",\"target\":{\"@type\":\"EntryPoint\",\"urlTemplate\":\"https:\\\/\\\/medicinasinc.com\\\/pl\\\/?s={search_term_string}\"},\"query-input\":{\"@type\":\"PropertyValueSpecification\",\"valueRequired\":true,\"valueName\":\"search_term_string\"}}],\"inLanguage\":\"en-US\"}]}<\/script>\n<!-- \/ Yoast SEO plugin. -->","yoast_head_json":{"title":"Kup proszek bufedronowy - proszek bufedronowy - Best Global Meds","description":"Kup proszek bufedronowy na sprzeda\u017c w Wielkiej Brytanii, UE, Europie (\u03b1-metyloamino-butyrofenon lub MABP) Kryszta\u0142 i proszek o czysto\u015bci 99,9% online z zabezpieczonym.","robots":{"index":"index","follow":"follow","max-snippet":"max-snippet:-1","max-image-preview":"max-image-preview:large","max-video-preview":"max-video-preview:-1"},"canonical":"https:\/\/medicinasinc.com\/pl\/product\/kup-bufedron-proszek\/","og_locale":"en_US","og_type":"article","og_title":"Kup proszek bufedronowy - proszek bufedronowy - Best Global Meds","og_description":"Kup proszek bufedronowy na sprzeda\u017c w Wielkiej Brytanii, UE, Europie (\u03b1-metyloamino-butyrofenon lub MABP) Kryszta\u0142 i proszek o czysto\u015bci 99,9% online z zabezpieczonym.","og_url":"https:\/\/medicinasinc.com\/pl\/product\/kup-bufedron-proszek\/","og_site_name":"Medicinas Inc","article_modified_time":"2022-03-22T00:55:32+00:00","og_image":[{"width":600,"height":400,"url":"https:\/\/medicinasinc.com\/pl\/wp-content\/uploads\/sites\/13\/2022\/02\/Buy-Buphedrone-powder.png","type":"image\/png"}],"twitter_card":"summary_large_image","twitter_misc":{"Est. reading time":"1 minute"},"schema":{"@context":"https:\/\/schema.org","@graph":[{"@type":"WebPage","@id":"https:\/\/medicinasinc.com\/pl\/product\/kup-bufedron-proszek\/","url":"https:\/\/medicinasinc.com\/pl\/product\/kup-bufedron-proszek\/","name":"Kup proszek bufedronowy - proszek bufedronowy - Best Global Meds","isPartOf":{"@id":"https:\/\/medicinasinc.com\/pl\/#website"},"primaryImageOfPage":{"@id":"https:\/\/medicinasinc.com\/pl\/product\/kup-bufedron-proszek\/#primaryimage"},"image":{"@id":"https:\/\/medicinasinc.com\/pl\/product\/kup-bufedron-proszek\/#primaryimage"},"thumbnailUrl":"https:\/\/medicinasinc.com\/pl\/wp-content\/uploads\/sites\/13\/2022\/02\/Buy-Buphedrone-powder.png","datePublished":"2022-02-21T23:37:16+00:00","dateModified":"2022-03-22T00:55:32+00:00","description":"Kup proszek bufedronowy na sprzeda\u017c w Wielkiej Brytanii, UE, Europie (\u03b1-metyloamino-butyrofenon lub MABP) Kryszta\u0142 i proszek o czysto\u015bci 99,9% online z zabezpieczonym.","breadcrumb":{"@id":"https:\/\/medicinasinc.com\/pl\/product\/kup-bufedron-proszek\/#breadcrumb"},"inLanguage":"en-US","potentialAction":[{"@type":"ReadAction","target":["https:\/\/medicinasinc.com\/pl\/product\/kup-bufedron-proszek\/"]}]},{"@type":"ImageObject","inLanguage":"en-US","@id":"https:\/\/medicinasinc.com\/pl\/product\/kup-bufedron-proszek\/#primaryimage","url":"https:\/\/medicinasinc.com\/pl\/wp-content\/uploads\/sites\/13\/2022\/02\/Buy-Buphedrone-powder.png","contentUrl":"https:\/\/medicinasinc.com\/pl\/wp-content\/uploads\/sites\/13\/2022\/02\/Buy-Buphedrone-powder.png","width":600,"height":400},{"@type":"BreadcrumbList","@id":"https:\/\/medicinasinc.com\/pl\/product\/kup-bufedron-proszek\/#breadcrumb","itemListElement":[{"@type":"ListItem","position":1,"name":"Sklep","item":"https:\/\/medicinasinc.com\/pl\/sklep\/"},{"@type":"ListItem","position":2,"name":"Kup proszek bufedronowy"}]},{"@type":"WebSite","@id":"https:\/\/medicinasinc.com\/pl\/#website","url":"https:\/\/medicinasinc.com\/pl\/","name":"Medicinas Inc","description":"Health Medical Clinic","potentialAction":[{"@type":"SearchAction","target":{"@type":"EntryPoint","urlTemplate":"https:\/\/medicinasinc.com\/pl\/?s={search_term_string}"},"query-input":{"@type":"PropertyValueSpecification","valueRequired":true,"valueName":"search_term_string"}}],"inLanguage":"en-US"}]}},"_links":{"self":[{"href":"https:\/\/medicinasinc.com\/pl\/wp-json\/wp\/v2\/product\/5443","targetHints":{"allow":["GET"]}}],"collection":[{"href":"https:\/\/medicinasinc.com\/pl\/wp-json\/wp\/v2\/product"}],"about":[{"href":"https:\/\/medicinasinc.com\/pl\/wp-json\/wp\/v2\/types\/product"}],"replies":[{"embeddable":true,"href":"https:\/\/medicinasinc.com\/pl\/wp-json\/wp\/v2\/comments?post=5443"}],"wp:featuredmedia":[{"embeddable":true,"href":"https:\/\/medicinasinc.com\/pl\/wp-json\/wp\/v2\/media\/5455"}],"wp:attachment":[{"href":"https:\/\/medicinasinc.com\/pl\/wp-json\/wp\/v2\/media?parent=5443"}],"wp:term":[{"taxonomy":"product_brand","embeddable":true,"href":"https:\/\/medicinasinc.com\/pl\/wp-json\/wp\/v2\/product_brand?post=5443"},{"taxonomy":"product_cat","embeddable":true,"href":"https:\/\/medicinasinc.com\/pl\/wp-json\/wp\/v2\/product_cat?post=5443"},{"taxonomy":"product_tag","embeddable":true,"href":"https:\/\/medicinasinc.com\/pl\/wp-json\/wp\/v2\/product_tag?post=5443"}],"curies":[{"name":"wp","href":"https:\/\/api.w.org\/{rel}","templated":true}]}}