{"id":5442,"date":"2022-02-21T23:35:16","date_gmt":"2022-02-21T23:35:16","guid":{"rendered":"https:\/\/medicinasinc.com\/pl\/?post_type=product&#038;p=5442"},"modified":"2022-03-22T00:55:42","modified_gmt":"2022-03-22T00:55:42","slug":"kup-alprazolam-proszek","status":"publish","type":"product","link":"https:\/\/medicinasinc.com\/pl\/product\/kup-alprazolam-proszek\/","title":{"rendered":"Kup proszek Alprazolam"},"content":{"rendered":"<p>Sprzeda\u017c alprazolamu<\/p>\n<p>Alprazolam jest siln\u0105 benzodiazepin\u0105 o kr\u00f3tkim okresie p\u00f3\u0142trwania, kt\u00f3ra rozlu\u017ania o\u015brodkowy uk\u0142ad nerwowy. Ten lek jest stosowany g\u0142\u00f3wnie w leczeniu zaburze\u0144 l\u0119kowych i paniki. Zwi\u0119kszona populacja geriatryczna podatna na depresj\u0119, a tak\u017ce wyst\u0119powanie zaburze\u0144 l\u0119kowych, takich jak fobia i uog\u00f3lnione l\u0119ki, nap\u0119dzaj\u0105 popyt na proszek alprazolamu. Co wi\u0119cej, rozw\u00f3j bran\u017cy jest nap\u0119dzany szybkim i stresuj\u0105cym stylem \u017cycia, kt\u00f3ry prowadzi do depresji. Ponadto w okresie prognozy planowane s\u0105 prace badawczo-rozwojowe nad Alprazolamem w celu zbadania nowych mo\u017cliwo\u015bci. Z drugiej strony, wzrost hamuj\u0105 surowe regulacje rz\u0105dowe i niekorzystne skutki lek\u00f3w, takie jak uzale\u017cnienie od narkotyk\u00f3w. ALPRAZOLAM mo\u017cna kupi\u0107 online, a tak\u017ce ALPRAZOLAM na sprzeda\u017c.<\/p>\n<p>Zastosowanie<\/p>\n<p>Alprazolam jest stosowany w leczeniu zaburze\u0144 l\u0119kowych i paniki (nag\u0142e, nieprzewidywalne epizody intensywnego strachu i zaniepokojenia tymi epizodami ). Alprazolam nale\u017cy do klasy lek\u00f3w benzodiazepinowych. Zmniejsza to nadmierne pobudzenie w m\u00f3zgu. Alprazolam jest r\u00f3wnie\u017c stosowany w leczeniu depresji, l\u0119ku w miejscach publicznych i zespo\u0142u napi\u0119cia przedmiesi\u0105czkowego. Mo\u017ce by\u0107 stosowany w bolesnych sytuacjach. Porozmawiaj z lekarzem o potencjalnym ryzyku dla twojego stanu, je\u015bli u\u017cywasz tego leku.<\/p>\n<p>Dawkowanie<\/p>\n<p>Alprazolam wyst\u0119puje w tabletkach, tabletkach o przed\u0142u\u017conym uwalnianiu i tabletkach rozk\u0142adaj\u0105cych si\u0119 w jamie ustnej (tabletki, kt\u00f3re szybko rozpuszcza si\u0119 w ustach). Tabletk\u0119, tabletk\u0119 rozpadaj\u0105c\u0105 si\u0119 w ustach i st\u0119\u017cone roztwory przyjmuje si\u0119 zazwyczaj dwa do czterech razy dziennie. Zdalna tabletka jest zwykle przyjmowana raz dziennie, rano. Zwr\u00f3\u0107 szczeg\u00f3ln\u0105 uwag\u0119 na notatki na karcie recepty i popro\u015b farmaceut\u0119 lub lekarza o wyja\u015bnienie wszystkiego, czego nie rozumiesz. We\u017a alprazolam dok\u0142adnie zgodnie z zaleceniami. Do za\u017cywania skoncentrowanego p\u0142ynu u\u017cywaj wy\u0142\u0105cznie zakraplacza dostarczonego wraz z recept\u0105. Nape\u0142nij zakraplacz wymagan\u0105 dawk\u0105. Wyci\u015bnij zakraplacz do p\u0142ynnych lub p\u00f3\u0142sta\u0142ych pokarm\u00f3w, takich jak herbata, mleko, napoje gazowane, zupa jab\u0142kowa lub budy\u0144. Delikatnie mieszaj p\u0142yn lub jedzenie przez kilka sekund. P\u0142yn jest ca\u0142kowicie wch\u0142aniany przez pokarm. Wypij lub zjedz ca\u0142\u0105 mieszank\u0119 od razu. Tabletk\u0119 nale\u017cy przyj\u0105\u0107 doustnie z butelki tu\u017c przed terminem przyj\u0119cia dawki. Suchymi d\u0142o\u0144mi otw\u00f3rz butelk\u0119, wyjmij tabletk\u0119 i od razu umie\u015b\u0107 j\u0105 na j\u0119zyku. Tabletka mo\u017ce si\u0119 rozpu\u015bci\u0107 i po\u0142kn\u0105\u0107 ze \u015blin\u0105.<\/p>\n","protected":false},"excerpt":{"rendered":"<div class=\"woocommerce-product-details__short-description\">\n<p><em>Kup<\/em> Alprazolam Online &#8211; bestglobalmeds.com jest najlepszym dostawc\u0105 i sprzedawc\u0105 <em>proszku alprazolam<\/em>, gdzie mo\u017cesz <em>kupi\u0107<\/em>\u00a0proszek Xanax hurtowo. <em>Zam\u00f3w<\/em>\u00a0Teraz!<\/p>\n<p>Alprazolam w proszku mo\u017cna kupi\u0107 online. Prawdziwy proszek Alprazolam do sprzeda\u017cy online &#8211; Proszek Alprazolam do sprzeda\u017cy online | Kup proszek Alprazolam online | Kup proszek Alprazolam na sprzeda\u017c online | Kup tani proszek Alprazolam online | Gdzie kupi\u0107 proszek Alprazolam online<\/p>\n<\/p><\/div>\n","protected":false},"featured_media":5453,"comment_status":"open","ping_status":"closed","template":"","meta":[],"product_brand":[],"product_cat":[2014],"product_tag":[2721,1153,2722,1152,2719,2723,2720,2725,2724],"class_list":{"0":"post-5442","1":"product","2":"type-product","3":"status-publish","4":"has-post-thumbnail","6":"product_cat-kup-badania-chemikalia","7":"product_tag-alprazolam-powder-europe","8":"product_tag-alprazolam-powder-for-sale","9":"product_tag-alprazolam-powder-reddit","10":"product_tag-alprazolam-w-proszku","11":"product_tag-alprazolam-proszek-kup","12":"product_tag-alprazolam-proszek-uk","13":"product_tag-efekt-alprazolamu-w-proszku","14":"product_tag-kup-alprazolam-proszek-europa","15":"product_tag-kup-alprazolam-proszek","17":"first","18":"instock","19":"shipping-taxable","20":"purchasable","21":"product-type-variable","22":"has-default-attributes"},"yoast_head":"<!-- This site is optimized with the Yoast SEO plugin v27.3 - https:\/\/yoast.com\/product\/yoast-seo-wordpress\/ -->\n<title>Kup proszek Alprazolam - Alprazolam w proszku - Best Global Meds<\/title>\n<meta name=\"description\" content=\"Kup proszek Alprazolam online. Real Alprazolam w proszku online - Alprazolam w proszku na sprzeda\u017c | Kup proszek Alprazolam online | Kup proszek Alprazolam na sprzeda\u017c| Kup tanio proszek Alprazolam | Gdzie kupi\u0107 proszek Alprazolam online\" \/>\n<meta name=\"robots\" content=\"index, follow, max-snippet:-1, max-image-preview:large, max-video-preview:-1\" \/>\n<link rel=\"canonical\" href=\"https:\/\/medicinasinc.com\/pl\/product\/kup-alprazolam-proszek\/\" \/>\n<meta property=\"og:locale\" content=\"en_US\" \/>\n<meta property=\"og:type\" content=\"article\" \/>\n<meta property=\"og:title\" content=\"Kup proszek Alprazolam - Alprazolam w proszku - Best Global Meds\" \/>\n<meta property=\"og:description\" content=\"Kup proszek Alprazolam online. Real Alprazolam w proszku online - Alprazolam w proszku na sprzeda\u017c | Kup proszek Alprazolam online | Kup proszek Alprazolam na sprzeda\u017c| Kup tanio proszek Alprazolam | Gdzie kupi\u0107 proszek Alprazolam online\" \/>\n<meta property=\"og:url\" content=\"https:\/\/medicinasinc.com\/pl\/product\/kup-alprazolam-proszek\/\" \/>\n<meta property=\"og:site_name\" content=\"Medicinas Inc\" \/>\n<meta property=\"article:modified_time\" content=\"2022-03-22T00:55:42+00:00\" \/>\n<meta property=\"og:image\" content=\"https:\/\/medicinasinc.com\/pl\/wp-content\/uploads\/sites\/13\/2022\/02\/Buy-Alprazolam-powder.jpg\" \/>\n\t<meta property=\"og:image:width\" content=\"259\" \/>\n\t<meta property=\"og:image:height\" content=\"194\" \/>\n\t<meta property=\"og:image:type\" content=\"image\/jpeg\" \/>\n<meta name=\"twitter:card\" content=\"summary_large_image\" \/>\n<meta name=\"twitter:label1\" content=\"Est. reading time\" \/>\n\t<meta name=\"twitter:data1\" content=\"2 minutes\" \/>\n<script type=\"application\/ld+json\" class=\"yoast-schema-graph\">{\"@context\":\"https:\\\/\\\/schema.org\",\"@graph\":[{\"@type\":\"WebPage\",\"@id\":\"https:\\\/\\\/medicinasinc.com\\\/pl\\\/product\\\/kup-alprazolam-proszek\\\/\",\"url\":\"https:\\\/\\\/medicinasinc.com\\\/pl\\\/product\\\/kup-alprazolam-proszek\\\/\",\"name\":\"Kup proszek Alprazolam - Alprazolam w proszku - Best Global Meds\",\"isPartOf\":{\"@id\":\"https:\\\/\\\/medicinasinc.com\\\/pl\\\/#website\"},\"primaryImageOfPage\":{\"@id\":\"https:\\\/\\\/medicinasinc.com\\\/pl\\\/product\\\/kup-alprazolam-proszek\\\/#primaryimage\"},\"image\":{\"@id\":\"https:\\\/\\\/medicinasinc.com\\\/pl\\\/product\\\/kup-alprazolam-proszek\\\/#primaryimage\"},\"thumbnailUrl\":\"https:\\\/\\\/medicinasinc.com\\\/pl\\\/wp-content\\\/uploads\\\/sites\\\/13\\\/2022\\\/02\\\/Buy-Alprazolam-powder.jpg\",\"datePublished\":\"2022-02-21T23:35:16+00:00\",\"dateModified\":\"2022-03-22T00:55:42+00:00\",\"description\":\"Kup proszek Alprazolam online. Real Alprazolam w proszku online - Alprazolam w proszku na sprzeda\u017c | Kup proszek Alprazolam online | Kup proszek Alprazolam na sprzeda\u017c| Kup tanio proszek Alprazolam | Gdzie kupi\u0107 proszek Alprazolam online\",\"breadcrumb\":{\"@id\":\"https:\\\/\\\/medicinasinc.com\\\/pl\\\/product\\\/kup-alprazolam-proszek\\\/#breadcrumb\"},\"inLanguage\":\"en-US\",\"potentialAction\":[{\"@type\":\"ReadAction\",\"target\":[\"https:\\\/\\\/medicinasinc.com\\\/pl\\\/product\\\/kup-alprazolam-proszek\\\/\"]}]},{\"@type\":\"ImageObject\",\"inLanguage\":\"en-US\",\"@id\":\"https:\\\/\\\/medicinasinc.com\\\/pl\\\/product\\\/kup-alprazolam-proszek\\\/#primaryimage\",\"url\":\"https:\\\/\\\/medicinasinc.com\\\/pl\\\/wp-content\\\/uploads\\\/sites\\\/13\\\/2022\\\/02\\\/Buy-Alprazolam-powder.jpg\",\"contentUrl\":\"https:\\\/\\\/medicinasinc.com\\\/pl\\\/wp-content\\\/uploads\\\/sites\\\/13\\\/2022\\\/02\\\/Buy-Alprazolam-powder.jpg\",\"width\":259,\"height\":194},{\"@type\":\"BreadcrumbList\",\"@id\":\"https:\\\/\\\/medicinasinc.com\\\/pl\\\/product\\\/kup-alprazolam-proszek\\\/#breadcrumb\",\"itemListElement\":[{\"@type\":\"ListItem\",\"position\":1,\"name\":\"Sklep\",\"item\":\"https:\\\/\\\/medicinasinc.com\\\/pl\\\/sklep\\\/\"},{\"@type\":\"ListItem\",\"position\":2,\"name\":\"Kup proszek Alprazolam\"}]},{\"@type\":\"WebSite\",\"@id\":\"https:\\\/\\\/medicinasinc.com\\\/pl\\\/#website\",\"url\":\"https:\\\/\\\/medicinasinc.com\\\/pl\\\/\",\"name\":\"Medicinas Inc\",\"description\":\"Health Medical Clinic\",\"potentialAction\":[{\"@type\":\"SearchAction\",\"target\":{\"@type\":\"EntryPoint\",\"urlTemplate\":\"https:\\\/\\\/medicinasinc.com\\\/pl\\\/?s={search_term_string}\"},\"query-input\":{\"@type\":\"PropertyValueSpecification\",\"valueRequired\":true,\"valueName\":\"search_term_string\"}}],\"inLanguage\":\"en-US\"}]}<\/script>\n<!-- \/ Yoast SEO plugin. -->","yoast_head_json":{"title":"Kup proszek Alprazolam - Alprazolam w proszku - Best Global Meds","description":"Kup proszek Alprazolam online. Real Alprazolam w proszku online - Alprazolam w proszku na sprzeda\u017c | Kup proszek Alprazolam online | Kup proszek Alprazolam na sprzeda\u017c| Kup tanio proszek Alprazolam | Gdzie kupi\u0107 proszek Alprazolam online","robots":{"index":"index","follow":"follow","max-snippet":"max-snippet:-1","max-image-preview":"max-image-preview:large","max-video-preview":"max-video-preview:-1"},"canonical":"https:\/\/medicinasinc.com\/pl\/product\/kup-alprazolam-proszek\/","og_locale":"en_US","og_type":"article","og_title":"Kup proszek Alprazolam - Alprazolam w proszku - Best Global Meds","og_description":"Kup proszek Alprazolam online. Real Alprazolam w proszku online - Alprazolam w proszku na sprzeda\u017c | Kup proszek Alprazolam online | Kup proszek Alprazolam na sprzeda\u017c| Kup tanio proszek Alprazolam | Gdzie kupi\u0107 proszek Alprazolam online","og_url":"https:\/\/medicinasinc.com\/pl\/product\/kup-alprazolam-proszek\/","og_site_name":"Medicinas Inc","article_modified_time":"2022-03-22T00:55:42+00:00","og_image":[{"width":259,"height":194,"url":"https:\/\/medicinasinc.com\/pl\/wp-content\/uploads\/sites\/13\/2022\/02\/Buy-Alprazolam-powder.jpg","type":"image\/jpeg"}],"twitter_card":"summary_large_image","twitter_misc":{"Est. reading time":"2 minutes"},"schema":{"@context":"https:\/\/schema.org","@graph":[{"@type":"WebPage","@id":"https:\/\/medicinasinc.com\/pl\/product\/kup-alprazolam-proszek\/","url":"https:\/\/medicinasinc.com\/pl\/product\/kup-alprazolam-proszek\/","name":"Kup proszek Alprazolam - Alprazolam w proszku - Best Global Meds","isPartOf":{"@id":"https:\/\/medicinasinc.com\/pl\/#website"},"primaryImageOfPage":{"@id":"https:\/\/medicinasinc.com\/pl\/product\/kup-alprazolam-proszek\/#primaryimage"},"image":{"@id":"https:\/\/medicinasinc.com\/pl\/product\/kup-alprazolam-proszek\/#primaryimage"},"thumbnailUrl":"https:\/\/medicinasinc.com\/pl\/wp-content\/uploads\/sites\/13\/2022\/02\/Buy-Alprazolam-powder.jpg","datePublished":"2022-02-21T23:35:16+00:00","dateModified":"2022-03-22T00:55:42+00:00","description":"Kup proszek Alprazolam online. Real Alprazolam w proszku online - Alprazolam w proszku na sprzeda\u017c | Kup proszek Alprazolam online | Kup proszek Alprazolam na sprzeda\u017c| Kup tanio proszek Alprazolam | Gdzie kupi\u0107 proszek Alprazolam online","breadcrumb":{"@id":"https:\/\/medicinasinc.com\/pl\/product\/kup-alprazolam-proszek\/#breadcrumb"},"inLanguage":"en-US","potentialAction":[{"@type":"ReadAction","target":["https:\/\/medicinasinc.com\/pl\/product\/kup-alprazolam-proszek\/"]}]},{"@type":"ImageObject","inLanguage":"en-US","@id":"https:\/\/medicinasinc.com\/pl\/product\/kup-alprazolam-proszek\/#primaryimage","url":"https:\/\/medicinasinc.com\/pl\/wp-content\/uploads\/sites\/13\/2022\/02\/Buy-Alprazolam-powder.jpg","contentUrl":"https:\/\/medicinasinc.com\/pl\/wp-content\/uploads\/sites\/13\/2022\/02\/Buy-Alprazolam-powder.jpg","width":259,"height":194},{"@type":"BreadcrumbList","@id":"https:\/\/medicinasinc.com\/pl\/product\/kup-alprazolam-proszek\/#breadcrumb","itemListElement":[{"@type":"ListItem","position":1,"name":"Sklep","item":"https:\/\/medicinasinc.com\/pl\/sklep\/"},{"@type":"ListItem","position":2,"name":"Kup proszek Alprazolam"}]},{"@type":"WebSite","@id":"https:\/\/medicinasinc.com\/pl\/#website","url":"https:\/\/medicinasinc.com\/pl\/","name":"Medicinas Inc","description":"Health Medical Clinic","potentialAction":[{"@type":"SearchAction","target":{"@type":"EntryPoint","urlTemplate":"https:\/\/medicinasinc.com\/pl\/?s={search_term_string}"},"query-input":{"@type":"PropertyValueSpecification","valueRequired":true,"valueName":"search_term_string"}}],"inLanguage":"en-US"}]}},"_links":{"self":[{"href":"https:\/\/medicinasinc.com\/pl\/wp-json\/wp\/v2\/product\/5442","targetHints":{"allow":["GET"]}}],"collection":[{"href":"https:\/\/medicinasinc.com\/pl\/wp-json\/wp\/v2\/product"}],"about":[{"href":"https:\/\/medicinasinc.com\/pl\/wp-json\/wp\/v2\/types\/product"}],"replies":[{"embeddable":true,"href":"https:\/\/medicinasinc.com\/pl\/wp-json\/wp\/v2\/comments?post=5442"}],"wp:featuredmedia":[{"embeddable":true,"href":"https:\/\/medicinasinc.com\/pl\/wp-json\/wp\/v2\/media\/5453"}],"wp:attachment":[{"href":"https:\/\/medicinasinc.com\/pl\/wp-json\/wp\/v2\/media?parent=5442"}],"wp:term":[{"taxonomy":"product_brand","embeddable":true,"href":"https:\/\/medicinasinc.com\/pl\/wp-json\/wp\/v2\/product_brand?post=5442"},{"taxonomy":"product_cat","embeddable":true,"href":"https:\/\/medicinasinc.com\/pl\/wp-json\/wp\/v2\/product_cat?post=5442"},{"taxonomy":"product_tag","embeddable":true,"href":"https:\/\/medicinasinc.com\/pl\/wp-json\/wp\/v2\/product_tag?post=5442"}],"curies":[{"name":"wp","href":"https:\/\/api.w.org\/{rel}","templated":true}]}}