{"id":5441,"date":"2022-02-21T23:32:20","date_gmt":"2022-02-21T23:32:20","guid":{"rendered":"https:\/\/medicinasinc.com\/pl\/?post_type=product&#038;p=5441"},"modified":"2022-03-22T00:55:55","modified_gmt":"2022-03-22T00:55:55","slug":"kup-alfa-pvp","status":"publish","type":"product","link":"https:\/\/medicinasinc.com\/pl\/product\/kup-alfa-pvp\/","title":{"rendered":"Kup Alpha-PVP"},"content":{"rendered":"<p>Zakup online Alpha-PVP<\/p>\n<p>Alpha-PVP to syntetyczny stymulant stosowany w medycynie do leczenia r\u00f3\u017cnych chor\u00f3b. Alpha jest klasyfikowana jako prolek w klasie katinonu. Alpha PVP zosta\u0142a pocz\u0105tkowo stworzona jako designerski lek. Jest teraz bardzo popularny w\u015br\u00f3d ludzi do innych cel\u00f3w, takich jak \u0142agodzenie b\u00f3lu. Ten syntetyczny stymulant s\u0142u\u017cy do zaspokajania potrzeb narkoman\u00f3w. Zyska\u0142 popularno\u015b\u0107 40 lat po wydaniu swojego pierwszego produktu, w 2000 roku. Najwa\u017cniejsz\u0105 rzecz\u0105 do zapami\u0119tania jest to, \u017ce nie by\u0142 u\u017cywany przez nawet niewielk\u0105 spo\u0142eczno\u015b\u0107 ludzi w tych latach. Jednak od 2000 roku i do tej pory zyska\u0142a na popularno\u015bci do tego stopnia, \u017ce \u200b\u200bjest u\u017cywana przez prawie 70% \u015bwiatowej populacji.<\/p>\n<p>Przyczyna popularno\u015bci lek\u00f3w psychedelicznych alfa-PVP<\/p>\n<p>Gdzie mog\u0119 zdoby\u0107 PVP? Alpha-PVP<\/p>\n<p>Alpha-PVP jest cz\u0142onkiem najpowszechniejszej klasy prolek\u00f3w i jest szeroko stosowany. G\u0142\u00f3wnym powodem jego popularno\u015bci jest du\u017ca moc i szybkie dzia\u0142anie. Dzia\u0142a podobnie do innych stymulant\u00f3w, poniewa\u017c dzia\u0142a bezpo\u015brednio na o\u015brodkowy uk\u0142ad nerwowy.<\/p>\n<p>Jednak dzia\u0142a szybko i uwalnia hormony, aby wykona\u0107 po\u017c\u0105dane dzia\u0142ania. Ze wzgl\u0119du na sw\u00f3j spos\u00f3b dzia\u0142ania, Alpha PVP jest r\u00f3wnie\u017c znany jako stymulant o\u015brodkowego uk\u0142adu nerwowego.<\/p>\n<p>Psychedeliki alfa-PVP do cel\u00f3w medycznych<\/p>\n<p>Alpha-PVP wspomagaj\u0105 r\u00f3wnie\u017c ludzki umys\u0142 w kontrolowanie ulotnych emocji, takich jak szcz\u0119\u015bcie, smutek czy b\u00f3l. Lek ten pomaga umys\u0142owi w wyobra\u017ceniu sobie normalnej struktury, w kt\u00f3rej normalnie i bez trudno\u015bci mo\u017ce funkcjonowa\u0107. W ten spos\u00f3b Alpha-PVP jest u\u017cywany do \u0142agodzenia wszelkiego rodzaju wstrz\u0105s\u00f3w.<\/p>\n<p>Ten prolek jest u\u017cywany w klubach tanecznych i barach. Jest to jednak stosowane tylko w niekt\u00f3rych terapiach zgodnie z zaleceniami lekarza.<\/p>\n<p>Lekarze lecz\u0105 pacjent\u00f3w lekami opartymi na Alpha-PVP. Podstawowym zastosowaniem jest leczenie depresji i l\u0119ku.<\/p>\n<p>To niekt\u00f3re z kluczowych cech, kt\u00f3re nap\u0119dzaj\u0105 wzrost u\u017cycia Alpha-PVP. Zyskuje popularno\u015b\u0107 w obu dziedzinach.<\/p>\n<p>Jak bezpiecznie kupowa\u0107 a-PVP \u2013 opis<\/p>\n<p>Systematyczna nazwa IUPAC: 1-Fenylo-2-(1-pirolidynyl)-1 -pentanon Pe\u0142na nazwa chemiczna: alfa-pirolidynopentiofenon<br \/> Nr CAS 14530-33-7<br \/> Wz\u00f3r cz\u0105steczkowyC15H21NO Masa cz\u0105steczkowa231.333 g\/mol Numer ChemSpider9324063<\/p>\n<p>Pyrrolidynopentiofenon (alfa-pirolidynowalerofenon, &#8211; PVP, alfa-PVP, O-2387, -keton-prolintan) to zwi\u0105zek stymuluj\u0105cy odkryty w latach 60. XX wieku, kt\u00f3ry jest spokrewniony z pirowaleronem i jest ketonowym analogiem prolintanu.<\/p>\n<p>Na du\u017c\u0105 skal\u0119 nasza witryna internetowa sklep zajmuje si\u0119 Alpha-PVP. Mo\u017cesz otrzyma\u0107 produkty, kt\u00f3re chcesz w bardzo niskich cenach. Otrzymasz r\u00f3wnie\u017c produkt w kr\u00f3tkim czasie dzi\u0119ki naszym us\u0142ugom dostawy online.<\/p>\n","protected":false},"excerpt":{"rendered":"<div class=\"woocommerce-product-details__short-description\">\n<p>chcesz kupi\u0107 tanie A-pvp, kup alfa-Pyrrolidinopentiophenone na sprzeda\u017c w Wielkiej Brytanii, Europie w naszym sklepie bestglobalemeds.com z szybk\u0105 wysy\u0142k\u0105 na ca\u0142y \u015bwiat! Najlepsze A-pvp do zamawiania znajdziesz tutaj! <em>\u03b1<\/em>&#8211;<em>PVP<\/em>(pe\u0142na nazwa to:<em>\u03b1<\/em>&#8211;<em>Pyrrolidinopentiophenone<\/em>) znany r\u00f3wnie\u017c jako\u00a0<em>alfa<\/em>-pirolidynowalerofenon, A-<em>PVP<\/em>,\u00a0<em>alfa<\/em>&#8211;<em>PVP<\/em>,<\/p>\n<p>Co dok\u0142adnie to jest a-PVP?<br \/> A-PVP (alfa-pirolidynowalerofenon, -PVP, alfa-PVP, O-2387, -keton-prolintan) jest zwi\u0105zkiem pobudzaj\u0105cym opracowanym w latach 60-tych, kt\u00f3ry jest spokrewniony z pirowaleronem i jest ketonowy analog prolintanu.<\/p>\n<\/p><\/div>\n","protected":false},"featured_media":5451,"comment_status":"open","ping_status":"closed","template":"","meta":[],"product_brand":[],"product_cat":[2014],"product_tag":[2665,2666,2667,2670,2671,2676,2677,2678,2679,2668,2680,2682,2683,2686,2687,2690,2691,2692,2693,2698,2699,2700,2701,2706,2707,2715,2672,2675,2688,2717,2718,2669,2673,2714,2708,2694,2697,2695,2709,2703,2702,2705,2704,2696,2716,2710,2713,2689,2664,2681,2674,2685,2684,2663,2711,2712],"class_list":{"0":"post-5441","1":"product","2":"type-product","3":"status-publish","4":"has-post-thumbnail","6":"product_cat-kup-badania-chemikalia","7":"product_tag-a-pvp-powder-or-crystals","8":"product_tag-a-pvp","9":"product_tag-a-pvp-proszek","10":"product_tag-a-pvp-crystal-australia","11":"product_tag-a-pvp-crystal-canada","12":"product_tag-a-pvp-crystal-uk","13":"product_tag-a-pvp-crystal-usa","14":"product_tag-a-pvp-crystal-vendor","15":"product_tag-a-pvp-for-sale","16":"product_tag-a-pvp-kup-nas","17":"product_tag-a-pvp-na-sprzeda-online","18":"product_tag-a-pvp-reddit","19":"product_tag-a-pvp-review","20":"product_tag-alfa-pvp-na-sprzedaz","21":"product_tag-alpha-pvp-wiki","22":"product_tag-buy-a-pvp","23":"product_tag-buy-a-pvp-powder-for-sale","24":"product_tag-buy-a-pvp-big-crystal","25":"product_tag-buy-a-pvp-big-crystal-reports","26":"product_tag-buy-a-pvp-big-crystals-online","27":"product_tag-buy-a-pvp-big-crystalxp-net","28":"product_tag-buy-a-pvp-crystal-online","29":"product_tag-buy-a-pvp-online","30":"product_tag-buy-a-pvp-stimulants","31":"product_tag-buy-alpha-pvp","32":"product_tag-czysty-kryszta-pvp","33":"product_tag-a-pvp-kryszta-dawkowanie","34":"product_tag-dostawca-pvp-krysztaw","35":"product_tag-efekt-alfa-pvp","36":"product_tag-gdzie-kupi-pvp","37":"product_tag-gdzie-kupi-pvp-online","38":"product_tag-a-pvp-kryszta","39":"product_tag-a-pvp-kryszta-na-sprzeda","40":"product_tag-kup-pvp-online","41":"product_tag-kup-apvp-dostawa-na-noc","42":"product_tag-kup-due-krysztay-pvp","43":"product_tag-kup-pvp-due-krysztay-wykonane","44":"product_tag-kup-due-krysztay-pvp-na-sprzeda","45":"product_tag-kup-apvp-usa-karta-kredytowa","46":"product_tag-kup-a-pvp-proszek-produkty","47":"product_tag-kup-a-pvp-proszek","48":"product_tag-kup-a-pvp-proszki","49":"product_tag-kup-a-pvp-proszek-recenzje","50":"product_tag-kup-bez-duych-krysztaw-pvp","51":"product_tag-najlepsze-miejsce-na-kupienie-pvp-online","52":"product_tag-mail-a-pvp","53":"product_tag-order-a-pvp-online","54":"product_tag-apvp-proszek","55":"product_tag-a-pvp-proszek-do-sprzeday","56":"product_tag-a-pvp-proszki","57":"product_tag-a-pvp-kryszta-recenzja","58":"product_tag-a-pvp-stymulatory-na-sprzeda","59":"product_tag-a-pvp-stymulanty","60":"product_tag-zamach-stanu","61":"product_tag-podniew-pvp","62":"product_tag-zamw-kryszta-pvp","64":"first","65":"instock","66":"shipping-taxable","67":"purchasable","68":"product-type-variable"},"yoast_head":"<!-- This site is optimized with the Yoast SEO plugin v27.3 - https:\/\/yoast.com\/product\/yoast-seo-wordpress\/ -->\n<title>Kup Alpha-PVP - Alpha-PVP na sprzeda\u017c - Najlepsze najlepsze globalne leki<\/title>\n<meta name=\"description\" content=\"Kup A-pvp, kup alfa-pirolidynopentiofenon na sprzeda\u017c w Wielkiej Brytanii, Europie w naszym sklepie bestglobalemeds.com z szybk\u0105 wysy\u0142k\u0105 na ca\u0142y \u015bwiat! Najlepsze A-pvp do zamawiania znajdziesz tutaj!\" \/>\n<meta name=\"robots\" content=\"index, follow, max-snippet:-1, max-image-preview:large, max-video-preview:-1\" \/>\n<link rel=\"canonical\" href=\"https:\/\/medicinasinc.com\/pl\/product\/kup-alfa-pvp\/\" \/>\n<meta property=\"og:locale\" content=\"en_US\" \/>\n<meta property=\"og:type\" content=\"article\" \/>\n<meta property=\"og:title\" content=\"Kup Alpha-PVP - Alpha-PVP na sprzeda\u017c - Najlepsze najlepsze globalne leki\" \/>\n<meta property=\"og:description\" content=\"Kup A-pvp, kup alfa-pirolidynopentiofenon na sprzeda\u017c w Wielkiej Brytanii, Europie w naszym sklepie bestglobalemeds.com z szybk\u0105 wysy\u0142k\u0105 na ca\u0142y \u015bwiat! Najlepsze A-pvp do zamawiania znajdziesz tutaj!\" \/>\n<meta property=\"og:url\" content=\"https:\/\/medicinasinc.com\/pl\/product\/kup-alfa-pvp\/\" \/>\n<meta property=\"og:site_name\" content=\"Medicinas Inc\" \/>\n<meta property=\"article:modified_time\" content=\"2022-03-22T00:55:55+00:00\" \/>\n<meta property=\"og:image\" content=\"https:\/\/medicinasinc.com\/pl\/wp-content\/uploads\/sites\/13\/2022\/02\/Buy-alpha-pvp.jpg\" \/>\n\t<meta property=\"og:image:width\" content=\"458\" \/>\n\t<meta property=\"og:image:height\" content=\"458\" \/>\n\t<meta property=\"og:image:type\" content=\"image\/jpeg\" \/>\n<meta name=\"twitter:card\" content=\"summary_large_image\" \/>\n<meta name=\"twitter:label1\" content=\"Est. reading time\" \/>\n\t<meta name=\"twitter:data1\" content=\"2 minutes\" \/>\n<script type=\"application\/ld+json\" class=\"yoast-schema-graph\">{\"@context\":\"https:\\\/\\\/schema.org\",\"@graph\":[{\"@type\":\"WebPage\",\"@id\":\"https:\\\/\\\/medicinasinc.com\\\/pl\\\/product\\\/kup-alfa-pvp\\\/\",\"url\":\"https:\\\/\\\/medicinasinc.com\\\/pl\\\/product\\\/kup-alfa-pvp\\\/\",\"name\":\"Kup Alpha-PVP - Alpha-PVP na sprzeda\u017c - Najlepsze najlepsze globalne leki\",\"isPartOf\":{\"@id\":\"https:\\\/\\\/medicinasinc.com\\\/pl\\\/#website\"},\"primaryImageOfPage\":{\"@id\":\"https:\\\/\\\/medicinasinc.com\\\/pl\\\/product\\\/kup-alfa-pvp\\\/#primaryimage\"},\"image\":{\"@id\":\"https:\\\/\\\/medicinasinc.com\\\/pl\\\/product\\\/kup-alfa-pvp\\\/#primaryimage\"},\"thumbnailUrl\":\"https:\\\/\\\/medicinasinc.com\\\/pl\\\/wp-content\\\/uploads\\\/sites\\\/13\\\/2022\\\/02\\\/Buy-alpha-pvp.jpg\",\"datePublished\":\"2022-02-21T23:32:20+00:00\",\"dateModified\":\"2022-03-22T00:55:55+00:00\",\"description\":\"Kup A-pvp, kup alfa-pirolidynopentiofenon na sprzeda\u017c w Wielkiej Brytanii, Europie w naszym sklepie bestglobalemeds.com z szybk\u0105 wysy\u0142k\u0105 na ca\u0142y \u015bwiat! Najlepsze A-pvp do zamawiania znajdziesz tutaj!\",\"breadcrumb\":{\"@id\":\"https:\\\/\\\/medicinasinc.com\\\/pl\\\/product\\\/kup-alfa-pvp\\\/#breadcrumb\"},\"inLanguage\":\"en-US\",\"potentialAction\":[{\"@type\":\"ReadAction\",\"target\":[\"https:\\\/\\\/medicinasinc.com\\\/pl\\\/product\\\/kup-alfa-pvp\\\/\"]}]},{\"@type\":\"ImageObject\",\"inLanguage\":\"en-US\",\"@id\":\"https:\\\/\\\/medicinasinc.com\\\/pl\\\/product\\\/kup-alfa-pvp\\\/#primaryimage\",\"url\":\"https:\\\/\\\/medicinasinc.com\\\/pl\\\/wp-content\\\/uploads\\\/sites\\\/13\\\/2022\\\/02\\\/Buy-alpha-pvp.jpg\",\"contentUrl\":\"https:\\\/\\\/medicinasinc.com\\\/pl\\\/wp-content\\\/uploads\\\/sites\\\/13\\\/2022\\\/02\\\/Buy-alpha-pvp.jpg\",\"width\":458,\"height\":458},{\"@type\":\"BreadcrumbList\",\"@id\":\"https:\\\/\\\/medicinasinc.com\\\/pl\\\/product\\\/kup-alfa-pvp\\\/#breadcrumb\",\"itemListElement\":[{\"@type\":\"ListItem\",\"position\":1,\"name\":\"Sklep\",\"item\":\"https:\\\/\\\/medicinasinc.com\\\/pl\\\/sklep\\\/\"},{\"@type\":\"ListItem\",\"position\":2,\"name\":\"Kup Alpha-PVP\"}]},{\"@type\":\"WebSite\",\"@id\":\"https:\\\/\\\/medicinasinc.com\\\/pl\\\/#website\",\"url\":\"https:\\\/\\\/medicinasinc.com\\\/pl\\\/\",\"name\":\"Medicinas Inc\",\"description\":\"Health Medical Clinic\",\"potentialAction\":[{\"@type\":\"SearchAction\",\"target\":{\"@type\":\"EntryPoint\",\"urlTemplate\":\"https:\\\/\\\/medicinasinc.com\\\/pl\\\/?s={search_term_string}\"},\"query-input\":{\"@type\":\"PropertyValueSpecification\",\"valueRequired\":true,\"valueName\":\"search_term_string\"}}],\"inLanguage\":\"en-US\"}]}<\/script>\n<!-- \/ Yoast SEO plugin. -->","yoast_head_json":{"title":"Kup Alpha-PVP - Alpha-PVP na sprzeda\u017c - Najlepsze najlepsze globalne leki","description":"Kup A-pvp, kup alfa-pirolidynopentiofenon na sprzeda\u017c w Wielkiej Brytanii, Europie w naszym sklepie bestglobalemeds.com z szybk\u0105 wysy\u0142k\u0105 na ca\u0142y \u015bwiat! Najlepsze A-pvp do zamawiania znajdziesz tutaj!","robots":{"index":"index","follow":"follow","max-snippet":"max-snippet:-1","max-image-preview":"max-image-preview:large","max-video-preview":"max-video-preview:-1"},"canonical":"https:\/\/medicinasinc.com\/pl\/product\/kup-alfa-pvp\/","og_locale":"en_US","og_type":"article","og_title":"Kup Alpha-PVP - Alpha-PVP na sprzeda\u017c - Najlepsze najlepsze globalne leki","og_description":"Kup A-pvp, kup alfa-pirolidynopentiofenon na sprzeda\u017c w Wielkiej Brytanii, Europie w naszym sklepie bestglobalemeds.com z szybk\u0105 wysy\u0142k\u0105 na ca\u0142y \u015bwiat! Najlepsze A-pvp do zamawiania znajdziesz tutaj!","og_url":"https:\/\/medicinasinc.com\/pl\/product\/kup-alfa-pvp\/","og_site_name":"Medicinas Inc","article_modified_time":"2022-03-22T00:55:55+00:00","og_image":[{"width":458,"height":458,"url":"https:\/\/medicinasinc.com\/pl\/wp-content\/uploads\/sites\/13\/2022\/02\/Buy-alpha-pvp.jpg","type":"image\/jpeg"}],"twitter_card":"summary_large_image","twitter_misc":{"Est. reading time":"2 minutes"},"schema":{"@context":"https:\/\/schema.org","@graph":[{"@type":"WebPage","@id":"https:\/\/medicinasinc.com\/pl\/product\/kup-alfa-pvp\/","url":"https:\/\/medicinasinc.com\/pl\/product\/kup-alfa-pvp\/","name":"Kup Alpha-PVP - Alpha-PVP na sprzeda\u017c - Najlepsze najlepsze globalne leki","isPartOf":{"@id":"https:\/\/medicinasinc.com\/pl\/#website"},"primaryImageOfPage":{"@id":"https:\/\/medicinasinc.com\/pl\/product\/kup-alfa-pvp\/#primaryimage"},"image":{"@id":"https:\/\/medicinasinc.com\/pl\/product\/kup-alfa-pvp\/#primaryimage"},"thumbnailUrl":"https:\/\/medicinasinc.com\/pl\/wp-content\/uploads\/sites\/13\/2022\/02\/Buy-alpha-pvp.jpg","datePublished":"2022-02-21T23:32:20+00:00","dateModified":"2022-03-22T00:55:55+00:00","description":"Kup A-pvp, kup alfa-pirolidynopentiofenon na sprzeda\u017c w Wielkiej Brytanii, Europie w naszym sklepie bestglobalemeds.com z szybk\u0105 wysy\u0142k\u0105 na ca\u0142y \u015bwiat! Najlepsze A-pvp do zamawiania znajdziesz tutaj!","breadcrumb":{"@id":"https:\/\/medicinasinc.com\/pl\/product\/kup-alfa-pvp\/#breadcrumb"},"inLanguage":"en-US","potentialAction":[{"@type":"ReadAction","target":["https:\/\/medicinasinc.com\/pl\/product\/kup-alfa-pvp\/"]}]},{"@type":"ImageObject","inLanguage":"en-US","@id":"https:\/\/medicinasinc.com\/pl\/product\/kup-alfa-pvp\/#primaryimage","url":"https:\/\/medicinasinc.com\/pl\/wp-content\/uploads\/sites\/13\/2022\/02\/Buy-alpha-pvp.jpg","contentUrl":"https:\/\/medicinasinc.com\/pl\/wp-content\/uploads\/sites\/13\/2022\/02\/Buy-alpha-pvp.jpg","width":458,"height":458},{"@type":"BreadcrumbList","@id":"https:\/\/medicinasinc.com\/pl\/product\/kup-alfa-pvp\/#breadcrumb","itemListElement":[{"@type":"ListItem","position":1,"name":"Sklep","item":"https:\/\/medicinasinc.com\/pl\/sklep\/"},{"@type":"ListItem","position":2,"name":"Kup Alpha-PVP"}]},{"@type":"WebSite","@id":"https:\/\/medicinasinc.com\/pl\/#website","url":"https:\/\/medicinasinc.com\/pl\/","name":"Medicinas Inc","description":"Health Medical Clinic","potentialAction":[{"@type":"SearchAction","target":{"@type":"EntryPoint","urlTemplate":"https:\/\/medicinasinc.com\/pl\/?s={search_term_string}"},"query-input":{"@type":"PropertyValueSpecification","valueRequired":true,"valueName":"search_term_string"}}],"inLanguage":"en-US"}]}},"_links":{"self":[{"href":"https:\/\/medicinasinc.com\/pl\/wp-json\/wp\/v2\/product\/5441","targetHints":{"allow":["GET"]}}],"collection":[{"href":"https:\/\/medicinasinc.com\/pl\/wp-json\/wp\/v2\/product"}],"about":[{"href":"https:\/\/medicinasinc.com\/pl\/wp-json\/wp\/v2\/types\/product"}],"replies":[{"embeddable":true,"href":"https:\/\/medicinasinc.com\/pl\/wp-json\/wp\/v2\/comments?post=5441"}],"wp:featuredmedia":[{"embeddable":true,"href":"https:\/\/medicinasinc.com\/pl\/wp-json\/wp\/v2\/media\/5451"}],"wp:attachment":[{"href":"https:\/\/medicinasinc.com\/pl\/wp-json\/wp\/v2\/media?parent=5441"}],"wp:term":[{"taxonomy":"product_brand","embeddable":true,"href":"https:\/\/medicinasinc.com\/pl\/wp-json\/wp\/v2\/product_brand?post=5441"},{"taxonomy":"product_cat","embeddable":true,"href":"https:\/\/medicinasinc.com\/pl\/wp-json\/wp\/v2\/product_cat?post=5441"},{"taxonomy":"product_tag","embeddable":true,"href":"https:\/\/medicinasinc.com\/pl\/wp-json\/wp\/v2\/product_tag?post=5441"}],"curies":[{"name":"wp","href":"https:\/\/api.w.org\/{rel}","templated":true}]}}