{"id":5440,"date":"2022-02-21T23:30:16","date_gmt":"2022-02-21T23:30:16","guid":{"rendered":"https:\/\/medicinasinc.com\/pl\/?post_type=product&#038;p=5440"},"modified":"2022-03-22T00:56:04","modified_gmt":"2022-03-22T00:56:04","slug":"kup-ald-52-blotters","status":"publish","type":"product","link":"https:\/\/medicinasinc.com\/pl\/product\/kup-ald-52-blotters\/","title":{"rendered":"Kup Blottery ALD-52"},"content":{"rendered":"<p>ALD-52 Blottery mo\u017cna kupi\u0107 online. Blottery zawieraj\u0105ce 100mcg ALD-52<\/p>\n<p>ALD-52 Blottery mo\u017cna kupi\u0107 online.<\/p>\n<p>Blottery zawieraj\u0105ce 100mcg ALD-52<\/p>\n<p>ALD 52 Blotter, Kup ALD 52 Blotter <\/p>\n<p>ALD-52 to modny lek, kt\u00f3ry zosta\u0142 skonsolidowany przez r\u00f3\u017cne chemikalia z powodu op\u00f3\u017anionej historii ALD-52 i r\u00f3\u017cnych innych nazw ALD-52. ALD-52 jest kupowany online przez naukowc\u00f3w do u\u017cytku w domenach lek\u00f3w, rekreacji i bada\u0144. Psychotropowi przypisuj\u0105cy ALD-52 nie kwestionowali go w\u015br\u00f3d pracownik\u00f3w laboratori\u00f3w i znawc\u00f3w tematu. Szeroka gama typowych klient\u00f3w decyduje si\u0119 na zakup dost\u0119pnego do kupienia, aby mie\u0107 podekscytowanie, satysfakcj\u0119, utrzyma\u0107 energi\u0119 i zwi\u0119kszy\u0107 aktywno\u015b\u0107 seksualn\u0105.<\/p>\n<p>Wa\u017cne jest, aby wybra\u0107 ALD-52 wyprodukowany przy u\u017cyciu najlepszych rodzaj\u00f3w post\u0119pu metodami ca\u0142kowicie kontrolowanego \u015brodka zbierania. Szeroki zakres wk\u0142adu w badania wyprodukowanych mieszanek dost\u0119pnych do zakupu jest mo\u017cliwy na rynku, aby kontrolowa\u0107 stan wykonania, tworz\u0105c \u015brodki w chi\u0144skich laboratoriach, w kt\u00f3rych wytwarzane s\u0105 wszystkie sole pod prysznic.<\/p>\n<p>Jako bezkonkurencyjny dostawca, nasza organizacja wsp\u00f3\u0142pracuje bezpo\u015brednio z legalne chi\u0144skie organizacje. Pozwala na handel solami pod prysznic o najwy\u017cszej nieskazitelno\u015bci i jako\u015bci. ALD-52 jest mieszany pod \u015bcis\u0142ym nadzorem i zgodnie ze wszystkimi zasadami. Korzystanie z najnowszych sp\u00f3jnych dost\u0119pnych danych, aby zapewni\u0107 najbardziej ol\u015bniewaj\u0105c\u0105 cen\u0119 w najlepszej witrynie, aby kupi\u0107 materia\u0142y in\u017cynierskie. Granulki ALD-52, powierzchnie do wybarwiania ALD-52 i proszki ALD-52 s\u0105 transportowane w chi\u0144skich laboratoriach. Nadawca ALD-52 wysy\u0142a ALD-52 do dowolnego kraju. \u015acis\u0142a wsp\u00f3\u0142praca z legalnymi dostawcami ALD-52 gwarantuje, \u017ce wyniki Twoich test\u00f3w i dochodze\u0144 s\u0105 realizowane na czas.<\/p>\n<p>Przez d\u0142ugi czas dostawca by\u0142 wiarygodnym producentem chemikali\u00f3w ewaluacyjnych. Klienci zapewnili witrynie znakomit\u0105 reputacj\u0119 w ca\u0142ej sieci res chems. ald 52 sprzedam, ald 52 zakup, ald 52 zakup, ald-52 zakup Jako niezawodni dostawcy RC zapewniaj\u0105 przez ca\u0142y dzie\u0144 pomoc organizacji z do\u015bwiadczonymi mened\u017cerami za po\u015brednictwem czatu na \u017cywo, kt\u00f3rzy maj\u0105 istotne dane, kt\u00f3re pomog\u0105 Ci w ka\u017cdej k\u0142opotliwej sytuacji.<\/p>\n<p>W przypadku wyj\u0105tkowych dochodze\u0144 technicznych, kt\u00f3re mo\u017cna kupi\u0107 w rozmowach online, mo\u017cna znale\u017a\u0107 pozytywne reakcje naszych kupuj\u0105cych, kt\u00f3rzy s\u0105 obecnie zadowoleni z oferowanych rodzaj\u00f3w pomocy i najlepszych rzeczy zakupionych w tym Internecie.<\/p>\n","protected":false},"excerpt":{"rendered":"<div class=\"char\">SPECYFIKACJA<\/div>\n<div class=\"specyfikacja\">\n<div class=\"sprow\"><span class=\"spname\">Nazwa produktu:<\/span><span class=\"sptext \">ALD-52<\/span><\/div>\n<div class=\"sprow\"><span class=\"spname\">Nazwa IUPAC:<\/span><span class=\"sptext\">1-Acetyl-N, N-dietylolizergamid, ALD<\/span><\/div>\n<div class=\"sprow\"><span class=\"spname\">Inne nazwy:<\/span><span class=\"sptext\">N-acetyl-LSD, Dietylamid kwasu acetylolizergowego, dietyloamid kwasu d-acetylolizergowego, d-acetylodietylolizergamid<\/span><\/div>\n<div class=\"sprow\"><span class=\"spname\">Numer CAS:<\/span><span class=\"sptext\">3270-02-8<\/span><\/div>\n<div class=\"sprow\"><span class=\"spname\">Wz\u00f3r cz\u0105steczkowy:<\/span><span class=\"sptext\">C22H27N3O2<\/span><\/div>\n<div class=\"sprow\"><span class=\"spname\">Masa molowa:<\/span><span class=\"sptext\">365,477 g\u2022mol-1<\/span><\/div>\n<div class=\"sprow\"><span class=\"spname\">Efekt:<\/span><span class=\"sptext\">psychedeliczny, halucynogenny<\/span><\/div>\n<div class=\"sprow\"><\/div>\n<\/p><\/div>\n<p>Kup ALD-52 Blottery online. <em>ALD<\/em>\u2013<em>52<\/em>\u00a0to pochodna N-acetylowa LSD. <strong>100mcg<\/strong>\u00a0ALD-52 Blotters.<\/p>\n<p>ALD-52 na sprzeda\u017c w Europie, kupuj za Bitcoin i otrzymuj dyskretn\u0105 wysy\u0142k\u0119 z UE. ALD-52 Blotters na sprzeda\u017c, surowy proszek ALD-52 na sprzeda\u017c, dostawca chemikali\u00f3w badawczych<\/p>\n<p>Zam\u00f3w pr\u00f3bk\u0119 do testowania lub kup ALD-52 na sprzeda\u017c z bezp\u0142atn\u0105 dostaw\u0105 w Wielkiej Brytanii, USA lub Europie.<\/p>\n","protected":false},"featured_media":5449,"comment_status":"open","ping_status":"closed","template":"","meta":[],"product_brand":[],"product_cat":[2014],"product_tag":[2651,2652,2655,2656,2657,2658,2660,2661,2662,2654,2653,2650,2659],"class_list":{"0":"post-5440","1":"product","2":"type-product","3":"status-publish","4":"has-post-thumbnail","6":"product_cat-kup-badania-chemikalia","7":"product_tag-ald-52-blotters-sprzeda-online","8":"product_tag-best-ald-52-blotters-online","9":"product_tag-buy-legit-ald-52-blotters-online","10":"product_tag-buy-pure-ald-52-blotters-online","11":"product_tag-comprar-pedir-secantes-ald-52-en-linea","12":"product_tag-discreet-vendor-ald-52","13":"product_tag-gdzie-kupi-ald-52-blotters-online","14":"product_tag-gdzie-kupi-czysty-ald-52-blotters-online","15":"product_tag-gdzie-zamwi-legalny-ald-52-blotters-online","16":"product_tag-kup-ald-52-blotters-online","17":"product_tag-kup-ald-52-blotters-do-odsprzeday","18":"product_tag-ald-52-blotters-na-sprzeda","19":"product_tag-zamw-ald-52-blotters-online","21":"first","22":"instock","23":"shipping-taxable","24":"purchasable","25":"product-type-variable","26":"has-default-attributes"},"yoast_head":"<!-- This site is optimized with the Yoast SEO plugin v27.3 - https:\/\/yoast.com\/product\/yoast-seo-wordpress\/ -->\n<title>Kup ALD-52 Blotters - Wysokiej jako\u015bci ALD-52 Blotters - Najlepsze \u015bwiatowe leki<\/title>\n<meta name=\"description\" content=\"Kup Blottery ALD-52 przez Internet. kup ALD-52 na sprzeda\u017c i otrzymaj bezp\u0142atn\u0105 dostaw\u0119 w Wielkiej Brytanii, Stanach Zjednoczonych lub Europie ALD-52 jest pochodn\u0105 N-acetylow\u0105 LSD. 100mcg ALD-52 Blottery.\" \/>\n<meta name=\"robots\" content=\"index, follow, max-snippet:-1, max-image-preview:large, max-video-preview:-1\" \/>\n<link rel=\"canonical\" href=\"https:\/\/medicinasinc.com\/pl\/product\/kup-ald-52-blotters\/\" \/>\n<meta property=\"og:locale\" content=\"en_US\" \/>\n<meta property=\"og:type\" content=\"article\" \/>\n<meta property=\"og:title\" content=\"Kup ALD-52 Blotters - Wysokiej jako\u015bci ALD-52 Blotters - Najlepsze \u015bwiatowe leki\" \/>\n<meta property=\"og:description\" content=\"Kup Blottery ALD-52 przez Internet. kup ALD-52 na sprzeda\u017c i otrzymaj bezp\u0142atn\u0105 dostaw\u0119 w Wielkiej Brytanii, Stanach Zjednoczonych lub Europie ALD-52 jest pochodn\u0105 N-acetylow\u0105 LSD. 100mcg ALD-52 Blottery.\" \/>\n<meta property=\"og:url\" content=\"https:\/\/medicinasinc.com\/pl\/product\/kup-ald-52-blotters\/\" \/>\n<meta property=\"og:site_name\" content=\"Medicinas Inc\" \/>\n<meta property=\"article:modified_time\" content=\"2022-03-22T00:56:04+00:00\" \/>\n<meta property=\"og:image\" content=\"https:\/\/medicinasinc.com\/pl\/wp-content\/uploads\/sites\/13\/2022\/02\/Buy-ALD-52-Blotters.jpg\" \/>\n\t<meta property=\"og:image:width\" content=\"350\" \/>\n\t<meta property=\"og:image:height\" content=\"350\" \/>\n\t<meta property=\"og:image:type\" content=\"image\/jpeg\" \/>\n<meta name=\"twitter:card\" content=\"summary_large_image\" \/>\n<meta name=\"twitter:label1\" content=\"Est. reading time\" \/>\n\t<meta name=\"twitter:data1\" content=\"2 minutes\" \/>\n<script type=\"application\/ld+json\" class=\"yoast-schema-graph\">{\"@context\":\"https:\\\/\\\/schema.org\",\"@graph\":[{\"@type\":\"WebPage\",\"@id\":\"https:\\\/\\\/medicinasinc.com\\\/pl\\\/product\\\/kup-ald-52-blotters\\\/\",\"url\":\"https:\\\/\\\/medicinasinc.com\\\/pl\\\/product\\\/kup-ald-52-blotters\\\/\",\"name\":\"Kup ALD-52 Blotters - Wysokiej jako\u015bci ALD-52 Blotters - Najlepsze \u015bwiatowe leki\",\"isPartOf\":{\"@id\":\"https:\\\/\\\/medicinasinc.com\\\/pl\\\/#website\"},\"primaryImageOfPage\":{\"@id\":\"https:\\\/\\\/medicinasinc.com\\\/pl\\\/product\\\/kup-ald-52-blotters\\\/#primaryimage\"},\"image\":{\"@id\":\"https:\\\/\\\/medicinasinc.com\\\/pl\\\/product\\\/kup-ald-52-blotters\\\/#primaryimage\"},\"thumbnailUrl\":\"https:\\\/\\\/medicinasinc.com\\\/pl\\\/wp-content\\\/uploads\\\/sites\\\/13\\\/2022\\\/02\\\/Buy-ALD-52-Blotters.jpg\",\"datePublished\":\"2022-02-21T23:30:16+00:00\",\"dateModified\":\"2022-03-22T00:56:04+00:00\",\"description\":\"Kup Blottery ALD-52 przez Internet. kup ALD-52 na sprzeda\u017c i otrzymaj bezp\u0142atn\u0105 dostaw\u0119 w Wielkiej Brytanii, Stanach Zjednoczonych lub Europie ALD-52 jest pochodn\u0105 N-acetylow\u0105 LSD. 100mcg ALD-52 Blottery.\",\"breadcrumb\":{\"@id\":\"https:\\\/\\\/medicinasinc.com\\\/pl\\\/product\\\/kup-ald-52-blotters\\\/#breadcrumb\"},\"inLanguage\":\"en-US\",\"potentialAction\":[{\"@type\":\"ReadAction\",\"target\":[\"https:\\\/\\\/medicinasinc.com\\\/pl\\\/product\\\/kup-ald-52-blotters\\\/\"]}]},{\"@type\":\"ImageObject\",\"inLanguage\":\"en-US\",\"@id\":\"https:\\\/\\\/medicinasinc.com\\\/pl\\\/product\\\/kup-ald-52-blotters\\\/#primaryimage\",\"url\":\"https:\\\/\\\/medicinasinc.com\\\/pl\\\/wp-content\\\/uploads\\\/sites\\\/13\\\/2022\\\/02\\\/Buy-ALD-52-Blotters.jpg\",\"contentUrl\":\"https:\\\/\\\/medicinasinc.com\\\/pl\\\/wp-content\\\/uploads\\\/sites\\\/13\\\/2022\\\/02\\\/Buy-ALD-52-Blotters.jpg\",\"width\":350,\"height\":350},{\"@type\":\"BreadcrumbList\",\"@id\":\"https:\\\/\\\/medicinasinc.com\\\/pl\\\/product\\\/kup-ald-52-blotters\\\/#breadcrumb\",\"itemListElement\":[{\"@type\":\"ListItem\",\"position\":1,\"name\":\"Sklep\",\"item\":\"https:\\\/\\\/medicinasinc.com\\\/pl\\\/sklep\\\/\"},{\"@type\":\"ListItem\",\"position\":2,\"name\":\"Kup Blottery ALD-52\"}]},{\"@type\":\"WebSite\",\"@id\":\"https:\\\/\\\/medicinasinc.com\\\/pl\\\/#website\",\"url\":\"https:\\\/\\\/medicinasinc.com\\\/pl\\\/\",\"name\":\"Medicinas Inc\",\"description\":\"Health Medical Clinic\",\"potentialAction\":[{\"@type\":\"SearchAction\",\"target\":{\"@type\":\"EntryPoint\",\"urlTemplate\":\"https:\\\/\\\/medicinasinc.com\\\/pl\\\/?s={search_term_string}\"},\"query-input\":{\"@type\":\"PropertyValueSpecification\",\"valueRequired\":true,\"valueName\":\"search_term_string\"}}],\"inLanguage\":\"en-US\"}]}<\/script>\n<!-- \/ Yoast SEO plugin. -->","yoast_head_json":{"title":"Kup ALD-52 Blotters - Wysokiej jako\u015bci ALD-52 Blotters - Najlepsze \u015bwiatowe leki","description":"Kup Blottery ALD-52 przez Internet. kup ALD-52 na sprzeda\u017c i otrzymaj bezp\u0142atn\u0105 dostaw\u0119 w Wielkiej Brytanii, Stanach Zjednoczonych lub Europie ALD-52 jest pochodn\u0105 N-acetylow\u0105 LSD. 100mcg ALD-52 Blottery.","robots":{"index":"index","follow":"follow","max-snippet":"max-snippet:-1","max-image-preview":"max-image-preview:large","max-video-preview":"max-video-preview:-1"},"canonical":"https:\/\/medicinasinc.com\/pl\/product\/kup-ald-52-blotters\/","og_locale":"en_US","og_type":"article","og_title":"Kup ALD-52 Blotters - Wysokiej jako\u015bci ALD-52 Blotters - Najlepsze \u015bwiatowe leki","og_description":"Kup Blottery ALD-52 przez Internet. kup ALD-52 na sprzeda\u017c i otrzymaj bezp\u0142atn\u0105 dostaw\u0119 w Wielkiej Brytanii, Stanach Zjednoczonych lub Europie ALD-52 jest pochodn\u0105 N-acetylow\u0105 LSD. 100mcg ALD-52 Blottery.","og_url":"https:\/\/medicinasinc.com\/pl\/product\/kup-ald-52-blotters\/","og_site_name":"Medicinas Inc","article_modified_time":"2022-03-22T00:56:04+00:00","og_image":[{"width":350,"height":350,"url":"https:\/\/medicinasinc.com\/pl\/wp-content\/uploads\/sites\/13\/2022\/02\/Buy-ALD-52-Blotters.jpg","type":"image\/jpeg"}],"twitter_card":"summary_large_image","twitter_misc":{"Est. reading time":"2 minutes"},"schema":{"@context":"https:\/\/schema.org","@graph":[{"@type":"WebPage","@id":"https:\/\/medicinasinc.com\/pl\/product\/kup-ald-52-blotters\/","url":"https:\/\/medicinasinc.com\/pl\/product\/kup-ald-52-blotters\/","name":"Kup ALD-52 Blotters - Wysokiej jako\u015bci ALD-52 Blotters - Najlepsze \u015bwiatowe leki","isPartOf":{"@id":"https:\/\/medicinasinc.com\/pl\/#website"},"primaryImageOfPage":{"@id":"https:\/\/medicinasinc.com\/pl\/product\/kup-ald-52-blotters\/#primaryimage"},"image":{"@id":"https:\/\/medicinasinc.com\/pl\/product\/kup-ald-52-blotters\/#primaryimage"},"thumbnailUrl":"https:\/\/medicinasinc.com\/pl\/wp-content\/uploads\/sites\/13\/2022\/02\/Buy-ALD-52-Blotters.jpg","datePublished":"2022-02-21T23:30:16+00:00","dateModified":"2022-03-22T00:56:04+00:00","description":"Kup Blottery ALD-52 przez Internet. kup ALD-52 na sprzeda\u017c i otrzymaj bezp\u0142atn\u0105 dostaw\u0119 w Wielkiej Brytanii, Stanach Zjednoczonych lub Europie ALD-52 jest pochodn\u0105 N-acetylow\u0105 LSD. 100mcg ALD-52 Blottery.","breadcrumb":{"@id":"https:\/\/medicinasinc.com\/pl\/product\/kup-ald-52-blotters\/#breadcrumb"},"inLanguage":"en-US","potentialAction":[{"@type":"ReadAction","target":["https:\/\/medicinasinc.com\/pl\/product\/kup-ald-52-blotters\/"]}]},{"@type":"ImageObject","inLanguage":"en-US","@id":"https:\/\/medicinasinc.com\/pl\/product\/kup-ald-52-blotters\/#primaryimage","url":"https:\/\/medicinasinc.com\/pl\/wp-content\/uploads\/sites\/13\/2022\/02\/Buy-ALD-52-Blotters.jpg","contentUrl":"https:\/\/medicinasinc.com\/pl\/wp-content\/uploads\/sites\/13\/2022\/02\/Buy-ALD-52-Blotters.jpg","width":350,"height":350},{"@type":"BreadcrumbList","@id":"https:\/\/medicinasinc.com\/pl\/product\/kup-ald-52-blotters\/#breadcrumb","itemListElement":[{"@type":"ListItem","position":1,"name":"Sklep","item":"https:\/\/medicinasinc.com\/pl\/sklep\/"},{"@type":"ListItem","position":2,"name":"Kup Blottery ALD-52"}]},{"@type":"WebSite","@id":"https:\/\/medicinasinc.com\/pl\/#website","url":"https:\/\/medicinasinc.com\/pl\/","name":"Medicinas Inc","description":"Health Medical Clinic","potentialAction":[{"@type":"SearchAction","target":{"@type":"EntryPoint","urlTemplate":"https:\/\/medicinasinc.com\/pl\/?s={search_term_string}"},"query-input":{"@type":"PropertyValueSpecification","valueRequired":true,"valueName":"search_term_string"}}],"inLanguage":"en-US"}]}},"_links":{"self":[{"href":"https:\/\/medicinasinc.com\/pl\/wp-json\/wp\/v2\/product\/5440","targetHints":{"allow":["GET"]}}],"collection":[{"href":"https:\/\/medicinasinc.com\/pl\/wp-json\/wp\/v2\/product"}],"about":[{"href":"https:\/\/medicinasinc.com\/pl\/wp-json\/wp\/v2\/types\/product"}],"replies":[{"embeddable":true,"href":"https:\/\/medicinasinc.com\/pl\/wp-json\/wp\/v2\/comments?post=5440"}],"wp:featuredmedia":[{"embeddable":true,"href":"https:\/\/medicinasinc.com\/pl\/wp-json\/wp\/v2\/media\/5449"}],"wp:attachment":[{"href":"https:\/\/medicinasinc.com\/pl\/wp-json\/wp\/v2\/media?parent=5440"}],"wp:term":[{"taxonomy":"product_brand","embeddable":true,"href":"https:\/\/medicinasinc.com\/pl\/wp-json\/wp\/v2\/product_brand?post=5440"},{"taxonomy":"product_cat","embeddable":true,"href":"https:\/\/medicinasinc.com\/pl\/wp-json\/wp\/v2\/product_cat?post=5440"},{"taxonomy":"product_tag","embeddable":true,"href":"https:\/\/medicinasinc.com\/pl\/wp-json\/wp\/v2\/product_tag?post=5440"}],"curies":[{"name":"wp","href":"https:\/\/api.w.org\/{rel}","templated":true}]}}