{"id":5419,"date":"2022-02-21T23:00:46","date_gmt":"2022-02-21T23:00:46","guid":{"rendered":"https:\/\/medicinasinc.com\/pl\/?post_type=product&#038;p=5419"},"modified":"2022-03-22T00:56:14","modified_gmt":"2022-03-22T00:56:14","slug":"kup-adb-pinaca-proszek","status":"publish","type":"product","link":"https:\/\/medicinasinc.com\/pl\/product\/kup-adb-pinaca-proszek\/","title":{"rendered":"Kup proszek ADB-PINACA"},"content":{"rendered":"<p><strong>Dost\u0119pny jest proszek ADB-Pinaca o wysokiej czysto\u015bci<\/strong><\/p>\n<p>Proszek i kryszta\u0142 Metiopropamin\u0119 \/ MPA mo\u017cna kupi\u0107 w ADB-Pinaca Powder Purity 98% Chemical Stock<\/p>\n<p>Czysto\u015b\u0107 proszku ADB-Pinaca<\/p>\n<p>ProName: 5F-MDMB-PINACA 5F-ADB 5FADB proszek ADB<br \/> Nr CAS: 68585-34-2<br \/> Wz\u00f3r cz\u0105steczkowy: ADB<br \/> Wygl\u0105d: bia\u0142y krystaliczny proszek<br \/> Zastosowanie: p\u00f3\u0142produkt farmaceutyczny<br \/>Czas dostawy: 4-7 dni na towar gotowy<br \/>Opakowanie: 1kg\/torba z folii aluminiowej<br \/>Port: Tianjin<br \/>Mo\u017cliwo\u015bci produkcyjne : 10000 kilogram\u00f3w\/miesi\u0105c<br \/> Czysto\u015b\u0107: &gt;99,5%<br \/> Przechowywanie: przechowywa\u0107 w ch\u0142odnym, suchym i dobrze uszczelnionym<br \/> Transport: EMS, DHL, FEDEX<br \/> Zawarto\u015b\u0107 wilgoci: \u2264 0.01<\/p>\n<p>Kup <a href=\"https:\/\/en.wikipedia.org\/wiki\/ADB-PINACA\">ADB-Pinaca<\/a> czysto\u015b\u0107 proszku 98% na sprzeda\u017c, zbadaj dostawc\u00f3w chemikali\u00f3w, kup badania chemikali\u00f3w chiny, najlepsza strona do kupowania chemikali\u00f3w badawczych, chemikali\u00f3w badawczych reddit, chemikali\u00f3w do bada\u0144 kulturystycznych, tanich chemikali\u00f3w badawczych w usa, kupowania bada\u0144 c hemicals online w europie<\/p>\n<p>&nbsp;<\/p>\n<div class=\"product-next-previous\">\n<div class=\"product-prev\"><\/div><\/div>\n","protected":false},"excerpt":{"rendered":"<p>Kup ADB-Pinaca w proszku o wysokiej czysto\u015bci. Kup ADB-Pinaca Powder Purity 98% Chemical Stock dost\u0119pny w wersji Powder &amp; amp; Kryszta\u0142<\/p>\n<p>Kup ADB-Pinaca w proszku na sprzeda\u017c w Europie, Wielkiej Brytanii, UE, Chinach Czysto\u015b\u0107 98% chemikali\u00f3w dost\u0119pnych w proszku i amp; Czysto\u015b\u0107 proszku CrystalMethiopropamine \/ MPA ADB-Pinaca.<\/p>\n","protected":false},"featured_media":5431,"comment_status":"open","ping_status":"closed","template":"","meta":[],"product_brand":[],"product_cat":[2014],"product_tag":[2633,2632,2634,2635,2640,2641,2643,2642,2636,2637,2647,2645,2646,2639,2644,2638,2648,2649],"class_list":{"0":"post-5419","1":"product","2":"type-product","3":"status-publish","4":"has-post-thumbnail","6":"product_cat-kup-badania-chemikalia","7":"product_tag-adb-fubinaca-cena","8":"product_tag-adb-fubinaca-per-gram","9":"product_tag-adb-fubinaca-recenzja","10":"product_tag-adb-fubinaca-dostawcy","11":"product_tag-fubinaca-efekty","12":"product_tag-how-much-does-speed-cost-adb-fubinaca","13":"product_tag-how-to-purchase-adb-fubinaca","14":"product_tag-jak-kupi-adb-fubinaca","15":"product_tag-kup-adb-fubinaca","16":"product_tag-kup-online-adb-fubinaca","17":"product_tag-online-kup-adb-fubinaca","18":"product_tag-low-rate-adb-fubinaca","19":"product_tag-mdmb-fubinaca","20":"product_tag-sprzedam-adb-fubinaca","21":"product_tag-niska-cena-adb-fubinaca","22":"product_tag-opis-adb-fubinaca","23":"product_tag-order-adb-fubinaca","24":"product_tag-recenzja-adb-fubinaca","26":"first","27":"instock","28":"shipping-taxable","29":"purchasable","30":"product-type-variable","31":"has-default-attributes"},"yoast_head":"<!-- This site is optimized with the Yoast SEO plugin v27.3 - https:\/\/yoast.com\/product\/yoast-seo-wordpress\/ -->\n<title>Kup proszek ADB-PINACA - ADB-PINACA - Best Best Global Meds<\/title>\n<meta name=\"description\" content=\"Kup proszek ADB-Pinaca do sprzeda\u017cy w Europie, Wielkiej Brytanii, UE, Chinach Czysto\u015b\u0107 98% Zapasy chemiczne w proszku i amp; CrystalMethiopropamine \/ MPA\u00a0ADB-Pinaca Powder.\" \/>\n<meta name=\"robots\" content=\"index, follow, max-snippet:-1, max-image-preview:large, max-video-preview:-1\" \/>\n<link rel=\"canonical\" href=\"https:\/\/medicinasinc.com\/pl\/product\/kup-adb-pinaca-proszek\/\" \/>\n<meta property=\"og:locale\" content=\"en_US\" \/>\n<meta property=\"og:type\" content=\"article\" \/>\n<meta property=\"og:title\" content=\"Kup proszek ADB-PINACA - ADB-PINACA - Best Best Global Meds\" \/>\n<meta property=\"og:description\" content=\"Kup proszek ADB-Pinaca do sprzeda\u017cy w Europie, Wielkiej Brytanii, UE, Chinach Czysto\u015b\u0107 98% Zapasy chemiczne w proszku i amp; CrystalMethiopropamine \/ MPA\u00a0ADB-Pinaca Powder.\" \/>\n<meta property=\"og:url\" content=\"https:\/\/medicinasinc.com\/pl\/product\/kup-adb-pinaca-proszek\/\" \/>\n<meta property=\"og:site_name\" content=\"Medicinas Inc\" \/>\n<meta property=\"article:modified_time\" content=\"2022-03-22T00:56:14+00:00\" \/>\n<meta property=\"og:image\" content=\"https:\/\/medicinasinc.com\/pl\/wp-content\/uploads\/sites\/13\/2022\/02\/Buy-ADB-Pinaca-Powder.png\" \/>\n\t<meta property=\"og:image:width\" content=\"600\" \/>\n\t<meta property=\"og:image:height\" content=\"400\" \/>\n\t<meta property=\"og:image:type\" content=\"image\/png\" \/>\n<meta name=\"twitter:card\" content=\"summary_large_image\" \/>\n<meta name=\"twitter:label1\" content=\"Est. reading time\" \/>\n\t<meta name=\"twitter:data1\" content=\"1 minute\" \/>\n<script type=\"application\/ld+json\" class=\"yoast-schema-graph\">{\"@context\":\"https:\\\/\\\/schema.org\",\"@graph\":[{\"@type\":\"WebPage\",\"@id\":\"https:\\\/\\\/medicinasinc.com\\\/pl\\\/product\\\/kup-adb-pinaca-proszek\\\/\",\"url\":\"https:\\\/\\\/medicinasinc.com\\\/pl\\\/product\\\/kup-adb-pinaca-proszek\\\/\",\"name\":\"Kup proszek ADB-PINACA - ADB-PINACA - Best Best Global Meds\",\"isPartOf\":{\"@id\":\"https:\\\/\\\/medicinasinc.com\\\/pl\\\/#website\"},\"primaryImageOfPage\":{\"@id\":\"https:\\\/\\\/medicinasinc.com\\\/pl\\\/product\\\/kup-adb-pinaca-proszek\\\/#primaryimage\"},\"image\":{\"@id\":\"https:\\\/\\\/medicinasinc.com\\\/pl\\\/product\\\/kup-adb-pinaca-proszek\\\/#primaryimage\"},\"thumbnailUrl\":\"https:\\\/\\\/medicinasinc.com\\\/pl\\\/wp-content\\\/uploads\\\/sites\\\/13\\\/2022\\\/02\\\/Buy-ADB-Pinaca-Powder.png\",\"datePublished\":\"2022-02-21T23:00:46+00:00\",\"dateModified\":\"2022-03-22T00:56:14+00:00\",\"description\":\"Kup proszek ADB-Pinaca do sprzeda\u017cy w Europie, Wielkiej Brytanii, UE, Chinach Czysto\u015b\u0107 98% Zapasy chemiczne w proszku i amp; CrystalMethiopropamine \\\/ MPA\u00a0ADB-Pinaca Powder.\",\"breadcrumb\":{\"@id\":\"https:\\\/\\\/medicinasinc.com\\\/pl\\\/product\\\/kup-adb-pinaca-proszek\\\/#breadcrumb\"},\"inLanguage\":\"en-US\",\"potentialAction\":[{\"@type\":\"ReadAction\",\"target\":[\"https:\\\/\\\/medicinasinc.com\\\/pl\\\/product\\\/kup-adb-pinaca-proszek\\\/\"]}]},{\"@type\":\"ImageObject\",\"inLanguage\":\"en-US\",\"@id\":\"https:\\\/\\\/medicinasinc.com\\\/pl\\\/product\\\/kup-adb-pinaca-proszek\\\/#primaryimage\",\"url\":\"https:\\\/\\\/medicinasinc.com\\\/pl\\\/wp-content\\\/uploads\\\/sites\\\/13\\\/2022\\\/02\\\/Buy-ADB-Pinaca-Powder.png\",\"contentUrl\":\"https:\\\/\\\/medicinasinc.com\\\/pl\\\/wp-content\\\/uploads\\\/sites\\\/13\\\/2022\\\/02\\\/Buy-ADB-Pinaca-Powder.png\",\"width\":600,\"height\":400},{\"@type\":\"BreadcrumbList\",\"@id\":\"https:\\\/\\\/medicinasinc.com\\\/pl\\\/product\\\/kup-adb-pinaca-proszek\\\/#breadcrumb\",\"itemListElement\":[{\"@type\":\"ListItem\",\"position\":1,\"name\":\"Sklep\",\"item\":\"https:\\\/\\\/medicinasinc.com\\\/pl\\\/sklep\\\/\"},{\"@type\":\"ListItem\",\"position\":2,\"name\":\"Kup proszek ADB-PINACA\"}]},{\"@type\":\"WebSite\",\"@id\":\"https:\\\/\\\/medicinasinc.com\\\/pl\\\/#website\",\"url\":\"https:\\\/\\\/medicinasinc.com\\\/pl\\\/\",\"name\":\"Medicinas Inc\",\"description\":\"Health Medical Clinic\",\"potentialAction\":[{\"@type\":\"SearchAction\",\"target\":{\"@type\":\"EntryPoint\",\"urlTemplate\":\"https:\\\/\\\/medicinasinc.com\\\/pl\\\/?s={search_term_string}\"},\"query-input\":{\"@type\":\"PropertyValueSpecification\",\"valueRequired\":true,\"valueName\":\"search_term_string\"}}],\"inLanguage\":\"en-US\"}]}<\/script>\n<!-- \/ Yoast SEO plugin. -->","yoast_head_json":{"title":"Kup proszek ADB-PINACA - ADB-PINACA - Best Best Global Meds","description":"Kup proszek ADB-Pinaca do sprzeda\u017cy w Europie, Wielkiej Brytanii, UE, Chinach Czysto\u015b\u0107 98% Zapasy chemiczne w proszku i amp; CrystalMethiopropamine \/ MPA\u00a0ADB-Pinaca Powder.","robots":{"index":"index","follow":"follow","max-snippet":"max-snippet:-1","max-image-preview":"max-image-preview:large","max-video-preview":"max-video-preview:-1"},"canonical":"https:\/\/medicinasinc.com\/pl\/product\/kup-adb-pinaca-proszek\/","og_locale":"en_US","og_type":"article","og_title":"Kup proszek ADB-PINACA - ADB-PINACA - Best Best Global Meds","og_description":"Kup proszek ADB-Pinaca do sprzeda\u017cy w Europie, Wielkiej Brytanii, UE, Chinach Czysto\u015b\u0107 98% Zapasy chemiczne w proszku i amp; CrystalMethiopropamine \/ MPA\u00a0ADB-Pinaca Powder.","og_url":"https:\/\/medicinasinc.com\/pl\/product\/kup-adb-pinaca-proszek\/","og_site_name":"Medicinas Inc","article_modified_time":"2022-03-22T00:56:14+00:00","og_image":[{"width":600,"height":400,"url":"https:\/\/medicinasinc.com\/pl\/wp-content\/uploads\/sites\/13\/2022\/02\/Buy-ADB-Pinaca-Powder.png","type":"image\/png"}],"twitter_card":"summary_large_image","twitter_misc":{"Est. reading time":"1 minute"},"schema":{"@context":"https:\/\/schema.org","@graph":[{"@type":"WebPage","@id":"https:\/\/medicinasinc.com\/pl\/product\/kup-adb-pinaca-proszek\/","url":"https:\/\/medicinasinc.com\/pl\/product\/kup-adb-pinaca-proszek\/","name":"Kup proszek ADB-PINACA - ADB-PINACA - Best Best Global Meds","isPartOf":{"@id":"https:\/\/medicinasinc.com\/pl\/#website"},"primaryImageOfPage":{"@id":"https:\/\/medicinasinc.com\/pl\/product\/kup-adb-pinaca-proszek\/#primaryimage"},"image":{"@id":"https:\/\/medicinasinc.com\/pl\/product\/kup-adb-pinaca-proszek\/#primaryimage"},"thumbnailUrl":"https:\/\/medicinasinc.com\/pl\/wp-content\/uploads\/sites\/13\/2022\/02\/Buy-ADB-Pinaca-Powder.png","datePublished":"2022-02-21T23:00:46+00:00","dateModified":"2022-03-22T00:56:14+00:00","description":"Kup proszek ADB-Pinaca do sprzeda\u017cy w Europie, Wielkiej Brytanii, UE, Chinach Czysto\u015b\u0107 98% Zapasy chemiczne w proszku i amp; CrystalMethiopropamine \/ MPA\u00a0ADB-Pinaca Powder.","breadcrumb":{"@id":"https:\/\/medicinasinc.com\/pl\/product\/kup-adb-pinaca-proszek\/#breadcrumb"},"inLanguage":"en-US","potentialAction":[{"@type":"ReadAction","target":["https:\/\/medicinasinc.com\/pl\/product\/kup-adb-pinaca-proszek\/"]}]},{"@type":"ImageObject","inLanguage":"en-US","@id":"https:\/\/medicinasinc.com\/pl\/product\/kup-adb-pinaca-proszek\/#primaryimage","url":"https:\/\/medicinasinc.com\/pl\/wp-content\/uploads\/sites\/13\/2022\/02\/Buy-ADB-Pinaca-Powder.png","contentUrl":"https:\/\/medicinasinc.com\/pl\/wp-content\/uploads\/sites\/13\/2022\/02\/Buy-ADB-Pinaca-Powder.png","width":600,"height":400},{"@type":"BreadcrumbList","@id":"https:\/\/medicinasinc.com\/pl\/product\/kup-adb-pinaca-proszek\/#breadcrumb","itemListElement":[{"@type":"ListItem","position":1,"name":"Sklep","item":"https:\/\/medicinasinc.com\/pl\/sklep\/"},{"@type":"ListItem","position":2,"name":"Kup proszek ADB-PINACA"}]},{"@type":"WebSite","@id":"https:\/\/medicinasinc.com\/pl\/#website","url":"https:\/\/medicinasinc.com\/pl\/","name":"Medicinas Inc","description":"Health Medical Clinic","potentialAction":[{"@type":"SearchAction","target":{"@type":"EntryPoint","urlTemplate":"https:\/\/medicinasinc.com\/pl\/?s={search_term_string}"},"query-input":{"@type":"PropertyValueSpecification","valueRequired":true,"valueName":"search_term_string"}}],"inLanguage":"en-US"}]}},"_links":{"self":[{"href":"https:\/\/medicinasinc.com\/pl\/wp-json\/wp\/v2\/product\/5419","targetHints":{"allow":["GET"]}}],"collection":[{"href":"https:\/\/medicinasinc.com\/pl\/wp-json\/wp\/v2\/product"}],"about":[{"href":"https:\/\/medicinasinc.com\/pl\/wp-json\/wp\/v2\/types\/product"}],"replies":[{"embeddable":true,"href":"https:\/\/medicinasinc.com\/pl\/wp-json\/wp\/v2\/comments?post=5419"}],"wp:featuredmedia":[{"embeddable":true,"href":"https:\/\/medicinasinc.com\/pl\/wp-json\/wp\/v2\/media\/5431"}],"wp:attachment":[{"href":"https:\/\/medicinasinc.com\/pl\/wp-json\/wp\/v2\/media?parent=5419"}],"wp:term":[{"taxonomy":"product_brand","embeddable":true,"href":"https:\/\/medicinasinc.com\/pl\/wp-json\/wp\/v2\/product_brand?post=5419"},{"taxonomy":"product_cat","embeddable":true,"href":"https:\/\/medicinasinc.com\/pl\/wp-json\/wp\/v2\/product_cat?post=5419"},{"taxonomy":"product_tag","embeddable":true,"href":"https:\/\/medicinasinc.com\/pl\/wp-json\/wp\/v2\/product_tag?post=5419"}],"curies":[{"name":"wp","href":"https:\/\/api.w.org\/{rel}","templated":true}]}}