{"id":5417,"date":"2022-02-21T22:57:54","date_gmt":"2022-02-21T22:57:54","guid":{"rendered":"https:\/\/medicinasinc.com\/pl\/?post_type=product&#038;p=5417"},"modified":"2022-03-22T00:56:33","modified_gmt":"2022-03-22T00:56:33","slug":"kup-5f-mdmb-2201-5f-mmb-pica-5f-amb-pica","status":"publish","type":"product","link":"https:\/\/medicinasinc.com\/pl\/product\/kup-5f-mdmb-2201-5f-mmb-pica-5f-amb-pica\/","title":{"rendered":"Kup 5F MDMB 2201 &#8211; 5F-MMB-PICA, 5F-AMB-PICA"},"content":{"rendered":"<h1>Kup 5f MDMB 2201 Crystals Online.<\/h1>\n<p>Kup 5f MDMB 2201 Crystals Online.<\/p>\n<p>Jest to karboksyamid indazolu 3, kt\u00f3ry zaczyna by\u0107 widoczny w syntetycznych produktach z konopi na ca\u0142ym \u015bwiecie .<\/p>\n<p>Farmakologia:<br \/> 5F-MDMB-2201 jest uwa\u017cany za bardzo silnego agonist\u0119 CB1, ale nie wiadomo, czy ma siln\u0105 selektywno\u015b\u0107 wobec CB1, czy rzeczywi\u015bcie jest selektywny w wszystko. W tym obszarze wymagane b\u0119d\u0105 dalsze testy.<\/p>\n<p>Podobne zwi\u0105zki:<br \/> 5F-AB-PINACA<br \/> PX-3<br \/> MDMB-FUBINACA<br \/> MDMB-CHMICA<br \/> APINACA<br \/> APICA<br \/> ADB-PINACA<br \/> ADBICA<br \/> ADB-FUBINACA<br \/> ADB-CHMINACA<br \/> AB-PINACA<br \/> AB-FUBINACA<br \/> AB-CHMINACA<br \/> AB-CHFUPYCA<br \/> 5F-APINACA<br \/> 5F-AMB<\/p>\n<p> Legalno\u015b\u0107:<br \/> 5F-MDMB-2201 nie jest znany jako obecnie uwa\u017cana za substancj\u0119 kontrolowan\u0105 w dowolnym kraju lub wi\u0119kszej jurysdykcji, ale mo\u017ce by\u0107 uwa\u017cana za analog 5F-ADB lub zwi\u0105zk\u00f3w pokrewnych. To mo\u017ce sprawi\u0107, \u017ce jego sprzeda\u017c lub posiadanie b\u0119dzie nielegalne w niekt\u00f3rych jurysdykcjach, dlatego nale\u017cy zachowa\u0107 ostro\u017cno\u015b\u0107 podczas importowania tej substancji chemicznej.<br \/> 5F-MDMB-2201 jest sprzedawany wy\u0142\u0105cznie jako substancja chemiczna do bada\u0144 i dlatego nie nadaje si\u0119 do spo\u017cycia przez ludzi lub zwierz\u0119ta. Powinien by\u0107 u\u017cywany wy\u0142\u0105cznie przez przeszkolony personel w laboratorium lub \u015brodowisku kryminalistycznym.<\/p>\n","protected":false},"excerpt":{"rendered":"<p>Kup MMB-2201, 5F MDMB 2201 na sprzeda\u017c w Wielkiej Brytanii, Europie (znany r\u00f3wnie\u017c jako 5F-MMB-PICA, 5F-AMB-PICA i I-AMB) to silny syntetyczny kannabinoid na bazie indolo-3-karboksyamidu, kt\u00f3ry zosta\u0142 sprzedany jako designerski lek i jako aktywny sk\u0142adnik syntetycznych mieszanek konopi<\/p>\n<p>Zakup online 5f MDMB 2201 Crystals. 5F-MDMB-2201 to syntetyczny kannabinoid z rodziny indazoli, kt\u00f3ry jest bardzo podobny do bardziej znanego 5F-MDMB-PINACA.<\/p>\n<p>Kup czysty, wysokiej jako\u015bci proszek 5F-MDMB-2201 online za pomoc\u0105 Bitcoin i #8211; Kupuj legalne leki, chemikalia badawcze i surowe proszki farmaceutyczne online.<\/p>\n<p>5F-MDMB-2201<\/p>\n<p>Zam\u00f3w pr\u00f3bk\u0119 do testowania lub kup 5f-mdmb-2201 na sprzeda\u017c z bezp\u0142atn\u0105 wysy\u0142k\u0105 do w Wielkiej Brytanii, Stanach Zjednoczonych lub Europie.<\/p>\n","protected":false},"featured_media":5427,"comment_status":"open","ping_status":"closed","template":"","meta":[],"product_brand":[],"product_cat":[2596],"product_tag":[2597,2598,2599,2600,2608,2603,2604,2601,2606,2611,2612,2613,2605,2607,2615,2616,2617,2618,2619,2620,2621,2624,2629,2631,2623,2622,2626,2625,2610,2630,2602,2609,2614,2627,2628],"class_list":{"0":"post-5417","1":"product","2":"type-product","3":"status-publish","4":"has-post-thumbnail","6":"product_cat-kanabinoidy-na-sprzeda","7":"product_tag-4f-adb-review","8":"product_tag-4f-mdmb-binaca-uk","9":"product_tag-5f-proszek","10":"product_tag-5f-mdmb-2201","11":"product_tag-5f-mdmb-2201-dawkowanie-proszku","12":"product_tag-5f-mdmb-2201-for-sale","13":"product_tag-5f-mdmb-2201-for-sale-online","14":"product_tag-5f-mdmb-2201-kannabinoidy","15":"product_tag-5f-mdmb-2201-powder-australia","16":"product_tag-5f-mdmb-2201-powder-supplier","17":"product_tag-5f-mdmb-2201-powder-uk","18":"product_tag-5f-mdmb-2201-powder-usa","19":"product_tag-5f-mdmb-2201-proszek","20":"product_tag-5f-mdmb-2201-proszek-kanada","21":"product_tag-5f-mdmb-2201-reddit","22":"product_tag-5f-mdmb-2201-review","23":"product_tag-5f-mdmb-pinaca-kup","24":"product_tag-5f-sgt-151","25":"product_tag-buy-5f-mdmb-2201","26":"product_tag-buy-5f-mdmb-2201-cannabinoids","27":"product_tag-buy-5f-mdmb-2201-online","28":"product_tag-c-liquid-chemical-suspension","29":"product_tag-pure-5f-mdmb-2201-proszek","30":"product_tag-gdzie-kupi-5f-mdmb-2201","31":"product_tag-kup-diklazepam-uk","32":"product_tag-kup-5f-mdmb-2201-proszek-online","33":"product_tag-order-5f-mdmb-2201","34":"product_tag-poczta-5f-mdmb-2201","35":"product_tag-5f-mdmb-2201-proszek-recenzja","36":"product_tag-sgt-151-legalne","37":"product_tag-5f-mdmb-2201-kannabinoidy-na-sprzeda","38":"product_tag-5f-mdmb-2201-proszek-na-sprzeda","39":"product_tag-5f-mdmb-2201-dostawca-proszku","40":"product_tag-zamwienie-5f-mdmb-2201-online","41":"product_tag-zamwienie-5f-mdmb-2201-proszek","43":"first","44":"instock","45":"shipping-taxable","46":"purchasable","47":"product-type-variable","48":"has-default-attributes"},"yoast_head":"<!-- This site is optimized with the Yoast SEO plugin v27.3 - https:\/\/yoast.com\/product\/yoast-seo-wordpress\/ -->\n<title>Kup 5F MDMB 2201 - 5F-MMB-PICA, 5F-AMB-PICA i I-AMB<\/title>\n<meta name=\"description\" content=\"Kup MMB-2201, 5F MDMB 2201 na sprzeda\u017c Wielka Brytania, Europa (znany r\u00f3wnie\u017c jako 5F-MMB-PICA, 5F-AMB-PICA i I-AMB) to silny syntetyczny kannabinoid na bazie indolo-3-karboksyamidu, kt\u00f3ry zosta\u0142 sprzedany jako designerski lek i jako aktywny sk\u0142adnik syntetycznych mieszanek konopi\" \/>\n<meta name=\"robots\" content=\"index, follow, max-snippet:-1, max-image-preview:large, max-video-preview:-1\" \/>\n<link rel=\"canonical\" href=\"https:\/\/medicinasinc.com\/pl\/product\/kup-5f-mdmb-2201-5f-mmb-pica-5f-amb-pica\/\" \/>\n<meta property=\"og:locale\" content=\"en_US\" \/>\n<meta property=\"og:type\" content=\"article\" \/>\n<meta property=\"og:title\" content=\"Kup 5F MDMB 2201 - 5F-MMB-PICA, 5F-AMB-PICA i I-AMB\" \/>\n<meta property=\"og:description\" content=\"Kup MMB-2201, 5F MDMB 2201 na sprzeda\u017c Wielka Brytania, Europa (znany r\u00f3wnie\u017c jako 5F-MMB-PICA, 5F-AMB-PICA i I-AMB) to silny syntetyczny kannabinoid na bazie indolo-3-karboksyamidu, kt\u00f3ry zosta\u0142 sprzedany jako designerski lek i jako aktywny sk\u0142adnik syntetycznych mieszanek konopi\" \/>\n<meta property=\"og:url\" content=\"https:\/\/medicinasinc.com\/pl\/product\/kup-5f-mdmb-2201-5f-mmb-pica-5f-amb-pica\/\" \/>\n<meta property=\"og:site_name\" content=\"Medicinas Inc\" \/>\n<meta property=\"article:modified_time\" content=\"2022-03-22T00:56:33+00:00\" \/>\n<meta property=\"og:image\" content=\"https:\/\/medicinasinc.com\/pl\/wp-content\/uploads\/sites\/13\/2022\/02\/Buy-5f-MDMB-2201.jpg\" \/>\n\t<meta property=\"og:image:width\" content=\"232\" \/>\n\t<meta property=\"og:image:height\" content=\"217\" \/>\n\t<meta property=\"og:image:type\" content=\"image\/jpeg\" \/>\n<meta name=\"twitter:card\" content=\"summary_large_image\" \/>\n<meta name=\"twitter:label1\" content=\"Est. reading time\" \/>\n\t<meta name=\"twitter:data1\" content=\"1 minute\" \/>\n<script type=\"application\/ld+json\" class=\"yoast-schema-graph\">{\"@context\":\"https:\\\/\\\/schema.org\",\"@graph\":[{\"@type\":\"WebPage\",\"@id\":\"https:\\\/\\\/medicinasinc.com\\\/pl\\\/product\\\/kup-5f-mdmb-2201-5f-mmb-pica-5f-amb-pica\\\/\",\"url\":\"https:\\\/\\\/medicinasinc.com\\\/pl\\\/product\\\/kup-5f-mdmb-2201-5f-mmb-pica-5f-amb-pica\\\/\",\"name\":\"Kup 5F MDMB 2201 - 5F-MMB-PICA, 5F-AMB-PICA i I-AMB\",\"isPartOf\":{\"@id\":\"https:\\\/\\\/medicinasinc.com\\\/pl\\\/#website\"},\"primaryImageOfPage\":{\"@id\":\"https:\\\/\\\/medicinasinc.com\\\/pl\\\/product\\\/kup-5f-mdmb-2201-5f-mmb-pica-5f-amb-pica\\\/#primaryimage\"},\"image\":{\"@id\":\"https:\\\/\\\/medicinasinc.com\\\/pl\\\/product\\\/kup-5f-mdmb-2201-5f-mmb-pica-5f-amb-pica\\\/#primaryimage\"},\"thumbnailUrl\":\"https:\\\/\\\/medicinasinc.com\\\/pl\\\/wp-content\\\/uploads\\\/sites\\\/13\\\/2022\\\/02\\\/Buy-5f-MDMB-2201.jpg\",\"datePublished\":\"2022-02-21T22:57:54+00:00\",\"dateModified\":\"2022-03-22T00:56:33+00:00\",\"description\":\"Kup MMB-2201, 5F MDMB 2201 na sprzeda\u017c Wielka Brytania, Europa (znany r\u00f3wnie\u017c jako 5F-MMB-PICA, 5F-AMB-PICA i I-AMB) to silny syntetyczny kannabinoid na bazie indolo-3-karboksyamidu, kt\u00f3ry zosta\u0142 sprzedany jako designerski lek i jako aktywny sk\u0142adnik syntetycznych mieszanek konopi\",\"breadcrumb\":{\"@id\":\"https:\\\/\\\/medicinasinc.com\\\/pl\\\/product\\\/kup-5f-mdmb-2201-5f-mmb-pica-5f-amb-pica\\\/#breadcrumb\"},\"inLanguage\":\"en-US\",\"potentialAction\":[{\"@type\":\"ReadAction\",\"target\":[\"https:\\\/\\\/medicinasinc.com\\\/pl\\\/product\\\/kup-5f-mdmb-2201-5f-mmb-pica-5f-amb-pica\\\/\"]}]},{\"@type\":\"ImageObject\",\"inLanguage\":\"en-US\",\"@id\":\"https:\\\/\\\/medicinasinc.com\\\/pl\\\/product\\\/kup-5f-mdmb-2201-5f-mmb-pica-5f-amb-pica\\\/#primaryimage\",\"url\":\"https:\\\/\\\/medicinasinc.com\\\/pl\\\/wp-content\\\/uploads\\\/sites\\\/13\\\/2022\\\/02\\\/Buy-5f-MDMB-2201.jpg\",\"contentUrl\":\"https:\\\/\\\/medicinasinc.com\\\/pl\\\/wp-content\\\/uploads\\\/sites\\\/13\\\/2022\\\/02\\\/Buy-5f-MDMB-2201.jpg\",\"width\":232,\"height\":217},{\"@type\":\"BreadcrumbList\",\"@id\":\"https:\\\/\\\/medicinasinc.com\\\/pl\\\/product\\\/kup-5f-mdmb-2201-5f-mmb-pica-5f-amb-pica\\\/#breadcrumb\",\"itemListElement\":[{\"@type\":\"ListItem\",\"position\":1,\"name\":\"Sklep\",\"item\":\"https:\\\/\\\/medicinasinc.com\\\/pl\\\/sklep\\\/\"},{\"@type\":\"ListItem\",\"position\":2,\"name\":\"Kup 5F MDMB 2201 &#8211; 5F-MMB-PICA, 5F-AMB-PICA\"}]},{\"@type\":\"WebSite\",\"@id\":\"https:\\\/\\\/medicinasinc.com\\\/pl\\\/#website\",\"url\":\"https:\\\/\\\/medicinasinc.com\\\/pl\\\/\",\"name\":\"Medicinas Inc\",\"description\":\"Health Medical Clinic\",\"potentialAction\":[{\"@type\":\"SearchAction\",\"target\":{\"@type\":\"EntryPoint\",\"urlTemplate\":\"https:\\\/\\\/medicinasinc.com\\\/pl\\\/?s={search_term_string}\"},\"query-input\":{\"@type\":\"PropertyValueSpecification\",\"valueRequired\":true,\"valueName\":\"search_term_string\"}}],\"inLanguage\":\"en-US\"}]}<\/script>\n<!-- \/ Yoast SEO plugin. -->","yoast_head_json":{"title":"Kup 5F MDMB 2201 - 5F-MMB-PICA, 5F-AMB-PICA i I-AMB","description":"Kup MMB-2201, 5F MDMB 2201 na sprzeda\u017c Wielka Brytania, Europa (znany r\u00f3wnie\u017c jako 5F-MMB-PICA, 5F-AMB-PICA i I-AMB) to silny syntetyczny kannabinoid na bazie indolo-3-karboksyamidu, kt\u00f3ry zosta\u0142 sprzedany jako designerski lek i jako aktywny sk\u0142adnik syntetycznych mieszanek konopi","robots":{"index":"index","follow":"follow","max-snippet":"max-snippet:-1","max-image-preview":"max-image-preview:large","max-video-preview":"max-video-preview:-1"},"canonical":"https:\/\/medicinasinc.com\/pl\/product\/kup-5f-mdmb-2201-5f-mmb-pica-5f-amb-pica\/","og_locale":"en_US","og_type":"article","og_title":"Kup 5F MDMB 2201 - 5F-MMB-PICA, 5F-AMB-PICA i I-AMB","og_description":"Kup MMB-2201, 5F MDMB 2201 na sprzeda\u017c Wielka Brytania, Europa (znany r\u00f3wnie\u017c jako 5F-MMB-PICA, 5F-AMB-PICA i I-AMB) to silny syntetyczny kannabinoid na bazie indolo-3-karboksyamidu, kt\u00f3ry zosta\u0142 sprzedany jako designerski lek i jako aktywny sk\u0142adnik syntetycznych mieszanek konopi","og_url":"https:\/\/medicinasinc.com\/pl\/product\/kup-5f-mdmb-2201-5f-mmb-pica-5f-amb-pica\/","og_site_name":"Medicinas Inc","article_modified_time":"2022-03-22T00:56:33+00:00","og_image":[{"width":232,"height":217,"url":"https:\/\/medicinasinc.com\/pl\/wp-content\/uploads\/sites\/13\/2022\/02\/Buy-5f-MDMB-2201.jpg","type":"image\/jpeg"}],"twitter_card":"summary_large_image","twitter_misc":{"Est. reading time":"1 minute"},"schema":{"@context":"https:\/\/schema.org","@graph":[{"@type":"WebPage","@id":"https:\/\/medicinasinc.com\/pl\/product\/kup-5f-mdmb-2201-5f-mmb-pica-5f-amb-pica\/","url":"https:\/\/medicinasinc.com\/pl\/product\/kup-5f-mdmb-2201-5f-mmb-pica-5f-amb-pica\/","name":"Kup 5F MDMB 2201 - 5F-MMB-PICA, 5F-AMB-PICA i I-AMB","isPartOf":{"@id":"https:\/\/medicinasinc.com\/pl\/#website"},"primaryImageOfPage":{"@id":"https:\/\/medicinasinc.com\/pl\/product\/kup-5f-mdmb-2201-5f-mmb-pica-5f-amb-pica\/#primaryimage"},"image":{"@id":"https:\/\/medicinasinc.com\/pl\/product\/kup-5f-mdmb-2201-5f-mmb-pica-5f-amb-pica\/#primaryimage"},"thumbnailUrl":"https:\/\/medicinasinc.com\/pl\/wp-content\/uploads\/sites\/13\/2022\/02\/Buy-5f-MDMB-2201.jpg","datePublished":"2022-02-21T22:57:54+00:00","dateModified":"2022-03-22T00:56:33+00:00","description":"Kup MMB-2201, 5F MDMB 2201 na sprzeda\u017c Wielka Brytania, Europa (znany r\u00f3wnie\u017c jako 5F-MMB-PICA, 5F-AMB-PICA i I-AMB) to silny syntetyczny kannabinoid na bazie indolo-3-karboksyamidu, kt\u00f3ry zosta\u0142 sprzedany jako designerski lek i jako aktywny sk\u0142adnik syntetycznych mieszanek konopi","breadcrumb":{"@id":"https:\/\/medicinasinc.com\/pl\/product\/kup-5f-mdmb-2201-5f-mmb-pica-5f-amb-pica\/#breadcrumb"},"inLanguage":"en-US","potentialAction":[{"@type":"ReadAction","target":["https:\/\/medicinasinc.com\/pl\/product\/kup-5f-mdmb-2201-5f-mmb-pica-5f-amb-pica\/"]}]},{"@type":"ImageObject","inLanguage":"en-US","@id":"https:\/\/medicinasinc.com\/pl\/product\/kup-5f-mdmb-2201-5f-mmb-pica-5f-amb-pica\/#primaryimage","url":"https:\/\/medicinasinc.com\/pl\/wp-content\/uploads\/sites\/13\/2022\/02\/Buy-5f-MDMB-2201.jpg","contentUrl":"https:\/\/medicinasinc.com\/pl\/wp-content\/uploads\/sites\/13\/2022\/02\/Buy-5f-MDMB-2201.jpg","width":232,"height":217},{"@type":"BreadcrumbList","@id":"https:\/\/medicinasinc.com\/pl\/product\/kup-5f-mdmb-2201-5f-mmb-pica-5f-amb-pica\/#breadcrumb","itemListElement":[{"@type":"ListItem","position":1,"name":"Sklep","item":"https:\/\/medicinasinc.com\/pl\/sklep\/"},{"@type":"ListItem","position":2,"name":"Kup 5F MDMB 2201 &#8211; 5F-MMB-PICA, 5F-AMB-PICA"}]},{"@type":"WebSite","@id":"https:\/\/medicinasinc.com\/pl\/#website","url":"https:\/\/medicinasinc.com\/pl\/","name":"Medicinas Inc","description":"Health Medical Clinic","potentialAction":[{"@type":"SearchAction","target":{"@type":"EntryPoint","urlTemplate":"https:\/\/medicinasinc.com\/pl\/?s={search_term_string}"},"query-input":{"@type":"PropertyValueSpecification","valueRequired":true,"valueName":"search_term_string"}}],"inLanguage":"en-US"}]}},"_links":{"self":[{"href":"https:\/\/medicinasinc.com\/pl\/wp-json\/wp\/v2\/product\/5417","targetHints":{"allow":["GET"]}}],"collection":[{"href":"https:\/\/medicinasinc.com\/pl\/wp-json\/wp\/v2\/product"}],"about":[{"href":"https:\/\/medicinasinc.com\/pl\/wp-json\/wp\/v2\/types\/product"}],"replies":[{"embeddable":true,"href":"https:\/\/medicinasinc.com\/pl\/wp-json\/wp\/v2\/comments?post=5417"}],"wp:featuredmedia":[{"embeddable":true,"href":"https:\/\/medicinasinc.com\/pl\/wp-json\/wp\/v2\/media\/5427"}],"wp:attachment":[{"href":"https:\/\/medicinasinc.com\/pl\/wp-json\/wp\/v2\/media?parent=5417"}],"wp:term":[{"taxonomy":"product_brand","embeddable":true,"href":"https:\/\/medicinasinc.com\/pl\/wp-json\/wp\/v2\/product_brand?post=5417"},{"taxonomy":"product_cat","embeddable":true,"href":"https:\/\/medicinasinc.com\/pl\/wp-json\/wp\/v2\/product_cat?post=5417"},{"taxonomy":"product_tag","embeddable":true,"href":"https:\/\/medicinasinc.com\/pl\/wp-json\/wp\/v2\/product_tag?post=5417"}],"curies":[{"name":"wp","href":"https:\/\/api.w.org\/{rel}","templated":true}]}}