{"id":5416,"date":"2022-02-21T22:57:03","date_gmt":"2022-02-21T22:57:03","guid":{"rendered":"https:\/\/medicinasinc.com\/pl\/?post_type=product&#038;p=5416"},"modified":"2022-03-22T00:56:42","modified_gmt":"2022-03-22T00:56:42","slug":"kup-50mcg-lsd-tablets-online","status":"publish","type":"product","link":"https:\/\/medicinasinc.com\/pl\/product\/kup-50mcg-lsd-tablets-online\/","title":{"rendered":"Kup tabletki LSD 50mcg przez Internet"},"content":{"rendered":"<p><strong>Kup pigu\u0142ki LSD 50mcg online.<\/strong><\/p>\n<p>Tabletki LSD 50mcg mo\u017cna kupi\u0107 online.<\/p>\n<p>Aby kupi\u0107 lub zam\u00f3wi\u0107 tabletki LSD, mo\u017cesz to zrobi\u0107 na nasz sklep z tabletami LSD: Je\u015bli szukasz wysokiej jako\u015bci tabletek LSD, nie szukaj dalej. Znalaz\u0142e\u015b to. Najwspanialsze tabletki LSD dost\u0119pne obecnie na rynku to te wyprodukowane przez nas.<br \/> Jego nazwa rodzajowa to dietyloamid kwasu lizergowego.<br \/> Do opisu LSD u\u017cywa si\u0119 ponad 80 nazw popularnych lub nazw ulic. Nale\u017c\u0105 do nich kwas, blotter (\u201ecid\u201d), dawki (\u201ekropki\u201d) i tripy (tzw. tripy).<\/p>\n","protected":false},"excerpt":{"rendered":"<div class=\"woocommerce-product-details__short-description\">\n<p>Prawdziwe tabletki 50mcg LSD online \u2013 tabletki 50mcg LSD na sprzeda\u017c | Kup tabletki LSD przez Internet | Kup 50mcg tabletki LSD na sprzeda\u017c| Kup tanie tabletki LSD 50mcg | Gdzie kupi\u0107 tabletki 50mcg LSD online.<\/p>\n<\/p><\/div>\n","protected":false},"featured_media":5425,"comment_status":"open","ping_status":"closed","template":"","meta":[],"product_brand":[],"product_cat":[703],"product_tag":[],"class_list":{"0":"post-5416","1":"product","2":"type-product","3":"status-publish","4":"has-post-thumbnail","6":"product_cat-kup-psychedeliki-leki","8":"first","9":"instock","10":"shipping-taxable","11":"purchasable","12":"product-type-variable","13":"has-default-attributes"},"yoast_head":"<!-- This site is optimized with the Yoast SEO plugin v27.3 - https:\/\/yoast.com\/product\/yoast-seo-wordpress\/ -->\n<title>Kup tabletki 50mcg LSD online - Najlepsze najlepsze globalne leki<\/title>\n<meta name=\"description\" content=\"Prawdziwe tabletki 50mcg LSD online \u2013 50mcg tabletki LSD na sprzeda\u017c | Kup tabletki LSD przez Internet | Kup 50mcg tabletki LSD na sprzeda\u017c| Kup tanie tabletki LSD 50mcg | Gdzie kupi\u0107 tabletki 50mcg LSD online.\" \/>\n<meta name=\"robots\" content=\"index, follow, max-snippet:-1, max-image-preview:large, max-video-preview:-1\" \/>\n<link rel=\"canonical\" href=\"https:\/\/medicinasinc.com\/pl\/product\/kup-50mcg-lsd-tablets-online\/\" \/>\n<meta property=\"og:locale\" content=\"en_US\" \/>\n<meta property=\"og:type\" content=\"article\" \/>\n<meta property=\"og:title\" content=\"Kup tabletki 50mcg LSD online - Najlepsze najlepsze globalne leki\" \/>\n<meta property=\"og:description\" content=\"Prawdziwe tabletki 50mcg LSD online \u2013 50mcg tabletki LSD na sprzeda\u017c | Kup tabletki LSD przez Internet | Kup 50mcg tabletki LSD na sprzeda\u017c| Kup tanie tabletki LSD 50mcg | Gdzie kupi\u0107 tabletki 50mcg LSD online.\" \/>\n<meta property=\"og:url\" content=\"https:\/\/medicinasinc.com\/pl\/product\/kup-50mcg-lsd-tablets-online\/\" \/>\n<meta property=\"og:site_name\" content=\"Medicinas Inc\" \/>\n<meta property=\"article:modified_time\" content=\"2022-03-22T00:56:42+00:00\" \/>\n<meta property=\"og:image\" content=\"https:\/\/medicinasinc.com\/pl\/wp-content\/uploads\/sites\/13\/2022\/02\/buy-50mcg-lsd-tablets-online.jpg\" \/>\n\t<meta property=\"og:image:width\" content=\"600\" \/>\n\t<meta property=\"og:image:height\" content=\"600\" \/>\n\t<meta property=\"og:image:type\" content=\"image\/jpeg\" \/>\n<meta name=\"twitter:card\" content=\"summary_large_image\" \/>\n<meta name=\"twitter:label1\" content=\"Est. reading time\" \/>\n\t<meta name=\"twitter:data1\" content=\"1 minute\" \/>\n<script type=\"application\/ld+json\" class=\"yoast-schema-graph\">{\"@context\":\"https:\\\/\\\/schema.org\",\"@graph\":[{\"@type\":\"WebPage\",\"@id\":\"https:\\\/\\\/medicinasinc.com\\\/pl\\\/product\\\/kup-50mcg-lsd-tablets-online\\\/\",\"url\":\"https:\\\/\\\/medicinasinc.com\\\/pl\\\/product\\\/kup-50mcg-lsd-tablets-online\\\/\",\"name\":\"Kup tabletki 50mcg LSD online - Najlepsze najlepsze globalne leki\",\"isPartOf\":{\"@id\":\"https:\\\/\\\/medicinasinc.com\\\/pl\\\/#website\"},\"primaryImageOfPage\":{\"@id\":\"https:\\\/\\\/medicinasinc.com\\\/pl\\\/product\\\/kup-50mcg-lsd-tablets-online\\\/#primaryimage\"},\"image\":{\"@id\":\"https:\\\/\\\/medicinasinc.com\\\/pl\\\/product\\\/kup-50mcg-lsd-tablets-online\\\/#primaryimage\"},\"thumbnailUrl\":\"https:\\\/\\\/medicinasinc.com\\\/pl\\\/wp-content\\\/uploads\\\/sites\\\/13\\\/2022\\\/02\\\/buy-50mcg-lsd-tablets-online.jpg\",\"datePublished\":\"2022-02-21T22:57:03+00:00\",\"dateModified\":\"2022-03-22T00:56:42+00:00\",\"description\":\"Prawdziwe tabletki 50mcg LSD online \u2013 50mcg tabletki LSD na sprzeda\u017c | Kup tabletki LSD przez Internet | Kup 50mcg tabletki LSD na sprzeda\u017c| Kup tanie tabletki LSD 50mcg | Gdzie kupi\u0107 tabletki 50mcg LSD online.\",\"breadcrumb\":{\"@id\":\"https:\\\/\\\/medicinasinc.com\\\/pl\\\/product\\\/kup-50mcg-lsd-tablets-online\\\/#breadcrumb\"},\"inLanguage\":\"en-US\",\"potentialAction\":[{\"@type\":\"ReadAction\",\"target\":[\"https:\\\/\\\/medicinasinc.com\\\/pl\\\/product\\\/kup-50mcg-lsd-tablets-online\\\/\"]}]},{\"@type\":\"ImageObject\",\"inLanguage\":\"en-US\",\"@id\":\"https:\\\/\\\/medicinasinc.com\\\/pl\\\/product\\\/kup-50mcg-lsd-tablets-online\\\/#primaryimage\",\"url\":\"https:\\\/\\\/medicinasinc.com\\\/pl\\\/wp-content\\\/uploads\\\/sites\\\/13\\\/2022\\\/02\\\/buy-50mcg-lsd-tablets-online.jpg\",\"contentUrl\":\"https:\\\/\\\/medicinasinc.com\\\/pl\\\/wp-content\\\/uploads\\\/sites\\\/13\\\/2022\\\/02\\\/buy-50mcg-lsd-tablets-online.jpg\",\"width\":600,\"height\":600},{\"@type\":\"BreadcrumbList\",\"@id\":\"https:\\\/\\\/medicinasinc.com\\\/pl\\\/product\\\/kup-50mcg-lsd-tablets-online\\\/#breadcrumb\",\"itemListElement\":[{\"@type\":\"ListItem\",\"position\":1,\"name\":\"Sklep\",\"item\":\"https:\\\/\\\/medicinasinc.com\\\/pl\\\/sklep\\\/\"},{\"@type\":\"ListItem\",\"position\":2,\"name\":\"Kup tabletki LSD 50mcg przez Internet\"}]},{\"@type\":\"WebSite\",\"@id\":\"https:\\\/\\\/medicinasinc.com\\\/pl\\\/#website\",\"url\":\"https:\\\/\\\/medicinasinc.com\\\/pl\\\/\",\"name\":\"Medicinas Inc\",\"description\":\"Health Medical Clinic\",\"potentialAction\":[{\"@type\":\"SearchAction\",\"target\":{\"@type\":\"EntryPoint\",\"urlTemplate\":\"https:\\\/\\\/medicinasinc.com\\\/pl\\\/?s={search_term_string}\"},\"query-input\":{\"@type\":\"PropertyValueSpecification\",\"valueRequired\":true,\"valueName\":\"search_term_string\"}}],\"inLanguage\":\"en-US\"}]}<\/script>\n<!-- \/ Yoast SEO plugin. -->","yoast_head_json":{"title":"Kup tabletki 50mcg LSD online - Najlepsze najlepsze globalne leki","description":"Prawdziwe tabletki 50mcg LSD online \u2013 50mcg tabletki LSD na sprzeda\u017c | Kup tabletki LSD przez Internet | Kup 50mcg tabletki LSD na sprzeda\u017c| Kup tanie tabletki LSD 50mcg | Gdzie kupi\u0107 tabletki 50mcg LSD online.","robots":{"index":"index","follow":"follow","max-snippet":"max-snippet:-1","max-image-preview":"max-image-preview:large","max-video-preview":"max-video-preview:-1"},"canonical":"https:\/\/medicinasinc.com\/pl\/product\/kup-50mcg-lsd-tablets-online\/","og_locale":"en_US","og_type":"article","og_title":"Kup tabletki 50mcg LSD online - Najlepsze najlepsze globalne leki","og_description":"Prawdziwe tabletki 50mcg LSD online \u2013 50mcg tabletki LSD na sprzeda\u017c | Kup tabletki LSD przez Internet | Kup 50mcg tabletki LSD na sprzeda\u017c| Kup tanie tabletki LSD 50mcg | Gdzie kupi\u0107 tabletki 50mcg LSD online.","og_url":"https:\/\/medicinasinc.com\/pl\/product\/kup-50mcg-lsd-tablets-online\/","og_site_name":"Medicinas Inc","article_modified_time":"2022-03-22T00:56:42+00:00","og_image":[{"width":600,"height":600,"url":"https:\/\/medicinasinc.com\/pl\/wp-content\/uploads\/sites\/13\/2022\/02\/buy-50mcg-lsd-tablets-online.jpg","type":"image\/jpeg"}],"twitter_card":"summary_large_image","twitter_misc":{"Est. reading time":"1 minute"},"schema":{"@context":"https:\/\/schema.org","@graph":[{"@type":"WebPage","@id":"https:\/\/medicinasinc.com\/pl\/product\/kup-50mcg-lsd-tablets-online\/","url":"https:\/\/medicinasinc.com\/pl\/product\/kup-50mcg-lsd-tablets-online\/","name":"Kup tabletki 50mcg LSD online - Najlepsze najlepsze globalne leki","isPartOf":{"@id":"https:\/\/medicinasinc.com\/pl\/#website"},"primaryImageOfPage":{"@id":"https:\/\/medicinasinc.com\/pl\/product\/kup-50mcg-lsd-tablets-online\/#primaryimage"},"image":{"@id":"https:\/\/medicinasinc.com\/pl\/product\/kup-50mcg-lsd-tablets-online\/#primaryimage"},"thumbnailUrl":"https:\/\/medicinasinc.com\/pl\/wp-content\/uploads\/sites\/13\/2022\/02\/buy-50mcg-lsd-tablets-online.jpg","datePublished":"2022-02-21T22:57:03+00:00","dateModified":"2022-03-22T00:56:42+00:00","description":"Prawdziwe tabletki 50mcg LSD online \u2013 50mcg tabletki LSD na sprzeda\u017c | Kup tabletki LSD przez Internet | Kup 50mcg tabletki LSD na sprzeda\u017c| Kup tanie tabletki LSD 50mcg | Gdzie kupi\u0107 tabletki 50mcg LSD online.","breadcrumb":{"@id":"https:\/\/medicinasinc.com\/pl\/product\/kup-50mcg-lsd-tablets-online\/#breadcrumb"},"inLanguage":"en-US","potentialAction":[{"@type":"ReadAction","target":["https:\/\/medicinasinc.com\/pl\/product\/kup-50mcg-lsd-tablets-online\/"]}]},{"@type":"ImageObject","inLanguage":"en-US","@id":"https:\/\/medicinasinc.com\/pl\/product\/kup-50mcg-lsd-tablets-online\/#primaryimage","url":"https:\/\/medicinasinc.com\/pl\/wp-content\/uploads\/sites\/13\/2022\/02\/buy-50mcg-lsd-tablets-online.jpg","contentUrl":"https:\/\/medicinasinc.com\/pl\/wp-content\/uploads\/sites\/13\/2022\/02\/buy-50mcg-lsd-tablets-online.jpg","width":600,"height":600},{"@type":"BreadcrumbList","@id":"https:\/\/medicinasinc.com\/pl\/product\/kup-50mcg-lsd-tablets-online\/#breadcrumb","itemListElement":[{"@type":"ListItem","position":1,"name":"Sklep","item":"https:\/\/medicinasinc.com\/pl\/sklep\/"},{"@type":"ListItem","position":2,"name":"Kup tabletki LSD 50mcg przez Internet"}]},{"@type":"WebSite","@id":"https:\/\/medicinasinc.com\/pl\/#website","url":"https:\/\/medicinasinc.com\/pl\/","name":"Medicinas Inc","description":"Health Medical Clinic","potentialAction":[{"@type":"SearchAction","target":{"@type":"EntryPoint","urlTemplate":"https:\/\/medicinasinc.com\/pl\/?s={search_term_string}"},"query-input":{"@type":"PropertyValueSpecification","valueRequired":true,"valueName":"search_term_string"}}],"inLanguage":"en-US"}]}},"_links":{"self":[{"href":"https:\/\/medicinasinc.com\/pl\/wp-json\/wp\/v2\/product\/5416","targetHints":{"allow":["GET"]}}],"collection":[{"href":"https:\/\/medicinasinc.com\/pl\/wp-json\/wp\/v2\/product"}],"about":[{"href":"https:\/\/medicinasinc.com\/pl\/wp-json\/wp\/v2\/types\/product"}],"replies":[{"embeddable":true,"href":"https:\/\/medicinasinc.com\/pl\/wp-json\/wp\/v2\/comments?post=5416"}],"wp:featuredmedia":[{"embeddable":true,"href":"https:\/\/medicinasinc.com\/pl\/wp-json\/wp\/v2\/media\/5425"}],"wp:attachment":[{"href":"https:\/\/medicinasinc.com\/pl\/wp-json\/wp\/v2\/media?parent=5416"}],"wp:term":[{"taxonomy":"product_brand","embeddable":true,"href":"https:\/\/medicinasinc.com\/pl\/wp-json\/wp\/v2\/product_brand?post=5416"},{"taxonomy":"product_cat","embeddable":true,"href":"https:\/\/medicinasinc.com\/pl\/wp-json\/wp\/v2\/product_cat?post=5416"},{"taxonomy":"product_tag","embeddable":true,"href":"https:\/\/medicinasinc.com\/pl\/wp-json\/wp\/v2\/product_tag?post=5416"}],"curies":[{"name":"wp","href":"https:\/\/api.w.org\/{rel}","templated":true}]}}