{"id":5389,"date":"2022-02-21T22:26:02","date_gmt":"2022-02-21T22:26:02","guid":{"rendered":"https:\/\/medicinasinc.com\/pl\/?post_type=product&#038;p=5389"},"modified":"2022-03-22T00:57:00","modified_gmt":"2022-03-22T00:57:00","slug":"kup-5-mapb-krysztal-w-proszku","status":"publish","type":"product","link":"https:\/\/medicinasinc.com\/pl\/product\/kup-5-mapb-krysztal-w-proszku\/","title":{"rendered":"Kup proszek 5-MAPB i amp; Kryszta\u0142"},"content":{"rendered":"<p>Potrzebujesz 5-mapb-crystal i chcesz go kupi\u0107 w rozs\u0105dnej cenie? Nast\u0119pnie mo\u017cesz ju\u017c teraz odwiedzi\u0107 nasz internetowy sklep z artyku\u0142ami chemicznymi. Z pomoc\u0105 Bestglobalmed.com mo\u017cesz kupi\u0107 5-mapb-crystal online po przyst\u0119pnych cenach. W naszym internetowym sklepie chemicznym jeste\u015bmy znanym sprzedawc\u0105 i dostawc\u0105, kt\u00f3ry jest zawsze do Twojej dyspozycji. Zam\u00f3w\u00a05-mapb-crystal\u00a0ju\u017c dzi\u015b!<\/p>\n<p>5-mapb-crystal to rodzaj kryszta\u0142u.<\/p>\n<p>W strukturze i efektach 5-MAPB (1-(benzofuran-5-yl) )-N-metylopropano-2-amina) jest podobny do MDMA, syntetycznego entakogenu. 5&#8242;-(2-metyloaminopropylo)benzofuran jest syntetycznym entakogenem z rodziny zwi\u0105zk\u00f3w benzo-podstawionych (w skr\u00f3cie 5-MAPB).<\/p>\n<p>Jak 5-mapb-crystal wp\u0142ywa na organizm?<\/p>\n<p>5-mapb-crystal ma euforyczny, entaktogenny, stymuluj\u0105cy i umiarkowanie psychodeliczny wp\u0142yw na ludzkie cia\u0142o, gdy jest przyjmowany doustnie.<\/p>\n<p>5 MAPB Crystal jest znany jako co jeszcze?<\/p>\n<p>5 MAPB Crystal jest r\u00f3wnie\u017c znany jako 5-MAPB.<\/p>\n<p>Jak opisa\u0142by\u015b 5 MAPB Crystal?<\/p>\n<p>Z chemicznego punktu widzenia 5 MAPB Crystal to cz\u0105steczka benzofuranu (amfetaminy). <\/p>\n<p>Jak mog\u0119 zdoby\u0107 troch\u0119 kryszta\u0142\u00f3w z 5 mapbami?<\/p>\n<p>Kryszta\u0142y z 5 mapb mo\u017cna otrzyma\u0107 z naszej oficjalnej strony internetowej i dostarczy\u0107 je pod wskazany adres w ci\u0105gu jednego kilka dni. Tylko w Stanach Zjednoczonych, Wielkiej Brytanii, Kanadzie, Niemczech i Australii mamy do czynienia z 5-mapb-crystal. Po\u0142\u0105cz si\u0119 ju\u017c teraz!<\/p>\n<p>Jeste\u015bmy czo\u0142owym dostawc\u0105 i dystrybutorem wysokiej jako\u015bci chemikali\u00f3w w rozs\u0105dnej cenie. Klienci mog\u0105 \u0142atwo czu\u0107 si\u0119 swobodnie podczas pracy z naszym zespo\u0142em ekspert\u00f3w. Dzi\u0119ki temu s\u0105 w stanie utrzyma\u0107 wystarczaj\u0105c\u0105 poda\u017c i otrzyma\u0107 terminow\u0105 dostaw\u0119, aby zaspokoi\u0107 swoje potrzeby. Klienci nas kochaj\u0105 i szanuj\u0105, poniewa\u017c oferujemy produkty wysokiej jako\u015bci w rozs\u0105dnych cenach i doskona\u0142\u0105 obs\u0142ug\u0119 klienta. Nie tylko naszym obowi\u0105zkiem, ale i odpowiedzialno\u015bci\u0105 jest spe\u0142nianie lub przekraczanie Twoich oczekiwa\u0144. Przed zakupem mdpt nie musisz i\u015b\u0107 do lekarza.<\/p>\n<p>Post\u0119pujemy powy\u017cej, aby upewni\u0107 si\u0119, \u017ce klient jest w pe\u0142ni zadowolony. D\u0105\u017cenie do globalnej reputacji swoich produkt\u00f3w i us\u0142ug oznacza ustalanie cen zgodnie z normami bran\u017cowymi.<\/p>\n<p>Ponadto zwracamy r\u00f3wn\u0105 uwag\u0119 wszystkim Twoim zam\u00f3wieniom, niezale\u017cnie od tego, jak du\u017ce lub ma\u0142e s\u0105, i dok\u0142adamy wszelkich stara\u0144 aby Twoje zam\u00f3wienie zosta\u0142o wys\u0142ane tak szybko, jak to mo\u017cliwe.<\/p>\n<p>Jeste\u015bmy pewni, \u017ce po zako\u0144czeniu zakup\u00f3w nie b\u0119dziesz rozczarowany. Aby zapewni\u0107 Pa\u0144stwu najwy\u017cszy mo\u017cliwy poziom jako\u015bci, u\u017cywamy wy\u0142\u0105cznie materia\u0142\u00f3w, kt\u00f3re zosta\u0142y zakupione z najlepszych mo\u017cliwych \u017ar\u00f3de\u0142. Otrzymasz opakowanie produktu w dyskretnym opakowaniu.<\/p>\n<p>Dzi\u0119ki naszej bogatej wiedzy uda\u0142o nam si\u0119 zdoby\u0107 solidn\u0105 pozycj\u0119 na rynku chemii badawczej. Jako wiod\u0105cy dostawca chemikali\u00f3w badawczych wierzymy w budowanie d\u0142ugotrwa\u0142ych relacji z naszymi klientami w oparciu o zaufanie.<\/p>\n","protected":false},"excerpt":{"rendered":"<p>Mo\u017cesz kupi\u0107 kryszta\u0142 proszkowy 5-MAPB od Bestglobalmedics.com w rozs\u0105dnej cenie, a tak\u017ce 5-MAPB Research Chemicals na sprzeda\u017c. Znany chemicznie jako 1-(benzofuran-5-yl), 5-MAPB jest syntetycznym entakogenem o dzia\u0142aniu i w\u0142a\u015bciwo\u015bciach bardzo podobnych do MDMA.<\/p>\n<p>Proszek 5-MAPB i amp; Kryszta\u0142 1 uncja jest do kupienia. Zalecana jest dawka 100-200 miligram\u00f3w 5-MAPB, proszku podobnego do MDMA.<\/p>\n<p>Kup Crystal 5-MAPB Je\u015bli szukasz 5-mapb-crystal w dobrej cenie , nie szukaj dalej. Nast\u0119pnie skontaktuj si\u0119 od razu z naszym sklepem chemicznym przez Internet.<\/p>\n","protected":false},"featured_media":5400,"comment_status":"open","ping_status":"closed","template":"","meta":[],"product_brand":[],"product_cat":[2014],"product_tag":[2569,2571,2570,2575,2576,2577,2582,2583,2584,2585,2573,2574,2579,2580,2586,2587,2588,2594,2581,2578,2595,2589,2592,2593,2590,2572,2591],"class_list":{"0":"post-5389","1":"product","2":"type-product","3":"status-publish","4":"has-post-thumbnail","6":"product_cat-kup-badania-chemikalia","7":"product_tag-5-mapb","8":"product_tag-5-mapb-for-sale-online","9":"product_tag-5-mapb-na-sprzeda","10":"product_tag-5-mapb-powder-dosage","11":"product_tag-5-mapb-powder-for-sale","12":"product_tag-5-mapb-powder-review","13":"product_tag-5-mapb-reddit","14":"product_tag-5-mapb-research-chemicals","15":"product_tag-5-mapb-research-chemicals-for-sale","16":"product_tag-5-mapb-review","17":"product_tag-5-mapb-proszek-australia","18":"product_tag-5-mapb-proszek-kanada","19":"product_tag-5-mapb-proszek-uk","20":"product_tag-5-mapb-proszek-usa","21":"product_tag-buy-5-mapb","22":"product_tag-buy-5-mapb-online","23":"product_tag-buy-5-mapb-powder-online","24":"product_tag-pure-5-mapb-proszek","25":"product_tag-5-mapb-dostawca-proszek","26":"product_tag-5-mapb-dostawca-proszku","27":"product_tag-gdzie-kupi-5-mapb","28":"product_tag-kup-5-mapb-badania-chemikalia","29":"product_tag-order-5-mapb-online","30":"product_tag-order-5-mapb-powder","31":"product_tag-poczta-5-mapb","32":"product_tag-5-mapb-proszek","33":"product_tag-zamwienie-5-mapb","35":"first","36":"instock","37":"shipping-taxable","38":"purchasable","39":"product-type-variable","40":"has-default-attributes"},"yoast_head":"<!-- This site is optimized with the Yoast SEO plugin v27.3 - https:\/\/yoast.com\/product\/yoast-seo-wordpress\/ -->\n<title>Kup proszek 5-MAPB i amp; Kryszta\u0142 - najlepsze najlepsze globalne leki<\/title>\n<meta name=\"description\" content=\"Kup 5-MAPB Powder Crystal Online, 5-MAPB Research Chemicals na sprzeda\u017c, zam\u00f3w 5-MAPB Crystal w USA, Wielkiej Brytanii w przyst\u0119pnej cenie z Bestglobalmeds.com. 5-MAPB (1-(benzofuran-5-ylo)-N-metylopropan-2-amina) jest entaktogennym lekiem designerskim podobnym do MDMA w swojej strukturze i dzia\u0142aniu\" \/>\n<meta name=\"robots\" content=\"index, follow, max-snippet:-1, max-image-preview:large, max-video-preview:-1\" \/>\n<link rel=\"canonical\" href=\"https:\/\/medicinasinc.com\/pl\/product\/kup-5-mapb-krysztal-w-proszku\/\" \/>\n<meta property=\"og:locale\" content=\"en_US\" \/>\n<meta property=\"og:type\" content=\"article\" \/>\n<meta property=\"og:title\" content=\"Kup proszek 5-MAPB i amp; Kryszta\u0142 - najlepsze najlepsze globalne leki\" \/>\n<meta property=\"og:description\" content=\"Kup 5-MAPB Powder Crystal Online, 5-MAPB Research Chemicals na sprzeda\u017c, zam\u00f3w 5-MAPB Crystal w USA, Wielkiej Brytanii w przyst\u0119pnej cenie z Bestglobalmeds.com. 5-MAPB (1-(benzofuran-5-ylo)-N-metylopropan-2-amina) jest entaktogennym lekiem designerskim podobnym do MDMA w swojej strukturze i dzia\u0142aniu\" \/>\n<meta property=\"og:url\" content=\"https:\/\/medicinasinc.com\/pl\/product\/kup-5-mapb-krysztal-w-proszku\/\" \/>\n<meta property=\"og:site_name\" content=\"Medicinas Inc\" \/>\n<meta property=\"article:modified_time\" content=\"2022-03-22T00:57:00+00:00\" \/>\n<meta property=\"og:image\" content=\"https:\/\/medicinasinc.com\/pl\/wp-content\/uploads\/sites\/13\/2022\/02\/Buy-5-MAPB-Powder-Crystal.jpg\" \/>\n\t<meta property=\"og:image:width\" content=\"600\" \/>\n\t<meta property=\"og:image:height\" content=\"488\" \/>\n\t<meta property=\"og:image:type\" content=\"image\/jpeg\" \/>\n<meta name=\"twitter:card\" content=\"summary_large_image\" \/>\n<meta name=\"twitter:label1\" content=\"Est. reading time\" \/>\n\t<meta name=\"twitter:data1\" content=\"2 minutes\" \/>\n<script type=\"application\/ld+json\" class=\"yoast-schema-graph\">{\"@context\":\"https:\\\/\\\/schema.org\",\"@graph\":[{\"@type\":\"WebPage\",\"@id\":\"https:\\\/\\\/medicinasinc.com\\\/pl\\\/product\\\/kup-5-mapb-krysztal-w-proszku\\\/\",\"url\":\"https:\\\/\\\/medicinasinc.com\\\/pl\\\/product\\\/kup-5-mapb-krysztal-w-proszku\\\/\",\"name\":\"Kup proszek 5-MAPB i amp; Kryszta\u0142 - najlepsze najlepsze globalne leki\",\"isPartOf\":{\"@id\":\"https:\\\/\\\/medicinasinc.com\\\/pl\\\/#website\"},\"primaryImageOfPage\":{\"@id\":\"https:\\\/\\\/medicinasinc.com\\\/pl\\\/product\\\/kup-5-mapb-krysztal-w-proszku\\\/#primaryimage\"},\"image\":{\"@id\":\"https:\\\/\\\/medicinasinc.com\\\/pl\\\/product\\\/kup-5-mapb-krysztal-w-proszku\\\/#primaryimage\"},\"thumbnailUrl\":\"https:\\\/\\\/medicinasinc.com\\\/pl\\\/wp-content\\\/uploads\\\/sites\\\/13\\\/2022\\\/02\\\/Buy-5-MAPB-Powder-Crystal.jpg\",\"datePublished\":\"2022-02-21T22:26:02+00:00\",\"dateModified\":\"2022-03-22T00:57:00+00:00\",\"description\":\"Kup 5-MAPB Powder Crystal Online, 5-MAPB Research Chemicals na sprzeda\u017c, zam\u00f3w 5-MAPB Crystal w USA, Wielkiej Brytanii w przyst\u0119pnej cenie z Bestglobalmeds.com. 5-MAPB (1-(benzofuran-5-ylo)-N-metylopropan-2-amina) jest entaktogennym lekiem designerskim podobnym do MDMA w swojej strukturze i dzia\u0142aniu\",\"breadcrumb\":{\"@id\":\"https:\\\/\\\/medicinasinc.com\\\/pl\\\/product\\\/kup-5-mapb-krysztal-w-proszku\\\/#breadcrumb\"},\"inLanguage\":\"en-US\",\"potentialAction\":[{\"@type\":\"ReadAction\",\"target\":[\"https:\\\/\\\/medicinasinc.com\\\/pl\\\/product\\\/kup-5-mapb-krysztal-w-proszku\\\/\"]}]},{\"@type\":\"ImageObject\",\"inLanguage\":\"en-US\",\"@id\":\"https:\\\/\\\/medicinasinc.com\\\/pl\\\/product\\\/kup-5-mapb-krysztal-w-proszku\\\/#primaryimage\",\"url\":\"https:\\\/\\\/medicinasinc.com\\\/pl\\\/wp-content\\\/uploads\\\/sites\\\/13\\\/2022\\\/02\\\/Buy-5-MAPB-Powder-Crystal.jpg\",\"contentUrl\":\"https:\\\/\\\/medicinasinc.com\\\/pl\\\/wp-content\\\/uploads\\\/sites\\\/13\\\/2022\\\/02\\\/Buy-5-MAPB-Powder-Crystal.jpg\",\"width\":600,\"height\":488},{\"@type\":\"BreadcrumbList\",\"@id\":\"https:\\\/\\\/medicinasinc.com\\\/pl\\\/product\\\/kup-5-mapb-krysztal-w-proszku\\\/#breadcrumb\",\"itemListElement\":[{\"@type\":\"ListItem\",\"position\":1,\"name\":\"Sklep\",\"item\":\"https:\\\/\\\/medicinasinc.com\\\/pl\\\/sklep\\\/\"},{\"@type\":\"ListItem\",\"position\":2,\"name\":\"Kup proszek 5-MAPB i amp; Kryszta\u0142\"}]},{\"@type\":\"WebSite\",\"@id\":\"https:\\\/\\\/medicinasinc.com\\\/pl\\\/#website\",\"url\":\"https:\\\/\\\/medicinasinc.com\\\/pl\\\/\",\"name\":\"Medicinas Inc\",\"description\":\"Health Medical Clinic\",\"potentialAction\":[{\"@type\":\"SearchAction\",\"target\":{\"@type\":\"EntryPoint\",\"urlTemplate\":\"https:\\\/\\\/medicinasinc.com\\\/pl\\\/?s={search_term_string}\"},\"query-input\":{\"@type\":\"PropertyValueSpecification\",\"valueRequired\":true,\"valueName\":\"search_term_string\"}}],\"inLanguage\":\"en-US\"}]}<\/script>\n<!-- \/ Yoast SEO plugin. -->","yoast_head_json":{"title":"Kup proszek 5-MAPB i amp; Kryszta\u0142 - najlepsze najlepsze globalne leki","description":"Kup 5-MAPB Powder Crystal Online, 5-MAPB Research Chemicals na sprzeda\u017c, zam\u00f3w 5-MAPB Crystal w USA, Wielkiej Brytanii w przyst\u0119pnej cenie z Bestglobalmeds.com. 5-MAPB (1-(benzofuran-5-ylo)-N-metylopropan-2-amina) jest entaktogennym lekiem designerskim podobnym do MDMA w swojej strukturze i dzia\u0142aniu","robots":{"index":"index","follow":"follow","max-snippet":"max-snippet:-1","max-image-preview":"max-image-preview:large","max-video-preview":"max-video-preview:-1"},"canonical":"https:\/\/medicinasinc.com\/pl\/product\/kup-5-mapb-krysztal-w-proszku\/","og_locale":"en_US","og_type":"article","og_title":"Kup proszek 5-MAPB i amp; Kryszta\u0142 - najlepsze najlepsze globalne leki","og_description":"Kup 5-MAPB Powder Crystal Online, 5-MAPB Research Chemicals na sprzeda\u017c, zam\u00f3w 5-MAPB Crystal w USA, Wielkiej Brytanii w przyst\u0119pnej cenie z Bestglobalmeds.com. 5-MAPB (1-(benzofuran-5-ylo)-N-metylopropan-2-amina) jest entaktogennym lekiem designerskim podobnym do MDMA w swojej strukturze i dzia\u0142aniu","og_url":"https:\/\/medicinasinc.com\/pl\/product\/kup-5-mapb-krysztal-w-proszku\/","og_site_name":"Medicinas Inc","article_modified_time":"2022-03-22T00:57:00+00:00","og_image":[{"width":600,"height":488,"url":"https:\/\/medicinasinc.com\/pl\/wp-content\/uploads\/sites\/13\/2022\/02\/Buy-5-MAPB-Powder-Crystal.jpg","type":"image\/jpeg"}],"twitter_card":"summary_large_image","twitter_misc":{"Est. reading time":"2 minutes"},"schema":{"@context":"https:\/\/schema.org","@graph":[{"@type":"WebPage","@id":"https:\/\/medicinasinc.com\/pl\/product\/kup-5-mapb-krysztal-w-proszku\/","url":"https:\/\/medicinasinc.com\/pl\/product\/kup-5-mapb-krysztal-w-proszku\/","name":"Kup proszek 5-MAPB i amp; Kryszta\u0142 - najlepsze najlepsze globalne leki","isPartOf":{"@id":"https:\/\/medicinasinc.com\/pl\/#website"},"primaryImageOfPage":{"@id":"https:\/\/medicinasinc.com\/pl\/product\/kup-5-mapb-krysztal-w-proszku\/#primaryimage"},"image":{"@id":"https:\/\/medicinasinc.com\/pl\/product\/kup-5-mapb-krysztal-w-proszku\/#primaryimage"},"thumbnailUrl":"https:\/\/medicinasinc.com\/pl\/wp-content\/uploads\/sites\/13\/2022\/02\/Buy-5-MAPB-Powder-Crystal.jpg","datePublished":"2022-02-21T22:26:02+00:00","dateModified":"2022-03-22T00:57:00+00:00","description":"Kup 5-MAPB Powder Crystal Online, 5-MAPB Research Chemicals na sprzeda\u017c, zam\u00f3w 5-MAPB Crystal w USA, Wielkiej Brytanii w przyst\u0119pnej cenie z Bestglobalmeds.com. 5-MAPB (1-(benzofuran-5-ylo)-N-metylopropan-2-amina) jest entaktogennym lekiem designerskim podobnym do MDMA w swojej strukturze i dzia\u0142aniu","breadcrumb":{"@id":"https:\/\/medicinasinc.com\/pl\/product\/kup-5-mapb-krysztal-w-proszku\/#breadcrumb"},"inLanguage":"en-US","potentialAction":[{"@type":"ReadAction","target":["https:\/\/medicinasinc.com\/pl\/product\/kup-5-mapb-krysztal-w-proszku\/"]}]},{"@type":"ImageObject","inLanguage":"en-US","@id":"https:\/\/medicinasinc.com\/pl\/product\/kup-5-mapb-krysztal-w-proszku\/#primaryimage","url":"https:\/\/medicinasinc.com\/pl\/wp-content\/uploads\/sites\/13\/2022\/02\/Buy-5-MAPB-Powder-Crystal.jpg","contentUrl":"https:\/\/medicinasinc.com\/pl\/wp-content\/uploads\/sites\/13\/2022\/02\/Buy-5-MAPB-Powder-Crystal.jpg","width":600,"height":488},{"@type":"BreadcrumbList","@id":"https:\/\/medicinasinc.com\/pl\/product\/kup-5-mapb-krysztal-w-proszku\/#breadcrumb","itemListElement":[{"@type":"ListItem","position":1,"name":"Sklep","item":"https:\/\/medicinasinc.com\/pl\/sklep\/"},{"@type":"ListItem","position":2,"name":"Kup proszek 5-MAPB i amp; Kryszta\u0142"}]},{"@type":"WebSite","@id":"https:\/\/medicinasinc.com\/pl\/#website","url":"https:\/\/medicinasinc.com\/pl\/","name":"Medicinas Inc","description":"Health Medical Clinic","potentialAction":[{"@type":"SearchAction","target":{"@type":"EntryPoint","urlTemplate":"https:\/\/medicinasinc.com\/pl\/?s={search_term_string}"},"query-input":{"@type":"PropertyValueSpecification","valueRequired":true,"valueName":"search_term_string"}}],"inLanguage":"en-US"}]}},"_links":{"self":[{"href":"https:\/\/medicinasinc.com\/pl\/wp-json\/wp\/v2\/product\/5389","targetHints":{"allow":["GET"]}}],"collection":[{"href":"https:\/\/medicinasinc.com\/pl\/wp-json\/wp\/v2\/product"}],"about":[{"href":"https:\/\/medicinasinc.com\/pl\/wp-json\/wp\/v2\/types\/product"}],"replies":[{"embeddable":true,"href":"https:\/\/medicinasinc.com\/pl\/wp-json\/wp\/v2\/comments?post=5389"}],"wp:featuredmedia":[{"embeddable":true,"href":"https:\/\/medicinasinc.com\/pl\/wp-json\/wp\/v2\/media\/5400"}],"wp:attachment":[{"href":"https:\/\/medicinasinc.com\/pl\/wp-json\/wp\/v2\/media?parent=5389"}],"wp:term":[{"taxonomy":"product_brand","embeddable":true,"href":"https:\/\/medicinasinc.com\/pl\/wp-json\/wp\/v2\/product_brand?post=5389"},{"taxonomy":"product_cat","embeddable":true,"href":"https:\/\/medicinasinc.com\/pl\/wp-json\/wp\/v2\/product_cat?post=5389"},{"taxonomy":"product_tag","embeddable":true,"href":"https:\/\/medicinasinc.com\/pl\/wp-json\/wp\/v2\/product_tag?post=5389"}],"curies":[{"name":"wp","href":"https:\/\/api.w.org\/{rel}","templated":true}]}}