{"id":5387,"date":"2022-02-21T22:22:34","date_gmt":"2022-02-21T22:22:34","guid":{"rendered":"https:\/\/medicinasinc.com\/pl\/?post_type=product&#038;p=5387"},"modified":"2022-03-22T00:57:27","modified_gmt":"2022-03-22T00:57:27","slug":"kup-4-fa-proszek","status":"publish","type":"product","link":"https:\/\/medicinasinc.com\/pl\/product\/kup-4-fa-proszek\/","title":{"rendered":"Kup proszek 4-FA"},"content":{"rendered":"<p>Kup 4-FA Powder.<\/p>\n<p>Kup tanie 4-FA Powder 1 uncja Pure Online.<\/p>\n<p>4-FA (4-fluoroamfetamina) to lek podobny do amfetaminy, kt\u00f3ry ma dopiero niedawno pojawi\u0142 si\u0119 na rynku holenderskim. Od 2007 do 2009 roku by\u0142 sprzedawany g\u0142\u00f3wnie jako speed lub MDMA. Wynika\u0142o to z niedostatku surowc\u00f3w dla tych specjalist\u00f3w w tym czasie, wi\u0119c 4-FA by\u0142 u\u017cywany jako specjalista od ci\u0119cia. W ka\u017cdym razie od 2010 roku sprzedawcy coraz cz\u0119\u015bciej sprzedawali 4-FA jako 4-FA, co oznacza, \u017ce \u200b\u200bkupuj\u0105cy uwa\u017caj\u0105 go za \u201elek do podejmowania decyzji\u201d.<\/p>\n<p>4-FA jest r\u00f3wnie\u017c znany jako 4-FMP , 4-Fluor, 4-Flava, 4-F i Flux. Jest to substancja klasyfikowana jako nowa substancja psychoaktywna (NPS). S\u0105 to substancje, kt\u00f3re niedawno sta\u0142y si\u0119 dost\u0119pne i zosta\u0142y opracowane jako alternatywa dla tradycyjnych substancji nielegalnych. NPS jest r\u00f3wnie\u017c znany jako syntetyczne substancje badawcze lub leki oryginalne. Dokonuj\u0105c drobnych zmian w obecnej strukturze zwi\u0105zku, zmienia si\u0119 nazwa substancji iw rezultacie nie jest ju\u017c obj\u0119ta ustaw\u0105 opiumow\u0105, a tym samym jest nielegalna. Utrudnia to zapobieganie tworzeniu, transakcjom i w\u0142asno\u015bci.<\/p>\n<p>4-FA jest najcz\u0119\u015bciej spotykany w postaci proszku lub pigu\u0142ki. 4-FA jest przyjmowany doustnie w postaci tabletek. Klienci umieszczaj\u0105 proszek w etui lub poruszaj\u0105cym si\u0119 papierze (bombie), a w niekt\u00f3rych przypadkach rozpuszczaj\u0105 go w napoju. Nie ma zasadniczej r\u00f3\u017cnicy mi\u0119dzy pigu\u0142kami 4-FA, proszkami 4-FA i przypadkami 4-FA.<\/p>\n<p>Pojemniki s\u0105 wykonane z nudnej lub s\u0142odkiej substancji i mog\u0105 by\u0107 proste lub mie\u0107 r\u00f3\u017cne odcienie. Skrzynka mo\u017ce by\u0107 wype\u0142niona szerok\u0105 gam\u0105 substancji. 4-FA, a tak\u017ce r\u00f3\u017cne inne substancje, na przyk\u0142ad amfetamina (speed), MDMA, kofeina lub w og\u00f3le nic. Niekt\u00f3re inteligentne przedmioty w sklepie s\u0105 r\u00f3wnie\u017c w przypadkach. Futera\u0142y s\u0105 zwykle w worku, a opakowanie wskazuje, co jest w \u015brodku. Je\u015bli klienci nape\u0142niaj\u0105 w\u0142asne pojemniki, mog\u0105 u\u017cy\u0107 skali mg, aby okre\u015bli\u0107 dok\u0142adn\u0105 porcj\u0119. 4-fa na sprzeda\u017c, gdzie kupi\u0107 4fa, kupi\u0107 4-fa, 4 fas na sprzeda\u017c, 4fa na sprzeda\u017c, 4 fas kupi\u0107, kupi\u0107 4fa, 4-fa kupi\u0107, 4-fa na sprzeda\u017c, 4-fa na sprzeda\u017c, 4 -fa na sprzeda\u017c, 4-fa na sprzeda\u017c, 4-fa na sprzeda\u017c, 4-fa na sprzeda\u017c, 4-fa na sprzeda\u017c, 4-fa na sprzeda\u017c, 4-fa na sprzeda\u017c, 4-fa na sprzeda\u017c<\/p>\n<p>To, co kto\u015b czuje po za\u017cyciu 4-FA, zale\u017cy od pomiar\u00f3w. Aby dowiedzie\u0107 si\u0119 wi\u0119cej, 4-FA mo\u017cna przetestowa\u0107 w administracji testowej (patrz menu). Efekty spo\u017cycia 4-FA pojawiaj\u0105 si\u0119 od 20 do godziny. 4-FA jest uko\u0144czony w ci\u0105gu 4 do 8 godzin, chocia\u017c niekt\u00f3rzy klienci zg\u0142aszaj\u0105, \u017ce ostateczne wyniki mog\u0105 trwa\u0107 do 12 godzin.<\/p>\n<p>okrutny, czysty, sprawny i ostro\u017cny<\/p>\n<p>A silne poczucie przynale\u017cno\u015bci<\/p>\n<p>Dotyk i muzyka zapewniaj\u0105 ekstremalne wra\u017cenia zmys\u0142owe.<\/p>\n<p>Kontakt, rozmowa i blisko\u015b\u0107 s\u0105 niezb\u0119dne.<\/p>\n","protected":false},"excerpt":{"rendered":"<p>Kup 4-FA Powder 1 oz Pure Online Tanio. Proszek 4-FA podobny do MDMA i Metamfetamina doustna<br \/> Zalecane dawkowanie: 200mg.<\/p>\n<p>W naszym sklepie mo\u017cesz kupi\u0107 4-FMA pure. W ten sam spos\u00f3b, w jaki wytwarzany jest proszek, 4-FMA, znana r\u00f3wnie\u017c jako 4-fluoroamfetamina, jest r\u00f3wnie\u017c substancj\u0105 psychoaktywn\u0105.<\/p>\n<p>Proszek 4-FA jest r\u00f3wnie\u017c znany jako para-fluoroamfetamina lub 4-fluoroamfetamina, ale to nie to samo. Osoby badaj\u0105ce leki twierdz\u0105, \u017ce ten jest bardzo dobry.<\/p>\n","protected":false},"featured_media":5396,"comment_status":"open","ping_status":"closed","template":"","meta":[],"product_brand":[],"product_cat":[2014],"product_tag":[2502,2503,2504,2507,2508,2505,2506],"class_list":{"0":"post-5387","1":"product","2":"type-product","3":"status-publish","4":"has-post-thumbnail","6":"product_cat-kup-badania-chemikalia","7":"product_tag-2-fluoroamfetamina","8":"product_tag-4-fa-effects","9":"product_tag-4-fa-badania-chemiczne","10":"product_tag-is-4-fa-legal-in-the-us-2020","11":"product_tag-is-4-fma-legal","12":"product_tag-status-prawny-4-fluoroamfetamina","13":"product_tag-synteza-4-fluoroamfetaminy","15":"first","16":"instock","17":"shipping-taxable","18":"purchasable","19":"product-type-variable","20":"has-default-attributes"},"yoast_head":"<!-- This site is optimized with the Yoast SEO plugin v27.3 - https:\/\/yoast.com\/product\/yoast-seo-wordpress\/ -->\n<title>Kup 4-FA Powder - 4-Fluoroamfetamina - Best Best Global Meds<\/title>\n<meta name=\"description\" content=\"Kup 4-FA Powder 4-Fluoroamfetamine na sprzeda\u017c Pure Online Tanio. Proszek 4-FA podobny do MDMA i Doustna metamfetamina\" \/>\n<meta name=\"robots\" content=\"index, follow, max-snippet:-1, max-image-preview:large, max-video-preview:-1\" \/>\n<link rel=\"canonical\" href=\"https:\/\/medicinasinc.com\/pl\/product\/kup-4-fa-proszek\/\" \/>\n<meta property=\"og:locale\" content=\"en_US\" \/>\n<meta property=\"og:type\" content=\"article\" \/>\n<meta property=\"og:title\" content=\"Kup 4-FA Powder - 4-Fluoroamfetamina - Best Best Global Meds\" \/>\n<meta property=\"og:description\" content=\"Kup 4-FA Powder 4-Fluoroamfetamine na sprzeda\u017c Pure Online Tanio. Proszek 4-FA podobny do MDMA i Doustna metamfetamina\" \/>\n<meta property=\"og:url\" content=\"https:\/\/medicinasinc.com\/pl\/product\/kup-4-fa-proszek\/\" \/>\n<meta property=\"og:site_name\" content=\"Medicinas Inc\" \/>\n<meta property=\"article:modified_time\" content=\"2022-03-22T00:57:27+00:00\" \/>\n<meta property=\"og:image\" content=\"https:\/\/medicinasinc.com\/pl\/wp-content\/uploads\/sites\/13\/2022\/02\/Buy-4-FA-Powder.jpeg\" \/>\n\t<meta property=\"og:image:width\" content=\"510\" \/>\n\t<meta property=\"og:image:height\" content=\"365\" \/>\n\t<meta property=\"og:image:type\" content=\"image\/jpeg\" \/>\n<meta name=\"twitter:card\" content=\"summary_large_image\" \/>\n<meta name=\"twitter:label1\" content=\"Est. reading time\" \/>\n\t<meta name=\"twitter:data1\" content=\"2 minutes\" \/>\n<script type=\"application\/ld+json\" class=\"yoast-schema-graph\">{\"@context\":\"https:\\\/\\\/schema.org\",\"@graph\":[{\"@type\":\"WebPage\",\"@id\":\"https:\\\/\\\/medicinasinc.com\\\/pl\\\/product\\\/kup-4-fa-proszek\\\/\",\"url\":\"https:\\\/\\\/medicinasinc.com\\\/pl\\\/product\\\/kup-4-fa-proszek\\\/\",\"name\":\"Kup 4-FA Powder - 4-Fluoroamfetamina - Best Best Global Meds\",\"isPartOf\":{\"@id\":\"https:\\\/\\\/medicinasinc.com\\\/pl\\\/#website\"},\"primaryImageOfPage\":{\"@id\":\"https:\\\/\\\/medicinasinc.com\\\/pl\\\/product\\\/kup-4-fa-proszek\\\/#primaryimage\"},\"image\":{\"@id\":\"https:\\\/\\\/medicinasinc.com\\\/pl\\\/product\\\/kup-4-fa-proszek\\\/#primaryimage\"},\"thumbnailUrl\":\"https:\\\/\\\/medicinasinc.com\\\/pl\\\/wp-content\\\/uploads\\\/sites\\\/13\\\/2022\\\/02\\\/Buy-4-FA-Powder.jpeg\",\"datePublished\":\"2022-02-21T22:22:34+00:00\",\"dateModified\":\"2022-03-22T00:57:27+00:00\",\"description\":\"Kup 4-FA Powder 4-Fluoroamfetamine na sprzeda\u017c Pure Online Tanio. Proszek 4-FA podobny do MDMA i Doustna metamfetamina\",\"breadcrumb\":{\"@id\":\"https:\\\/\\\/medicinasinc.com\\\/pl\\\/product\\\/kup-4-fa-proszek\\\/#breadcrumb\"},\"inLanguage\":\"en-US\",\"potentialAction\":[{\"@type\":\"ReadAction\",\"target\":[\"https:\\\/\\\/medicinasinc.com\\\/pl\\\/product\\\/kup-4-fa-proszek\\\/\"]}]},{\"@type\":\"ImageObject\",\"inLanguage\":\"en-US\",\"@id\":\"https:\\\/\\\/medicinasinc.com\\\/pl\\\/product\\\/kup-4-fa-proszek\\\/#primaryimage\",\"url\":\"https:\\\/\\\/medicinasinc.com\\\/pl\\\/wp-content\\\/uploads\\\/sites\\\/13\\\/2022\\\/02\\\/Buy-4-FA-Powder.jpeg\",\"contentUrl\":\"https:\\\/\\\/medicinasinc.com\\\/pl\\\/wp-content\\\/uploads\\\/sites\\\/13\\\/2022\\\/02\\\/Buy-4-FA-Powder.jpeg\",\"width\":510,\"height\":365},{\"@type\":\"BreadcrumbList\",\"@id\":\"https:\\\/\\\/medicinasinc.com\\\/pl\\\/product\\\/kup-4-fa-proszek\\\/#breadcrumb\",\"itemListElement\":[{\"@type\":\"ListItem\",\"position\":1,\"name\":\"Sklep\",\"item\":\"https:\\\/\\\/medicinasinc.com\\\/pl\\\/sklep\\\/\"},{\"@type\":\"ListItem\",\"position\":2,\"name\":\"Kup proszek 4-FA\"}]},{\"@type\":\"WebSite\",\"@id\":\"https:\\\/\\\/medicinasinc.com\\\/pl\\\/#website\",\"url\":\"https:\\\/\\\/medicinasinc.com\\\/pl\\\/\",\"name\":\"Medicinas Inc\",\"description\":\"Health Medical Clinic\",\"potentialAction\":[{\"@type\":\"SearchAction\",\"target\":{\"@type\":\"EntryPoint\",\"urlTemplate\":\"https:\\\/\\\/medicinasinc.com\\\/pl\\\/?s={search_term_string}\"},\"query-input\":{\"@type\":\"PropertyValueSpecification\",\"valueRequired\":true,\"valueName\":\"search_term_string\"}}],\"inLanguage\":\"en-US\"}]}<\/script>\n<!-- \/ Yoast SEO plugin. -->","yoast_head_json":{"title":"Kup 4-FA Powder - 4-Fluoroamfetamina - Best Best Global Meds","description":"Kup 4-FA Powder 4-Fluoroamfetamine na sprzeda\u017c Pure Online Tanio. Proszek 4-FA podobny do MDMA i Doustna metamfetamina","robots":{"index":"index","follow":"follow","max-snippet":"max-snippet:-1","max-image-preview":"max-image-preview:large","max-video-preview":"max-video-preview:-1"},"canonical":"https:\/\/medicinasinc.com\/pl\/product\/kup-4-fa-proszek\/","og_locale":"en_US","og_type":"article","og_title":"Kup 4-FA Powder - 4-Fluoroamfetamina - Best Best Global Meds","og_description":"Kup 4-FA Powder 4-Fluoroamfetamine na sprzeda\u017c Pure Online Tanio. Proszek 4-FA podobny do MDMA i Doustna metamfetamina","og_url":"https:\/\/medicinasinc.com\/pl\/product\/kup-4-fa-proszek\/","og_site_name":"Medicinas Inc","article_modified_time":"2022-03-22T00:57:27+00:00","og_image":[{"width":510,"height":365,"url":"https:\/\/medicinasinc.com\/pl\/wp-content\/uploads\/sites\/13\/2022\/02\/Buy-4-FA-Powder.jpeg","type":"image\/jpeg"}],"twitter_card":"summary_large_image","twitter_misc":{"Est. reading time":"2 minutes"},"schema":{"@context":"https:\/\/schema.org","@graph":[{"@type":"WebPage","@id":"https:\/\/medicinasinc.com\/pl\/product\/kup-4-fa-proszek\/","url":"https:\/\/medicinasinc.com\/pl\/product\/kup-4-fa-proszek\/","name":"Kup 4-FA Powder - 4-Fluoroamfetamina - Best Best Global Meds","isPartOf":{"@id":"https:\/\/medicinasinc.com\/pl\/#website"},"primaryImageOfPage":{"@id":"https:\/\/medicinasinc.com\/pl\/product\/kup-4-fa-proszek\/#primaryimage"},"image":{"@id":"https:\/\/medicinasinc.com\/pl\/product\/kup-4-fa-proszek\/#primaryimage"},"thumbnailUrl":"https:\/\/medicinasinc.com\/pl\/wp-content\/uploads\/sites\/13\/2022\/02\/Buy-4-FA-Powder.jpeg","datePublished":"2022-02-21T22:22:34+00:00","dateModified":"2022-03-22T00:57:27+00:00","description":"Kup 4-FA Powder 4-Fluoroamfetamine na sprzeda\u017c Pure Online Tanio. Proszek 4-FA podobny do MDMA i Doustna metamfetamina","breadcrumb":{"@id":"https:\/\/medicinasinc.com\/pl\/product\/kup-4-fa-proszek\/#breadcrumb"},"inLanguage":"en-US","potentialAction":[{"@type":"ReadAction","target":["https:\/\/medicinasinc.com\/pl\/product\/kup-4-fa-proszek\/"]}]},{"@type":"ImageObject","inLanguage":"en-US","@id":"https:\/\/medicinasinc.com\/pl\/product\/kup-4-fa-proszek\/#primaryimage","url":"https:\/\/medicinasinc.com\/pl\/wp-content\/uploads\/sites\/13\/2022\/02\/Buy-4-FA-Powder.jpeg","contentUrl":"https:\/\/medicinasinc.com\/pl\/wp-content\/uploads\/sites\/13\/2022\/02\/Buy-4-FA-Powder.jpeg","width":510,"height":365},{"@type":"BreadcrumbList","@id":"https:\/\/medicinasinc.com\/pl\/product\/kup-4-fa-proszek\/#breadcrumb","itemListElement":[{"@type":"ListItem","position":1,"name":"Sklep","item":"https:\/\/medicinasinc.com\/pl\/sklep\/"},{"@type":"ListItem","position":2,"name":"Kup proszek 4-FA"}]},{"@type":"WebSite","@id":"https:\/\/medicinasinc.com\/pl\/#website","url":"https:\/\/medicinasinc.com\/pl\/","name":"Medicinas Inc","description":"Health Medical Clinic","potentialAction":[{"@type":"SearchAction","target":{"@type":"EntryPoint","urlTemplate":"https:\/\/medicinasinc.com\/pl\/?s={search_term_string}"},"query-input":{"@type":"PropertyValueSpecification","valueRequired":true,"valueName":"search_term_string"}}],"inLanguage":"en-US"}]}},"_links":{"self":[{"href":"https:\/\/medicinasinc.com\/pl\/wp-json\/wp\/v2\/product\/5387","targetHints":{"allow":["GET"]}}],"collection":[{"href":"https:\/\/medicinasinc.com\/pl\/wp-json\/wp\/v2\/product"}],"about":[{"href":"https:\/\/medicinasinc.com\/pl\/wp-json\/wp\/v2\/types\/product"}],"replies":[{"embeddable":true,"href":"https:\/\/medicinasinc.com\/pl\/wp-json\/wp\/v2\/comments?post=5387"}],"wp:featuredmedia":[{"embeddable":true,"href":"https:\/\/medicinasinc.com\/pl\/wp-json\/wp\/v2\/media\/5396"}],"wp:attachment":[{"href":"https:\/\/medicinasinc.com\/pl\/wp-json\/wp\/v2\/media?parent=5387"}],"wp:term":[{"taxonomy":"product_brand","embeddable":true,"href":"https:\/\/medicinasinc.com\/pl\/wp-json\/wp\/v2\/product_brand?post=5387"},{"taxonomy":"product_cat","embeddable":true,"href":"https:\/\/medicinasinc.com\/pl\/wp-json\/wp\/v2\/product_cat?post=5387"},{"taxonomy":"product_tag","embeddable":true,"href":"https:\/\/medicinasinc.com\/pl\/wp-json\/wp\/v2\/product_tag?post=5387"}],"curies":[{"name":"wp","href":"https:\/\/api.w.org\/{rel}","templated":true}]}}