{"id":5368,"date":"2022-02-21T21:54:21","date_gmt":"2022-02-21T21:54:21","guid":{"rendered":"https:\/\/medicinasinc.com\/pl\/?post_type=product&#038;p=5368"},"modified":"2022-03-22T00:57:38","modified_gmt":"2022-03-22T00:57:38","slug":"kup-4-emc-4-etylometkatynon","status":"publish","type":"product","link":"https:\/\/medicinasinc.com\/pl\/product\/kup-4-emc-4-etylometkatynon\/","title":{"rendered":"Kup 4-EMC 4-etylometokatynon"},"content":{"rendered":"<h1 class=\"product_title entry-title\">Kup 4-EMC 4-etylometkatynon w proszku online<\/h1>\n<p><strong>4-EMC mo\u017cna kupi\u0107 online.<\/strong><\/p>\n<p> Monochlorowodorek 2-metyloaminopropan-1-onu to pe\u0142na nazwa IUPAC dla 4-EMC, kt\u00f3ry nale\u017cy do klasy zwi\u0105zk\u00f3w badawczych znanych jako stymulanty o\u015brodkowego uk\u0142adu nerwowego. 4-EMC jest r\u00f3wnie\u017c znany jako 4-etylofenol.<\/p>\n<p>Entaktogen i \u015brodek pobudzaj\u0105cy, 4-etylometkatynon (4-EMC) jest przeznaczony do u\u017cytku rekreacyjnego. to strukturalny izomer 4-MEC<\/p>\n<p>C12H17NO to wz\u00f3r cz\u0105steczkowy 4-EMC, kt\u00f3ry nale\u017cy do rodziny zwi\u0105zk\u00f3w chemicznych fenetyloaminy i amfetaminy. W recepturze jest 191.270 g\/mc. Gdzie kupi\u0107 4-EMC<\/p>\n<p>Wprowadzamy nowy produkt katynonowy, kt\u00f3ry mo\u017ce by\u0107 u\u017cywany do zaawansowanych bada\u0144 naukowych ze wzgl\u0119du na du\u017ce zapotrzebowanie na rynku. 4-etylometkatynon jest izomeryczn\u0105 wersj\u0105 mefedronu, kt\u00f3ra jest obecnie zabroniona, a wszystkie wymienione zwi\u0105zki maj\u0105 dzia\u0142anie pobudzaj\u0105ce i entaktogenne.<\/p>\n<p>Dopamina i serotonina s\u0105 najbardziej prawdopodobnymi g\u0142\u00f3wnymi celami 4-EMC, co jest typowy dla tej klasy chemicznej i uwa\u017cany za utrudniaj\u0105cy wychwyt zwrotny w szczelinie synaptycznej wa\u017cnych neuroprzeka\u017anik\u00f3w.<\/p>\n<p>Krystaliczny proszek, substancja mo\u017ce by\u0107 \u0142atwo wytwarzana do test\u00f3w bez ryzyka wprowadzania zanieczyszcze\u0144 w normalnych warunkach. Rozpuszczalny w wodzie 4-EMC musi by\u0107 przechowywany w suchym, hermetycznym \u015brodowisku.<\/p>\n<p>Naukowcy maj\u0105 wyj\u0105tkow\u0105 okazj\u0119 do zmapowania profilu substancji od podstaw, poniewa\u017c nie by\u0142a ona w przesz\u0142o\u015bci dok\u0142adnie badana, a wi\u0119kszo\u015b\u0107 z tego wiemy o tym poprzez podobie\u0144stwa do podobnych substancji. Podczas przeprowadzania eksperyment\u00f3w nale\u017cy mie\u0107 na uwadze nowo\u015b\u0107 substancji chemicznej i zapewni\u0107 miejsce na b\u0142\u0119dy. Przynale\u017cno\u015b\u0107 do 4-EMC<\/p>\n","protected":false},"excerpt":{"rendered":"<p>Gdzie kupi\u0107 sproszkowany 4-EMC 4-etylometokatynon? \u015arodek pobudzaj\u0105cy i entaktogen, nale\u017cy do tej drugiej kategorii. Izomery strukturalne 4-MEC mo\u017cna znale\u017a\u0107 tutaj.<\/p>\n<p>Krystaliczny proszek 4-EMC 4-etylometkatynonu do sprzeda\u017cy w Europie, UE i Wielkiej Brytanii. \u015arodek pobudzaj\u0105cy i entaktogen, nale\u017cy do tej drugiej kategorii. 4-MEC jest izomerem strukturalnym tego zwi\u0105zku.<\/p>\n<p>Rodzina katynon\u00f3w obejmuje 4-EMC (znany r\u00f3wnie\u017c jako 4-etylometokatynon), now\u0105 cz\u0105steczk\u0119 badawcz\u0105. W\u015br\u00f3d badaczy chemii, 4-EMC jest preferowanym wyborem ze wzgl\u0119du na jego w\u0142a\u015bciwo\u015bci pobudzaj\u0105ce i entaktogenne.<\/p>\n<h1>Kup 4-EMC online<\/h1>\n<p>Kiedy kupujesz 4-EMC online, \u017cyczenie jest jako\u015bci\u0105 Drug Online to wysokiej jako\u015bci chemikalia badawcze. Mo\u017cesz kupi\u0107 4-EMC na sprzeda\u017c online w cenie hurtowej od zaufanego dostawcy Top mark chemical.com Bezpieczna wysy\u0142ka 4-EMC do USA, Holandii, Irlandii, UE, Wielkiej Brytanii i innych kraj\u00f3w. <a href=\"https:\/\/www.bestglobalmeds.com\/product\/research-chemicals\/4-emc\/\">Kup 4-EMC online<\/a><\/p>\n<p>Nr sprawy: 1225622-14- 9<br \/>Wz\u00f3r: C12H17NO<br \/> IUPAC: 1-(4-etylofenylo)-2-(metyloamino)propan-1-on<br \/> Wygl\u0105d: Bia\u0142e\/\u017c\u00f3\u0142tawe kryszta\u0142y<br \/> Czysto\u015b\u0107:<\/p>\n","protected":false},"featured_media":5380,"comment_status":"open","ping_status":"closed","template":"","meta":[],"product_brand":[],"product_cat":[2014],"product_tag":[2485,2486,2487,2490,2491,2492,2495,2500,2501,2496,2488,2489,2493,2494,2498,2497,2499],"class_list":{"0":"post-5368","1":"product","2":"type-product","3":"status-publish","4":"has-post-thumbnail","6":"product_cat-kup-badania-chemikalia","7":"product_tag-4-mec-for-sale","8":"product_tag-4-mec-supplier","9":"product_tag-4-mecsupplier-online","10":"product_tag-buy-4-mec-crystals-with-worldwide-shipping","11":"product_tag-buy-4-mec-online","12":"product_tag-buy-4-mec-online-for-sale","13":"product_tag-buy-research-chemicals-for-sale-online","14":"product_tag-gdzie-kupi-4-mec-online","15":"product_tag-gdzie-kupi-4-mec-krysztay-online","16":"product_tag-how-can-i-get-4-mec-research-chemicals","17":"product_tag-kup-4-mec","18":"product_tag-kup-4-mec-kryszta-online","19":"product_tag-kup-4-mec-badania-chemikalia-online","20":"product_tag-kup-4-meconline-usa","21":"product_tag-order-cheap-4-mec-online","22":"product_tag-zamw-4-mec-online","23":"product_tag-zaufany-dostawca-dla-4-mec-online","25":"first","26":"instock","27":"shipping-taxable","28":"purchasable","29":"product-type-variable","30":"has-default-attributes"},"yoast_head":"<!-- This site is optimized with the Yoast SEO plugin v27.3 - https:\/\/yoast.com\/product\/yoast-seo-wordpress\/ -->\n<title>Kup 4-etylometkatynon - Kup 4-EMC - Najlepsze najlepsze \u015bwiatowe leki<\/title>\n<meta name=\"description\" content=\"Kup 4-EMC 4-Ethylmethcathinone Crystal Powder na sprzeda\u017c online w Europie, UE, Wielkiej Brytanii. Nale\u017cy do klasy stymulant\u00f3w i entaktogen\u00f3w. Jest to izomer strukturalny 4-MEC.\" \/>\n<meta name=\"robots\" content=\"index, follow, max-snippet:-1, max-image-preview:large, max-video-preview:-1\" \/>\n<link rel=\"canonical\" href=\"https:\/\/medicinasinc.com\/pl\/product\/kup-4-emc-4-etylometkatynon\/\" \/>\n<meta property=\"og:locale\" content=\"en_US\" \/>\n<meta property=\"og:type\" content=\"article\" \/>\n<meta property=\"og:title\" content=\"Kup 4-etylometkatynon - Kup 4-EMC - Najlepsze najlepsze \u015bwiatowe leki\" \/>\n<meta property=\"og:description\" content=\"Kup 4-EMC 4-Ethylmethcathinone Crystal Powder na sprzeda\u017c online w Europie, UE, Wielkiej Brytanii. Nale\u017cy do klasy stymulant\u00f3w i entaktogen\u00f3w. Jest to izomer strukturalny 4-MEC.\" \/>\n<meta property=\"og:url\" content=\"https:\/\/medicinasinc.com\/pl\/product\/kup-4-emc-4-etylometkatynon\/\" \/>\n<meta property=\"og:site_name\" content=\"Medicinas Inc\" \/>\n<meta property=\"article:modified_time\" content=\"2022-03-22T00:57:38+00:00\" \/>\n<meta property=\"og:image\" content=\"https:\/\/medicinasinc.com\/pl\/wp-content\/uploads\/sites\/13\/2022\/02\/Buy-4-EMC.jpg\" \/>\n\t<meta property=\"og:image:width\" content=\"230\" \/>\n\t<meta property=\"og:image:height\" content=\"230\" \/>\n\t<meta property=\"og:image:type\" content=\"image\/jpeg\" \/>\n<meta name=\"twitter:card\" content=\"summary_large_image\" \/>\n<meta name=\"twitter:label1\" content=\"Est. reading time\" \/>\n\t<meta name=\"twitter:data1\" content=\"2 minutes\" \/>\n<script type=\"application\/ld+json\" class=\"yoast-schema-graph\">{\"@context\":\"https:\\\/\\\/schema.org\",\"@graph\":[{\"@type\":\"WebPage\",\"@id\":\"https:\\\/\\\/medicinasinc.com\\\/pl\\\/product\\\/kup-4-emc-4-etylometkatynon\\\/\",\"url\":\"https:\\\/\\\/medicinasinc.com\\\/pl\\\/product\\\/kup-4-emc-4-etylometkatynon\\\/\",\"name\":\"Kup 4-etylometkatynon - Kup 4-EMC - Najlepsze najlepsze \u015bwiatowe leki\",\"isPartOf\":{\"@id\":\"https:\\\/\\\/medicinasinc.com\\\/pl\\\/#website\"},\"primaryImageOfPage\":{\"@id\":\"https:\\\/\\\/medicinasinc.com\\\/pl\\\/product\\\/kup-4-emc-4-etylometkatynon\\\/#primaryimage\"},\"image\":{\"@id\":\"https:\\\/\\\/medicinasinc.com\\\/pl\\\/product\\\/kup-4-emc-4-etylometkatynon\\\/#primaryimage\"},\"thumbnailUrl\":\"https:\\\/\\\/medicinasinc.com\\\/pl\\\/wp-content\\\/uploads\\\/sites\\\/13\\\/2022\\\/02\\\/Buy-4-EMC.jpg\",\"datePublished\":\"2022-02-21T21:54:21+00:00\",\"dateModified\":\"2022-03-22T00:57:38+00:00\",\"description\":\"Kup 4-EMC 4-Ethylmethcathinone Crystal Powder na sprzeda\u017c online w Europie, UE, Wielkiej Brytanii. Nale\u017cy do klasy stymulant\u00f3w i entaktogen\u00f3w. Jest to izomer strukturalny 4-MEC.\",\"breadcrumb\":{\"@id\":\"https:\\\/\\\/medicinasinc.com\\\/pl\\\/product\\\/kup-4-emc-4-etylometkatynon\\\/#breadcrumb\"},\"inLanguage\":\"en-US\",\"potentialAction\":[{\"@type\":\"ReadAction\",\"target\":[\"https:\\\/\\\/medicinasinc.com\\\/pl\\\/product\\\/kup-4-emc-4-etylometkatynon\\\/\"]}]},{\"@type\":\"ImageObject\",\"inLanguage\":\"en-US\",\"@id\":\"https:\\\/\\\/medicinasinc.com\\\/pl\\\/product\\\/kup-4-emc-4-etylometkatynon\\\/#primaryimage\",\"url\":\"https:\\\/\\\/medicinasinc.com\\\/pl\\\/wp-content\\\/uploads\\\/sites\\\/13\\\/2022\\\/02\\\/Buy-4-EMC.jpg\",\"contentUrl\":\"https:\\\/\\\/medicinasinc.com\\\/pl\\\/wp-content\\\/uploads\\\/sites\\\/13\\\/2022\\\/02\\\/Buy-4-EMC.jpg\",\"width\":230,\"height\":230},{\"@type\":\"BreadcrumbList\",\"@id\":\"https:\\\/\\\/medicinasinc.com\\\/pl\\\/product\\\/kup-4-emc-4-etylometkatynon\\\/#breadcrumb\",\"itemListElement\":[{\"@type\":\"ListItem\",\"position\":1,\"name\":\"Sklep\",\"item\":\"https:\\\/\\\/medicinasinc.com\\\/pl\\\/sklep\\\/\"},{\"@type\":\"ListItem\",\"position\":2,\"name\":\"Kup 4-EMC 4-etylometokatynon\"}]},{\"@type\":\"WebSite\",\"@id\":\"https:\\\/\\\/medicinasinc.com\\\/pl\\\/#website\",\"url\":\"https:\\\/\\\/medicinasinc.com\\\/pl\\\/\",\"name\":\"Medicinas Inc\",\"description\":\"Health Medical Clinic\",\"potentialAction\":[{\"@type\":\"SearchAction\",\"target\":{\"@type\":\"EntryPoint\",\"urlTemplate\":\"https:\\\/\\\/medicinasinc.com\\\/pl\\\/?s={search_term_string}\"},\"query-input\":{\"@type\":\"PropertyValueSpecification\",\"valueRequired\":true,\"valueName\":\"search_term_string\"}}],\"inLanguage\":\"en-US\"}]}<\/script>\n<!-- \/ Yoast SEO plugin. -->","yoast_head_json":{"title":"Kup 4-etylometkatynon - Kup 4-EMC - Najlepsze najlepsze \u015bwiatowe leki","description":"Kup 4-EMC 4-Ethylmethcathinone Crystal Powder na sprzeda\u017c online w Europie, UE, Wielkiej Brytanii. Nale\u017cy do klasy stymulant\u00f3w i entaktogen\u00f3w. Jest to izomer strukturalny 4-MEC.","robots":{"index":"index","follow":"follow","max-snippet":"max-snippet:-1","max-image-preview":"max-image-preview:large","max-video-preview":"max-video-preview:-1"},"canonical":"https:\/\/medicinasinc.com\/pl\/product\/kup-4-emc-4-etylometkatynon\/","og_locale":"en_US","og_type":"article","og_title":"Kup 4-etylometkatynon - Kup 4-EMC - Najlepsze najlepsze \u015bwiatowe leki","og_description":"Kup 4-EMC 4-Ethylmethcathinone Crystal Powder na sprzeda\u017c online w Europie, UE, Wielkiej Brytanii. Nale\u017cy do klasy stymulant\u00f3w i entaktogen\u00f3w. Jest to izomer strukturalny 4-MEC.","og_url":"https:\/\/medicinasinc.com\/pl\/product\/kup-4-emc-4-etylometkatynon\/","og_site_name":"Medicinas Inc","article_modified_time":"2022-03-22T00:57:38+00:00","og_image":[{"width":230,"height":230,"url":"https:\/\/medicinasinc.com\/pl\/wp-content\/uploads\/sites\/13\/2022\/02\/Buy-4-EMC.jpg","type":"image\/jpeg"}],"twitter_card":"summary_large_image","twitter_misc":{"Est. reading time":"2 minutes"},"schema":{"@context":"https:\/\/schema.org","@graph":[{"@type":"WebPage","@id":"https:\/\/medicinasinc.com\/pl\/product\/kup-4-emc-4-etylometkatynon\/","url":"https:\/\/medicinasinc.com\/pl\/product\/kup-4-emc-4-etylometkatynon\/","name":"Kup 4-etylometkatynon - Kup 4-EMC - Najlepsze najlepsze \u015bwiatowe leki","isPartOf":{"@id":"https:\/\/medicinasinc.com\/pl\/#website"},"primaryImageOfPage":{"@id":"https:\/\/medicinasinc.com\/pl\/product\/kup-4-emc-4-etylometkatynon\/#primaryimage"},"image":{"@id":"https:\/\/medicinasinc.com\/pl\/product\/kup-4-emc-4-etylometkatynon\/#primaryimage"},"thumbnailUrl":"https:\/\/medicinasinc.com\/pl\/wp-content\/uploads\/sites\/13\/2022\/02\/Buy-4-EMC.jpg","datePublished":"2022-02-21T21:54:21+00:00","dateModified":"2022-03-22T00:57:38+00:00","description":"Kup 4-EMC 4-Ethylmethcathinone Crystal Powder na sprzeda\u017c online w Europie, UE, Wielkiej Brytanii. Nale\u017cy do klasy stymulant\u00f3w i entaktogen\u00f3w. Jest to izomer strukturalny 4-MEC.","breadcrumb":{"@id":"https:\/\/medicinasinc.com\/pl\/product\/kup-4-emc-4-etylometkatynon\/#breadcrumb"},"inLanguage":"en-US","potentialAction":[{"@type":"ReadAction","target":["https:\/\/medicinasinc.com\/pl\/product\/kup-4-emc-4-etylometkatynon\/"]}]},{"@type":"ImageObject","inLanguage":"en-US","@id":"https:\/\/medicinasinc.com\/pl\/product\/kup-4-emc-4-etylometkatynon\/#primaryimage","url":"https:\/\/medicinasinc.com\/pl\/wp-content\/uploads\/sites\/13\/2022\/02\/Buy-4-EMC.jpg","contentUrl":"https:\/\/medicinasinc.com\/pl\/wp-content\/uploads\/sites\/13\/2022\/02\/Buy-4-EMC.jpg","width":230,"height":230},{"@type":"BreadcrumbList","@id":"https:\/\/medicinasinc.com\/pl\/product\/kup-4-emc-4-etylometkatynon\/#breadcrumb","itemListElement":[{"@type":"ListItem","position":1,"name":"Sklep","item":"https:\/\/medicinasinc.com\/pl\/sklep\/"},{"@type":"ListItem","position":2,"name":"Kup 4-EMC 4-etylometokatynon"}]},{"@type":"WebSite","@id":"https:\/\/medicinasinc.com\/pl\/#website","url":"https:\/\/medicinasinc.com\/pl\/","name":"Medicinas Inc","description":"Health Medical Clinic","potentialAction":[{"@type":"SearchAction","target":{"@type":"EntryPoint","urlTemplate":"https:\/\/medicinasinc.com\/pl\/?s={search_term_string}"},"query-input":{"@type":"PropertyValueSpecification","valueRequired":true,"valueName":"search_term_string"}}],"inLanguage":"en-US"}]}},"_links":{"self":[{"href":"https:\/\/medicinasinc.com\/pl\/wp-json\/wp\/v2\/product\/5368","targetHints":{"allow":["GET"]}}],"collection":[{"href":"https:\/\/medicinasinc.com\/pl\/wp-json\/wp\/v2\/product"}],"about":[{"href":"https:\/\/medicinasinc.com\/pl\/wp-json\/wp\/v2\/types\/product"}],"replies":[{"embeddable":true,"href":"https:\/\/medicinasinc.com\/pl\/wp-json\/wp\/v2\/comments?post=5368"}],"wp:featuredmedia":[{"embeddable":true,"href":"https:\/\/medicinasinc.com\/pl\/wp-json\/wp\/v2\/media\/5380"}],"wp:attachment":[{"href":"https:\/\/medicinasinc.com\/pl\/wp-json\/wp\/v2\/media?parent=5368"}],"wp:term":[{"taxonomy":"product_brand","embeddable":true,"href":"https:\/\/medicinasinc.com\/pl\/wp-json\/wp\/v2\/product_brand?post=5368"},{"taxonomy":"product_cat","embeddable":true,"href":"https:\/\/medicinasinc.com\/pl\/wp-json\/wp\/v2\/product_cat?post=5368"},{"taxonomy":"product_tag","embeddable":true,"href":"https:\/\/medicinasinc.com\/pl\/wp-json\/wp\/v2\/product_tag?post=5368"}],"curies":[{"name":"wp","href":"https:\/\/api.w.org\/{rel}","templated":true}]}}