{"id":5367,"date":"2022-02-21T21:52:55","date_gmt":"2022-02-21T21:52:55","guid":{"rendered":"https:\/\/medicinasinc.com\/pl\/?post_type=product&#038;p=5367"},"modified":"2022-03-22T00:57:48","modified_gmt":"2022-03-22T00:57:48","slug":"4-chlorometkatynon-4-cmc-hcl-krysztal","status":"publish","type":"product","link":"https:\/\/medicinasinc.com\/pl\/product\/4-chlorometkatynon-4-cmc-hcl-krysztal\/","title":{"rendered":"Kryszta\u0142 4-chlorometkatynonu (4-CMC HCl)"},"content":{"rendered":"<p>Online, mo\u017cesz kupi\u0107 kryszta\u0142y i proszek 4-CMC za bardzo nisk\u0105 cen\u0119.<br \/> Kup kryszta\u0142 4-CMC w sklepie.<\/p>\n<p>4-CMC to skr\u00f3t od 4-chlorometkatynonu , a to oznacza, \u017ce \u200b\u200b4-chlorometokatynon 4-CMC nale\u017cy do klasy chemikali\u00f3w zwanych katynonami. To narkotyk. W przesz\u0142o\u015bci ta chemia badawcza nie by\u0142a dost\u0119pna na rynku zbyt d\u0142ugo. Oznacza to, \u017ce wiele os\u00f3b jeszcze tego nie pr\u00f3bowa\u0142o.<\/p>\n<p>Kupuj kryszta\u0142y 4-CMC, czyli 4-chlorometkatynon. Te kryszta\u0142y s\u0105 wykonane z najlepszych chemikali\u00f3w badawczych i s\u0105 dostarczane z szybk\u0105 dostaw\u0105 i \u015bwietnymi cenami. Kiedy wchodzisz na globalhomemed.com, mo\u017cesz dosta\u0107 lekarstwo tylko tam.<\/p>\n<p>Jednak, mimo \u017ce 4-CMC jest nowo\u015bci\u0105, podobno wst\u0119pne testy z t\u0105 substancj\u0105 wykaza\u0142y zwi\u0119kszone emocje, szybsze procesy my\u015blowe i wysokie poziomy energii. To bardzo przypomina 4-MMC, bk-MDMA i 3-MMC. 4-CMC jest taki sam. Tak wi\u0119c, je\u015bli przeprowadzi\u0142e\u015b badania z kt\u00f3rymkolwiek z tych chemikali\u00f3w, wiesz r\u00f3wnie\u017c, czego si\u0119 spodziewa\u0107 po eksperymentach badawczych 4-CMC.<\/p>\n<p>&nbsp;<\/p>\n<p>Gdzie mog\u0119 kupi\u0107 4-CMC?<\/p>\n<p>W Chemical Planet mamy na sprzeda\u017c wiele wysokiej jako\u015bci 4-CMC. W wi\u0119kszo\u015bci przypadk\u00f3w nasz 4-CMC wyst\u0119puje w postaci kryszta\u0142\u00f3w. Skontaktuj si\u0119 z nami, je\u015bli nie widzisz formularza, kt\u00f3rego szukasz. Nied\u0142ugo mo\u017cemy go odzyska\u0107.<\/p>\n<p>Kup 4-CMC od Chemical Planet, a je\u015bli chcesz to zrobi\u0107, musisz mie\u0107 co najmniej 18 lat i by\u0107 w pe\u0142ni zgodny z przepisami dotycz\u0105cymi chemii badawczej w swoim kraju. Ludzie i zwierz\u0119ta nie mog\u0105 u\u017cywa\u0107 naszych chemikali\u00f3w. S\u0105 one przeznaczone wy\u0142\u0105cznie do bada\u0144, a nie do u\u017cytku przez ludzi lub zwierz\u0119ta.<\/p>\n<p>Legalno\u015b\u0107 4-CMC<\/p>\n<p>Ludzie w Chinach i Szwecji nie lubi\u0105 zbytnio 4-CMC. Je\u015bli za\u017cywasz ten lek w Niemczech, nazywa si\u0119 on \u201eAnlage I\u201d. Wiele innych kraj\u00f3w nie ustali\u0142o jeszcze daty dla tej substancji chemicznej. Dzieje si\u0119 tak g\u0142\u00f3wnie dlatego, \u017ce jest tak nowy.<\/p>\n<p>Ch\u0142odne, suche miejsce jest zawsze najlepsze, je\u015bli chodzi o najd\u0142u\u017cszy okres przydatno\u015bci do spo\u017cycia. Ten produkt jest przeznaczony wy\u0142\u0105cznie do u\u017cytku kryminalistycznego i badawczego. Nie jest przeznaczony do spo\u017cycia przez ludzi ani do testowania na zwierz\u0119tach ani \u017cadnej innej \u017cywej istocie.<\/p>\n","protected":false},"excerpt":{"rendered":"<p>Kup kryszta\u0142y i proszek 4-CMC przez Internet za nisk\u0105 cen\u0119 w sklepie internetowym. Kup hurtowo kryszta\u0142y i proszek 4-CMC o czysto\u015bci 99 procent. Zam\u00f3w 4-chlorometkatynon na sprzeda\u017c w Wielkiej Brytanii, Europie i reszcie \u015bwiata<\/p>\n<p>Kup kryszta\u0142 chlorowodorku 4-chlorometkatynonu (4-CMC HCl) w najlepszych cenach i dostarcz go w dowolne miejsce na \u015bwiecie. Z\u0142\u00f3\u017c zam\u00f3wienie na 4-CMC w Wielkiej Brytanii i Europie<\/p>\n<p>Kup kryszta\u0142y i proszek 4-CMC online za nisk\u0105 cen\u0119 w sklepie internetowym.<\/p>\n<p>Kup kryszta\u0142y 4-CMC i proszek luzem o czysto\u015bci 99 procent.<\/p>\n","protected":false},"featured_media":5378,"comment_status":"open","ping_status":"closed","template":"","meta":[],"product_brand":[],"product_cat":[2014],"product_tag":[2101,2102,2103,2104,2105,2155,2478,2156,2157,2158,2159,2160,2161,2166,2167,2168,2169,2174,2175,2176,2177,2182,2183,2184,2187,2188,2189,2190,2195,2196,2197,2198,2208,2209,2210,2215,2216,2217,2219,2220,2221,2222,2223,2225,2226,2233,2234,2238,2239,2243,2244,2246,2247,2248,2249,2250,2251,2252,2253,2254,2256,2257,2258,2259,2260,2261,2262,2264,2265,2266,2267,2295,2268,2271,2272,2273,2277,2278,2279,2484,2125,2302,2280,2281,2282,2283,2285,2286,2287,2288,2289,2290,2294,2297,2299,2300,2304,2305,2298,2306,2303,2480,2476,2310,2312,2313,2315,2316,2317,2318,2320,2321,2322,2323,2477,2421,2172,2173,2311,2422,2423,2245,2424,2162,2314,2425,2163,2428,2179,2479,2180,2235,2263,2319,2181,2236,2431,2171,2432,2170,2433,2255,2434,2240,2482,2164,2430,2178,2392,2414,2205,2206,2207,2212,2213,2218,2211,2324,2329,2330,2331,2332,2337,2338,2339,2340,2343,2345,2346,2347,2344,2336,2325,2328,2348,2349,2350,2351,2352,2355,2356,2357,2358,2359,2360,2199,2201,2483,2200,2202,2203,2204,2364,2365,2366,2369,2370,2371,2372,2214,2379,2380,2381,2382,2384,2385,2386,2387,2388,2389,2390,2408,2362,2409,2363,2326,2410,2327,2411,2383,2412,2341,2415,2342,2416,2334,2417,2373,2418,2335,2419,2391,2406,2420,2374,2413,2367,2368,2333,2403,2274,2126,2165,2394,2395,2396,2397,2398,2399,2400,2401,2402,2404,2405,2407,2426,2427,2429,2435,2436,2437,2438,2439,2441,2442,2443,2444,2445,2446,2447,2309,2307,2449,2450,2451,2452,2453,2454,2455,2456,2457,2458,2459,2460,2462,2463,2464,2465,2466,2467,2468,2469,2470,2471,2472,2473,2474,2475,2301,2185,2186,2269,2270,2284,2192,2193,2275,2308,2276,2291,2440,2353,2461,2292,2361,2293,2354,2191,2194,2481],"class_list":{"0":"post-5367","1":"product","2":"type-product","3":"status-publish","4":"has-post-thumbnail","6":"product_cat-kup-badania-chemikalia","7":"product_tag-2-fdck","8":"product_tag-2-mmc","9":"product_tag-3-cmc","10":"product_tag-3-mm","11":"product_tag-3-mmc","12":"product_tag-4-cmc","13":"product_tag-4-cmc-krysztay-na-sprzeda","14":"product_tag-5-mmpa","15":"product_tag-a-php","16":"product_tag-a-pihp","17":"product_tag-acheter-2-fdck","18":"product_tag-acheter-2-mmc","19":"product_tag-acheter-3-cmc","20":"product_tag-acheter-4-cmc","21":"product_tag-acheter-5-mmpa","22":"product_tag-acheter-a-php","23":"product_tag-acheter-a-pihp","24":"product_tag-acquista-3-cmc","25":"product_tag-acquista-3-mma","26":"product_tag-acquista-3-mmc","27":"product_tag-acquista-3-mmc-pellets","28":"product_tag-acquista-a-pihp","29":"product_tag-acquista-eutylone","30":"product_tag-acquista-hexen","31":"product_tag-al-por-mayor-3-cmc","32":"product_tag-al-por-mayor-3-mma","33":"product_tag-al-por-mayor-3-mmc","34":"product_tag-al-por-mayor-3-mmc-pellets","35":"product_tag-al-por-mayor-a-pihp","36":"product_tag-al-por-mayor-eutylone","37":"product_tag-al-por-mayor-hexedrone","38":"product_tag-al-por-mayor-hexen","39":"product_tag-bulk-3-mma","40":"product_tag-bulk-3-mmc","41":"product_tag-bulk-3-mmc-pellets","42":"product_tag-bulk-a-pihp","43":"product_tag-bulk-eutylone","44":"product_tag-bulk-hexedrone","45":"product_tag-buy-2-fdck","46":"product_tag-buy-2-mmc","47":"product_tag-buy-3-cmc","48":"product_tag-buy-3-mma","49":"product_tag-buy-3-mmc","50":"product_tag-buy-3-mmc-pellets","51":"product_tag-buy-3-mmc-pills","52":"product_tag-buy-4-cmc","53":"product_tag-buy-5-mmpa","54":"product_tag-buy-eutylone","55":"product_tag-buy-hexedrone","56":"product_tag-comprar-2-fdck","57":"product_tag-comprar-2-mmc","58":"product_tag-comprar-3-mma","59":"product_tag-comprar-3-mmc","60":"product_tag-comprar-3-mmc-pellets","61":"product_tag-comprar-3-mmc-pills","62":"product_tag-comprar-4-cmc","63":"product_tag-comprar-5-mmpa","64":"product_tag-comprar-a-php","65":"product_tag-comprar-a-pihp","66":"product_tag-comprar-eutylone","67":"product_tag-comprar-hexen","68":"product_tag-cumpara-2-fdck","69":"product_tag-cumpara-3-cmc","70":"product_tag-cumpara-3-mma","71":"product_tag-cumpara-3-mmc","72":"product_tag-cumpara-4-cmc","73":"product_tag-cumpara-5-mmpa","74":"product_tag-cumpara-a-pihp","75":"product_tag-cumpara-eutylone","76":"product_tag-cumpara-hexedrone","77":"product_tag-cumpara-hexen","78":"product_tag-czarownice","79":"product_tag-en-gros-2-fdck","80":"product_tag-en-gros-3-mmc","81":"product_tag-en-gros-4-cmc","82":"product_tag-en-gros-5-mmpa","83":"product_tag-en-gros-hexedrone","84":"product_tag-en-gros-hexen","85":"product_tag-eutylon","86":"product_tag-gdzie-kupi-4-cmc-krysztay-online","87":"product_tag-rut-3-mmc","88":"product_tag-inrosso-3-mmc-granulki","89":"product_tag-groothandel-2-fdck","90":"product_tag-groothandel-2-mmc","91":"product_tag-groothandel-3-cmc","92":"product_tag-groothandel-3-mma","93":"product_tag-groothandel-3-mmc-pellets","94":"product_tag-groothandel-3-mmc-pills","95":"product_tag-groothandel-4-cmc","96":"product_tag-groothandel-5-mmpa","97":"product_tag-groothandel-a-php","98":"product_tag-groothandel-a-pihp","99":"product_tag-hexedrone","100":"product_tag-ingrosso-2-fdck","101":"product_tag-ingrosso-3-cmc","102":"product_tag-ingrosso-3-mma","103":"product_tag-ingrosso-4-cmc","104":"product_tag-ingrosso-5-mmpa","105":"product_tag-inrosso-2-mmc","106":"product_tag-inrosso-a-php","107":"product_tag-inrosso-3-mmc-piguki","108":"product_tag-jak-kupi-4-cmc-krysztay-online","109":"product_tag-ktowe-czarownice","110":"product_tag-koop-2-fdck","111":"product_tag-koop-3-cmc","112":"product_tag-koop-3-mma","113":"product_tag-koop-3-mmc-granulki","114":"product_tag-koop-3-mmc-pills","115":"product_tag-koop-4-cmc","116":"product_tag-koop-5-mmpa","117":"product_tag-koop-a-pihp","118":"product_tag-koop-eutylone","119":"product_tag-koop-hexedrone","120":"product_tag-koop-hexen","121":"product_tag-4-cmc-krysztay","122":"product_tag-vasarold-meg-2-fdck","123":"product_tag-kup-2-fdck","124":"product_tag-kup-2-mmc","125":"product_tag-koop-2-mmc","126":"product_tag-vasarold-meg-2-mmc","127":"product_tag-vasarold-meg-3-cmc","128":"product_tag-kup-3-cmc","129":"product_tag-vasarold-meg-3-mma","130":"product_tag-kup-3-mma","131":"product_tag-koop-3-mmc","132":"product_tag-vasarold-meg-3-mmc","133":"product_tag-kup-3-mmc","134":"product_tag-vasarold-meg-4-cmc","135":"product_tag-kup-4-cmc","136":"product_tag-kup-4-cmc-krysztay-online","137":"product_tag-kup-5-mmpa","138":"product_tag-kup-a-php","139":"product_tag-cumpara-a-php","140":"product_tag-koop-a-php","141":"product_tag-kup-w-php","142":"product_tag-kup-a-pihp","143":"product_tag-vasarold-meg-pihp","144":"product_tag-wiedmy-aosne","145":"product_tag-vasarold-meg-eutylon","146":"product_tag-kup-eutylon","147":"product_tag-vasarold-meg-heksedron","148":"product_tag-kup-heksedron","149":"product_tag-vasarold-meg-heksen","150":"product_tag-kup-heksen","151":"product_tag-zakup-4-cmc-krysztay-online","152":"product_tag-kup-granulki-3-mmc","153":"product_tag-vasarold-meg-a-php","154":"product_tag-kup-tabletki-3-mmc","155":"product_tag-kupuj-czarownice","156":"product_tag-start-3-mmc-piguki","157":"product_tag-luzem-2-fdck","158":"product_tag-luzem-2-mmc","159":"product_tag-luzem-3-cmc","160":"product_tag-luzem-4-cmc","161":"product_tag-luzem-5-mmpa","162":"product_tag-luzem-heksen","163":"product_tag-luzem-tabletki-3-mmc","164":"product_tag-magasin-2-fdck","165":"product_tag-magasin-3-mmc-pellets","166":"product_tag-magasin-3-mmc-pills","167":"product_tag-magasin-4-cmc","168":"product_tag-magasin-5-mmpa","169":"product_tag-magazin-2-fdck","170":"product_tag-magazin-3-cmc","171":"product_tag-magazin-3-mma","172":"product_tag-magazin-3-mmc","173":"product_tag-magazin-a-php","174":"product_tag-magazin-eutylone","175":"product_tag-magazin-hexedrone","176":"product_tag-magazin-hexen","177":"product_tag-magazyn-a-pihp","178":"product_tag-magazyn-czarownic","179":"product_tag-magazynek-2-mmc","180":"product_tag-magazynek-3-mmc","181":"product_tag-nagykereskedelem-2-fdck","182":"product_tag-nagykereskedelem-2-mmc","183":"product_tag-nagykereskedelem-3-cmc","184":"product_tag-nagykereskedelem-3-mma","185":"product_tag-nagykereskedelem-3-mmc","186":"product_tag-nagykereskedelem-4-cmc","187":"product_tag-nagykereskedelem-5-mmpa","188":"product_tag-nagykereskedelem-a-php","189":"product_tag-nagykereskedelem-a-pihp","190":"product_tag-nagykereskedelem-eutylone","191":"product_tag-nagykereskedelem-hexedrone","192":"product_tag-najlepszy-3-cmc","193":"product_tag-najlepszy-4-cmc","194":"product_tag-najlepsze-miejsce-do-kupu-4-cmc-krysztaly-online","195":"product_tag-najlepszy-3-mmc","196":"product_tag-najlepszy-pihp","197":"product_tag-najlepszy-heksedron","198":"product_tag-najlepszy-heksen","199":"product_tag-negozio-3-cmc","200":"product_tag-negozio-3-mma","201":"product_tag-negozio-3-mmc","202":"product_tag-negozio-4-cmc","203":"product_tag-negozio-5-mmpa","204":"product_tag-negozio-a-php","205":"product_tag-negozio-a-pihp","206":"product_tag-bulk-a-php","207":"product_tag-shop-2-fdck","208":"product_tag-shop-2-mmc","209":"product_tag-shop-3-cmc","210":"product_tag-shop-3-mma","211":"product_tag-shop-3-mmc-pellets","212":"product_tag-shop-3-mmc-pills","213":"product_tag-shop-4-cmc","214":"product_tag-shop-5-mmpa","215":"product_tag-shop-a-php","216":"product_tag-shop-a-pihp","217":"product_tag-shop-eutylone","218":"product_tag-start-2-fdck","219":"product_tag-sklep-2-fdck","220":"product_tag-start-2-mmc","221":"product_tag-sklep-2-mmc","222":"product_tag-sklep-3-cmc","223":"product_tag-start-3-cmc","224":"product_tag-sklep-3-mma","225":"product_tag-start-3-mm","226":"product_tag-sklep-3-mmc","227":"product_tag-start-3-mmc","228":"product_tag-sklep-4-cmc","229":"product_tag-start-4-cmc","230":"product_tag-sklep-5-mmpa","231":"product_tag-uzlet-a-php","232":"product_tag-sklep-pihp","233":"product_tag-uzlet-a-pihp","234":"product_tag-sklep-eutylone","235":"product_tag-eutylon-startu","236":"product_tag-sklep-eutylon","237":"product_tag-heksedron-startowy","238":"product_tag-sklep-heksedron","239":"product_tag-sklep-heksedronowy","240":"product_tag-uzlet-heksen","241":"product_tag-sklep-hexen","242":"product_tag-uzlet-3-mmc-pelety","243":"product_tag-sklep-3-mmc-granulki","244":"product_tag-sklep-3-mmc-piguki","245":"product_tag-sklep-a-php","246":"product_tag-zapisz-do-php","247":"product_tag-hurtownia-a-php","248":"product_tag-tabletki-3-mmc","249":"product_tag-acheter-3-mmc-piguki","250":"product_tag-tienda-2-fdck","251":"product_tag-tienda-2-mmc","252":"product_tag-tienda-3-cmc","253":"product_tag-tienda-3-mma","254":"product_tag-tienda-3-mmc","255":"product_tag-tienda-3-mmc-pellets","256":"product_tag-tienda-3-mmc-pills","257":"product_tag-tienda-4-cmc","258":"product_tag-tienda-5-mmpa","259":"product_tag-tienda-a-pihp","260":"product_tag-tienda-eutylone","261":"product_tag-tienda-hexen","262":"product_tag-vasarold-meg-3-mmc-pellets","263":"product_tag-vasarold-meg-3-mmc-pills","264":"product_tag-vasarold-meg-5-mmpa","265":"product_tag-vente-en-gros-2-fdck","266":"product_tag-vente-en-gros-2-mmc","267":"product_tag-vente-en-gros-3-cmc","268":"product_tag-vente-en-gros-3-mma","269":"product_tag-vente-en-gros-3-mmc","270":"product_tag-vente-en-gros-3-mmc-pills","271":"product_tag-vente-en-gros-4-cmc","272":"product_tag-vente-en-gros-5-mmpa","273":"product_tag-vente-en-gros-a-php","274":"product_tag-vente-en-gros-a-pihp","275":"product_tag-vente-en-gros-eutylone","276":"product_tag-vente-en-gros-hexen","277":"product_tag-inrosso-wieedmy","278":"product_tag-czerwony-do-pihp","279":"product_tag-wholesale-2-fdck","280":"product_tag-wholesale-2-mmc","281":"product_tag-wholesale-3-cmc","282":"product_tag-wholesale-3-mma","283":"product_tag-wholesale-3-mmc","284":"product_tag-wholesale-3-mmc-pellets","285":"product_tag-wholesale-3-mmc-pills","286":"product_tag-wholesale-4-cmc","287":"product_tag-wholesale-5-mmpa","288":"product_tag-wholesale-a-php","289":"product_tag-wholesale-a-pihp","290":"product_tag-wholesale-eutylone","291":"product_tag-wholesale-hexen","292":"product_tag-winkel-2-fdck","293":"product_tag-winkel-2-mmc","294":"product_tag-winkel-3-cmc","295":"product_tag-winkel-3-mma","296":"product_tag-winkel-3-mmc","297":"product_tag-winkel-3-mmc-granulki","298":"product_tag-winkel-3-mmc-pills","299":"product_tag-winkel-4-cmc","300":"product_tag-winkel-5-mmpa","301":"product_tag-winkel-a-php","302":"product_tag-winkel-a-pihp","303":"product_tag-winkel-eutylone","304":"product_tag-winkel-hexedrone","305":"product_tag-inrosso-3-mmc","306":"product_tag-hurtownia-2-fdck","307":"product_tag-wyprzeda-2-mmc","308":"product_tag-wyprzeda-3-cmc","309":"product_tag-wyprzeda-3-mma","310":"product_tag-wyprzeda-3-mmc","311":"product_tag-wyprzeda-4-cmc","312":"product_tag-wyprzeda-5-mmpa","313":"product_tag-hurtownia-a-pihp","314":"product_tag-inrosso-eutylon","315":"product_tag-hurtownia-eutylon","316":"product_tag-wyprzeda-eutylonu","317":"product_tag-wyprzeda-3-mmc-granulki","318":"product_tag-wyprzeda-granulatu-3-mmc","319":"product_tag-wyprzeda-heksedron","320":"product_tag-wyprzeda-heksedronu","321":"product_tag-wyprzeda-heksen","322":"product_tag-wyprzeda-heksw","323":"product_tag-wyprzeda-piguek-3-mmc","324":"product_tag-wyprzeda-3-mmc-piguki","325":"product_tag-boli-do-php","326":"product_tag-zamw-4-cmc-krysztay-online","328":"first","329":"instock","330":"shipping-taxable","331":"purchasable","332":"product-type-variable","333":"has-default-attributes"},"yoast_head":"<!-- This site is optimized with the Yoast SEO plugin v27.3 - https:\/\/yoast.com\/product\/yoast-seo-wordpress\/ -->\n<title>Kup kryszta\u0142 4-chlorometkatynonu (4-CMC HCl) - najlepsze najlepsze globalne leki<\/title>\n<meta name=\"description\" content=\"Kup 4-CMC Crystal &amp; amp; Proszek Online Tanio. Kup 4-CMC Crystal &amp; amp; Proszek luzem 99% czysto\u015bci. Zam\u00f3w 4-chlorometkatynon na sprzeda\u017c w Wielkiej Brytanii, Europie\" \/>\n<meta name=\"robots\" content=\"index, follow, max-snippet:-1, max-image-preview:large, max-video-preview:-1\" \/>\n<link rel=\"canonical\" href=\"https:\/\/medicinasinc.com\/pl\/product\/4-chlorometkatynon-4-cmc-hcl-krysztal\/\" \/>\n<meta property=\"og:locale\" content=\"en_US\" \/>\n<meta property=\"og:type\" content=\"article\" \/>\n<meta property=\"og:title\" content=\"Kup kryszta\u0142 4-chlorometkatynonu (4-CMC HCl) - najlepsze najlepsze globalne leki\" \/>\n<meta property=\"og:description\" content=\"Kup 4-CMC Crystal &amp; amp; Proszek Online Tanio. Kup 4-CMC Crystal &amp; amp; Proszek luzem 99% czysto\u015bci. Zam\u00f3w 4-chlorometkatynon na sprzeda\u017c w Wielkiej Brytanii, Europie\" \/>\n<meta property=\"og:url\" content=\"https:\/\/medicinasinc.com\/pl\/product\/4-chlorometkatynon-4-cmc-hcl-krysztal\/\" \/>\n<meta property=\"og:site_name\" content=\"Medicinas Inc\" \/>\n<meta property=\"article:modified_time\" content=\"2022-03-22T00:57:48+00:00\" \/>\n<meta property=\"og:image\" content=\"https:\/\/medicinasinc.com\/pl\/wp-content\/uploads\/sites\/13\/2022\/02\/buy-4-Chloromethcathinone.jpg\" \/>\n\t<meta property=\"og:image:width\" content=\"2560\" \/>\n\t<meta property=\"og:image:height\" content=\"1887\" \/>\n\t<meta property=\"og:image:type\" content=\"image\/jpeg\" \/>\n<meta name=\"twitter:card\" content=\"summary_large_image\" \/>\n<meta name=\"twitter:label1\" content=\"Est. reading time\" \/>\n\t<meta name=\"twitter:data1\" content=\"2 minutes\" \/>\n<script type=\"application\/ld+json\" class=\"yoast-schema-graph\">{\"@context\":\"https:\\\/\\\/schema.org\",\"@graph\":[{\"@type\":\"WebPage\",\"@id\":\"https:\\\/\\\/medicinasinc.com\\\/pl\\\/product\\\/4-chlorometkatynon-4-cmc-hcl-krysztal\\\/\",\"url\":\"https:\\\/\\\/medicinasinc.com\\\/pl\\\/product\\\/4-chlorometkatynon-4-cmc-hcl-krysztal\\\/\",\"name\":\"Kup kryszta\u0142 4-chlorometkatynonu (4-CMC HCl) - najlepsze najlepsze globalne leki\",\"isPartOf\":{\"@id\":\"https:\\\/\\\/medicinasinc.com\\\/pl\\\/#website\"},\"primaryImageOfPage\":{\"@id\":\"https:\\\/\\\/medicinasinc.com\\\/pl\\\/product\\\/4-chlorometkatynon-4-cmc-hcl-krysztal\\\/#primaryimage\"},\"image\":{\"@id\":\"https:\\\/\\\/medicinasinc.com\\\/pl\\\/product\\\/4-chlorometkatynon-4-cmc-hcl-krysztal\\\/#primaryimage\"},\"thumbnailUrl\":\"https:\\\/\\\/medicinasinc.com\\\/pl\\\/wp-content\\\/uploads\\\/sites\\\/13\\\/2022\\\/02\\\/buy-4-Chloromethcathinone.jpg\",\"datePublished\":\"2022-02-21T21:52:55+00:00\",\"dateModified\":\"2022-03-22T00:57:48+00:00\",\"description\":\"Kup 4-CMC Crystal & amp; Proszek Online Tanio. Kup 4-CMC Crystal & amp; Proszek luzem 99% czysto\u015bci. Zam\u00f3w 4-chlorometkatynon na sprzeda\u017c w Wielkiej Brytanii, Europie\",\"breadcrumb\":{\"@id\":\"https:\\\/\\\/medicinasinc.com\\\/pl\\\/product\\\/4-chlorometkatynon-4-cmc-hcl-krysztal\\\/#breadcrumb\"},\"inLanguage\":\"en-US\",\"potentialAction\":[{\"@type\":\"ReadAction\",\"target\":[\"https:\\\/\\\/medicinasinc.com\\\/pl\\\/product\\\/4-chlorometkatynon-4-cmc-hcl-krysztal\\\/\"]}]},{\"@type\":\"ImageObject\",\"inLanguage\":\"en-US\",\"@id\":\"https:\\\/\\\/medicinasinc.com\\\/pl\\\/product\\\/4-chlorometkatynon-4-cmc-hcl-krysztal\\\/#primaryimage\",\"url\":\"https:\\\/\\\/medicinasinc.com\\\/pl\\\/wp-content\\\/uploads\\\/sites\\\/13\\\/2022\\\/02\\\/buy-4-Chloromethcathinone.jpg\",\"contentUrl\":\"https:\\\/\\\/medicinasinc.com\\\/pl\\\/wp-content\\\/uploads\\\/sites\\\/13\\\/2022\\\/02\\\/buy-4-Chloromethcathinone.jpg\",\"width\":2560,\"height\":1887},{\"@type\":\"BreadcrumbList\",\"@id\":\"https:\\\/\\\/medicinasinc.com\\\/pl\\\/product\\\/4-chlorometkatynon-4-cmc-hcl-krysztal\\\/#breadcrumb\",\"itemListElement\":[{\"@type\":\"ListItem\",\"position\":1,\"name\":\"Sklep\",\"item\":\"https:\\\/\\\/medicinasinc.com\\\/pl\\\/sklep\\\/\"},{\"@type\":\"ListItem\",\"position\":2,\"name\":\"Kryszta\u0142 4-chlorometkatynonu (4-CMC HCl)\"}]},{\"@type\":\"WebSite\",\"@id\":\"https:\\\/\\\/medicinasinc.com\\\/pl\\\/#website\",\"url\":\"https:\\\/\\\/medicinasinc.com\\\/pl\\\/\",\"name\":\"Medicinas Inc\",\"description\":\"Health Medical Clinic\",\"potentialAction\":[{\"@type\":\"SearchAction\",\"target\":{\"@type\":\"EntryPoint\",\"urlTemplate\":\"https:\\\/\\\/medicinasinc.com\\\/pl\\\/?s={search_term_string}\"},\"query-input\":{\"@type\":\"PropertyValueSpecification\",\"valueRequired\":true,\"valueName\":\"search_term_string\"}}],\"inLanguage\":\"en-US\"}]}<\/script>\n<!-- \/ Yoast SEO plugin. -->","yoast_head_json":{"title":"Kup kryszta\u0142 4-chlorometkatynonu (4-CMC HCl) - najlepsze najlepsze globalne leki","description":"Kup 4-CMC Crystal & amp; Proszek Online Tanio. Kup 4-CMC Crystal & amp; Proszek luzem 99% czysto\u015bci. Zam\u00f3w 4-chlorometkatynon na sprzeda\u017c w Wielkiej Brytanii, Europie","robots":{"index":"index","follow":"follow","max-snippet":"max-snippet:-1","max-image-preview":"max-image-preview:large","max-video-preview":"max-video-preview:-1"},"canonical":"https:\/\/medicinasinc.com\/pl\/product\/4-chlorometkatynon-4-cmc-hcl-krysztal\/","og_locale":"en_US","og_type":"article","og_title":"Kup kryszta\u0142 4-chlorometkatynonu (4-CMC HCl) - najlepsze najlepsze globalne leki","og_description":"Kup 4-CMC Crystal & amp; Proszek Online Tanio. Kup 4-CMC Crystal & amp; Proszek luzem 99% czysto\u015bci. Zam\u00f3w 4-chlorometkatynon na sprzeda\u017c w Wielkiej Brytanii, Europie","og_url":"https:\/\/medicinasinc.com\/pl\/product\/4-chlorometkatynon-4-cmc-hcl-krysztal\/","og_site_name":"Medicinas Inc","article_modified_time":"2022-03-22T00:57:48+00:00","og_image":[{"width":2560,"height":1887,"url":"https:\/\/medicinasinc.com\/pl\/wp-content\/uploads\/sites\/13\/2022\/02\/buy-4-Chloromethcathinone.jpg","type":"image\/jpeg"}],"twitter_card":"summary_large_image","twitter_misc":{"Est. reading time":"2 minutes"},"schema":{"@context":"https:\/\/schema.org","@graph":[{"@type":"WebPage","@id":"https:\/\/medicinasinc.com\/pl\/product\/4-chlorometkatynon-4-cmc-hcl-krysztal\/","url":"https:\/\/medicinasinc.com\/pl\/product\/4-chlorometkatynon-4-cmc-hcl-krysztal\/","name":"Kup kryszta\u0142 4-chlorometkatynonu (4-CMC HCl) - najlepsze najlepsze globalne leki","isPartOf":{"@id":"https:\/\/medicinasinc.com\/pl\/#website"},"primaryImageOfPage":{"@id":"https:\/\/medicinasinc.com\/pl\/product\/4-chlorometkatynon-4-cmc-hcl-krysztal\/#primaryimage"},"image":{"@id":"https:\/\/medicinasinc.com\/pl\/product\/4-chlorometkatynon-4-cmc-hcl-krysztal\/#primaryimage"},"thumbnailUrl":"https:\/\/medicinasinc.com\/pl\/wp-content\/uploads\/sites\/13\/2022\/02\/buy-4-Chloromethcathinone.jpg","datePublished":"2022-02-21T21:52:55+00:00","dateModified":"2022-03-22T00:57:48+00:00","description":"Kup 4-CMC Crystal & amp; Proszek Online Tanio. Kup 4-CMC Crystal & amp; Proszek luzem 99% czysto\u015bci. Zam\u00f3w 4-chlorometkatynon na sprzeda\u017c w Wielkiej Brytanii, Europie","breadcrumb":{"@id":"https:\/\/medicinasinc.com\/pl\/product\/4-chlorometkatynon-4-cmc-hcl-krysztal\/#breadcrumb"},"inLanguage":"en-US","potentialAction":[{"@type":"ReadAction","target":["https:\/\/medicinasinc.com\/pl\/product\/4-chlorometkatynon-4-cmc-hcl-krysztal\/"]}]},{"@type":"ImageObject","inLanguage":"en-US","@id":"https:\/\/medicinasinc.com\/pl\/product\/4-chlorometkatynon-4-cmc-hcl-krysztal\/#primaryimage","url":"https:\/\/medicinasinc.com\/pl\/wp-content\/uploads\/sites\/13\/2022\/02\/buy-4-Chloromethcathinone.jpg","contentUrl":"https:\/\/medicinasinc.com\/pl\/wp-content\/uploads\/sites\/13\/2022\/02\/buy-4-Chloromethcathinone.jpg","width":2560,"height":1887},{"@type":"BreadcrumbList","@id":"https:\/\/medicinasinc.com\/pl\/product\/4-chlorometkatynon-4-cmc-hcl-krysztal\/#breadcrumb","itemListElement":[{"@type":"ListItem","position":1,"name":"Sklep","item":"https:\/\/medicinasinc.com\/pl\/sklep\/"},{"@type":"ListItem","position":2,"name":"Kryszta\u0142 4-chlorometkatynonu (4-CMC HCl)"}]},{"@type":"WebSite","@id":"https:\/\/medicinasinc.com\/pl\/#website","url":"https:\/\/medicinasinc.com\/pl\/","name":"Medicinas Inc","description":"Health Medical Clinic","potentialAction":[{"@type":"SearchAction","target":{"@type":"EntryPoint","urlTemplate":"https:\/\/medicinasinc.com\/pl\/?s={search_term_string}"},"query-input":{"@type":"PropertyValueSpecification","valueRequired":true,"valueName":"search_term_string"}}],"inLanguage":"en-US"}]}},"_links":{"self":[{"href":"https:\/\/medicinasinc.com\/pl\/wp-json\/wp\/v2\/product\/5367","targetHints":{"allow":["GET"]}}],"collection":[{"href":"https:\/\/medicinasinc.com\/pl\/wp-json\/wp\/v2\/product"}],"about":[{"href":"https:\/\/medicinasinc.com\/pl\/wp-json\/wp\/v2\/types\/product"}],"replies":[{"embeddable":true,"href":"https:\/\/medicinasinc.com\/pl\/wp-json\/wp\/v2\/comments?post=5367"}],"wp:featuredmedia":[{"embeddable":true,"href":"https:\/\/medicinasinc.com\/pl\/wp-json\/wp\/v2\/media\/5378"}],"wp:attachment":[{"href":"https:\/\/medicinasinc.com\/pl\/wp-json\/wp\/v2\/media?parent=5367"}],"wp:term":[{"taxonomy":"product_brand","embeddable":true,"href":"https:\/\/medicinasinc.com\/pl\/wp-json\/wp\/v2\/product_brand?post=5367"},{"taxonomy":"product_cat","embeddable":true,"href":"https:\/\/medicinasinc.com\/pl\/wp-json\/wp\/v2\/product_cat?post=5367"},{"taxonomy":"product_tag","embeddable":true,"href":"https:\/\/medicinasinc.com\/pl\/wp-json\/wp\/v2\/product_tag?post=5367"}],"curies":[{"name":"wp","href":"https:\/\/api.w.org\/{rel}","templated":true}]}}