{"id":5366,"date":"2022-02-21T21:52:02","date_gmt":"2022-02-21T21:52:02","guid":{"rendered":"https:\/\/medicinasinc.com\/pl\/?post_type=product&#038;p=5366"},"modified":"2022-03-22T00:58:02","modified_gmt":"2022-03-22T00:58:02","slug":"kup-3f-fenmetrazyne","status":"publish","type":"product","link":"https:\/\/medicinasinc.com\/pl\/product\/kup-3f-fenmetrazyne\/","title":{"rendered":"Kup 3F-fenmetrazyn\u0119"},"content":{"rendered":"<p>Co oznacza 3-FPM?<\/p>\n<p>3-FPM jest skr\u00f3tem od 3-fluorofenmetrazyny i oznacza 3-fluorofenmetrazyn\u0119. 3-FPM to substancja chemiczna stosowana w badaniach, kt\u00f3ra ma du\u017c\u0105 moc pobudzania ludzi. 3-FPM jest cz\u0119\u015bci\u0105 klasy chemikali\u00f3w zwanych fenolo-morfolin\u0105 i mo\u017ce zaszkodzi\u0107 twojemu cia\u0142u. Wyniki eksperyment\u00f3w 3-FPM s\u0105 zwykle uwa\u017cane za bardzo podobne lub prawie takie same jak wyniki eksperyment\u00f3w z amfetamin\u0105. Eksperymenty z 3-FPM zwykle pokazuj\u0105, \u017ce ludzie s\u0105 bardziej skoncentrowani i zmotywowani, ich my\u015bli poruszaj\u0105 si\u0119 szybciej i czuj\u0105 si\u0119 szcz\u0119\u015bliwi. Jednak cz\u0119sto m\u00f3wi si\u0119, \u017ce te wyniki s\u0105 mniej intensywne ni\u017c wyniki amfetaminy lub innych lek\u00f3w, kt\u00f3re zwi\u0119kszaj\u0105 czujno\u015b\u0107. Wiele os\u00f3b nie denerwuje si\u0119 ani nie \u015bpi podczas korzystania z 3-FPM.<\/p>\n<p>Gdzie mog\u0119 kupi\u0107 3-FPM?<\/p>\n<p>W Best Globel Med mamy wiele sprzedam bardzo dobry 3-FPM. Nasz 3-FPM jest dost\u0119pny zar\u00f3wno w postaci proszku, jak i granulek, wi\u0119c mo\u017cesz go zdoby\u0107. Nie ma znaczenia, kt\u00f3ry z tych dw\u00f3ch stan\u00f3w chemicznych wolisz. Zapewniamy Ci\u0119.<\/p>\n<p>Mamy na sprzeda\u017c 3-FPM, kt\u00f3ry s\u0142u\u017cy wy\u0142\u0105cznie do bada\u0144, a nie na sprzeda\u017c. Nie nadaje si\u0119 do u\u017cytku w domu. Osoby, kt\u00f3re kupuj\u0105 u nas 3-FPM, musz\u0105 mie\u0107 co najmniej 18 lat i by\u0107 w pe\u0142ni zgodne z prawem swojego kraju.<\/p>\n<p>3-FPM jest legalny.<\/p>\n<p>3-FPM jest nie jest legalne kupowanie, sprzedawanie lub posiadanie w Izraelu, Szwajcarii lub Stanach Zjednoczonych, wi\u0119c nie mo\u017cesz tego zrobi\u0107. W Wielkiej Brytanii uwa\u017ca si\u0119, \u017ce jest podobny do fenmetrazyny, kt\u00f3ra jest lekiem, kt\u00f3ry nie jest bezpieczny dla ludzi.<\/p>\n<p>Ch\u0142odne, suche miejsce jest zawsze najlepsze dla najlepszego okresu przydatno\u015bci do spo\u017cycia. Ten produkt jest przeznaczony wy\u0142\u0105cznie do u\u017cytku kryminalistycznego i badawczego. Nie jest przeznaczony do spo\u017cycia przez ludzi ani do testowania na zwierz\u0119tach ani \u017cadnej innej \u017cywej istocie.<\/p>\n","protected":false},"excerpt":{"rendered":"<div class=\"woocommerce-product-details__short-description\">\n<p>KUP 3-FPM3-FPM (znany r\u00f3wnie\u017c jako 3-fluorofenmetrazyna, 3F-fenmetrazyna i PAL-593) to nowy stymulant na bazie fenylomorfoliny.<\/p>\n<p>3-Fluorofenmetrazyna, znana r\u00f3wnie\u017c jako 3F-fenmetrazyna, PAL-593 i 3-FPM, jest nowym stymulantem klasy fenylomorfoliny.<\/p>\n<p>Kup 3-FPM online<\/p>\n<p>3F-fenmetrazyn\u0119 mo\u017cna kupi\u0107 online.<\/p>\n<p>3F-fenmetrazyna jest dost\u0119pna w postaci krystalicznej lub sproszkowanej bia\u0142ej substancji. 3F-fenmetrazyna jest rozpuszczalna w rozpuszczalnikach organicznych, takich jak metanol, etanol, dimetyloformamid (DMF) i dichlorometan (DCM), kt\u00f3re nale\u017cy przedmucha\u0107 gazem oboj\u0119tnym.<\/p>\n<\/p><\/div>\n","protected":false},"featured_media":5376,"comment_status":"open","ping_status":"closed","template":"","meta":[],"product_brand":[],"product_cat":[2014],"product_tag":[],"class_list":{"0":"post-5366","1":"product","2":"type-product","3":"status-publish","4":"has-post-thumbnail","6":"product_cat-kup-badania-chemikalia","8":"first","9":"instock","10":"shipping-taxable","11":"purchasable","12":"product-type-variable","13":"has-default-attributes"},"yoast_head":"<!-- This site is optimized with the Yoast SEO plugin v27.3 - https:\/\/yoast.com\/product\/yoast-seo-wordpress\/ -->\n<title>Kup 3F-fenmetrazyn\u0119 - najlepsze najlepsze globalne leki<\/title>\n<meta name=\"description\" content=\"KUP 3-FPM3-FPM na sprzeda\u017c (znany r\u00f3wnie\u017c jako 3-Fluorofenmetrazyna, 3F-fenmetrazyna i PAL-593) to nowa substancja pobudzaj\u0105ca z klasy fenylomorfoliny.\" \/>\n<meta name=\"robots\" content=\"index, follow, max-snippet:-1, max-image-preview:large, max-video-preview:-1\" \/>\n<link rel=\"canonical\" href=\"https:\/\/medicinasinc.com\/pl\/product\/kup-3f-fenmetrazyne\/\" \/>\n<meta property=\"og:locale\" content=\"en_US\" \/>\n<meta property=\"og:type\" content=\"article\" \/>\n<meta property=\"og:title\" content=\"Kup 3F-fenmetrazyn\u0119 - najlepsze najlepsze globalne leki\" \/>\n<meta property=\"og:description\" content=\"KUP 3-FPM3-FPM na sprzeda\u017c (znany r\u00f3wnie\u017c jako 3-Fluorofenmetrazyna, 3F-fenmetrazyna i PAL-593) to nowa substancja pobudzaj\u0105ca z klasy fenylomorfoliny.\" \/>\n<meta property=\"og:url\" content=\"https:\/\/medicinasinc.com\/pl\/product\/kup-3f-fenmetrazyne\/\" \/>\n<meta property=\"og:site_name\" content=\"Medicinas Inc\" \/>\n<meta property=\"article:modified_time\" content=\"2022-03-22T00:58:02+00:00\" \/>\n<meta property=\"og:image\" content=\"https:\/\/medicinasinc.com\/pl\/wp-content\/uploads\/sites\/13\/2022\/02\/3fpm.jpg\" \/>\n\t<meta property=\"og:image:width\" content=\"600\" \/>\n\t<meta property=\"og:image:height\" content=\"600\" \/>\n\t<meta property=\"og:image:type\" content=\"image\/jpeg\" \/>\n<meta name=\"twitter:card\" content=\"summary_large_image\" \/>\n<meta name=\"twitter:label1\" content=\"Est. reading time\" \/>\n\t<meta name=\"twitter:data1\" content=\"2 minutes\" \/>\n<script type=\"application\/ld+json\" class=\"yoast-schema-graph\">{\"@context\":\"https:\\\/\\\/schema.org\",\"@graph\":[{\"@type\":\"WebPage\",\"@id\":\"https:\\\/\\\/medicinasinc.com\\\/pl\\\/product\\\/kup-3f-fenmetrazyne\\\/\",\"url\":\"https:\\\/\\\/medicinasinc.com\\\/pl\\\/product\\\/kup-3f-fenmetrazyne\\\/\",\"name\":\"Kup 3F-fenmetrazyn\u0119 - najlepsze najlepsze globalne leki\",\"isPartOf\":{\"@id\":\"https:\\\/\\\/medicinasinc.com\\\/pl\\\/#website\"},\"primaryImageOfPage\":{\"@id\":\"https:\\\/\\\/medicinasinc.com\\\/pl\\\/product\\\/kup-3f-fenmetrazyne\\\/#primaryimage\"},\"image\":{\"@id\":\"https:\\\/\\\/medicinasinc.com\\\/pl\\\/product\\\/kup-3f-fenmetrazyne\\\/#primaryimage\"},\"thumbnailUrl\":\"https:\\\/\\\/medicinasinc.com\\\/pl\\\/wp-content\\\/uploads\\\/sites\\\/13\\\/2022\\\/02\\\/3fpm.jpg\",\"datePublished\":\"2022-02-21T21:52:02+00:00\",\"dateModified\":\"2022-03-22T00:58:02+00:00\",\"description\":\"KUP 3-FPM3-FPM na sprzeda\u017c (znany r\u00f3wnie\u017c jako 3-Fluorofenmetrazyna, 3F-fenmetrazyna i PAL-593) to nowa substancja pobudzaj\u0105ca z klasy fenylomorfoliny.\",\"breadcrumb\":{\"@id\":\"https:\\\/\\\/medicinasinc.com\\\/pl\\\/product\\\/kup-3f-fenmetrazyne\\\/#breadcrumb\"},\"inLanguage\":\"en-US\",\"potentialAction\":[{\"@type\":\"ReadAction\",\"target\":[\"https:\\\/\\\/medicinasinc.com\\\/pl\\\/product\\\/kup-3f-fenmetrazyne\\\/\"]}]},{\"@type\":\"ImageObject\",\"inLanguage\":\"en-US\",\"@id\":\"https:\\\/\\\/medicinasinc.com\\\/pl\\\/product\\\/kup-3f-fenmetrazyne\\\/#primaryimage\",\"url\":\"https:\\\/\\\/medicinasinc.com\\\/pl\\\/wp-content\\\/uploads\\\/sites\\\/13\\\/2022\\\/02\\\/3fpm.jpg\",\"contentUrl\":\"https:\\\/\\\/medicinasinc.com\\\/pl\\\/wp-content\\\/uploads\\\/sites\\\/13\\\/2022\\\/02\\\/3fpm.jpg\",\"width\":600,\"height\":600},{\"@type\":\"BreadcrumbList\",\"@id\":\"https:\\\/\\\/medicinasinc.com\\\/pl\\\/product\\\/kup-3f-fenmetrazyne\\\/#breadcrumb\",\"itemListElement\":[{\"@type\":\"ListItem\",\"position\":1,\"name\":\"Sklep\",\"item\":\"https:\\\/\\\/medicinasinc.com\\\/pl\\\/sklep\\\/\"},{\"@type\":\"ListItem\",\"position\":2,\"name\":\"Kup 3F-fenmetrazyn\u0119\"}]},{\"@type\":\"WebSite\",\"@id\":\"https:\\\/\\\/medicinasinc.com\\\/pl\\\/#website\",\"url\":\"https:\\\/\\\/medicinasinc.com\\\/pl\\\/\",\"name\":\"Medicinas Inc\",\"description\":\"Health Medical Clinic\",\"potentialAction\":[{\"@type\":\"SearchAction\",\"target\":{\"@type\":\"EntryPoint\",\"urlTemplate\":\"https:\\\/\\\/medicinasinc.com\\\/pl\\\/?s={search_term_string}\"},\"query-input\":{\"@type\":\"PropertyValueSpecification\",\"valueRequired\":true,\"valueName\":\"search_term_string\"}}],\"inLanguage\":\"en-US\"}]}<\/script>\n<!-- \/ Yoast SEO plugin. -->","yoast_head_json":{"title":"Kup 3F-fenmetrazyn\u0119 - najlepsze najlepsze globalne leki","description":"KUP 3-FPM3-FPM na sprzeda\u017c (znany r\u00f3wnie\u017c jako 3-Fluorofenmetrazyna, 3F-fenmetrazyna i PAL-593) to nowa substancja pobudzaj\u0105ca z klasy fenylomorfoliny.","robots":{"index":"index","follow":"follow","max-snippet":"max-snippet:-1","max-image-preview":"max-image-preview:large","max-video-preview":"max-video-preview:-1"},"canonical":"https:\/\/medicinasinc.com\/pl\/product\/kup-3f-fenmetrazyne\/","og_locale":"en_US","og_type":"article","og_title":"Kup 3F-fenmetrazyn\u0119 - najlepsze najlepsze globalne leki","og_description":"KUP 3-FPM3-FPM na sprzeda\u017c (znany r\u00f3wnie\u017c jako 3-Fluorofenmetrazyna, 3F-fenmetrazyna i PAL-593) to nowa substancja pobudzaj\u0105ca z klasy fenylomorfoliny.","og_url":"https:\/\/medicinasinc.com\/pl\/product\/kup-3f-fenmetrazyne\/","og_site_name":"Medicinas Inc","article_modified_time":"2022-03-22T00:58:02+00:00","og_image":[{"width":600,"height":600,"url":"https:\/\/medicinasinc.com\/pl\/wp-content\/uploads\/sites\/13\/2022\/02\/3fpm.jpg","type":"image\/jpeg"}],"twitter_card":"summary_large_image","twitter_misc":{"Est. reading time":"2 minutes"},"schema":{"@context":"https:\/\/schema.org","@graph":[{"@type":"WebPage","@id":"https:\/\/medicinasinc.com\/pl\/product\/kup-3f-fenmetrazyne\/","url":"https:\/\/medicinasinc.com\/pl\/product\/kup-3f-fenmetrazyne\/","name":"Kup 3F-fenmetrazyn\u0119 - najlepsze najlepsze globalne leki","isPartOf":{"@id":"https:\/\/medicinasinc.com\/pl\/#website"},"primaryImageOfPage":{"@id":"https:\/\/medicinasinc.com\/pl\/product\/kup-3f-fenmetrazyne\/#primaryimage"},"image":{"@id":"https:\/\/medicinasinc.com\/pl\/product\/kup-3f-fenmetrazyne\/#primaryimage"},"thumbnailUrl":"https:\/\/medicinasinc.com\/pl\/wp-content\/uploads\/sites\/13\/2022\/02\/3fpm.jpg","datePublished":"2022-02-21T21:52:02+00:00","dateModified":"2022-03-22T00:58:02+00:00","description":"KUP 3-FPM3-FPM na sprzeda\u017c (znany r\u00f3wnie\u017c jako 3-Fluorofenmetrazyna, 3F-fenmetrazyna i PAL-593) to nowa substancja pobudzaj\u0105ca z klasy fenylomorfoliny.","breadcrumb":{"@id":"https:\/\/medicinasinc.com\/pl\/product\/kup-3f-fenmetrazyne\/#breadcrumb"},"inLanguage":"en-US","potentialAction":[{"@type":"ReadAction","target":["https:\/\/medicinasinc.com\/pl\/product\/kup-3f-fenmetrazyne\/"]}]},{"@type":"ImageObject","inLanguage":"en-US","@id":"https:\/\/medicinasinc.com\/pl\/product\/kup-3f-fenmetrazyne\/#primaryimage","url":"https:\/\/medicinasinc.com\/pl\/wp-content\/uploads\/sites\/13\/2022\/02\/3fpm.jpg","contentUrl":"https:\/\/medicinasinc.com\/pl\/wp-content\/uploads\/sites\/13\/2022\/02\/3fpm.jpg","width":600,"height":600},{"@type":"BreadcrumbList","@id":"https:\/\/medicinasinc.com\/pl\/product\/kup-3f-fenmetrazyne\/#breadcrumb","itemListElement":[{"@type":"ListItem","position":1,"name":"Sklep","item":"https:\/\/medicinasinc.com\/pl\/sklep\/"},{"@type":"ListItem","position":2,"name":"Kup 3F-fenmetrazyn\u0119"}]},{"@type":"WebSite","@id":"https:\/\/medicinasinc.com\/pl\/#website","url":"https:\/\/medicinasinc.com\/pl\/","name":"Medicinas Inc","description":"Health Medical Clinic","potentialAction":[{"@type":"SearchAction","target":{"@type":"EntryPoint","urlTemplate":"https:\/\/medicinasinc.com\/pl\/?s={search_term_string}"},"query-input":{"@type":"PropertyValueSpecification","valueRequired":true,"valueName":"search_term_string"}}],"inLanguage":"en-US"}]}},"_links":{"self":[{"href":"https:\/\/medicinasinc.com\/pl\/wp-json\/wp\/v2\/product\/5366","targetHints":{"allow":["GET"]}}],"collection":[{"href":"https:\/\/medicinasinc.com\/pl\/wp-json\/wp\/v2\/product"}],"about":[{"href":"https:\/\/medicinasinc.com\/pl\/wp-json\/wp\/v2\/types\/product"}],"replies":[{"embeddable":true,"href":"https:\/\/medicinasinc.com\/pl\/wp-json\/wp\/v2\/comments?post=5366"}],"wp:featuredmedia":[{"embeddable":true,"href":"https:\/\/medicinasinc.com\/pl\/wp-json\/wp\/v2\/media\/5376"}],"wp:attachment":[{"href":"https:\/\/medicinasinc.com\/pl\/wp-json\/wp\/v2\/media?parent=5366"}],"wp:term":[{"taxonomy":"product_brand","embeddable":true,"href":"https:\/\/medicinasinc.com\/pl\/wp-json\/wp\/v2\/product_brand?post=5366"},{"taxonomy":"product_cat","embeddable":true,"href":"https:\/\/medicinasinc.com\/pl\/wp-json\/wp\/v2\/product_cat?post=5366"},{"taxonomy":"product_tag","embeddable":true,"href":"https:\/\/medicinasinc.com\/pl\/wp-json\/wp\/v2\/product_tag?post=5366"}],"curies":[{"name":"wp","href":"https:\/\/api.w.org\/{rel}","templated":true}]}}