{"id":5342,"date":"2022-02-21T21:20:00","date_gmt":"2022-02-21T21:20:00","guid":{"rendered":"https:\/\/medicinasinc.com\/pl\/?post_type=product&#038;p=5342"},"modified":"2022-03-22T00:58:23","modified_gmt":"2022-03-22T00:58:23","slug":"kup-3-fmc-3-fluorometkatynon","status":"publish","type":"product","link":"https:\/\/medicinasinc.com\/pl\/product\/kup-3-fmc-3-fluorometkatynon\/","title":{"rendered":"Kup 3-FMC 3-fluorometkatynon"},"content":{"rendered":"<p><strong>Kup 3-FMC w proszku do cel\u00f3w badawczych<\/strong><\/p>\n<p>SPRAWD\u0179 CHEMIK\u0118 3-FMC W PROSZKU<\/p>\n<p>Kup 3-FMC w proszku luzem.<\/p>\n<p>Z\u0142\u00f3\u017c zam\u00f3wienie online ju\u017c dzi\u015b.<\/p>\n<p>Gwarantowane niskie ceny hurtowe.<\/p>\n<p>Proszek 3-FMC to stymulant sklasyfikowany chemicznie jako fenetylamina, amfetamina i katynon. Jest to izomer strukturalny 4-FMC (flefedron) (RS)<\/p>\n<p>-1-(3-fluorofenyl)<\/p>\n<p>-2-metyloaminopropan-1-on<\/p>\n<p>Tylko do u\u017cycia odczynnik\u00f3w<\/p>\n<p>https:\/\/www.bestglobalmeds.com\/product\/research-chemicals\/3-fmc\/<\/p>\n<div class=\"product-next-previous\">\n<div class=\"product-prev\"><\/div><\/div>\n","protected":false},"excerpt":{"rendered":"<p>Kup 3-FMC Powder Research Chemical na sprzeda\u017c Europa. Kup 3-fluorometkatynon w proszku chemicznym hurtowo luzem. Zam\u00f3w online ju\u017c dzi\u015b.Gwarantowana tania cena hurtowa.<\/p>\n<p><em>Kup 3<\/em>&#8211;<em>FMC<\/em>\u00a0Powder Wielka Brytania, Europa. <em>3<\/em>&#8211;<em>FMC<\/em>\u00a0Proszek na sprzeda\u017c, dost\u0119pny pod mark\u0105 flefedron to designerski lek o w\u0142a\u015bciwo\u015bciach pobudzaj\u0105cych.<\/p>\n","protected":false},"featured_media":5354,"comment_status":"open","ping_status":"closed","template":"","meta":[],"product_brand":[],"product_cat":[2014],"product_tag":[2097,2098,2100,2099],"class_list":{"0":"post-5342","1":"product","2":"type-product","3":"status-publish","4":"has-post-thumbnail","6":"product_cat-kup-badania-chemikalia","7":"product_tag-3-fmc-na-sprzeda","8":"product_tag-buy-3-fmc","9":"product_tag-gdzie-mog-kupi-3-fmc","10":"product_tag-kup-badania-chemikalia","12":"first","13":"instock","14":"shipping-taxable","15":"purchasable","16":"product-type-variable","17":"has-default-attributes"},"yoast_head":"<!-- This site is optimized with the Yoast SEO plugin v27.3 - https:\/\/yoast.com\/product\/yoast-seo-wordpress\/ -->\n<title>Kup 3-FMC 3-Fluorometkatynon - Najlepsze najlepsze leki na \u015bwiecie<\/title>\n<meta name=\"description\" content=\"Kupi\u0119 3-FMC Powder Research Chemical na sprzeda\u017c Europa. Kup 3-fluorometkatynon w proszku chemicznym hurtowo luzem. Zam\u00f3w online ju\u017c dzi\u015b.Gwarantowana tania cena hurtowa.\" \/>\n<meta name=\"robots\" content=\"index, follow, max-snippet:-1, max-image-preview:large, max-video-preview:-1\" \/>\n<link rel=\"canonical\" href=\"https:\/\/medicinasinc.com\/pl\/product\/kup-3-fmc-3-fluorometkatynon\/\" \/>\n<meta property=\"og:locale\" content=\"en_US\" \/>\n<meta property=\"og:type\" content=\"article\" \/>\n<meta property=\"og:title\" content=\"Kup 3-FMC 3-Fluorometkatynon - Najlepsze najlepsze leki na \u015bwiecie\" \/>\n<meta property=\"og:description\" content=\"Kupi\u0119 3-FMC Powder Research Chemical na sprzeda\u017c Europa. Kup 3-fluorometkatynon w proszku chemicznym hurtowo luzem. Zam\u00f3w online ju\u017c dzi\u015b.Gwarantowana tania cena hurtowa.\" \/>\n<meta property=\"og:url\" content=\"https:\/\/medicinasinc.com\/pl\/product\/kup-3-fmc-3-fluorometkatynon\/\" \/>\n<meta property=\"og:site_name\" content=\"Medicinas Inc\" \/>\n<meta property=\"article:modified_time\" content=\"2022-03-22T00:58:23+00:00\" \/>\n<meta property=\"og:image\" content=\"https:\/\/medicinasinc.com\/pl\/wp-content\/uploads\/sites\/13\/2022\/02\/buy-3-FMC.jpg\" \/>\n\t<meta property=\"og:image:width\" content=\"500\" \/>\n\t<meta property=\"og:image:height\" content=\"375\" \/>\n\t<meta property=\"og:image:type\" content=\"image\/jpeg\" \/>\n<meta name=\"twitter:card\" content=\"summary_large_image\" \/>\n<meta name=\"twitter:label1\" content=\"Est. reading time\" \/>\n\t<meta name=\"twitter:data1\" content=\"1 minute\" \/>\n<script type=\"application\/ld+json\" class=\"yoast-schema-graph\">{\"@context\":\"https:\\\/\\\/schema.org\",\"@graph\":[{\"@type\":\"WebPage\",\"@id\":\"https:\\\/\\\/medicinasinc.com\\\/pl\\\/product\\\/kup-3-fmc-3-fluorometkatynon\\\/\",\"url\":\"https:\\\/\\\/medicinasinc.com\\\/pl\\\/product\\\/kup-3-fmc-3-fluorometkatynon\\\/\",\"name\":\"Kup 3-FMC 3-Fluorometkatynon - Najlepsze najlepsze leki na \u015bwiecie\",\"isPartOf\":{\"@id\":\"https:\\\/\\\/medicinasinc.com\\\/pl\\\/#website\"},\"primaryImageOfPage\":{\"@id\":\"https:\\\/\\\/medicinasinc.com\\\/pl\\\/product\\\/kup-3-fmc-3-fluorometkatynon\\\/#primaryimage\"},\"image\":{\"@id\":\"https:\\\/\\\/medicinasinc.com\\\/pl\\\/product\\\/kup-3-fmc-3-fluorometkatynon\\\/#primaryimage\"},\"thumbnailUrl\":\"https:\\\/\\\/medicinasinc.com\\\/pl\\\/wp-content\\\/uploads\\\/sites\\\/13\\\/2022\\\/02\\\/buy-3-FMC.jpg\",\"datePublished\":\"2022-02-21T21:20:00+00:00\",\"dateModified\":\"2022-03-22T00:58:23+00:00\",\"description\":\"Kupi\u0119 3-FMC Powder Research Chemical na sprzeda\u017c Europa. Kup 3-fluorometkatynon w proszku chemicznym hurtowo luzem. Zam\u00f3w online ju\u017c dzi\u015b.Gwarantowana tania cena hurtowa.\",\"breadcrumb\":{\"@id\":\"https:\\\/\\\/medicinasinc.com\\\/pl\\\/product\\\/kup-3-fmc-3-fluorometkatynon\\\/#breadcrumb\"},\"inLanguage\":\"en-US\",\"potentialAction\":[{\"@type\":\"ReadAction\",\"target\":[\"https:\\\/\\\/medicinasinc.com\\\/pl\\\/product\\\/kup-3-fmc-3-fluorometkatynon\\\/\"]}]},{\"@type\":\"ImageObject\",\"inLanguage\":\"en-US\",\"@id\":\"https:\\\/\\\/medicinasinc.com\\\/pl\\\/product\\\/kup-3-fmc-3-fluorometkatynon\\\/#primaryimage\",\"url\":\"https:\\\/\\\/medicinasinc.com\\\/pl\\\/wp-content\\\/uploads\\\/sites\\\/13\\\/2022\\\/02\\\/buy-3-FMC.jpg\",\"contentUrl\":\"https:\\\/\\\/medicinasinc.com\\\/pl\\\/wp-content\\\/uploads\\\/sites\\\/13\\\/2022\\\/02\\\/buy-3-FMC.jpg\",\"width\":500,\"height\":375},{\"@type\":\"BreadcrumbList\",\"@id\":\"https:\\\/\\\/medicinasinc.com\\\/pl\\\/product\\\/kup-3-fmc-3-fluorometkatynon\\\/#breadcrumb\",\"itemListElement\":[{\"@type\":\"ListItem\",\"position\":1,\"name\":\"Sklep\",\"item\":\"https:\\\/\\\/medicinasinc.com\\\/pl\\\/sklep\\\/\"},{\"@type\":\"ListItem\",\"position\":2,\"name\":\"Kup 3-FMC 3-fluorometkatynon\"}]},{\"@type\":\"WebSite\",\"@id\":\"https:\\\/\\\/medicinasinc.com\\\/pl\\\/#website\",\"url\":\"https:\\\/\\\/medicinasinc.com\\\/pl\\\/\",\"name\":\"Medicinas Inc\",\"description\":\"Health Medical Clinic\",\"potentialAction\":[{\"@type\":\"SearchAction\",\"target\":{\"@type\":\"EntryPoint\",\"urlTemplate\":\"https:\\\/\\\/medicinasinc.com\\\/pl\\\/?s={search_term_string}\"},\"query-input\":{\"@type\":\"PropertyValueSpecification\",\"valueRequired\":true,\"valueName\":\"search_term_string\"}}],\"inLanguage\":\"en-US\"}]}<\/script>\n<!-- \/ Yoast SEO plugin. -->","yoast_head_json":{"title":"Kup 3-FMC 3-Fluorometkatynon - Najlepsze najlepsze leki na \u015bwiecie","description":"Kupi\u0119 3-FMC Powder Research Chemical na sprzeda\u017c Europa. Kup 3-fluorometkatynon w proszku chemicznym hurtowo luzem. Zam\u00f3w online ju\u017c dzi\u015b.Gwarantowana tania cena hurtowa.","robots":{"index":"index","follow":"follow","max-snippet":"max-snippet:-1","max-image-preview":"max-image-preview:large","max-video-preview":"max-video-preview:-1"},"canonical":"https:\/\/medicinasinc.com\/pl\/product\/kup-3-fmc-3-fluorometkatynon\/","og_locale":"en_US","og_type":"article","og_title":"Kup 3-FMC 3-Fluorometkatynon - Najlepsze najlepsze leki na \u015bwiecie","og_description":"Kupi\u0119 3-FMC Powder Research Chemical na sprzeda\u017c Europa. Kup 3-fluorometkatynon w proszku chemicznym hurtowo luzem. Zam\u00f3w online ju\u017c dzi\u015b.Gwarantowana tania cena hurtowa.","og_url":"https:\/\/medicinasinc.com\/pl\/product\/kup-3-fmc-3-fluorometkatynon\/","og_site_name":"Medicinas Inc","article_modified_time":"2022-03-22T00:58:23+00:00","og_image":[{"width":500,"height":375,"url":"https:\/\/medicinasinc.com\/pl\/wp-content\/uploads\/sites\/13\/2022\/02\/buy-3-FMC.jpg","type":"image\/jpeg"}],"twitter_card":"summary_large_image","twitter_misc":{"Est. reading time":"1 minute"},"schema":{"@context":"https:\/\/schema.org","@graph":[{"@type":"WebPage","@id":"https:\/\/medicinasinc.com\/pl\/product\/kup-3-fmc-3-fluorometkatynon\/","url":"https:\/\/medicinasinc.com\/pl\/product\/kup-3-fmc-3-fluorometkatynon\/","name":"Kup 3-FMC 3-Fluorometkatynon - Najlepsze najlepsze leki na \u015bwiecie","isPartOf":{"@id":"https:\/\/medicinasinc.com\/pl\/#website"},"primaryImageOfPage":{"@id":"https:\/\/medicinasinc.com\/pl\/product\/kup-3-fmc-3-fluorometkatynon\/#primaryimage"},"image":{"@id":"https:\/\/medicinasinc.com\/pl\/product\/kup-3-fmc-3-fluorometkatynon\/#primaryimage"},"thumbnailUrl":"https:\/\/medicinasinc.com\/pl\/wp-content\/uploads\/sites\/13\/2022\/02\/buy-3-FMC.jpg","datePublished":"2022-02-21T21:20:00+00:00","dateModified":"2022-03-22T00:58:23+00:00","description":"Kupi\u0119 3-FMC Powder Research Chemical na sprzeda\u017c Europa. Kup 3-fluorometkatynon w proszku chemicznym hurtowo luzem. Zam\u00f3w online ju\u017c dzi\u015b.Gwarantowana tania cena hurtowa.","breadcrumb":{"@id":"https:\/\/medicinasinc.com\/pl\/product\/kup-3-fmc-3-fluorometkatynon\/#breadcrumb"},"inLanguage":"en-US","potentialAction":[{"@type":"ReadAction","target":["https:\/\/medicinasinc.com\/pl\/product\/kup-3-fmc-3-fluorometkatynon\/"]}]},{"@type":"ImageObject","inLanguage":"en-US","@id":"https:\/\/medicinasinc.com\/pl\/product\/kup-3-fmc-3-fluorometkatynon\/#primaryimage","url":"https:\/\/medicinasinc.com\/pl\/wp-content\/uploads\/sites\/13\/2022\/02\/buy-3-FMC.jpg","contentUrl":"https:\/\/medicinasinc.com\/pl\/wp-content\/uploads\/sites\/13\/2022\/02\/buy-3-FMC.jpg","width":500,"height":375},{"@type":"BreadcrumbList","@id":"https:\/\/medicinasinc.com\/pl\/product\/kup-3-fmc-3-fluorometkatynon\/#breadcrumb","itemListElement":[{"@type":"ListItem","position":1,"name":"Sklep","item":"https:\/\/medicinasinc.com\/pl\/sklep\/"},{"@type":"ListItem","position":2,"name":"Kup 3-FMC 3-fluorometkatynon"}]},{"@type":"WebSite","@id":"https:\/\/medicinasinc.com\/pl\/#website","url":"https:\/\/medicinasinc.com\/pl\/","name":"Medicinas Inc","description":"Health Medical Clinic","potentialAction":[{"@type":"SearchAction","target":{"@type":"EntryPoint","urlTemplate":"https:\/\/medicinasinc.com\/pl\/?s={search_term_string}"},"query-input":{"@type":"PropertyValueSpecification","valueRequired":true,"valueName":"search_term_string"}}],"inLanguage":"en-US"}]}},"_links":{"self":[{"href":"https:\/\/medicinasinc.com\/pl\/wp-json\/wp\/v2\/product\/5342","targetHints":{"allow":["GET"]}}],"collection":[{"href":"https:\/\/medicinasinc.com\/pl\/wp-json\/wp\/v2\/product"}],"about":[{"href":"https:\/\/medicinasinc.com\/pl\/wp-json\/wp\/v2\/types\/product"}],"replies":[{"embeddable":true,"href":"https:\/\/medicinasinc.com\/pl\/wp-json\/wp\/v2\/comments?post=5342"}],"wp:featuredmedia":[{"embeddable":true,"href":"https:\/\/medicinasinc.com\/pl\/wp-json\/wp\/v2\/media\/5354"}],"wp:attachment":[{"href":"https:\/\/medicinasinc.com\/pl\/wp-json\/wp\/v2\/media?parent=5342"}],"wp:term":[{"taxonomy":"product_brand","embeddable":true,"href":"https:\/\/medicinasinc.com\/pl\/wp-json\/wp\/v2\/product_brand?post=5342"},{"taxonomy":"product_cat","embeddable":true,"href":"https:\/\/medicinasinc.com\/pl\/wp-json\/wp\/v2\/product_cat?post=5342"},{"taxonomy":"product_tag","embeddable":true,"href":"https:\/\/medicinasinc.com\/pl\/wp-json\/wp\/v2\/product_tag?post=5342"}],"curies":[{"name":"wp","href":"https:\/\/api.w.org\/{rel}","templated":true}]}}