{"id":5341,"date":"2022-02-21T21:16:40","date_gmt":"2022-02-21T21:16:40","guid":{"rendered":"https:\/\/medicinasinc.com\/pl\/?post_type=product&#038;p=5341"},"modified":"2022-03-22T00:58:31","modified_gmt":"2022-03-22T00:58:31","slug":"kup-2c-e-badania-chemiczne","status":"publish","type":"product","link":"https:\/\/medicinasinc.com\/pl\/product\/kup-2c-e-badania-chemiczne\/","title":{"rendered":"Kup chemi\u0119 badawcz\u0105 2C-E"},"content":{"rendered":"<p>2C-E Research Chemical mo\u017cna kupi\u0107 online.<\/p>\n<p>2C-E Research Chemical mo\u017cna kupi\u0107 online.<\/p>\n<p>Dostawca 2c e, 2ce research Chemical, 2c e kupuj\u0105cy, 2c e na sprzeda\u017c<\/p>\n<p>Zakup online chemikali\u00f3w badawczych 2C-E<\/p>\n<p>Alexander Shulgin odkrywa lek 2C-E i zdobywa wielu zwolennik\u00f3w.<\/p>\n<p>Zakup online Chemikalia badawcze 2C-E<\/p>\n<p>\u015arodek chemiczny 2C-E (wycieczka) jest cz\u0142onkiem rodziny 2C, kt\u00f3ra obejmuje r\u00f3wnie\u017c 2C-I i 2C-H. 2C-E to zwi\u0105zek halucynogenny pochodz\u0105cy z fenyloetyloaminy. Po serii test\u00f3w badawczych wiemy teraz, \u017ce typowa dawka proszku 2C-E do podawania donosowego nie powinna przekracza\u0107 5 miligram\u00f3w. Niemniej jednak dawka nie powinna przekracza\u0107 oko\u0142o 10-20 miligram\u00f3w przy stosowaniu doustnym. Podaje si\u0119, \u017ce po oko\u0142o 10 minutach wdychania przez nos nast\u0119puje znaczne pieczenie. Shulgin odnosi si\u0119 do 2C-E, razem z meskalin\u0105, 2C-T-2, 2C-B i 2C-T-7, jako \u201emagiczne p\u00f3\u0142 tuzina\u201d w swojej ksi\u0105\u017cce PiHKAL. Zakup online chemikali\u00f3w badawczych 2C-E<\/p>\n<p>2C-E ma nast\u0119puj\u0105ce skutki: przyp\u0142yw energii, wzrost pomys\u0142owo\u015bci, efekt\u00f3w wizualnych i zwi\u0119kszenie dzia\u0142ania. Do tego dochodzi zmiana \u015bwiadomo\u015bci, trudno\u015bci z koncentracj\u0105, przyspiesza puls, mo\u017ce nieco wzrosn\u0105\u0107 temperatura cia\u0142a. Dodatkowo 2C-E powoduje zawroty g\u0142owy, nudno\u015bci, nadwra\u017cliwo\u015b\u0107 na ha\u0142as i panik\u0119. 2C-E do sprzeda\u017cy w Internecie<\/p>\n<p>Czas dzia\u0142ania 2C-E wynosi zwykle od 4 do 9 godzin. Por\u00f3wnuj\u0105c 2C-E z 2C-I podczas test\u00f3w, odkrywamy, \u017ce 2C-E powoduje bardziej zauwa\u017calne skutki wizualne i s\u0142uchowe.<\/p>\n<p>Mo\u017cesz kupi\u0107 2C-E (wycieczk\u0119) na naszej stronie internetowej tylko do bada\u0144 chemicznych i testy laboratoryjne; jednak powiniene\u015b najpierw ustali\u0107, czy ten preparat jest legalny w Twojej lokalizacji. Dostarczamy materia\u0142y wysokiej jako\u015bci.<\/p>\n","protected":false},"excerpt":{"rendered":"<p>&nbsp;<\/p>\n<p>Kup chemi\u0119 badawcz\u0105 2C-E na sprzeda\u017c online w Europie, Wielkiej Brytanii i UE. Kup chemi\u0119 badawcz\u0105 2C-E. S\u00f3l\/proszek 2C-E (4-etylo-2,5-dimetoksy): psychodeliczna amfetamina.<\/p>\n<p><em>Kup 2C<\/em>&#8211;<em>E<\/em> Dostawca zatwierdzony przez chemikalia. Najwy\u017cszej klasy czysto\u015b\u0107, uczciwe ceny, szybka gwarantowana dostawa, polityka zwrot\u00f3w \/ zwrot\u00f3w, \u015bwietna obs\u0142uga klienta.<\/p>\n","protected":false},"featured_media":5352,"comment_status":"open","ping_status":"closed","template":"","meta":[],"product_brand":[],"product_cat":[2014],"product_tag":[2027,2028,2037,2032,2033,2034,2035,2036,2040,2041,2043,2044,2038,2045,2046,2048,2050,2042,2051,2053,2055,2056,2057,2058,2059,2060,2065,2066,2067,2068,2073,2075,2089,2076,2077,2078,2096,2095,2080,2081,2082,2083,2084,2093,2094,2061,2029,2071,2062,2070,2072,2063,2064,2069,2074,2030,2086,2092,2091,2087,2088,2047,2090,2049,2039,2031,2054,2085,2079,2052],"class_list":{"0":"post-5341","1":"product","2":"type-product","3":"status-publish","4":"has-post-thumbnail","6":"product_cat-kup-badania-chemikalia","7":"product_tag-2c-e-kupuj-online","8":"product_tag-2c-e","9":"product_tag-2c-e-dowiadczenie","10":"product_tag-2c-e-drug-test","11":"product_tag-2c-e-effects","12":"product_tag-2c-e-erfahrung","13":"product_tag-2c-e-erowid","14":"product_tag-2c-e-europa","15":"product_tag-2c-e-for-sale-online","16":"product_tag-2c-e-heroic-dose","17":"product_tag-2c-e-kaufen","18":"product_tag-2c-e-kopen","19":"product_tag-2c-e-na-sprzeda","20":"product_tag-2c-e-nederland-kopen-rc","21":"product_tag-2c-e-online","22":"product_tag-2c-e-reddit","23":"product_tag-2c-e-synthesis","24":"product_tag-2c-e-to-psychedelik-fenetyloamina-z-rodziny-2c-to-byo-pierwsze-zsyntetyzowane-przez-aleksandra-shulgina","25":"product_tag-2c-e-wiki","26":"product_tag-2c-e-nbome","27":"product_tag-2c-i","28":"product_tag-2ce-kaufen","29":"product_tag-4-etylo-2","30":"product_tag-4-metylo-2-5-dimetoksyamfetamina","31":"product_tag-5-dimetoksy","32":"product_tag-and-other-psychedelics","33":"product_tag-buy-2c-e-muscle-tension-online","34":"product_tag-buy-2c-e-online","35":"product_tag-buy-2c-e-online-usa","36":"product_tag-buy-2c-e-research-chemical","37":"product_tag-buy-hallucinogenic-drug-2c-e-online","38":"product_tag-buy-research-chemicals-nederland-doc-2c-e-online","39":"product_tag-cena-za-gram-2c-e","40":"product_tag-dmt","41":"product_tag-dmt-nexus-2c-e","42":"product_tag-do-ssris-interfere-with-shrooms","43":"product_tag-gdzie-kupi-2c-i","44":"product_tag-gdzie-mog-kupi-2c-e-online","45":"product_tag-how-to-buy-2c-e-online","46":"product_tag-how-to-buy-2c-i","47":"product_tag-how-to-buy-research-chemicals-online","48":"product_tag-how-to-get-research-chemicals","49":"product_tag-jak-zabra-2c-e-badania-chemikalia","50":"product_tag-jaka-jest-rnica-midzy-2c-i-a-2c-e","51":"product_tag-jaka-jest-warto-uliczna-fiolki-za-2c-e","52":"product_tag-filianka-2c-e","53":"product_tag-2c-e-kubek","54":"product_tag-buy-2c-e2c-online-usa","55":"product_tag-kup-2c-e-4-etylo-2","56":"product_tag-kup-2c-e-z-dostaw-na-nastpny-dzie-eu","57":"product_tag-kup-2c-i","58":"product_tag-kup-2c-e-dawkowanie-online","59":"product_tag-kup-2c-e-lek","60":"product_tag-kup-2c-e-badania-chemikalia-online","61":"product_tag-kup-online-2c-e-badania-chemikalia","62":"product_tag-2c-e-lek","63":"product_tag-meskalina","64":"product_tag-jakie-dokladnie-sa-2c-es-efekty-i-dlaczego-jest-popularny-wsrd-ludzi-uzywajacych-narkotyki","65":"product_tag-najlepsze-miejsce-do-kupowania-2c-i","66":"product_tag-order-2c-e-online","67":"product_tag-order-2c-i","68":"product_tag-2c-e-psychonaut","69":"product_tag-purchase-2c-i","70":"product_tag-2c-e-sprzedaj","71":"product_tag-2c-e-do-sprzeday-pierwiastek-chemiczny","72":"product_tag-2c-e-lek-na-sprzeda","73":"product_tag-dostawca-2c-ef","74":"product_tag-life-boostr-2c-e-rc-dostawca","75":"product_tag-get-2c-e-research-chemia-online","76":"product_tag-2c-i-wikipedia","78":"first","79":"instock","80":"shipping-taxable","81":"purchasable","82":"product-type-variable","83":"has-default-attributes"},"yoast_head":"<!-- This site is optimized with the Yoast SEO plugin v27.3 - https:\/\/yoast.com\/product\/yoast-seo-wordpress\/ -->\n<title>Kup 2C-E Research Chemical - najlepsze najlepsze globalne leki<\/title>\n<meta name=\"description\" content=\"Kup chemi\u0119 badawcz\u0105 2C-E na sprzeda\u017c Online w Europie, Wielkiej Brytanii, UE. Kup chemi\u0119 badawcz\u0105 2C-E. S\u00f3l\/proszek 2C-E (4-etylo-2,5-dimetoksy): psychodeliczna amfetamina.\" \/>\n<meta name=\"robots\" content=\"index, follow, max-snippet:-1, max-image-preview:large, max-video-preview:-1\" \/>\n<link rel=\"canonical\" href=\"https:\/\/medicinasinc.com\/pl\/product\/kup-2c-e-badania-chemiczne\/\" \/>\n<meta property=\"og:locale\" content=\"en_US\" \/>\n<meta property=\"og:type\" content=\"article\" \/>\n<meta property=\"og:title\" content=\"Kup 2C-E Research Chemical - najlepsze najlepsze globalne leki\" \/>\n<meta property=\"og:description\" content=\"Kup chemi\u0119 badawcz\u0105 2C-E na sprzeda\u017c Online w Europie, Wielkiej Brytanii, UE. Kup chemi\u0119 badawcz\u0105 2C-E. S\u00f3l\/proszek 2C-E (4-etylo-2,5-dimetoksy): psychodeliczna amfetamina.\" \/>\n<meta property=\"og:url\" content=\"https:\/\/medicinasinc.com\/pl\/product\/kup-2c-e-badania-chemiczne\/\" \/>\n<meta property=\"og:site_name\" content=\"Medicinas Inc\" \/>\n<meta property=\"article:modified_time\" content=\"2022-03-22T00:58:31+00:00\" \/>\n<meta property=\"og:image\" content=\"https:\/\/medicinasinc.com\/pl\/wp-content\/uploads\/sites\/13\/2022\/02\/Buy-2C-E.jpg\" \/>\n\t<meta property=\"og:image:width\" content=\"234\" \/>\n\t<meta property=\"og:image:height\" content=\"215\" \/>\n\t<meta property=\"og:image:type\" content=\"image\/jpeg\" \/>\n<meta name=\"twitter:card\" content=\"summary_large_image\" \/>\n<meta name=\"twitter:label1\" content=\"Est. reading time\" \/>\n\t<meta name=\"twitter:data1\" content=\"2 minutes\" \/>\n<script type=\"application\/ld+json\" class=\"yoast-schema-graph\">{\"@context\":\"https:\\\/\\\/schema.org\",\"@graph\":[{\"@type\":\"WebPage\",\"@id\":\"https:\\\/\\\/medicinasinc.com\\\/pl\\\/product\\\/kup-2c-e-badania-chemiczne\\\/\",\"url\":\"https:\\\/\\\/medicinasinc.com\\\/pl\\\/product\\\/kup-2c-e-badania-chemiczne\\\/\",\"name\":\"Kup 2C-E Research Chemical - najlepsze najlepsze globalne leki\",\"isPartOf\":{\"@id\":\"https:\\\/\\\/medicinasinc.com\\\/pl\\\/#website\"},\"primaryImageOfPage\":{\"@id\":\"https:\\\/\\\/medicinasinc.com\\\/pl\\\/product\\\/kup-2c-e-badania-chemiczne\\\/#primaryimage\"},\"image\":{\"@id\":\"https:\\\/\\\/medicinasinc.com\\\/pl\\\/product\\\/kup-2c-e-badania-chemiczne\\\/#primaryimage\"},\"thumbnailUrl\":\"https:\\\/\\\/medicinasinc.com\\\/pl\\\/wp-content\\\/uploads\\\/sites\\\/13\\\/2022\\\/02\\\/Buy-2C-E.jpg\",\"datePublished\":\"2022-02-21T21:16:40+00:00\",\"dateModified\":\"2022-03-22T00:58:31+00:00\",\"description\":\"Kup chemi\u0119 badawcz\u0105 2C-E na sprzeda\u017c Online w Europie, Wielkiej Brytanii, UE. Kup chemi\u0119 badawcz\u0105 2C-E. S\u00f3l\\\/proszek 2C-E (4-etylo-2,5-dimetoksy): psychodeliczna amfetamina.\",\"breadcrumb\":{\"@id\":\"https:\\\/\\\/medicinasinc.com\\\/pl\\\/product\\\/kup-2c-e-badania-chemiczne\\\/#breadcrumb\"},\"inLanguage\":\"en-US\",\"potentialAction\":[{\"@type\":\"ReadAction\",\"target\":[\"https:\\\/\\\/medicinasinc.com\\\/pl\\\/product\\\/kup-2c-e-badania-chemiczne\\\/\"]}]},{\"@type\":\"ImageObject\",\"inLanguage\":\"en-US\",\"@id\":\"https:\\\/\\\/medicinasinc.com\\\/pl\\\/product\\\/kup-2c-e-badania-chemiczne\\\/#primaryimage\",\"url\":\"https:\\\/\\\/medicinasinc.com\\\/pl\\\/wp-content\\\/uploads\\\/sites\\\/13\\\/2022\\\/02\\\/Buy-2C-E.jpg\",\"contentUrl\":\"https:\\\/\\\/medicinasinc.com\\\/pl\\\/wp-content\\\/uploads\\\/sites\\\/13\\\/2022\\\/02\\\/Buy-2C-E.jpg\",\"width\":234,\"height\":215},{\"@type\":\"BreadcrumbList\",\"@id\":\"https:\\\/\\\/medicinasinc.com\\\/pl\\\/product\\\/kup-2c-e-badania-chemiczne\\\/#breadcrumb\",\"itemListElement\":[{\"@type\":\"ListItem\",\"position\":1,\"name\":\"Sklep\",\"item\":\"https:\\\/\\\/medicinasinc.com\\\/pl\\\/sklep\\\/\"},{\"@type\":\"ListItem\",\"position\":2,\"name\":\"Kup chemi\u0119 badawcz\u0105 2C-E\"}]},{\"@type\":\"WebSite\",\"@id\":\"https:\\\/\\\/medicinasinc.com\\\/pl\\\/#website\",\"url\":\"https:\\\/\\\/medicinasinc.com\\\/pl\\\/\",\"name\":\"Medicinas Inc\",\"description\":\"Health Medical Clinic\",\"potentialAction\":[{\"@type\":\"SearchAction\",\"target\":{\"@type\":\"EntryPoint\",\"urlTemplate\":\"https:\\\/\\\/medicinasinc.com\\\/pl\\\/?s={search_term_string}\"},\"query-input\":{\"@type\":\"PropertyValueSpecification\",\"valueRequired\":true,\"valueName\":\"search_term_string\"}}],\"inLanguage\":\"en-US\"}]}<\/script>\n<!-- \/ Yoast SEO plugin. -->","yoast_head_json":{"title":"Kup 2C-E Research Chemical - najlepsze najlepsze globalne leki","description":"Kup chemi\u0119 badawcz\u0105 2C-E na sprzeda\u017c Online w Europie, Wielkiej Brytanii, UE. Kup chemi\u0119 badawcz\u0105 2C-E. S\u00f3l\/proszek 2C-E (4-etylo-2,5-dimetoksy): psychodeliczna amfetamina.","robots":{"index":"index","follow":"follow","max-snippet":"max-snippet:-1","max-image-preview":"max-image-preview:large","max-video-preview":"max-video-preview:-1"},"canonical":"https:\/\/medicinasinc.com\/pl\/product\/kup-2c-e-badania-chemiczne\/","og_locale":"en_US","og_type":"article","og_title":"Kup 2C-E Research Chemical - najlepsze najlepsze globalne leki","og_description":"Kup chemi\u0119 badawcz\u0105 2C-E na sprzeda\u017c Online w Europie, Wielkiej Brytanii, UE. Kup chemi\u0119 badawcz\u0105 2C-E. S\u00f3l\/proszek 2C-E (4-etylo-2,5-dimetoksy): psychodeliczna amfetamina.","og_url":"https:\/\/medicinasinc.com\/pl\/product\/kup-2c-e-badania-chemiczne\/","og_site_name":"Medicinas Inc","article_modified_time":"2022-03-22T00:58:31+00:00","og_image":[{"width":234,"height":215,"url":"https:\/\/medicinasinc.com\/pl\/wp-content\/uploads\/sites\/13\/2022\/02\/Buy-2C-E.jpg","type":"image\/jpeg"}],"twitter_card":"summary_large_image","twitter_misc":{"Est. reading time":"2 minutes"},"schema":{"@context":"https:\/\/schema.org","@graph":[{"@type":"WebPage","@id":"https:\/\/medicinasinc.com\/pl\/product\/kup-2c-e-badania-chemiczne\/","url":"https:\/\/medicinasinc.com\/pl\/product\/kup-2c-e-badania-chemiczne\/","name":"Kup 2C-E Research Chemical - najlepsze najlepsze globalne leki","isPartOf":{"@id":"https:\/\/medicinasinc.com\/pl\/#website"},"primaryImageOfPage":{"@id":"https:\/\/medicinasinc.com\/pl\/product\/kup-2c-e-badania-chemiczne\/#primaryimage"},"image":{"@id":"https:\/\/medicinasinc.com\/pl\/product\/kup-2c-e-badania-chemiczne\/#primaryimage"},"thumbnailUrl":"https:\/\/medicinasinc.com\/pl\/wp-content\/uploads\/sites\/13\/2022\/02\/Buy-2C-E.jpg","datePublished":"2022-02-21T21:16:40+00:00","dateModified":"2022-03-22T00:58:31+00:00","description":"Kup chemi\u0119 badawcz\u0105 2C-E na sprzeda\u017c Online w Europie, Wielkiej Brytanii, UE. Kup chemi\u0119 badawcz\u0105 2C-E. S\u00f3l\/proszek 2C-E (4-etylo-2,5-dimetoksy): psychodeliczna amfetamina.","breadcrumb":{"@id":"https:\/\/medicinasinc.com\/pl\/product\/kup-2c-e-badania-chemiczne\/#breadcrumb"},"inLanguage":"en-US","potentialAction":[{"@type":"ReadAction","target":["https:\/\/medicinasinc.com\/pl\/product\/kup-2c-e-badania-chemiczne\/"]}]},{"@type":"ImageObject","inLanguage":"en-US","@id":"https:\/\/medicinasinc.com\/pl\/product\/kup-2c-e-badania-chemiczne\/#primaryimage","url":"https:\/\/medicinasinc.com\/pl\/wp-content\/uploads\/sites\/13\/2022\/02\/Buy-2C-E.jpg","contentUrl":"https:\/\/medicinasinc.com\/pl\/wp-content\/uploads\/sites\/13\/2022\/02\/Buy-2C-E.jpg","width":234,"height":215},{"@type":"BreadcrumbList","@id":"https:\/\/medicinasinc.com\/pl\/product\/kup-2c-e-badania-chemiczne\/#breadcrumb","itemListElement":[{"@type":"ListItem","position":1,"name":"Sklep","item":"https:\/\/medicinasinc.com\/pl\/sklep\/"},{"@type":"ListItem","position":2,"name":"Kup chemi\u0119 badawcz\u0105 2C-E"}]},{"@type":"WebSite","@id":"https:\/\/medicinasinc.com\/pl\/#website","url":"https:\/\/medicinasinc.com\/pl\/","name":"Medicinas Inc","description":"Health Medical Clinic","potentialAction":[{"@type":"SearchAction","target":{"@type":"EntryPoint","urlTemplate":"https:\/\/medicinasinc.com\/pl\/?s={search_term_string}"},"query-input":{"@type":"PropertyValueSpecification","valueRequired":true,"valueName":"search_term_string"}}],"inLanguage":"en-US"}]}},"_links":{"self":[{"href":"https:\/\/medicinasinc.com\/pl\/wp-json\/wp\/v2\/product\/5341","targetHints":{"allow":["GET"]}}],"collection":[{"href":"https:\/\/medicinasinc.com\/pl\/wp-json\/wp\/v2\/product"}],"about":[{"href":"https:\/\/medicinasinc.com\/pl\/wp-json\/wp\/v2\/types\/product"}],"replies":[{"embeddable":true,"href":"https:\/\/medicinasinc.com\/pl\/wp-json\/wp\/v2\/comments?post=5341"}],"wp:featuredmedia":[{"embeddable":true,"href":"https:\/\/medicinasinc.com\/pl\/wp-json\/wp\/v2\/media\/5352"}],"wp:attachment":[{"href":"https:\/\/medicinasinc.com\/pl\/wp-json\/wp\/v2\/media?parent=5341"}],"wp:term":[{"taxonomy":"product_brand","embeddable":true,"href":"https:\/\/medicinasinc.com\/pl\/wp-json\/wp\/v2\/product_brand?post=5341"},{"taxonomy":"product_cat","embeddable":true,"href":"https:\/\/medicinasinc.com\/pl\/wp-json\/wp\/v2\/product_cat?post=5341"},{"taxonomy":"product_tag","embeddable":true,"href":"https:\/\/medicinasinc.com\/pl\/wp-json\/wp\/v2\/product_tag?post=5341"}],"curies":[{"name":"wp","href":"https:\/\/api.w.org\/{rel}","templated":true}]}}