{"id":5340,"date":"2022-02-21T21:15:28","date_gmt":"2022-02-21T21:15:28","guid":{"rendered":"https:\/\/medicinasinc.com\/pl\/?post_type=product&#038;p=5340"},"modified":"2022-03-22T00:58:43","modified_gmt":"2022-03-22T00:58:43","slug":"kup-2-mppp-online","status":"publish","type":"product","link":"https:\/\/medicinasinc.com\/pl\/product\/kup-2-mppp-online\/","title":{"rendered":"Kup 2-MPPP online"},"content":{"rendered":"<p>Kup 2-MPPP online<\/p>\n<p>Kup 2-MPPP online<\/p>\n<p>2-metylo-1-fenylo-3-(piperydyn-1-yl)<\/p>\n<p>Propan-1-on jest strukturalnie pokrewn\u0105 substancj\u0105 chemiczn\u0105 do 2-aminopropan-1-onu, z wyj\u0105tkiem tego, \u017ce azot jest zwi\u0105zany z w\u0119glem na trzeciej pozycji. Fizjologiczne i toksykologiczne dzia\u0142anie tego zwi\u0105zku nie zosta\u0142o zbadane.<\/p>\n<p>2-metylo-1-fenylo-3-(piperydyn-1-yl)<\/p>\n<p>Mo\u017cna stosowa\u0107 propan-1-on jako pr\u00f3bka referencyjna dla badaczy wykonuj\u0105cych chromatografi\u0119 gazow\u0105\/spektrometri\u0119 mas (GC\/MS), spektroskopi\u0119 w podczerwieni z transformacj\u0105 Fouriera (FTIR) lub analizy magnetycznego rezonansu j\u0105drowego (NMR).<\/p>\n<p>Procedury w laboratorium<\/p>\n<p>Zalecamy przechowywanie 2-metylo-1-fenylo-3-(piperydyn-1-ylo)propan-1-onu w temperaturze -20\u00b0C do d\u0142ugotrwa\u0142ego przechowywania. Powinien pozosta\u0107 stabilny przez co najmniej dwa lata.<\/p>\n<p>Dostarczono bia\u0142\u0105 krystaliczn\u0105 substancj\u0119 2-metylo-1-fenylo-3-(piperydyn-1-ylo)propan-1-on. 2-metylo-1-fenylo-3-(piperydyn-1-ylo)propan-1-on jest rozpuszczalny w rozpuszczalnikach organicznych, takich jak metanol, dimetylosulfotlenek (DMSO) i dichlorometan (DCM), kt\u00f3re nale\u017cy przedmucha\u0107 oboj\u0119tnym gaz przed u\u017cyciem. 2-metylo-1-fenylo-3-(piperydyn-1-ylo)propan-1-on rozpuszcza si\u0119 przy oko\u0142o 22 mg\/ml w etanolu i DMF oraz przy oko\u0142o 15 mg\/ml w DMSO.<\/p>\n<p> Przed wykonaniem test\u00f3w nale\u017cy wykona\u0107 dalsze rozcie\u0144czenia roztworu podstawowego w buforach wodnych lub izotonicznej soli fizjologicznej. Upewnij si\u0119, \u017ce nie ma pozosta\u0142o\u015bci rozpuszczalnika organicznego, poniewa\u017c rozpuszczalniki organiczne mog\u0105 mie\u0107 konsekwencje fizjologiczne przy niskich st\u0119\u017ceniach. Wodne roztwory organiczne wolne od rozpuszczalnik\u00f3w Krystaliczny sta\u0142y 2-metylo-1-fenylo-3-(piperydyn-1-ylo)propan-1-on mo\u017cna wytwarza\u0107 natychmiast w wodnych buforach. 2-metylo-1-fenylo-3-(piperydyn-1-ylo)propan-1-on rozpuszcza si\u0119 z rozpuszczalno\u015bci\u0105 oko\u0142o 11 mg\/ml w PBS, pH 6,4. Nie zalecamy przechowywania roztworu wodnego w lod\u00f3wce d\u0142u\u017cej ni\u017c jeden dzie\u0144.<\/p>\n<div id=\"wb_Text13\"><strong>Dane techniczne<\/strong><\/div>\n<table id=\"Tabela1\" cellpadding=\"0\">\n<tbody>\n<tr>\n<td class=\"cell0\">Synonimy<\/td>\n<td class=\"cell1\">2-MPPP<\/td>\n<\/tr>\n<tr>\n<td class=\"cell2\">IUPAC<\/td>\n<td class=\"cell3\">2-metylo-1-fenylo-3-(piperydyn-1-ylo)propan-1-on<\/td>\n<\/tr>\n<tr>\n<td class=\"cell0\">PubChem<\/td>\n<td class=\"cell1\">Nie dotyczy<\/td>\n<\/tr>\n<tr>\n<td class=\"cell4\">Numer sprawy<\/td>\n<td class=\"cell5\">Nie dotyczy<\/td>\n<\/tr>\n<tr>\n<td class=\"cell0\">Wz\u00f3r molekularny<\/td>\n<td class=\"cell1\">C15H21NIE<\/td>\n<\/tr>\n<tr>\n<td class=\"cell0\">Czysto\u015b\u0107<\/td>\n<td class=\"cell1\">99%<\/td>\n<\/tr>\n<tr>\n<td class=\"cell0\">Forum \/ Wygl\u0105d<\/td>\n<td class=\"cell1\">Bia\u0142y kryszta\u0142 w proszku<\/td>\n<\/tr>\n<\/tbody>\n<\/table>\n<p><strong>Bibliografia<\/strong><\/p>\n<p>Indyjski dziennik chemii, 1981, t. 20 B, nr 4, s. 303 \u2013 307<\/p>\n<p>Rumiany; Buckley<br \/> Journal of the American Chemical Society, 1950, t. 72, s. 718 719<\/p>\n<p>Kjaer; Petersen<br \/> Acta Chemica Scandinavica (1947-1973), 1951, t. 5, s. 1145,1148<\/p>\n<p>Nasarow; Tscherkasowa<br \/> Zhurnal Obshchei Chimii, 1958 , t. 28, s. 122,124, 125<\/p>\n<div class=\"product-next-previous\">\n<div class=\"product-prev\"><\/div><\/div>\n","protected":false},"excerpt":{"rendered":"<div class=\"woocommerce-product-details__short-description\">\n<p>Kup 2-MPPP online. Kup 2-MPPP online w bestglobalmeds.com &#8211; 2-metylo-1-fenylo-3-(piperydyn-1-ylo)propan-1-on, bia\u0142y kryszta\u0142owy proszek 2mpp na sprzeda\u017c. mamy r\u00f3wnie\u017c najlepsz\u0105 jako\u015b\u0107 i najlepsze ceny.<\/p>\n<p><em>Kup 2<\/em>&#8211;<em>MPPP Online<\/em> w licencjonowanej drogerii Best Global Meds. W sprzeda\u017cy posiadamy szerok\u0105 gam\u0119 lek\u00f3w. Dostawa na ca\u0142y \u015bwiat!<\/p>\n<\/p><\/div>\n","protected":false},"featured_media":5350,"comment_status":"open","ping_status":"closed","template":"","meta":[],"product_brand":[],"product_cat":[2014],"product_tag":[],"class_list":{"0":"post-5340","1":"product","2":"type-product","3":"status-publish","4":"has-post-thumbnail","6":"product_cat-kup-badania-chemikalia","8":"first","9":"instock","10":"shipping-taxable","11":"purchasable","12":"product-type-variable"},"yoast_head":"<!-- This site is optimized with the Yoast SEO plugin v27.3 - https:\/\/yoast.com\/product\/yoast-seo-wordpress\/ -->\n<title>Kup 2-MPPP online - Najlepsze najlepsze globalne leki<\/title>\n<meta name=\"description\" content=\"Kup 2-MPPP online. Kup 2-MPPP online w bestglobalmeds.com - 2-metylo-1-fenylo-3-(piperydyn-1-ylo)propan-1-on, bia\u0142y kryszta\u0142owy proszek 2mpp na sprzeda\u017c. mamy najlepsz\u0105 jako\u015b\u0107 i najlepsze ceny\" \/>\n<meta name=\"robots\" content=\"index, follow, max-snippet:-1, max-image-preview:large, max-video-preview:-1\" \/>\n<link rel=\"canonical\" href=\"https:\/\/medicinasinc.com\/pl\/product\/kup-2-mppp-online\/\" \/>\n<meta property=\"og:locale\" content=\"en_US\" \/>\n<meta property=\"og:type\" content=\"article\" \/>\n<meta property=\"og:title\" content=\"Kup 2-MPPP online - Najlepsze najlepsze globalne leki\" \/>\n<meta property=\"og:description\" content=\"Kup 2-MPPP online. Kup 2-MPPP online w bestglobalmeds.com - 2-metylo-1-fenylo-3-(piperydyn-1-ylo)propan-1-on, bia\u0142y kryszta\u0142owy proszek 2mpp na sprzeda\u017c. mamy najlepsz\u0105 jako\u015b\u0107 i najlepsze ceny\" \/>\n<meta property=\"og:url\" content=\"https:\/\/medicinasinc.com\/pl\/product\/kup-2-mppp-online\/\" \/>\n<meta property=\"og:site_name\" content=\"Medicinas Inc\" \/>\n<meta property=\"article:modified_time\" content=\"2022-03-22T00:58:43+00:00\" \/>\n<meta property=\"og:image\" content=\"https:\/\/medicinasinc.com\/pl\/wp-content\/uploads\/sites\/13\/2022\/02\/2mppp.jpg\" \/>\n\t<meta property=\"og:image:width\" content=\"600\" \/>\n\t<meta property=\"og:image:height\" content=\"600\" \/>\n\t<meta property=\"og:image:type\" content=\"image\/jpeg\" \/>\n<meta name=\"twitter:card\" content=\"summary_large_image\" \/>\n<meta name=\"twitter:label1\" content=\"Est. reading time\" \/>\n\t<meta name=\"twitter:data1\" content=\"2 minutes\" \/>\n<script type=\"application\/ld+json\" class=\"yoast-schema-graph\">{\"@context\":\"https:\\\/\\\/schema.org\",\"@graph\":[{\"@type\":\"WebPage\",\"@id\":\"https:\\\/\\\/medicinasinc.com\\\/pl\\\/product\\\/kup-2-mppp-online\\\/\",\"url\":\"https:\\\/\\\/medicinasinc.com\\\/pl\\\/product\\\/kup-2-mppp-online\\\/\",\"name\":\"Kup 2-MPPP online - Najlepsze najlepsze globalne leki\",\"isPartOf\":{\"@id\":\"https:\\\/\\\/medicinasinc.com\\\/pl\\\/#website\"},\"primaryImageOfPage\":{\"@id\":\"https:\\\/\\\/medicinasinc.com\\\/pl\\\/product\\\/kup-2-mppp-online\\\/#primaryimage\"},\"image\":{\"@id\":\"https:\\\/\\\/medicinasinc.com\\\/pl\\\/product\\\/kup-2-mppp-online\\\/#primaryimage\"},\"thumbnailUrl\":\"https:\\\/\\\/medicinasinc.com\\\/pl\\\/wp-content\\\/uploads\\\/sites\\\/13\\\/2022\\\/02\\\/2mppp.jpg\",\"datePublished\":\"2022-02-21T21:15:28+00:00\",\"dateModified\":\"2022-03-22T00:58:43+00:00\",\"description\":\"Kup 2-MPPP online. Kup 2-MPPP online w bestglobalmeds.com - 2-metylo-1-fenylo-3-(piperydyn-1-ylo)propan-1-on, bia\u0142y kryszta\u0142owy proszek 2mpp na sprzeda\u017c. mamy najlepsz\u0105 jako\u015b\u0107 i najlepsze ceny\",\"breadcrumb\":{\"@id\":\"https:\\\/\\\/medicinasinc.com\\\/pl\\\/product\\\/kup-2-mppp-online\\\/#breadcrumb\"},\"inLanguage\":\"en-US\",\"potentialAction\":[{\"@type\":\"ReadAction\",\"target\":[\"https:\\\/\\\/medicinasinc.com\\\/pl\\\/product\\\/kup-2-mppp-online\\\/\"]}]},{\"@type\":\"ImageObject\",\"inLanguage\":\"en-US\",\"@id\":\"https:\\\/\\\/medicinasinc.com\\\/pl\\\/product\\\/kup-2-mppp-online\\\/#primaryimage\",\"url\":\"https:\\\/\\\/medicinasinc.com\\\/pl\\\/wp-content\\\/uploads\\\/sites\\\/13\\\/2022\\\/02\\\/2mppp.jpg\",\"contentUrl\":\"https:\\\/\\\/medicinasinc.com\\\/pl\\\/wp-content\\\/uploads\\\/sites\\\/13\\\/2022\\\/02\\\/2mppp.jpg\",\"width\":600,\"height\":600},{\"@type\":\"BreadcrumbList\",\"@id\":\"https:\\\/\\\/medicinasinc.com\\\/pl\\\/product\\\/kup-2-mppp-online\\\/#breadcrumb\",\"itemListElement\":[{\"@type\":\"ListItem\",\"position\":1,\"name\":\"Sklep\",\"item\":\"https:\\\/\\\/medicinasinc.com\\\/pl\\\/sklep\\\/\"},{\"@type\":\"ListItem\",\"position\":2,\"name\":\"Kup 2-MPPP online\"}]},{\"@type\":\"WebSite\",\"@id\":\"https:\\\/\\\/medicinasinc.com\\\/pl\\\/#website\",\"url\":\"https:\\\/\\\/medicinasinc.com\\\/pl\\\/\",\"name\":\"Medicinas Inc\",\"description\":\"Health Medical Clinic\",\"potentialAction\":[{\"@type\":\"SearchAction\",\"target\":{\"@type\":\"EntryPoint\",\"urlTemplate\":\"https:\\\/\\\/medicinasinc.com\\\/pl\\\/?s={search_term_string}\"},\"query-input\":{\"@type\":\"PropertyValueSpecification\",\"valueRequired\":true,\"valueName\":\"search_term_string\"}}],\"inLanguage\":\"en-US\"}]}<\/script>\n<!-- \/ Yoast SEO plugin. -->","yoast_head_json":{"title":"Kup 2-MPPP online - Najlepsze najlepsze globalne leki","description":"Kup 2-MPPP online. Kup 2-MPPP online w bestglobalmeds.com - 2-metylo-1-fenylo-3-(piperydyn-1-ylo)propan-1-on, bia\u0142y kryszta\u0142owy proszek 2mpp na sprzeda\u017c. mamy najlepsz\u0105 jako\u015b\u0107 i najlepsze ceny","robots":{"index":"index","follow":"follow","max-snippet":"max-snippet:-1","max-image-preview":"max-image-preview:large","max-video-preview":"max-video-preview:-1"},"canonical":"https:\/\/medicinasinc.com\/pl\/product\/kup-2-mppp-online\/","og_locale":"en_US","og_type":"article","og_title":"Kup 2-MPPP online - Najlepsze najlepsze globalne leki","og_description":"Kup 2-MPPP online. Kup 2-MPPP online w bestglobalmeds.com - 2-metylo-1-fenylo-3-(piperydyn-1-ylo)propan-1-on, bia\u0142y kryszta\u0142owy proszek 2mpp na sprzeda\u017c. mamy najlepsz\u0105 jako\u015b\u0107 i najlepsze ceny","og_url":"https:\/\/medicinasinc.com\/pl\/product\/kup-2-mppp-online\/","og_site_name":"Medicinas Inc","article_modified_time":"2022-03-22T00:58:43+00:00","og_image":[{"width":600,"height":600,"url":"https:\/\/medicinasinc.com\/pl\/wp-content\/uploads\/sites\/13\/2022\/02\/2mppp.jpg","type":"image\/jpeg"}],"twitter_card":"summary_large_image","twitter_misc":{"Est. reading time":"2 minutes"},"schema":{"@context":"https:\/\/schema.org","@graph":[{"@type":"WebPage","@id":"https:\/\/medicinasinc.com\/pl\/product\/kup-2-mppp-online\/","url":"https:\/\/medicinasinc.com\/pl\/product\/kup-2-mppp-online\/","name":"Kup 2-MPPP online - Najlepsze najlepsze globalne leki","isPartOf":{"@id":"https:\/\/medicinasinc.com\/pl\/#website"},"primaryImageOfPage":{"@id":"https:\/\/medicinasinc.com\/pl\/product\/kup-2-mppp-online\/#primaryimage"},"image":{"@id":"https:\/\/medicinasinc.com\/pl\/product\/kup-2-mppp-online\/#primaryimage"},"thumbnailUrl":"https:\/\/medicinasinc.com\/pl\/wp-content\/uploads\/sites\/13\/2022\/02\/2mppp.jpg","datePublished":"2022-02-21T21:15:28+00:00","dateModified":"2022-03-22T00:58:43+00:00","description":"Kup 2-MPPP online. Kup 2-MPPP online w bestglobalmeds.com - 2-metylo-1-fenylo-3-(piperydyn-1-ylo)propan-1-on, bia\u0142y kryszta\u0142owy proszek 2mpp na sprzeda\u017c. mamy najlepsz\u0105 jako\u015b\u0107 i najlepsze ceny","breadcrumb":{"@id":"https:\/\/medicinasinc.com\/pl\/product\/kup-2-mppp-online\/#breadcrumb"},"inLanguage":"en-US","potentialAction":[{"@type":"ReadAction","target":["https:\/\/medicinasinc.com\/pl\/product\/kup-2-mppp-online\/"]}]},{"@type":"ImageObject","inLanguage":"en-US","@id":"https:\/\/medicinasinc.com\/pl\/product\/kup-2-mppp-online\/#primaryimage","url":"https:\/\/medicinasinc.com\/pl\/wp-content\/uploads\/sites\/13\/2022\/02\/2mppp.jpg","contentUrl":"https:\/\/medicinasinc.com\/pl\/wp-content\/uploads\/sites\/13\/2022\/02\/2mppp.jpg","width":600,"height":600},{"@type":"BreadcrumbList","@id":"https:\/\/medicinasinc.com\/pl\/product\/kup-2-mppp-online\/#breadcrumb","itemListElement":[{"@type":"ListItem","position":1,"name":"Sklep","item":"https:\/\/medicinasinc.com\/pl\/sklep\/"},{"@type":"ListItem","position":2,"name":"Kup 2-MPPP online"}]},{"@type":"WebSite","@id":"https:\/\/medicinasinc.com\/pl\/#website","url":"https:\/\/medicinasinc.com\/pl\/","name":"Medicinas Inc","description":"Health Medical Clinic","potentialAction":[{"@type":"SearchAction","target":{"@type":"EntryPoint","urlTemplate":"https:\/\/medicinasinc.com\/pl\/?s={search_term_string}"},"query-input":{"@type":"PropertyValueSpecification","valueRequired":true,"valueName":"search_term_string"}}],"inLanguage":"en-US"}]}},"_links":{"self":[{"href":"https:\/\/medicinasinc.com\/pl\/wp-json\/wp\/v2\/product\/5340","targetHints":{"allow":["GET"]}}],"collection":[{"href":"https:\/\/medicinasinc.com\/pl\/wp-json\/wp\/v2\/product"}],"about":[{"href":"https:\/\/medicinasinc.com\/pl\/wp-json\/wp\/v2\/types\/product"}],"replies":[{"embeddable":true,"href":"https:\/\/medicinasinc.com\/pl\/wp-json\/wp\/v2\/comments?post=5340"}],"wp:featuredmedia":[{"embeddable":true,"href":"https:\/\/medicinasinc.com\/pl\/wp-json\/wp\/v2\/media\/5350"}],"wp:attachment":[{"href":"https:\/\/medicinasinc.com\/pl\/wp-json\/wp\/v2\/media?parent=5340"}],"wp:term":[{"taxonomy":"product_brand","embeddable":true,"href":"https:\/\/medicinasinc.com\/pl\/wp-json\/wp\/v2\/product_brand?post=5340"},{"taxonomy":"product_cat","embeddable":true,"href":"https:\/\/medicinasinc.com\/pl\/wp-json\/wp\/v2\/product_cat?post=5340"},{"taxonomy":"product_tag","embeddable":true,"href":"https:\/\/medicinasinc.com\/pl\/wp-json\/wp\/v2\/product_tag?post=5340"}],"curies":[{"name":"wp","href":"https:\/\/api.w.org\/{rel}","templated":true}]}}