{"id":5332,"date":"2022-02-21T21:05:55","date_gmt":"2022-02-21T21:05:55","guid":{"rendered":"https:\/\/medicinasinc.com\/pl\/?post_type=product&#038;p=5332"},"modified":"2022-03-22T00:58:52","modified_gmt":"2022-03-22T00:58:52","slug":"kup-chlorowodorek-2-fma-2-fluorometamfetaminy","status":"publish","type":"product","link":"https:\/\/medicinasinc.com\/pl\/product\/kup-chlorowodorek-2-fma-2-fluorometamfetaminy\/","title":{"rendered":"Kup 2-FMA 2-Fluorometamfetamin\u0119 (chlorowodorek)"},"content":{"rendered":"<p><strong>Zakup online proszku czysto\u015bci 2-FMA<\/strong><\/p>\n<p>2-Fluorometamfetamina (2-FMA) jest \u015brodkiem pobudzaj\u0105cym z tej samej rodziny co metamfetamina i 2-fluoroamfetamina. Pomimo faktu, \u017ce nic nie wiadomo o fizjologicznych skutkach amfetamin podstawionych fluorometoksy, 2-FMA zosta\u0142 znaleziony jako sk\u0142adnik markowych lek\u00f3w sprzedawanych jako \u201elegal high\u201d substytuty substancji kontrolowanych.<\/p>\n<p>Chlorowodorek tego zwi\u0105zku wersja jest przeznaczona do stosowania jako standard do bada\u0144 kryminalistycznych pr\u00f3bek zawieraj\u0105cych 2-FMA.<\/p>\n<div class=\"mb-5 row\">\n<div class=\"w-100 col\">\n<h5>Synonimy<\/h5>\n<div class=\"row\">\n<div class=\"col\">\n<div class=\"row\" data-attribute=\"synonyms\">\n<div class=\"text-lg-right vertical-rule informacje o produkcie -left float-left pl-3 pr-2 pb-3 col-6 col-md-5 col-lg-4 col-xl-3\">Synonimy<\/div>\n<div class=\"float-right pl-3 text-xsm product-info-right col-6 col-md-7 col-lg-8 col-xl-9\">\n<ul class=\" p-0 mb-3 list-unstyled\">\n<li class=\"undefined text-lato-bold\"><span class=\"\">2-FMA<\/span><\/li>\n<\/ul><\/div><\/div><\/div><\/div><\/div><\/div>\n<div class=\"mb-5 row\">\n<div class=\"w-100 col\">\n<h5>Informacje techniczne<\/h5>\n<div class=\"row\">\n<div class=\"col\">\n<div class=\"row\" data-attribute=\"formalName\">\n<div class=\"text-lg-right vertical-rule product-info-left float-left pl-3 pr- 2 pb-3 col-6 col-md-5 col-lg-4 col-xl-3\">Formalna nazwa<\/div>\n<div class=\"float-right pl-3 text-xsm informacje o produkcie-right col -6 col-md-7 col-lg-8 col-xl-9\">monochlorowodorek 2-fluoro-N-\u03b1-dimetylo-benzenoetanoaminy<\/div><\/div>\n<div class=\"row\">\n<div class=\"text-lg-right vertical-rule informacje o produkcie-left float-left pl-3 pr-2 pb-3 col-6 col-md-5 col-lg-4 col- xl-3\">Numer CAS<\/div>\n<div class=\"float-right pl-3 text-xsm informacje o produkcie-right col-6 col-md-7 col-lg-8 col-xl-9\"> 1780004-19-4<\/div><\/div>\n<div class=\"row\" data-attribute=\"molecularFormula\">\n<div class=\"text-lg-right vertical-rule product-info-left float-left pl -3 pr-2 pb-3 col-6 col-md-5 col-lg-4 col-xl-3\">Wz\u00f3r cz\u0105steczkowy<\/div>\n<div class=\"float-right pl-3 text-xsm product- info-right col-6 col-md-7 col-lg-8 col-xl-9\">C<sub><small>10<\/small><\/sub>H<sub><small>14<\/small><\/sub>FN \u2022 HCl<\/div><\/div>\n<div class=\"row\" data-attribute=\"formulaWeight\">\n<div class=\"text-lg-right vertical-rule product-info-left float-left pl-3 pr-2 pb-3 col-6 col-md-5 col-lg-4 col-xl-3\">Formu\u0142a Waga<\/div>\n<div class=\"float-right pl-3 text-xsm produkt -info-right col-6 col-md-7 col-lg-8 col-xl-9\">203.7<\/div><\/div>\n<div class=\"row\" data-attribute=\"purity\">\n<div class=\"text-lg-right vertical-rule informacje o produkcie-left float-left pl-3 pr-2 pb-3 col-6 col-md-5 col-lg-4 col-xl-3\">Czysto\u015b\u0107<\/div>\n<div class=\"float-right pl-3 text-xsm informacje o produkcie-right col-6 col-md-7 col-lg-8 col-xl-9\">\u226598%<\/div><\/div>\n<div class=\"row\" data-attribute=\"formulation\">\n<div class=\"text-lg-right vertical-rule product-info-left float-left pl-3 pr-2 pb-3 col- 6 col-md-5 col-lg-4 col-xl-3\">Formu\u0142owanie<\/div>\n<div class=\"float-right pl-3 text-xsm informacje o produkcie-right col-6 col-md-7 col-lg-8 col-xl-9\">Krystaliczne cia\u0142o sta\u0142e<\/div><\/div>\n<div class=\"row\" data-attribute=\"solubility\">\n<div class=\"text-lg-right vertical- zasada informacje o produkcie-left float-left pl-3 pr-2 pb-3 col-6 col-md-5 col-lg-4 col-xl-3\">Rozpuszczalno\u015b\u0107<small>(Dowiedz si\u0119 o wariancji rozpuszczalno\u015bci)<\/small><\/div>\n<div class=\"float-right pl-3 text-xsm informacje o produkcie-right col-6 col-md-7 col-lg-8 col-xl-9\">\n<ul class=\" p-0 mb-3 list-unstyled\">\n<li class=\"undefined text-lato-bold\"><span class=\"\">DMF: 20 mg\/ml<\/span><\/li>\n<li class=\" undefined text-lato-bold\"><span class=\"\">DMSO: 20 mg\/ml<\/span><\/li>\n<li class=\"undefined text-lato-bold\"><span class=\"\">Etanol : 30 mg\/ml<\/span><\/li>\n<li class=\"undefined text-lato-bold\"><span class=\"\">PBS (pH 7,2): 10 mg\/ml<\/span><\/li>\n<\/ul><\/div><\/div>\n<div class=\"row\" data-attribute=\"smiles\">\n<div class=\"text-lg-right vertical-rule product-info-left float-left pl -3 pr-2 pb-3 col-6 col-md-5 col-lg-4 col-xl-3\">U\u015aMIECH<\/div>\n<div class=\"float-right pl-3 text-xsm informacje o produkcie -prawo kol-6 kol-md-7 kol-lg-8 kol- xl-9\">FC1=CC=CC=C1CC(C)NC.Cl<\/div><\/div>\n<div class=\"row\" data-attribute=\"inchi\">\n<div class=\"text-lg- prawa linijka pionowa informacje o produkcie lewa float-lewa pl-3 pr-2 pb-3 col-6 col-md-5 col-lg-4 col-xl-3\">Kod InChi<\/div>\n<div class=\"float-right pl-3 text-xsm informacje o produkcie-right col-6 col-md-7 col-lg-8 col-xl-9\">InChI=1S\/C10H14FN.ClH\/c1-8(12- 2)7-9-5-3-4-6-10(9)11;\/h3-6,8,12H,7H2,1-2H3;1H<\/div><\/div>\n<div class=\"row \" data-attribute=\"inchiKey\">\n<div class=\"text-lg-right vertical-rule informacje o produkcie-left float-left pl-3 pr-2 pb-3 col-6 col-md-5 col-lg -4 col-xl-3\">Klucz InChi<\/div>\n<div class=\"float-right pl-3 text-xsm informacje o produkcie-right col-6 col-md-7 col-lg-8 col-xl -9\">GTSVNAIEHCXQPM-UHFFFAOYSA-N<\/div><\/div><\/div><\/div><\/div><\/div>\n<div class=\"row\">\n<div class=\"col\">\n<h5>Informacje o wysy\u0142ce i pami\u0119ci<\/h5>\n<div class=\"row\">\n<div class=\"col\">\n<div class=\"row\" data-attribute=\"storageTemp\">\n<div class=\"text-lg -prawa linijka pionowa informacje o produkcie-lewa lewa pl-3 pr-2 pb-3 col-6 col-md-5 c ol-lg-4 col-xl-3\">Pami\u0119\u0107<\/div>\n<div class=\"float-right pl-3 text-xsm informacje o produkcie-right col-6 col-md-7 col-lg-8 col -xl-9\">-20\u00b0C<\/div><\/div>\n<div class=\"row\" data-attribute=\"address\">\n<div class=\"text-lg-right vertical-rule product-info- left float-left pl-3 pr-2 pb-3 col-6 col-md-5 col-lg-4 col-xl-3\">Wysy\u0142ka<\/div>\n<div class=\"float-right pl-3 text -xsm product-info-right col-6 col-md-7 col-lg-8 col-xl-9\">Temperatura w pomieszczeniu\u00a0w kontynentalnych Stanach Zjednoczonych; mo\u017ce si\u0119 r\u00f3\u017cni\u0107 w innym miejscu<\/div><\/div>\n<div class=\"row\" data-attribute=\"stabilityDisplay\">\n<div class=\"text-lg-right vertical-rule product-info-left float-left pl-3 pr-2 pb-3 col-6 col-md-5 col-lg-4 col-xl-3\">Stabilno\u015b\u0107<\/div>\n<div class=\"float-right pl-3 text-xsm product-info-right col-6 col-md-7 col-lg-8 col-xl-9\">\u2265 2 lata<\/div><\/div><\/div><\/div><\/div><\/div>\n<div>\n<div class=\"product-prev\"><\/div><\/div>\n","protected":false},"excerpt":{"rendered":"<p>Kup 2-FMA 2-Fluorometamfetamin\u0119 (chlorowodorek) na sprzeda\u017c High Purity Powder Online. Hurtowy proszek 2-FMA (99%+ czysty) \u2013 podobny do metamfetaminy Zalecana dawka 50-80mg<\/p>\n<p>&nbsp;<\/p>\n","protected":false},"featured_media":5343,"comment_status":"open","ping_status":"closed","template":"","meta":[],"product_brand":[],"product_cat":[2014],"product_tag":[2015,2018,2020,2021,2022,2024,2025,2016,2017,2026,2019,2023],"class_list":{"0":"post-5332","1":"product","2":"type-product","3":"status-publish","4":"has-post-thumbnail","6":"product_cat-kup-badania-chemikalia","7":"product_tag-2-brzydki","8":"product_tag-2-fma-legality-us","9":"product_tag-2-fma-powder","10":"product_tag-2-fma-synthesis","11":"product_tag-2-fma-usa","12":"product_tag-4-fluorometamfetamina","13":"product_tag-buy-2-fma","14":"product_tag-2-fma-legal-c5-9b-c4-87","15":"product_tag-2-fma-legalno-2-fma-proszek","16":"product_tag-nazwa-ulicy-fluorometamfetaminy","17":"product_tag-2-fma-winka-c5-82ki","18":"product_tag-2-fma-odchudzanie","20":"first","21":"instock","22":"shipping-taxable","23":"purchasable","24":"product-type-variable","25":"has-default-attributes"},"yoast_head":"<!-- This site is optimized with the Yoast SEO plugin v27.3 - https:\/\/yoast.com\/product\/yoast-seo-wordpress\/ -->\n<title>Kup 2-FMA 2-Fluoromethamfetamine (chlorowodorek) - Best Global Meds<\/title>\n<meta name=\"description\" content=\"Kup 2-FMA 2-Fluoromethamfetamine (chlorowodorek) na sprzeda\u017c High Purity Powder Online. Hurtowy proszek 2-FMA (99%+ Pure) \u2013 podobny do metamfetaminyZalecana dawka 50-80mg\" \/>\n<meta name=\"robots\" content=\"index, follow, max-snippet:-1, max-image-preview:large, max-video-preview:-1\" \/>\n<link rel=\"canonical\" href=\"https:\/\/medicinasinc.com\/pl\/product\/kup-chlorowodorek-2-fma-2-fluorometamfetaminy\/\" \/>\n<meta property=\"og:locale\" content=\"en_US\" \/>\n<meta property=\"og:type\" content=\"article\" \/>\n<meta property=\"og:title\" content=\"Kup 2-FMA 2-Fluoromethamfetamine (chlorowodorek) - Best Global Meds\" \/>\n<meta property=\"og:description\" content=\"Kup 2-FMA 2-Fluoromethamfetamine (chlorowodorek) na sprzeda\u017c High Purity Powder Online. Hurtowy proszek 2-FMA (99%+ Pure) \u2013 podobny do metamfetaminyZalecana dawka 50-80mg\" \/>\n<meta property=\"og:url\" content=\"https:\/\/medicinasinc.com\/pl\/product\/kup-chlorowodorek-2-fma-2-fluorometamfetaminy\/\" \/>\n<meta property=\"og:site_name\" content=\"Medicinas Inc\" \/>\n<meta property=\"article:modified_time\" content=\"2022-03-22T00:58:52+00:00\" \/>\n<meta property=\"og:image\" content=\"https:\/\/medicinasinc.com\/pl\/wp-content\/uploads\/sites\/13\/2022\/02\/Buy-2-FMA.jpg\" \/>\n\t<meta property=\"og:image:width\" content=\"750\" \/>\n\t<meta property=\"og:image:height\" content=\"1000\" \/>\n\t<meta property=\"og:image:type\" content=\"image\/jpeg\" \/>\n<meta name=\"twitter:card\" content=\"summary_large_image\" \/>\n<meta name=\"twitter:label1\" content=\"Est. reading time\" \/>\n\t<meta name=\"twitter:data1\" content=\"1 minute\" \/>\n<script type=\"application\/ld+json\" class=\"yoast-schema-graph\">{\"@context\":\"https:\\\/\\\/schema.org\",\"@graph\":[{\"@type\":\"WebPage\",\"@id\":\"https:\\\/\\\/medicinasinc.com\\\/pl\\\/product\\\/kup-chlorowodorek-2-fma-2-fluorometamfetaminy\\\/\",\"url\":\"https:\\\/\\\/medicinasinc.com\\\/pl\\\/product\\\/kup-chlorowodorek-2-fma-2-fluorometamfetaminy\\\/\",\"name\":\"Kup 2-FMA 2-Fluoromethamfetamine (chlorowodorek) - Best Global Meds\",\"isPartOf\":{\"@id\":\"https:\\\/\\\/medicinasinc.com\\\/pl\\\/#website\"},\"primaryImageOfPage\":{\"@id\":\"https:\\\/\\\/medicinasinc.com\\\/pl\\\/product\\\/kup-chlorowodorek-2-fma-2-fluorometamfetaminy\\\/#primaryimage\"},\"image\":{\"@id\":\"https:\\\/\\\/medicinasinc.com\\\/pl\\\/product\\\/kup-chlorowodorek-2-fma-2-fluorometamfetaminy\\\/#primaryimage\"},\"thumbnailUrl\":\"https:\\\/\\\/medicinasinc.com\\\/pl\\\/wp-content\\\/uploads\\\/sites\\\/13\\\/2022\\\/02\\\/Buy-2-FMA.jpg\",\"datePublished\":\"2022-02-21T21:05:55+00:00\",\"dateModified\":\"2022-03-22T00:58:52+00:00\",\"description\":\"Kup 2-FMA 2-Fluoromethamfetamine (chlorowodorek) na sprzeda\u017c High Purity Powder Online. Hurtowy proszek 2-FMA (99%+ Pure) \u2013 podobny do metamfetaminyZalecana dawka 50-80mg\",\"breadcrumb\":{\"@id\":\"https:\\\/\\\/medicinasinc.com\\\/pl\\\/product\\\/kup-chlorowodorek-2-fma-2-fluorometamfetaminy\\\/#breadcrumb\"},\"inLanguage\":\"en-US\",\"potentialAction\":[{\"@type\":\"ReadAction\",\"target\":[\"https:\\\/\\\/medicinasinc.com\\\/pl\\\/product\\\/kup-chlorowodorek-2-fma-2-fluorometamfetaminy\\\/\"]}]},{\"@type\":\"ImageObject\",\"inLanguage\":\"en-US\",\"@id\":\"https:\\\/\\\/medicinasinc.com\\\/pl\\\/product\\\/kup-chlorowodorek-2-fma-2-fluorometamfetaminy\\\/#primaryimage\",\"url\":\"https:\\\/\\\/medicinasinc.com\\\/pl\\\/wp-content\\\/uploads\\\/sites\\\/13\\\/2022\\\/02\\\/Buy-2-FMA.jpg\",\"contentUrl\":\"https:\\\/\\\/medicinasinc.com\\\/pl\\\/wp-content\\\/uploads\\\/sites\\\/13\\\/2022\\\/02\\\/Buy-2-FMA.jpg\",\"width\":750,\"height\":1000},{\"@type\":\"BreadcrumbList\",\"@id\":\"https:\\\/\\\/medicinasinc.com\\\/pl\\\/product\\\/kup-chlorowodorek-2-fma-2-fluorometamfetaminy\\\/#breadcrumb\",\"itemListElement\":[{\"@type\":\"ListItem\",\"position\":1,\"name\":\"Sklep\",\"item\":\"https:\\\/\\\/medicinasinc.com\\\/pl\\\/sklep\\\/\"},{\"@type\":\"ListItem\",\"position\":2,\"name\":\"Kup 2-FMA 2-Fluorometamfetamin\u0119 (chlorowodorek)\"}]},{\"@type\":\"WebSite\",\"@id\":\"https:\\\/\\\/medicinasinc.com\\\/pl\\\/#website\",\"url\":\"https:\\\/\\\/medicinasinc.com\\\/pl\\\/\",\"name\":\"Medicinas Inc\",\"description\":\"Health Medical Clinic\",\"potentialAction\":[{\"@type\":\"SearchAction\",\"target\":{\"@type\":\"EntryPoint\",\"urlTemplate\":\"https:\\\/\\\/medicinasinc.com\\\/pl\\\/?s={search_term_string}\"},\"query-input\":{\"@type\":\"PropertyValueSpecification\",\"valueRequired\":true,\"valueName\":\"search_term_string\"}}],\"inLanguage\":\"en-US\"}]}<\/script>\n<!-- \/ Yoast SEO plugin. -->","yoast_head_json":{"title":"Kup 2-FMA 2-Fluoromethamfetamine (chlorowodorek) - Best Global Meds","description":"Kup 2-FMA 2-Fluoromethamfetamine (chlorowodorek) na sprzeda\u017c High Purity Powder Online. Hurtowy proszek 2-FMA (99%+ Pure) \u2013 podobny do metamfetaminyZalecana dawka 50-80mg","robots":{"index":"index","follow":"follow","max-snippet":"max-snippet:-1","max-image-preview":"max-image-preview:large","max-video-preview":"max-video-preview:-1"},"canonical":"https:\/\/medicinasinc.com\/pl\/product\/kup-chlorowodorek-2-fma-2-fluorometamfetaminy\/","og_locale":"en_US","og_type":"article","og_title":"Kup 2-FMA 2-Fluoromethamfetamine (chlorowodorek) - Best Global Meds","og_description":"Kup 2-FMA 2-Fluoromethamfetamine (chlorowodorek) na sprzeda\u017c High Purity Powder Online. Hurtowy proszek 2-FMA (99%+ Pure) \u2013 podobny do metamfetaminyZalecana dawka 50-80mg","og_url":"https:\/\/medicinasinc.com\/pl\/product\/kup-chlorowodorek-2-fma-2-fluorometamfetaminy\/","og_site_name":"Medicinas Inc","article_modified_time":"2022-03-22T00:58:52+00:00","og_image":[{"width":750,"height":1000,"url":"https:\/\/medicinasinc.com\/pl\/wp-content\/uploads\/sites\/13\/2022\/02\/Buy-2-FMA.jpg","type":"image\/jpeg"}],"twitter_card":"summary_large_image","twitter_misc":{"Est. reading time":"1 minute"},"schema":{"@context":"https:\/\/schema.org","@graph":[{"@type":"WebPage","@id":"https:\/\/medicinasinc.com\/pl\/product\/kup-chlorowodorek-2-fma-2-fluorometamfetaminy\/","url":"https:\/\/medicinasinc.com\/pl\/product\/kup-chlorowodorek-2-fma-2-fluorometamfetaminy\/","name":"Kup 2-FMA 2-Fluoromethamfetamine (chlorowodorek) - Best Global Meds","isPartOf":{"@id":"https:\/\/medicinasinc.com\/pl\/#website"},"primaryImageOfPage":{"@id":"https:\/\/medicinasinc.com\/pl\/product\/kup-chlorowodorek-2-fma-2-fluorometamfetaminy\/#primaryimage"},"image":{"@id":"https:\/\/medicinasinc.com\/pl\/product\/kup-chlorowodorek-2-fma-2-fluorometamfetaminy\/#primaryimage"},"thumbnailUrl":"https:\/\/medicinasinc.com\/pl\/wp-content\/uploads\/sites\/13\/2022\/02\/Buy-2-FMA.jpg","datePublished":"2022-02-21T21:05:55+00:00","dateModified":"2022-03-22T00:58:52+00:00","description":"Kup 2-FMA 2-Fluoromethamfetamine (chlorowodorek) na sprzeda\u017c High Purity Powder Online. Hurtowy proszek 2-FMA (99%+ Pure) \u2013 podobny do metamfetaminyZalecana dawka 50-80mg","breadcrumb":{"@id":"https:\/\/medicinasinc.com\/pl\/product\/kup-chlorowodorek-2-fma-2-fluorometamfetaminy\/#breadcrumb"},"inLanguage":"en-US","potentialAction":[{"@type":"ReadAction","target":["https:\/\/medicinasinc.com\/pl\/product\/kup-chlorowodorek-2-fma-2-fluorometamfetaminy\/"]}]},{"@type":"ImageObject","inLanguage":"en-US","@id":"https:\/\/medicinasinc.com\/pl\/product\/kup-chlorowodorek-2-fma-2-fluorometamfetaminy\/#primaryimage","url":"https:\/\/medicinasinc.com\/pl\/wp-content\/uploads\/sites\/13\/2022\/02\/Buy-2-FMA.jpg","contentUrl":"https:\/\/medicinasinc.com\/pl\/wp-content\/uploads\/sites\/13\/2022\/02\/Buy-2-FMA.jpg","width":750,"height":1000},{"@type":"BreadcrumbList","@id":"https:\/\/medicinasinc.com\/pl\/product\/kup-chlorowodorek-2-fma-2-fluorometamfetaminy\/#breadcrumb","itemListElement":[{"@type":"ListItem","position":1,"name":"Sklep","item":"https:\/\/medicinasinc.com\/pl\/sklep\/"},{"@type":"ListItem","position":2,"name":"Kup 2-FMA 2-Fluorometamfetamin\u0119 (chlorowodorek)"}]},{"@type":"WebSite","@id":"https:\/\/medicinasinc.com\/pl\/#website","url":"https:\/\/medicinasinc.com\/pl\/","name":"Medicinas Inc","description":"Health Medical Clinic","potentialAction":[{"@type":"SearchAction","target":{"@type":"EntryPoint","urlTemplate":"https:\/\/medicinasinc.com\/pl\/?s={search_term_string}"},"query-input":{"@type":"PropertyValueSpecification","valueRequired":true,"valueName":"search_term_string"}}],"inLanguage":"en-US"}]}},"_links":{"self":[{"href":"https:\/\/medicinasinc.com\/pl\/wp-json\/wp\/v2\/product\/5332","targetHints":{"allow":["GET"]}}],"collection":[{"href":"https:\/\/medicinasinc.com\/pl\/wp-json\/wp\/v2\/product"}],"about":[{"href":"https:\/\/medicinasinc.com\/pl\/wp-json\/wp\/v2\/types\/product"}],"replies":[{"embeddable":true,"href":"https:\/\/medicinasinc.com\/pl\/wp-json\/wp\/v2\/comments?post=5332"}],"wp:featuredmedia":[{"embeddable":true,"href":"https:\/\/medicinasinc.com\/pl\/wp-json\/wp\/v2\/media\/5343"}],"wp:attachment":[{"href":"https:\/\/medicinasinc.com\/pl\/wp-json\/wp\/v2\/media?parent=5332"}],"wp:term":[{"taxonomy":"product_brand","embeddable":true,"href":"https:\/\/medicinasinc.com\/pl\/wp-json\/wp\/v2\/product_brand?post=5332"},{"taxonomy":"product_cat","embeddable":true,"href":"https:\/\/medicinasinc.com\/pl\/wp-json\/wp\/v2\/product_cat?post=5332"},{"taxonomy":"product_tag","embeddable":true,"href":"https:\/\/medicinasinc.com\/pl\/wp-json\/wp\/v2\/product_tag?post=5332"}],"curies":[{"name":"wp","href":"https:\/\/api.w.org\/{rel}","templated":true}]}}