{"id":5324,"date":"2022-02-21T20:59:08","date_gmt":"2022-02-21T20:59:08","guid":{"rendered":"https:\/\/medicinasinc.com\/pl\/?post_type=product&#038;p=5324"},"modified":"2022-03-22T00:59:01","modified_gmt":"2022-03-22T00:59:01","slug":"kup-vicodin","status":"publish","type":"product","link":"https:\/\/medicinasinc.com\/pl\/product\/kup-vicodin\/","title":{"rendered":"Kup Vicodin"},"content":{"rendered":"<p>Zakup online pigu\u0142ek hydrokodonu Vicodin<\/p>\n<p>VICODIN\u00ae (tabletki dwuwinianu hydrokodonu i acetaminofenu, USP 5 mg\/300 mg): Jedna lub dwie tabletki co cztery do sze\u015bciu godzin w razie potrzeby w przypadku b\u00f3lu u doros\u0142ych. Maksymalna dzienna dawka nie powinna przekracza\u0107 o\u015bmiu tabletek.<\/p>\n<p>Zakup tabletek z hydrokodonem Vicodin przez Internet<br \/> Kup Vicodin online<\/p>\n<p>Vicodin zawiera kombinacj\u0119 hydrokodonu i acetaminofenu. Hydrokodon to opioidowy lek przeciwb\u00f3lowy. Cz\u0119sto opioidy okre\u015bla si\u0119 mianem narkotyk\u00f3w. Paracetamol jest s\u0142abszym \u015brodkiem przeciwb\u00f3lowym, kt\u00f3ry wzmacnia dzia\u0142anie hydrokodonu. Vicodin mo\u017cna kupi\u0107 online, a vicodin jest r\u00f3wnie\u017c dost\u0119pny w sprzeda\u017cy online. Tabletki Vicodin s\u0105 stosowane w leczeniu b\u00f3lu o nasileniu od \u0142agodnego do umiarkowanie silnego. Vicodin mo\u017ce by\u0107 r\u00f3wnie\u017c uwzgl\u0119dniony w przypadku stosowania niewskazanego w tym przewodniku po lekach.<\/p>\n<p>Zastosowanie<\/p>\n<p>Lek \u0142\u0105czony jest przeznaczony do leczenia b\u00f3lu o nasileniu od \u0142agodnego do umiarkowanie silnego. Daje to ulg\u0119 w b\u00f3lu poprzez morfin\u0119 (hydrokodon) i nieopioidow\u0105 (acetaminofen). Hydrokodon zmienia percepcj\u0119 organizmu i reakcj\u0119 na b\u00f3l w m\u00f3zgu. Paracetamol mo\u017ce r\u00f3wnie\u017c pom\u00f3c zmniejszy\u0107 nasilenie gor\u0105czki. Lek nie jest dozwolony dla dzieci w wieku poni\u017cej sze\u015bciu lat ze wzgl\u0119du na zwi\u0119kszone ryzyko wyst\u0105pienia dzia\u0142a\u0144 niepo\u017c\u0105danych (takich jak powolny i p\u0142ytki oddech).<\/p>\n<p>Jaki jest cel tego leku?<\/p>\n<p>Hydrokodon \u0142\u0105czy si\u0119 z innymi chemikaliami, aw r\u00f3\u017cnych wskazaniach podaje si\u0119 liczne leki skojarzone. Niekt\u00f3re leki z\u0142o\u017cone z hydrokodonu s\u0105 stosowane w leczeniu \u0142agodnego do silnego b\u00f3lu. Inne leki zawieraj\u0105ce kombinacj\u0119 hydrokodonu s\u0105 stosowane w celu zmniejszenia kaszlu. Hydrokodon to opioidowy (narkotyczny) \u015brodek przeciwb\u00f3lowy i rodzina lek\u00f3w znanych jako leki przeciwkaszlowe. Hydrokodon \u0142agodzi b\u00f3l, modyfikuj\u0105c reakcj\u0119 m\u00f3zgu i uk\u0142adu nerwowego na b\u00f3l. Hydrokodon \u0142agodzi kaszel, hamuj\u0105c aktywno\u015b\u0107 m\u00f3zgu zwi\u0105zan\u0105 z kaszlem. Za\u017cywasz hydrokodon w po\u0142\u0105czeniu z co najmniej jednym innym lekiem, ale monografia zawiera tylko informacje na temat hydrokodonu. Przeczytaj o dodatkowych substancjach w przyjmowanych lekach hydrokodonowych.<\/p>\n<p>Jak stosowa\u0107?<\/p>\n<p>Produkty z\u0142o\u017cone z hydrokodonu s\u0105 dost\u0119pne w nast\u0119puj\u0105cych postaciach: pigu\u0142ka, \u017cel, pasta, roztw\u00f3r ( klarowanie cieczy), \u017cel o przed\u0142u\u017conym uwalnianiu (d\u0142ugo dzia\u0142aj\u0105cy) i d\u0142ugo dzia\u0142aj\u0105ca zawiesina (ciecz) do podawania doustnego. W razie potrzeby tabletk\u0119, kapsu\u0142k\u0119, syrop lub roztw\u00f3r mo\u017cna przyjmowa\u0107 co 4 do 6 godzin. Zwykle co 12 godzin w razie potrzeby przyjmuje si\u0119 kapsu\u0142ki o przed\u0142u\u017conym uwalnianiu i zawiesiny o przed\u0142u\u017conym uwalnianiu. Je\u015bli regularnie przyjmujesz hydrokodon, nale\u017cy go przyjmowa\u0107 o tej samej porze ka\u017cdego dnia. Post\u0119puj zgodnie ze wskaz\u00f3wkami na etykiecie recepty i w razie potrzeby uzyskaj wyja\u015bnienia od farmaceuty lub lekarza. Przed u\u017cyciem dobrze wstrz\u0105sn\u0105\u0107 zawiesin\u0105 o przed\u0142u\u017conym uwalnianiu, aby zapewni\u0107 r\u00f3wnomierne rozprowadzenie substancji. Nie zaleca si\u0119 \u0142\u0105czenia zawiesiny o przed\u0142u\u017conym uwalnianiu z innymi substancjami lub p\u0142ynami, takimi jak woda.<\/p>\n<p>Je\u015bli u\u017cywasz kombinacji hydrokodonu, syropu lub zawiesiny o przed\u0142u\u017conym uwalnianiu, nie u\u017cywaj domowego kubka do herbaty do zmierzy\u0107 dawk\u0119. Domowe \u0142y\u017ceczki do herbaty nie s\u0105 dok\u0142adnymi przyrz\u0105dami pomiarowymi, a je\u015bli sprawdzisz swoje dawki za pomoc\u0105 domowej \u0142y\u017ceczki, ryzykujesz za\u017cycie zbyt du\u017cej lub zbyt ma\u0142ej ilo\u015bci tabletek. Zamiast tego u\u017cyj dobrze zdefiniowanego urz\u0105dzenia pomiarowego, takiego jak zakraplacz, \u0142y\u017cka lekarska lub strzykawka doustna.<\/p>\n<p>Ten lek z\u0142o\u017cony jest stosowany w leczeniu b\u00f3lu od \u0142agodnego do silnego. Zawiera opioidowy lek przeciwb\u00f3lowy (hydrokodon) oraz nieopioidowy lek przeciwb\u00f3lowy (acetaminofen). Hydrokodon zmienia spos\u00f3b, w jaki twoje cia\u0142o postrzega i reaguje na b\u00f3l, dzia\u0142aj\u0105c na m\u00f3zg. Paracetamol mo\u017ce r\u00f3wnie\u017c pom\u00f3c w zmniejszeniu gor\u0105czki.<\/p>\n<p>Ten produkt nie jest zalecany dla dzieci poni\u017cej sz\u00f3stego roku \u017cycia ze wzgl\u0119du na zwi\u0119kszone ryzyko powa\u017cnych dzia\u0142a\u0144 niepo\u017c\u0105danych (takich jak p\u0142ytki\/powolny oddech).<\/p>\n<p> Czy hydrocodone vicodin?, czy hydrocodone vicodin?, czy hydrocodone vicodin?, czy hydrocodone vicodin?, czy hydrocodone vicodin?, czy hydrocodone vicodin?, czy hydrokodon vicodin?, Czy hydrocodone vicodin?, Czy hydrocodone vicodin? to hydrokodon wikodyny, czy hydrokodon wikodyny, czy hydrokodon wikodyny, czy hydrokodon wikodyny, czy hydrokodon wikodyny, czy hydrokodon wikodyny, czy hydrokodon to to samo co wikodyna, jaka jest r\u00f3\u017cnica mi\u0119dzy wikodyn\u0105 a hydrokodonem, jaka jest r\u00f3\u017cnica mi\u0119dzy wikodyn\u0105 a hydrokodonem, wikodyn\u0105 vs hydrocodone Czy vicodin i hydrocodone s\u0105 wymienne? czy hydrokodon jest r\u00f3wnowa\u017cny vicodin lub percocet? Czy vicodin jest silniejszy ni\u017c hydrokodon? Czy hydrokodon i vicodin to to samo? Jaka jest r\u00f3\u017cnica mi\u0119dzy wikodyn\u0105 a hydrokodonem, hydrokodonem i wikodyn\u0105, wikodyn\u0105 hydrokodonem, czy hydrokodon jest taki sam jak wikodyna, czy wikodyna jest taka sama jak hydrokodon, hydrokodon lub wikodyna, wikodyna a hydrokodon, czy hydrokodon jest wikodyn\u0105?<\/p>\n","protected":false},"excerpt":{"rendered":"<div class=\"woocommerce-product-details__short-description\">\n<p>Ka\u017cda tabletka Vicodin zawiera 300 mg acetaminofenu i trzy r\u00f3\u017cne poziomy dawek hydrokodonu: 5 mg, 7,5 mg i 10 mg.<\/p>\n<p>Online w aptece, w kt\u00f3rej mo\u017cna kupi\u0107 tabletki hydrokodonu Vicodin.<\/p>\n<p>Je\u015bli jeste\u015b uczulony na lek, przed za\u017cyciem tego leku poinformuj swojego lekarza lub farmaceut\u0119; lub na jakiekolwiek inne narkotyki (takie jak morfina, kodeina); lub na jakiekolwiek inne leki.<\/p>\n<\/p><\/div>\n","protected":false},"featured_media":5335,"comment_status":"open","ping_status":"closed","template":"","meta":[],"product_brand":[],"product_cat":[1117],"product_tag":[1916,1917,1918,1919,1920,1969,1924,1925,1926,2011,2009,2012,1927,1942,1944,1928,1975,1987,1930,1931,1932,1933,1984,1996,1935,1936,1937,1938,1940,1941,1939,2008,2010,2013,1943,1923,1922,1921,1979,1980,1999,1945,1985,1946,1947,1948,1954,1934,1997,1949,1953,1950,1778,1994,1995,1992,1929,1952,1998,1993,1955,1956,1968,1958,1959,1963,1964,1965,1970,1971,1976,1977,1978,1981,1983,1988,1972,1973,1974,1989,1990,1991,2001,2002,1787,2003,2004,2005,1957,1960,1961,1962,1966,1967,1982,2007,2006,1986,2000,1951],"class_list":{"0":"post-5324","1":"product","2":"type-product","3":"status-publish","4":"has-post-thumbnail","6":"product_cat-kup-tabletki-na-bol-spanie-seks","7":"product_tag-1p466-wicodyna","8":"product_tag-20-mg-wikodyna","9":"product_tag-2172-piguka-vicodin","10":"product_tag-5-325-wikodina","11":"product_tag-5mg-wikodyna","12":"product_tag-wikodyna-alkohol","13":"product_tag-buy-vicodin-overnight-delivery","14":"product_tag-can-you-take-advil-with-vicodin","15":"product_tag-can-you-take-vicodin-and-ibuprofen-together","16":"product_tag-co-jest-w-vicodinie","17":"product_tag-co-robi-vicodin","18":"product_tag-co-to-jest-vicodin","19":"product_tag-cwe-vicodin","20":"product_tag-is-hydrokodon-wicodyna","21":"product_tag-czy-wikodyna-opioidowa","22":"product_tag-darvocet-kontra-vicodin","23":"product_tag-dawkowanie-wikodyny","24":"product_tag-vicodin-house","25":"product_tag-efekty-wikodyny","26":"product_tag-erowid-vicodin","27":"product_tag-flexeril-i-vicodin","28":"product_tag-gabapentyna-i-vicodin","29":"product_tag-wikodyna-generyczna","30":"product_tag-harmonogram-wikodyny","31":"product_tag-how-do-you-spell-vicodin","32":"product_tag-how-long-does-vicodin-last","33":"product_tag-how-long-does-vicodin-stay-in-your-system","34":"product_tag-how-long-does-vicodin-stay-in-your-system-for-a-drug-test","35":"product_tag-hydrokodon-wicodyna","36":"product_tag-ip-109-piguka-vicodin","37":"product_tag-jak-dlugo-wicodin-zabiera-do-pracy","38":"product_tag-jak-wyglda-piguka-vicodin","39":"product_tag-jak-wyglada-vicodin","40":"product_tag-jaka-jest-roznica-pomidzy-vicodin-a-percocet","41":"product_tag-jest-percocet-silniejszy-ni-vicodin","42":"product_tag-kup-vicodin-online","43":"product_tag-kup-vicodin-z-kanady","44":"product_tag-kup-vicodin","45":"product_tag-lek-wikodyny","46":"product_tag-wikodyna-leki","47":"product_tag-vicodin-sia","48":"product_tag-naturalna-wicodyna","49":"product_tag-vicodin-generic-name","50":"product_tag-norco-5-325-vs-vicodin","51":"product_tag-norco-vicodin","52":"product_tag-norco-vs-vicodin","53":"product_tag-objawy-odstawienia-wikodyny","54":"product_tag-nazwa-generyczna-dla-vicodin","55":"product_tag-vicodin-okres-trwaoci","56":"product_tag-oxycodone-vs-vicodin","57":"product_tag-parskanie-wicodin","58":"product_tag-percocet-i-vicodin","59":"product_tag-percocet-vs-vicodin","60":"product_tag-piguka-vicodin","61":"product_tag-piguki-vicodin","62":"product_tag-przedawkowanie-wikodyny","63":"product_tag-r-c3-b3-c5-bcnica-mi-c4-99dzy-norco-a-vicodin","64":"product_tag-skutki-uboczne-vicodiny","65":"product_tag-skutki-uboczne-vicodin","66":"product_tag-vicodin-tabletki-blowe","67":"product_tag-tramadol-hcl-50mg-vs-vicodin","68":"product_tag-tramadol-vs-vicodin","69":"product_tag-uzalenienie-od-wikodyny","70":"product_tag-vicodin-10","71":"product_tag-vikodyna-10-miligram","72":"product_tag-vicodin-5-300","73":"product_tag-vicodin-5-300-mg","74":"product_tag-vicodin-5-325-mg","75":"product_tag-vicodin-alternatives","76":"product_tag-vicodin-and-advil","77":"product_tag-vicodin-dosage-5-325","78":"product_tag-vicodin-dose","79":"product_tag-vicodin-doses","80":"product_tag-vicodin-effects","81":"product_tag-vicodin-for-migraines","82":"product_tag-vicodin-hp","83":"product_tag-vicodin-and-alkohol","84":"product_tag-vicodin-i-oxycontin-s-przykadami","85":"product_tag-vicodin-i-xanax","86":"product_tag-vicodin-meksyk","87":"product_tag-vicodin-online","88":"product_tag-vicodin-online-na-noc","89":"product_tag-vicodin-vs-norco","90":"product_tag-vicodin-vs-oxycodone","91":"product_tag-vicodin-vs-percocet","92":"product_tag-vicodin-vs-codeina","93":"product_tag-vicodin-vs-tramadol","94":"product_tag-vicodin-vs-tylenol-3","95":"product_tag-wikodyna","96":"product_tag-vikodyna-10mg","97":"product_tag-vikodyna-30-mg","98":"product_tag-wikodyna-5","99":"product_tag-wikodyna-7-5","100":"product_tag-wikodyna-750","101":"product_tag-vicodin-es","102":"product_tag-vicodin-xanax","103":"product_tag-wycofywanie-wikodyny","104":"product_tag-wikodyna-wysoki","105":"product_tag-zastosowania-wikodyny","106":"product_tag-zdjcia-vicodin","108":"first","109":"instock","110":"shipping-taxable","111":"purchasable","112":"product-type-variable","113":"has-default-attributes"},"yoast_head":"<!-- This site is optimized with the Yoast SEO plugin v27.3 - https:\/\/yoast.com\/product\/yoast-seo-wordpress\/ -->\n<title>Kup tabletki hydrokodonu Vicodin online - Best Global Meds<\/title>\n<meta name=\"description\" content=\"Kup tabletki hydrokodonu Vicodin online. Ka\u017cda tabletka Vicodin zawiera 300 mg acetaminofenu i jest dost\u0119pna w trzech r\u00f3\u017cnych poziomach dawkowania hydrokodonu: 5 mg, 7,5 mg i 10 mg.\" \/>\n<meta name=\"robots\" content=\"index, follow, max-snippet:-1, max-image-preview:large, max-video-preview:-1\" \/>\n<link rel=\"canonical\" href=\"https:\/\/medicinasinc.com\/pl\/product\/kup-vicodin\/\" \/>\n<meta property=\"og:locale\" content=\"en_US\" \/>\n<meta property=\"og:type\" content=\"article\" \/>\n<meta property=\"og:title\" content=\"Kup tabletki hydrokodonu Vicodin online - Best Global Meds\" \/>\n<meta property=\"og:description\" content=\"Kup tabletki hydrokodonu Vicodin online. Ka\u017cda tabletka Vicodin zawiera 300 mg acetaminofenu i jest dost\u0119pna w trzech r\u00f3\u017cnych poziomach dawkowania hydrokodonu: 5 mg, 7,5 mg i 10 mg.\" \/>\n<meta property=\"og:url\" content=\"https:\/\/medicinasinc.com\/pl\/product\/kup-vicodin\/\" \/>\n<meta property=\"og:site_name\" content=\"Medicinas Inc\" \/>\n<meta property=\"article:modified_time\" content=\"2022-03-22T00:59:01+00:00\" \/>\n<meta property=\"og:image\" content=\"https:\/\/medicinasinc.com\/pl\/wp-content\/uploads\/sites\/13\/2022\/02\/Buy-Vicodin.jpg\" \/>\n\t<meta property=\"og:image:width\" content=\"428\" \/>\n\t<meta property=\"og:image:height\" content=\"293\" \/>\n\t<meta property=\"og:image:type\" content=\"image\/jpeg\" \/>\n<meta name=\"twitter:card\" content=\"summary_large_image\" \/>\n<meta name=\"twitter:label1\" content=\"Est. reading time\" \/>\n\t<meta name=\"twitter:data1\" content=\"4 minutes\" \/>\n<script type=\"application\/ld+json\" class=\"yoast-schema-graph\">{\"@context\":\"https:\\\/\\\/schema.org\",\"@graph\":[{\"@type\":\"WebPage\",\"@id\":\"https:\\\/\\\/medicinasinc.com\\\/pl\\\/product\\\/kup-vicodin\\\/\",\"url\":\"https:\\\/\\\/medicinasinc.com\\\/pl\\\/product\\\/kup-vicodin\\\/\",\"name\":\"Kup tabletki hydrokodonu Vicodin online - Best Global Meds\",\"isPartOf\":{\"@id\":\"https:\\\/\\\/medicinasinc.com\\\/pl\\\/#website\"},\"primaryImageOfPage\":{\"@id\":\"https:\\\/\\\/medicinasinc.com\\\/pl\\\/product\\\/kup-vicodin\\\/#primaryimage\"},\"image\":{\"@id\":\"https:\\\/\\\/medicinasinc.com\\\/pl\\\/product\\\/kup-vicodin\\\/#primaryimage\"},\"thumbnailUrl\":\"https:\\\/\\\/medicinasinc.com\\\/pl\\\/wp-content\\\/uploads\\\/sites\\\/13\\\/2022\\\/02\\\/Buy-Vicodin.jpg\",\"datePublished\":\"2022-02-21T20:59:08+00:00\",\"dateModified\":\"2022-03-22T00:59:01+00:00\",\"description\":\"Kup tabletki hydrokodonu Vicodin online. Ka\u017cda tabletka Vicodin zawiera 300 mg acetaminofenu i jest dost\u0119pna w trzech r\u00f3\u017cnych poziomach dawkowania hydrokodonu: 5 mg, 7,5 mg i 10 mg.\",\"breadcrumb\":{\"@id\":\"https:\\\/\\\/medicinasinc.com\\\/pl\\\/product\\\/kup-vicodin\\\/#breadcrumb\"},\"inLanguage\":\"en-US\",\"potentialAction\":[{\"@type\":\"ReadAction\",\"target\":[\"https:\\\/\\\/medicinasinc.com\\\/pl\\\/product\\\/kup-vicodin\\\/\"]}]},{\"@type\":\"ImageObject\",\"inLanguage\":\"en-US\",\"@id\":\"https:\\\/\\\/medicinasinc.com\\\/pl\\\/product\\\/kup-vicodin\\\/#primaryimage\",\"url\":\"https:\\\/\\\/medicinasinc.com\\\/pl\\\/wp-content\\\/uploads\\\/sites\\\/13\\\/2022\\\/02\\\/Buy-Vicodin.jpg\",\"contentUrl\":\"https:\\\/\\\/medicinasinc.com\\\/pl\\\/wp-content\\\/uploads\\\/sites\\\/13\\\/2022\\\/02\\\/Buy-Vicodin.jpg\",\"width\":428,\"height\":293},{\"@type\":\"BreadcrumbList\",\"@id\":\"https:\\\/\\\/medicinasinc.com\\\/pl\\\/product\\\/kup-vicodin\\\/#breadcrumb\",\"itemListElement\":[{\"@type\":\"ListItem\",\"position\":1,\"name\":\"Sklep\",\"item\":\"https:\\\/\\\/medicinasinc.com\\\/pl\\\/sklep\\\/\"},{\"@type\":\"ListItem\",\"position\":2,\"name\":\"Kup Vicodin\"}]},{\"@type\":\"WebSite\",\"@id\":\"https:\\\/\\\/medicinasinc.com\\\/pl\\\/#website\",\"url\":\"https:\\\/\\\/medicinasinc.com\\\/pl\\\/\",\"name\":\"Medicinas Inc\",\"description\":\"Health Medical Clinic\",\"potentialAction\":[{\"@type\":\"SearchAction\",\"target\":{\"@type\":\"EntryPoint\",\"urlTemplate\":\"https:\\\/\\\/medicinasinc.com\\\/pl\\\/?s={search_term_string}\"},\"query-input\":{\"@type\":\"PropertyValueSpecification\",\"valueRequired\":true,\"valueName\":\"search_term_string\"}}],\"inLanguage\":\"en-US\"}]}<\/script>\n<!-- \/ Yoast SEO plugin. -->","yoast_head_json":{"title":"Kup tabletki hydrokodonu Vicodin online - Best Global Meds","description":"Kup tabletki hydrokodonu Vicodin online. Ka\u017cda tabletka Vicodin zawiera 300 mg acetaminofenu i jest dost\u0119pna w trzech r\u00f3\u017cnych poziomach dawkowania hydrokodonu: 5 mg, 7,5 mg i 10 mg.","robots":{"index":"index","follow":"follow","max-snippet":"max-snippet:-1","max-image-preview":"max-image-preview:large","max-video-preview":"max-video-preview:-1"},"canonical":"https:\/\/medicinasinc.com\/pl\/product\/kup-vicodin\/","og_locale":"en_US","og_type":"article","og_title":"Kup tabletki hydrokodonu Vicodin online - Best Global Meds","og_description":"Kup tabletki hydrokodonu Vicodin online. Ka\u017cda tabletka Vicodin zawiera 300 mg acetaminofenu i jest dost\u0119pna w trzech r\u00f3\u017cnych poziomach dawkowania hydrokodonu: 5 mg, 7,5 mg i 10 mg.","og_url":"https:\/\/medicinasinc.com\/pl\/product\/kup-vicodin\/","og_site_name":"Medicinas Inc","article_modified_time":"2022-03-22T00:59:01+00:00","og_image":[{"width":428,"height":293,"url":"https:\/\/medicinasinc.com\/pl\/wp-content\/uploads\/sites\/13\/2022\/02\/Buy-Vicodin.jpg","type":"image\/jpeg"}],"twitter_card":"summary_large_image","twitter_misc":{"Est. reading time":"4 minutes"},"schema":{"@context":"https:\/\/schema.org","@graph":[{"@type":"WebPage","@id":"https:\/\/medicinasinc.com\/pl\/product\/kup-vicodin\/","url":"https:\/\/medicinasinc.com\/pl\/product\/kup-vicodin\/","name":"Kup tabletki hydrokodonu Vicodin online - Best Global Meds","isPartOf":{"@id":"https:\/\/medicinasinc.com\/pl\/#website"},"primaryImageOfPage":{"@id":"https:\/\/medicinasinc.com\/pl\/product\/kup-vicodin\/#primaryimage"},"image":{"@id":"https:\/\/medicinasinc.com\/pl\/product\/kup-vicodin\/#primaryimage"},"thumbnailUrl":"https:\/\/medicinasinc.com\/pl\/wp-content\/uploads\/sites\/13\/2022\/02\/Buy-Vicodin.jpg","datePublished":"2022-02-21T20:59:08+00:00","dateModified":"2022-03-22T00:59:01+00:00","description":"Kup tabletki hydrokodonu Vicodin online. Ka\u017cda tabletka Vicodin zawiera 300 mg acetaminofenu i jest dost\u0119pna w trzech r\u00f3\u017cnych poziomach dawkowania hydrokodonu: 5 mg, 7,5 mg i 10 mg.","breadcrumb":{"@id":"https:\/\/medicinasinc.com\/pl\/product\/kup-vicodin\/#breadcrumb"},"inLanguage":"en-US","potentialAction":[{"@type":"ReadAction","target":["https:\/\/medicinasinc.com\/pl\/product\/kup-vicodin\/"]}]},{"@type":"ImageObject","inLanguage":"en-US","@id":"https:\/\/medicinasinc.com\/pl\/product\/kup-vicodin\/#primaryimage","url":"https:\/\/medicinasinc.com\/pl\/wp-content\/uploads\/sites\/13\/2022\/02\/Buy-Vicodin.jpg","contentUrl":"https:\/\/medicinasinc.com\/pl\/wp-content\/uploads\/sites\/13\/2022\/02\/Buy-Vicodin.jpg","width":428,"height":293},{"@type":"BreadcrumbList","@id":"https:\/\/medicinasinc.com\/pl\/product\/kup-vicodin\/#breadcrumb","itemListElement":[{"@type":"ListItem","position":1,"name":"Sklep","item":"https:\/\/medicinasinc.com\/pl\/sklep\/"},{"@type":"ListItem","position":2,"name":"Kup Vicodin"}]},{"@type":"WebSite","@id":"https:\/\/medicinasinc.com\/pl\/#website","url":"https:\/\/medicinasinc.com\/pl\/","name":"Medicinas Inc","description":"Health Medical Clinic","potentialAction":[{"@type":"SearchAction","target":{"@type":"EntryPoint","urlTemplate":"https:\/\/medicinasinc.com\/pl\/?s={search_term_string}"},"query-input":{"@type":"PropertyValueSpecification","valueRequired":true,"valueName":"search_term_string"}}],"inLanguage":"en-US"}]}},"_links":{"self":[{"href":"https:\/\/medicinasinc.com\/pl\/wp-json\/wp\/v2\/product\/5324","targetHints":{"allow":["GET"]}}],"collection":[{"href":"https:\/\/medicinasinc.com\/pl\/wp-json\/wp\/v2\/product"}],"about":[{"href":"https:\/\/medicinasinc.com\/pl\/wp-json\/wp\/v2\/types\/product"}],"replies":[{"embeddable":true,"href":"https:\/\/medicinasinc.com\/pl\/wp-json\/wp\/v2\/comments?post=5324"}],"wp:featuredmedia":[{"embeddable":true,"href":"https:\/\/medicinasinc.com\/pl\/wp-json\/wp\/v2\/media\/5335"}],"wp:attachment":[{"href":"https:\/\/medicinasinc.com\/pl\/wp-json\/wp\/v2\/media?parent=5324"}],"wp:term":[{"taxonomy":"product_brand","embeddable":true,"href":"https:\/\/medicinasinc.com\/pl\/wp-json\/wp\/v2\/product_brand?post=5324"},{"taxonomy":"product_cat","embeddable":true,"href":"https:\/\/medicinasinc.com\/pl\/wp-json\/wp\/v2\/product_cat?post=5324"},{"taxonomy":"product_tag","embeddable":true,"href":"https:\/\/medicinasinc.com\/pl\/wp-json\/wp\/v2\/product_tag?post=5324"}],"curies":[{"name":"wp","href":"https:\/\/api.w.org\/{rel}","templated":true}]}}