{"id":5323,"date":"2022-02-21T20:57:56","date_gmt":"2022-02-21T20:57:56","guid":{"rendered":"https:\/\/medicinasinc.com\/pl\/?post_type=product&#038;p=5323"},"modified":"2022-03-22T00:59:11","modified_gmt":"2022-03-22T00:59:11","slug":"kup-ultram-tramadol-200-mg","status":"publish","type":"product","link":"https:\/\/medicinasinc.com\/pl\/product\/kup-ultram-tramadol-200-mg\/","title":{"rendered":"Kup Ultram Tramadol 200 mg"},"content":{"rendered":"<p>200 mg tramadolu<\/p>\n<p>Tramadol to naprawd\u0119 wyj\u0105tkowy \u015brodek zwiotczaj\u0105cy mi\u0119\u015bnie o \u0142agodnym dzia\u0142aniu opioidowym \u00b5 (w por\u00f3wnaniu z innymi opioidami) i \u0142agodnym dzia\u0142aniu monoaminergicznym (w por\u00f3wnaniu z tr\u00f3jpier\u015bcieniowymi lekami przeciwdepresyjnymi). Tramadol ma tolerowany profil skutk\u00f3w ubocznych w por\u00f3wnaniu z tr\u00f3jpier\u015bcieniowymi lekami przeciwdepresyjnymi i lekami przeciwpadaczkowymi.<\/p>\n<p>Tolerancja i uzale\u017cnienie s\u0105 rzadkimi konsekwencjami medycznymi, chocia\u017c istniej\u0105. Aktywno\u015b\u0107 tramadolu nie ogranicza si\u0119 do neuropatii; zmniejsza r\u00f3wnie\u017c nieprzyjemne (nocyceptywne) odczucia, co czyni go jednym z czterech rodzaj\u00f3w b\u00f3lu.<\/p>\n<p>Opis:<\/p>\n<p>Tramadol nie jest dla os\u00f3b o s\u0142abym sercu, poniewa\u017c jest silnym \u015brodkiem psychoaktywnym substancja. Efekt przeciwb\u00f3lowy zaczyna dzia\u0142a\u0107 po 15-30 minutach i utrzymuje si\u0119 przez 6 godzin. Mo\u017ce by\u0107 r\u00f3wnie\u017c stosowany z paracetamolem. Tramadol jest \u015brodkiem uspokajaj\u0105cym.<\/p>\n<p>Tramadol, jako niezwykle silny lek, musi by\u0107 przyjmowany dok\u0142adnie zgodnie z zaleceniami. Ostateczn\u0105 odpowiedzialno\u015b\u0107 za ustalenie czasu trwania leczenia ponosi lekarz. Nielegalne za\u017cywanie narkotyk\u00f3w mo\u017ce mie\u0107 powa\u017cne, a nawet \u015bmiertelne konsekwencje. Podczas terapii tramadolem nale\u017cy unika\u0107 prowadzenia samochodu lub innych czynno\u015bci wymagaj\u0105cych wysokiego poziomu koncentracji.<\/p>\n<p>Z uwagi na fakt, \u017ce tramadol jest agonist\u0105 opioid\u00f3w, mo\u017ce powodowa\u0107 zar\u00f3wno psychiczne, jak i fizyczne zale\u017cno\u015b\u0107. Mi\u0119dzynarodowa konwencja klasyfikuje t\u0119 substancj\u0119 chemiczn\u0105 jako narkotyk. W rezultacie jest dost\u0119pny tylko na recept\u0119 wystawion\u0105 przez lekarza. Nieopioidowe \u015brodki przeciwb\u00f3lowe s\u0105 przepisywane tylko wtedy, gdy leki nieopioidowe s\u0105 nieskuteczne.<\/p>\n<p>Leki:<\/p>\n<p>Tramadol nale\u017cy przyjmowa\u0107 doustnie, zgodnie z zaleceniami lekarza, cz\u0119sto co 4 do 6 godzin w razie potrzeby. Tramadol mo\u017cna bezpiecznie przyjmowa\u0107 z jedzeniem lub bez jedzenia. Je\u015bli wyst\u0105pi\u0105 nudno\u015bci, mo\u017ce pom\u00f3c tramadol przyjmowany z jedzeniem. Dodatkowe \u015brodki \u0142agodz\u0105ce nudno\u015bci mog\u0105 by\u0107 podj\u0119te przez lekarza lub farmaceut\u0119 (takie jak le\u017cenie przez 1 do 2 godzin z jak najmniejszym ruchem g\u0142owy). Nasza strona internetowa umo\u017cliwia zakup tramadolu 200mg przez Internet.<\/p>\n<p>Dawka zale\u017cy od stanu zdrowia i reakcji na leczenie. Aby zminimalizowa\u0107 ryzyko wyst\u0105pienia niepo\u017c\u0105danych efekt\u00f3w, lekarz mo\u017ce zasugerowa\u0107 rozpocz\u0119cie od ma\u0142ej dawki tramadolu i stopniowe jej zwi\u0119kszanie. Przestrzegaj zgodnie z zaleceniami lekarza. Najwy\u017csza zalecana dzienna dawka to 400 mg. Zalecana maksymalna dawka dla os\u00f3b powy\u017cej 75 roku \u017cycia wynosi 300 mg na dob\u0119. Nie zwi\u0119kszaj dawki tramadolu, u\u017cywaj go cz\u0119\u015bciej lub przez d\u0142u\u017cszy czas ni\u017c zalecono. Kiedy tramadol jest przepisywany, nale\u017cy go natychmiast odstawi\u0107.<\/p>\n<p>Zaleca si\u0119, aby tani tramadol dost\u0119pny online by\u0142 bardzo ostro\u017cny<\/p>\n<p>U os\u00f3b uzale\u017cnionych od opioid\u00f3w; ci, kt\u00f3rzy doznali urazu m\u00f3zgu, szoku lub obni\u017conego poziomu \u015bwiadomo\u015bci z nieznanego powodu; oraz<\/p>\n<p>Dodatkowo w przypadku zaburze\u0144 o\u015brodka oddechowego lub zaburze\u0144 czynno\u015bci uk\u0142adu oddechowego,<\/p>\n<p>odpowiedni wzrost ci\u015bnienia \u015br\u00f3dczaszkowego (ICP).<br \/>nieprawid\u0142owy uk\u0142ad nerek i w\u0105troby<\/p>\n<p>Chlorowodorek tramadolu nale\u017cy stosowa\u0107 ostro\u017cnie u os\u00f3b wra\u017cliwych na opiaty.<\/p>\n","protected":false},"excerpt":{"rendered":"<p>Apteczka internetowa do zakupu tabletek Ultram Tramadol 200 mg<\/p>\n<p>Tramadol Ultram Kup online.<\/p>\n<p>Zam\u00f3w Tramadol Dorsz na noc. Tania dostawa Tramadol na noc<\/p>\n<p>Dowiedz si\u0119, gdzie zam\u00f3wi\u0107 Tramadol online bez recepty po najni\u017cszej cenie. &#8230; Tabletki dost\u0119pne w nast\u0119puj\u0105cych mocach: 50 mg, 100 mg, 150 mg i 200 mg.<\/p>\n<div class=\"product-next-previous\">\n<div class=\"product-prev\"><\/div>\n<\/p><\/div>\n","protected":false},"featured_media":5333,"comment_status":"open","ping_status":"closed","template":"","meta":[],"product_brand":[],"product_cat":[1117],"product_tag":[1904,1907,1908,1912,1914,1905,1906,1910,1909,1913,1915,1911],"class_list":{"0":"post-5323","1":"product","2":"type-product","3":"status-publish","4":"has-post-thumbnail","6":"product_cat-kup-tabletki-na-bol-spanie-seks","7":"product_tag-buy-tramadol-in-florida","8":"product_tag-cheap-tramadol-without-a-prescription","9":"product_tag-cheap-ultram-no-prescription","10":"product_tag-tramadol-chlorowodorek-paracetamol","11":"product_tag-ultram-drug-interakcje","12":"product_tag-kup-tramadol-online-tanio","13":"product_tag-kup-tramadol-online-na-noc","14":"product_tag-noc-tramadol","15":"product_tag-generyczna-ultra-er","16":"product_tag-tramadol-side-effects-dogs","17":"product_tag-ultram-er-200","18":"product_tag-tramadol-hcl-50mg-uywany","20":"first","21":"instock","22":"shipping-taxable","23":"purchasable","24":"product-type-variable","25":"has-default-attributes"},"yoast_head":"<!-- This site is optimized with the Yoast SEO plugin v27.3 - https:\/\/yoast.com\/product\/yoast-seo-wordpress\/ -->\n<title>Kup tabletki Ultram Tramadol 200 mg online - Best Global Meds<\/title>\n<meta name=\"description\" content=\"Kup Tramadol Ultram 200 mg online. Zam\u00f3w dorsza Tramadol na noc. Szczeg\u00f3\u0142y: Tania dostawa online Tramadol przez noc\" \/>\n<meta name=\"robots\" content=\"index, follow, max-snippet:-1, max-image-preview:large, max-video-preview:-1\" \/>\n<link rel=\"canonical\" href=\"https:\/\/medicinasinc.com\/pl\/product\/kup-ultram-tramadol-200-mg\/\" \/>\n<meta property=\"og:locale\" content=\"en_US\" \/>\n<meta property=\"og:type\" content=\"article\" \/>\n<meta property=\"og:title\" content=\"Kup tabletki Ultram Tramadol 200 mg online - Best Global Meds\" \/>\n<meta property=\"og:description\" content=\"Kup Tramadol Ultram 200 mg online. Zam\u00f3w dorsza Tramadol na noc. Szczeg\u00f3\u0142y: Tania dostawa online Tramadol przez noc\" \/>\n<meta property=\"og:url\" content=\"https:\/\/medicinasinc.com\/pl\/product\/kup-ultram-tramadol-200-mg\/\" \/>\n<meta property=\"og:site_name\" content=\"Medicinas Inc\" \/>\n<meta property=\"article:modified_time\" content=\"2022-03-22T00:59:11+00:00\" \/>\n<meta property=\"og:image\" content=\"https:\/\/medicinasinc.com\/pl\/wp-content\/uploads\/sites\/13\/2022\/02\/Buy-Ultram-Tramadol-200mg.jpg\" \/>\n\t<meta property=\"og:image:width\" content=\"300\" \/>\n\t<meta property=\"og:image:height\" content=\"225\" \/>\n\t<meta property=\"og:image:type\" content=\"image\/jpeg\" \/>\n<meta name=\"twitter:card\" content=\"summary_large_image\" \/>\n<meta name=\"twitter:label1\" content=\"Est. reading time\" \/>\n\t<meta name=\"twitter:data1\" content=\"2 minutes\" \/>\n<script type=\"application\/ld+json\" class=\"yoast-schema-graph\">{\"@context\":\"https:\\\/\\\/schema.org\",\"@graph\":[{\"@type\":\"WebPage\",\"@id\":\"https:\\\/\\\/medicinasinc.com\\\/pl\\\/product\\\/kup-ultram-tramadol-200-mg\\\/\",\"url\":\"https:\\\/\\\/medicinasinc.com\\\/pl\\\/product\\\/kup-ultram-tramadol-200-mg\\\/\",\"name\":\"Kup tabletki Ultram Tramadol 200 mg online - Best Global Meds\",\"isPartOf\":{\"@id\":\"https:\\\/\\\/medicinasinc.com\\\/pl\\\/#website\"},\"primaryImageOfPage\":{\"@id\":\"https:\\\/\\\/medicinasinc.com\\\/pl\\\/product\\\/kup-ultram-tramadol-200-mg\\\/#primaryimage\"},\"image\":{\"@id\":\"https:\\\/\\\/medicinasinc.com\\\/pl\\\/product\\\/kup-ultram-tramadol-200-mg\\\/#primaryimage\"},\"thumbnailUrl\":\"https:\\\/\\\/medicinasinc.com\\\/pl\\\/wp-content\\\/uploads\\\/sites\\\/13\\\/2022\\\/02\\\/Buy-Ultram-Tramadol-200mg.jpg\",\"datePublished\":\"2022-02-21T20:57:56+00:00\",\"dateModified\":\"2022-03-22T00:59:11+00:00\",\"description\":\"Kup Tramadol Ultram 200 mg online. Zam\u00f3w dorsza Tramadol na noc. Szczeg\u00f3\u0142y: Tania dostawa online Tramadol przez noc\",\"breadcrumb\":{\"@id\":\"https:\\\/\\\/medicinasinc.com\\\/pl\\\/product\\\/kup-ultram-tramadol-200-mg\\\/#breadcrumb\"},\"inLanguage\":\"en-US\",\"potentialAction\":[{\"@type\":\"ReadAction\",\"target\":[\"https:\\\/\\\/medicinasinc.com\\\/pl\\\/product\\\/kup-ultram-tramadol-200-mg\\\/\"]}]},{\"@type\":\"ImageObject\",\"inLanguage\":\"en-US\",\"@id\":\"https:\\\/\\\/medicinasinc.com\\\/pl\\\/product\\\/kup-ultram-tramadol-200-mg\\\/#primaryimage\",\"url\":\"https:\\\/\\\/medicinasinc.com\\\/pl\\\/wp-content\\\/uploads\\\/sites\\\/13\\\/2022\\\/02\\\/Buy-Ultram-Tramadol-200mg.jpg\",\"contentUrl\":\"https:\\\/\\\/medicinasinc.com\\\/pl\\\/wp-content\\\/uploads\\\/sites\\\/13\\\/2022\\\/02\\\/Buy-Ultram-Tramadol-200mg.jpg\",\"width\":300,\"height\":225},{\"@type\":\"BreadcrumbList\",\"@id\":\"https:\\\/\\\/medicinasinc.com\\\/pl\\\/product\\\/kup-ultram-tramadol-200-mg\\\/#breadcrumb\",\"itemListElement\":[{\"@type\":\"ListItem\",\"position\":1,\"name\":\"Sklep\",\"item\":\"https:\\\/\\\/medicinasinc.com\\\/pl\\\/sklep\\\/\"},{\"@type\":\"ListItem\",\"position\":2,\"name\":\"Kup Ultram Tramadol 200 mg\"}]},{\"@type\":\"WebSite\",\"@id\":\"https:\\\/\\\/medicinasinc.com\\\/pl\\\/#website\",\"url\":\"https:\\\/\\\/medicinasinc.com\\\/pl\\\/\",\"name\":\"Medicinas Inc\",\"description\":\"Health Medical Clinic\",\"potentialAction\":[{\"@type\":\"SearchAction\",\"target\":{\"@type\":\"EntryPoint\",\"urlTemplate\":\"https:\\\/\\\/medicinasinc.com\\\/pl\\\/?s={search_term_string}\"},\"query-input\":{\"@type\":\"PropertyValueSpecification\",\"valueRequired\":true,\"valueName\":\"search_term_string\"}}],\"inLanguage\":\"en-US\"}]}<\/script>\n<!-- \/ Yoast SEO plugin. -->","yoast_head_json":{"title":"Kup tabletki Ultram Tramadol 200 mg online - Best Global Meds","description":"Kup Tramadol Ultram 200 mg online. Zam\u00f3w dorsza Tramadol na noc. Szczeg\u00f3\u0142y: Tania dostawa online Tramadol przez noc","robots":{"index":"index","follow":"follow","max-snippet":"max-snippet:-1","max-image-preview":"max-image-preview:large","max-video-preview":"max-video-preview:-1"},"canonical":"https:\/\/medicinasinc.com\/pl\/product\/kup-ultram-tramadol-200-mg\/","og_locale":"en_US","og_type":"article","og_title":"Kup tabletki Ultram Tramadol 200 mg online - Best Global Meds","og_description":"Kup Tramadol Ultram 200 mg online. Zam\u00f3w dorsza Tramadol na noc. Szczeg\u00f3\u0142y: Tania dostawa online Tramadol przez noc","og_url":"https:\/\/medicinasinc.com\/pl\/product\/kup-ultram-tramadol-200-mg\/","og_site_name":"Medicinas Inc","article_modified_time":"2022-03-22T00:59:11+00:00","og_image":[{"width":300,"height":225,"url":"https:\/\/medicinasinc.com\/pl\/wp-content\/uploads\/sites\/13\/2022\/02\/Buy-Ultram-Tramadol-200mg.jpg","type":"image\/jpeg"}],"twitter_card":"summary_large_image","twitter_misc":{"Est. reading time":"2 minutes"},"schema":{"@context":"https:\/\/schema.org","@graph":[{"@type":"WebPage","@id":"https:\/\/medicinasinc.com\/pl\/product\/kup-ultram-tramadol-200-mg\/","url":"https:\/\/medicinasinc.com\/pl\/product\/kup-ultram-tramadol-200-mg\/","name":"Kup tabletki Ultram Tramadol 200 mg online - Best Global Meds","isPartOf":{"@id":"https:\/\/medicinasinc.com\/pl\/#website"},"primaryImageOfPage":{"@id":"https:\/\/medicinasinc.com\/pl\/product\/kup-ultram-tramadol-200-mg\/#primaryimage"},"image":{"@id":"https:\/\/medicinasinc.com\/pl\/product\/kup-ultram-tramadol-200-mg\/#primaryimage"},"thumbnailUrl":"https:\/\/medicinasinc.com\/pl\/wp-content\/uploads\/sites\/13\/2022\/02\/Buy-Ultram-Tramadol-200mg.jpg","datePublished":"2022-02-21T20:57:56+00:00","dateModified":"2022-03-22T00:59:11+00:00","description":"Kup Tramadol Ultram 200 mg online. Zam\u00f3w dorsza Tramadol na noc. Szczeg\u00f3\u0142y: Tania dostawa online Tramadol przez noc","breadcrumb":{"@id":"https:\/\/medicinasinc.com\/pl\/product\/kup-ultram-tramadol-200-mg\/#breadcrumb"},"inLanguage":"en-US","potentialAction":[{"@type":"ReadAction","target":["https:\/\/medicinasinc.com\/pl\/product\/kup-ultram-tramadol-200-mg\/"]}]},{"@type":"ImageObject","inLanguage":"en-US","@id":"https:\/\/medicinasinc.com\/pl\/product\/kup-ultram-tramadol-200-mg\/#primaryimage","url":"https:\/\/medicinasinc.com\/pl\/wp-content\/uploads\/sites\/13\/2022\/02\/Buy-Ultram-Tramadol-200mg.jpg","contentUrl":"https:\/\/medicinasinc.com\/pl\/wp-content\/uploads\/sites\/13\/2022\/02\/Buy-Ultram-Tramadol-200mg.jpg","width":300,"height":225},{"@type":"BreadcrumbList","@id":"https:\/\/medicinasinc.com\/pl\/product\/kup-ultram-tramadol-200-mg\/#breadcrumb","itemListElement":[{"@type":"ListItem","position":1,"name":"Sklep","item":"https:\/\/medicinasinc.com\/pl\/sklep\/"},{"@type":"ListItem","position":2,"name":"Kup Ultram Tramadol 200 mg"}]},{"@type":"WebSite","@id":"https:\/\/medicinasinc.com\/pl\/#website","url":"https:\/\/medicinasinc.com\/pl\/","name":"Medicinas Inc","description":"Health Medical Clinic","potentialAction":[{"@type":"SearchAction","target":{"@type":"EntryPoint","urlTemplate":"https:\/\/medicinasinc.com\/pl\/?s={search_term_string}"},"query-input":{"@type":"PropertyValueSpecification","valueRequired":true,"valueName":"search_term_string"}}],"inLanguage":"en-US"}]}},"_links":{"self":[{"href":"https:\/\/medicinasinc.com\/pl\/wp-json\/wp\/v2\/product\/5323","targetHints":{"allow":["GET"]}}],"collection":[{"href":"https:\/\/medicinasinc.com\/pl\/wp-json\/wp\/v2\/product"}],"about":[{"href":"https:\/\/medicinasinc.com\/pl\/wp-json\/wp\/v2\/types\/product"}],"replies":[{"embeddable":true,"href":"https:\/\/medicinasinc.com\/pl\/wp-json\/wp\/v2\/comments?post=5323"}],"wp:featuredmedia":[{"embeddable":true,"href":"https:\/\/medicinasinc.com\/pl\/wp-json\/wp\/v2\/media\/5333"}],"wp:attachment":[{"href":"https:\/\/medicinasinc.com\/pl\/wp-json\/wp\/v2\/media?parent=5323"}],"wp:term":[{"taxonomy":"product_brand","embeddable":true,"href":"https:\/\/medicinasinc.com\/pl\/wp-json\/wp\/v2\/product_brand?post=5323"},{"taxonomy":"product_cat","embeddable":true,"href":"https:\/\/medicinasinc.com\/pl\/wp-json\/wp\/v2\/product_cat?post=5323"},{"taxonomy":"product_tag","embeddable":true,"href":"https:\/\/medicinasinc.com\/pl\/wp-json\/wp\/v2\/product_tag?post=5323"}],"curies":[{"name":"wp","href":"https:\/\/api.w.org\/{rel}","templated":true}]}}