{"id":5322,"date":"2022-02-21T20:57:13","date_gmt":"2022-02-21T20:57:13","guid":{"rendered":"https:\/\/medicinasinc.com\/pl\/?post_type=product&#038;p=5322"},"modified":"2022-03-22T00:59:23","modified_gmt":"2022-03-22T00:59:23","slug":"tramadol-100mg","status":"publish","type":"product","link":"https:\/\/medicinasinc.com\/pl\/product\/tramadol-100mg\/","title":{"rendered":"Tramadol 100mg"},"content":{"rendered":"<p>Tramadol 100 mg na silny b\u00f3l<\/p>\n<p>Niekt\u00f3re urazy goj\u0105 si\u0119 latami, podczas kt\u00f3rych ofiara musi znosi\u0107 dyskomfort. B\u00f3l zwi\u0105zany z urazem mo\u017ce waha\u0107 si\u0119 od \u0142agodnego do silnego, w zale\u017cno\u015bci od g\u0142\u0119boko\u015bci i rozmiaru rany. Jednak przeszywaj\u0105cy b\u00f3l mo\u017ce czasami zak\u0142\u00f3ci\u0107 normaln\u0105 rutyn\u0119 osoby. W takich przypadkach ludzie b\u0119d\u0105 musieli wymy\u015bli\u0107 spos\u00f3b na przetrwanie. Mog\u0105 osi\u0105gn\u0105\u0107 zamierzone prze\u017cycie poprzez z\u0142agodzenie cz\u0119\u015bci b\u00f3lu. Mog\u0105 zakupi\u0107 tramadol 100 mg przez Internet z r\u00f3\u017cnych \u017ar\u00f3de\u0142, aby uzyska\u0107 natychmiastow\u0105 ulg\u0119 w b\u00f3lu.<\/p>\n<p>Tramadol 100 mg jest skuteczny<\/p>\n<p>Kup tramadol 100 mg przez Internet, aby pom\u00f3c w u\u015bmierzaniu b\u00f3lu i umo\u017cliwieniu im kontynuacji ich rutyna. Jednak tramadol dzia\u0142a inaczej ni\u017c inne leki. Podstawow\u0105 funkcj\u0105 tabletki jest \u0142agodzenie b\u00f3lu, a nie gojenie rany. Tabletki dzia\u0142aj\u0105 na nerwy b\u00f3lowe m\u00f3zgu. Odr\u0119twia \u017cy\u0142y, zapobiegaj\u0105c odczuwaniu b\u00f3lu. W rezultacie odr\u0119twienie pomo\u017ce im przetrwa\u0107 dzie\u0144 bez zak\u0142\u00f3cania normalnego trybu \u017cycia.<\/p>\n<p>Powa\u017cne reakcje niepo\u017c\u0105dane<\/p>\n<p>W m\u00f3zgu wyst\u0119puje dr\u0119twienie b\u00f3lu, a tabletki modyfikuj\u0105 spos\u00f3b post\u0119powania. funkcje m\u00f3zgu, co powoduje r\u00f3\u017cne trudno\u015bci. Powa\u017cne skutki uboczne obejmuj\u0105 dr\u0119twienie m\u00f3zgu, przej\u015bciow\u0105 utrat\u0119 pami\u0119ci i inne tego rodzaju zaburzenia. Zawroty g\u0142owy i inne trudno\u015bci b\u0119d\u0105 cz\u0119stym zjawiskiem. W rezultacie nale\u017cy dostosowa\u0107 indywidualn\u0105 dawk\u0119 tabletek, aby unikn\u0105\u0107 powa\u017cnych dzia\u0142a\u0144 niepo\u017c\u0105danych.<\/p>\n<p>Zalecana dzienna dawka tabletki wynosi od 50 do 300 mg i nale\u017cy j\u0105 stosowa\u0107 wy\u0142\u0105cznie raz dziennie. Mo\u017cesz dosta\u0107 tramadol online z r\u00f3\u017cnych stron internetowych, ale spo\u017cycie powinno by\u0107 oparte na zaleceniu lekarza. Porada lekarza b\u0119dzie mia\u0142a kluczowe znaczenie w zapobieganiu niekorzystnym konsekwencjom.<\/p>\n","protected":false},"excerpt":{"rendered":"<div class=\"woocommerce-product-details__short-description\">\n<p>Pigu\u0142ki Tramadol SR 100 mg mo\u017cna kupi\u0107 online. Kup Tramadol Online Tramal SR 100 mg bez recepty w cenie, kt\u00f3ra jest o 80% ni\u017csza ni\u017c w aptece w USA.<\/p>\n<\/p><\/div>\n","protected":false},"featured_media":5331,"comment_status":"open","ping_status":"closed","template":"","meta":[],"product_brand":[],"product_cat":[1117],"product_tag":[],"class_list":{"0":"post-5322","1":"product","2":"type-product","3":"status-publish","4":"has-post-thumbnail","6":"product_cat-kup-tabletki-na-bol-spanie-seks","8":"first","9":"instock","10":"shipping-taxable","11":"purchasable","12":"product-type-variable","13":"has-default-attributes"},"yoast_head":"<!-- This site is optimized with the Yoast SEO plugin v27.3 - https:\/\/yoast.com\/product\/yoast-seo-wordpress\/ -->\n<title>Kup tabletki Tramal SR 100 mg online - Best Best Global Meds<\/title>\n<meta name=\"description\" content=\"Kup tabletki Tramal SR 100 mg online. Kup Tramadol Online Tramal SR 100mg bez recepty w cenie o 80% ni\u017cszej ni\u017c w aptekach w USA.\" \/>\n<meta name=\"robots\" content=\"index, follow, max-snippet:-1, max-image-preview:large, max-video-preview:-1\" \/>\n<link rel=\"canonical\" href=\"https:\/\/medicinasinc.com\/pl\/product\/tramadol-100mg\/\" \/>\n<meta property=\"og:locale\" content=\"en_US\" \/>\n<meta property=\"og:type\" content=\"article\" \/>\n<meta property=\"og:title\" content=\"Kup tabletki Tramal SR 100 mg online - Best Best Global Meds\" \/>\n<meta property=\"og:description\" content=\"Kup tabletki Tramal SR 100 mg online. Kup Tramadol Online Tramal SR 100mg bez recepty w cenie o 80% ni\u017cszej ni\u017c w aptekach w USA.\" \/>\n<meta property=\"og:url\" content=\"https:\/\/medicinasinc.com\/pl\/product\/tramadol-100mg\/\" \/>\n<meta property=\"og:site_name\" content=\"Medicinas Inc\" \/>\n<meta property=\"article:modified_time\" content=\"2022-03-22T00:59:23+00:00\" \/>\n<meta property=\"og:image\" content=\"https:\/\/medicinasinc.com\/pl\/wp-content\/uploads\/sites\/13\/2022\/02\/Tramadol-100mg-1.jpg\" \/>\n\t<meta property=\"og:image:width\" content=\"600\" \/>\n\t<meta property=\"og:image:height\" content=\"358\" \/>\n\t<meta property=\"og:image:type\" content=\"image\/jpeg\" \/>\n<meta name=\"twitter:card\" content=\"summary_large_image\" \/>\n<meta name=\"twitter:label1\" content=\"Est. reading time\" \/>\n\t<meta name=\"twitter:data1\" content=\"2 minutes\" \/>\n<script type=\"application\/ld+json\" class=\"yoast-schema-graph\">{\"@context\":\"https:\\\/\\\/schema.org\",\"@graph\":[{\"@type\":\"WebPage\",\"@id\":\"https:\\\/\\\/medicinasinc.com\\\/pl\\\/product\\\/tramadol-100mg\\\/\",\"url\":\"https:\\\/\\\/medicinasinc.com\\\/pl\\\/product\\\/tramadol-100mg\\\/\",\"name\":\"Kup tabletki Tramal SR 100 mg online - Best Best Global Meds\",\"isPartOf\":{\"@id\":\"https:\\\/\\\/medicinasinc.com\\\/pl\\\/#website\"},\"primaryImageOfPage\":{\"@id\":\"https:\\\/\\\/medicinasinc.com\\\/pl\\\/product\\\/tramadol-100mg\\\/#primaryimage\"},\"image\":{\"@id\":\"https:\\\/\\\/medicinasinc.com\\\/pl\\\/product\\\/tramadol-100mg\\\/#primaryimage\"},\"thumbnailUrl\":\"https:\\\/\\\/medicinasinc.com\\\/pl\\\/wp-content\\\/uploads\\\/sites\\\/13\\\/2022\\\/02\\\/Tramadol-100mg-1.jpg\",\"datePublished\":\"2022-02-21T20:57:13+00:00\",\"dateModified\":\"2022-03-22T00:59:23+00:00\",\"description\":\"Kup tabletki Tramal SR 100 mg online. Kup Tramadol Online Tramal SR 100mg bez recepty w cenie o 80% ni\u017cszej ni\u017c w aptekach w USA.\",\"breadcrumb\":{\"@id\":\"https:\\\/\\\/medicinasinc.com\\\/pl\\\/product\\\/tramadol-100mg\\\/#breadcrumb\"},\"inLanguage\":\"en-US\",\"potentialAction\":[{\"@type\":\"ReadAction\",\"target\":[\"https:\\\/\\\/medicinasinc.com\\\/pl\\\/product\\\/tramadol-100mg\\\/\"]}]},{\"@type\":\"ImageObject\",\"inLanguage\":\"en-US\",\"@id\":\"https:\\\/\\\/medicinasinc.com\\\/pl\\\/product\\\/tramadol-100mg\\\/#primaryimage\",\"url\":\"https:\\\/\\\/medicinasinc.com\\\/pl\\\/wp-content\\\/uploads\\\/sites\\\/13\\\/2022\\\/02\\\/Tramadol-100mg-1.jpg\",\"contentUrl\":\"https:\\\/\\\/medicinasinc.com\\\/pl\\\/wp-content\\\/uploads\\\/sites\\\/13\\\/2022\\\/02\\\/Tramadol-100mg-1.jpg\",\"width\":600,\"height\":358},{\"@type\":\"BreadcrumbList\",\"@id\":\"https:\\\/\\\/medicinasinc.com\\\/pl\\\/product\\\/tramadol-100mg\\\/#breadcrumb\",\"itemListElement\":[{\"@type\":\"ListItem\",\"position\":1,\"name\":\"Sklep\",\"item\":\"https:\\\/\\\/medicinasinc.com\\\/pl\\\/sklep\\\/\"},{\"@type\":\"ListItem\",\"position\":2,\"name\":\"Tramadol 100mg\"}]},{\"@type\":\"WebSite\",\"@id\":\"https:\\\/\\\/medicinasinc.com\\\/pl\\\/#website\",\"url\":\"https:\\\/\\\/medicinasinc.com\\\/pl\\\/\",\"name\":\"Medicinas Inc\",\"description\":\"Health Medical Clinic\",\"potentialAction\":[{\"@type\":\"SearchAction\",\"target\":{\"@type\":\"EntryPoint\",\"urlTemplate\":\"https:\\\/\\\/medicinasinc.com\\\/pl\\\/?s={search_term_string}\"},\"query-input\":{\"@type\":\"PropertyValueSpecification\",\"valueRequired\":true,\"valueName\":\"search_term_string\"}}],\"inLanguage\":\"en-US\"}]}<\/script>\n<!-- \/ Yoast SEO plugin. -->","yoast_head_json":{"title":"Kup tabletki Tramal SR 100 mg online - Best Best Global Meds","description":"Kup tabletki Tramal SR 100 mg online. Kup Tramadol Online Tramal SR 100mg bez recepty w cenie o 80% ni\u017cszej ni\u017c w aptekach w USA.","robots":{"index":"index","follow":"follow","max-snippet":"max-snippet:-1","max-image-preview":"max-image-preview:large","max-video-preview":"max-video-preview:-1"},"canonical":"https:\/\/medicinasinc.com\/pl\/product\/tramadol-100mg\/","og_locale":"en_US","og_type":"article","og_title":"Kup tabletki Tramal SR 100 mg online - Best Best Global Meds","og_description":"Kup tabletki Tramal SR 100 mg online. Kup Tramadol Online Tramal SR 100mg bez recepty w cenie o 80% ni\u017cszej ni\u017c w aptekach w USA.","og_url":"https:\/\/medicinasinc.com\/pl\/product\/tramadol-100mg\/","og_site_name":"Medicinas Inc","article_modified_time":"2022-03-22T00:59:23+00:00","og_image":[{"width":600,"height":358,"url":"https:\/\/medicinasinc.com\/pl\/wp-content\/uploads\/sites\/13\/2022\/02\/Tramadol-100mg-1.jpg","type":"image\/jpeg"}],"twitter_card":"summary_large_image","twitter_misc":{"Est. reading time":"2 minutes"},"schema":{"@context":"https:\/\/schema.org","@graph":[{"@type":"WebPage","@id":"https:\/\/medicinasinc.com\/pl\/product\/tramadol-100mg\/","url":"https:\/\/medicinasinc.com\/pl\/product\/tramadol-100mg\/","name":"Kup tabletki Tramal SR 100 mg online - Best Best Global Meds","isPartOf":{"@id":"https:\/\/medicinasinc.com\/pl\/#website"},"primaryImageOfPage":{"@id":"https:\/\/medicinasinc.com\/pl\/product\/tramadol-100mg\/#primaryimage"},"image":{"@id":"https:\/\/medicinasinc.com\/pl\/product\/tramadol-100mg\/#primaryimage"},"thumbnailUrl":"https:\/\/medicinasinc.com\/pl\/wp-content\/uploads\/sites\/13\/2022\/02\/Tramadol-100mg-1.jpg","datePublished":"2022-02-21T20:57:13+00:00","dateModified":"2022-03-22T00:59:23+00:00","description":"Kup tabletki Tramal SR 100 mg online. Kup Tramadol Online Tramal SR 100mg bez recepty w cenie o 80% ni\u017cszej ni\u017c w aptekach w USA.","breadcrumb":{"@id":"https:\/\/medicinasinc.com\/pl\/product\/tramadol-100mg\/#breadcrumb"},"inLanguage":"en-US","potentialAction":[{"@type":"ReadAction","target":["https:\/\/medicinasinc.com\/pl\/product\/tramadol-100mg\/"]}]},{"@type":"ImageObject","inLanguage":"en-US","@id":"https:\/\/medicinasinc.com\/pl\/product\/tramadol-100mg\/#primaryimage","url":"https:\/\/medicinasinc.com\/pl\/wp-content\/uploads\/sites\/13\/2022\/02\/Tramadol-100mg-1.jpg","contentUrl":"https:\/\/medicinasinc.com\/pl\/wp-content\/uploads\/sites\/13\/2022\/02\/Tramadol-100mg-1.jpg","width":600,"height":358},{"@type":"BreadcrumbList","@id":"https:\/\/medicinasinc.com\/pl\/product\/tramadol-100mg\/#breadcrumb","itemListElement":[{"@type":"ListItem","position":1,"name":"Sklep","item":"https:\/\/medicinasinc.com\/pl\/sklep\/"},{"@type":"ListItem","position":2,"name":"Tramadol 100mg"}]},{"@type":"WebSite","@id":"https:\/\/medicinasinc.com\/pl\/#website","url":"https:\/\/medicinasinc.com\/pl\/","name":"Medicinas Inc","description":"Health Medical Clinic","potentialAction":[{"@type":"SearchAction","target":{"@type":"EntryPoint","urlTemplate":"https:\/\/medicinasinc.com\/pl\/?s={search_term_string}"},"query-input":{"@type":"PropertyValueSpecification","valueRequired":true,"valueName":"search_term_string"}}],"inLanguage":"en-US"}]}},"_links":{"self":[{"href":"https:\/\/medicinasinc.com\/pl\/wp-json\/wp\/v2\/product\/5322","targetHints":{"allow":["GET"]}}],"collection":[{"href":"https:\/\/medicinasinc.com\/pl\/wp-json\/wp\/v2\/product"}],"about":[{"href":"https:\/\/medicinasinc.com\/pl\/wp-json\/wp\/v2\/types\/product"}],"replies":[{"embeddable":true,"href":"https:\/\/medicinasinc.com\/pl\/wp-json\/wp\/v2\/comments?post=5322"}],"wp:featuredmedia":[{"embeddable":true,"href":"https:\/\/medicinasinc.com\/pl\/wp-json\/wp\/v2\/media\/5331"}],"wp:attachment":[{"href":"https:\/\/medicinasinc.com\/pl\/wp-json\/wp\/v2\/media?parent=5322"}],"wp:term":[{"taxonomy":"product_brand","embeddable":true,"href":"https:\/\/medicinasinc.com\/pl\/wp-json\/wp\/v2\/product_brand?post=5322"},{"taxonomy":"product_cat","embeddable":true,"href":"https:\/\/medicinasinc.com\/pl\/wp-json\/wp\/v2\/product_cat?post=5322"},{"taxonomy":"product_tag","embeddable":true,"href":"https:\/\/medicinasinc.com\/pl\/wp-json\/wp\/v2\/product_tag?post=5322"}],"curies":[{"name":"wp","href":"https:\/\/api.w.org\/{rel}","templated":true}]}}