{"id":5309,"date":"2022-02-21T18:36:34","date_gmt":"2022-02-21T18:36:34","guid":{"rendered":"https:\/\/medicinasinc.com\/pl\/?post_type=product&#038;p=5309"},"modified":"2022-03-22T00:59:43","modified_gmt":"2022-03-22T00:59:43","slug":"kup-restoril-30-mg-temazepam-pigulki","status":"publish","type":"product","link":"https:\/\/medicinasinc.com\/pl\/product\/kup-restoril-30-mg-temazepam-pigulki\/","title":{"rendered":"Kup tabletki Temazepam Restoril 30 mg"},"content":{"rendered":"<div class=\"product-next-previous\">\n<div>\n<p>Apteczka internetowa do zakupu tabletek Restoril Temezepam (30 mg)<br \/> Restoril: co to jest i jak jest u\u017cywane?<\/p>\n<p> Restoril to lek na recept\u0119 stosowany w leczeniu problem\u00f3w z bezsenno\u015bci\u0105. Restoril mo\u017cna przyjmowa\u0107 samodzielnie lub w po\u0142\u0105czeniu z innymi lekami.<\/p>\n<p>Restoril jest lekiem uspokajaj\u0105cym\/nasennym.<\/p>\n<p>Nie wiadomo, czy Restoril jest bezpieczny ani skuteczny u dzieci.<\/p>\n<p>Jakie s\u0105 prawdopodobne zagro\u017cenia zwi\u0105zane z Restoril?<\/p>\n<p>Restoril mo\u017ce mie\u0107 powa\u017cne negatywne skutki, w tym:<\/p>\n<p>Zamieszanie, pobudzenie, agresywno\u015b\u0107, halucynacje, niepok\u00f3j, problemy z pami\u0119ci\u0105, i smutny nastr\u00f3j to objawy schizofrenii.<\/p>\n<p>&nbsp;<\/p>\n<p>Temazepam, podobnie jak wiele innych podobnych i pokrewnych benzodiazepin, dzia\u0142a jako modulator GABA i mo\u017ce wywo\u0142ywa\u0107 szereg efekt\u00f3w, w tym senno\u015b\u0107, hipnoza, rozlu\u017anienie mi\u0119\u015bni szkieletowych, dzia\u0142anie przeciwdrgawkowe i dzia\u0142anie przeciwl\u0119kowe 6,7,13,14.<\/p>\n<p>Chocia\u017c chemiczna synteza temazepamu zosta\u0142a odkryta w 1965 r. 9, jego powszechne wsp\u00f3\u0142czesne zastosowanie rozpocz\u0119\u0142o si\u0119 dopiero Prawdziwe zastosowanie leku w leczeniu bezsenno\u015bci zosta\u0142o p\u00f3\u017aniej rozpoznane i zarejestrowane. Zanim temazepam sta\u0142 si\u0119 powszechnie przepisywanym lekiem dla ludno\u015bci cywilnej, by\u0142 \u2013 i nadal jest \u2013 u\u017cywany przez wojsko USA jako lek uspokajaj\u0105co-nasenny, przyjmowany przez \u017co\u0142nierzy, pilot\u00f3w i inne osoby w celu uzyskania odpoczynku potrzebnego do powrotu do zdrowia lub zaplanowane manewry i operacje 10. Niezale\u017cnie od tego, temazepam sta\u0142 si\u0119 jednym z najcz\u0119\u015bciej przepisywanych lek\u00f3w na \u015bwiecie, z milionami recept wypisywanych ka\u017cdego roku. Niestety, ze wzgl\u0119du na jego szerokie zastosowanie i nieod\u0142\u0105czny charakter jego dzia\u0142ania farmakologicznego, temazepam \u2013 podobnie jak wiele innych benzodiazepin \u2013 ma znaczny potencja\u0142 nadu\u017cywania i mo\u017ce powodowa\u0107 u u\u017cytkownik\u00f3w rozw\u00f3j tolerancji na leki, uzale\u017cnienia fizycznego i uzale\u017cnienia.<\/p>\n<p>GroupsApproved, InvestigationalStructureSmall Molecules<\/p>\n<div class=\"structure\"><a class=\"moldbi-vector-thumbnail\" href=\"https:\/\/go.drugbank.com\/structures\/DB00231\/image.svg\"><img decoding=\"async\" src=\"https:\/\/go.drugbank.com\/structures\/DB00231\/thumb.svg\" alt=\"Kciuk\" \/><\/a><\/div>\n<dl class=\"right-dl col- xl-6 col-lg-12\"><\/dl>\n<\/p><\/div>\n<div class=\"product-prev\"><strong>temazepam (restoril), temazepam restoril, restoril temazepam, skutki uboczne temazepam (restoril), temazepam (restoril, kup restoril temazepam online, kup temazepam (restoril), generyczny temazepam restoril, kup temazepam restoril, restoril (temazepam) 30 mg na sprzeda\u017c, czy temazepam jest taki sam jak restoril, temazepam (restoril) davis, temazepam (restoril) pigu\u0142ka bottl e, gdzie mo\u017cna kupi\u0107 temazepam (restoril), temazepam (restoril) cvs, temazepam (restoril) buy, temazepam tak samo jak restoril, temazepam (restoril)\u00a0<img decoding=\"async\" class=\"emoji\" role=\"img\" src=\"https:\/ \/sworg\/images\/core\/emoji\/13.1.0\/svg\/2714.svg\" alt=\"\u2714\" \/>\u00a0<img decoding=\"async\" class=\"emoji\" role=\"img\" src=\"https:\/\/sworg\/images \/core\/emoji\/13.1.0\/svg\/2714.svg\" alt=\"\u2714\" \/>\u00a0<img decoding=\"async\" class=\"emoji\" role=\"img\" src=\"https:\/\/sworg\/images\/core\/emoji\/ 13.1.0\/svg\/2714.svg\" alt=\"\u2714\" \/>, restoril temazepam 30mg, bezpieczna alternatywa dla restoril (temazepam), cena temazepam (restoril), temazepam (restoril) otc, skutki uboczne temazepam restoril, temazepam (marka name restoril), restoril (temazepam)<\/strong><\/div><\/div>\n<div class=\"product-next-previous\">\n<div class=\"product-prev\"><\/div><\/div>\n","protected":false},"excerpt":{"rendered":"<p>Kup Restoril 30 mg tabletki Temezepamu mo\u017cna kupi\u0107 online.<\/p>\n<p>Nazwa marki:\u00a0<strong>Restoril<\/strong><br \/> Og\u00f3lne:\u00a0<strong>Temazepam<\/strong><br \/> Si\u0142a Dost\u0119pne: 30 mg<br \/> Opakowanie: Blister<br \/> Wyprodukowane przez: Novartis<\/p>\n<p>&nbsp;<\/p>\n","protected":false},"featured_media":5319,"comment_status":"open","ping_status":"closed","template":"","meta":[],"product_brand":[],"product_cat":[1117],"product_tag":[1863,1852,1854,1878,1851,1853,1855,1860,1857,1858,1861,1856,1859,1862,1872,1874,1864,1865,1866,1870,1871,1867,1868,1869,1873,1875,1876,1877],"class_list":{"0":"post-5309","1":"product","2":"type-product","3":"status-publish","4":"has-post-thumbnail","6":"product_cat-kup-tabletki-na-bol-spanie-seks","7":"product_tag-bezpieczna-alternatywa-do-przywrcenia-temazepam","8":"product_tag-buy-temazepam-restoril","9":"product_tag-czy-temazepam-to-ten-sam-co-restoril","10":"product_tag-gdzie-mona-kupi-temazepam-restoril","11":"product_tag-kup-restoril-temazepam-online","12":"product_tag-generic-restoril-temazepam","13":"product_tag-over-the-counter-zamiennik-temazepam","14":"product_tag-restoril-tablet-online","15":"product_tag-restoril-15-mg","16":"product_tag-restoril-15-mg-online","17":"product_tag-restoril-temazepam","18":"product_tag-restoril-temazepam-30mg-na-sprzeda","19":"product_tag-restoril-30-mg-cena","20":"product_tag-restoril-temazepam-30mg","21":"product_tag-temazepam-restoril-skutki-uboczne","22":"product_tag-skutki-uboczne-temazepam-30-mg","23":"product_tag-temazepam-marka-restoril","24":"product_tag-temazepam-restoril","25":"product_tag-temazepam-restoril---","26":"product_tag-temazepam-restoril-butelka-piguka","27":"product_tag-temazepam-restoril-cena","28":"product_tag-temazepam-restoril-cvs","29":"product_tag-temazepam-restoril-davis","30":"product_tag-temazepam-restoril-otc","31":"product_tag-temazepam-30-mg","32":"product_tag-temazepam-restoril-kup","33":"product_tag-temazepam-taki-sam-jak-przywrcenie","34":"product_tag-temazepam-odchudzanie","36":"first","37":"instock","38":"shipping-taxable","39":"purchasable","40":"product-type-variable","41":"has-default-attributes"},"yoast_head":"<!-- This site is optimized with the Yoast SEO plugin v27.3 - https:\/\/yoast.com\/product\/yoast-seo-wordpress\/ -->\n<title>Kup tabletki Restoril 30 mg Temazepam - Najlepsze najlepsze globalne leki<\/title>\n<meta name=\"description\" content=\"Tabletka z nadrukiem RESTORIL 30 mg M FOR SLEEP ma kolor niebieski\/bordowy, w kszta\u0142cie kapsu\u0142ki i zosta\u0142a zidentyfikowana jako Restoril 30 mg. Sprzedam RESTORIL 30 mg M NA SEN.\" \/>\n<meta name=\"robots\" content=\"index, follow, max-snippet:-1, max-image-preview:large, max-video-preview:-1\" \/>\n<link rel=\"canonical\" href=\"https:\/\/medicinasinc.com\/pl\/product\/kup-restoril-30-mg-temazepam-pigulki\/\" \/>\n<meta property=\"og:locale\" content=\"en_US\" \/>\n<meta property=\"og:type\" content=\"article\" \/>\n<meta property=\"og:title\" content=\"Kup tabletki Restoril 30 mg Temazepam - Najlepsze najlepsze globalne leki\" \/>\n<meta property=\"og:description\" content=\"Tabletka z nadrukiem RESTORIL 30 mg M FOR SLEEP ma kolor niebieski\/bordowy, w kszta\u0142cie kapsu\u0142ki i zosta\u0142a zidentyfikowana jako Restoril 30 mg. Sprzedam RESTORIL 30 mg M NA SEN.\" \/>\n<meta property=\"og:url\" content=\"https:\/\/medicinasinc.com\/pl\/product\/kup-restoril-30-mg-temazepam-pigulki\/\" \/>\n<meta property=\"og:site_name\" content=\"Medicinas Inc\" \/>\n<meta property=\"article:modified_time\" content=\"2022-03-22T00:59:43+00:00\" \/>\n<meta property=\"og:image\" content=\"https:\/\/medicinasinc.com\/pl\/wp-content\/uploads\/sites\/13\/2022\/02\/Buy-Restoril-30-mg-Temazepam-pills.jpg\" \/>\n\t<meta property=\"og:image:width\" content=\"2064\" \/>\n\t<meta property=\"og:image:height\" content=\"1073\" \/>\n\t<meta property=\"og:image:type\" content=\"image\/jpeg\" \/>\n<meta name=\"twitter:card\" content=\"summary_large_image\" \/>\n<meta name=\"twitter:label1\" content=\"Est. reading time\" \/>\n\t<meta name=\"twitter:data1\" content=\"3 minutes\" \/>\n<script type=\"application\/ld+json\" class=\"yoast-schema-graph\">{\"@context\":\"https:\\\/\\\/schema.org\",\"@graph\":[{\"@type\":\"WebPage\",\"@id\":\"https:\\\/\\\/medicinasinc.com\\\/pl\\\/product\\\/kup-restoril-30-mg-temazepam-pigulki\\\/\",\"url\":\"https:\\\/\\\/medicinasinc.com\\\/pl\\\/product\\\/kup-restoril-30-mg-temazepam-pigulki\\\/\",\"name\":\"Kup tabletki Restoril 30 mg Temazepam - Najlepsze najlepsze globalne leki\",\"isPartOf\":{\"@id\":\"https:\\\/\\\/medicinasinc.com\\\/pl\\\/#website\"},\"primaryImageOfPage\":{\"@id\":\"https:\\\/\\\/medicinasinc.com\\\/pl\\\/product\\\/kup-restoril-30-mg-temazepam-pigulki\\\/#primaryimage\"},\"image\":{\"@id\":\"https:\\\/\\\/medicinasinc.com\\\/pl\\\/product\\\/kup-restoril-30-mg-temazepam-pigulki\\\/#primaryimage\"},\"thumbnailUrl\":\"https:\\\/\\\/medicinasinc.com\\\/pl\\\/wp-content\\\/uploads\\\/sites\\\/13\\\/2022\\\/02\\\/Buy-Restoril-30-mg-Temazepam-pills.jpg\",\"datePublished\":\"2022-02-21T18:36:34+00:00\",\"dateModified\":\"2022-03-22T00:59:43+00:00\",\"description\":\"Tabletka z nadrukiem RESTORIL 30 mg M FOR SLEEP ma kolor niebieski\\\/bordowy, w kszta\u0142cie kapsu\u0142ki i zosta\u0142a zidentyfikowana jako Restoril 30 mg. Sprzedam RESTORIL 30 mg M NA SEN.\",\"breadcrumb\":{\"@id\":\"https:\\\/\\\/medicinasinc.com\\\/pl\\\/product\\\/kup-restoril-30-mg-temazepam-pigulki\\\/#breadcrumb\"},\"inLanguage\":\"en-US\",\"potentialAction\":[{\"@type\":\"ReadAction\",\"target\":[\"https:\\\/\\\/medicinasinc.com\\\/pl\\\/product\\\/kup-restoril-30-mg-temazepam-pigulki\\\/\"]}]},{\"@type\":\"ImageObject\",\"inLanguage\":\"en-US\",\"@id\":\"https:\\\/\\\/medicinasinc.com\\\/pl\\\/product\\\/kup-restoril-30-mg-temazepam-pigulki\\\/#primaryimage\",\"url\":\"https:\\\/\\\/medicinasinc.com\\\/pl\\\/wp-content\\\/uploads\\\/sites\\\/13\\\/2022\\\/02\\\/Buy-Restoril-30-mg-Temazepam-pills.jpg\",\"contentUrl\":\"https:\\\/\\\/medicinasinc.com\\\/pl\\\/wp-content\\\/uploads\\\/sites\\\/13\\\/2022\\\/02\\\/Buy-Restoril-30-mg-Temazepam-pills.jpg\",\"width\":2064,\"height\":1073},{\"@type\":\"BreadcrumbList\",\"@id\":\"https:\\\/\\\/medicinasinc.com\\\/pl\\\/product\\\/kup-restoril-30-mg-temazepam-pigulki\\\/#breadcrumb\",\"itemListElement\":[{\"@type\":\"ListItem\",\"position\":1,\"name\":\"Sklep\",\"item\":\"https:\\\/\\\/medicinasinc.com\\\/pl\\\/sklep\\\/\"},{\"@type\":\"ListItem\",\"position\":2,\"name\":\"Kup tabletki Temazepam Restoril 30 mg\"}]},{\"@type\":\"WebSite\",\"@id\":\"https:\\\/\\\/medicinasinc.com\\\/pl\\\/#website\",\"url\":\"https:\\\/\\\/medicinasinc.com\\\/pl\\\/\",\"name\":\"Medicinas Inc\",\"description\":\"Health Medical Clinic\",\"potentialAction\":[{\"@type\":\"SearchAction\",\"target\":{\"@type\":\"EntryPoint\",\"urlTemplate\":\"https:\\\/\\\/medicinasinc.com\\\/pl\\\/?s={search_term_string}\"},\"query-input\":{\"@type\":\"PropertyValueSpecification\",\"valueRequired\":true,\"valueName\":\"search_term_string\"}}],\"inLanguage\":\"en-US\"}]}<\/script>\n<!-- \/ Yoast SEO plugin. -->","yoast_head_json":{"title":"Kup tabletki Restoril 30 mg Temazepam - Najlepsze najlepsze globalne leki","description":"Tabletka z nadrukiem RESTORIL 30 mg M FOR SLEEP ma kolor niebieski\/bordowy, w kszta\u0142cie kapsu\u0142ki i zosta\u0142a zidentyfikowana jako Restoril 30 mg. Sprzedam RESTORIL 30 mg M NA SEN.","robots":{"index":"index","follow":"follow","max-snippet":"max-snippet:-1","max-image-preview":"max-image-preview:large","max-video-preview":"max-video-preview:-1"},"canonical":"https:\/\/medicinasinc.com\/pl\/product\/kup-restoril-30-mg-temazepam-pigulki\/","og_locale":"en_US","og_type":"article","og_title":"Kup tabletki Restoril 30 mg Temazepam - Najlepsze najlepsze globalne leki","og_description":"Tabletka z nadrukiem RESTORIL 30 mg M FOR SLEEP ma kolor niebieski\/bordowy, w kszta\u0142cie kapsu\u0142ki i zosta\u0142a zidentyfikowana jako Restoril 30 mg. Sprzedam RESTORIL 30 mg M NA SEN.","og_url":"https:\/\/medicinasinc.com\/pl\/product\/kup-restoril-30-mg-temazepam-pigulki\/","og_site_name":"Medicinas Inc","article_modified_time":"2022-03-22T00:59:43+00:00","og_image":[{"width":2064,"height":1073,"url":"https:\/\/medicinasinc.com\/pl\/wp-content\/uploads\/sites\/13\/2022\/02\/Buy-Restoril-30-mg-Temazepam-pills.jpg","type":"image\/jpeg"}],"twitter_card":"summary_large_image","twitter_misc":{"Est. reading time":"3 minutes"},"schema":{"@context":"https:\/\/schema.org","@graph":[{"@type":"WebPage","@id":"https:\/\/medicinasinc.com\/pl\/product\/kup-restoril-30-mg-temazepam-pigulki\/","url":"https:\/\/medicinasinc.com\/pl\/product\/kup-restoril-30-mg-temazepam-pigulki\/","name":"Kup tabletki Restoril 30 mg Temazepam - Najlepsze najlepsze globalne leki","isPartOf":{"@id":"https:\/\/medicinasinc.com\/pl\/#website"},"primaryImageOfPage":{"@id":"https:\/\/medicinasinc.com\/pl\/product\/kup-restoril-30-mg-temazepam-pigulki\/#primaryimage"},"image":{"@id":"https:\/\/medicinasinc.com\/pl\/product\/kup-restoril-30-mg-temazepam-pigulki\/#primaryimage"},"thumbnailUrl":"https:\/\/medicinasinc.com\/pl\/wp-content\/uploads\/sites\/13\/2022\/02\/Buy-Restoril-30-mg-Temazepam-pills.jpg","datePublished":"2022-02-21T18:36:34+00:00","dateModified":"2022-03-22T00:59:43+00:00","description":"Tabletka z nadrukiem RESTORIL 30 mg M FOR SLEEP ma kolor niebieski\/bordowy, w kszta\u0142cie kapsu\u0142ki i zosta\u0142a zidentyfikowana jako Restoril 30 mg. Sprzedam RESTORIL 30 mg M NA SEN.","breadcrumb":{"@id":"https:\/\/medicinasinc.com\/pl\/product\/kup-restoril-30-mg-temazepam-pigulki\/#breadcrumb"},"inLanguage":"en-US","potentialAction":[{"@type":"ReadAction","target":["https:\/\/medicinasinc.com\/pl\/product\/kup-restoril-30-mg-temazepam-pigulki\/"]}]},{"@type":"ImageObject","inLanguage":"en-US","@id":"https:\/\/medicinasinc.com\/pl\/product\/kup-restoril-30-mg-temazepam-pigulki\/#primaryimage","url":"https:\/\/medicinasinc.com\/pl\/wp-content\/uploads\/sites\/13\/2022\/02\/Buy-Restoril-30-mg-Temazepam-pills.jpg","contentUrl":"https:\/\/medicinasinc.com\/pl\/wp-content\/uploads\/sites\/13\/2022\/02\/Buy-Restoril-30-mg-Temazepam-pills.jpg","width":2064,"height":1073},{"@type":"BreadcrumbList","@id":"https:\/\/medicinasinc.com\/pl\/product\/kup-restoril-30-mg-temazepam-pigulki\/#breadcrumb","itemListElement":[{"@type":"ListItem","position":1,"name":"Sklep","item":"https:\/\/medicinasinc.com\/pl\/sklep\/"},{"@type":"ListItem","position":2,"name":"Kup tabletki Temazepam Restoril 30 mg"}]},{"@type":"WebSite","@id":"https:\/\/medicinasinc.com\/pl\/#website","url":"https:\/\/medicinasinc.com\/pl\/","name":"Medicinas Inc","description":"Health Medical Clinic","potentialAction":[{"@type":"SearchAction","target":{"@type":"EntryPoint","urlTemplate":"https:\/\/medicinasinc.com\/pl\/?s={search_term_string}"},"query-input":{"@type":"PropertyValueSpecification","valueRequired":true,"valueName":"search_term_string"}}],"inLanguage":"en-US"}]}},"_links":{"self":[{"href":"https:\/\/medicinasinc.com\/pl\/wp-json\/wp\/v2\/product\/5309","targetHints":{"allow":["GET"]}}],"collection":[{"href":"https:\/\/medicinasinc.com\/pl\/wp-json\/wp\/v2\/product"}],"about":[{"href":"https:\/\/medicinasinc.com\/pl\/wp-json\/wp\/v2\/types\/product"}],"replies":[{"embeddable":true,"href":"https:\/\/medicinasinc.com\/pl\/wp-json\/wp\/v2\/comments?post=5309"}],"wp:featuredmedia":[{"embeddable":true,"href":"https:\/\/medicinasinc.com\/pl\/wp-json\/wp\/v2\/media\/5319"}],"wp:attachment":[{"href":"https:\/\/medicinasinc.com\/pl\/wp-json\/wp\/v2\/media?parent=5309"}],"wp:term":[{"taxonomy":"product_brand","embeddable":true,"href":"https:\/\/medicinasinc.com\/pl\/wp-json\/wp\/v2\/product_brand?post=5309"},{"taxonomy":"product_cat","embeddable":true,"href":"https:\/\/medicinasinc.com\/pl\/wp-json\/wp\/v2\/product_cat?post=5309"},{"taxonomy":"product_tag","embeddable":true,"href":"https:\/\/medicinasinc.com\/pl\/wp-json\/wp\/v2\/product_tag?post=5309"}],"curies":[{"name":"wp","href":"https:\/\/api.w.org\/{rel}","templated":true}]}}