{"id":5296,"date":"2022-02-21T18:20:49","date_gmt":"2022-02-21T18:20:49","guid":{"rendered":"https:\/\/medicinasinc.com\/pl\/?post_type=product&#038;p=5296"},"modified":"2022-03-22T00:59:53","modified_gmt":"2022-03-22T00:59:53","slug":"kup-phenida-10mg-pigulki","status":"publish","type":"product","link":"https:\/\/medicinasinc.com\/pl\/product\/kup-phenida-10mg-pigulki\/","title":{"rendered":"Kup tabletki Phenida 10 mg"},"content":{"rendered":"<p>Phenida (metylofenidat hcl) tabletki 10 mg mo\u017cna kupi\u0107 w Internecie.<\/p>\n<p>Mamy najlepsz\u0105 aptek\u0119 internetow\u0105, w kt\u00f3rej mo\u017cesz kupi\u0107 Phenid\u0119, wi\u0119c kup j\u0105 teraz.<\/p>\n<p>Phenida jest lek, kt\u00f3ry pomaga ludziom z ADD\/ADHD. Tutaj mo\u017cesz znale\u017a\u0107 wi\u0119cej informacji na temat ADD\/ADHD i innych zjawisk.<\/p>\n<p>ADD\/ADHD:<\/p>\n<p>Je\u015bli masz ADHD, mo\u017cesz nie by\u0107 w stanie skupi\u0107 uwagi, b\u0105d\u017a zbyt aktywny lub nie mo\u017cesz kontrolowa\u0107 swojego zachowania. Wiek i rozw\u00f3j osoby nie mog\u0105 powodowa\u0107 ADHD, je\u015bli s\u0105 one poza normalnym zakresem wieku lub rozwoju tej osoby.<\/p>\n<p>Leki na ADD i ADHD? Ta strona sprzedaje fenida (metylofenidat hcl) 10 mg.<\/p>\n<p>Zesp\u00f3\u0142 nadpobudliwo\u015bci psychoruchowej z deficytem uwagi (ADHD) jest jednym z najcz\u0119stszych zaburze\u0144 wieku dzieci\u0119cego i mo\u017ce trwa\u0107 przez okres dojrzewania i doros\u0142o\u015b\u0107. W\u015br\u00f3d objaw\u00f3w s\u0105 problemy z koncentracj\u0105 i skupieniem uwagi, problemy z kontrolowaniem zachowania i nadpobudliwo\u015b\u0107 (nadmierna aktywno\u015b\u0107).<\/p>\n<p>Aby kupi\u0107 tabletki ADD (zaburzenie deficytu uwagi) online bez recepty, mo\u017cesz wej\u015b\u0107 na stron\u0119 internetow\u0105 .<\/p>\n<p>Oto r\u00f3\u017cne rodzaje metylofenidatu: metylofenidat HCL, metylofenidat HCL, metylofenidat HCL ER, metylofenidat HCL, metylofenidat HCL, metylofenidat HCL, metylofenidat HCL 20 mg, metylofenidat HCL 10 mg i metylofenidat HCL Kiedy kupujesz tabletki metylofenidatu hcl, czym one s\u0105? metylofenidat hcl er 20 mg, metylofenidat hcl 18 mg, metylofenidat hcl er cd, metylofenidat hcl er 10 mg, metylofenidat hcl i metylofenidat hcl vs metylofenidat hcl to tylko niekt\u00f3re z pyta\u0144, kt\u00f3re ludzie mi zadaj\u0105.<\/p>\n","protected":false},"excerpt":{"rendered":"<div class=\"woocommerce-product-details__short-description\">\n<p>Phenida w tabletkach 10 mg mo\u017cna kupi\u0107 online. dost\u0119pne bez recepty tabletki nasenne, apteka internetowa w Wielkiej Brytanii, tabletki sterydowe na sprzeda\u017c, silne tabletki nasenne, leki przeciwb\u00f3lowe.<\/p>\n<\/p><\/div>\n","protected":false},"featured_media":5307,"comment_status":"open","ping_status":"closed","template":"","meta":[],"product_brand":[],"product_cat":[1117],"product_tag":[1795,1794,1829,1797,1836,1801,1802,1803,1813,1848,1847,1846,1806,1808,1807,1809,1838,1839,1844,1849,1804,1798,1799,1800,1810,1815,1816,1817,1818,1823,1824,1825,1826,1811,1812,1814,1819,1820,1821,1822,1828,1796,1805,1830,1831,1832,1833,1834,1837,1842,1843,1845,1840,1841,1835,1827,1850],"class_list":{"0":"post-5296","1":"product","2":"type-product","3":"status-publish","4":"has-post-thumbnail","6":"product_cat-kup-tabletki-na-bol-spanie-seks","7":"product_tag-adhd","8":"product_tag-akceptuje-paypal","9":"product_tag-bez-recepty","10":"product_tag-bugaria-fenida","11":"product_tag-fenida-butelka","12":"product_tag-buy-phenidano-prescription","13":"product_tag-buy-phenida-10mg","14":"product_tag-buyphenidacredit-card","15":"product_tag-metylofenidat-hcl-20-mg","16":"product_tag-co-to-fenida","17":"product_tag-co-to-jest-metylofenidat-hcl","18":"product_tag-co-znaczy-fenida","19":"product_tag-czy-focalin-zwana-te-fenida","20":"product_tag-jest-fenida-taka-sama-jak-ritalin","21":"product_tag-jest-phenida-ta-sama-adderal","22":"product_tag-jest-phenida-same-asadder","23":"product_tag-phenida-bez-recepty","24":"product_tag-phenida-online","25":"product_tag-fenida-ritalin-zafa","26":"product_tag-gdzie-kupi-phenida","27":"product_tag-generyczna-ritalina-fenida","28":"product_tag-kup-fenida","29":"product_tag-kup-fenida-metylofenidat-hcl-10mg-online","30":"product_tag-kup-phenida-online","31":"product_tag-methylphenidate-hcl","32":"product_tag-methylphenidate-hcl-5mg","33":"product_tag-methylphenidate-hcl-cd","34":"product_tag-methylphenidate-hcl-dosage-forms","35":"product_tag-methylphenidate-hcl-er","36":"product_tag-methylphenidate-hcl-er-36-mg","37":"product_tag-methylphenidate-hcl-er-54-mg","38":"product_tag-methylphenidate-hcl-er-cd","39":"product_tag-methylphenidate-hcl-er-tablets","40":"product_tag-metylofenidat-hcl-10mg","41":"product_tag-metylofenidat-hcl-18mg","42":"product_tag-metylofenidat-hcl-20mg","43":"product_tag-metylofenidat-hcl-er-10-mg","44":"product_tag-metylofenidat-hcl-er-18-mg","45":"product_tag-metylofenidat-hcl-er-20-mg","46":"product_tag-metylofenidat-hcl-er-27-mg","47":"product_tag-metylofenidat-vs-metylofenidat-hcl","48":"product_tag-best-fenida-metylofenidat-hcl-10mg-online","49":"product_tag-generyczne-fenida","50":"product_tag-orderphenida","51":"product_tag-phenida","52":"product_tag-phenida-methylphenidate-hcl-10mg","53":"product_tag-fenida-metylofenidat-hcl-10mg-for-sale-online","54":"product_tag-fenida-metylofenidat-hcl-10mg-cena","55":"product_tag-phenida-bulgeria","56":"product_tag-phenida-reviews","57":"product_tag-phenida-ritalin","58":"product_tag-phenida-zafa","59":"product_tag-phenida-online-zaufana-apteka","60":"product_tag-phenida-online-zaufana-apteka-bitcoin","61":"product_tag-fenida-metylofenidat-hcl-10mg-recenzja","62":"product_tag-skutki-uboczne-metylofenidatu-hcl","63":"product_tag-zafa-fenida","65":"first","66":"instock","67":"shipping-taxable","68":"purchasable","69":"product-type-variable","70":"has-default-attributes"},"yoast_head":"<!-- This site is optimized with the Yoast SEO plugin v27.3 - https:\/\/yoast.com\/product\/yoast-seo-wordpress\/ -->\n<title>Kup tabletki Phenida 10 mg - najlepsze najlepsze \u015bwiatowe leki<\/title>\n<meta name=\"description\" content=\"Kup Phenida 10mg tabletki online. bez recepty tabletki nasenne, zamawiaj tabletki online, sterydy na sprzeda\u017c, silne tabletki nasenne, leki przeciwb\u00f3lowe, apteka internetowa uk.\" \/>\n<meta name=\"robots\" content=\"index, follow, max-snippet:-1, max-image-preview:large, max-video-preview:-1\" \/>\n<link rel=\"canonical\" href=\"https:\/\/medicinasinc.com\/pl\/product\/kup-phenida-10mg-pigulki\/\" \/>\n<meta property=\"og:locale\" content=\"en_US\" \/>\n<meta property=\"og:type\" content=\"article\" \/>\n<meta property=\"og:title\" content=\"Kup tabletki Phenida 10 mg - najlepsze najlepsze \u015bwiatowe leki\" \/>\n<meta property=\"og:description\" content=\"Kup Phenida 10mg tabletki online. bez recepty tabletki nasenne, zamawiaj tabletki online, sterydy na sprzeda\u017c, silne tabletki nasenne, leki przeciwb\u00f3lowe, apteka internetowa uk.\" \/>\n<meta property=\"og:url\" content=\"https:\/\/medicinasinc.com\/pl\/product\/kup-phenida-10mg-pigulki\/\" \/>\n<meta property=\"og:site_name\" content=\"Medicinas Inc\" \/>\n<meta property=\"article:modified_time\" content=\"2022-03-22T00:59:53+00:00\" \/>\n<meta property=\"og:image\" content=\"https:\/\/medicinasinc.com\/pl\/wp-content\/uploads\/sites\/13\/2022\/02\/buy-phenida-10mg-pills-online.jpg\" \/>\n\t<meta property=\"og:image:width\" content=\"600\" \/>\n\t<meta property=\"og:image:height\" content=\"600\" \/>\n\t<meta property=\"og:image:type\" content=\"image\/jpeg\" \/>\n<meta name=\"twitter:card\" content=\"summary_large_image\" \/>\n<meta name=\"twitter:label1\" content=\"Est. reading time\" \/>\n\t<meta name=\"twitter:data1\" content=\"2 minutes\" \/>\n<script type=\"application\/ld+json\" class=\"yoast-schema-graph\">{\"@context\":\"https:\\\/\\\/schema.org\",\"@graph\":[{\"@type\":\"WebPage\",\"@id\":\"https:\\\/\\\/medicinasinc.com\\\/pl\\\/product\\\/kup-phenida-10mg-pigulki\\\/\",\"url\":\"https:\\\/\\\/medicinasinc.com\\\/pl\\\/product\\\/kup-phenida-10mg-pigulki\\\/\",\"name\":\"Kup tabletki Phenida 10 mg - najlepsze najlepsze \u015bwiatowe leki\",\"isPartOf\":{\"@id\":\"https:\\\/\\\/medicinasinc.com\\\/pl\\\/#website\"},\"primaryImageOfPage\":{\"@id\":\"https:\\\/\\\/medicinasinc.com\\\/pl\\\/product\\\/kup-phenida-10mg-pigulki\\\/#primaryimage\"},\"image\":{\"@id\":\"https:\\\/\\\/medicinasinc.com\\\/pl\\\/product\\\/kup-phenida-10mg-pigulki\\\/#primaryimage\"},\"thumbnailUrl\":\"https:\\\/\\\/medicinasinc.com\\\/pl\\\/wp-content\\\/uploads\\\/sites\\\/13\\\/2022\\\/02\\\/buy-phenida-10mg-pills-online.jpg\",\"datePublished\":\"2022-02-21T18:20:49+00:00\",\"dateModified\":\"2022-03-22T00:59:53+00:00\",\"description\":\"Kup Phenida 10mg tabletki online. bez recepty tabletki nasenne, zamawiaj tabletki online, sterydy na sprzeda\u017c, silne tabletki nasenne, leki przeciwb\u00f3lowe, apteka internetowa uk.\",\"breadcrumb\":{\"@id\":\"https:\\\/\\\/medicinasinc.com\\\/pl\\\/product\\\/kup-phenida-10mg-pigulki\\\/#breadcrumb\"},\"inLanguage\":\"en-US\",\"potentialAction\":[{\"@type\":\"ReadAction\",\"target\":[\"https:\\\/\\\/medicinasinc.com\\\/pl\\\/product\\\/kup-phenida-10mg-pigulki\\\/\"]}]},{\"@type\":\"ImageObject\",\"inLanguage\":\"en-US\",\"@id\":\"https:\\\/\\\/medicinasinc.com\\\/pl\\\/product\\\/kup-phenida-10mg-pigulki\\\/#primaryimage\",\"url\":\"https:\\\/\\\/medicinasinc.com\\\/pl\\\/wp-content\\\/uploads\\\/sites\\\/13\\\/2022\\\/02\\\/buy-phenida-10mg-pills-online.jpg\",\"contentUrl\":\"https:\\\/\\\/medicinasinc.com\\\/pl\\\/wp-content\\\/uploads\\\/sites\\\/13\\\/2022\\\/02\\\/buy-phenida-10mg-pills-online.jpg\",\"width\":600,\"height\":600},{\"@type\":\"BreadcrumbList\",\"@id\":\"https:\\\/\\\/medicinasinc.com\\\/pl\\\/product\\\/kup-phenida-10mg-pigulki\\\/#breadcrumb\",\"itemListElement\":[{\"@type\":\"ListItem\",\"position\":1,\"name\":\"Sklep\",\"item\":\"https:\\\/\\\/medicinasinc.com\\\/pl\\\/sklep\\\/\"},{\"@type\":\"ListItem\",\"position\":2,\"name\":\"Kup tabletki Phenida 10 mg\"}]},{\"@type\":\"WebSite\",\"@id\":\"https:\\\/\\\/medicinasinc.com\\\/pl\\\/#website\",\"url\":\"https:\\\/\\\/medicinasinc.com\\\/pl\\\/\",\"name\":\"Medicinas Inc\",\"description\":\"Health Medical Clinic\",\"potentialAction\":[{\"@type\":\"SearchAction\",\"target\":{\"@type\":\"EntryPoint\",\"urlTemplate\":\"https:\\\/\\\/medicinasinc.com\\\/pl\\\/?s={search_term_string}\"},\"query-input\":{\"@type\":\"PropertyValueSpecification\",\"valueRequired\":true,\"valueName\":\"search_term_string\"}}],\"inLanguage\":\"en-US\"}]}<\/script>\n<!-- \/ Yoast SEO plugin. -->","yoast_head_json":{"title":"Kup tabletki Phenida 10 mg - najlepsze najlepsze \u015bwiatowe leki","description":"Kup Phenida 10mg tabletki online. bez recepty tabletki nasenne, zamawiaj tabletki online, sterydy na sprzeda\u017c, silne tabletki nasenne, leki przeciwb\u00f3lowe, apteka internetowa uk.","robots":{"index":"index","follow":"follow","max-snippet":"max-snippet:-1","max-image-preview":"max-image-preview:large","max-video-preview":"max-video-preview:-1"},"canonical":"https:\/\/medicinasinc.com\/pl\/product\/kup-phenida-10mg-pigulki\/","og_locale":"en_US","og_type":"article","og_title":"Kup tabletki Phenida 10 mg - najlepsze najlepsze \u015bwiatowe leki","og_description":"Kup Phenida 10mg tabletki online. bez recepty tabletki nasenne, zamawiaj tabletki online, sterydy na sprzeda\u017c, silne tabletki nasenne, leki przeciwb\u00f3lowe, apteka internetowa uk.","og_url":"https:\/\/medicinasinc.com\/pl\/product\/kup-phenida-10mg-pigulki\/","og_site_name":"Medicinas Inc","article_modified_time":"2022-03-22T00:59:53+00:00","og_image":[{"width":600,"height":600,"url":"https:\/\/medicinasinc.com\/pl\/wp-content\/uploads\/sites\/13\/2022\/02\/buy-phenida-10mg-pills-online.jpg","type":"image\/jpeg"}],"twitter_card":"summary_large_image","twitter_misc":{"Est. reading time":"2 minutes"},"schema":{"@context":"https:\/\/schema.org","@graph":[{"@type":"WebPage","@id":"https:\/\/medicinasinc.com\/pl\/product\/kup-phenida-10mg-pigulki\/","url":"https:\/\/medicinasinc.com\/pl\/product\/kup-phenida-10mg-pigulki\/","name":"Kup tabletki Phenida 10 mg - najlepsze najlepsze \u015bwiatowe leki","isPartOf":{"@id":"https:\/\/medicinasinc.com\/pl\/#website"},"primaryImageOfPage":{"@id":"https:\/\/medicinasinc.com\/pl\/product\/kup-phenida-10mg-pigulki\/#primaryimage"},"image":{"@id":"https:\/\/medicinasinc.com\/pl\/product\/kup-phenida-10mg-pigulki\/#primaryimage"},"thumbnailUrl":"https:\/\/medicinasinc.com\/pl\/wp-content\/uploads\/sites\/13\/2022\/02\/buy-phenida-10mg-pills-online.jpg","datePublished":"2022-02-21T18:20:49+00:00","dateModified":"2022-03-22T00:59:53+00:00","description":"Kup Phenida 10mg tabletki online. bez recepty tabletki nasenne, zamawiaj tabletki online, sterydy na sprzeda\u017c, silne tabletki nasenne, leki przeciwb\u00f3lowe, apteka internetowa uk.","breadcrumb":{"@id":"https:\/\/medicinasinc.com\/pl\/product\/kup-phenida-10mg-pigulki\/#breadcrumb"},"inLanguage":"en-US","potentialAction":[{"@type":"ReadAction","target":["https:\/\/medicinasinc.com\/pl\/product\/kup-phenida-10mg-pigulki\/"]}]},{"@type":"ImageObject","inLanguage":"en-US","@id":"https:\/\/medicinasinc.com\/pl\/product\/kup-phenida-10mg-pigulki\/#primaryimage","url":"https:\/\/medicinasinc.com\/pl\/wp-content\/uploads\/sites\/13\/2022\/02\/buy-phenida-10mg-pills-online.jpg","contentUrl":"https:\/\/medicinasinc.com\/pl\/wp-content\/uploads\/sites\/13\/2022\/02\/buy-phenida-10mg-pills-online.jpg","width":600,"height":600},{"@type":"BreadcrumbList","@id":"https:\/\/medicinasinc.com\/pl\/product\/kup-phenida-10mg-pigulki\/#breadcrumb","itemListElement":[{"@type":"ListItem","position":1,"name":"Sklep","item":"https:\/\/medicinasinc.com\/pl\/sklep\/"},{"@type":"ListItem","position":2,"name":"Kup tabletki Phenida 10 mg"}]},{"@type":"WebSite","@id":"https:\/\/medicinasinc.com\/pl\/#website","url":"https:\/\/medicinasinc.com\/pl\/","name":"Medicinas Inc","description":"Health Medical Clinic","potentialAction":[{"@type":"SearchAction","target":{"@type":"EntryPoint","urlTemplate":"https:\/\/medicinasinc.com\/pl\/?s={search_term_string}"},"query-input":{"@type":"PropertyValueSpecification","valueRequired":true,"valueName":"search_term_string"}}],"inLanguage":"en-US"}]}},"_links":{"self":[{"href":"https:\/\/medicinasinc.com\/pl\/wp-json\/wp\/v2\/product\/5296","targetHints":{"allow":["GET"]}}],"collection":[{"href":"https:\/\/medicinasinc.com\/pl\/wp-json\/wp\/v2\/product"}],"about":[{"href":"https:\/\/medicinasinc.com\/pl\/wp-json\/wp\/v2\/types\/product"}],"replies":[{"embeddable":true,"href":"https:\/\/medicinasinc.com\/pl\/wp-json\/wp\/v2\/comments?post=5296"}],"wp:featuredmedia":[{"embeddable":true,"href":"https:\/\/medicinasinc.com\/pl\/wp-json\/wp\/v2\/media\/5307"}],"wp:attachment":[{"href":"https:\/\/medicinasinc.com\/pl\/wp-json\/wp\/v2\/media?parent=5296"}],"wp:term":[{"taxonomy":"product_brand","embeddable":true,"href":"https:\/\/medicinasinc.com\/pl\/wp-json\/wp\/v2\/product_brand?post=5296"},{"taxonomy":"product_cat","embeddable":true,"href":"https:\/\/medicinasinc.com\/pl\/wp-json\/wp\/v2\/product_cat?post=5296"},{"taxonomy":"product_tag","embeddable":true,"href":"https:\/\/medicinasinc.com\/pl\/wp-json\/wp\/v2\/product_tag?post=5296"}],"curies":[{"name":"wp","href":"https:\/\/api.w.org\/{rel}","templated":true}]}}