{"id":5295,"date":"2022-02-21T18:18:17","date_gmt":"2022-02-21T18:18:17","guid":{"rendered":"https:\/\/medicinasinc.com\/pl\/?post_type=product&#038;p=5295"},"modified":"2022-03-22T01:00:08","modified_gmt":"2022-03-22T01:00:08","slug":"kup-percocet-10mg-pigulki","status":"publish","type":"product","link":"https:\/\/medicinasinc.com\/pl\/product\/kup-percocet-10mg-pigulki\/","title":{"rendered":"Kup tabletki Percocet 10 mg"},"content":{"rendered":"<h1 style=\"text-align: center\">Kup tabletki Percocet 10 mg online.<\/h1>\n<div class=\"Section\" style=\"text-align: center\">\n<h1>OPIS<\/h1>\n<p class=\"First\"><span class=\"Bold\">chlorowodorek oksykodonu i acetaminofen s\u0105 dost\u0119pne w tabletkach do podawania doustnego.<\/span><\/p>\n<p>Ka\u017cda tabletka do podawania doustnego zawiera chlorowodorek oksykodonu i acetaminofen w nast\u0119puj\u0105cych mocach :<\/p>\n<p>chlorowodorek oksykodonu, USP\u00a0\u00a0\u00a0\u00a0\u00a0\u00a0\u00a0\u00a0\u00a0\u00a0\u00a0\u00a0 2,5 mg*<br \/> (*2,5 mg chlorowodorku oksykodonu odpowiada 2,2409 mg oksykodonu.)<br \/> Acetaminofen, USP\u00a0\u00a0\u00a0\u00a0\u00a0\u00a0\u00a0\u00a0\u00a0\u00a0\u00a0\u00a0\u00a0\u00a0 \u00a0\u00a0\u00a0\u00a0\u00a0\u00a0\u00a0\u00a0\u00a0\u00a0\u00a0\u00a0 325 mg<\/p>\n<p> Chlorowodorek oksykodonu, USP\u00a0\u00a0\u00a0\u00a0\u00a0\u00a0\u00a0\u00a0\u00a0\u00a0\u00a0\u00a0 5 mg*<br \/> (*5 mg chlorowodorku oksykodonu odpowiada 4,4815 mg oksykodonu.)<br \/> Acetaminofen, USP\u00a0\u00a0\u00a0\u00a0\u00a0\u00a0\u00a0\u00a0\u00a0\u00a0\u00a0\u00a0\u00a0\u00a0 \u00a0\u00a0\u00a0\u00a0\u00a0\u00a0\u00a0\u00a0\u00a0\u00a0\u00a0\u00a0 325 mg<\/p>\n<p>chlorowodorek oksykodonu, 7,5 mg*\u00a0\u00a0\u00a0\u00a0\u00a0\u00a0\u00a0\u00a0\u00a0\u00a0\u00a0\u00a0br \/&gt; (*7,5 mg chlorowodorku oksykodonu odpowiada 6,7228 mg oksykodonu.)<br \/> Acetaminofen, USP\u00a0\u00a0\u00a0\u00a0\u00a0\u00a0\u00a0\u00a0\u00a0\u00a0\u00a0\u00a0\u00a0\u00a0\u00a0 \u00a0\u00a0\u00a0\u00a0\u00a0\u00a0\u00a0\u00a0\u00a0\u00a0\u00a0\u00a0 325 mg<\/p>\n<p>Oksykodon H chlorowodorek, USP\u00a0\u00a0\u00a0\u00a0\u00a0\u00a0\u00a0\u00a0\u00a0\u00a0\u00a0\u00a0 10 mg*<br \/> (*10 mg chlorowodorku oksykodonu odpowiada 8,9637 mg oksykodonu.)<br \/> Acetaminofen, USP\u00a0\u00a0\u00a0\u00a0\u00a0\u00a0\u00a0\u00a0\u00a0\u00a0\u00a0\u00a0\u00a0\u00a0\u00a0 \u00a0\u00a0\u00a0\u00a0\u00a0\u00a0\u00a0\u00a0\u00a0\u00a0\u00a0\u00a0 325 mg<\/p>\n<p>Wszystkie moce\u00a0<strong>PERCOCET<\/strong>\u00a0zawieraj\u0105 r\u00f3wnie\u017c nast\u0119puj\u0105ce nieaktywne sk\u0142adniki: koloidalny dwutlenek krzemu, kroskarmeloz\u0119 sodow\u0105, celuloz\u0119 mikrokrystaliczn\u0105, powidon, wst\u0119pnie \u017celowan\u0105 skrobi\u0119 kukurydzian\u0105 i kwas stearynowy. Mo\u017ce r\u00f3wnie\u017c zawiera\u0107 krospowidon. Ponadto moc 2,5 mg\/325 mg zawiera lak aluminiowy FD&amp;C Red nr 40, a moc 5 mg\/325 mg zawiera lak aluminiowy FD&amp;C Blue nr 1. Moc 7,5 mg\/325 mg zawiera lak aluminiowy FD&amp;C Yellow nr 6. Moc 10 mg\/325 mg zawiera lak aluminiowy D&amp;C Yellow nr 10. Moc 7,5 mg\/325 mg i moc 10 mg\/325 mg mo\u017ce r\u00f3wnie\u017c zawiera\u0107 skrobi\u0119 kukurydzian\u0105.<\/p>\n<p>Tabletki chlorowodorku oksykodonu i acetaminofenu zawieraj\u0105 oksykodon, 14-hydroksydihydrokodeinon, p\u00f3\u0142syntetyczny opioidowy lek przeciwb\u00f3lowy, kt\u00f3ry wyst\u0119puje w postaci bia\u0142ego do bia\u0142ego do bia\u0142awy drobnokrystaliczny proszek. Wz\u00f3r cz\u0105steczkowy chlorowodorku oksykodonu to C<span class=\"Sub\">18<\/span>H<span class=\"Sub\">21<\/span>NIE<span class=\"Sub\">4<\/span>\u00a0\u2219 HCl, a masa cz\u0105steczkowa wynosi 351,82. Pochodzi z alkaloidu opium, tebainy, i mo\u017ce by\u0107 reprezentowana przez nast\u0119puj\u0105cy wz\u00f3r strukturalny:<\/p>\n<div class=\"Figure\"><img decoding=\"async\" src=\"https:\/\/www.endo.com\/Image%20Library \/Endo\/EndoPharma\/Products\/Prescribing_Information\/pert-oxy-and-apap-tab-usp-1.jpg\" alt=\"struktura chemiczna chlorowodorku oksykodonu\" \/><\/div>\n<p>Tabletki chlorowodorku oksykodonu i acetaminofenu zawieraj\u0105 paracetamol, 4&#8242;-hydroksyacetanilid, jest nieopiatowym, niesalicylanowym \u015brodkiem przeciwb\u00f3lowym i przeciwgor\u0105czkowym, kt\u00f3ry wyst\u0119puje w postaci bia\u0142ego, bezwonnego, krystalicznego proszku. Wz\u00f3r cz\u0105steczkowy paracetamolu to C<span class=\"Sub\">8<\/span>H<span class=\"Sub\">9<\/span>NIE<span class=\"Sub\">2<\/span>\u00a0a masa cz\u0105steczkowa wynosi 151,16. Mo\u017ce by\u0107 reprezentowany przez nast\u0119puj\u0105cy wz\u00f3r strukturalny:<\/p>\n<div class=\"Figure\"><img decoding=\"async\" src=\"https:\/\/www.endo.com\/Image%20Library\/Endo\/EndoPharma\/Products\/Prescribing_Information\/pert -oxy-and-apap-tab-usp-2.jpg\" alt=\"Wz\u00f3r strukturalny acetaminofenu\" \/>&nbsp;<\/p>\n<p class=\"MultiMediaCaption\">Wz\u00f3r strukturalny acetaminofenu<\/p>\n<\/p><\/div><\/div>\n<div class=\"Section\" style=\"text-align: center\">\n<p>Ka\u017cda tabletka do podawania doustnego zawiera chlorowodorek oksykodonu i acetaminofen w nast\u0119puj\u0105cych mocach:<\/p>\n<p>chlorowodorek oksykodonu, USP\u00a02,5 mg*<br \/> acetaminofen, USP 325 mg<br \/> *2,5 mg chlorowodorku oksykodonu odpowiada 2,2409 mg oksykodonu.<\/p>\n<p>chlorowodorek oksykodonu, USP\u00a05 mg*<br \/> acetaminofen, USP 325 mg<br \/> *5 mg chlorowodorku oksykodonu odpowiada 4,4815 mg oksykodonu.<\/p>\n<p>Chlorowodorek oksykodonu, USP\u00a07,5 mg*<br \/> Acetaminofen, USP 325 mg<br \/> *7,5 mg chlorowodorek oksykodonu odpowiada 6,7228 mg oksykodonu.<\/p>\n<p>Chlorowodorek oksykodonu, USP\u00a010 mg*<br \/> Acetami nophen, USP 325 mg<br \/> *10 mg chlorowodorku oksykodonu odpowiada 8,9637 mg oksykodonu.<\/p>\n<p>Wszystkie moce PERCOCET zawieraj\u0105 r\u00f3wnie\u017c nast\u0119puj\u0105ce sk\u0142adniki nieaktywne: Koloidalny dwutlenek krzemu, kroskarmeloza sodowa, krospowidon, celuloza mikrokrystaliczna, powidon, wst\u0119pnie \u017celowana skrobia kukurydziana i kwas stearynowy. Ponadto moc 2,5 mg\/325 mg zawiera lak aluminiowy FD&amp;C Red nr 40, a moc 5 mg\/325 mg zawiera lak aluminiowy FD&amp;C Blue nr 1. Moc 7,5 mg\/325 mg zawiera lak aluminiowy nr 6 FD&amp;C Yellow. Moc 10 mg\/325 mg zawiera lak aluminiowy D&amp;C Yellow nr 10. Moce 7,5 mg\/325 mg i 10 mg\/325 mg mog\u0105 r\u00f3wnie\u017c zawiera\u0107 skrobi\u0119 kukurydzian\u0105.<\/p>\n<p>Oksykodon, 14-hydroksydihydrokodeinon, jest p\u00f3\u0142syntetycznym opioidowym \u015brodkiem przeciwb\u00f3lowym, kt\u00f3ry wyst\u0119puje jako bia\u0142y, bezwonny, krystaliczny proszek zawieraj\u0105cy s\u00f3l fizjologiczn\u0105 , gorzki smak. Wz\u00f3r cz\u0105steczkowy chlorowodorku oksykodonu to C<sub>18<\/sub>H<sub>21<\/sub>NO<sub>4<\/sub>\u2022HCl, a masa cz\u0105steczkowa to 351,82. Pochodzi od alkaloidu opium, tebainy i mo\u017ce by\u0107 reprezentowana przez nast\u0119puj\u0105cy wz\u00f3r strukturalny:<\/p>\n<p>&nbsp;<\/p>\n<table class=\"blackpic\" width=\"256\">\n<tbody>\n<tr>\n<td><img loading=\"lazy\" decoding=\"async\" title=\"Oksykodon \u2014 ilustracja wzoru strukturalnego\" src=\"https:\/\/images.rxlist.com\/images\/rxlist\/oxyapap1.gif\" alt=\"Oksykodon \u2014 ilustracja wzoru strukturalnego\" width=\"256\" height=\"154\" \/><\/td>\n<\/tr>\n<\/tbody>\n<\/table>\n<p>&nbsp;<\/p>\n<p>acetaminofen, 4\u2032-hydroksyacetanilid, nie jest -opiatowy, niesalicylanowy \u015brodek przeciwb\u00f3lowy i przeciwgor\u0105czkowy, kt\u00f3ry wyst\u0119puje jako bia\u0142y, bezwonny, krystaliczny proszek o lekko gorzkim smaku. Wz\u00f3r cz\u0105steczkowy acetaminofenu to C<sub>8<\/sub>H<sub>9<\/sub>NO<sub>2<\/sub>\u00a0a masa cz\u0105steczkowa to 151,17. Mo\u017ce by\u0107 reprezentowany przez nast\u0119puj\u0105cy wz\u00f3r strukturalny:<\/p>\n<p>&nbsp;<\/p>\n<table class=\"blackpic\" width=\"232\">\n<tbody>\n<tr>\n<td> <img decoding=\"async\" title=\"acetaminofen \u2014 ilustracja wzoru strukturalnego\" src=\"https:\/\/images.rxlist.com\/images\/rxlist\/oxyapap2.gif\" alt=\"acetaminofen \u2014 ilustracja wzoru strukturalnego\" width=\"232\" height=\"106 \" \/><\/td>\n<\/tr>\n<\/tbody>\n<\/table><\/div>\n<p style=\"text-align: center\">Kup tabletki Percocet 10 mg online. Dost\u0119pne s\u0105 r\u00f3wnie\u017c inne tabletki, takie jak oksykodon. Sprzedawane bez recepty tabletki nasenne w bardzo niskich cenach.<\/p>\n<p style=\"text-align: center\"><strong>jak d\u0142ugo percocet pozostaje w twoim systemie, jak d\u0142ugo percocet pozostaje w twoim systemie , jak wygl\u0105da percocet, jak czuje si\u0119 percocet, jak d\u0142ugo percocet pozostaje w moczu, co to jest percocet, jak wygl\u0105da percocet, do czego s\u0142u\u017cy percocet, jak otrzyma\u0107 przepisany percocet, jak d\u0142ugo percocet pozosta\u0144 w moczu, co jest w percocet, jak d\u0142ugo trwa percocet, jak wygl\u0105da percocet 10, jak d\u0142ugo trwa odstawienie percocet, jakiego koloru jest percocet, dlaczego percocet powoduje sw\u0119dzenie, co robi z tob\u0105 percocet, co jak wygl\u0105da percocet high, jak wygl\u0105daj\u0105 tabletki percocet, ile kosztuje percocet, jak wygl\u0105da percocet 30, za ile mog\u0119 sprzeda\u0107 percocet 5 325, ile percocet przedawkowa\u0107, co jest silniejsze norco lub percocet, percocet sw\u0119dzenie jak przesta\u0107, ile kosztuje percocet bez ubezpieczenia, jak d\u0142ugo utrzymuje si\u0119 percocet high, jak d\u0142ugo percocet pozostaje w twoim organizmie, co jest silniejszym oksykodonem lub percocet, co jest silniejsze vicodin lub percocet, sk\u0105d wzi\u0105\u0107 percocet, jak czujesz si\u0119 po percocet<\/strong><\/p>\n","protected":false},"excerpt":{"rendered":"<div class=\"woocommerce-product-details__short-description\">\n<p>Kup tabletki Percocet 10 mg online. Silne tabletki nasenne, leki przeciwb\u00f3lowe, apteka internetowa w Wielkiej Brytanii, tabletki przeciwb\u00f3lowe na sprzeda\u017c, leki przeciwb\u00f3lowe, zakup lek\u00f3w online, kupuj leki przeciwb\u00f3lowe online, kupuj leki przeciwb\u00f3lowe online.<\/p>\n<\/p><\/div>\n","protected":false},"featured_media":5305,"comment_status":"open","ping_status":"closed","template":"","meta":[],"product_brand":[],"product_cat":[1117],"product_tag":[1721,1722,1724,1738,1749,1757,1755,1791,1732,1792,1726,1728,1727,1731,1790,1730,1789,1788,1734,1735,1723,1773,1729,1691,1736,1739,1740,1743,1742,1744,1745,1746,1747,1748,1750,1751,1752,1753,1754,1756,1758,1761,1762,1763,1759,1760,1766,1767,1768,1771,1772,1774,1769,1764,1777,1778,1776,1779,1765,1770,1781,1782,1775,1783,1784,1733,1737,1725,1786,1787,1785,1741,1780,1793],"class_list":{"0":"post-5295","1":"product","2":"type-product","3":"status-publish","4":"has-post-thumbnail","6":"product_cat-kup-tabletki-na-bol-spanie-seks","7":"product_tag-30-mg-percocet","8":"product_tag-5mg-percocet","9":"product_tag-buy-percocet-online","10":"product_tag-percocet-10","11":"product_tag-percocet-30","12":"product_tag-percocet-7-5","13":"product_tag-percocet-5-325-cena","14":"product_tag-co-to-percocet","15":"product_tag-czy-oksykodon-to-to-samo-co-percocet","16":"product_tag-do-czego-jest-percocet-uywany","17":"product_tag-efekty-percocetu","18":"product_tag-faszywe-percocet-piguki","19":"product_tag-faszywy-percocet","20":"product_tag-how-long-does-percocet-stay-in-your-urine","21":"product_tag-co-czuje-percocet","22":"product_tag-jak-dugo-percocet-zostaje-w-ustroju","23":"product_tag-jak-wyglada-percocet","24":"product_tag-jak-wyglada-percocet-pills","25":"product_tag-molly-percocet","26":"product_tag-molly-percocet-song","27":"product_tag-blue-percocet","28":"product_tag-percocet-pills-images","29":"product_tag-generyczne-percocet","30":"product_tag-oxycodone-vs-percocet","31":"product_tag-oxycontin-vs-percocet","32":"product_tag-percocet-10-images","33":"product_tag-percocet-10-yellow","34":"product_tag-percocet-10-325-efectos-white","35":"product_tag-percocet-10-325-effects","36":"product_tag-percocet-10-325-espanol","37":"product_tag-percocet-10mg","38":"product_tag-percocet-15","39":"product_tag-percocet-15-mg","40":"product_tag-percocet-20-mg","41":"product_tag-percocet-30-mg","42":"product_tag-percocet-325","43":"product_tag-percocet-5","44":"product_tag-percocet-5-mg","45":"product_tag-percocet-5-325","46":"product_tag-percocet-512","47":"product_tag-percocet-7-5-325-effects","48":"product_tag-percocet-dosage","49":"product_tag-percocet-drug","50":"product_tag-percocet-effects","51":"product_tag-percocet-i-alkohol","52":"product_tag-percocet-i-xanax","53":"product_tag-percocet-in-spanish","54":"product_tag-percocet-molly","55":"product_tag-percocet-online","56":"product_tag-percocet-pills","57":"product_tag-percocet-pills-for-sale","58":"product_tag-percocet-efekty-uboczne","59":"product_tag-percocet-tabletki-blowe","60":"product_tag-percocet-uczucie","61":"product_tag-percocet-vs-tramadol","62":"product_tag-percocet-vs-vicodin","63":"product_tag-percocet-street-value","64":"product_tag-percocet-wypata","65":"product_tag-percocet-wysoki","66":"product_tag-percocet-piguka","67":"product_tag-tabletki-wygladajace-jak-percocet","68":"product_tag-pills-that-look-like-percocet-5mg","69":"product_tag-percocet-piosenka","70":"product_tag-rowy-percocet","71":"product_tag-side-effects-of-percocet","72":"product_tag-swdzenie-percocet","73":"product_tag-tabletki-przeciwblowe-na-sprzeda-percocet","74":"product_tag-tanie-percocet-piguki","75":"product_tag-tramadol-vs-percocet","76":"product_tag-vicodin-vs-percocet","77":"product_tag-ulica-warto-percocet","78":"product_tag-percocet-10-325","79":"product_tag-zdjcia-percocet-pills","80":"product_tag-to-percoce","82":"first","83":"instock","84":"shipping-taxable","85":"purchasable","86":"product-type-variable","87":"has-default-attributes"},"yoast_head":"<!-- This site is optimized with the Yoast SEO plugin v27.3 - https:\/\/yoast.com\/product\/yoast-seo-wordpress\/ -->\n<title>Kup tabletki Percocet 10 mg - Najlepsze najlepsze \u015bwiatowe leki<\/title>\n<meta name=\"description\" content=\"Kup tabletki Percocet 10 mg przez Internet. Silne tabletki nasenne, leki przeciwb\u00f3lowe, apteka internetowa w Wielkiej Brytanii, tabletki przeciwb\u00f3lowe na sprzeda\u017c, leki przeciwb\u00f3lowe, zakup lek\u00f3w online, kup \u015brodki przeciwb\u00f3lowe online, kup leki przeciwb\u00f3lowe online.\" \/>\n<meta name=\"robots\" content=\"index, follow, max-snippet:-1, max-image-preview:large, max-video-preview:-1\" \/>\n<link rel=\"canonical\" href=\"https:\/\/medicinasinc.com\/pl\/product\/kup-percocet-10mg-pigulki\/\" \/>\n<meta property=\"og:locale\" content=\"en_US\" \/>\n<meta property=\"og:type\" content=\"article\" \/>\n<meta property=\"og:title\" content=\"Kup tabletki Percocet 10 mg - Najlepsze najlepsze \u015bwiatowe leki\" \/>\n<meta property=\"og:description\" content=\"Kup tabletki Percocet 10 mg przez Internet. Silne tabletki nasenne, leki przeciwb\u00f3lowe, apteka internetowa w Wielkiej Brytanii, tabletki przeciwb\u00f3lowe na sprzeda\u017c, leki przeciwb\u00f3lowe, zakup lek\u00f3w online, kup \u015brodki przeciwb\u00f3lowe online, kup leki przeciwb\u00f3lowe online.\" \/>\n<meta property=\"og:url\" content=\"https:\/\/medicinasinc.com\/pl\/product\/kup-percocet-10mg-pigulki\/\" \/>\n<meta property=\"og:site_name\" content=\"Medicinas Inc\" \/>\n<meta property=\"article:modified_time\" content=\"2022-03-22T01:00:08+00:00\" \/>\n<meta property=\"og:image\" content=\"https:\/\/medicinasinc.com\/pl\/wp-content\/uploads\/sites\/13\/2022\/02\/Buy-Percocet-10mg-pills.jpg\" \/>\n\t<meta property=\"og:image:width\" content=\"600\" \/>\n\t<meta property=\"og:image:height\" content=\"400\" \/>\n\t<meta property=\"og:image:type\" content=\"image\/jpeg\" \/>\n<meta name=\"twitter:card\" content=\"summary_large_image\" \/>\n<meta name=\"twitter:label1\" content=\"Est. reading time\" \/>\n\t<meta name=\"twitter:data1\" content=\"5 minutes\" \/>\n<script type=\"application\/ld+json\" class=\"yoast-schema-graph\">{\"@context\":\"https:\\\/\\\/schema.org\",\"@graph\":[{\"@type\":\"WebPage\",\"@id\":\"https:\\\/\\\/medicinasinc.com\\\/pl\\\/product\\\/kup-percocet-10mg-pigulki\\\/\",\"url\":\"https:\\\/\\\/medicinasinc.com\\\/pl\\\/product\\\/kup-percocet-10mg-pigulki\\\/\",\"name\":\"Kup tabletki Percocet 10 mg - Najlepsze najlepsze \u015bwiatowe leki\",\"isPartOf\":{\"@id\":\"https:\\\/\\\/medicinasinc.com\\\/pl\\\/#website\"},\"primaryImageOfPage\":{\"@id\":\"https:\\\/\\\/medicinasinc.com\\\/pl\\\/product\\\/kup-percocet-10mg-pigulki\\\/#primaryimage\"},\"image\":{\"@id\":\"https:\\\/\\\/medicinasinc.com\\\/pl\\\/product\\\/kup-percocet-10mg-pigulki\\\/#primaryimage\"},\"thumbnailUrl\":\"https:\\\/\\\/medicinasinc.com\\\/pl\\\/wp-content\\\/uploads\\\/sites\\\/13\\\/2022\\\/02\\\/Buy-Percocet-10mg-pills.jpg\",\"datePublished\":\"2022-02-21T18:18:17+00:00\",\"dateModified\":\"2022-03-22T01:00:08+00:00\",\"description\":\"Kup tabletki Percocet 10 mg przez Internet. Silne tabletki nasenne, leki przeciwb\u00f3lowe, apteka internetowa w Wielkiej Brytanii, tabletki przeciwb\u00f3lowe na sprzeda\u017c, leki przeciwb\u00f3lowe, zakup lek\u00f3w online, kup \u015brodki przeciwb\u00f3lowe online, kup leki przeciwb\u00f3lowe online.\",\"breadcrumb\":{\"@id\":\"https:\\\/\\\/medicinasinc.com\\\/pl\\\/product\\\/kup-percocet-10mg-pigulki\\\/#breadcrumb\"},\"inLanguage\":\"en-US\",\"potentialAction\":[{\"@type\":\"ReadAction\",\"target\":[\"https:\\\/\\\/medicinasinc.com\\\/pl\\\/product\\\/kup-percocet-10mg-pigulki\\\/\"]}]},{\"@type\":\"ImageObject\",\"inLanguage\":\"en-US\",\"@id\":\"https:\\\/\\\/medicinasinc.com\\\/pl\\\/product\\\/kup-percocet-10mg-pigulki\\\/#primaryimage\",\"url\":\"https:\\\/\\\/medicinasinc.com\\\/pl\\\/wp-content\\\/uploads\\\/sites\\\/13\\\/2022\\\/02\\\/Buy-Percocet-10mg-pills.jpg\",\"contentUrl\":\"https:\\\/\\\/medicinasinc.com\\\/pl\\\/wp-content\\\/uploads\\\/sites\\\/13\\\/2022\\\/02\\\/Buy-Percocet-10mg-pills.jpg\",\"width\":600,\"height\":400},{\"@type\":\"BreadcrumbList\",\"@id\":\"https:\\\/\\\/medicinasinc.com\\\/pl\\\/product\\\/kup-percocet-10mg-pigulki\\\/#breadcrumb\",\"itemListElement\":[{\"@type\":\"ListItem\",\"position\":1,\"name\":\"Sklep\",\"item\":\"https:\\\/\\\/medicinasinc.com\\\/pl\\\/sklep\\\/\"},{\"@type\":\"ListItem\",\"position\":2,\"name\":\"Kup tabletki Percocet 10 mg\"}]},{\"@type\":\"WebSite\",\"@id\":\"https:\\\/\\\/medicinasinc.com\\\/pl\\\/#website\",\"url\":\"https:\\\/\\\/medicinasinc.com\\\/pl\\\/\",\"name\":\"Medicinas Inc\",\"description\":\"Health Medical Clinic\",\"potentialAction\":[{\"@type\":\"SearchAction\",\"target\":{\"@type\":\"EntryPoint\",\"urlTemplate\":\"https:\\\/\\\/medicinasinc.com\\\/pl\\\/?s={search_term_string}\"},\"query-input\":{\"@type\":\"PropertyValueSpecification\",\"valueRequired\":true,\"valueName\":\"search_term_string\"}}],\"inLanguage\":\"en-US\"}]}<\/script>\n<!-- \/ Yoast SEO plugin. -->","yoast_head_json":{"title":"Kup tabletki Percocet 10 mg - Najlepsze najlepsze \u015bwiatowe leki","description":"Kup tabletki Percocet 10 mg przez Internet. Silne tabletki nasenne, leki przeciwb\u00f3lowe, apteka internetowa w Wielkiej Brytanii, tabletki przeciwb\u00f3lowe na sprzeda\u017c, leki przeciwb\u00f3lowe, zakup lek\u00f3w online, kup \u015brodki przeciwb\u00f3lowe online, kup leki przeciwb\u00f3lowe online.","robots":{"index":"index","follow":"follow","max-snippet":"max-snippet:-1","max-image-preview":"max-image-preview:large","max-video-preview":"max-video-preview:-1"},"canonical":"https:\/\/medicinasinc.com\/pl\/product\/kup-percocet-10mg-pigulki\/","og_locale":"en_US","og_type":"article","og_title":"Kup tabletki Percocet 10 mg - Najlepsze najlepsze \u015bwiatowe leki","og_description":"Kup tabletki Percocet 10 mg przez Internet. Silne tabletki nasenne, leki przeciwb\u00f3lowe, apteka internetowa w Wielkiej Brytanii, tabletki przeciwb\u00f3lowe na sprzeda\u017c, leki przeciwb\u00f3lowe, zakup lek\u00f3w online, kup \u015brodki przeciwb\u00f3lowe online, kup leki przeciwb\u00f3lowe online.","og_url":"https:\/\/medicinasinc.com\/pl\/product\/kup-percocet-10mg-pigulki\/","og_site_name":"Medicinas Inc","article_modified_time":"2022-03-22T01:00:08+00:00","og_image":[{"width":600,"height":400,"url":"https:\/\/medicinasinc.com\/pl\/wp-content\/uploads\/sites\/13\/2022\/02\/Buy-Percocet-10mg-pills.jpg","type":"image\/jpeg"}],"twitter_card":"summary_large_image","twitter_misc":{"Est. reading time":"5 minutes"},"schema":{"@context":"https:\/\/schema.org","@graph":[{"@type":"WebPage","@id":"https:\/\/medicinasinc.com\/pl\/product\/kup-percocet-10mg-pigulki\/","url":"https:\/\/medicinasinc.com\/pl\/product\/kup-percocet-10mg-pigulki\/","name":"Kup tabletki Percocet 10 mg - Najlepsze najlepsze \u015bwiatowe leki","isPartOf":{"@id":"https:\/\/medicinasinc.com\/pl\/#website"},"primaryImageOfPage":{"@id":"https:\/\/medicinasinc.com\/pl\/product\/kup-percocet-10mg-pigulki\/#primaryimage"},"image":{"@id":"https:\/\/medicinasinc.com\/pl\/product\/kup-percocet-10mg-pigulki\/#primaryimage"},"thumbnailUrl":"https:\/\/medicinasinc.com\/pl\/wp-content\/uploads\/sites\/13\/2022\/02\/Buy-Percocet-10mg-pills.jpg","datePublished":"2022-02-21T18:18:17+00:00","dateModified":"2022-03-22T01:00:08+00:00","description":"Kup tabletki Percocet 10 mg przez Internet. Silne tabletki nasenne, leki przeciwb\u00f3lowe, apteka internetowa w Wielkiej Brytanii, tabletki przeciwb\u00f3lowe na sprzeda\u017c, leki przeciwb\u00f3lowe, zakup lek\u00f3w online, kup \u015brodki przeciwb\u00f3lowe online, kup leki przeciwb\u00f3lowe online.","breadcrumb":{"@id":"https:\/\/medicinasinc.com\/pl\/product\/kup-percocet-10mg-pigulki\/#breadcrumb"},"inLanguage":"en-US","potentialAction":[{"@type":"ReadAction","target":["https:\/\/medicinasinc.com\/pl\/product\/kup-percocet-10mg-pigulki\/"]}]},{"@type":"ImageObject","inLanguage":"en-US","@id":"https:\/\/medicinasinc.com\/pl\/product\/kup-percocet-10mg-pigulki\/#primaryimage","url":"https:\/\/medicinasinc.com\/pl\/wp-content\/uploads\/sites\/13\/2022\/02\/Buy-Percocet-10mg-pills.jpg","contentUrl":"https:\/\/medicinasinc.com\/pl\/wp-content\/uploads\/sites\/13\/2022\/02\/Buy-Percocet-10mg-pills.jpg","width":600,"height":400},{"@type":"BreadcrumbList","@id":"https:\/\/medicinasinc.com\/pl\/product\/kup-percocet-10mg-pigulki\/#breadcrumb","itemListElement":[{"@type":"ListItem","position":1,"name":"Sklep","item":"https:\/\/medicinasinc.com\/pl\/sklep\/"},{"@type":"ListItem","position":2,"name":"Kup tabletki Percocet 10 mg"}]},{"@type":"WebSite","@id":"https:\/\/medicinasinc.com\/pl\/#website","url":"https:\/\/medicinasinc.com\/pl\/","name":"Medicinas Inc","description":"Health Medical Clinic","potentialAction":[{"@type":"SearchAction","target":{"@type":"EntryPoint","urlTemplate":"https:\/\/medicinasinc.com\/pl\/?s={search_term_string}"},"query-input":{"@type":"PropertyValueSpecification","valueRequired":true,"valueName":"search_term_string"}}],"inLanguage":"en-US"}]}},"_links":{"self":[{"href":"https:\/\/medicinasinc.com\/pl\/wp-json\/wp\/v2\/product\/5295","targetHints":{"allow":["GET"]}}],"collection":[{"href":"https:\/\/medicinasinc.com\/pl\/wp-json\/wp\/v2\/product"}],"about":[{"href":"https:\/\/medicinasinc.com\/pl\/wp-json\/wp\/v2\/types\/product"}],"replies":[{"embeddable":true,"href":"https:\/\/medicinasinc.com\/pl\/wp-json\/wp\/v2\/comments?post=5295"}],"wp:featuredmedia":[{"embeddable":true,"href":"https:\/\/medicinasinc.com\/pl\/wp-json\/wp\/v2\/media\/5305"}],"wp:attachment":[{"href":"https:\/\/medicinasinc.com\/pl\/wp-json\/wp\/v2\/media?parent=5295"}],"wp:term":[{"taxonomy":"product_brand","embeddable":true,"href":"https:\/\/medicinasinc.com\/pl\/wp-json\/wp\/v2\/product_brand?post=5295"},{"taxonomy":"product_cat","embeddable":true,"href":"https:\/\/medicinasinc.com\/pl\/wp-json\/wp\/v2\/product_cat?post=5295"},{"taxonomy":"product_tag","embeddable":true,"href":"https:\/\/medicinasinc.com\/pl\/wp-json\/wp\/v2\/product_tag?post=5295"}],"curies":[{"name":"wp","href":"https:\/\/api.w.org\/{rel}","templated":true}]}}