{"id":5294,"date":"2022-02-21T18:18:05","date_gmt":"2022-02-21T18:18:05","guid":{"rendered":"https:\/\/medicinasinc.com\/pl\/?post_type=product&#038;p=5294"},"modified":"2022-03-22T01:00:18","modified_gmt":"2022-03-22T01:00:18","slug":"kup-oksykodon-80-mg","status":"publish","type":"product","link":"https:\/\/medicinasinc.com\/pl\/product\/kup-oksykodon-80-mg\/","title":{"rendered":"Kup oksykodon 80 mg"},"content":{"rendered":"<div class=\"woocommerce-tabs wc-tabs-wrapper\">\n<div id=\"tab-description\" class=\"woocommerce-Tabs-panel woocommerce-Tabs-panel--description panel entry-content wc-tab\" style=\"text-align: center\" role=\"tabpanel\" aria-labelledby=\"tab-title-description\">\n<p>Apteczka internetowa kupuje tabletki 80 mg oxycontinu.<\/p>\n<p>Zakup tabletek 80 mg Oxycodonu przez Internet. Dodatkowo dost\u0119pne s\u0105 tabletki 40 mg Oxycodone. Kupuj od nas tylko najwy\u017cszej jako\u015bci leki.<\/p>\n<p>PODSUMOWANIE Oksykodon to opioidowy lek przeciwb\u00f3lowy stosowany w leczeniu b\u00f3lu o nasileniu od umiarkowanego do silnego.<br \/> NAZWY MARKI<br \/> Zar\u00f3wno Endocet, jak i Endodan s\u0105 przeciw- leki na biegunk\u0119. Maj 2009, przeformu\u0142owano Xolox, Xtampza, Nalocet, Oxaydo, Oxy.IR, Oxycontin, Oxyneo, Percocet, Prolate, Rivacocet, Roxicet, Roxicodone, Targin, Targiniq<br \/> OG\u00d3LNE NAZWA<br \/> NUMER DOST\u0118PU DO NARKOTYK\u00d3W xy DB00497 &#8211; O <br \/> T\u0141O<br \/> Oksykodon jest p\u00f3\u0142syntetycznym opioidowym lekiem przeciwb\u00f3lowym, kt\u00f3ry zosta\u0142 opracowany w 1917 roku w Niemczech z tebainy.<br \/> 3<br \/> Obecnie jest zatwierdzony jako produkt o natychmiastowym uwalnianiu w przypadku b\u00f3lu o nasileniu od umiarkowanego do silnego i jako produkt o przed\u0142u\u017conym uwalnianiu w przypadku przewlek\u0142ego b\u00f3lu o nasileniu umiarkowanym do silnego, kt\u00f3ry wymaga ci\u0105g\u0142ych opioidowych lek\u00f3w przeciwb\u00f3lowych przez d\u0142u\u017cszy czas.<br \/> FDA zatwierdzi\u0142a pierwszy lek zawieraj\u0105cy oksykodon, Percodan, 12 kwietnia 1950 r.<br \/> RODZAJE MA\u0141YCH CZ\u0104STECZEK<br \/> GRUP<br \/> Zatwierdzone, nielegalne i \u015bledcze<\/p>\n<\/p><\/div><\/div>\n","protected":false},"excerpt":{"rendered":"<p>Zakup online tabletek Oxycodone 80 mg.<\/p>\n<p>Zakup online tabletek Oxycodone 80 mg. Sprzedam Oxycodone 80mg w Wielkiej Brytanii i Europie. Dodatkowo dost\u0119pne s\u0105 tabletki 80 mg Oxycodone. Kupuj od nas tylko najwy\u017cszej jako\u015bci leki.<\/p>\n<p>Zakup online tabletek Oxycodone 80 mg. Dodatkowo dost\u0119pne s\u0105 tabletki 80 mg Oxycodone. Kupuj od nas tylko najwy\u017cszej jako\u015bci leki.<\/p>\n","protected":false},"featured_media":5303,"comment_status":"open","ping_status":"closed","template":"","meta":[],"product_brand":[],"product_cat":[1117],"product_tag":[1638,1639,1640,1682,1683,1717,1719,1720,1718,1644,1675,1698,1676,1699,1643,1713,1709,1646,1684,1677,1705,1706,1649,1661,1662,1663,1664,1665,1666,1667,1668,1669,1670,1678,1680,1679,1672,1674,1692,1693,1694,1657,1696,1701,1704,1647,1653,1654,1655,1658,1659,1660,1673,1685,1690,1691,1697,1056,1700,1703,1708,1686,1707,1656,1645,1702,1715,1716,1710,1711,1712,1714,1688,1687,1650,1652,1651,1671,1681,1689],"class_list":{"0":"post-5294","1":"product","2":"type-product","3":"status-publish","4":"has-post-thumbnail","6":"product_cat-kup-tabletki-na-bol-spanie-seks","7":"product_tag-15-mg-oksykodonu","8":"product_tag-20-mg-oksykodonu","9":"product_tag-20mg-oxycodone","10":"product_tag-chlorowodorek-oksykodonu","11":"product_tag-chlorowodorek-oksykodonu-5-mg","12":"product_tag-co-robi-oksykodon","13":"product_tag-co-to-jest-oksymorfon","14":"product_tag-co-to-jest-roksykodon","15":"product_tag-co-to-oxy","16":"product_tag-is-oksykodon-an-opioid","17":"product_tag-dawki-oksykodonu","18":"product_tag-dawka-oksykontynu","19":"product_tag-dziaanie-oksykodonu","20":"product_tag-efekty-oksykontynowe","21":"product_tag-jak-dugo-trwa-oksykodon","22":"product_tag-lek-roxy","23":"product_tag-leki-przeciwblowe-na-recept","24":"product_tag-liquid-oxycontin","25":"product_tag-oksykodon-o-natychmiastowym-uwalnianiu","26":"product_tag-okres-ptrwania-oksykodonu","27":"product_tag-oksybawena","28":"product_tag-oksydy","29":"product_tag-oksykodon","30":"product_tag-oksykodon-10mg","31":"product_tag-oksykodon-10mg-rowy","32":"product_tag-oksykodon-15-mg","33":"product_tag-oksykodon-15mg","34":"product_tag-oksykodon-20-mg","35":"product_tag-oksykodon-20mg","36":"product_tag-oksykodon-30-mg","37":"product_tag-oksykodon-5","38":"product_tag-oksykodon-5-325","39":"product_tag-oksykodon-5-mg","40":"product_tag-oksykodon-hcl","41":"product_tag-oksykodon-hcl-5mg","42":"product_tag-oksykodon-hcl-5-mg-tabletka","43":"product_tag-oksykodon-i-alkohol","44":"product_tag-oksykodon-i-tylenol","45":"product_tag-oksykodon-acetaminofen","46":"product_tag-oksykodon-acetaminofen-5-325","47":"product_tag-oksykodon-apap","48":"product_tag-oksykodyna","49":"product_tag-oksykonta","50":"product_tag-oksykontyn-ir","51":"product_tag-oksykoton","52":"product_tag-opioidowe-rodki-przeciwblowe","53":"product_tag-oxy-drug","54":"product_tag-oxy-drugs","55":"product_tag-oxy-pill","56":"product_tag-oxycodon","57":"product_tag-oxycodone","58":"product_tag-oxycodone-10","59":"product_tag-oxycodone-and-ibuprofen","60":"product_tag-oxycodone-ingredients","61":"product_tag-oxycodone-vs-oxycontin","62":"product_tag-oxycodone-vs-percocet","63":"product_tag-oksykontyn-30-mg","64":"product_tag-oxycontin-80-mg","65":"product_tag-oxycontin-generyczny","66":"product_tag-oxycontin-vs-oxycodone","67":"product_tag-piguka-20","68":"product_tag-piguka-oksykodonu","69":"product_tag-pigu-c5-82ki-oksytocyny","70":"product_tag-piguki-tlenowe","71":"product_tag-pyn-oksykodon","72":"product_tag-przedawkowanie-oksykonin","73":"product_tag-rodzaje-opioidw","74":"product_tag-rodzaje-rodkw-przeciwblowych","75":"product_tag-roksykodon-vs-oksykodon","76":"product_tag-roxy-10","77":"product_tag-roxy-30s","78":"product_tag-side-effects-of-oxycodone","79":"product_tag-skutki-uboczne-oksykodonu","80":"product_tag-pigu-c5-82ki-oksykodonu","81":"product_tag-tlen","82":"product_tag-oksy-5-mg","83":"product_tag-tlen-10","84":"product_tag-uzalenienie-od-oksykodonu","85":"product_tag-wysoki-poziom-oksykodonu","86":"product_tag-zastosowania-oksykodonu","88":"first","89":"instock","90":"shipping-taxable","91":"purchasable","92":"product-type-variable","93":"has-default-attributes"},"yoast_head":"<!-- This site is optimized with the Yoast SEO plugin v27.3 - https:\/\/yoast.com\/product\/yoast-seo-wordpress\/ -->\n<title>Kup Oxycodone 80 mg - Najlepsze najlepsze \u015bwiatowe leki<\/title>\n<meta name=\"description\" content=\"Kup tabletki Oxycodone 80 mg online. Sprzedam Oxycodone 80mg na sprzeda\u017c Wielka Brytania, Europa. Dost\u0119pne s\u0105 r\u00f3wnie\u017c tabletki Oxycodone 80 mg. Kup od nas tabletki najlepszej jako\u015bci.\" \/>\n<meta name=\"robots\" content=\"index, follow, max-snippet:-1, max-image-preview:large, max-video-preview:-1\" \/>\n<link rel=\"canonical\" href=\"https:\/\/medicinasinc.com\/pl\/product\/kup-oksykodon-80-mg\/\" \/>\n<meta property=\"og:locale\" content=\"en_US\" \/>\n<meta property=\"og:type\" content=\"article\" \/>\n<meta property=\"og:title\" content=\"Kup Oxycodone 80 mg - Najlepsze najlepsze \u015bwiatowe leki\" \/>\n<meta property=\"og:description\" content=\"Kup tabletki Oxycodone 80 mg online. Sprzedam Oxycodone 80mg na sprzeda\u017c Wielka Brytania, Europa. Dost\u0119pne s\u0105 r\u00f3wnie\u017c tabletki Oxycodone 80 mg. Kup od nas tabletki najlepszej jako\u015bci.\" \/>\n<meta property=\"og:url\" content=\"https:\/\/medicinasinc.com\/pl\/product\/kup-oksykodon-80-mg\/\" \/>\n<meta property=\"og:site_name\" content=\"Medicinas Inc\" \/>\n<meta property=\"article:modified_time\" content=\"2022-03-22T01:00:18+00:00\" \/>\n<meta property=\"og:image\" content=\"https:\/\/medicinasinc.com\/pl\/wp-content\/uploads\/sites\/13\/2022\/02\/Buy-Oxycodone-80mg.jpg\" \/>\n\t<meta property=\"og:image:width\" content=\"600\" \/>\n\t<meta property=\"og:image:height\" content=\"514\" \/>\n\t<meta property=\"og:image:type\" content=\"image\/jpeg\" \/>\n<meta name=\"twitter:card\" content=\"summary_large_image\" \/>\n<meta name=\"twitter:label1\" content=\"Est. reading time\" \/>\n\t<meta name=\"twitter:data1\" content=\"1 minute\" \/>\n<script type=\"application\/ld+json\" class=\"yoast-schema-graph\">{\"@context\":\"https:\\\/\\\/schema.org\",\"@graph\":[{\"@type\":\"WebPage\",\"@id\":\"https:\\\/\\\/medicinasinc.com\\\/pl\\\/product\\\/kup-oksykodon-80-mg\\\/\",\"url\":\"https:\\\/\\\/medicinasinc.com\\\/pl\\\/product\\\/kup-oksykodon-80-mg\\\/\",\"name\":\"Kup Oxycodone 80 mg - Najlepsze najlepsze \u015bwiatowe leki\",\"isPartOf\":{\"@id\":\"https:\\\/\\\/medicinasinc.com\\\/pl\\\/#website\"},\"primaryImageOfPage\":{\"@id\":\"https:\\\/\\\/medicinasinc.com\\\/pl\\\/product\\\/kup-oksykodon-80-mg\\\/#primaryimage\"},\"image\":{\"@id\":\"https:\\\/\\\/medicinasinc.com\\\/pl\\\/product\\\/kup-oksykodon-80-mg\\\/#primaryimage\"},\"thumbnailUrl\":\"https:\\\/\\\/medicinasinc.com\\\/pl\\\/wp-content\\\/uploads\\\/sites\\\/13\\\/2022\\\/02\\\/Buy-Oxycodone-80mg.jpg\",\"datePublished\":\"2022-02-21T18:18:05+00:00\",\"dateModified\":\"2022-03-22T01:00:18+00:00\",\"description\":\"Kup tabletki Oxycodone 80 mg online. Sprzedam Oxycodone 80mg na sprzeda\u017c Wielka Brytania, Europa. Dost\u0119pne s\u0105 r\u00f3wnie\u017c tabletki Oxycodone 80 mg. Kup od nas tabletki najlepszej jako\u015bci.\",\"breadcrumb\":{\"@id\":\"https:\\\/\\\/medicinasinc.com\\\/pl\\\/product\\\/kup-oksykodon-80-mg\\\/#breadcrumb\"},\"inLanguage\":\"en-US\",\"potentialAction\":[{\"@type\":\"ReadAction\",\"target\":[\"https:\\\/\\\/medicinasinc.com\\\/pl\\\/product\\\/kup-oksykodon-80-mg\\\/\"]}]},{\"@type\":\"ImageObject\",\"inLanguage\":\"en-US\",\"@id\":\"https:\\\/\\\/medicinasinc.com\\\/pl\\\/product\\\/kup-oksykodon-80-mg\\\/#primaryimage\",\"url\":\"https:\\\/\\\/medicinasinc.com\\\/pl\\\/wp-content\\\/uploads\\\/sites\\\/13\\\/2022\\\/02\\\/Buy-Oxycodone-80mg.jpg\",\"contentUrl\":\"https:\\\/\\\/medicinasinc.com\\\/pl\\\/wp-content\\\/uploads\\\/sites\\\/13\\\/2022\\\/02\\\/Buy-Oxycodone-80mg.jpg\",\"width\":600,\"height\":514},{\"@type\":\"BreadcrumbList\",\"@id\":\"https:\\\/\\\/medicinasinc.com\\\/pl\\\/product\\\/kup-oksykodon-80-mg\\\/#breadcrumb\",\"itemListElement\":[{\"@type\":\"ListItem\",\"position\":1,\"name\":\"Sklep\",\"item\":\"https:\\\/\\\/medicinasinc.com\\\/pl\\\/sklep\\\/\"},{\"@type\":\"ListItem\",\"position\":2,\"name\":\"Kup oksykodon 80 mg\"}]},{\"@type\":\"WebSite\",\"@id\":\"https:\\\/\\\/medicinasinc.com\\\/pl\\\/#website\",\"url\":\"https:\\\/\\\/medicinasinc.com\\\/pl\\\/\",\"name\":\"Medicinas Inc\",\"description\":\"Health Medical Clinic\",\"potentialAction\":[{\"@type\":\"SearchAction\",\"target\":{\"@type\":\"EntryPoint\",\"urlTemplate\":\"https:\\\/\\\/medicinasinc.com\\\/pl\\\/?s={search_term_string}\"},\"query-input\":{\"@type\":\"PropertyValueSpecification\",\"valueRequired\":true,\"valueName\":\"search_term_string\"}}],\"inLanguage\":\"en-US\"}]}<\/script>\n<!-- \/ Yoast SEO plugin. -->","yoast_head_json":{"title":"Kup Oxycodone 80 mg - Najlepsze najlepsze \u015bwiatowe leki","description":"Kup tabletki Oxycodone 80 mg online. Sprzedam Oxycodone 80mg na sprzeda\u017c Wielka Brytania, Europa. Dost\u0119pne s\u0105 r\u00f3wnie\u017c tabletki Oxycodone 80 mg. Kup od nas tabletki najlepszej jako\u015bci.","robots":{"index":"index","follow":"follow","max-snippet":"max-snippet:-1","max-image-preview":"max-image-preview:large","max-video-preview":"max-video-preview:-1"},"canonical":"https:\/\/medicinasinc.com\/pl\/product\/kup-oksykodon-80-mg\/","og_locale":"en_US","og_type":"article","og_title":"Kup Oxycodone 80 mg - Najlepsze najlepsze \u015bwiatowe leki","og_description":"Kup tabletki Oxycodone 80 mg online. Sprzedam Oxycodone 80mg na sprzeda\u017c Wielka Brytania, Europa. Dost\u0119pne s\u0105 r\u00f3wnie\u017c tabletki Oxycodone 80 mg. Kup od nas tabletki najlepszej jako\u015bci.","og_url":"https:\/\/medicinasinc.com\/pl\/product\/kup-oksykodon-80-mg\/","og_site_name":"Medicinas Inc","article_modified_time":"2022-03-22T01:00:18+00:00","og_image":[{"width":600,"height":514,"url":"https:\/\/medicinasinc.com\/pl\/wp-content\/uploads\/sites\/13\/2022\/02\/Buy-Oxycodone-80mg.jpg","type":"image\/jpeg"}],"twitter_card":"summary_large_image","twitter_misc":{"Est. reading time":"1 minute"},"schema":{"@context":"https:\/\/schema.org","@graph":[{"@type":"WebPage","@id":"https:\/\/medicinasinc.com\/pl\/product\/kup-oksykodon-80-mg\/","url":"https:\/\/medicinasinc.com\/pl\/product\/kup-oksykodon-80-mg\/","name":"Kup Oxycodone 80 mg - Najlepsze najlepsze \u015bwiatowe leki","isPartOf":{"@id":"https:\/\/medicinasinc.com\/pl\/#website"},"primaryImageOfPage":{"@id":"https:\/\/medicinasinc.com\/pl\/product\/kup-oksykodon-80-mg\/#primaryimage"},"image":{"@id":"https:\/\/medicinasinc.com\/pl\/product\/kup-oksykodon-80-mg\/#primaryimage"},"thumbnailUrl":"https:\/\/medicinasinc.com\/pl\/wp-content\/uploads\/sites\/13\/2022\/02\/Buy-Oxycodone-80mg.jpg","datePublished":"2022-02-21T18:18:05+00:00","dateModified":"2022-03-22T01:00:18+00:00","description":"Kup tabletki Oxycodone 80 mg online. Sprzedam Oxycodone 80mg na sprzeda\u017c Wielka Brytania, Europa. Dost\u0119pne s\u0105 r\u00f3wnie\u017c tabletki Oxycodone 80 mg. Kup od nas tabletki najlepszej jako\u015bci.","breadcrumb":{"@id":"https:\/\/medicinasinc.com\/pl\/product\/kup-oksykodon-80-mg\/#breadcrumb"},"inLanguage":"en-US","potentialAction":[{"@type":"ReadAction","target":["https:\/\/medicinasinc.com\/pl\/product\/kup-oksykodon-80-mg\/"]}]},{"@type":"ImageObject","inLanguage":"en-US","@id":"https:\/\/medicinasinc.com\/pl\/product\/kup-oksykodon-80-mg\/#primaryimage","url":"https:\/\/medicinasinc.com\/pl\/wp-content\/uploads\/sites\/13\/2022\/02\/Buy-Oxycodone-80mg.jpg","contentUrl":"https:\/\/medicinasinc.com\/pl\/wp-content\/uploads\/sites\/13\/2022\/02\/Buy-Oxycodone-80mg.jpg","width":600,"height":514},{"@type":"BreadcrumbList","@id":"https:\/\/medicinasinc.com\/pl\/product\/kup-oksykodon-80-mg\/#breadcrumb","itemListElement":[{"@type":"ListItem","position":1,"name":"Sklep","item":"https:\/\/medicinasinc.com\/pl\/sklep\/"},{"@type":"ListItem","position":2,"name":"Kup oksykodon 80 mg"}]},{"@type":"WebSite","@id":"https:\/\/medicinasinc.com\/pl\/#website","url":"https:\/\/medicinasinc.com\/pl\/","name":"Medicinas Inc","description":"Health Medical Clinic","potentialAction":[{"@type":"SearchAction","target":{"@type":"EntryPoint","urlTemplate":"https:\/\/medicinasinc.com\/pl\/?s={search_term_string}"},"query-input":{"@type":"PropertyValueSpecification","valueRequired":true,"valueName":"search_term_string"}}],"inLanguage":"en-US"}]}},"_links":{"self":[{"href":"https:\/\/medicinasinc.com\/pl\/wp-json\/wp\/v2\/product\/5294","targetHints":{"allow":["GET"]}}],"collection":[{"href":"https:\/\/medicinasinc.com\/pl\/wp-json\/wp\/v2\/product"}],"about":[{"href":"https:\/\/medicinasinc.com\/pl\/wp-json\/wp\/v2\/types\/product"}],"replies":[{"embeddable":true,"href":"https:\/\/medicinasinc.com\/pl\/wp-json\/wp\/v2\/comments?post=5294"}],"wp:featuredmedia":[{"embeddable":true,"href":"https:\/\/medicinasinc.com\/pl\/wp-json\/wp\/v2\/media\/5303"}],"wp:attachment":[{"href":"https:\/\/medicinasinc.com\/pl\/wp-json\/wp\/v2\/media?parent=5294"}],"wp:term":[{"taxonomy":"product_brand","embeddable":true,"href":"https:\/\/medicinasinc.com\/pl\/wp-json\/wp\/v2\/product_brand?post=5294"},{"taxonomy":"product_cat","embeddable":true,"href":"https:\/\/medicinasinc.com\/pl\/wp-json\/wp\/v2\/product_cat?post=5294"},{"taxonomy":"product_tag","embeddable":true,"href":"https:\/\/medicinasinc.com\/pl\/wp-json\/wp\/v2\/product_tag?post=5294"}],"curies":[{"name":"wp","href":"https:\/\/api.w.org\/{rel}","templated":true}]}}