{"id":5293,"date":"2022-02-21T18:15:16","date_gmt":"2022-02-21T18:15:16","guid":{"rendered":"https:\/\/medicinasinc.com\/pl\/?post_type=product&#038;p=5293"},"modified":"2022-03-22T01:00:27","modified_gmt":"2022-03-22T01:00:27","slug":"kup-oksykodon-40mg-pigulki","status":"publish","type":"product","link":"https:\/\/medicinasinc.com\/pl\/product\/kup-oksykodon-40mg-pigulki\/","title":{"rendered":"Kup tabletki OxyCodone 40 mg"},"content":{"rendered":"<p>Zakup online tabletek Oxycodone 40 mg.<\/p>\n<p>Zakup online tabletek Oxycodone 40 mg. Dodatkowo sprzedajemy kodein\u0119. Na ca\u0142ym \u015bwiecie stosuje si\u0119 \u015brodki przeciwb\u00f3lowe i inne leki.<\/p>\n<p>Apteczka internetowa do zakupu tabletek OxyCodone 40 mg.<\/p>\n<p>Kup Oxycodone Online | Kup Oxycodone 40 mg bez recepty<\/p>\n<p>Mo\u017cesz uzyska\u0107 ekspresow\u0105 dostaw\u0119 za pomoc\u0105 karty kredytowej.<\/p>\n<p>Ten lek jest stosowany w celu z\u0142agodzenia silnego, uporczywego b\u00f3lu (np. z powodu raka).<\/p>\n<p>Oksykodon jest opioidowym lekiem przeciwb\u00f3lowym. Dzia\u0142a poprzez zmian\u0119 sposobu, w jaki twoje cia\u0142o postrzega i reaguje na b\u00f3l w m\u00f3zgu.<\/p>\n<p>Wi\u0119ksze dawki tego leku (ponad 40 mg na tabletk\u0119) powinny by\u0107 stosowane tylko wtedy, gdy przyjmowa\u0142e\u015b umiarkowane lub du\u017ce dawki opioidowych lek\u00f3w przeciwb\u00f3lowych regularnie. Te mocne strony mog\u0105 skutkowa\u0107 przedawkowaniem (a nawet \u015bmierci\u0105), je\u015bli zostan\u0105 podj\u0119te przez osob\u0119, kt\u00f3ra nie stosowa\u0142a regularnie opioid\u00f3w.<\/p>\n<p>Unikaj stosowania oksykodonu o przed\u0142u\u017conym uwalnianiu w leczeniu b\u00f3lu, kt\u00f3ry jest minimalny lub ust\u0119puje w ci\u0105gu kilka dni. Ten lek nie jest przeznaczony do stosowania \u201ezgodnie z wymaganiami\u201d.<\/p>\n","protected":false},"excerpt":{"rendered":"<div class=\"woocommerce-product-details__short-description\">\n<p>Apteczka internetowa kupuje tabletki OxyCodone 40 mg. Kup oksykodon przez Internet | Kup Oxycodone 40 mg bez recepty Mo\u017cesz uzyska\u0107 ekspresow\u0105 dostaw\u0119, korzystaj\u0105c z przelewu bankowego.<\/p>\n<p>Kup Oxycodone 40mg Pills online w Wielkiej Brytanii i Europie, zam\u00f3w tanie Oxycodone Pills online za pomoc\u0105&#8230; Mo\u017cesz kupi\u0107 tabletki oksykodonu online bez recepty (bez RX).<\/p>\n<\/p><\/div>\n","protected":false},"featured_media":5301,"comment_status":"open","ping_status":"closed","template":"","meta":[],"product_brand":[],"product_cat":[1117],"product_tag":[1638,1639,1640,1682,1683,1717,1719,1720,1718,1644,1675,1698,1641,1642,1676,1699,1643,1713,1709,1646,1684,1677,1705,1706,1649,1661,1662,1663,1664,1665,1666,1667,1668,1669,1670,1678,1680,1679,1672,1674,1692,1693,1694,1657,1696,1701,1704,1647,1648,1653,1654,1655,1658,1659,1660,1673,1685,1690,1691,1695,1697,1056,1700,1703,1708,1686,1707,1656,1645,1702,1715,1716,1710,1711,1712,1714,1688,1687,1650,1652,1651,1671,1681,1689],"class_list":{"0":"post-5293","1":"product","2":"type-product","3":"status-publish","4":"has-post-thumbnail","6":"product_cat-kup-tabletki-na-bol-spanie-seks","7":"product_tag-15-mg-oksykodonu","8":"product_tag-20-mg-oksykodonu","9":"product_tag-20mg-oxycodone","10":"product_tag-chlorowodorek-oksykodonu","11":"product_tag-chlorowodorek-oksykodonu-5-mg","12":"product_tag-co-robi-oksykodon","13":"product_tag-co-to-jest-oksymorfon","14":"product_tag-co-to-jest-roksykodon","15":"product_tag-co-to-oxy","16":"product_tag-is-oksykodon-an-opioid","17":"product_tag-dawki-oksykodonu","18":"product_tag-dawka-oksykontynu","19":"product_tag-dihydrohydroxycodeinone","20":"product_tag-dihydroxycodeinone","21":"product_tag-dziaanie-oksykodonu","22":"product_tag-efekty-oksykontynowe","23":"product_tag-jak-dugo-trwa-oksykodon","24":"product_tag-lek-roxy","25":"product_tag-leki-przeciwblowe-na-recept","26":"product_tag-liquid-oxycontin","27":"product_tag-oksykodon-o-natychmiastowym-uwalnianiu","28":"product_tag-okres-ptrwania-oksykodonu","29":"product_tag-oksybawena","30":"product_tag-oksydy","31":"product_tag-oksykodon","32":"product_tag-oksykodon-10mg","33":"product_tag-oksykodon-10mg-rowy","34":"product_tag-oksykodon-15-mg","35":"product_tag-oksykodon-15mg","36":"product_tag-oksykodon-20-mg","37":"product_tag-oksykodon-20mg","38":"product_tag-oksykodon-30-mg","39":"product_tag-oksykodon-5","40":"product_tag-oksykodon-5-325","41":"product_tag-oksykodon-5-mg","42":"product_tag-oksykodon-hcl","43":"product_tag-oksykodon-hcl-5mg","44":"product_tag-oksykodon-hcl-5-mg-tabletka","45":"product_tag-oksykodon-i-alkohol","46":"product_tag-oksykodon-i-tylenol","47":"product_tag-oksykodon-acetaminofen","48":"product_tag-oksykodon-acetaminofen-5-325","49":"product_tag-oksykodon-apap","50":"product_tag-oksykodyna","51":"product_tag-oksykonta","52":"product_tag-oksykontyn-ir","53":"product_tag-oksykoton","54":"product_tag-opioidowe-rodki-przeciwblowe","55":"product_tag-oxicodona","56":"product_tag-oxy-drug","57":"product_tag-oxy-drugs","58":"product_tag-oxy-pill","59":"product_tag-oxycodon","60":"product_tag-oxycodone","61":"product_tag-oxycodone-10","62":"product_tag-oxycodone-and-ibuprofen","63":"product_tag-oxycodone-ingredients","64":"product_tag-oxycodone-vs-oxycontin","65":"product_tag-oxycodone-vs-percocet","66":"product_tag-oxycodonum","67":"product_tag-oksykontyn-30-mg","68":"product_tag-oxycontin-80-mg","69":"product_tag-oxycontin-generyczny","70":"product_tag-oxycontin-vs-oxycodone","71":"product_tag-piguka-20","72":"product_tag-piguka-oksykodonu","73":"product_tag-pigu-c5-82ki-oksytocyny","74":"product_tag-piguki-tlenowe","75":"product_tag-pyn-oksykodon","76":"product_tag-przedawkowanie-oksykonin","77":"product_tag-rodzaje-opioidw","78":"product_tag-rodzaje-rodkw-przeciwblowych","79":"product_tag-roksykodon-vs-oksykodon","80":"product_tag-roxy-10","81":"product_tag-roxy-30s","82":"product_tag-side-effects-of-oxycodone","83":"product_tag-skutki-uboczne-oksykodonu","84":"product_tag-pigu-c5-82ki-oksykodonu","85":"product_tag-tlen","86":"product_tag-oksy-5-mg","87":"product_tag-tlen-10","88":"product_tag-uzalenienie-od-oksykodonu","89":"product_tag-wysoki-poziom-oksykodonu","90":"product_tag-zastosowania-oksykodonu","92":"first","93":"instock","94":"shipping-taxable","95":"purchasable","96":"product-type-variable","97":"has-default-attributes"},"yoast_head":"<!-- This site is optimized with the Yoast SEO plugin v27.3 - https:\/\/yoast.com\/product\/yoast-seo-wordpress\/ -->\n<title>Kup tabletki OxyCodone 40 mg - Best Best Global Meds<\/title>\n<meta name=\"description\" content=\"Kup tabletki oksykodonu 40 mg na sprzeda\u017c w Wielkiej Brytanii, Europie online, zam\u00f3w tanie tabletki oksykodonu 40 mg online za pomoc\u0105 ... Mo\u017cesz kupi\u0107 tabletki oksykodonu online bez recepty (bez RX).\" \/>\n<meta name=\"robots\" content=\"index, follow, max-snippet:-1, max-image-preview:large, max-video-preview:-1\" \/>\n<link rel=\"canonical\" href=\"https:\/\/medicinasinc.com\/pl\/product\/kup-oksykodon-40mg-pigulki\/\" \/>\n<meta property=\"og:locale\" content=\"en_US\" \/>\n<meta property=\"og:type\" content=\"article\" \/>\n<meta property=\"og:title\" content=\"Kup tabletki OxyCodone 40 mg - Best Best Global Meds\" \/>\n<meta property=\"og:description\" content=\"Kup tabletki oksykodonu 40 mg na sprzeda\u017c w Wielkiej Brytanii, Europie online, zam\u00f3w tanie tabletki oksykodonu 40 mg online za pomoc\u0105 ... Mo\u017cesz kupi\u0107 tabletki oksykodonu online bez recepty (bez RX).\" \/>\n<meta property=\"og:url\" content=\"https:\/\/medicinasinc.com\/pl\/product\/kup-oksykodon-40mg-pigulki\/\" \/>\n<meta property=\"og:site_name\" content=\"Medicinas Inc\" \/>\n<meta property=\"article:modified_time\" content=\"2022-03-22T01:00:27+00:00\" \/>\n<meta property=\"og:image\" content=\"https:\/\/medicinasinc.com\/pl\/wp-content\/uploads\/sites\/13\/2022\/02\/Buy-OxyCodone-40mg.jpg\" \/>\n\t<meta property=\"og:image:width\" content=\"600\" \/>\n\t<meta property=\"og:image:height\" content=\"400\" \/>\n\t<meta property=\"og:image:type\" content=\"image\/jpeg\" \/>\n<meta name=\"twitter:card\" content=\"summary_large_image\" \/>\n<meta name=\"twitter:label1\" content=\"Est. reading time\" \/>\n\t<meta name=\"twitter:data1\" content=\"1 minute\" \/>\n<script type=\"application\/ld+json\" class=\"yoast-schema-graph\">{\"@context\":\"https:\\\/\\\/schema.org\",\"@graph\":[{\"@type\":\"WebPage\",\"@id\":\"https:\\\/\\\/medicinasinc.com\\\/pl\\\/product\\\/kup-oksykodon-40mg-pigulki\\\/\",\"url\":\"https:\\\/\\\/medicinasinc.com\\\/pl\\\/product\\\/kup-oksykodon-40mg-pigulki\\\/\",\"name\":\"Kup tabletki OxyCodone 40 mg - Best Best Global Meds\",\"isPartOf\":{\"@id\":\"https:\\\/\\\/medicinasinc.com\\\/pl\\\/#website\"},\"primaryImageOfPage\":{\"@id\":\"https:\\\/\\\/medicinasinc.com\\\/pl\\\/product\\\/kup-oksykodon-40mg-pigulki\\\/#primaryimage\"},\"image\":{\"@id\":\"https:\\\/\\\/medicinasinc.com\\\/pl\\\/product\\\/kup-oksykodon-40mg-pigulki\\\/#primaryimage\"},\"thumbnailUrl\":\"https:\\\/\\\/medicinasinc.com\\\/pl\\\/wp-content\\\/uploads\\\/sites\\\/13\\\/2022\\\/02\\\/Buy-OxyCodone-40mg.jpg\",\"datePublished\":\"2022-02-21T18:15:16+00:00\",\"dateModified\":\"2022-03-22T01:00:27+00:00\",\"description\":\"Kup tabletki oksykodonu 40 mg na sprzeda\u017c w Wielkiej Brytanii, Europie online, zam\u00f3w tanie tabletki oksykodonu 40 mg online za pomoc\u0105 ... Mo\u017cesz kupi\u0107 tabletki oksykodonu online bez recepty (bez RX).\",\"breadcrumb\":{\"@id\":\"https:\\\/\\\/medicinasinc.com\\\/pl\\\/product\\\/kup-oksykodon-40mg-pigulki\\\/#breadcrumb\"},\"inLanguage\":\"en-US\",\"potentialAction\":[{\"@type\":\"ReadAction\",\"target\":[\"https:\\\/\\\/medicinasinc.com\\\/pl\\\/product\\\/kup-oksykodon-40mg-pigulki\\\/\"]}]},{\"@type\":\"ImageObject\",\"inLanguage\":\"en-US\",\"@id\":\"https:\\\/\\\/medicinasinc.com\\\/pl\\\/product\\\/kup-oksykodon-40mg-pigulki\\\/#primaryimage\",\"url\":\"https:\\\/\\\/medicinasinc.com\\\/pl\\\/wp-content\\\/uploads\\\/sites\\\/13\\\/2022\\\/02\\\/Buy-OxyCodone-40mg.jpg\",\"contentUrl\":\"https:\\\/\\\/medicinasinc.com\\\/pl\\\/wp-content\\\/uploads\\\/sites\\\/13\\\/2022\\\/02\\\/Buy-OxyCodone-40mg.jpg\",\"width\":600,\"height\":400},{\"@type\":\"BreadcrumbList\",\"@id\":\"https:\\\/\\\/medicinasinc.com\\\/pl\\\/product\\\/kup-oksykodon-40mg-pigulki\\\/#breadcrumb\",\"itemListElement\":[{\"@type\":\"ListItem\",\"position\":1,\"name\":\"Sklep\",\"item\":\"https:\\\/\\\/medicinasinc.com\\\/pl\\\/sklep\\\/\"},{\"@type\":\"ListItem\",\"position\":2,\"name\":\"Kup tabletki OxyCodone 40 mg\"}]},{\"@type\":\"WebSite\",\"@id\":\"https:\\\/\\\/medicinasinc.com\\\/pl\\\/#website\",\"url\":\"https:\\\/\\\/medicinasinc.com\\\/pl\\\/\",\"name\":\"Medicinas Inc\",\"description\":\"Health Medical Clinic\",\"potentialAction\":[{\"@type\":\"SearchAction\",\"target\":{\"@type\":\"EntryPoint\",\"urlTemplate\":\"https:\\\/\\\/medicinasinc.com\\\/pl\\\/?s={search_term_string}\"},\"query-input\":{\"@type\":\"PropertyValueSpecification\",\"valueRequired\":true,\"valueName\":\"search_term_string\"}}],\"inLanguage\":\"en-US\"}]}<\/script>\n<!-- \/ Yoast SEO plugin. -->","yoast_head_json":{"title":"Kup tabletki OxyCodone 40 mg - Best Best Global Meds","description":"Kup tabletki oksykodonu 40 mg na sprzeda\u017c w Wielkiej Brytanii, Europie online, zam\u00f3w tanie tabletki oksykodonu 40 mg online za pomoc\u0105 ... Mo\u017cesz kupi\u0107 tabletki oksykodonu online bez recepty (bez RX).","robots":{"index":"index","follow":"follow","max-snippet":"max-snippet:-1","max-image-preview":"max-image-preview:large","max-video-preview":"max-video-preview:-1"},"canonical":"https:\/\/medicinasinc.com\/pl\/product\/kup-oksykodon-40mg-pigulki\/","og_locale":"en_US","og_type":"article","og_title":"Kup tabletki OxyCodone 40 mg - Best Best Global Meds","og_description":"Kup tabletki oksykodonu 40 mg na sprzeda\u017c w Wielkiej Brytanii, Europie online, zam\u00f3w tanie tabletki oksykodonu 40 mg online za pomoc\u0105 ... Mo\u017cesz kupi\u0107 tabletki oksykodonu online bez recepty (bez RX).","og_url":"https:\/\/medicinasinc.com\/pl\/product\/kup-oksykodon-40mg-pigulki\/","og_site_name":"Medicinas Inc","article_modified_time":"2022-03-22T01:00:27+00:00","og_image":[{"width":600,"height":400,"url":"https:\/\/medicinasinc.com\/pl\/wp-content\/uploads\/sites\/13\/2022\/02\/Buy-OxyCodone-40mg.jpg","type":"image\/jpeg"}],"twitter_card":"summary_large_image","twitter_misc":{"Est. reading time":"1 minute"},"schema":{"@context":"https:\/\/schema.org","@graph":[{"@type":"WebPage","@id":"https:\/\/medicinasinc.com\/pl\/product\/kup-oksykodon-40mg-pigulki\/","url":"https:\/\/medicinasinc.com\/pl\/product\/kup-oksykodon-40mg-pigulki\/","name":"Kup tabletki OxyCodone 40 mg - Best Best Global Meds","isPartOf":{"@id":"https:\/\/medicinasinc.com\/pl\/#website"},"primaryImageOfPage":{"@id":"https:\/\/medicinasinc.com\/pl\/product\/kup-oksykodon-40mg-pigulki\/#primaryimage"},"image":{"@id":"https:\/\/medicinasinc.com\/pl\/product\/kup-oksykodon-40mg-pigulki\/#primaryimage"},"thumbnailUrl":"https:\/\/medicinasinc.com\/pl\/wp-content\/uploads\/sites\/13\/2022\/02\/Buy-OxyCodone-40mg.jpg","datePublished":"2022-02-21T18:15:16+00:00","dateModified":"2022-03-22T01:00:27+00:00","description":"Kup tabletki oksykodonu 40 mg na sprzeda\u017c w Wielkiej Brytanii, Europie online, zam\u00f3w tanie tabletki oksykodonu 40 mg online za pomoc\u0105 ... Mo\u017cesz kupi\u0107 tabletki oksykodonu online bez recepty (bez RX).","breadcrumb":{"@id":"https:\/\/medicinasinc.com\/pl\/product\/kup-oksykodon-40mg-pigulki\/#breadcrumb"},"inLanguage":"en-US","potentialAction":[{"@type":"ReadAction","target":["https:\/\/medicinasinc.com\/pl\/product\/kup-oksykodon-40mg-pigulki\/"]}]},{"@type":"ImageObject","inLanguage":"en-US","@id":"https:\/\/medicinasinc.com\/pl\/product\/kup-oksykodon-40mg-pigulki\/#primaryimage","url":"https:\/\/medicinasinc.com\/pl\/wp-content\/uploads\/sites\/13\/2022\/02\/Buy-OxyCodone-40mg.jpg","contentUrl":"https:\/\/medicinasinc.com\/pl\/wp-content\/uploads\/sites\/13\/2022\/02\/Buy-OxyCodone-40mg.jpg","width":600,"height":400},{"@type":"BreadcrumbList","@id":"https:\/\/medicinasinc.com\/pl\/product\/kup-oksykodon-40mg-pigulki\/#breadcrumb","itemListElement":[{"@type":"ListItem","position":1,"name":"Sklep","item":"https:\/\/medicinasinc.com\/pl\/sklep\/"},{"@type":"ListItem","position":2,"name":"Kup tabletki OxyCodone 40 mg"}]},{"@type":"WebSite","@id":"https:\/\/medicinasinc.com\/pl\/#website","url":"https:\/\/medicinasinc.com\/pl\/","name":"Medicinas Inc","description":"Health Medical Clinic","potentialAction":[{"@type":"SearchAction","target":{"@type":"EntryPoint","urlTemplate":"https:\/\/medicinasinc.com\/pl\/?s={search_term_string}"},"query-input":{"@type":"PropertyValueSpecification","valueRequired":true,"valueName":"search_term_string"}}],"inLanguage":"en-US"}]}},"_links":{"self":[{"href":"https:\/\/medicinasinc.com\/pl\/wp-json\/wp\/v2\/product\/5293","targetHints":{"allow":["GET"]}}],"collection":[{"href":"https:\/\/medicinasinc.com\/pl\/wp-json\/wp\/v2\/product"}],"about":[{"href":"https:\/\/medicinasinc.com\/pl\/wp-json\/wp\/v2\/types\/product"}],"replies":[{"embeddable":true,"href":"https:\/\/medicinasinc.com\/pl\/wp-json\/wp\/v2\/comments?post=5293"}],"wp:featuredmedia":[{"embeddable":true,"href":"https:\/\/medicinasinc.com\/pl\/wp-json\/wp\/v2\/media\/5301"}],"wp:attachment":[{"href":"https:\/\/medicinasinc.com\/pl\/wp-json\/wp\/v2\/media?parent=5293"}],"wp:term":[{"taxonomy":"product_brand","embeddable":true,"href":"https:\/\/medicinasinc.com\/pl\/wp-json\/wp\/v2\/product_brand?post=5293"},{"taxonomy":"product_cat","embeddable":true,"href":"https:\/\/medicinasinc.com\/pl\/wp-json\/wp\/v2\/product_cat?post=5293"},{"taxonomy":"product_tag","embeddable":true,"href":"https:\/\/medicinasinc.com\/pl\/wp-json\/wp\/v2\/product_tag?post=5293"}],"curies":[{"name":"wp","href":"https:\/\/api.w.org\/{rel}","templated":true}]}}