{"id":5265,"date":"2022-02-20T22:55:20","date_gmt":"2022-02-20T22:55:20","guid":{"rendered":"https:\/\/medicinasinc.com\/pl\/?post_type=product&#038;p=5265"},"modified":"2022-03-22T01:00:37","modified_gmt":"2022-03-22T01:00:37","slug":"kup-mogadon-nitrazepam-5mg-pigulki","status":"publish","type":"product","link":"https:\/\/medicinasinc.com\/pl\/product\/kup-mogadon-nitrazepam-5mg-pigulki\/","title":{"rendered":"Kup tabletki Mogadon Nitrazepam 5 mg"},"content":{"rendered":"<p>Zakup online tabletek Mogadon Nitrazepam 5 mg<br \/> Mogadon kosztuje 0,31 USD za tabletk\u0119 u nas w PocketPills. Mogadon mo\u017ce by\u0107 ta\u0144szy, je\u015bli obejmuje to twoje ubezpieczenie. Aby uzyska\u0107 ca\u0142y koszt Mogadon, musisz dodatkowo uwzgl\u0119dni\u0107 koszty dozowania i wysy\u0142ki.<\/p>\n<p>Ile wynosi op\u0142ata za wydawanie Mogadon?<\/p>\n<p>Koszt dozowania Mogadon u nas to po prostu 7 USD . Pocketpills stara si\u0119 zapewni\u0107 najni\u017csze ceny Mogadon w Kanadzie.<br \/> Pami\u0119taj, \u017ce zapewniamy BEZP\u0141ATN\u0104 WYSY\u0141K\u0118 dla wszystkich zam\u00f3wie\u0144 na ca\u0142ym \u015bwiecie.<\/p>\n<div>\n<div>\n<div>\n<div class=\"margin- tl\">\n<div class=\"drugcontent-wrapper\">\n<div class=\"h4\">\n<ul>\n<li>Pami\u0119taj, oferujemy BEZP\u0141ATN\u0104 wysy\u0142k\u0119 na terenie Kanady.<\/li>\n<\/ul><\/div><\/div><\/div><\/div><\/div><\/div>\n<div class=\"product-next-previous\">\n<div class=\"product-prev\"><\/div><\/div>\n","protected":false},"excerpt":{"rendered":"<p> Tabletki Mogadon Nitrazepam 5 mg do sprzeda\u017cy w Wielkiej Brytanii i Europie. trudno\u015bci z zasypianiem, powtarzaj\u0105ce si\u0119 wybudzenia w nocy i budzenie si\u0119 wczesnym rankiem. Dodatkowo s\u0142u\u017cy do monitorowania napad\u00f3w mioklonicznych.<\/p>\n<p>Mogadon Kup online &#8211; Pigu\u0142ki najwy\u017cszej jako\u015bci Kup Nitrazepam online bez recepty, Zam\u00f3w i otrzymaj sw\u00f3j Mogadon na ca\u0142ym \u015bwiecie dzi\u0119ki szybkiej dostawie.<\/p>\n<p>Zakup nitrazepamu xr 30 mg<\/p>\n<p>Kup nitrazepam z dostaw\u0105 w ci\u0105gu dnia Kup Nitrazepam bez recepty online kup nitrazepam w Kostaryce, Europie, Dubaju, Chinach, Unii Europejskiej i na ca\u0142ym \u015bwiecie. Tabletki generycznego nitrazepamu<\/p>\n","protected":false},"featured_media":5995,"comment_status":"open","ping_status":"closed","template":"","meta":[],"product_brand":[],"product_cat":[1117],"product_tag":[1630,1629,1631,1632,1634,1635,1636,1637,1633],"class_list":{"0":"post-5265","1":"product","2":"type-product","3":"status-publish","4":"has-post-thumbnail","6":"product_cat-kup-tabletki-na-bol-spanie-seks","7":"product_tag-buy-cheap-mogadon-nitrazepam","8":"product_tag-kup-nitrazepam-10mg-kup-mogadon-online-nitrazepam-5mg-na-sprzeda-kup-mogadon-10mg","9":"product_tag-mogadon-nitrazepam","10":"product_tag-mogadon-nitrazepam-jak-zrezygnowa","11":"product_tag-nitrazepam-mogadon","12":"product_tag-reddit-mogadon-nitrazepam","13":"product_tag-reddit-mogadon-nitrazepam-wycofanie","14":"product_tag-reddit-nitrazepam-mogadon-wypata","15":"product_tag-mogadon-nitrazepam-wycofanie","17":"first","18":"instock","19":"shipping-taxable","20":"purchasable","21":"product-type-variable","22":"has-default-attributes"},"yoast_head":"<!-- This site is optimized with the Yoast SEO plugin v27.3 - https:\/\/yoast.com\/product\/yoast-seo-wordpress\/ -->\n<title>Kup tabletki Mogadon Nitrazepam 5 mg - Best Global Meds<\/title>\n<meta name=\"description\" content=\"Kup tabletki Mogadon Nitrazepam 5 mg na sprzeda\u017c w Wielkiej Brytanii, Europie online. k\u0142opoty z zasypianiem, kolejne pobudki w ci\u0105gu nocy i pobudki wcze\u015bnie rano. Jest dodatkowo u\u017cywany do nadzorowania napad\u00f3w mioklonicznych.\" \/>\n<meta name=\"robots\" content=\"index, follow, max-snippet:-1, max-image-preview:large, max-video-preview:-1\" \/>\n<link rel=\"canonical\" href=\"https:\/\/medicinasinc.com\/pl\/product\/kup-mogadon-nitrazepam-5mg-pigulki\/\" \/>\n<meta property=\"og:locale\" content=\"en_US\" \/>\n<meta property=\"og:type\" content=\"article\" \/>\n<meta property=\"og:title\" content=\"Kup tabletki Mogadon Nitrazepam 5 mg - Best Global Meds\" \/>\n<meta property=\"og:description\" content=\"Kup tabletki Mogadon Nitrazepam 5 mg na sprzeda\u017c w Wielkiej Brytanii, Europie online. k\u0142opoty z zasypianiem, kolejne pobudki w ci\u0105gu nocy i pobudki wcze\u015bnie rano. Jest dodatkowo u\u017cywany do nadzorowania napad\u00f3w mioklonicznych.\" \/>\n<meta property=\"og:url\" content=\"https:\/\/medicinasinc.com\/pl\/product\/kup-mogadon-nitrazepam-5mg-pigulki\/\" \/>\n<meta property=\"og:site_name\" content=\"Medicinas Inc\" \/>\n<meta property=\"article:modified_time\" content=\"2022-03-22T01:00:37+00:00\" \/>\n<meta property=\"og:image\" content=\"https:\/\/medicinasinc.com\/pl\/wp-content\/uploads\/sites\/13\/2022\/02\/Buy-Mogadon-Nitrazepam-5mg-pills.jpg\" \/>\n\t<meta property=\"og:image:width\" content=\"640\" \/>\n\t<meta property=\"og:image:height\" content=\"480\" \/>\n\t<meta property=\"og:image:type\" content=\"image\/jpeg\" \/>\n<meta name=\"twitter:card\" content=\"summary_large_image\" \/>\n<meta name=\"twitter:label1\" content=\"Est. reading time\" \/>\n\t<meta name=\"twitter:data1\" content=\"1 minute\" \/>\n<script type=\"application\/ld+json\" class=\"yoast-schema-graph\">{\"@context\":\"https:\\\/\\\/schema.org\",\"@graph\":[{\"@type\":\"WebPage\",\"@id\":\"https:\\\/\\\/medicinasinc.com\\\/pl\\\/product\\\/kup-mogadon-nitrazepam-5mg-pigulki\\\/\",\"url\":\"https:\\\/\\\/medicinasinc.com\\\/pl\\\/product\\\/kup-mogadon-nitrazepam-5mg-pigulki\\\/\",\"name\":\"Kup tabletki Mogadon Nitrazepam 5 mg - Best Global Meds\",\"isPartOf\":{\"@id\":\"https:\\\/\\\/medicinasinc.com\\\/pl\\\/#website\"},\"primaryImageOfPage\":{\"@id\":\"https:\\\/\\\/medicinasinc.com\\\/pl\\\/product\\\/kup-mogadon-nitrazepam-5mg-pigulki\\\/#primaryimage\"},\"image\":{\"@id\":\"https:\\\/\\\/medicinasinc.com\\\/pl\\\/product\\\/kup-mogadon-nitrazepam-5mg-pigulki\\\/#primaryimage\"},\"thumbnailUrl\":\"https:\\\/\\\/medicinasinc.com\\\/pl\\\/wp-content\\\/uploads\\\/sites\\\/13\\\/2022\\\/02\\\/Buy-Mogadon-Nitrazepam-5mg-pills.jpg\",\"datePublished\":\"2022-02-20T22:55:20+00:00\",\"dateModified\":\"2022-03-22T01:00:37+00:00\",\"description\":\"Kup tabletki Mogadon Nitrazepam 5 mg na sprzeda\u017c w Wielkiej Brytanii, Europie online. k\u0142opoty z zasypianiem, kolejne pobudki w ci\u0105gu nocy i pobudki wcze\u015bnie rano. Jest dodatkowo u\u017cywany do nadzorowania napad\u00f3w mioklonicznych.\",\"breadcrumb\":{\"@id\":\"https:\\\/\\\/medicinasinc.com\\\/pl\\\/product\\\/kup-mogadon-nitrazepam-5mg-pigulki\\\/#breadcrumb\"},\"inLanguage\":\"en-US\",\"potentialAction\":[{\"@type\":\"ReadAction\",\"target\":[\"https:\\\/\\\/medicinasinc.com\\\/pl\\\/product\\\/kup-mogadon-nitrazepam-5mg-pigulki\\\/\"]}]},{\"@type\":\"ImageObject\",\"inLanguage\":\"en-US\",\"@id\":\"https:\\\/\\\/medicinasinc.com\\\/pl\\\/product\\\/kup-mogadon-nitrazepam-5mg-pigulki\\\/#primaryimage\",\"url\":\"https:\\\/\\\/medicinasinc.com\\\/pl\\\/wp-content\\\/uploads\\\/sites\\\/13\\\/2022\\\/02\\\/Buy-Mogadon-Nitrazepam-5mg-pills.jpg\",\"contentUrl\":\"https:\\\/\\\/medicinasinc.com\\\/pl\\\/wp-content\\\/uploads\\\/sites\\\/13\\\/2022\\\/02\\\/Buy-Mogadon-Nitrazepam-5mg-pills.jpg\",\"width\":640,\"height\":480,\"caption\":\"Buy Mogadon Nitrazepam 5mg pills\"},{\"@type\":\"BreadcrumbList\",\"@id\":\"https:\\\/\\\/medicinasinc.com\\\/pl\\\/product\\\/kup-mogadon-nitrazepam-5mg-pigulki\\\/#breadcrumb\",\"itemListElement\":[{\"@type\":\"ListItem\",\"position\":1,\"name\":\"Sklep\",\"item\":\"https:\\\/\\\/medicinasinc.com\\\/pl\\\/sklep\\\/\"},{\"@type\":\"ListItem\",\"position\":2,\"name\":\"Kup tabletki Mogadon Nitrazepam 5 mg\"}]},{\"@type\":\"WebSite\",\"@id\":\"https:\\\/\\\/medicinasinc.com\\\/pl\\\/#website\",\"url\":\"https:\\\/\\\/medicinasinc.com\\\/pl\\\/\",\"name\":\"Medicinas Inc\",\"description\":\"Health Medical Clinic\",\"potentialAction\":[{\"@type\":\"SearchAction\",\"target\":{\"@type\":\"EntryPoint\",\"urlTemplate\":\"https:\\\/\\\/medicinasinc.com\\\/pl\\\/?s={search_term_string}\"},\"query-input\":{\"@type\":\"PropertyValueSpecification\",\"valueRequired\":true,\"valueName\":\"search_term_string\"}}],\"inLanguage\":\"en-US\"}]}<\/script>\n<!-- \/ Yoast SEO plugin. -->","yoast_head_json":{"title":"Kup tabletki Mogadon Nitrazepam 5 mg - Best Global Meds","description":"Kup tabletki Mogadon Nitrazepam 5 mg na sprzeda\u017c w Wielkiej Brytanii, Europie online. k\u0142opoty z zasypianiem, kolejne pobudki w ci\u0105gu nocy i pobudki wcze\u015bnie rano. Jest dodatkowo u\u017cywany do nadzorowania napad\u00f3w mioklonicznych.","robots":{"index":"index","follow":"follow","max-snippet":"max-snippet:-1","max-image-preview":"max-image-preview:large","max-video-preview":"max-video-preview:-1"},"canonical":"https:\/\/medicinasinc.com\/pl\/product\/kup-mogadon-nitrazepam-5mg-pigulki\/","og_locale":"en_US","og_type":"article","og_title":"Kup tabletki Mogadon Nitrazepam 5 mg - Best Global Meds","og_description":"Kup tabletki Mogadon Nitrazepam 5 mg na sprzeda\u017c w Wielkiej Brytanii, Europie online. k\u0142opoty z zasypianiem, kolejne pobudki w ci\u0105gu nocy i pobudki wcze\u015bnie rano. Jest dodatkowo u\u017cywany do nadzorowania napad\u00f3w mioklonicznych.","og_url":"https:\/\/medicinasinc.com\/pl\/product\/kup-mogadon-nitrazepam-5mg-pigulki\/","og_site_name":"Medicinas Inc","article_modified_time":"2022-03-22T01:00:37+00:00","og_image":[{"width":640,"height":480,"url":"https:\/\/medicinasinc.com\/pl\/wp-content\/uploads\/sites\/13\/2022\/02\/Buy-Mogadon-Nitrazepam-5mg-pills.jpg","type":"image\/jpeg"}],"twitter_card":"summary_large_image","twitter_misc":{"Est. reading time":"1 minute"},"schema":{"@context":"https:\/\/schema.org","@graph":[{"@type":"WebPage","@id":"https:\/\/medicinasinc.com\/pl\/product\/kup-mogadon-nitrazepam-5mg-pigulki\/","url":"https:\/\/medicinasinc.com\/pl\/product\/kup-mogadon-nitrazepam-5mg-pigulki\/","name":"Kup tabletki Mogadon Nitrazepam 5 mg - Best Global Meds","isPartOf":{"@id":"https:\/\/medicinasinc.com\/pl\/#website"},"primaryImageOfPage":{"@id":"https:\/\/medicinasinc.com\/pl\/product\/kup-mogadon-nitrazepam-5mg-pigulki\/#primaryimage"},"image":{"@id":"https:\/\/medicinasinc.com\/pl\/product\/kup-mogadon-nitrazepam-5mg-pigulki\/#primaryimage"},"thumbnailUrl":"https:\/\/medicinasinc.com\/pl\/wp-content\/uploads\/sites\/13\/2022\/02\/Buy-Mogadon-Nitrazepam-5mg-pills.jpg","datePublished":"2022-02-20T22:55:20+00:00","dateModified":"2022-03-22T01:00:37+00:00","description":"Kup tabletki Mogadon Nitrazepam 5 mg na sprzeda\u017c w Wielkiej Brytanii, Europie online. k\u0142opoty z zasypianiem, kolejne pobudki w ci\u0105gu nocy i pobudki wcze\u015bnie rano. Jest dodatkowo u\u017cywany do nadzorowania napad\u00f3w mioklonicznych.","breadcrumb":{"@id":"https:\/\/medicinasinc.com\/pl\/product\/kup-mogadon-nitrazepam-5mg-pigulki\/#breadcrumb"},"inLanguage":"en-US","potentialAction":[{"@type":"ReadAction","target":["https:\/\/medicinasinc.com\/pl\/product\/kup-mogadon-nitrazepam-5mg-pigulki\/"]}]},{"@type":"ImageObject","inLanguage":"en-US","@id":"https:\/\/medicinasinc.com\/pl\/product\/kup-mogadon-nitrazepam-5mg-pigulki\/#primaryimage","url":"https:\/\/medicinasinc.com\/pl\/wp-content\/uploads\/sites\/13\/2022\/02\/Buy-Mogadon-Nitrazepam-5mg-pills.jpg","contentUrl":"https:\/\/medicinasinc.com\/pl\/wp-content\/uploads\/sites\/13\/2022\/02\/Buy-Mogadon-Nitrazepam-5mg-pills.jpg","width":640,"height":480,"caption":"Buy Mogadon Nitrazepam 5mg pills"},{"@type":"BreadcrumbList","@id":"https:\/\/medicinasinc.com\/pl\/product\/kup-mogadon-nitrazepam-5mg-pigulki\/#breadcrumb","itemListElement":[{"@type":"ListItem","position":1,"name":"Sklep","item":"https:\/\/medicinasinc.com\/pl\/sklep\/"},{"@type":"ListItem","position":2,"name":"Kup tabletki Mogadon Nitrazepam 5 mg"}]},{"@type":"WebSite","@id":"https:\/\/medicinasinc.com\/pl\/#website","url":"https:\/\/medicinasinc.com\/pl\/","name":"Medicinas Inc","description":"Health Medical Clinic","potentialAction":[{"@type":"SearchAction","target":{"@type":"EntryPoint","urlTemplate":"https:\/\/medicinasinc.com\/pl\/?s={search_term_string}"},"query-input":{"@type":"PropertyValueSpecification","valueRequired":true,"valueName":"search_term_string"}}],"inLanguage":"en-US"}]}},"_links":{"self":[{"href":"https:\/\/medicinasinc.com\/pl\/wp-json\/wp\/v2\/product\/5265","targetHints":{"allow":["GET"]}}],"collection":[{"href":"https:\/\/medicinasinc.com\/pl\/wp-json\/wp\/v2\/product"}],"about":[{"href":"https:\/\/medicinasinc.com\/pl\/wp-json\/wp\/v2\/types\/product"}],"replies":[{"embeddable":true,"href":"https:\/\/medicinasinc.com\/pl\/wp-json\/wp\/v2\/comments?post=5265"}],"wp:featuredmedia":[{"embeddable":true,"href":"https:\/\/medicinasinc.com\/pl\/wp-json\/wp\/v2\/media\/5995"}],"wp:attachment":[{"href":"https:\/\/medicinasinc.com\/pl\/wp-json\/wp\/v2\/media?parent=5265"}],"wp:term":[{"taxonomy":"product_brand","embeddable":true,"href":"https:\/\/medicinasinc.com\/pl\/wp-json\/wp\/v2\/product_brand?post=5265"},{"taxonomy":"product_cat","embeddable":true,"href":"https:\/\/medicinasinc.com\/pl\/wp-json\/wp\/v2\/product_cat?post=5265"},{"taxonomy":"product_tag","embeddable":true,"href":"https:\/\/medicinasinc.com\/pl\/wp-json\/wp\/v2\/product_tag?post=5265"}],"curies":[{"name":"wp","href":"https:\/\/api.w.org\/{rel}","templated":true}]}}