{"id":5264,"date":"2022-02-20T22:53:05","date_gmt":"2022-02-20T22:53:05","guid":{"rendered":"https:\/\/medicinasinc.com\/pl\/?post_type=product&#038;p=5264"},"modified":"2022-03-22T01:00:49","modified_gmt":"2022-03-22T01:00:49","slug":"kup-motrin-ibuprofen-600mg-pigulki","status":"publish","type":"product","link":"https:\/\/medicinasinc.com\/pl\/product\/kup-motrin-ibuprofen-600mg-pigulki\/","title":{"rendered":"Kup tabletki Motrin Ibuprofen 600 mg"},"content":{"rendered":"<p>Motrin \u2013 Tabletki Ibuprofen 600 mg mo\u017cna kupi\u0107 online.<br \/> Tabletki Motrin Ibuprofen 600 mg mo\u017cna kupi\u0107 online.<\/p>\n<p>Ibuprofen 600 mg jest dost\u0119pny w tabletkach. Jest cz\u0142onkiem klasy lek\u00f3w znanych jako NLPZ \u2013 niesteroidowe leki przeciwzapalne. Jest stosowany w leczeniu choroby zwyrodnieniowej staw\u00f3w, reumatoidalnego zapalenia staw\u00f3w, zapalenia staw\u00f3w kr\u0119gos\u0142upa, obrz\u0119ku staw\u00f3w, zamro\u017conego barku, zapalenia kaletki, zapalenia \u015bci\u0119gna, zapalenia pochewki \u015bci\u0119gna, dyskomfortu w dolnej cz\u0119\u015bci plec\u00f3w oraz skr\u0119ce\u0144 i nadwyr\u0119\u017ce\u0144.<\/p>\n<p>Tabletki Ibuprofenu 600 mg nale\u017cy trzyma\u0107 z dala od dzieci wzrok i zasi\u0119g. Powinien by\u0107 przechowywany w oryginalnym opakowaniu i przechowywany w temperaturze nie wy\u017cszej ni\u017c 25 stopni Celsjusza.<\/p>\n","protected":false},"excerpt":{"rendered":"<div class=\"woocommerce-product-details__short-description\">\n<p>Motrin \u2013 Ibuprofen w tabletkach 600 mg mo\u017cna kupi\u0107 online. Kup Ibuprofen Online po wyj\u0105tkowo niskich kosztach. Zam\u00f3wienia hurtowe kwalifikuj\u0105 si\u0119 do bezp\u0142atnej wysy\u0142ki. Je\u015bli chcesz kupi\u0107 leki na recept\u0119 online bez recepty, Twoje wyszukiwanie zosta\u0142o zako\u0144czone.<\/p>\n<p>Ibuprofen 600 mg jest dost\u0119pny w postaci tabletek. Jest cz\u0142onkiem klasy lek\u00f3w znanych jako NLPZ &#8211; Niesteroidowe leki przeciwzapalne.<\/p>\n<p>Ibuprofen w tabletkach 600 mg, ibuprofen w mocy 600 mg na recept\u0119, ibuprofen 600 mg bez recepty, ibuprofen w dawce 600 mg dla doros\u0142ych, ibuprofen 600 mg koszt na tabletk\u0119, ibuprofen 600 mg buty, motrina 600 mg, 600 mg ibuprofenu bez recepty uk<\/p>\n<\/p><\/div>\n","protected":false},"featured_media":5282,"comment_status":"open","ping_status":"closed","template":"","meta":[],"product_brand":[],"product_cat":[1117],"product_tag":[1571,1572,1573,1574,1575,1584,1599,1601,1602,1576,1603,1609,1610,1605,1607,1580,1581,1579,1577,1582,1583,1586,1585,1587,1588,1589,1590,1592,1591,1594,1595,1593,1596,1597,1598,1600,1604,1608,1627,1628,1613,1615,1616,1617,1621,1619,1622,1623,1625,1618,1611,1612,1614,1620,1624,1626,1606,1578],"class_list":{"0":"post-5264","1":"product","2":"type-product","3":"status-publish","4":"has-post-thumbnail","6":"product_cat-kup-tabletki-na-bol-spanie-seks","7":"product_tag-600-mg-ibuprofen-bez-recepty-uk","8":"product_tag-advil-motrin-ibuprofen","9":"product_tag-are-ibuprofen-and-motrin-the-same","10":"product_tag-are-ibuprofen-and-motrin-the-same-thing","11":"product_tag-are-motrin-and-ibuprofen-the-same","12":"product_tag-ibuprofen-600-mg-buty","13":"product_tag-czy-ibuprofen-i-motrin-to-samo","14":"product_tag-is-ibuprofen-motrin","15":"product_tag-czy-ibuprofen-jest-taki-sam-jak-motrin","16":"product_tag-czy-motrin-i-ibuprofen-to-to-samo","17":"product_tag-czy-motrin-i-ibuprofen-to-samo","18":"product_tag-czy-motrin-to-samo-co-ibuprofen","19":"product_tag-czy-motrin-to-samo-co-co-ibuprofen","20":"product_tag-is-motrin-ibuprofen","21":"product_tag-czy-motryna-podobny-ibuprofen","22":"product_tag-czy-motrin-ma-ibuprofen","23":"product_tag-czy-motrin-ma-ibuprofen-w-to","24":"product_tag-czy-motrin-zawiera-ibuprofen","25":"product_tag-difference-between-ibuprofen-and-motrin","26":"product_tag-how-much-ibuprofen-in-motrin","27":"product_tag-ibuprofen-200mg-tabletki","28":"product_tag-ibuprofen-600-mg-bez-recepty","29":"product_tag-ibuprofen-600-mg-dosage-for-adults","30":"product_tag-ibuprofen-600-mg-prescription-strength","31":"product_tag-ibuprofen-600-mg-price-per-pill","32":"product_tag-ibuprofen-600mg-tablets","33":"product_tag-ibuprofen-advil-motrin","34":"product_tag-ibuprofen-is-motrin","35":"product_tag-ibuprofen-i-motrin","36":"product_tag-ibuprofen-motrin-600-mg","37":"product_tag-ibuprofen-motrin-800-mg","38":"product_tag-ibuprofen-motrin","39":"product_tag-ibuprofen-motryna-800mg","40":"product_tag-ibuprofen-taki-sam-jak-motrin","41":"product_tag-ibuprofen-vs-motrin","42":"product_tag-is-ibuprofen-and-motrin-the-same-thing","43":"product_tag-is-motrin-and-ibuprofen-the-same-thing","44":"product_tag-is-motrin-same-as-ibuprofen","45":"product_tag-jaka-jest-rnica-midzy-ibuprofenem-a-motrin","46":"product_tag-jaka-jest-rnica-midzy-motryn-a-ibuprofenem","47":"product_tag-motrin-800-vs-ibuprofen","48":"product_tag-motrin-and-ibuprofen-the-same","49":"product_tag-motrin-and-ibuprofen-the-same-thing","50":"product_tag-motrin-and-ibuprofen-together","51":"product_tag-motrin-ibuprofen-dawkowanie","52":"product_tag-motrin-ibuprofen","53":"product_tag-motrin-is-ibuprofen","54":"product_tag-motrin-the-same-as-ibuprofen","55":"product_tag-motrin-vs-advil-vs-ibuprofen","56":"product_tag-motrina-ib","57":"product_tag-motryna-600-mg","58":"product_tag-motrin-600-mg-vs-ibuprofen","59":"product_tag-motryna-ibuprofen","60":"product_tag-motryna-ibuprofen-200-mg","61":"product_tag-motryna-kontra-ibuprofen","62":"product_tag-motrin-vs-ibuprofen","63":"product_tag-is-motrin-ibuprofen-lub-acetaminofen","64":"product_tag-rnica-midzy-motryn-a-ibuprofenem","66":"first","67":"instock","68":"shipping-taxable","69":"purchasable","70":"product-type-variable","71":"has-default-attributes"},"yoast_head":"<!-- This site is optimized with the Yoast SEO plugin v27.3 - https:\/\/yoast.com\/product\/yoast-seo-wordpress\/ -->\n<title>Kup tabletki Motrin Ibuprofen 600 mg - Best Best Global Meds<\/title>\n<meta name=\"description\" content=\"Kup tabletki Motrin Ibuprofen 600 mg przez Internet. Kup Ibuprofen 600mg online w bardzo niskich cenach. Darmowa dostawa przy zam\u00f3wieniach hurtowych. Je\u015bli chcia\u0142e\u015b kupi\u0107 leki na recept\u0119 online bez recepty, twoje poszukiwania dobieg\u0142y ko\u0144ca.\" \/>\n<meta name=\"robots\" content=\"index, follow, max-snippet:-1, max-image-preview:large, max-video-preview:-1\" \/>\n<link rel=\"canonical\" href=\"https:\/\/medicinasinc.com\/pl\/product\/kup-motrin-ibuprofen-600mg-pigulki\/\" \/>\n<meta property=\"og:locale\" content=\"en_US\" \/>\n<meta property=\"og:type\" content=\"article\" \/>\n<meta property=\"og:title\" content=\"Kup tabletki Motrin Ibuprofen 600 mg - Best Best Global Meds\" \/>\n<meta property=\"og:description\" content=\"Kup tabletki Motrin Ibuprofen 600 mg przez Internet. Kup Ibuprofen 600mg online w bardzo niskich cenach. Darmowa dostawa przy zam\u00f3wieniach hurtowych. Je\u015bli chcia\u0142e\u015b kupi\u0107 leki na recept\u0119 online bez recepty, twoje poszukiwania dobieg\u0142y ko\u0144ca.\" \/>\n<meta property=\"og:url\" content=\"https:\/\/medicinasinc.com\/pl\/product\/kup-motrin-ibuprofen-600mg-pigulki\/\" \/>\n<meta property=\"og:site_name\" content=\"Medicinas Inc\" \/>\n<meta property=\"article:modified_time\" content=\"2022-03-22T01:00:49+00:00\" \/>\n<meta property=\"og:image\" content=\"https:\/\/medicinasinc.com\/pl\/wp-content\/uploads\/sites\/13\/2022\/02\/Buy-Motrin-Ibuprofen-600mg.jpg\" \/>\n\t<meta property=\"og:image:width\" content=\"1200\" \/>\n\t<meta property=\"og:image:height\" content=\"1200\" \/>\n\t<meta property=\"og:image:type\" content=\"image\/jpeg\" \/>\n<meta name=\"twitter:card\" content=\"summary_large_image\" \/>\n<meta name=\"twitter:label1\" content=\"Est. reading time\" \/>\n\t<meta name=\"twitter:data1\" content=\"1 minute\" \/>\n<script type=\"application\/ld+json\" class=\"yoast-schema-graph\">{\"@context\":\"https:\\\/\\\/schema.org\",\"@graph\":[{\"@type\":\"WebPage\",\"@id\":\"https:\\\/\\\/medicinasinc.com\\\/pl\\\/product\\\/kup-motrin-ibuprofen-600mg-pigulki\\\/\",\"url\":\"https:\\\/\\\/medicinasinc.com\\\/pl\\\/product\\\/kup-motrin-ibuprofen-600mg-pigulki\\\/\",\"name\":\"Kup tabletki Motrin Ibuprofen 600 mg - Best Best Global Meds\",\"isPartOf\":{\"@id\":\"https:\\\/\\\/medicinasinc.com\\\/pl\\\/#website\"},\"primaryImageOfPage\":{\"@id\":\"https:\\\/\\\/medicinasinc.com\\\/pl\\\/product\\\/kup-motrin-ibuprofen-600mg-pigulki\\\/#primaryimage\"},\"image\":{\"@id\":\"https:\\\/\\\/medicinasinc.com\\\/pl\\\/product\\\/kup-motrin-ibuprofen-600mg-pigulki\\\/#primaryimage\"},\"thumbnailUrl\":\"https:\\\/\\\/medicinasinc.com\\\/pl\\\/wp-content\\\/uploads\\\/sites\\\/13\\\/2022\\\/02\\\/Buy-Motrin-Ibuprofen-600mg.jpg\",\"datePublished\":\"2022-02-20T22:53:05+00:00\",\"dateModified\":\"2022-03-22T01:00:49+00:00\",\"description\":\"Kup tabletki Motrin Ibuprofen 600 mg przez Internet. Kup Ibuprofen 600mg online w bardzo niskich cenach. Darmowa dostawa przy zam\u00f3wieniach hurtowych. Je\u015bli chcia\u0142e\u015b kupi\u0107 leki na recept\u0119 online bez recepty, twoje poszukiwania dobieg\u0142y ko\u0144ca.\",\"breadcrumb\":{\"@id\":\"https:\\\/\\\/medicinasinc.com\\\/pl\\\/product\\\/kup-motrin-ibuprofen-600mg-pigulki\\\/#breadcrumb\"},\"inLanguage\":\"en-US\",\"potentialAction\":[{\"@type\":\"ReadAction\",\"target\":[\"https:\\\/\\\/medicinasinc.com\\\/pl\\\/product\\\/kup-motrin-ibuprofen-600mg-pigulki\\\/\"]}]},{\"@type\":\"ImageObject\",\"inLanguage\":\"en-US\",\"@id\":\"https:\\\/\\\/medicinasinc.com\\\/pl\\\/product\\\/kup-motrin-ibuprofen-600mg-pigulki\\\/#primaryimage\",\"url\":\"https:\\\/\\\/medicinasinc.com\\\/pl\\\/wp-content\\\/uploads\\\/sites\\\/13\\\/2022\\\/02\\\/Buy-Motrin-Ibuprofen-600mg.jpg\",\"contentUrl\":\"https:\\\/\\\/medicinasinc.com\\\/pl\\\/wp-content\\\/uploads\\\/sites\\\/13\\\/2022\\\/02\\\/Buy-Motrin-Ibuprofen-600mg.jpg\",\"width\":1200,\"height\":1200},{\"@type\":\"BreadcrumbList\",\"@id\":\"https:\\\/\\\/medicinasinc.com\\\/pl\\\/product\\\/kup-motrin-ibuprofen-600mg-pigulki\\\/#breadcrumb\",\"itemListElement\":[{\"@type\":\"ListItem\",\"position\":1,\"name\":\"Sklep\",\"item\":\"https:\\\/\\\/medicinasinc.com\\\/pl\\\/sklep\\\/\"},{\"@type\":\"ListItem\",\"position\":2,\"name\":\"Kup tabletki Motrin Ibuprofen 600 mg\"}]},{\"@type\":\"WebSite\",\"@id\":\"https:\\\/\\\/medicinasinc.com\\\/pl\\\/#website\",\"url\":\"https:\\\/\\\/medicinasinc.com\\\/pl\\\/\",\"name\":\"Medicinas Inc\",\"description\":\"Health Medical Clinic\",\"potentialAction\":[{\"@type\":\"SearchAction\",\"target\":{\"@type\":\"EntryPoint\",\"urlTemplate\":\"https:\\\/\\\/medicinasinc.com\\\/pl\\\/?s={search_term_string}\"},\"query-input\":{\"@type\":\"PropertyValueSpecification\",\"valueRequired\":true,\"valueName\":\"search_term_string\"}}],\"inLanguage\":\"en-US\"}]}<\/script>\n<!-- \/ Yoast SEO plugin. -->","yoast_head_json":{"title":"Kup tabletki Motrin Ibuprofen 600 mg - Best Best Global Meds","description":"Kup tabletki Motrin Ibuprofen 600 mg przez Internet. Kup Ibuprofen 600mg online w bardzo niskich cenach. Darmowa dostawa przy zam\u00f3wieniach hurtowych. Je\u015bli chcia\u0142e\u015b kupi\u0107 leki na recept\u0119 online bez recepty, twoje poszukiwania dobieg\u0142y ko\u0144ca.","robots":{"index":"index","follow":"follow","max-snippet":"max-snippet:-1","max-image-preview":"max-image-preview:large","max-video-preview":"max-video-preview:-1"},"canonical":"https:\/\/medicinasinc.com\/pl\/product\/kup-motrin-ibuprofen-600mg-pigulki\/","og_locale":"en_US","og_type":"article","og_title":"Kup tabletki Motrin Ibuprofen 600 mg - Best Best Global Meds","og_description":"Kup tabletki Motrin Ibuprofen 600 mg przez Internet. Kup Ibuprofen 600mg online w bardzo niskich cenach. Darmowa dostawa przy zam\u00f3wieniach hurtowych. Je\u015bli chcia\u0142e\u015b kupi\u0107 leki na recept\u0119 online bez recepty, twoje poszukiwania dobieg\u0142y ko\u0144ca.","og_url":"https:\/\/medicinasinc.com\/pl\/product\/kup-motrin-ibuprofen-600mg-pigulki\/","og_site_name":"Medicinas Inc","article_modified_time":"2022-03-22T01:00:49+00:00","og_image":[{"width":1200,"height":1200,"url":"https:\/\/medicinasinc.com\/pl\/wp-content\/uploads\/sites\/13\/2022\/02\/Buy-Motrin-Ibuprofen-600mg.jpg","type":"image\/jpeg"}],"twitter_card":"summary_large_image","twitter_misc":{"Est. reading time":"1 minute"},"schema":{"@context":"https:\/\/schema.org","@graph":[{"@type":"WebPage","@id":"https:\/\/medicinasinc.com\/pl\/product\/kup-motrin-ibuprofen-600mg-pigulki\/","url":"https:\/\/medicinasinc.com\/pl\/product\/kup-motrin-ibuprofen-600mg-pigulki\/","name":"Kup tabletki Motrin Ibuprofen 600 mg - Best Best Global Meds","isPartOf":{"@id":"https:\/\/medicinasinc.com\/pl\/#website"},"primaryImageOfPage":{"@id":"https:\/\/medicinasinc.com\/pl\/product\/kup-motrin-ibuprofen-600mg-pigulki\/#primaryimage"},"image":{"@id":"https:\/\/medicinasinc.com\/pl\/product\/kup-motrin-ibuprofen-600mg-pigulki\/#primaryimage"},"thumbnailUrl":"https:\/\/medicinasinc.com\/pl\/wp-content\/uploads\/sites\/13\/2022\/02\/Buy-Motrin-Ibuprofen-600mg.jpg","datePublished":"2022-02-20T22:53:05+00:00","dateModified":"2022-03-22T01:00:49+00:00","description":"Kup tabletki Motrin Ibuprofen 600 mg przez Internet. Kup Ibuprofen 600mg online w bardzo niskich cenach. Darmowa dostawa przy zam\u00f3wieniach hurtowych. Je\u015bli chcia\u0142e\u015b kupi\u0107 leki na recept\u0119 online bez recepty, twoje poszukiwania dobieg\u0142y ko\u0144ca.","breadcrumb":{"@id":"https:\/\/medicinasinc.com\/pl\/product\/kup-motrin-ibuprofen-600mg-pigulki\/#breadcrumb"},"inLanguage":"en-US","potentialAction":[{"@type":"ReadAction","target":["https:\/\/medicinasinc.com\/pl\/product\/kup-motrin-ibuprofen-600mg-pigulki\/"]}]},{"@type":"ImageObject","inLanguage":"en-US","@id":"https:\/\/medicinasinc.com\/pl\/product\/kup-motrin-ibuprofen-600mg-pigulki\/#primaryimage","url":"https:\/\/medicinasinc.com\/pl\/wp-content\/uploads\/sites\/13\/2022\/02\/Buy-Motrin-Ibuprofen-600mg.jpg","contentUrl":"https:\/\/medicinasinc.com\/pl\/wp-content\/uploads\/sites\/13\/2022\/02\/Buy-Motrin-Ibuprofen-600mg.jpg","width":1200,"height":1200},{"@type":"BreadcrumbList","@id":"https:\/\/medicinasinc.com\/pl\/product\/kup-motrin-ibuprofen-600mg-pigulki\/#breadcrumb","itemListElement":[{"@type":"ListItem","position":1,"name":"Sklep","item":"https:\/\/medicinasinc.com\/pl\/sklep\/"},{"@type":"ListItem","position":2,"name":"Kup tabletki Motrin Ibuprofen 600 mg"}]},{"@type":"WebSite","@id":"https:\/\/medicinasinc.com\/pl\/#website","url":"https:\/\/medicinasinc.com\/pl\/","name":"Medicinas Inc","description":"Health Medical Clinic","potentialAction":[{"@type":"SearchAction","target":{"@type":"EntryPoint","urlTemplate":"https:\/\/medicinasinc.com\/pl\/?s={search_term_string}"},"query-input":{"@type":"PropertyValueSpecification","valueRequired":true,"valueName":"search_term_string"}}],"inLanguage":"en-US"}]}},"_links":{"self":[{"href":"https:\/\/medicinasinc.com\/pl\/wp-json\/wp\/v2\/product\/5264","targetHints":{"allow":["GET"]}}],"collection":[{"href":"https:\/\/medicinasinc.com\/pl\/wp-json\/wp\/v2\/product"}],"about":[{"href":"https:\/\/medicinasinc.com\/pl\/wp-json\/wp\/v2\/types\/product"}],"replies":[{"embeddable":true,"href":"https:\/\/medicinasinc.com\/pl\/wp-json\/wp\/v2\/comments?post=5264"}],"wp:featuredmedia":[{"embeddable":true,"href":"https:\/\/medicinasinc.com\/pl\/wp-json\/wp\/v2\/media\/5282"}],"wp:attachment":[{"href":"https:\/\/medicinasinc.com\/pl\/wp-json\/wp\/v2\/media?parent=5264"}],"wp:term":[{"taxonomy":"product_brand","embeddable":true,"href":"https:\/\/medicinasinc.com\/pl\/wp-json\/wp\/v2\/product_brand?post=5264"},{"taxonomy":"product_cat","embeddable":true,"href":"https:\/\/medicinasinc.com\/pl\/wp-json\/wp\/v2\/product_cat?post=5264"},{"taxonomy":"product_tag","embeddable":true,"href":"https:\/\/medicinasinc.com\/pl\/wp-json\/wp\/v2\/product_tag?post=5264"}],"curies":[{"name":"wp","href":"https:\/\/api.w.org\/{rel}","templated":true}]}}