{"id":5263,"date":"2022-02-20T22:51:56","date_gmt":"2022-02-20T22:51:56","guid":{"rendered":"https:\/\/medicinasinc.com\/pl\/?post_type=product&#038;p=5263"},"modified":"2022-03-22T01:00:58","modified_gmt":"2022-03-22T01:00:58","slug":"kup-naze-2mg-klonazepam","status":"publish","type":"product","link":"https:\/\/medicinasinc.com\/pl\/product\/kup-naze-2mg-klonazepam\/","title":{"rendered":"Kup Naze 2mg Clonazepam"},"content":{"rendered":"<p>Zakup online tabletek Naze 2 mg Clonazepam<\/p>\n<p>Klonazepam jest stosowany w leczeniu napad\u00f3w (padaczki lub drgawek) i nieoczekiwanych incydent\u00f3w silnego strachu, a tak\u017ce l\u0119ku zwi\u0105zanego z tymi atakami (zaburzenie l\u0119ku napadowego), z lub bez strach przed miejscami publicznymi (agorafobia).<br \/> Clonazepam nale\u017cy do klasy lek\u00f3w znanych jako benzodiazepiny. Dok\u0142adna metoda dzia\u0142ania Clonazepamu jest nieznana; uwa\u017ca si\u0119 jednak, \u017ce poprawia funkcj\u0119 sygnalizacyjnej substancji chemicznej w m\u00f3zgu zwanej kwasem gamma-aminomas\u0142owym (GABA), kt\u00f3ra pomaga uspokoi\u0107 nadmiern\u0105 aktywno\u015b\u0107 nerw\u00f3w elektrycznych, kt\u00f3ra powoduje drgawki (drgawki) i zaburzenia paniki.<\/p>\n<p>Kup Naze (Clonazepam) 2mg online bez recepty w naszym sklepie za po\u015brednictwem przelewu bankowego. Zapewniamy dyskretn\u0105 wysy\u0142k\u0119 z dnia na dzie\u0144 z Europy, Wielkiej Brytanii i Stan\u00f3w Zjednoczonych.<\/p>\n<p>Pigu\u0142ki Naze 2 mg Clonazepam mo\u017cna kupi\u0107 online.<\/p>\n<p>Przyjmuj klonazepam dok\u0142adnie zgodnie z zaleceniami lekarza.<\/p>\n<p>Naze\u00a0(klonazepam)\u00a02 mg. Mo\u017cesz kupi\u0107 tabletki Naze (klonazepam) 2 mg bez recepty online (bez RX). Cena produktu jest nast\u0119puj\u0105ca: za tabletk\u0119.<\/p>\n","protected":false},"excerpt":{"rendered":"<p>Kup Naze (klonazepam) 2 mg online bez recepty w naszym sklepie za po\u015brednictwem przelewu bankowego. Zapewniamy dyskretn\u0105 wysy\u0142k\u0119 z dnia na dzie\u0144 z Europy, Wielkiej Brytanii i Stan\u00f3w Zjednoczonych.<\/p>\n<p>Pigu\u0142ki Naze 2 mg Clonazepam mo\u017cna kupi\u0107 online.<\/p>\n<p>Przyjmuj klonazepam dok\u0142adnie zgodnie z zaleceniami lekarza.<\/p>\n<p>Naze\u00a0(klonazepam)\u00a02 mg. Mo\u017cesz kupi\u0107 tabletki Naze (klonazepam) 2 mg bez recepty przez Internet (bez RX)<\/p>\n<div class=\"ULSxyf\">\n<div class=\"EyBRub\">\n<div>\n<div id=\"_QM5vYYzICdD2gQa--6GgAw40\" class=\"yp\" data-jiis=\"up\" data-async-type=\"kp_feedback\" data-ved=\"2ahUKEwiM6ImnxNjzAhVQe8AKHb59CDQQ68cEegQIKhAA\"><\/div>\n<\/p><\/div>\n<div class=\"LnbJhc\" data-count=\"11 \" data-iu=\"1\" data-hveid=\"CCoQAQ\" data-ved=\"2ahUKEwiM6ImnxNjzAhVQe8AKHb59CDQQyA0oAHoECCoQAQ\"><\/div>\n<\/p><\/div>\n<\/p><\/div>\n<p>&nbsp;<\/p>\n","protected":false},"featured_media":5280,"comment_status":"open","ping_status":"closed","template":"","meta":[],"product_brand":[],"product_cat":[1117],"product_tag":[1568,1564,1566,1565,1567,1570,1569,1563],"class_list":{"0":"post-5263","1":"product","2":"type-product","3":"status-publish","4":"has-post-thumbnail","6":"product_cat-kup-tabletki-na-bol-spanie-seks","7":"product_tag-naze-2mg-tabletki-stosuje","8":"product_tag-naze-2mg-alternatywa","9":"product_tag-naze-2mg-cena-w-pakistanie","10":"product_tag-naze-2mg-online","11":"product_tag-naze-2mg-tabletka-pakistan","12":"product_tag-naze-tabletka-2mg-dziaania-uboczne","13":"product_tag-naze-tabletki-zastosowania","14":"product_tag-zastosowania-klonazepamu","16":"first","17":"instock","18":"shipping-taxable","19":"purchasable","20":"product-type-variable","21":"has-default-attributes"},"yoast_head":"<!-- This site is optimized with the Yoast SEO plugin v27.3 - https:\/\/yoast.com\/product\/yoast-seo-wordpress\/ -->\n<title>Kup tabletki Naze 2mg Clonazepam - Najlepsze najlepsze globalne leki<\/title>\n<meta name=\"description\" content=\"Kup Naze\u00a0(Clonazepam) 2 mg online za pomoc\u0105 przelewu bankowego bez recepty w naszym sklepie. Dyskretna dostawa z dnia na dzie\u0144 dost\u0119pna na terenie Europy, Wielkiej Brytanii i USA.\" \/>\n<meta name=\"robots\" content=\"index, follow, max-snippet:-1, max-image-preview:large, max-video-preview:-1\" \/>\n<link rel=\"canonical\" href=\"https:\/\/medicinasinc.com\/pl\/product\/kup-naze-2mg-klonazepam\/\" \/>\n<meta property=\"og:locale\" content=\"en_US\" \/>\n<meta property=\"og:type\" content=\"article\" \/>\n<meta property=\"og:title\" content=\"Kup tabletki Naze 2mg Clonazepam - Najlepsze najlepsze globalne leki\" \/>\n<meta property=\"og:description\" content=\"Kup Naze\u00a0(Clonazepam) 2 mg online za pomoc\u0105 przelewu bankowego bez recepty w naszym sklepie. Dyskretna dostawa z dnia na dzie\u0144 dost\u0119pna na terenie Europy, Wielkiej Brytanii i USA.\" \/>\n<meta property=\"og:url\" content=\"https:\/\/medicinasinc.com\/pl\/product\/kup-naze-2mg-klonazepam\/\" \/>\n<meta property=\"og:site_name\" content=\"Medicinas Inc\" \/>\n<meta property=\"article:modified_time\" content=\"2022-03-22T01:00:58+00:00\" \/>\n<meta property=\"og:image\" content=\"https:\/\/medicinasinc.com\/pl\/wp-content\/uploads\/sites\/13\/2022\/02\/buy-naze-2mg-clonazepam-pills-online.jpg\" \/>\n\t<meta property=\"og:image:width\" content=\"600\" \/>\n\t<meta property=\"og:image:height\" content=\"600\" \/>\n\t<meta property=\"og:image:type\" content=\"image\/jpeg\" \/>\n<meta name=\"twitter:card\" content=\"summary_large_image\" \/>\n<meta name=\"twitter:label1\" content=\"Est. reading time\" \/>\n\t<meta name=\"twitter:data1\" content=\"1 minute\" \/>\n<script type=\"application\/ld+json\" class=\"yoast-schema-graph\">{\"@context\":\"https:\\\/\\\/schema.org\",\"@graph\":[{\"@type\":\"WebPage\",\"@id\":\"https:\\\/\\\/medicinasinc.com\\\/pl\\\/product\\\/kup-naze-2mg-klonazepam\\\/\",\"url\":\"https:\\\/\\\/medicinasinc.com\\\/pl\\\/product\\\/kup-naze-2mg-klonazepam\\\/\",\"name\":\"Kup tabletki Naze 2mg Clonazepam - Najlepsze najlepsze globalne leki\",\"isPartOf\":{\"@id\":\"https:\\\/\\\/medicinasinc.com\\\/pl\\\/#website\"},\"primaryImageOfPage\":{\"@id\":\"https:\\\/\\\/medicinasinc.com\\\/pl\\\/product\\\/kup-naze-2mg-klonazepam\\\/#primaryimage\"},\"image\":{\"@id\":\"https:\\\/\\\/medicinasinc.com\\\/pl\\\/product\\\/kup-naze-2mg-klonazepam\\\/#primaryimage\"},\"thumbnailUrl\":\"https:\\\/\\\/medicinasinc.com\\\/pl\\\/wp-content\\\/uploads\\\/sites\\\/13\\\/2022\\\/02\\\/buy-naze-2mg-clonazepam-pills-online.jpg\",\"datePublished\":\"2022-02-20T22:51:56+00:00\",\"dateModified\":\"2022-03-22T01:00:58+00:00\",\"description\":\"Kup Naze\u00a0(Clonazepam) 2 mg online za pomoc\u0105 przelewu bankowego bez recepty w naszym sklepie. Dyskretna dostawa z dnia na dzie\u0144 dost\u0119pna na terenie Europy, Wielkiej Brytanii i USA.\",\"breadcrumb\":{\"@id\":\"https:\\\/\\\/medicinasinc.com\\\/pl\\\/product\\\/kup-naze-2mg-klonazepam\\\/#breadcrumb\"},\"inLanguage\":\"en-US\",\"potentialAction\":[{\"@type\":\"ReadAction\",\"target\":[\"https:\\\/\\\/medicinasinc.com\\\/pl\\\/product\\\/kup-naze-2mg-klonazepam\\\/\"]}]},{\"@type\":\"ImageObject\",\"inLanguage\":\"en-US\",\"@id\":\"https:\\\/\\\/medicinasinc.com\\\/pl\\\/product\\\/kup-naze-2mg-klonazepam\\\/#primaryimage\",\"url\":\"https:\\\/\\\/medicinasinc.com\\\/pl\\\/wp-content\\\/uploads\\\/sites\\\/13\\\/2022\\\/02\\\/buy-naze-2mg-clonazepam-pills-online.jpg\",\"contentUrl\":\"https:\\\/\\\/medicinasinc.com\\\/pl\\\/wp-content\\\/uploads\\\/sites\\\/13\\\/2022\\\/02\\\/buy-naze-2mg-clonazepam-pills-online.jpg\",\"width\":600,\"height\":600},{\"@type\":\"BreadcrumbList\",\"@id\":\"https:\\\/\\\/medicinasinc.com\\\/pl\\\/product\\\/kup-naze-2mg-klonazepam\\\/#breadcrumb\",\"itemListElement\":[{\"@type\":\"ListItem\",\"position\":1,\"name\":\"Sklep\",\"item\":\"https:\\\/\\\/medicinasinc.com\\\/pl\\\/sklep\\\/\"},{\"@type\":\"ListItem\",\"position\":2,\"name\":\"Kup Naze 2mg Clonazepam\"}]},{\"@type\":\"WebSite\",\"@id\":\"https:\\\/\\\/medicinasinc.com\\\/pl\\\/#website\",\"url\":\"https:\\\/\\\/medicinasinc.com\\\/pl\\\/\",\"name\":\"Medicinas Inc\",\"description\":\"Health Medical Clinic\",\"potentialAction\":[{\"@type\":\"SearchAction\",\"target\":{\"@type\":\"EntryPoint\",\"urlTemplate\":\"https:\\\/\\\/medicinasinc.com\\\/pl\\\/?s={search_term_string}\"},\"query-input\":{\"@type\":\"PropertyValueSpecification\",\"valueRequired\":true,\"valueName\":\"search_term_string\"}}],\"inLanguage\":\"en-US\"}]}<\/script>\n<!-- \/ Yoast SEO plugin. -->","yoast_head_json":{"title":"Kup tabletki Naze 2mg Clonazepam - Najlepsze najlepsze globalne leki","description":"Kup Naze\u00a0(Clonazepam) 2 mg online za pomoc\u0105 przelewu bankowego bez recepty w naszym sklepie. Dyskretna dostawa z dnia na dzie\u0144 dost\u0119pna na terenie Europy, Wielkiej Brytanii i USA.","robots":{"index":"index","follow":"follow","max-snippet":"max-snippet:-1","max-image-preview":"max-image-preview:large","max-video-preview":"max-video-preview:-1"},"canonical":"https:\/\/medicinasinc.com\/pl\/product\/kup-naze-2mg-klonazepam\/","og_locale":"en_US","og_type":"article","og_title":"Kup tabletki Naze 2mg Clonazepam - Najlepsze najlepsze globalne leki","og_description":"Kup Naze\u00a0(Clonazepam) 2 mg online za pomoc\u0105 przelewu bankowego bez recepty w naszym sklepie. Dyskretna dostawa z dnia na dzie\u0144 dost\u0119pna na terenie Europy, Wielkiej Brytanii i USA.","og_url":"https:\/\/medicinasinc.com\/pl\/product\/kup-naze-2mg-klonazepam\/","og_site_name":"Medicinas Inc","article_modified_time":"2022-03-22T01:00:58+00:00","og_image":[{"width":600,"height":600,"url":"https:\/\/medicinasinc.com\/pl\/wp-content\/uploads\/sites\/13\/2022\/02\/buy-naze-2mg-clonazepam-pills-online.jpg","type":"image\/jpeg"}],"twitter_card":"summary_large_image","twitter_misc":{"Est. reading time":"1 minute"},"schema":{"@context":"https:\/\/schema.org","@graph":[{"@type":"WebPage","@id":"https:\/\/medicinasinc.com\/pl\/product\/kup-naze-2mg-klonazepam\/","url":"https:\/\/medicinasinc.com\/pl\/product\/kup-naze-2mg-klonazepam\/","name":"Kup tabletki Naze 2mg Clonazepam - Najlepsze najlepsze globalne leki","isPartOf":{"@id":"https:\/\/medicinasinc.com\/pl\/#website"},"primaryImageOfPage":{"@id":"https:\/\/medicinasinc.com\/pl\/product\/kup-naze-2mg-klonazepam\/#primaryimage"},"image":{"@id":"https:\/\/medicinasinc.com\/pl\/product\/kup-naze-2mg-klonazepam\/#primaryimage"},"thumbnailUrl":"https:\/\/medicinasinc.com\/pl\/wp-content\/uploads\/sites\/13\/2022\/02\/buy-naze-2mg-clonazepam-pills-online.jpg","datePublished":"2022-02-20T22:51:56+00:00","dateModified":"2022-03-22T01:00:58+00:00","description":"Kup Naze\u00a0(Clonazepam) 2 mg online za pomoc\u0105 przelewu bankowego bez recepty w naszym sklepie. Dyskretna dostawa z dnia na dzie\u0144 dost\u0119pna na terenie Europy, Wielkiej Brytanii i USA.","breadcrumb":{"@id":"https:\/\/medicinasinc.com\/pl\/product\/kup-naze-2mg-klonazepam\/#breadcrumb"},"inLanguage":"en-US","potentialAction":[{"@type":"ReadAction","target":["https:\/\/medicinasinc.com\/pl\/product\/kup-naze-2mg-klonazepam\/"]}]},{"@type":"ImageObject","inLanguage":"en-US","@id":"https:\/\/medicinasinc.com\/pl\/product\/kup-naze-2mg-klonazepam\/#primaryimage","url":"https:\/\/medicinasinc.com\/pl\/wp-content\/uploads\/sites\/13\/2022\/02\/buy-naze-2mg-clonazepam-pills-online.jpg","contentUrl":"https:\/\/medicinasinc.com\/pl\/wp-content\/uploads\/sites\/13\/2022\/02\/buy-naze-2mg-clonazepam-pills-online.jpg","width":600,"height":600},{"@type":"BreadcrumbList","@id":"https:\/\/medicinasinc.com\/pl\/product\/kup-naze-2mg-klonazepam\/#breadcrumb","itemListElement":[{"@type":"ListItem","position":1,"name":"Sklep","item":"https:\/\/medicinasinc.com\/pl\/sklep\/"},{"@type":"ListItem","position":2,"name":"Kup Naze 2mg Clonazepam"}]},{"@type":"WebSite","@id":"https:\/\/medicinasinc.com\/pl\/#website","url":"https:\/\/medicinasinc.com\/pl\/","name":"Medicinas Inc","description":"Health Medical Clinic","potentialAction":[{"@type":"SearchAction","target":{"@type":"EntryPoint","urlTemplate":"https:\/\/medicinasinc.com\/pl\/?s={search_term_string}"},"query-input":{"@type":"PropertyValueSpecification","valueRequired":true,"valueName":"search_term_string"}}],"inLanguage":"en-US"}]}},"_links":{"self":[{"href":"https:\/\/medicinasinc.com\/pl\/wp-json\/wp\/v2\/product\/5263","targetHints":{"allow":["GET"]}}],"collection":[{"href":"https:\/\/medicinasinc.com\/pl\/wp-json\/wp\/v2\/product"}],"about":[{"href":"https:\/\/medicinasinc.com\/pl\/wp-json\/wp\/v2\/types\/product"}],"replies":[{"embeddable":true,"href":"https:\/\/medicinasinc.com\/pl\/wp-json\/wp\/v2\/comments?post=5263"}],"wp:featuredmedia":[{"embeddable":true,"href":"https:\/\/medicinasinc.com\/pl\/wp-json\/wp\/v2\/media\/5280"}],"wp:attachment":[{"href":"https:\/\/medicinasinc.com\/pl\/wp-json\/wp\/v2\/media?parent=5263"}],"wp:term":[{"taxonomy":"product_brand","embeddable":true,"href":"https:\/\/medicinasinc.com\/pl\/wp-json\/wp\/v2\/product_brand?post=5263"},{"taxonomy":"product_cat","embeddable":true,"href":"https:\/\/medicinasinc.com\/pl\/wp-json\/wp\/v2\/product_cat?post=5263"},{"taxonomy":"product_tag","embeddable":true,"href":"https:\/\/medicinasinc.com\/pl\/wp-json\/wp\/v2\/product_tag?post=5263"}],"curies":[{"name":"wp","href":"https:\/\/api.w.org\/{rel}","templated":true}]}}