{"id":5262,"date":"2022-02-20T22:49:49","date_gmt":"2022-02-20T22:49:49","guid":{"rendered":"https:\/\/medicinasinc.com\/pl\/?post_type=product&#038;p=5262"},"modified":"2022-03-22T01:01:08","modified_gmt":"2022-03-22T01:01:08","slug":"kup-onax-2mg-alprazolam","status":"publish","type":"product","link":"https:\/\/medicinasinc.com\/pl\/product\/kup-onax-2mg-alprazolam\/","title":{"rendered":"Kup Onax 2mg Alprazolam"},"content":{"rendered":"<p>Kup pigu\u0142ki Onax 2mg Alprazolam online | Kup Onax online | Kup sztabki Onax<\/p>\n<p>Co to jest Onax? Onax Kup online<\/p>\n<p> Batony Onax 2 mg (Alprazolam) s\u0105 dobrze znane ze swojego dzia\u0142ania uspokajaj\u0105cego. Jest stosowany w leczeniu deprywacji snu o ka\u017cdej porze dnia i nocy. Xanax XR to benzodiazepina stosowana w leczeniu l\u0119ku, l\u0119ku napadowego i depresji. Je\u015bli kupujesz od nas batony Onax 2mg, upewnij si\u0119, \u017ce naprawd\u0119 ich potrzebujesz i \u017ce Onax jest sugerowany przez lekarza. PandaPharmacy.com nie ponosi odpowiedzialno\u015bci za jakiekolwiek szkody lub niepo\u017c\u0105dane skutki spowodowane przez Xanax 3mg.<\/p>\n<p>Nadu\u017cywanie leku mo\u017ce skutkowa\u0107 ograniczonym stopniem uzale\u017cnienia fizycznego lub psychicznego w por\u00f3wnaniu z lekami z harmonogramu 3. Mo\u017cesz otrzyma\u0107 z nami batony Onax 2mg online, niezale\u017cnie od metody p\u0142atno\u015bci. Akceptujemy r\u00f3wnie\u017c PayPal. Opr\u00f3cz PayPal, przekazy pieni\u0119\u017cne mo\u017cna wykorzysta\u0107 do zakupu sztabek Onax 2mg. Nale\u017cy pami\u0119ta\u0107, \u017ce ten lek jest niezwykle szkodliwy i mo\u017ce prowadzi\u0107 do uzale\u017cnienia. Nasz Onax by\u0142by najwy\u017cszej jako\u015bci. Przeczytaj nasze \u201e\u201d, aby uzyska\u0107 wi\u0119kszo\u015b\u0107 odpowiedzi na pytania, kt\u00f3re pojawi\u0142y si\u0119 w Twojej g\u0142owie.<\/p>\n<p>Co to jest Onax? Onax Buy Online<\/p>\n<p> Batony Onax 2 mg (Alprazolam) s\u0105 dobrze znane ze swoich w\u0142a\u015bciwo\u015bci uspokajaj\u0105cych. Jest stosowany w leczeniu deprywacji snu o ka\u017cdej porze dnia i nocy. Xanax XR to benzodiazepina stosowana w leczeniu l\u0119ku, l\u0119ku napadowego i depresji. Je\u015bli kupujesz od nas batony Onax 2mg, upewnij si\u0119, \u017ce naprawd\u0119 ich potrzebujesz i \u017ce Onax jest zatwierdzony przez twojego lekarza. PandaPharmacy.com nie ponosi odpowiedzialno\u015bci za jakiekolwiek szkody lub niepo\u017c\u0105dane skutki spowodowane przez Xanax 3mg.<\/p>\n<p>Nadu\u017cywanie leku mo\u017ce skutkowa\u0107 ograniczonym stopniem uzale\u017cnienia fizycznego lub psychicznego w por\u00f3wnaniu z lekami z harmonogramu 3.<\/p>\n<p>Mo\u017cesz otrzyma\u0107 Onax 2mg batony online u nas niezale\u017cnie od metody p\u0142atno\u015bci. Akceptujemy r\u00f3wnie\u017c PayPal. Opr\u00f3cz PayPal, przekazy pieni\u0119\u017cne mo\u017cna wykorzysta\u0107 do zakupu sztabek Onax 2mg. Nale\u017cy pami\u0119ta\u0107, \u017ce ten lek jest niezwykle szkodliwy i mo\u017ce prowadzi\u0107 do uzale\u017cnienia. Nasz Onax by\u0142by najwy\u017cszej jako\u015bci. Przeczytaj nasze \u201e, aby uzyska\u0107 odpowiedzi na wi\u0119kszo\u015b\u0107 problem\u00f3w, kt\u00f3re pojawi\u0142y si\u0119 w twoich my\u015blach. Zam\u00f3w<\/p>\n","protected":false},"excerpt":{"rendered":"<p>Zakup online tabletek Onax 2 mg Alprazolamu. Alprazolam stosuje si\u0119 w leczeniu niepokoju, sza\u0142u i niepokoju zwi\u0105zanego z nieszcz\u0119\u015bciem. Zakup online tabletek Onax 2mg Alprazolam&#8221;. Alprazolam 2mg Onax<\/p>\n<p>Onax 2mg batoniki\/tabletki do kupienia<\/p>\n<p>Onax (Alprazolam) jest stosowany w leczeniu l\u0119ku, atak\u00f3w paniki, bezsenno\u015bci (trudno\u015bci ze snem) i l\u0119ku zwi\u0105zanego z depresj\u0105.<\/p>\n<p>Mo\u017cesz kupi\u0107 Onax 2mg online od nas; nasze tabletki Onax 2mg s\u0105 najwy\u017cszej jako\u015bci. Onax 2mg to oficjalna nazwa leku. Te tabletki zostan\u0105 wys\u0142ane w dyskretny spos\u00f3b.<\/p>\n<p>Kup batony Onax 2 mg (Alprazolam), kt\u00f3ry jest dobrze znany ze swojego dzia\u0142ania uspokajaj\u0105cego. S\u0142u\u017cy do zwalczania braku snu o ka\u017cdej porze dnia i nocy.<\/p>\n","protected":false},"featured_media":5278,"comment_status":"open","ping_status":"closed","template":"","meta":[],"product_brand":[],"product_cat":[1117],"product_tag":[1553,1562,1535,1551,1558,1559,1557,1560,1521,1522,1523,1520,1524,1525,1530,1526,1527,1528,1529,1532,1531,1534,1533,1537,1538,1541,1540,1542,1543,1544,1545,1547,1549,1550,1552,1546,1554,1548,1555,1556,1536,1539,1561],"class_list":{"0":"post-5262","1":"product","2":"type-product","3":"status-publish","4":"has-post-thumbnail","6":"product_cat-kup-tabletki-na-bol-spanie-seks","7":"product_tag-onax-xanax-bary","8":"product_tag-xanax-bary-onax","9":"product_tag-onax-2mg-batony","10":"product_tag-onax-biaa-piguka","11":"product_tag-biaa-piguka-onax","12":"product_tag-biaa-piguka-onax-2","13":"product_tag-biay-bar-pill-onax","14":"product_tag-biay-prostokt-pill-onax-2","15":"product_tag-buy-onax","16":"product_tag-buy-onax-2mg","17":"product_tag-buy-onax-online","18":"product_tag-are-onax-bary-dobre","19":"product_tag-dj-onax","20":"product_tag-dugo-biaa-piguka-onax","21":"product_tag-onax-2-piguka-id","22":"product_tag-ocean-farmaceutyki-onax","23":"product_tag-onax","24":"product_tag-onax-2","25":"product_tag-onax-2-bary","26":"product_tag-onax-2-biaa-piguka","27":"product_tag-onax-2-piguka-identyfikator","28":"product_tag-onax-2mg-bar","29":"product_tag-onax-2mg","30":"product_tag-onax-bars","31":"product_tag-onax-bars-3mg","32":"product_tag-onax-bl-gowy","33":"product_tag-onax-dr-germantown","34":"product_tag-onax-llc","35":"product_tag-onax-orv-park-mojave-ca-zdjecia","36":"product_tag-onax-pc-ames","37":"product_tag-onax-pex","38":"product_tag-onax-punta-cana","39":"product_tag-onax-vlack-mikser-kuchnia","40":"product_tag-onax-vs-xanax","41":"product_tag-onax-xanax","42":"product_tag-piguka-onax","43":"product_tag-piguka-onax-2","44":"product_tag-onax-posgi","45":"product_tag-reddit-onax","46":"product_tag-reddit-onax-dla-twojego-nosa","47":"product_tag-onax-ag-it-solutions","48":"product_tag-sprzedam-sztabki-onax","49":"product_tag-xanax-2mg-onax","51":"first","52":"instock","53":"shipping-taxable","54":"purchasable","55":"product-type-variable","56":"has-default-attributes"},"yoast_head":"<!-- This site is optimized with the Yoast SEO plugin v27.3 - https:\/\/yoast.com\/product\/yoast-seo-wordpress\/ -->\n<title>Kup pigu\u0142ki Onax 2 mg Alprazolam - Best Best Global Meds<\/title>\n<meta name=\"description\" content=\"kup batony\/tabletki onax 2 mg: Onax (Alprazolam) leczy l\u0119k, zesp\u00f3\u0142 paniki, bezsenno\u015b\u0107 (problemy ze snem) i l\u0119k spowodowany depresj\u0105.\" \/>\n<meta name=\"robots\" content=\"index, follow, max-snippet:-1, max-image-preview:large, max-video-preview:-1\" \/>\n<link rel=\"canonical\" href=\"https:\/\/medicinasinc.com\/pl\/product\/kup-onax-2mg-alprazolam\/\" \/>\n<meta property=\"og:locale\" content=\"en_US\" \/>\n<meta property=\"og:type\" content=\"article\" \/>\n<meta property=\"og:title\" content=\"Kup pigu\u0142ki Onax 2 mg Alprazolam - Best Best Global Meds\" \/>\n<meta property=\"og:description\" content=\"kup batony\/tabletki onax 2 mg: Onax (Alprazolam) leczy l\u0119k, zesp\u00f3\u0142 paniki, bezsenno\u015b\u0107 (problemy ze snem) i l\u0119k spowodowany depresj\u0105.\" \/>\n<meta property=\"og:url\" content=\"https:\/\/medicinasinc.com\/pl\/product\/kup-onax-2mg-alprazolam\/\" \/>\n<meta property=\"og:site_name\" content=\"Medicinas Inc\" \/>\n<meta property=\"article:modified_time\" content=\"2022-03-22T01:01:08+00:00\" \/>\n<meta property=\"og:image\" content=\"https:\/\/medicinasinc.com\/pl\/wp-content\/uploads\/sites\/13\/2022\/02\/Buy-Onax-2mg.jpg\" \/>\n\t<meta property=\"og:image:width\" content=\"400\" \/>\n\t<meta property=\"og:image:height\" content=\"300\" \/>\n\t<meta property=\"og:image:type\" content=\"image\/jpeg\" \/>\n<meta name=\"twitter:card\" content=\"summary_large_image\" \/>\n<meta name=\"twitter:label1\" content=\"Est. reading time\" \/>\n\t<meta name=\"twitter:data1\" content=\"2 minutes\" \/>\n<script type=\"application\/ld+json\" class=\"yoast-schema-graph\">{\"@context\":\"https:\\\/\\\/schema.org\",\"@graph\":[{\"@type\":\"WebPage\",\"@id\":\"https:\\\/\\\/medicinasinc.com\\\/pl\\\/product\\\/kup-onax-2mg-alprazolam\\\/\",\"url\":\"https:\\\/\\\/medicinasinc.com\\\/pl\\\/product\\\/kup-onax-2mg-alprazolam\\\/\",\"name\":\"Kup pigu\u0142ki Onax 2 mg Alprazolam - Best Best Global Meds\",\"isPartOf\":{\"@id\":\"https:\\\/\\\/medicinasinc.com\\\/pl\\\/#website\"},\"primaryImageOfPage\":{\"@id\":\"https:\\\/\\\/medicinasinc.com\\\/pl\\\/product\\\/kup-onax-2mg-alprazolam\\\/#primaryimage\"},\"image\":{\"@id\":\"https:\\\/\\\/medicinasinc.com\\\/pl\\\/product\\\/kup-onax-2mg-alprazolam\\\/#primaryimage\"},\"thumbnailUrl\":\"https:\\\/\\\/medicinasinc.com\\\/pl\\\/wp-content\\\/uploads\\\/sites\\\/13\\\/2022\\\/02\\\/Buy-Onax-2mg.jpg\",\"datePublished\":\"2022-02-20T22:49:49+00:00\",\"dateModified\":\"2022-03-22T01:01:08+00:00\",\"description\":\"kup batony\\\/tabletki onax 2 mg: Onax (Alprazolam) leczy l\u0119k, zesp\u00f3\u0142 paniki, bezsenno\u015b\u0107 (problemy ze snem) i l\u0119k spowodowany depresj\u0105.\",\"breadcrumb\":{\"@id\":\"https:\\\/\\\/medicinasinc.com\\\/pl\\\/product\\\/kup-onax-2mg-alprazolam\\\/#breadcrumb\"},\"inLanguage\":\"en-US\",\"potentialAction\":[{\"@type\":\"ReadAction\",\"target\":[\"https:\\\/\\\/medicinasinc.com\\\/pl\\\/product\\\/kup-onax-2mg-alprazolam\\\/\"]}]},{\"@type\":\"ImageObject\",\"inLanguage\":\"en-US\",\"@id\":\"https:\\\/\\\/medicinasinc.com\\\/pl\\\/product\\\/kup-onax-2mg-alprazolam\\\/#primaryimage\",\"url\":\"https:\\\/\\\/medicinasinc.com\\\/pl\\\/wp-content\\\/uploads\\\/sites\\\/13\\\/2022\\\/02\\\/Buy-Onax-2mg.jpg\",\"contentUrl\":\"https:\\\/\\\/medicinasinc.com\\\/pl\\\/wp-content\\\/uploads\\\/sites\\\/13\\\/2022\\\/02\\\/Buy-Onax-2mg.jpg\",\"width\":400,\"height\":300},{\"@type\":\"BreadcrumbList\",\"@id\":\"https:\\\/\\\/medicinasinc.com\\\/pl\\\/product\\\/kup-onax-2mg-alprazolam\\\/#breadcrumb\",\"itemListElement\":[{\"@type\":\"ListItem\",\"position\":1,\"name\":\"Sklep\",\"item\":\"https:\\\/\\\/medicinasinc.com\\\/pl\\\/sklep\\\/\"},{\"@type\":\"ListItem\",\"position\":2,\"name\":\"Kup Onax 2mg Alprazolam\"}]},{\"@type\":\"WebSite\",\"@id\":\"https:\\\/\\\/medicinasinc.com\\\/pl\\\/#website\",\"url\":\"https:\\\/\\\/medicinasinc.com\\\/pl\\\/\",\"name\":\"Medicinas Inc\",\"description\":\"Health Medical Clinic\",\"potentialAction\":[{\"@type\":\"SearchAction\",\"target\":{\"@type\":\"EntryPoint\",\"urlTemplate\":\"https:\\\/\\\/medicinasinc.com\\\/pl\\\/?s={search_term_string}\"},\"query-input\":{\"@type\":\"PropertyValueSpecification\",\"valueRequired\":true,\"valueName\":\"search_term_string\"}}],\"inLanguage\":\"en-US\"}]}<\/script>\n<!-- \/ Yoast SEO plugin. -->","yoast_head_json":{"title":"Kup pigu\u0142ki Onax 2 mg Alprazolam - Best Best Global Meds","description":"kup batony\/tabletki onax 2 mg: Onax (Alprazolam) leczy l\u0119k, zesp\u00f3\u0142 paniki, bezsenno\u015b\u0107 (problemy ze snem) i l\u0119k spowodowany depresj\u0105.","robots":{"index":"index","follow":"follow","max-snippet":"max-snippet:-1","max-image-preview":"max-image-preview:large","max-video-preview":"max-video-preview:-1"},"canonical":"https:\/\/medicinasinc.com\/pl\/product\/kup-onax-2mg-alprazolam\/","og_locale":"en_US","og_type":"article","og_title":"Kup pigu\u0142ki Onax 2 mg Alprazolam - Best Best Global Meds","og_description":"kup batony\/tabletki onax 2 mg: Onax (Alprazolam) leczy l\u0119k, zesp\u00f3\u0142 paniki, bezsenno\u015b\u0107 (problemy ze snem) i l\u0119k spowodowany depresj\u0105.","og_url":"https:\/\/medicinasinc.com\/pl\/product\/kup-onax-2mg-alprazolam\/","og_site_name":"Medicinas Inc","article_modified_time":"2022-03-22T01:01:08+00:00","og_image":[{"width":400,"height":300,"url":"https:\/\/medicinasinc.com\/pl\/wp-content\/uploads\/sites\/13\/2022\/02\/Buy-Onax-2mg.jpg","type":"image\/jpeg"}],"twitter_card":"summary_large_image","twitter_misc":{"Est. reading time":"2 minutes"},"schema":{"@context":"https:\/\/schema.org","@graph":[{"@type":"WebPage","@id":"https:\/\/medicinasinc.com\/pl\/product\/kup-onax-2mg-alprazolam\/","url":"https:\/\/medicinasinc.com\/pl\/product\/kup-onax-2mg-alprazolam\/","name":"Kup pigu\u0142ki Onax 2 mg Alprazolam - Best Best Global Meds","isPartOf":{"@id":"https:\/\/medicinasinc.com\/pl\/#website"},"primaryImageOfPage":{"@id":"https:\/\/medicinasinc.com\/pl\/product\/kup-onax-2mg-alprazolam\/#primaryimage"},"image":{"@id":"https:\/\/medicinasinc.com\/pl\/product\/kup-onax-2mg-alprazolam\/#primaryimage"},"thumbnailUrl":"https:\/\/medicinasinc.com\/pl\/wp-content\/uploads\/sites\/13\/2022\/02\/Buy-Onax-2mg.jpg","datePublished":"2022-02-20T22:49:49+00:00","dateModified":"2022-03-22T01:01:08+00:00","description":"kup batony\/tabletki onax 2 mg: Onax (Alprazolam) leczy l\u0119k, zesp\u00f3\u0142 paniki, bezsenno\u015b\u0107 (problemy ze snem) i l\u0119k spowodowany depresj\u0105.","breadcrumb":{"@id":"https:\/\/medicinasinc.com\/pl\/product\/kup-onax-2mg-alprazolam\/#breadcrumb"},"inLanguage":"en-US","potentialAction":[{"@type":"ReadAction","target":["https:\/\/medicinasinc.com\/pl\/product\/kup-onax-2mg-alprazolam\/"]}]},{"@type":"ImageObject","inLanguage":"en-US","@id":"https:\/\/medicinasinc.com\/pl\/product\/kup-onax-2mg-alprazolam\/#primaryimage","url":"https:\/\/medicinasinc.com\/pl\/wp-content\/uploads\/sites\/13\/2022\/02\/Buy-Onax-2mg.jpg","contentUrl":"https:\/\/medicinasinc.com\/pl\/wp-content\/uploads\/sites\/13\/2022\/02\/Buy-Onax-2mg.jpg","width":400,"height":300},{"@type":"BreadcrumbList","@id":"https:\/\/medicinasinc.com\/pl\/product\/kup-onax-2mg-alprazolam\/#breadcrumb","itemListElement":[{"@type":"ListItem","position":1,"name":"Sklep","item":"https:\/\/medicinasinc.com\/pl\/sklep\/"},{"@type":"ListItem","position":2,"name":"Kup Onax 2mg Alprazolam"}]},{"@type":"WebSite","@id":"https:\/\/medicinasinc.com\/pl\/#website","url":"https:\/\/medicinasinc.com\/pl\/","name":"Medicinas Inc","description":"Health Medical Clinic","potentialAction":[{"@type":"SearchAction","target":{"@type":"EntryPoint","urlTemplate":"https:\/\/medicinasinc.com\/pl\/?s={search_term_string}"},"query-input":{"@type":"PropertyValueSpecification","valueRequired":true,"valueName":"search_term_string"}}],"inLanguage":"en-US"}]}},"_links":{"self":[{"href":"https:\/\/medicinasinc.com\/pl\/wp-json\/wp\/v2\/product\/5262","targetHints":{"allow":["GET"]}}],"collection":[{"href":"https:\/\/medicinasinc.com\/pl\/wp-json\/wp\/v2\/product"}],"about":[{"href":"https:\/\/medicinasinc.com\/pl\/wp-json\/wp\/v2\/types\/product"}],"replies":[{"embeddable":true,"href":"https:\/\/medicinasinc.com\/pl\/wp-json\/wp\/v2\/comments?post=5262"}],"wp:featuredmedia":[{"embeddable":true,"href":"https:\/\/medicinasinc.com\/pl\/wp-json\/wp\/v2\/media\/5278"}],"wp:attachment":[{"href":"https:\/\/medicinasinc.com\/pl\/wp-json\/wp\/v2\/media?parent=5262"}],"wp:term":[{"taxonomy":"product_brand","embeddable":true,"href":"https:\/\/medicinasinc.com\/pl\/wp-json\/wp\/v2\/product_brand?post=5262"},{"taxonomy":"product_cat","embeddable":true,"href":"https:\/\/medicinasinc.com\/pl\/wp-json\/wp\/v2\/product_cat?post=5262"},{"taxonomy":"product_tag","embeddable":true,"href":"https:\/\/medicinasinc.com\/pl\/wp-json\/wp\/v2\/product_tag?post=5262"}],"curies":[{"name":"wp","href":"https:\/\/api.w.org\/{rel}","templated":true}]}}