{"id":5239,"date":"2022-02-20T22:28:45","date_gmt":"2022-02-20T22:28:45","guid":{"rendered":"https:\/\/medicinasinc.com\/pl\/?post_type=product&#038;p=5239"},"modified":"2022-03-22T01:01:18","modified_gmt":"2022-03-22T01:01:18","slug":"kup-magnus-mr-morfina-30mg-online","status":"publish","type":"product","link":"https:\/\/medicinasinc.com\/pl\/product\/kup-magnus-mr-morfina-30mg-online\/","title":{"rendered":"Kup Magnus MR Morphine 30mg przez Internet"},"content":{"rendered":"<div id=\"productDescription\" class=\"productGeneral largeText\">\n<p>Magnus MR Morfina 30 mg kup online<br \/> Magnus MR (Morfina Siarczan) 30 mg Kapsu\u0142ka Magnus MR (Morfina Siarczan) 30 mg Kapsu\u0142ka Bezpiecznie Online<\/p>\n<p>Magnus MR (siarczan morfiny) 30 mg kapsu\u0142ka \u2013 zam\u00f3wienie bez recepty \u2013 dostawa na noc<\/p>\n<p>Magnus MR (siarczan morfiny) 30 mg na sprzeda\u017c w Stanach Zjednoczonych Ameryki \u2013 niezawodna apteka przeciwb\u00f3lowa<\/p>\n<p>Magnus MR na sprzeda\u017c (Morphine Sulphate) 30mg Online po najni\u017cszych cenach w Europie &amp; AMERYKA<\/p>\n<p>Gdzie i jak dzi\u015b bezpiecznie kupi\u0107 Magnus MR (Morphine Sulphate) 30mg online<\/p>\n<p>1. Rhotard Morphine SR 30 mg tabletki Morphgesic SR 30 mg tabletki na sprzeda\u017c<\/p>\n<p>2. Sk\u0142ad jako\u015bciowy i ilo\u015bciowy<br \/>Tabletki Morphgesic SR 30mg\/Tabletki Rhotard Morphine SR 30mg<br \/> Ka\u017cda tabletka zawiera 30 mg siarczanu morfiny.<br \/> Substancje pomocnicze o dobrze zdefiniowanym dzia\u0142aniu:<br \/> Glukoza (63 000 mg na tabletk\u0119).<\/p>\n<p>3. Formu\u0142a farmakologiczna<br \/> Tabletki o kontrolowanym uwalnianiu<br \/> Ka\u017cda tabletka 30 mg jest dwuwypuk\u0142\u0105 okr\u0105g\u0142\u0105 tabletk\u0105 powlekan\u0105 w kolorze fioletowym.<\/p>\n<p>4. Specyfika kliniczna<br \/> 4.1 Wskazania do stosowania<br \/> Tabletki Rhotard Morphine SR \/ Morphgesic SR s\u0105 przeznaczone u doros\u0142ych w leczeniu silnego b\u00f3lu przez d\u0142u\u017cszy czas.<\/p>\n<p>4.2 Dawkowanie i technika podawania <br \/> Dawkowanie Populacja dzieci<br \/> Stosowanie tabletek Rhotard Morphine SR \/ Morphgesic SR u dzieci nie jest zalecane.<\/p>\n<p>Doro\u015bli: Dawkowanie zale\u017cy od intensywno\u015bci b\u00f3lu i wcze\u015bniejszej historii pacjenta stosowania przeciwb\u00f3lowego. Zazwyczaj tabletki nale\u017cy przyjmowa\u0107 dwa razy dziennie w 12-godzinnych odst\u0119pach. U pacjent\u00f3w z silnym b\u00f3lem wskazana jest dawka pocz\u0105tkowa jednej lub dw\u00f3ch tabletek 10 mg (10 mg) dwa razy na dob\u0119. Zaleca si\u0119, aby wraz ze wzrostem nasilenia b\u00f3lu zwi\u0119ksza\u0107 dawk\u0119 morfiny w celu uzyskania po\u017c\u0105danego z\u0142agodzenia. Dawkowanie mo\u017cna dostosowa\u0107, \u0142\u0105cz\u0105c tabletki o r\u00f3\u017cnych mocach (10, 30, 60 i 100 mg) lub stosuj\u0105c same tabletki o wi\u0119kszej mocy.<br \/> Sugeruje si\u0119, aby pacjenci, kt\u00f3rzy przeszli z innego doustnego preparatu morfiny przy por\u00f3wnywalnej biodost\u0119pno\u015bci do doustnej morfiny w p\u0142ynie otrzymuje si\u0119 tak\u0105 sam\u0105 ca\u0142kowit\u0105 dawk\u0119 morfiny w ci\u0105gu 24 godzin. Ca\u0142\u0105 dawk\u0119 nale\u017cy podzieli\u0107 na p\u00f3\u0142 i podawa\u0107 rano i wieczorem. Mo\u017ce by\u0107 konieczne dostosowanie dawki i badanie kliniczne.<br \/> Je\u015bli pacjent otrzymywa\u0142 morfin\u0119 pozajelitowo przed zmian\u0105 na tabletki Rhotard Morphine SR\/Morphgesic SR, mo\u017ce by\u0107 konieczna wi\u0119ksza dawka morfiny. Konieczne b\u0119dzie indywidualne dostosowanie dawki, aby zrekompensowa\u0107 utrat\u0119 skuteczno\u015bci przeciwb\u00f3lowej spowodowan\u0105 dostarczaniem doustnym.<br \/> Nie zaleca si\u0119 podawania tabletek Rhotard Morphine SR\/Morphgesic SR w ci\u0105gu pierwszych 24 godzin po zabiegu chirurgicznym w celu z\u0142agodzenia b\u00f3lu pooperacyjnego. Po tym pocz\u0105tkowym okresie, dawkowanie powinno by\u0107 ustalane przez lekarza.<br \/> U niekt\u00f3rych pacjent\u00f3w mo\u017ce by\u0107 konieczne podawanie morfiny podawanej drog\u0105 pozajelitow\u0105, co jest ca\u0142kowicie w\u0142a\u015bciwe. Nale\u017cy jednak zachowa\u0107 ostro\u017cno\u015b\u0107 w odniesieniu do ca\u0142kowitej dawki morfiny, a tak\u017ce op\u00f3\u017anionego dzia\u0142ania morfiny w preparacie Rhotard Morphine SR\/Morphgesic SR.<br \/> Tabletki Rhotard Morphine SR\/Morphgesic SR nale\u017cy stosowa\u0107 ostro\u017cnie po operacji (jak w przypadku wszystkich preparaty morfiny), ale zw\u0142aszcza po zabiegach chirurgicznych jamy brzusznej.<br \/>Powinno si\u0119 wznowi\u0107 i utrzyma\u0107 motoryk\u0119 \u017co\u0142\u0105dka.<\/p>\n<p>Technika podawania<br \/> Nie nale\u017cy stosowa\u0107 tabletek doustnych Rhotard Morphine SR \/ Morphgesic SR \u017cu\u0107.<\/p>\n<p>5.1 W\u0142a\u015bciwo\u015bci farmakodynamika<br \/> Grupa \u015brodk\u00f3w farmakoterapeutycznych: Opioidy<br \/> N02A to kod ATC.<\/p>\n<p>Mechanizm skuteczno\u015bci<br \/> MAGNUS MR SULFATE ER 30 MG dzia\u0142a jako agonista receptor\u00f3w opioidowych o\u015brodkowego uk\u0142adu nerwowego, g\u0142\u00f3wnie Mu i, w mniejszym stopniu, receptor\u00f3w Kappa. Zak\u0142ada si\u0119, \u017ce w analgezji nadrdzeniowej, depresji oddechowej i euforii po\u015brednicz\u0105 receptory Mu, podczas gdy w analgezji rdzeniowej, zw\u0119\u017ceniu \u017arenic i sedacji bior\u0105 udzia\u0142 receptory Kappa.<\/p>\n<p>Centralny uk\u0142ad nerwowy: Podstawowymi efektami terapeutycznymi morfiny s\u0105 analgezja i senno\u015b\u0107 (tj. senno\u015b\u0107 i niepok\u00f3j). MAGNUS MR SULFATE ER 30 MG dzia\u0142a uspokajaj\u0105co na o\u015brodki oddechowe pnia m\u00f3zgu. Morfina dzia\u0142a bezpo\u015brednio na o\u015brodek kaszlu w rdzeniu, t\u0142umi\u0105c odruch kaszlowy. Efekty przeciwkaszlowe s\u0105 mo\u017cliwe przy dawkach mniejszych ni\u017c wymagane do znieczulenia. Morfina wywo\u0142uje zw\u0119\u017cenie \u017arenic w ca\u0142kowitej ciemno\u015bci. Chocia\u017c dok\u0142adne \u017arenice wskazuj\u0105 na przedawkowanie opioid\u00f3w, nie s\u0105 one diagnostyczne (np. zmiany na mo\u015bcie pochodzenia krwotocznego lub niedokrwiennego mog\u0105 dawa\u0107 podobne wyniki). W przypadku przedawkowania morfiny niedotlenienie mo\u017ce objawia\u0107 si\u0119 raczej wyra\u017anym rozszerzeniem \u017arenic ni\u017c zw\u0119\u017ceniem \u017arenic.<\/p>\n<p>MAGNUS MR SULFATE ER 30 MG i podobne leki przeciwb\u00f3lowe mog\u0105 powodowa\u0107 uzale\u017cnienie fizyczne i psychiczne i nale\u017cy je stosowa\u0107 ostro\u017cnie. Dodatkowo mo\u017ce rozwin\u0105\u0107 si\u0119 tolerancja.<\/p>\n<p>Mi\u0119\u015bnie g\u0142adkie przewodu pokarmowego i inne mi\u0119\u015bnie g\u0142adkie<br \/> MAGNUS MR SULFATE ER 30 MG hamuje ruchliwo\u015b\u0107 poprzez zwi\u0119kszenie napi\u0119cia mi\u0119\u015bni g\u0142adkich \u017co\u0142\u0105dka i dwunastnicy. Trawienie pokarmu jest spowolnione w jelicie cienkim, a skurcze nap\u0119dowe s\u0105 zmniejszone. Zaparcie jest spowodowane zmniejszeniem fal perystaltycznych w okr\u0119\u017cnicy i wzrostem napi\u0119cia do punktu skurczu. Morfina og\u00f3lnie podnosi napi\u0119cie mi\u0119\u015bni g\u0142adkich, szczeg\u00f3lnie w zwieraczach przewodu pokarmowego i dr\u00f3g \u017c\u00f3\u0142ciowych. Morfina mo\u017ce powodowa\u0107 skurcze zwieracza Oddiego, tym samym zwi\u0119kszaj\u0105c ci\u015bnienie w drogach \u017c\u00f3\u0142ciowych.<\/p>\n<p>MAGNUS MR SULFATE ER 30 MG mo\u017ce powodowa\u0107 uwalnianie histaminy z towarzysz\u0105cym rozszerzeniem naczy\u0144 obwodowych lub bez. \u015awi\u0105d, uderzenia gor\u0105ca, zaczerwienienie oczu, pocenie si\u0119 i\/lub niedoci\u015bnienie ortostatyczne s\u0105 objawami uwalniania histaminy i\/lub rozszerzenia naczy\u0144 obwodowych.<\/p>\n<p>Endokrynologia<br \/> Wykazano, \u017ce opioidy maj\u0105 wp\u0142yw na podwzg\u00f3rze. osie przysadkowo-nadnerczowe lub gonadalne. Mo\u017cna zaobserwowa\u0107 kilka zmian, w tym wzrost prolaktyny w surowicy i spadek kortyzolu i testosteronu w osoczu w obecno\u015bci nieprawid\u0142owo niskich lub prawid\u0142owych poziom\u00f3w ACTH, LH lub FSH. Niekt\u00f3re kobiety przed menopauz\u0105 mog\u0105 mie\u0107 niewystarczaj\u0105c\u0105 ilo\u015b\u0107 estrogen\u00f3w. Te zmiany hormonalne mog\u0105 wywo\u0142ywa\u0107 objawy kliniczne.<\/p>\n<p>Dodatkowe konsekwencje farmakologiczne<br \/> Badania in vitro i na zwierz\u0119tach ujawniaj\u0105, \u017ce naturalne opioidy, takie jak morfina, maj\u0105 r\u00f3\u017cnorodny wp\u0142yw na elementy uk\u0142adu odporno\u015bciowego; jednak kliniczne znaczenie tych wynik\u00f3w jest niepewne.<\/p>\n<p>Dost\u0119pne s\u0105 sposoby podawania doustnego, podsk\u00f3rnego, domi\u0119\u015bniowego, do\u017cylnego, dordzeniowego i doodbytniczego. Dawki pozajelitowe mog\u0105 by\u0107 podawane jako zastrzyki przerywane lub ci\u0105g\u0142e lub przerywane wlewy, w zale\u017cno\u015bci od zapotrzebowania pacjenta na leki przeciwb\u00f3lowe.<\/p>\n<p>ZASTOSOWANIE<br \/> Ten lek jest stosowany w celu z\u0142agodzenia silnego, uporczywego b\u00f3lu (takiego jak jak z powodu raka). Morfina jest klasyfikowana jako opioidowy (narkotyczny) \u015brodek przeciwb\u00f3lowy. Dzia\u0142a poprzez zmian\u0119 sposobu, w jaki twoje cia\u0142o postrzega b\u00f3l w m\u00f3zgu i reaguje na niego.<\/p>\n<p>Wi\u0119ksze dawki tego leku (100 mg lub wi\u0119cej na tabletk\u0119) powinny by\u0107 stosowane tylko wtedy, gdy przyjmowa\u0142e\u015b umiarkowane lub du\u017ce dawki opioidowych lek\u00f3w przeciwb\u00f3lowych regularnie. Te mocne strony mog\u0105 skutkowa\u0107 przedawkowaniem (a nawet \u015bmierci\u0105), je\u015bli zostan\u0105 podj\u0119te przez osob\u0119, kt\u00f3ra nie stosowa\u0142a regularnie opioid\u00f3w.<\/p>\n<p>Unikaj stosowania morfiny o przed\u0142u\u017conym uwalnianiu w leczeniu b\u00f3lu, kt\u00f3ry jest umiarkowany lub ust\u0119puje w ci\u0105gu kilka dni. Ten lek nie jest przeznaczony do stosowania \u201ew razie potrzeby\u201d.<\/p>\n<p>WSKAZ\u00d3WKI DOTYCZ\u0104CE STOSOWANIA TABLETKI MAGNUS MR SULFATE ER 30 MG<\/p>\n<p>Przed rozpocz\u0119ciem stosowania morfiny i za ka\u017cdym razem, gdy otrzymujesz dolewki, przeczytaj Przewodnik po lekach wydany przez farmaceut\u0119. Skonsultuj si\u0119 z lekarzem lub farmaceut\u0105, je\u015bli masz jakiekolwiek pytania.<\/p>\n<p>Za\u017cywaj ten lek regularnie, nie tak, jak jest to konieczne w przypadku silnego (przebijaj\u0105cego) b\u00f3lu, zgodnie z zaleceniami lekarza. Lek ten nale\u017cy przyjmowa\u0107 z posi\u0142kami lub bez, zwykle co 8 do 12 godzin, zgodnie z zaleceniami lekarza. Niekt\u00f3re marki nale\u017cy przyjmowa\u0107 tylko raz na 12 godzin. Je\u015bli wyst\u0105pi\u0105 nudno\u015bci, korzystne mo\u017ce by\u0107 za\u017cycie ten lek z posi\u0142kami. Skonsultuj si\u0119 z lekarzem lub farmaceut\u0105 w sprawie innych strategii \u0142agodzenia nudno\u015bci (takich jak le\u017cenie przez 1 do 2 godzin z jak najmniejszym ruchem g\u0142owy). Je\u015bli nudno\u015bci nie ust\u0119puj\u0105, skonsultuj si\u0119 z lekarzem.<\/p>\n<p>Spo\u017cywaj tabletki w ca\u0142o\u015bci. Tabletki nie nale\u017cy \u0142ama\u0107, kruszy\u0107, \u017cu\u0107 ani rozpuszcza\u0107. Mo\u017ce to spowodowa\u0107 ca\u0142kowite uwolnienie leku, zwi\u0119kszaj\u0105c niebezpiecze\u0144stwo przedawkowania morfiny.<\/p>\n<p>Dawkowanie zale\u017cy od historii medycznej i reakcji na leczenie. Nie nale\u017cy zwi\u0119ksza\u0107 dawki ani przyjmowa\u0107 tego leku cz\u0119\u015bciej lub przez d\u0142u\u017cszy czas ni\u017c sugerowano, poniewa\u017c ryzyko wyst\u0105pienia dzia\u0142a\u0144 niepo\u017c\u0105danych mo\u017ce wzrosn\u0105\u0107. Po otrzymaniu instrukcji nale\u017cy odpowiednio odstawi\u0107 lek.<\/p>\n<p>W przypadku nag\u0142ego przerwania stosowania tego leku mog\u0105 wyst\u0105pi\u0107 objawy odstawienia (takie jak niepok\u00f3j, \u0142zawienie oczu, katar, nudno\u015bci, pocenie si\u0119, b\u00f3le mi\u0119\u015bni). Aby unikn\u0105\u0107 odstawienia, lekarz mo\u017ce stopniowo zmniejsza\u0107 dawk\u0119. Objawy odstawienia s\u0105 bardziej prawdopodobne w przypadku przyjmowania morfiny przez d\u0142u\u017cszy czas lub w du\u017cych dawkach. Je\u015bli masz objawy odstawienia, natychmiast poinformuj o tym lekarza lub farmaceut\u0119.<\/p>\n<p>Gdy ten lek jest stosowany przez d\u0142u\u017cszy czas, mo\u017ce utraci\u0107 swoj\u0105 skuteczno\u015b\u0107. Skonsultuj si\u0119 z lekarzem, je\u015bli ten lek przestanie dzia\u0142a\u0107 prawid\u0142owo.<\/p>\n<p>Chocia\u017c ten lek przynosi korzy\u015bci du\u017cej liczbie os\u00f3b, czasami mo\u017ce powodowa\u0107 uzale\u017cnienie. Ryzyko to mo\u017ce wzrosn\u0105\u0107, je\u015bli masz zaburzenia zwi\u0105zane z u\u017cywaniem substancji (takie jak nadmierne u\u017cywanie narkotyk\u00f3w\/alkoholu lub uzale\u017cnienie). Aby zminimalizowa\u0107 niebezpiecze\u0144stwo uzale\u017cnienia, u\u017cywaj tego leku dok\u0142adnie zgodnie z zaleceniami. Aby uzyska\u0107 dodatkowe informacje, skonsultuj si\u0119 z lekarzem lub farmaceut\u0105.<\/p>\n<\/p><\/div>\n<div class=\"product-next-previous\">\n<div class=\"product-prev\"><\/div><\/div>\n","protected":false},"excerpt":{"rendered":"<div class=\"woocommerce-product-details__short-description\">\n<p>Magnus MR Morphine 30 mg jest dost\u0119pny w sprzeda\u017cy online. Morfina dzia\u0142a jako opioidowy lek przeciwb\u00f3lowy, dzia\u0142aj\u0105c jako agonista na nasycone receptory opioidowe w OUN i innych narz\u0105dach.<\/p>\n<p> Tabletki Magnus MR (Morphine Sulfate) 30 mg s\u0105 dost\u0119pne bez recepty online (bez RX). Morfina 30mg na sprzeda\u017c w Wielkiej Brytanii i Europie<\/p>\n<\/p><\/div>\n","protected":false},"featured_media":5258,"comment_status":"closed","ping_status":"closed","template":"","meta":[],"product_brand":[],"product_cat":[1117],"product_tag":[1514,1515,1518,1519,1516,1517],"class_list":{"0":"post-5239","1":"product","2":"type-product","3":"status-publish","4":"has-post-thumbnail","6":"product_cat-kup-tabletki-na-bol-spanie-seks","7":"product_tag-buy-magnus-mr-30mg-morphine-sulphate","8":"product_tag-magnus-mr-morfiny-siarczan-30mg","9":"product_tag-magnus-mr-30-mg-morfiny-siarczan","10":"product_tag-magnus-mr-morphine-30mg","11":"product_tag-magnus-mr-morfina-siarczan-uliczny-cena","12":"product_tag-magnus-mr-morfiny-siarczan-ulica-cena-za-butelk","14":"first","15":"instock","16":"shipping-taxable","17":"purchasable","18":"product-type-variable"},"yoast_head":"<!-- This site is optimized with the Yoast SEO plugin v27.3 - https:\/\/yoast.com\/product\/yoast-seo-wordpress\/ -->\n<title>Kup Magnus MR Morphine 30mg - Najlepsze najlepsze leki na \u015bwiecie<\/title>\n<meta name=\"description\" content=\"Mo\u017cesz kupi\u0107 kapsu\u0142ki Magnus MR (Morphine Sulfate) 30 mg online bez recepty (bez RX). Morfina 30mg na sprzeda\u017c Wielka Brytania, Europa\" \/>\n<meta name=\"robots\" content=\"index, follow, max-snippet:-1, max-image-preview:large, max-video-preview:-1\" \/>\n<link rel=\"canonical\" href=\"https:\/\/medicinasinc.com\/pl\/product\/kup-magnus-mr-morfina-30mg-online\/\" \/>\n<meta property=\"og:locale\" content=\"en_US\" \/>\n<meta property=\"og:type\" content=\"article\" \/>\n<meta property=\"og:title\" content=\"Kup Magnus MR Morphine 30mg - Najlepsze najlepsze leki na \u015bwiecie\" \/>\n<meta property=\"og:description\" content=\"Mo\u017cesz kupi\u0107 kapsu\u0142ki Magnus MR (Morphine Sulfate) 30 mg online bez recepty (bez RX). Morfina 30mg na sprzeda\u017c Wielka Brytania, Europa\" \/>\n<meta property=\"og:url\" content=\"https:\/\/medicinasinc.com\/pl\/product\/kup-magnus-mr-morfina-30mg-online\/\" \/>\n<meta property=\"og:site_name\" content=\"Medicinas Inc\" \/>\n<meta property=\"article:modified_time\" content=\"2022-03-22T01:01:18+00:00\" \/>\n<meta property=\"og:image\" content=\"https:\/\/medicinasinc.com\/pl\/wp-content\/uploads\/sites\/13\/2022\/02\/Buy-Magnus-MR-Morphine-30mg.jpg\" \/>\n\t<meta property=\"og:image:width\" content=\"600\" \/>\n\t<meta property=\"og:image:height\" content=\"600\" \/>\n\t<meta property=\"og:image:type\" content=\"image\/jpeg\" \/>\n<meta name=\"twitter:card\" content=\"summary_large_image\" \/>\n<meta name=\"twitter:label1\" content=\"Est. reading time\" \/>\n\t<meta name=\"twitter:data1\" content=\"7 minutes\" \/>\n<script type=\"application\/ld+json\" class=\"yoast-schema-graph\">{\"@context\":\"https:\\\/\\\/schema.org\",\"@graph\":[{\"@type\":\"WebPage\",\"@id\":\"https:\\\/\\\/medicinasinc.com\\\/pl\\\/product\\\/kup-magnus-mr-morfina-30mg-online\\\/\",\"url\":\"https:\\\/\\\/medicinasinc.com\\\/pl\\\/product\\\/kup-magnus-mr-morfina-30mg-online\\\/\",\"name\":\"Kup Magnus MR Morphine 30mg - Najlepsze najlepsze leki na \u015bwiecie\",\"isPartOf\":{\"@id\":\"https:\\\/\\\/medicinasinc.com\\\/pl\\\/#website\"},\"primaryImageOfPage\":{\"@id\":\"https:\\\/\\\/medicinasinc.com\\\/pl\\\/product\\\/kup-magnus-mr-morfina-30mg-online\\\/#primaryimage\"},\"image\":{\"@id\":\"https:\\\/\\\/medicinasinc.com\\\/pl\\\/product\\\/kup-magnus-mr-morfina-30mg-online\\\/#primaryimage\"},\"thumbnailUrl\":\"https:\\\/\\\/medicinasinc.com\\\/pl\\\/wp-content\\\/uploads\\\/sites\\\/13\\\/2022\\\/02\\\/Buy-Magnus-MR-Morphine-30mg.jpg\",\"datePublished\":\"2022-02-20T22:28:45+00:00\",\"dateModified\":\"2022-03-22T01:01:18+00:00\",\"description\":\"Mo\u017cesz kupi\u0107 kapsu\u0142ki Magnus MR (Morphine Sulfate) 30 mg online bez recepty (bez RX). Morfina 30mg na sprzeda\u017c Wielka Brytania, Europa\",\"breadcrumb\":{\"@id\":\"https:\\\/\\\/medicinasinc.com\\\/pl\\\/product\\\/kup-magnus-mr-morfina-30mg-online\\\/#breadcrumb\"},\"inLanguage\":\"en-US\",\"potentialAction\":[{\"@type\":\"ReadAction\",\"target\":[\"https:\\\/\\\/medicinasinc.com\\\/pl\\\/product\\\/kup-magnus-mr-morfina-30mg-online\\\/\"]}]},{\"@type\":\"ImageObject\",\"inLanguage\":\"en-US\",\"@id\":\"https:\\\/\\\/medicinasinc.com\\\/pl\\\/product\\\/kup-magnus-mr-morfina-30mg-online\\\/#primaryimage\",\"url\":\"https:\\\/\\\/medicinasinc.com\\\/pl\\\/wp-content\\\/uploads\\\/sites\\\/13\\\/2022\\\/02\\\/Buy-Magnus-MR-Morphine-30mg.jpg\",\"contentUrl\":\"https:\\\/\\\/medicinasinc.com\\\/pl\\\/wp-content\\\/uploads\\\/sites\\\/13\\\/2022\\\/02\\\/Buy-Magnus-MR-Morphine-30mg.jpg\",\"width\":600,\"height\":600},{\"@type\":\"BreadcrumbList\",\"@id\":\"https:\\\/\\\/medicinasinc.com\\\/pl\\\/product\\\/kup-magnus-mr-morfina-30mg-online\\\/#breadcrumb\",\"itemListElement\":[{\"@type\":\"ListItem\",\"position\":1,\"name\":\"Sklep\",\"item\":\"https:\\\/\\\/medicinasinc.com\\\/pl\\\/sklep\\\/\"},{\"@type\":\"ListItem\",\"position\":2,\"name\":\"Kup Magnus MR Morphine 30mg przez Internet\"}]},{\"@type\":\"WebSite\",\"@id\":\"https:\\\/\\\/medicinasinc.com\\\/pl\\\/#website\",\"url\":\"https:\\\/\\\/medicinasinc.com\\\/pl\\\/\",\"name\":\"Medicinas Inc\",\"description\":\"Health Medical Clinic\",\"potentialAction\":[{\"@type\":\"SearchAction\",\"target\":{\"@type\":\"EntryPoint\",\"urlTemplate\":\"https:\\\/\\\/medicinasinc.com\\\/pl\\\/?s={search_term_string}\"},\"query-input\":{\"@type\":\"PropertyValueSpecification\",\"valueRequired\":true,\"valueName\":\"search_term_string\"}}],\"inLanguage\":\"en-US\"}]}<\/script>\n<!-- \/ Yoast SEO plugin. -->","yoast_head_json":{"title":"Kup Magnus MR Morphine 30mg - Najlepsze najlepsze leki na \u015bwiecie","description":"Mo\u017cesz kupi\u0107 kapsu\u0142ki Magnus MR (Morphine Sulfate) 30 mg online bez recepty (bez RX). Morfina 30mg na sprzeda\u017c Wielka Brytania, Europa","robots":{"index":"index","follow":"follow","max-snippet":"max-snippet:-1","max-image-preview":"max-image-preview:large","max-video-preview":"max-video-preview:-1"},"canonical":"https:\/\/medicinasinc.com\/pl\/product\/kup-magnus-mr-morfina-30mg-online\/","og_locale":"en_US","og_type":"article","og_title":"Kup Magnus MR Morphine 30mg - Najlepsze najlepsze leki na \u015bwiecie","og_description":"Mo\u017cesz kupi\u0107 kapsu\u0142ki Magnus MR (Morphine Sulfate) 30 mg online bez recepty (bez RX). Morfina 30mg na sprzeda\u017c Wielka Brytania, Europa","og_url":"https:\/\/medicinasinc.com\/pl\/product\/kup-magnus-mr-morfina-30mg-online\/","og_site_name":"Medicinas Inc","article_modified_time":"2022-03-22T01:01:18+00:00","og_image":[{"width":600,"height":600,"url":"https:\/\/medicinasinc.com\/pl\/wp-content\/uploads\/sites\/13\/2022\/02\/Buy-Magnus-MR-Morphine-30mg.jpg","type":"image\/jpeg"}],"twitter_card":"summary_large_image","twitter_misc":{"Est. reading time":"7 minutes"},"schema":{"@context":"https:\/\/schema.org","@graph":[{"@type":"WebPage","@id":"https:\/\/medicinasinc.com\/pl\/product\/kup-magnus-mr-morfina-30mg-online\/","url":"https:\/\/medicinasinc.com\/pl\/product\/kup-magnus-mr-morfina-30mg-online\/","name":"Kup Magnus MR Morphine 30mg - Najlepsze najlepsze leki na \u015bwiecie","isPartOf":{"@id":"https:\/\/medicinasinc.com\/pl\/#website"},"primaryImageOfPage":{"@id":"https:\/\/medicinasinc.com\/pl\/product\/kup-magnus-mr-morfina-30mg-online\/#primaryimage"},"image":{"@id":"https:\/\/medicinasinc.com\/pl\/product\/kup-magnus-mr-morfina-30mg-online\/#primaryimage"},"thumbnailUrl":"https:\/\/medicinasinc.com\/pl\/wp-content\/uploads\/sites\/13\/2022\/02\/Buy-Magnus-MR-Morphine-30mg.jpg","datePublished":"2022-02-20T22:28:45+00:00","dateModified":"2022-03-22T01:01:18+00:00","description":"Mo\u017cesz kupi\u0107 kapsu\u0142ki Magnus MR (Morphine Sulfate) 30 mg online bez recepty (bez RX). Morfina 30mg na sprzeda\u017c Wielka Brytania, Europa","breadcrumb":{"@id":"https:\/\/medicinasinc.com\/pl\/product\/kup-magnus-mr-morfina-30mg-online\/#breadcrumb"},"inLanguage":"en-US","potentialAction":[{"@type":"ReadAction","target":["https:\/\/medicinasinc.com\/pl\/product\/kup-magnus-mr-morfina-30mg-online\/"]}]},{"@type":"ImageObject","inLanguage":"en-US","@id":"https:\/\/medicinasinc.com\/pl\/product\/kup-magnus-mr-morfina-30mg-online\/#primaryimage","url":"https:\/\/medicinasinc.com\/pl\/wp-content\/uploads\/sites\/13\/2022\/02\/Buy-Magnus-MR-Morphine-30mg.jpg","contentUrl":"https:\/\/medicinasinc.com\/pl\/wp-content\/uploads\/sites\/13\/2022\/02\/Buy-Magnus-MR-Morphine-30mg.jpg","width":600,"height":600},{"@type":"BreadcrumbList","@id":"https:\/\/medicinasinc.com\/pl\/product\/kup-magnus-mr-morfina-30mg-online\/#breadcrumb","itemListElement":[{"@type":"ListItem","position":1,"name":"Sklep","item":"https:\/\/medicinasinc.com\/pl\/sklep\/"},{"@type":"ListItem","position":2,"name":"Kup Magnus MR Morphine 30mg przez Internet"}]},{"@type":"WebSite","@id":"https:\/\/medicinasinc.com\/pl\/#website","url":"https:\/\/medicinasinc.com\/pl\/","name":"Medicinas Inc","description":"Health Medical Clinic","potentialAction":[{"@type":"SearchAction","target":{"@type":"EntryPoint","urlTemplate":"https:\/\/medicinasinc.com\/pl\/?s={search_term_string}"},"query-input":{"@type":"PropertyValueSpecification","valueRequired":true,"valueName":"search_term_string"}}],"inLanguage":"en-US"}]}},"_links":{"self":[{"href":"https:\/\/medicinasinc.com\/pl\/wp-json\/wp\/v2\/product\/5239","targetHints":{"allow":["GET"]}}],"collection":[{"href":"https:\/\/medicinasinc.com\/pl\/wp-json\/wp\/v2\/product"}],"about":[{"href":"https:\/\/medicinasinc.com\/pl\/wp-json\/wp\/v2\/types\/product"}],"replies":[{"embeddable":true,"href":"https:\/\/medicinasinc.com\/pl\/wp-json\/wp\/v2\/comments?post=5239"}],"wp:featuredmedia":[{"embeddable":true,"href":"https:\/\/medicinasinc.com\/pl\/wp-json\/wp\/v2\/media\/5258"}],"wp:attachment":[{"href":"https:\/\/medicinasinc.com\/pl\/wp-json\/wp\/v2\/media?parent=5239"}],"wp:term":[{"taxonomy":"product_brand","embeddable":true,"href":"https:\/\/medicinasinc.com\/pl\/wp-json\/wp\/v2\/product_brand?post=5239"},{"taxonomy":"product_cat","embeddable":true,"href":"https:\/\/medicinasinc.com\/pl\/wp-json\/wp\/v2\/product_cat?post=5239"},{"taxonomy":"product_tag","embeddable":true,"href":"https:\/\/medicinasinc.com\/pl\/wp-json\/wp\/v2\/product_tag?post=5239"}],"curies":[{"name":"wp","href":"https:\/\/api.w.org\/{rel}","templated":true}]}}