{"id":5238,"date":"2022-02-20T22:26:29","date_gmt":"2022-02-20T22:26:29","guid":{"rendered":"https:\/\/medicinasinc.com\/pl\/?post_type=product&#038;p=5238"},"modified":"2022-03-22T01:01:32","modified_gmt":"2022-03-22T01:01:32","slug":"kup-lortab-10-325mg","status":"publish","type":"product","link":"https:\/\/medicinasinc.com\/pl\/product\/kup-lortab-10-325mg\/","title":{"rendered":"Kup Lortab 10\/325 mg"},"content":{"rendered":"<p>Lortab 10\/325 mg tabletki mo\u017cna kupi\u0107 online.<br \/> Lortab \u2013 co to jest?<br \/> Zagro\u017cenia zwi\u0105zane z Lortab<\/p>\n<p>Ten lek z\u0142o\u017cony jest stosowany w leczeniu b\u00f3lu od \u0142agodnego do silnego. Zawiera opioidowy lek przeciwb\u00f3lowy (hydrokodon) oraz nieopioidowy lek przeciwb\u00f3lowy (acetaminofen). Hydrokodon zmienia spos\u00f3b, w jaki twoje cia\u0142o postrzega i reaguje na b\u00f3l, dzia\u0142aj\u0105c na m\u00f3zg. Paracetamol mo\u017ce r\u00f3wnie\u017c pom\u00f3c w zmniejszeniu gor\u0105czki.<\/p>\n<p>Ten produkt nie jest zalecany dla dzieci poni\u017cej sz\u00f3stego roku \u017cycia ze wzgl\u0119du na zwi\u0119kszone ryzyko wyst\u0105pienia powa\u017cnych dzia\u0142a\u0144 niepo\u017c\u0105danych (takich jak p\u0142ytki\/powolny oddech).<\/p>\n","protected":false},"excerpt":{"rendered":"<div class=\"woocommerce-product-details__short-description\">\n<p>Kup Lortab 10\/325 mg tabletki mo\u017cna kupi\u0107 online. zakup online \u015brodk\u00f3w przeciwb\u00f3lowych, zakup online lek\u00f3w przeciwb\u00f3lowych, zakup online silnych \u015brodk\u00f3w przeciwb\u00f3lowych<\/p>\n<p>tabletki Lortab 10\/325 mg na sprzeda\u017c w Wielkiej Brytanii i Europie. kupuj leki przeciwb\u00f3lowe online, kupuj leki przeciwb\u00f3lowe online, bez recepty, oksykodon online, tabletki przeciwb\u00f3lowe, \u015brodki przeciwb\u00f3lowe, tabletki ADD\/ADHD, tabletki sterydowe, tabletki przeciwl\u0119kowe, tabletki na depresj\u0119, tabletki na odchudzanie.<\/p>\n<p>Kup lortab. tabletki acetaminofenu 5 mg 7,5 mg 10 mg z nadrukiem m367 legalnie z renomowanej apteki internetowej, kt\u00f3ra oferuje dostaw\u0119 z dnia na dzie\u0144.<\/p>\n<\/p><\/div>\n","protected":false},"featured_media":5256,"comment_status":"open","ping_status":"closed","template":"","meta":[],"product_brand":[],"product_cat":[1117],"product_tag":[1511,1510,1489,1475,1474,1473,1488,1470,1320,1476,1477,1478,1479,1480,1481,1482,1483,1484,1485,1487,1502,1492,1493,1503,1495,1496,1498,1499,1504,1505,1506,1497,1507,1491,1508,1509,1472,1471,1501,1494,1500,1486,1490,1512,1513],"class_list":{"0":"post-5238","1":"product","2":"type-product","3":"status-publish","4":"has-post-thumbnail","6":"product_cat-kup-tabletki-na-bol-spanie-seks","7":"product_tag-co-jest-lortab","8":"product_tag-czym-sa-lortab","9":"product_tag-lortab-dawka","10":"product_tag-hydrocodone-lortab","11":"product_tag-jak-dugo-lortab-zostaje-w-moczu","12":"product_tag-jak-dugo-lortab-zostaje-w-twoim-systemie","13":"product_tag-klasyfikacja-lortab","14":"product_tag-kupowanie-lortab-online","15":"product_tag-lortab","16":"product_tag-lortab-10","17":"product_tag-lortab-10-325-ulica-warto","18":"product_tag-lortab-10-mg","19":"product_tag-lortab-10-zdjcia","20":"product_tag-lortab-5","21":"product_tag-lortab-5-mg","22":"product_tag-lortab-5-325","23":"product_tag-lortab-7-5","24":"product_tag-lortab-7-5-325","25":"product_tag-lortab-7-5-mg","26":"product_tag-lortab-addition","27":"product_tag-lortab-ten","28":"product_tag-lortab-generic-names","29":"product_tag-lortab-ingredient","30":"product_tag-lortab-vs-norco","31":"product_tag-lortab-m367","32":"product_tag-lortab-on-line","33":"product_tag-lortab-picture","34":"product_tag-lortab-pictures","35":"product_tag-lortab-vs-oxycodone","36":"product_tag-lortab-vs-vicodin","37":"product_tag-lortab-wypata","38":"product_tag-lortab-pic","39":"product_tag-m366-lortab","40":"product_tag-nazwa-generyczna-lortab","41":"product_tag-norco-lortab","42":"product_tag-norco-vs-lortab","43":"product_tag-generyczne-lortab","44":"product_tag-rnica-midzy-lortab-a-percocet","45":"product_tag-si-c5-82a-lortabu","46":"product_tag-lortab-skadniki","47":"product_tag-lortab-efekty-uboczne","48":"product_tag-lortab-uzalenienia","49":"product_tag-ottenab-eliksir","50":"product_tag-what-is-lortab","51":"product_tag-ty-lortab-10","53":"first","54":"instock","55":"shipping-taxable","56":"purchasable","57":"product-type-variable","58":"has-default-attributes"},"yoast_head":"<!-- This site is optimized with the Yoast SEO plugin v27.3 - https:\/\/yoast.com\/product\/yoast-seo-wordpress\/ -->\n<title>Kup Lortab 10\/325 mg - Najlepsze najlepsze globalne leki<\/title>\n<meta name=\"description\" content=\"Kup tabletki Lortab 10\/325 mg na sprzeda\u017c w Wielkiej Brytanii, Europie. kup \u015brodki przeciwb\u00f3lowe online, kup leki przeciwb\u00f3lowe online, list\u0119 silnych \u015brodk\u00f3w przeciwb\u00f3lowych, bez recepty, oksykodon online, pigu\u0142ki przeciwb\u00f3lowe, \u015brodki przeciwb\u00f3lowe, pigu\u0142ki ADD\/ADHD, pigu\u0142ki steroidowe, pigu\u0142ki przeciwl\u0119kowe, pigu\u0142ki przeciw depresji, pigu\u0142ki na odchudzanie.\" \/>\n<meta name=\"robots\" content=\"index, follow, max-snippet:-1, max-image-preview:large, max-video-preview:-1\" \/>\n<link rel=\"canonical\" href=\"https:\/\/medicinasinc.com\/pl\/product\/kup-lortab-10-325mg\/\" \/>\n<meta property=\"og:locale\" content=\"en_US\" \/>\n<meta property=\"og:type\" content=\"article\" \/>\n<meta property=\"og:title\" content=\"Kup Lortab 10\/325 mg - Najlepsze najlepsze globalne leki\" \/>\n<meta property=\"og:description\" content=\"Kup tabletki Lortab 10\/325 mg na sprzeda\u017c w Wielkiej Brytanii, Europie. kup \u015brodki przeciwb\u00f3lowe online, kup leki przeciwb\u00f3lowe online, list\u0119 silnych \u015brodk\u00f3w przeciwb\u00f3lowych, bez recepty, oksykodon online, pigu\u0142ki przeciwb\u00f3lowe, \u015brodki przeciwb\u00f3lowe, pigu\u0142ki ADD\/ADHD, pigu\u0142ki steroidowe, pigu\u0142ki przeciwl\u0119kowe, pigu\u0142ki przeciw depresji, pigu\u0142ki na odchudzanie.\" \/>\n<meta property=\"og:url\" content=\"https:\/\/medicinasinc.com\/pl\/product\/kup-lortab-10-325mg\/\" \/>\n<meta property=\"og:site_name\" content=\"Medicinas Inc\" \/>\n<meta property=\"article:modified_time\" content=\"2022-03-22T01:01:32+00:00\" \/>\n<meta property=\"og:image\" content=\"https:\/\/medicinasinc.com\/pl\/wp-content\/uploads\/sites\/13\/2022\/02\/buy-lortab-10-325mg-pills-online.jpg\" \/>\n\t<meta property=\"og:image:width\" content=\"600\" \/>\n\t<meta property=\"og:image:height\" content=\"600\" \/>\n\t<meta property=\"og:image:type\" content=\"image\/jpeg\" \/>\n<meta name=\"twitter:card\" content=\"summary_large_image\" \/>\n<meta name=\"twitter:label1\" content=\"Est. reading time\" \/>\n\t<meta name=\"twitter:data1\" content=\"1 minute\" \/>\n<script type=\"application\/ld+json\" class=\"yoast-schema-graph\">{\"@context\":\"https:\\\/\\\/schema.org\",\"@graph\":[{\"@type\":\"WebPage\",\"@id\":\"https:\\\/\\\/medicinasinc.com\\\/pl\\\/product\\\/kup-lortab-10-325mg\\\/\",\"url\":\"https:\\\/\\\/medicinasinc.com\\\/pl\\\/product\\\/kup-lortab-10-325mg\\\/\",\"name\":\"Kup Lortab 10\\\/325 mg - Najlepsze najlepsze globalne leki\",\"isPartOf\":{\"@id\":\"https:\\\/\\\/medicinasinc.com\\\/pl\\\/#website\"},\"primaryImageOfPage\":{\"@id\":\"https:\\\/\\\/medicinasinc.com\\\/pl\\\/product\\\/kup-lortab-10-325mg\\\/#primaryimage\"},\"image\":{\"@id\":\"https:\\\/\\\/medicinasinc.com\\\/pl\\\/product\\\/kup-lortab-10-325mg\\\/#primaryimage\"},\"thumbnailUrl\":\"https:\\\/\\\/medicinasinc.com\\\/pl\\\/wp-content\\\/uploads\\\/sites\\\/13\\\/2022\\\/02\\\/buy-lortab-10-325mg-pills-online.jpg\",\"datePublished\":\"2022-02-20T22:26:29+00:00\",\"dateModified\":\"2022-03-22T01:01:32+00:00\",\"description\":\"Kup tabletki Lortab 10\\\/325 mg na sprzeda\u017c w Wielkiej Brytanii, Europie. kup \u015brodki przeciwb\u00f3lowe online, kup leki przeciwb\u00f3lowe online, list\u0119 silnych \u015brodk\u00f3w przeciwb\u00f3lowych, bez recepty, oksykodon online, pigu\u0142ki przeciwb\u00f3lowe, \u015brodki przeciwb\u00f3lowe, pigu\u0142ki ADD\\\/ADHD, pigu\u0142ki steroidowe, pigu\u0142ki przeciwl\u0119kowe, pigu\u0142ki przeciw depresji, pigu\u0142ki na odchudzanie.\",\"breadcrumb\":{\"@id\":\"https:\\\/\\\/medicinasinc.com\\\/pl\\\/product\\\/kup-lortab-10-325mg\\\/#breadcrumb\"},\"inLanguage\":\"en-US\",\"potentialAction\":[{\"@type\":\"ReadAction\",\"target\":[\"https:\\\/\\\/medicinasinc.com\\\/pl\\\/product\\\/kup-lortab-10-325mg\\\/\"]}]},{\"@type\":\"ImageObject\",\"inLanguage\":\"en-US\",\"@id\":\"https:\\\/\\\/medicinasinc.com\\\/pl\\\/product\\\/kup-lortab-10-325mg\\\/#primaryimage\",\"url\":\"https:\\\/\\\/medicinasinc.com\\\/pl\\\/wp-content\\\/uploads\\\/sites\\\/13\\\/2022\\\/02\\\/buy-lortab-10-325mg-pills-online.jpg\",\"contentUrl\":\"https:\\\/\\\/medicinasinc.com\\\/pl\\\/wp-content\\\/uploads\\\/sites\\\/13\\\/2022\\\/02\\\/buy-lortab-10-325mg-pills-online.jpg\",\"width\":600,\"height\":600},{\"@type\":\"BreadcrumbList\",\"@id\":\"https:\\\/\\\/medicinasinc.com\\\/pl\\\/product\\\/kup-lortab-10-325mg\\\/#breadcrumb\",\"itemListElement\":[{\"@type\":\"ListItem\",\"position\":1,\"name\":\"Sklep\",\"item\":\"https:\\\/\\\/medicinasinc.com\\\/pl\\\/sklep\\\/\"},{\"@type\":\"ListItem\",\"position\":2,\"name\":\"Kup Lortab 10\\\/325 mg\"}]},{\"@type\":\"WebSite\",\"@id\":\"https:\\\/\\\/medicinasinc.com\\\/pl\\\/#website\",\"url\":\"https:\\\/\\\/medicinasinc.com\\\/pl\\\/\",\"name\":\"Medicinas Inc\",\"description\":\"Health Medical Clinic\",\"potentialAction\":[{\"@type\":\"SearchAction\",\"target\":{\"@type\":\"EntryPoint\",\"urlTemplate\":\"https:\\\/\\\/medicinasinc.com\\\/pl\\\/?s={search_term_string}\"},\"query-input\":{\"@type\":\"PropertyValueSpecification\",\"valueRequired\":true,\"valueName\":\"search_term_string\"}}],\"inLanguage\":\"en-US\"}]}<\/script>\n<!-- \/ Yoast SEO plugin. -->","yoast_head_json":{"title":"Kup Lortab 10\/325 mg - Najlepsze najlepsze globalne leki","description":"Kup tabletki Lortab 10\/325 mg na sprzeda\u017c w Wielkiej Brytanii, Europie. kup \u015brodki przeciwb\u00f3lowe online, kup leki przeciwb\u00f3lowe online, list\u0119 silnych \u015brodk\u00f3w przeciwb\u00f3lowych, bez recepty, oksykodon online, pigu\u0142ki przeciwb\u00f3lowe, \u015brodki przeciwb\u00f3lowe, pigu\u0142ki ADD\/ADHD, pigu\u0142ki steroidowe, pigu\u0142ki przeciwl\u0119kowe, pigu\u0142ki przeciw depresji, pigu\u0142ki na odchudzanie.","robots":{"index":"index","follow":"follow","max-snippet":"max-snippet:-1","max-image-preview":"max-image-preview:large","max-video-preview":"max-video-preview:-1"},"canonical":"https:\/\/medicinasinc.com\/pl\/product\/kup-lortab-10-325mg\/","og_locale":"en_US","og_type":"article","og_title":"Kup Lortab 10\/325 mg - Najlepsze najlepsze globalne leki","og_description":"Kup tabletki Lortab 10\/325 mg na sprzeda\u017c w Wielkiej Brytanii, Europie. kup \u015brodki przeciwb\u00f3lowe online, kup leki przeciwb\u00f3lowe online, list\u0119 silnych \u015brodk\u00f3w przeciwb\u00f3lowych, bez recepty, oksykodon online, pigu\u0142ki przeciwb\u00f3lowe, \u015brodki przeciwb\u00f3lowe, pigu\u0142ki ADD\/ADHD, pigu\u0142ki steroidowe, pigu\u0142ki przeciwl\u0119kowe, pigu\u0142ki przeciw depresji, pigu\u0142ki na odchudzanie.","og_url":"https:\/\/medicinasinc.com\/pl\/product\/kup-lortab-10-325mg\/","og_site_name":"Medicinas Inc","article_modified_time":"2022-03-22T01:01:32+00:00","og_image":[{"width":600,"height":600,"url":"https:\/\/medicinasinc.com\/pl\/wp-content\/uploads\/sites\/13\/2022\/02\/buy-lortab-10-325mg-pills-online.jpg","type":"image\/jpeg"}],"twitter_card":"summary_large_image","twitter_misc":{"Est. reading time":"1 minute"},"schema":{"@context":"https:\/\/schema.org","@graph":[{"@type":"WebPage","@id":"https:\/\/medicinasinc.com\/pl\/product\/kup-lortab-10-325mg\/","url":"https:\/\/medicinasinc.com\/pl\/product\/kup-lortab-10-325mg\/","name":"Kup Lortab 10\/325 mg - Najlepsze najlepsze globalne leki","isPartOf":{"@id":"https:\/\/medicinasinc.com\/pl\/#website"},"primaryImageOfPage":{"@id":"https:\/\/medicinasinc.com\/pl\/product\/kup-lortab-10-325mg\/#primaryimage"},"image":{"@id":"https:\/\/medicinasinc.com\/pl\/product\/kup-lortab-10-325mg\/#primaryimage"},"thumbnailUrl":"https:\/\/medicinasinc.com\/pl\/wp-content\/uploads\/sites\/13\/2022\/02\/buy-lortab-10-325mg-pills-online.jpg","datePublished":"2022-02-20T22:26:29+00:00","dateModified":"2022-03-22T01:01:32+00:00","description":"Kup tabletki Lortab 10\/325 mg na sprzeda\u017c w Wielkiej Brytanii, Europie. kup \u015brodki przeciwb\u00f3lowe online, kup leki przeciwb\u00f3lowe online, list\u0119 silnych \u015brodk\u00f3w przeciwb\u00f3lowych, bez recepty, oksykodon online, pigu\u0142ki przeciwb\u00f3lowe, \u015brodki przeciwb\u00f3lowe, pigu\u0142ki ADD\/ADHD, pigu\u0142ki steroidowe, pigu\u0142ki przeciwl\u0119kowe, pigu\u0142ki przeciw depresji, pigu\u0142ki na odchudzanie.","breadcrumb":{"@id":"https:\/\/medicinasinc.com\/pl\/product\/kup-lortab-10-325mg\/#breadcrumb"},"inLanguage":"en-US","potentialAction":[{"@type":"ReadAction","target":["https:\/\/medicinasinc.com\/pl\/product\/kup-lortab-10-325mg\/"]}]},{"@type":"ImageObject","inLanguage":"en-US","@id":"https:\/\/medicinasinc.com\/pl\/product\/kup-lortab-10-325mg\/#primaryimage","url":"https:\/\/medicinasinc.com\/pl\/wp-content\/uploads\/sites\/13\/2022\/02\/buy-lortab-10-325mg-pills-online.jpg","contentUrl":"https:\/\/medicinasinc.com\/pl\/wp-content\/uploads\/sites\/13\/2022\/02\/buy-lortab-10-325mg-pills-online.jpg","width":600,"height":600},{"@type":"BreadcrumbList","@id":"https:\/\/medicinasinc.com\/pl\/product\/kup-lortab-10-325mg\/#breadcrumb","itemListElement":[{"@type":"ListItem","position":1,"name":"Sklep","item":"https:\/\/medicinasinc.com\/pl\/sklep\/"},{"@type":"ListItem","position":2,"name":"Kup Lortab 10\/325 mg"}]},{"@type":"WebSite","@id":"https:\/\/medicinasinc.com\/pl\/#website","url":"https:\/\/medicinasinc.com\/pl\/","name":"Medicinas Inc","description":"Health Medical Clinic","potentialAction":[{"@type":"SearchAction","target":{"@type":"EntryPoint","urlTemplate":"https:\/\/medicinasinc.com\/pl\/?s={search_term_string}"},"query-input":{"@type":"PropertyValueSpecification","valueRequired":true,"valueName":"search_term_string"}}],"inLanguage":"en-US"}]}},"_links":{"self":[{"href":"https:\/\/medicinasinc.com\/pl\/wp-json\/wp\/v2\/product\/5238","targetHints":{"allow":["GET"]}}],"collection":[{"href":"https:\/\/medicinasinc.com\/pl\/wp-json\/wp\/v2\/product"}],"about":[{"href":"https:\/\/medicinasinc.com\/pl\/wp-json\/wp\/v2\/types\/product"}],"replies":[{"embeddable":true,"href":"https:\/\/medicinasinc.com\/pl\/wp-json\/wp\/v2\/comments?post=5238"}],"wp:featuredmedia":[{"embeddable":true,"href":"https:\/\/medicinasinc.com\/pl\/wp-json\/wp\/v2\/media\/5256"}],"wp:attachment":[{"href":"https:\/\/medicinasinc.com\/pl\/wp-json\/wp\/v2\/media?parent=5238"}],"wp:term":[{"taxonomy":"product_brand","embeddable":true,"href":"https:\/\/medicinasinc.com\/pl\/wp-json\/wp\/v2\/product_brand?post=5238"},{"taxonomy":"product_cat","embeddable":true,"href":"https:\/\/medicinasinc.com\/pl\/wp-json\/wp\/v2\/product_cat?post=5238"},{"taxonomy":"product_tag","embeddable":true,"href":"https:\/\/medicinasinc.com\/pl\/wp-json\/wp\/v2\/product_tag?post=5238"}],"curies":[{"name":"wp","href":"https:\/\/api.w.org\/{rel}","templated":true}]}}