{"id":5237,"date":"2022-02-20T22:24:46","date_gmt":"2022-02-20T22:24:46","guid":{"rendered":"https:\/\/medicinasinc.com\/pl\/?post_type=product&#038;p=5237"},"modified":"2022-03-22T01:01:43","modified_gmt":"2022-03-22T01:01:43","slug":"kup-lioresal-baklofen-25mg-pigulki","status":"publish","type":"product","link":"https:\/\/medicinasinc.com\/pl\/product\/kup-lioresal-baklofen-25mg-pigulki\/","title":{"rendered":"Kup tabletki Lioresal Baclofen 25 mg"},"content":{"rendered":"<p>Lioresal Baclofen w tabletkach 25 mg mo\u017cna kupi\u0107 online.<\/p>\n<p>WSKAZANIA<\/p>\n<p>Lioresal (Baclofen) jest \u015brodkiem przeciwskurczowym i zwiotczaj\u0105cym mi\u0119\u015bnie.<\/p>\n<p>Baklofen jest stosowany w leczeniu skurcze mi\u0119\u015bni, dyskomfort i sztywno\u015b\u0107 zwi\u0105zana ze stwardnieniem rozsianym.<\/p>\n<p>Baklofen mo\u017ce by\u0107 stosowany w przypadku dodatkowych schorze\u0144 nieuwzgl\u0119dnionych w tym przewodniku po lekach.<\/p>\n<p>INSTRUKCJE<\/p>\n<p>Za\u017cywaj dok\u0142adnie zgodnie z zaleceniami lekarza. Spo\u017cywaj nie wi\u0119cej lub mniej ni\u017c sugerowana ilo\u015b\u0107 lub d\u0142u\u017cej ni\u017c zalecana. Przestrzegaj wskaz\u00f3wek podanych na etykiecie leku.<\/p>\n<p>Tw\u00f3j lekarz mo\u017ce czasami dostosowa\u0107 dawk\u0119, aby zapewni\u0107 jak najlepsze rezultaty.<br \/> Skonsultuj si\u0119 z lekarzem, je\u015bli dolegliwo\u015bci mi\u0119\u015bniowe utrzymuj\u0105 si\u0119 po dw\u00f3ch tygodniach leczenie tym lekiem. Nie nale\u017cy przerywa\u0107 stosowania tego leku bez uprzedniej konsultacji z lekarzem. Po przerwaniu przyjmowania baklofenu po d\u0142u\u017cszym okresie stosowania mog\u0105 wyst\u0105pi\u0107 objawy odstawienia, takie jak drgawki lub halucynacje. By\u0107 mo\u017ce b\u0119dziesz musia\u0142 za\u017cywa\u0107 lek coraz rzadziej, dop\u00f3ki ca\u0142kowicie go nie odstawisz.<\/p>\n<p>DAWKOWANIE<\/p>\n<p>Przyjmuj lek dok\u0142adnie zgodnie z zaleceniami lekarza.<\/p>\n<p>Doro\u015bli pacjenci ze spastyczno\u015bci\u0105 rdzenia kr\u0119gowego: Po pierwszych 24 godzinach dzienna dawka dla doros\u0142ych pacjent\u00f3w powinna by\u0107 stopniowo zwi\u0119kszana o 10-30% i tylko raz na 24 godziny, a\u017c do uzyskania po\u017c\u0105danego efektu terapeutycznego.<\/p>\n<p>Doro\u015bli ze spastyczno\u015bci\u0105 m\u00f3zgu: po pierwszych 24 godzinach dawk\u0119 dzienn\u0105 nale\u017cy stopniowo zwi\u0119ksza\u0107 o 5-15% co 24 godziny, a\u017c do uzyskania po\u017c\u0105danego efektu terapeutycznego.<\/p>\n<p>Po pierwszych 24 godzinach dawka dzienna nale\u017cy stopniowo zwi\u0119ksza\u0107 o 5-15 procent co 24 godziny, a\u017c do uzyskania po\u017c\u0105danego efektu terapeutycznego. Je\u015bli zwi\u0119kszenie dawki dobowej nie daje znacz\u0105cej odpowiedzi klinicznej, nale\u017cy sprawdzi\u0107 prawid\u0142owe dzia\u0142anie pompy i dro\u017cno\u015b\u0107 cewnika. Podczas fazy przesiewowej i okresu miareczkowania dawki bezpo\u015brednio po wszczepieniu, pacjenci musz\u0105 by\u0107 regularnie monitorowani w dobrze wyposa\u017conym i obsadzonym personelem \u015brodowisku. Sprz\u0119t do resuscytacji powinien by\u0107 \u0142atwo dost\u0119pny na wypadek potencjalnie \u015bmiertelnych lub niedopuszczalnych skutk\u00f3w ubocznych.<\/p>\n<p>PRZECHOWYWANIE<\/p>\n<p>Ch\u0142odzenie nie jest wymagane.<\/p>\n<p>Przechowywa\u0107 w temperaturze poni\u017cej 86\u00b0F ( 30\u00b0C).<\/p>\n<p>Unikaj zamra\u017cania.<\/p>\n<p>Unikaj sterylizacji termicznej.<\/p>\n<p>INFORMACJE DODATKOWE:<\/p>\n<p>Aktywnym sk\u0142adnikiem jest baklofen.<\/p>\n<p>Lioresal jest \u015brodkiem przeciwb\u00f3lowym. Znacz\u0105co zmniejsza cz\u0119stotliwo\u015b\u0107 i intensywno\u015b\u0107 skurcz\u00f3w mi\u0119\u015bni spowodowanych chorobami neurologicznymi, takimi jak stwardnienie rozsiane.<\/p>\n<p>WA\u017bNE INFORMACJE DOTYCZ\u0104CE BEZPIECZE\u0143STWA<\/p>\n<p>Je\u015bli jeste\u015b uczulony na baklofen, powiniene\u015b unika\u0107 jego stosowania.<\/p>\n<p>Poinformuj swojego lekarza, je\u015bli wyst\u0105pi kt\u00f3rykolwiek z nast\u0119puj\u0105cych dodatkowych warunk\u00f3w, aby upewni\u0107 si\u0119, \u017ce mo\u017cesz bezpiecznie przyjmowa\u0107 baklofen:<\/p>\n<p>choroba nerek<\/p>\n<p>choroba napadowa, taka jak padaczka; lub<\/p>\n<p>osobista lub rodzinna historia udaru lub zakrzep\u00f3w krwi.<\/p>\n<p>Stosowanie baklofenu mo\u017ce zwi\u0119ksza\u0107 ryzyko rozwoju torbieli jajnika. Skonsultuj si\u0119 z lekarzem w sprawie konkretnego ryzyka. Klasyfikacja ci\u0105\u017cowa FDA C. Nie wiadomo, czy baklofen jest toksyczny dla nienarodzonego dziecka. Poinformuj swojego lekarza, je\u015bli jeste\u015b w ci\u0105\u017cy lub chcesz zaj\u015b\u0107 w ci\u0105\u017c\u0119 podczas przyjmowania tego leku. Nie wiadomo, czy baklofen dostaje si\u0119 do mleka matki, czy te\u017c jest szkodliwy dla niemowl\u0105t karmionych piersi\u0105. Nale\u017cy unika\u0107 karmienia piersi\u0105 podczas przyjmowania baklofenu. Nigdy nie podawaj tego leku dzieciom w wieku poni\u017cej 12 lat. Seniorzy mog\u0105 by\u0107 bardziej podatni na dzia\u0142anie tego leku.<\/p>\n<p>Kluczowe informacje dotycz\u0105ce bezpiecze\u0144stwa<\/p>\n<p>Ten lek mo\u017ce potencjalnie wp\u0142ywa\u0107 na twoje my\u015blenie i reakcje. Zachowaj ostro\u017cno\u015b\u0107, je\u015bli prowadzisz samoch\u00f3d lub robisz cokolwiek innego, co wymaga czujno\u015bci. Spo\u017cywanie alkoholu mo\u017ce nasila\u0107 niekt\u00f3re dzia\u0142ania niepo\u017c\u0105dane baklofenu. Unikaj stosowania baklofenu w okresach, gdy napi\u0119cie mi\u0119\u015bniowe jest wymagane do w\u0142a\u015bciwej r\u00f3wnowagi i mobilno\u015bci podczas okre\u015blonych czynno\u015bci. W niekt\u00f3rych okoliczno\u015bciach bycie w stanie niskiego napi\u0119cia mi\u0119\u015bniowego mo\u017ce zagra\u017ca\u0107 Twojemu bezpiecze\u0144stwu fizycznemu.<\/p>\n<div class=\"product-next-previous\">\n<div class=\"product-prev\">\n<p><strong>EFEKTY UBOCZNE<\/strong><\/p>\n<p>Uzyskaj pomoc medyczn\u0105 w nag\u0142ych wypadkach, je\u015bli wyst\u0105pi kt\u00f3rykolwiek z nast\u0119puj\u0105cych objaw\u00f3w reakcji alergicznej: pokrzywka; trudno\u015bci w oddychaniu; obrz\u0119k twarzy, warg, j\u0119zyka lub gard\u0142a. Nale\u017cy natychmiast skontaktowa\u0107 si\u0119 z lekarzem, je\u015bli wyst\u0105pi\u0105 powa\u017cne skutki uboczne, takie jak:<\/p>\n<p>drgawki;<\/p>\n<p>dezorientacja, halucynacje; lub<\/p>\n<p>nier\u00f3wne bicie serca.<\/p>\n<p>Mniej powa\u017cne skutki uboczne mog\u0105 obejmowa\u0107:<\/p>\n<p>senno\u015b\u0107, zawroty g\u0142owy, os\u0142abienie, uczucie zm\u0119czenia;<\/p>\n<p>b\u00f3l g\u0142owy ;<\/p>\n<p>problemy ze snem (bezsenno\u015b\u0107);<\/p>\n<p>nudno\u015bci, zaparcia; lub<\/p>\n<p>oddawanie moczu cz\u0119\u015bciej ni\u017c zwykle.<\/p>\n<p>To nie jest pe\u0142na lista dzia\u0142a\u0144 niepo\u017c\u0105danych i mog\u0105 wyst\u0105pi\u0107 inne.<\/p>\n<p>Zadzwo\u0144 do lekarza, aby uzyska\u0107 porad\u0119 medyczn\u0105 dotycz\u0105c\u0105 efekty.<\/p>\n<\/p><\/div><\/div>\n<div class=\"product-next-previous\">\n<div class=\"product-prev\"><\/div><\/div>\n","protected":false},"excerpt":{"rendered":"<p>Kup tabletki Lioresal Baclofen 25 mg na sprzeda\u017c w Europie i Wielkiej Brytanii przez Internet. Tr\u00f3jwymiarowa formu\u0142a Baclofen Tabletki Lioresal nale\u017cy po\u0142yka\u0107 w ca\u0142o\u015bci, z jedzeniem. Pocz\u0105tkowa dawka wynosi 5 mg trzy razy na dob\u0119.<\/p>\n<p>Tablet Lioresal 25 mg (10 tabletek) mo\u017cna kupi\u0107 online. BACLOFEN 25MG to nazwa rodzajowa. Lioresal\u00a0&#8230; Baklofen 25 mg jest zawarty w ka\u017cdej niepowlekanej tabletce Lioresal 25 mg.<\/p>\n<p>Zastosowanie baklofenu w tabletkach baklofenu w Wielkiej Brytanii, czym one s\u0105? medicamento lioresal 25 mg baklofen lioresal 10 mg tabletka<\/p>\n<p>10 mg baklofen tabletka<\/p>\n","protected":false},"featured_media":5254,"comment_status":"open","ping_status":"closed","template":"","meta":[],"product_brand":[],"product_cat":[1117],"product_tag":[1443,1444,1445,1450,1451,1452,1453,1440,1441,1442,1446,1447,1448,1449,1454,1455,1456,1457,1458,1459,1460,1461,1462,1463,1464,1465,1467,1466,1468,1439,1469],"class_list":{"0":"post-5237","1":"product","2":"type-product","3":"status-publish","4":"has-post-thumbnail","6":"product_cat-kup-tabletki-na-bol-spanie-seks","7":"product_tag-baclofen-lioresal-10-mg-oral-ta","8":"product_tag-baclofen-lioresal-stimulant","9":"product_tag-baclofen-lioresal-side-effects","10":"product_tag-baclofen-lioresal-drug-class","11":"product_tag-baclofen-lioresal-oral-intrathecal","12":"product_tag-baclofen-lioresal-tizanidine-zanaflex","13":"product_tag-baclofen-lioresal-why-am-i-so-tired","14":"product_tag-baklofen-lioresal","15":"product_tag-baklofen-lioresal-20mg","16":"product_tag-baklofen-lioresal-1-do-2-miesicy","17":"product_tag-baklofen-10-mg-generyczny-dla-lioresal-czy-musisz-je-przed","18":"product_tag-baklofen-gablofen-lioresal","19":"product_tag-baklofen-lioresal-10-mg","20":"product_tag-baklofen-lioresal-kup-meksyk","21":"product_tag-baklofen-kontra-lioresal","22":"product_tag-baklofen","23":"product_tag-dantrolen-dantrium","24":"product_tag-lioresal-10-mg-baklofen","25":"product_tag-lioresal-10-mg-dosage","26":"product_tag-lioresal-10-mg-skutki-uboczne","27":"product_tag-lioresal-w-tabletkach-10-mg","28":"product_tag-lioresal-25-mg-baklofen","29":"product_tag-lioresal-25-efekty-uboczne","30":"product_tag-lioresal-baklofen","31":"product_tag-lioresal-baklofen-10-mg","32":"product_tag-lioresal-baklofen-25-mg","33":"product_tag-lioresal-dosage","34":"product_tag-prospekt-lioresal-baklofen","35":"product_tag-lioresal-efekty-uboczne","36":"product_tag-nieoznakowane-uycie-baklofenu-lioresal-jest-do-leczenia","37":"product_tag-tyzanidyna","39":"first","40":"instock","41":"shipping-taxable","42":"purchasable","43":"product-type-variable","44":"has-default-attributes"},"yoast_head":"<!-- This site is optimized with the Yoast SEO plugin v27.3 - https:\/\/yoast.com\/product\/yoast-seo-wordpress\/ -->\n<title>Kup tabletki Lioresal Baclofen 25 mg - Best Global Meds<\/title>\n<meta name=\"description\" content=\"Kup tabletki Lioresal Baclofen 25mg na sprzeda\u017c w Europie, Wielkiej Brytanii online. Baclofen 3d Formula Lioresal tabletki nale\u017cy przyjmowa\u0107 doustnie, z jedzeniem. Dawka pocz\u0105tkowa to 5 mg 3 razy dziennie.\" \/>\n<meta name=\"robots\" content=\"index, follow, max-snippet:-1, max-image-preview:large, max-video-preview:-1\" \/>\n<link rel=\"canonical\" href=\"https:\/\/medicinasinc.com\/pl\/product\/kup-lioresal-baklofen-25mg-pigulki\/\" \/>\n<meta property=\"og:locale\" content=\"en_US\" \/>\n<meta property=\"og:type\" content=\"article\" \/>\n<meta property=\"og:title\" content=\"Kup tabletki Lioresal Baclofen 25 mg - Best Global Meds\" \/>\n<meta property=\"og:description\" content=\"Kup tabletki Lioresal Baclofen 25mg na sprzeda\u017c w Europie, Wielkiej Brytanii online. Baclofen 3d Formula Lioresal tabletki nale\u017cy przyjmowa\u0107 doustnie, z jedzeniem. Dawka pocz\u0105tkowa to 5 mg 3 razy dziennie.\" \/>\n<meta property=\"og:url\" content=\"https:\/\/medicinasinc.com\/pl\/product\/kup-lioresal-baklofen-25mg-pigulki\/\" \/>\n<meta property=\"og:site_name\" content=\"Medicinas Inc\" \/>\n<meta property=\"article:modified_time\" content=\"2022-03-22T01:01:43+00:00\" \/>\n<meta property=\"og:image\" content=\"https:\/\/medicinasinc.com\/pl\/wp-content\/uploads\/sites\/13\/2022\/02\/Buy-Lioresal-Baclofen-25mg.jpg\" \/>\n\t<meta property=\"og:image:width\" content=\"1280\" \/>\n\t<meta property=\"og:image:height\" content=\"720\" \/>\n\t<meta property=\"og:image:type\" content=\"image\/jpeg\" \/>\n<meta name=\"twitter:card\" content=\"summary_large_image\" \/>\n<meta name=\"twitter:label1\" content=\"Est. reading time\" \/>\n\t<meta name=\"twitter:data1\" content=\"3 minutes\" \/>\n<script type=\"application\/ld+json\" class=\"yoast-schema-graph\">{\"@context\":\"https:\\\/\\\/schema.org\",\"@graph\":[{\"@type\":\"WebPage\",\"@id\":\"https:\\\/\\\/medicinasinc.com\\\/pl\\\/product\\\/kup-lioresal-baklofen-25mg-pigulki\\\/\",\"url\":\"https:\\\/\\\/medicinasinc.com\\\/pl\\\/product\\\/kup-lioresal-baklofen-25mg-pigulki\\\/\",\"name\":\"Kup tabletki Lioresal Baclofen 25 mg - Best Global Meds\",\"isPartOf\":{\"@id\":\"https:\\\/\\\/medicinasinc.com\\\/pl\\\/#website\"},\"primaryImageOfPage\":{\"@id\":\"https:\\\/\\\/medicinasinc.com\\\/pl\\\/product\\\/kup-lioresal-baklofen-25mg-pigulki\\\/#primaryimage\"},\"image\":{\"@id\":\"https:\\\/\\\/medicinasinc.com\\\/pl\\\/product\\\/kup-lioresal-baklofen-25mg-pigulki\\\/#primaryimage\"},\"thumbnailUrl\":\"https:\\\/\\\/medicinasinc.com\\\/pl\\\/wp-content\\\/uploads\\\/sites\\\/13\\\/2022\\\/02\\\/Buy-Lioresal-Baclofen-25mg.jpg\",\"datePublished\":\"2022-02-20T22:24:46+00:00\",\"dateModified\":\"2022-03-22T01:01:43+00:00\",\"description\":\"Kup tabletki Lioresal Baclofen 25mg na sprzeda\u017c w Europie, Wielkiej Brytanii online. Baclofen 3d Formula Lioresal tabletki nale\u017cy przyjmowa\u0107 doustnie, z jedzeniem. Dawka pocz\u0105tkowa to 5 mg 3 razy dziennie.\",\"breadcrumb\":{\"@id\":\"https:\\\/\\\/medicinasinc.com\\\/pl\\\/product\\\/kup-lioresal-baklofen-25mg-pigulki\\\/#breadcrumb\"},\"inLanguage\":\"en-US\",\"potentialAction\":[{\"@type\":\"ReadAction\",\"target\":[\"https:\\\/\\\/medicinasinc.com\\\/pl\\\/product\\\/kup-lioresal-baklofen-25mg-pigulki\\\/\"]}]},{\"@type\":\"ImageObject\",\"inLanguage\":\"en-US\",\"@id\":\"https:\\\/\\\/medicinasinc.com\\\/pl\\\/product\\\/kup-lioresal-baklofen-25mg-pigulki\\\/#primaryimage\",\"url\":\"https:\\\/\\\/medicinasinc.com\\\/pl\\\/wp-content\\\/uploads\\\/sites\\\/13\\\/2022\\\/02\\\/Buy-Lioresal-Baclofen-25mg.jpg\",\"contentUrl\":\"https:\\\/\\\/medicinasinc.com\\\/pl\\\/wp-content\\\/uploads\\\/sites\\\/13\\\/2022\\\/02\\\/Buy-Lioresal-Baclofen-25mg.jpg\",\"width\":1280,\"height\":720},{\"@type\":\"BreadcrumbList\",\"@id\":\"https:\\\/\\\/medicinasinc.com\\\/pl\\\/product\\\/kup-lioresal-baklofen-25mg-pigulki\\\/#breadcrumb\",\"itemListElement\":[{\"@type\":\"ListItem\",\"position\":1,\"name\":\"Sklep\",\"item\":\"https:\\\/\\\/medicinasinc.com\\\/pl\\\/sklep\\\/\"},{\"@type\":\"ListItem\",\"position\":2,\"name\":\"Kup tabletki Lioresal Baclofen 25 mg\"}]},{\"@type\":\"WebSite\",\"@id\":\"https:\\\/\\\/medicinasinc.com\\\/pl\\\/#website\",\"url\":\"https:\\\/\\\/medicinasinc.com\\\/pl\\\/\",\"name\":\"Medicinas Inc\",\"description\":\"Health Medical Clinic\",\"potentialAction\":[{\"@type\":\"SearchAction\",\"target\":{\"@type\":\"EntryPoint\",\"urlTemplate\":\"https:\\\/\\\/medicinasinc.com\\\/pl\\\/?s={search_term_string}\"},\"query-input\":{\"@type\":\"PropertyValueSpecification\",\"valueRequired\":true,\"valueName\":\"search_term_string\"}}],\"inLanguage\":\"en-US\"}]}<\/script>\n<!-- \/ Yoast SEO plugin. -->","yoast_head_json":{"title":"Kup tabletki Lioresal Baclofen 25 mg - Best Global Meds","description":"Kup tabletki Lioresal Baclofen 25mg na sprzeda\u017c w Europie, Wielkiej Brytanii online. Baclofen 3d Formula Lioresal tabletki nale\u017cy przyjmowa\u0107 doustnie, z jedzeniem. Dawka pocz\u0105tkowa to 5 mg 3 razy dziennie.","robots":{"index":"index","follow":"follow","max-snippet":"max-snippet:-1","max-image-preview":"max-image-preview:large","max-video-preview":"max-video-preview:-1"},"canonical":"https:\/\/medicinasinc.com\/pl\/product\/kup-lioresal-baklofen-25mg-pigulki\/","og_locale":"en_US","og_type":"article","og_title":"Kup tabletki Lioresal Baclofen 25 mg - Best Global Meds","og_description":"Kup tabletki Lioresal Baclofen 25mg na sprzeda\u017c w Europie, Wielkiej Brytanii online. Baclofen 3d Formula Lioresal tabletki nale\u017cy przyjmowa\u0107 doustnie, z jedzeniem. Dawka pocz\u0105tkowa to 5 mg 3 razy dziennie.","og_url":"https:\/\/medicinasinc.com\/pl\/product\/kup-lioresal-baklofen-25mg-pigulki\/","og_site_name":"Medicinas Inc","article_modified_time":"2022-03-22T01:01:43+00:00","og_image":[{"width":1280,"height":720,"url":"https:\/\/medicinasinc.com\/pl\/wp-content\/uploads\/sites\/13\/2022\/02\/Buy-Lioresal-Baclofen-25mg.jpg","type":"image\/jpeg"}],"twitter_card":"summary_large_image","twitter_misc":{"Est. reading time":"3 minutes"},"schema":{"@context":"https:\/\/schema.org","@graph":[{"@type":"WebPage","@id":"https:\/\/medicinasinc.com\/pl\/product\/kup-lioresal-baklofen-25mg-pigulki\/","url":"https:\/\/medicinasinc.com\/pl\/product\/kup-lioresal-baklofen-25mg-pigulki\/","name":"Kup tabletki Lioresal Baclofen 25 mg - Best Global Meds","isPartOf":{"@id":"https:\/\/medicinasinc.com\/pl\/#website"},"primaryImageOfPage":{"@id":"https:\/\/medicinasinc.com\/pl\/product\/kup-lioresal-baklofen-25mg-pigulki\/#primaryimage"},"image":{"@id":"https:\/\/medicinasinc.com\/pl\/product\/kup-lioresal-baklofen-25mg-pigulki\/#primaryimage"},"thumbnailUrl":"https:\/\/medicinasinc.com\/pl\/wp-content\/uploads\/sites\/13\/2022\/02\/Buy-Lioresal-Baclofen-25mg.jpg","datePublished":"2022-02-20T22:24:46+00:00","dateModified":"2022-03-22T01:01:43+00:00","description":"Kup tabletki Lioresal Baclofen 25mg na sprzeda\u017c w Europie, Wielkiej Brytanii online. Baclofen 3d Formula Lioresal tabletki nale\u017cy przyjmowa\u0107 doustnie, z jedzeniem. Dawka pocz\u0105tkowa to 5 mg 3 razy dziennie.","breadcrumb":{"@id":"https:\/\/medicinasinc.com\/pl\/product\/kup-lioresal-baklofen-25mg-pigulki\/#breadcrumb"},"inLanguage":"en-US","potentialAction":[{"@type":"ReadAction","target":["https:\/\/medicinasinc.com\/pl\/product\/kup-lioresal-baklofen-25mg-pigulki\/"]}]},{"@type":"ImageObject","inLanguage":"en-US","@id":"https:\/\/medicinasinc.com\/pl\/product\/kup-lioresal-baklofen-25mg-pigulki\/#primaryimage","url":"https:\/\/medicinasinc.com\/pl\/wp-content\/uploads\/sites\/13\/2022\/02\/Buy-Lioresal-Baclofen-25mg.jpg","contentUrl":"https:\/\/medicinasinc.com\/pl\/wp-content\/uploads\/sites\/13\/2022\/02\/Buy-Lioresal-Baclofen-25mg.jpg","width":1280,"height":720},{"@type":"BreadcrumbList","@id":"https:\/\/medicinasinc.com\/pl\/product\/kup-lioresal-baklofen-25mg-pigulki\/#breadcrumb","itemListElement":[{"@type":"ListItem","position":1,"name":"Sklep","item":"https:\/\/medicinasinc.com\/pl\/sklep\/"},{"@type":"ListItem","position":2,"name":"Kup tabletki Lioresal Baclofen 25 mg"}]},{"@type":"WebSite","@id":"https:\/\/medicinasinc.com\/pl\/#website","url":"https:\/\/medicinasinc.com\/pl\/","name":"Medicinas Inc","description":"Health Medical Clinic","potentialAction":[{"@type":"SearchAction","target":{"@type":"EntryPoint","urlTemplate":"https:\/\/medicinasinc.com\/pl\/?s={search_term_string}"},"query-input":{"@type":"PropertyValueSpecification","valueRequired":true,"valueName":"search_term_string"}}],"inLanguage":"en-US"}]}},"_links":{"self":[{"href":"https:\/\/medicinasinc.com\/pl\/wp-json\/wp\/v2\/product\/5237","targetHints":{"allow":["GET"]}}],"collection":[{"href":"https:\/\/medicinasinc.com\/pl\/wp-json\/wp\/v2\/product"}],"about":[{"href":"https:\/\/medicinasinc.com\/pl\/wp-json\/wp\/v2\/types\/product"}],"replies":[{"embeddable":true,"href":"https:\/\/medicinasinc.com\/pl\/wp-json\/wp\/v2\/comments?post=5237"}],"wp:featuredmedia":[{"embeddable":true,"href":"https:\/\/medicinasinc.com\/pl\/wp-json\/wp\/v2\/media\/5254"}],"wp:attachment":[{"href":"https:\/\/medicinasinc.com\/pl\/wp-json\/wp\/v2\/media?parent=5237"}],"wp:term":[{"taxonomy":"product_brand","embeddable":true,"href":"https:\/\/medicinasinc.com\/pl\/wp-json\/wp\/v2\/product_brand?post=5237"},{"taxonomy":"product_cat","embeddable":true,"href":"https:\/\/medicinasinc.com\/pl\/wp-json\/wp\/v2\/product_cat?post=5237"},{"taxonomy":"product_tag","embeddable":true,"href":"https:\/\/medicinasinc.com\/pl\/wp-json\/wp\/v2\/product_tag?post=5237"}],"curies":[{"name":"wp","href":"https:\/\/api.w.org\/{rel}","templated":true}]}}