{"id":5236,"date":"2022-02-20T22:23:28","date_gmt":"2022-02-20T22:23:28","guid":{"rendered":"https:\/\/medicinasinc.com\/pl\/?post_type=product&#038;p=5236"},"modified":"2022-03-22T01:01:52","modified_gmt":"2022-03-22T01:01:52","slug":"kup-lexotanil-bromazepam-3mg-pills-online","status":"publish","type":"product","link":"https:\/\/medicinasinc.com\/pl\/product\/kup-lexotanil-bromazepam-3mg-pills-online\/","title":{"rendered":"Kup tabletki Lexotanil Bromazepam 3 mg online"},"content":{"rendered":"<p>Lexotanil Bromazepam 3 mg tabletki do zakupu online<br \/> Lexotanil Bromazepam 3 mg tabletki przez Internet | lexotanil bromazepam<br \/> Jaki jest cel bromazepamu lexotanil 3 mg?<br \/> Bromazepam (nazwa handlowa Lexotan\u00ae) jest benzodiazepin\u0105. S\u0142u\u017cy przede wszystkim do wspomagania leczenia objaw\u00f3w l\u0119kowych. Dodatkowo mo\u017ce by\u0107 wykorzystany do \u0142agodzenia objaw\u00f3w paniki i l\u0119ku spo\u0142ecznego. Jest produkowany w postaci tabletek.<\/p>\n<p>Jaka jest typowa dawka bromazepamu?<\/p>\n<p>Bromazepam jest zazwyczaj przepisywany doros\u0142ym w leczeniu l\u0119ku w dawce 3-18 mg na dob\u0119, zwykle roz\u0142o\u017conej dzie\u0144. U os\u00f3b starszych dawk\u0119 nale\u017cy zmniejszy\u0107 o po\u0142ow\u0119, tj. o po\u0142ow\u0119 dawki dla doros\u0142ych.<\/p>\n<p>Jak i kiedy nale\u017cy przyjmowa\u0107 lek Lexotan lexotanil 3 mg?<\/p>\n<p>Siedz\u0105c lub stoj\u0105c, po\u0142ykaj tabletki popij co najmniej po\u0142ow\u0105 szklanki wody. Gwarantuje to, \u017ce dotrze do \u017co\u0142\u0105dka i nie utknie w gardle. Bromazepam mo\u017cna bezpiecznie za\u017cywa\u0107 przed, w trakcie lub po jedzeniu.<\/p>\n<p>Jak d\u0142ugo bromazepam zacznie dzia\u0142a\u0107?<br \/> Bromazepam cz\u0119sto zaczyna dzia\u0142a\u0107 po oko\u0142o godzinie. Efekt mo\u017ce si\u0119 nasila\u0107 w ci\u0105gu kilku dni lub tygodni.<br \/> Jak d\u0142ugo musz\u0119 kontynuowa\u0107 przyjmowanie lexotanilu 3 mg?<br \/> B\u0119dzie si\u0119 to r\u00f3\u017cni\u0107 w zale\u017cno\u015bci od celu, w jakim go przyjmujesz. LEXOTANIL, cz\u0119sto pisany jako Lexotan<\/p>\n<p>Czy mog\u0119 nagle przesta\u0107 za\u017cywa\u0107 bromazepam?<\/p>\n<p>Je\u015bli za\u017cywasz bromazepam codziennie przez okres d\u0142u\u017cszy ni\u017c oko\u0142o 4 do 6 tygodni, mo\u017cesz si\u0119 od niego uzale\u017cni\u0107 , ale nie stanowi to problemu, je\u015bli przyjmujesz go na epilepsj\u0119. Je\u015bli przyjmowa\u0142e\u015b go regularnie, rozs\u0105dnym mo\u017ce by\u0107 stopniowe zmniejszanie dawki w ci\u0105gu kilku dni lub tygodni. Nale\u017cy to szczeg\u00f3\u0142owo om\u00f3wi\u0107 z lekarzem prowadz\u0105cym, piel\u0119gniark\u0105 lub farmaceut\u0105. Je\u015bli przyjmujesz go \u201ew razie potrzeby\u201d co kilka dni, powiniene\u015b by\u0107 w stanie odstawi\u0107, gdy ju\u017c go nie potrzebujesz. 3 leksotanil<\/p>\n<p>Co mam zrobi\u0107, je\u015bli pomin\u0119 dawk\u0119 LEXOTANU?<br \/>Przyjmij pomini\u0119t\u0105 dawk\u0119 tak szybko, jak sobie przypomnisz, chyba \u017ce do nast\u0119pnej dawki pozosta\u0142o mniej ni\u017c 4 godziny.<br \/> Je\u015bli sobie przypominasz, po prostu za\u017cyj nast\u0119pn\u0105 dawk\u0119 jak zwykle. Nie pr\u00f3buj nadrabia\u0107 zaleg\u0142o\u015bci poprzez przyjmowanie dw\u00f3ch dawek jednocze\u015bnie, poniewa\u017c mo\u017ce to spowodowa\u0107 nasilenie dzia\u0142a\u0144 niepo\u017c\u0105danych.<br \/> Czy mog\u0119 spo\u017cywa\u0107 alkohol podczas stosowania bromazepamu? Kup BROMAZEPAM LEXOTANIL, znany r\u00f3wnie\u017c jako Lexotan 3 MG.<br \/> Je\u015bli pijesz alkohol podczas przyjmowania LEXOTANILU, mo\u017cesz odczuwa\u0107 zwi\u0119kszon\u0105 senno\u015b\u0107. Jest to szczeg\u00f3lnie wa\u017cne, je\u015bli b\u0119dziesz prowadzi\u0107 samoch\u00f3d lub obs\u0142ugiwa\u0107 maszyny i powiniene\u015b zasi\u0119gn\u0105\u0107 porady w tej sprawie.<\/p>\n<p>Jakiego rodzaju dzia\u0142a\u0144 niepo\u017c\u0105danych mog\u0119 do\u015bwiadczy\u0107, je\u015bli za\u017cyj\u0119 bromazepam? Kup BROMAZEPAM LEXOTANIL, znany r\u00f3wnie\u017c jako Lexotan 3 MG.<\/p>\n<p>Wiele os\u00f3b otrzymuje: Tylko kilka os\u00f3b otrzymuje: Tylko kilka os\u00f3b otrzymuje:<br \/> Zawroty g\u0142owy<br \/> Senno\u015b\u0107<br \/> nast\u0119pnego dnia mo\u017cesz czu\u0107 si\u0119 niestabilnie na nogach.<br \/> B\u00f3l g\u0142owy<br \/> Zamieszanie<br \/> Bezsenno\u015b\u0107 (zapominanie rzeczy)<br \/> Nie przejmuj si\u0119 poni\u017csz\u0105 list\u0105 dzia\u0142a\u0144 niepo\u017c\u0105danych. Niekt\u00f3re osoby nie odczuwaj\u0105 \u017cadnych negatywnych skutk\u00f3w, podczas gdy inne mog\u0105 do\u015bwiadcza\u0107 niekt\u00f3rych, kt\u00f3re nie s\u0105 tutaj uwzgl\u0119dnione. Je\u015bli uwa\u017casz, \u017ce mo\u017cesz odczuwa\u0107 skutki uboczne przyjmowania lek\u00f3w, skonsultuj si\u0119 z lekarzem, piel\u0119gniark\u0105 lub farmaceut\u0105.<\/p>\n<p>Czy podczas przyjmowania leku LEXOTANIL mog\u0119 bezpiecznie prowadzi\u0107 samoch\u00f3d lub je\u017adzi\u0107 na rowerze?<\/p>\n<p> Bromazepam mo\u017ce upo\u015bledza\u0107 zdolno\u015b\u0107 prowadzenia pojazd\u00f3w i wywo\u0142ywa\u0107 \u0142agodne zawroty g\u0142owy i oszo\u0142omienie.<\/p>\n<p>Zachowaj ostro\u017cno\u015b\u0107 podczas prowadzenia pojazd\u00f3w lub obs\u0142ugiwania maszyn, dop\u00f3ki nie dowiesz si\u0119, jak bromazepam wp\u0142ywa na Ciebie. Nale\u017cy zachowa\u0107 ostro\u017cno\u015b\u0107, poniewa\u017c mo\u017ce to spowolni\u0107 czas reakcji.<\/p>\n","protected":false},"excerpt":{"rendered":"<p>Leksotanil Bromazepam 3 mg tabletki mo\u017cna kupi\u0107 online. Bromazepam (Lexotanil) jest cz\u0142onkiem klasy lek\u00f3w benzodiazepinowych, kt\u00f3ra obejmuje antydepresanty, \u015brodki przeciwpaniczne i zwiotczaj\u0105ce mi\u0119\u015bnie.<\/p>\n<p>Bromazepam to kr\u00f3tko dzia\u0142aj\u0105ca benzodiazepina o powolnym pocz\u0105tku, kt\u00f3ra jest cz\u0119sto stosowana&amp;# 8230; Tabletka, 3 mg, doustna, Alti-bromazepam 3 mg tabletki, najlepsze \u015bwiatowe leki<\/p>\n<p>Kup Bromazepam online bez recepty | Kup Lexotan 6mg online bez recepty<\/p>\n<p>Bromazepam (Lexotanil) to benzodiazepina.<\/p>\n","protected":false},"featured_media":5252,"comment_status":"open","ping_status":"closed","template":"","meta":[],"product_brand":[],"product_cat":[1117],"product_tag":[1419,1420,1421,1422,1423,1425,1426,1429,1428,1427,1432,1433,1434,1435,1436,1437,1430,1431,1424,1438],"class_list":{"0":"post-5236","1":"product","2":"type-product","3":"status-publish","4":"has-post-thumbnail","6":"product_cat-kup-tabletki-na-bol-spanie-seks","7":"product_tag-3-mg","8":"product_tag-3mg","9":"product_tag-3mg-klonopina","10":"product_tag-bromazepam","11":"product_tag-bromazepam-leksotanil","12":"product_tag-bromazepam-lexotanil-for-sale","13":"product_tag-buy-lexotanil-bromazepam","14":"product_tag-is-lexapro-a-benzodiazepiny","15":"product_tag-czy-moesz-przedawkowa-na-lexapro","16":"product_tag-kup-lexotanil-bromazepam-z-kanady","17":"product_tag-leksomil","18":"product_tag-leksotan","19":"product_tag-leksotan-3-mg","20":"product_tag-leksotanil","21":"product_tag-leksotanil-bromazepam","22":"product_tag-leksotanil-bromazepam-3mg","23":"product_tag-lexapro-generic-name","24":"product_tag-lexatin","25":"product_tag-bromazepam-lexotanil-6mg-for-sale","26":"product_tag-tabletki-tabletki-leki","28":"first","29":"instock","30":"shipping-taxable","31":"purchasable","32":"product-type-variable","33":"has-default-attributes"},"yoast_head":"<!-- This site is optimized with the Yoast SEO plugin v27.3 - https:\/\/yoast.com\/product\/yoast-seo-wordpress\/ -->\n<title>Kup tabletki Lexotanil Bromazepam 3 mg online - Best Best Global Meds<\/title>\n<meta name=\"description\" content=\"Kup tabletki Lexotanil Bromazepam 3 mg na sprzeda\u017c online w Wielkiej Brytanii, Europie. Bromazepam (Lexotanil) nale\u017cy do grupy lek\u00f3w znanych jako benzodiazepiny, klasa lek\u00f3w przeciwdepresyjnych, \u015brodk\u00f3w przeciwpanicznych i zwiotczaj\u0105cych mi\u0119\u015bnie.\" \/>\n<meta name=\"robots\" content=\"index, follow, max-snippet:-1, max-image-preview:large, max-video-preview:-1\" \/>\n<link rel=\"canonical\" href=\"https:\/\/medicinasinc.com\/pl\/product\/kup-lexotanil-bromazepam-3mg-pills-online\/\" \/>\n<meta property=\"og:locale\" content=\"en_US\" \/>\n<meta property=\"og:type\" content=\"article\" \/>\n<meta property=\"og:title\" content=\"Kup tabletki Lexotanil Bromazepam 3 mg online - Best Best Global Meds\" \/>\n<meta property=\"og:description\" content=\"Kup tabletki Lexotanil Bromazepam 3 mg na sprzeda\u017c online w Wielkiej Brytanii, Europie. Bromazepam (Lexotanil) nale\u017cy do grupy lek\u00f3w znanych jako benzodiazepiny, klasa lek\u00f3w przeciwdepresyjnych, \u015brodk\u00f3w przeciwpanicznych i zwiotczaj\u0105cych mi\u0119\u015bnie.\" \/>\n<meta property=\"og:url\" content=\"https:\/\/medicinasinc.com\/pl\/product\/kup-lexotanil-bromazepam-3mg-pills-online\/\" \/>\n<meta property=\"og:site_name\" content=\"Medicinas Inc\" \/>\n<meta property=\"article:modified_time\" content=\"2022-03-22T01:01:52+00:00\" \/>\n<meta property=\"og:image\" content=\"https:\/\/medicinasinc.com\/pl\/wp-content\/uploads\/sites\/13\/2022\/02\/Buy-Lexotan-Bromazepam-3mg.jpg\" \/>\n\t<meta property=\"og:image:width\" content=\"600\" \/>\n\t<meta property=\"og:image:height\" content=\"600\" \/>\n\t<meta property=\"og:image:type\" content=\"image\/jpeg\" \/>\n<meta name=\"twitter:card\" content=\"summary_large_image\" \/>\n<meta name=\"twitter:label1\" content=\"Est. reading time\" \/>\n\t<meta name=\"twitter:data1\" content=\"3 minutes\" \/>\n<script type=\"application\/ld+json\" class=\"yoast-schema-graph\">{\"@context\":\"https:\\\/\\\/schema.org\",\"@graph\":[{\"@type\":\"WebPage\",\"@id\":\"https:\\\/\\\/medicinasinc.com\\\/pl\\\/product\\\/kup-lexotanil-bromazepam-3mg-pills-online\\\/\",\"url\":\"https:\\\/\\\/medicinasinc.com\\\/pl\\\/product\\\/kup-lexotanil-bromazepam-3mg-pills-online\\\/\",\"name\":\"Kup tabletki Lexotanil Bromazepam 3 mg online - Best Best Global Meds\",\"isPartOf\":{\"@id\":\"https:\\\/\\\/medicinasinc.com\\\/pl\\\/#website\"},\"primaryImageOfPage\":{\"@id\":\"https:\\\/\\\/medicinasinc.com\\\/pl\\\/product\\\/kup-lexotanil-bromazepam-3mg-pills-online\\\/#primaryimage\"},\"image\":{\"@id\":\"https:\\\/\\\/medicinasinc.com\\\/pl\\\/product\\\/kup-lexotanil-bromazepam-3mg-pills-online\\\/#primaryimage\"},\"thumbnailUrl\":\"https:\\\/\\\/medicinasinc.com\\\/pl\\\/wp-content\\\/uploads\\\/sites\\\/13\\\/2022\\\/02\\\/Buy-Lexotan-Bromazepam-3mg.jpg\",\"datePublished\":\"2022-02-20T22:23:28+00:00\",\"dateModified\":\"2022-03-22T01:01:52+00:00\",\"description\":\"Kup tabletki Lexotanil Bromazepam 3 mg na sprzeda\u017c online w Wielkiej Brytanii, Europie. Bromazepam (Lexotanil) nale\u017cy do grupy lek\u00f3w znanych jako benzodiazepiny, klasa lek\u00f3w przeciwdepresyjnych, \u015brodk\u00f3w przeciwpanicznych i zwiotczaj\u0105cych mi\u0119\u015bnie.\",\"breadcrumb\":{\"@id\":\"https:\\\/\\\/medicinasinc.com\\\/pl\\\/product\\\/kup-lexotanil-bromazepam-3mg-pills-online\\\/#breadcrumb\"},\"inLanguage\":\"en-US\",\"potentialAction\":[{\"@type\":\"ReadAction\",\"target\":[\"https:\\\/\\\/medicinasinc.com\\\/pl\\\/product\\\/kup-lexotanil-bromazepam-3mg-pills-online\\\/\"]}]},{\"@type\":\"ImageObject\",\"inLanguage\":\"en-US\",\"@id\":\"https:\\\/\\\/medicinasinc.com\\\/pl\\\/product\\\/kup-lexotanil-bromazepam-3mg-pills-online\\\/#primaryimage\",\"url\":\"https:\\\/\\\/medicinasinc.com\\\/pl\\\/wp-content\\\/uploads\\\/sites\\\/13\\\/2022\\\/02\\\/Buy-Lexotan-Bromazepam-3mg.jpg\",\"contentUrl\":\"https:\\\/\\\/medicinasinc.com\\\/pl\\\/wp-content\\\/uploads\\\/sites\\\/13\\\/2022\\\/02\\\/Buy-Lexotan-Bromazepam-3mg.jpg\",\"width\":600,\"height\":600},{\"@type\":\"BreadcrumbList\",\"@id\":\"https:\\\/\\\/medicinasinc.com\\\/pl\\\/product\\\/kup-lexotanil-bromazepam-3mg-pills-online\\\/#breadcrumb\",\"itemListElement\":[{\"@type\":\"ListItem\",\"position\":1,\"name\":\"Sklep\",\"item\":\"https:\\\/\\\/medicinasinc.com\\\/pl\\\/sklep\\\/\"},{\"@type\":\"ListItem\",\"position\":2,\"name\":\"Kup tabletki Lexotanil Bromazepam 3 mg online\"}]},{\"@type\":\"WebSite\",\"@id\":\"https:\\\/\\\/medicinasinc.com\\\/pl\\\/#website\",\"url\":\"https:\\\/\\\/medicinasinc.com\\\/pl\\\/\",\"name\":\"Medicinas Inc\",\"description\":\"Health Medical Clinic\",\"potentialAction\":[{\"@type\":\"SearchAction\",\"target\":{\"@type\":\"EntryPoint\",\"urlTemplate\":\"https:\\\/\\\/medicinasinc.com\\\/pl\\\/?s={search_term_string}\"},\"query-input\":{\"@type\":\"PropertyValueSpecification\",\"valueRequired\":true,\"valueName\":\"search_term_string\"}}],\"inLanguage\":\"en-US\"}]}<\/script>\n<!-- \/ Yoast SEO plugin. -->","yoast_head_json":{"title":"Kup tabletki Lexotanil Bromazepam 3 mg online - Best Best Global Meds","description":"Kup tabletki Lexotanil Bromazepam 3 mg na sprzeda\u017c online w Wielkiej Brytanii, Europie. Bromazepam (Lexotanil) nale\u017cy do grupy lek\u00f3w znanych jako benzodiazepiny, klasa lek\u00f3w przeciwdepresyjnych, \u015brodk\u00f3w przeciwpanicznych i zwiotczaj\u0105cych mi\u0119\u015bnie.","robots":{"index":"index","follow":"follow","max-snippet":"max-snippet:-1","max-image-preview":"max-image-preview:large","max-video-preview":"max-video-preview:-1"},"canonical":"https:\/\/medicinasinc.com\/pl\/product\/kup-lexotanil-bromazepam-3mg-pills-online\/","og_locale":"en_US","og_type":"article","og_title":"Kup tabletki Lexotanil Bromazepam 3 mg online - Best Best Global Meds","og_description":"Kup tabletki Lexotanil Bromazepam 3 mg na sprzeda\u017c online w Wielkiej Brytanii, Europie. Bromazepam (Lexotanil) nale\u017cy do grupy lek\u00f3w znanych jako benzodiazepiny, klasa lek\u00f3w przeciwdepresyjnych, \u015brodk\u00f3w przeciwpanicznych i zwiotczaj\u0105cych mi\u0119\u015bnie.","og_url":"https:\/\/medicinasinc.com\/pl\/product\/kup-lexotanil-bromazepam-3mg-pills-online\/","og_site_name":"Medicinas Inc","article_modified_time":"2022-03-22T01:01:52+00:00","og_image":[{"width":600,"height":600,"url":"https:\/\/medicinasinc.com\/pl\/wp-content\/uploads\/sites\/13\/2022\/02\/Buy-Lexotan-Bromazepam-3mg.jpg","type":"image\/jpeg"}],"twitter_card":"summary_large_image","twitter_misc":{"Est. reading time":"3 minutes"},"schema":{"@context":"https:\/\/schema.org","@graph":[{"@type":"WebPage","@id":"https:\/\/medicinasinc.com\/pl\/product\/kup-lexotanil-bromazepam-3mg-pills-online\/","url":"https:\/\/medicinasinc.com\/pl\/product\/kup-lexotanil-bromazepam-3mg-pills-online\/","name":"Kup tabletki Lexotanil Bromazepam 3 mg online - Best Best Global Meds","isPartOf":{"@id":"https:\/\/medicinasinc.com\/pl\/#website"},"primaryImageOfPage":{"@id":"https:\/\/medicinasinc.com\/pl\/product\/kup-lexotanil-bromazepam-3mg-pills-online\/#primaryimage"},"image":{"@id":"https:\/\/medicinasinc.com\/pl\/product\/kup-lexotanil-bromazepam-3mg-pills-online\/#primaryimage"},"thumbnailUrl":"https:\/\/medicinasinc.com\/pl\/wp-content\/uploads\/sites\/13\/2022\/02\/Buy-Lexotan-Bromazepam-3mg.jpg","datePublished":"2022-02-20T22:23:28+00:00","dateModified":"2022-03-22T01:01:52+00:00","description":"Kup tabletki Lexotanil Bromazepam 3 mg na sprzeda\u017c online w Wielkiej Brytanii, Europie. Bromazepam (Lexotanil) nale\u017cy do grupy lek\u00f3w znanych jako benzodiazepiny, klasa lek\u00f3w przeciwdepresyjnych, \u015brodk\u00f3w przeciwpanicznych i zwiotczaj\u0105cych mi\u0119\u015bnie.","breadcrumb":{"@id":"https:\/\/medicinasinc.com\/pl\/product\/kup-lexotanil-bromazepam-3mg-pills-online\/#breadcrumb"},"inLanguage":"en-US","potentialAction":[{"@type":"ReadAction","target":["https:\/\/medicinasinc.com\/pl\/product\/kup-lexotanil-bromazepam-3mg-pills-online\/"]}]},{"@type":"ImageObject","inLanguage":"en-US","@id":"https:\/\/medicinasinc.com\/pl\/product\/kup-lexotanil-bromazepam-3mg-pills-online\/#primaryimage","url":"https:\/\/medicinasinc.com\/pl\/wp-content\/uploads\/sites\/13\/2022\/02\/Buy-Lexotan-Bromazepam-3mg.jpg","contentUrl":"https:\/\/medicinasinc.com\/pl\/wp-content\/uploads\/sites\/13\/2022\/02\/Buy-Lexotan-Bromazepam-3mg.jpg","width":600,"height":600},{"@type":"BreadcrumbList","@id":"https:\/\/medicinasinc.com\/pl\/product\/kup-lexotanil-bromazepam-3mg-pills-online\/#breadcrumb","itemListElement":[{"@type":"ListItem","position":1,"name":"Sklep","item":"https:\/\/medicinasinc.com\/pl\/sklep\/"},{"@type":"ListItem","position":2,"name":"Kup tabletki Lexotanil Bromazepam 3 mg online"}]},{"@type":"WebSite","@id":"https:\/\/medicinasinc.com\/pl\/#website","url":"https:\/\/medicinasinc.com\/pl\/","name":"Medicinas Inc","description":"Health Medical Clinic","potentialAction":[{"@type":"SearchAction","target":{"@type":"EntryPoint","urlTemplate":"https:\/\/medicinasinc.com\/pl\/?s={search_term_string}"},"query-input":{"@type":"PropertyValueSpecification","valueRequired":true,"valueName":"search_term_string"}}],"inLanguage":"en-US"}]}},"_links":{"self":[{"href":"https:\/\/medicinasinc.com\/pl\/wp-json\/wp\/v2\/product\/5236","targetHints":{"allow":["GET"]}}],"collection":[{"href":"https:\/\/medicinasinc.com\/pl\/wp-json\/wp\/v2\/product"}],"about":[{"href":"https:\/\/medicinasinc.com\/pl\/wp-json\/wp\/v2\/types\/product"}],"replies":[{"embeddable":true,"href":"https:\/\/medicinasinc.com\/pl\/wp-json\/wp\/v2\/comments?post=5236"}],"wp:featuredmedia":[{"embeddable":true,"href":"https:\/\/medicinasinc.com\/pl\/wp-json\/wp\/v2\/media\/5252"}],"wp:attachment":[{"href":"https:\/\/medicinasinc.com\/pl\/wp-json\/wp\/v2\/media?parent=5236"}],"wp:term":[{"taxonomy":"product_brand","embeddable":true,"href":"https:\/\/medicinasinc.com\/pl\/wp-json\/wp\/v2\/product_brand?post=5236"},{"taxonomy":"product_cat","embeddable":true,"href":"https:\/\/medicinasinc.com\/pl\/wp-json\/wp\/v2\/product_cat?post=5236"},{"taxonomy":"product_tag","embeddable":true,"href":"https:\/\/medicinasinc.com\/pl\/wp-json\/wp\/v2\/product_tag?post=5236"}],"curies":[{"name":"wp","href":"https:\/\/api.w.org\/{rel}","templated":true}]}}