{"id":5209,"date":"2022-02-20T21:59:55","date_gmt":"2022-02-20T21:59:55","guid":{"rendered":"https:\/\/medicinasinc.com\/pl\/?post_type=product&#038;p=5209"},"modified":"2022-03-22T01:02:01","modified_gmt":"2022-03-22T01:02:01","slug":"kup-klonopin-2-mg","status":"publish","type":"product","link":"https:\/\/medicinasinc.com\/pl\/product\/kup-klonopin-2-mg\/","title":{"rendered":"Kup Klonopin 2 mg"},"content":{"rendered":"<p>Online mo\u017cesz kupi\u0107 tabletki Klonopin 2 mg na sprzeda\u017c w niskiej cenie.<\/p>\n<p>Klonopin to prawdziwy eliksir, kt\u00f3ry pomo\u017ce Ci upora\u0107 si\u0119 z problemami. Poprawia r\u00f3wnie\u017c samopoczucie.<\/p>\n<p>Klonopin to benzodiazepinowy \u015brodek uspokajaj\u0105cy i przeciwdrgawkowy, kt\u00f3ry mo\u017ce pom\u00f3c ludziom si\u0119 zrelaksowa\u0107 i przesta\u0107 mie\u0107 napady padaczkowe. Jest stosowany g\u0142\u00f3wnie w leczeniu zaburze\u0144 l\u0119kowych, takich jak l\u0119k napadowy.<\/p>\n<p>Przyjrzyj si\u0119 teraz bli\u017cej Klonopinowi.<\/p>\n<p>Klonopin jest jedyn\u0105 benzodiazepin\u0105 zatwierdzon\u0105 przez FDA do leczenia l\u0119ku napadowego . Wiele os\u00f3b u\u017cywa Klonopin do leczenia l\u0119ku, pobudzenia, ostrej manii (w po\u0142\u0105czeniu z innymi lekami) i szybkiego zatrzymania napad\u00f3w. Zastosowanie: jest stosowany jako d\u0142ugoterminowy lek przeciwdrgawkowy, jak pigu\u0142ka nasenna, w leczeniu b\u00f3lu nerw\u00f3w.<\/p>\n<p>Po za\u017cyciu leku Klonopin mog\u0105 by\u0107 spokojni, by\u0107 mo\u017ce na\u0107pani i troch\u0119 zm\u0119czeni. Skutki uboczne r\u00f3\u017cni\u0105 si\u0119 w zale\u017cno\u015bci od osoby i zale\u017c\u0105 od tego, ile bierzesz. W wi\u0119kszo\u015bci przypadk\u00f3w Klonopin podaje si\u0119 dwa razy dziennie, od oko\u0142o 0,25 mg do 2 mg. Osoby z padaczk\u0105 mog\u0105 przyjmowa\u0107 do 20 mg dziennie.<\/p>\n<p>Tak dzia\u0142a Klonopin: wp\u0142ywa na neuroprzeka\u017anik GABA, kt\u00f3ry jest antidotum. Poniewa\u017c Klonopin robi tak wiele rzeczy na raz, spowalnia m\u00f3zg, zmniejszaj\u0105c zdolno\u015b\u0107 nerw\u00f3w do wysy\u0142ania impuls\u00f3w. W wyniku mniejszej aktywno\u015bci ludzie staj\u0105 si\u0119 mniej niespokojni, a ryzyko napadu r\u00f3wnie\u017c spada.<\/p>\n<p>W medycynie Klonopin jest stosowany w leczeniu napad\u00f3w i atak\u00f3w paniki. Mo\u017ce by\u0107 r\u00f3wnie\u017c stosowany jako \u015brodek nasenny w leczeniu zaburze\u0144 l\u0119kowych, l\u0119ku napadowego i b\u00f3lu. Przyjmowanie benzodiazepin pomo\u017ce zatrzyma\u0107 napad i przywr\u00f3ci\u0107 normaln\u0105 aktywno\u015b\u0107 m\u00f3zgu. Mo\u017ce to r\u00f3wnie\u017c pom\u00f3c w przypadku b\u00f3lu, zw\u0142aszcza b\u00f3lu neuropatycznego, poniewa\u017c utrudnia neuronom wysy\u0142anie sygna\u0142\u00f3w b\u00f3lowych, co czyni je mniej wra\u017cliwymi.<\/p>\n<p>Rzeczy, o kt\u00f3rych nale\u017cy porozmawia\u0107 z lekarzem przed przyj\u0119ciem leku Klonopin<\/p>\n<p>Powiniene\u015b powiedzie\u0107 swojemu lekarzowi, je\u015bli:<\/p>\n<p>Co najmniej jeden z nast\u0119puj\u0105cych stan\u00f3w:<\/p>\n<p>\u2022 problemy z w\u0105trob\u0105<\/p>\n<p>\u2022 nadu\u017cywanie alkoholu lub narkotyk\u00f3w, obecnie lub w przesz\u0142o\u015bci;<\/p>\n<p>Osoby cierpi\u0105ce na astm\u0119, zapalenie oskrzeli, rozedm\u0119 p\u0142uc lub inne choroby uk\u0142adu oddechowego;<\/p>\n<p>\u2022 smutek lub my\u015bli samob\u00f3jcze.<\/p>\n<p>A wiele os\u00f3b z powy\u017cszymi chorobami nie mo\u017ce przyjmowa\u0107 leku Klonopin lub b\u0119d\u0105 musia\u0142y przyj\u0105\u0107 mniejsz\u0105 dawk\u0119 leku i zosta\u0107 zbadani przez lekarza.<\/p>\n<p>Je\u015bli masz powy\u017cej 60 lat, szanse na skutki uboczne leku s\u0105 bardzo wysokie. Z tego powodu dawka leku Klonopin powinna by\u0107 zmieniana w zale\u017cno\u015bci od stanu zdrowia.<\/p>\n<p>Stosowanie:<\/p>\n<p>Klonopin nale\u017cy przyjmowa\u0107 wy\u0142\u0105cznie w spos\u00f3b zalecony przez lekarza. Skontaktuj si\u0119 z lekarzem lub farmaceut\u0105, aby uzyska\u0107 porad\u0119, jak go u\u017cywa\u0107. Kiedy bierzesz pigu\u0142k\u0119, powiniene\u015b wypi\u0107 ca\u0142o\u015b\u0107. Nie nale\u017cy przyjmowa\u0107 wi\u0119cej ni\u017c zaleci\u0142 lekarz. Przed zako\u0144czeniem przyjmowania produktu porozmawiaj ze swoim lekarzem.<\/p>\n<p>Sprawd\u017a, co si\u0119 dzieje, gdy za\u017cyjesz zbyt du\u017co leku.<\/p>\n<p>W przypadku przedawkowania nale\u017cy wezwa\u0107 lekarza daleko.<\/p>\n<p>Oznaki przedawkowania:<\/p>\n<p>senno\u015b\u0107, zawroty g\u0142owy, dezorientacja, wolne bicie serca, objawy alkoholopodobne i utrata przytomno\u015bci to oznaki alkoholizmu.<\/p>\n<p>Je\u015bli kto\u015b za\u017cyje zbyt du\u017co leku, wykonuje si\u0119 p\u0142ukanie \u017co\u0142\u0105dka i leczenie skutk\u00f3w ubocznych.<\/p>\n<p>Kiedy prowadzisz samoch\u00f3d, obs\u0142ugujesz maszyny lub wykonujesz inn\u0105 prac\u0119, kt\u00f3ra mo\u017ce by\u0107 niebezpieczna, zachowaj ostro\u017cno\u015b\u0107.<\/p>\n<p>W przypadku senno\u015bci lub zawrot\u00f3w g\u0142owy nie nale\u017cy robi\u0107 tego rodzaju rzeczy.<\/p>\n<p>Alkoholu nie nale\u017cy miesza\u0107 z Klonopin. Alkohol sprawia, \u017ce \u200b\u200bKlonopin jest bardziej podatny na powa\u017cne skutki uboczne. W rezultacie istnieje r\u00f3wnie\u017c wi\u0119ksze prawdopodobie\u0144stwo wyst\u0105pienia napad\u00f3w.<\/p>\n<p>Klonopin ma co?<\/p>\n<p>alergia: duszno\u015b\u0107, obrz\u0119k warg, twarzy, j\u0119zyka lub wysypka <\/p>\n<p>Istnieje r\u00f3wnie\u017c szansa, \u017ce \u200b\u200bpojawi\u0105 si\u0119 inne, mniej powa\u017cne skutki uboczne.<\/p>\n<p>Kontynuuj przyjmowanie leku i poinformuj lekarza, je\u015bli masz:<\/p>\n<p>Senno\u015b\u0107 ; zawroty g\u0142owy lub niezr\u0119czny ruch; depresja; zawroty g\u0142owy, nudno\u015bci, biegunka lub zaparcia; trudno\u015bci z oddawaniem moczu, koszmary senne, b\u00f3le g\u0142owy, sucho\u015b\u0107 w ustach, spadek pop\u0119du seksualnego i zmiany w zachowaniu to oznaki depresji.<\/p>\n<p>Dawkowanie i jak to zrobi\u0107<\/p>\n<p>Terapia Klonopin zaczyna si\u0119 od ma\u0142ych dawek i stopniowo je zwi\u0119ksza, aby uzyska\u0107 najlepsze wyniki. Poniewa\u017c ka\u017cda osoba ma inny stan i reakcj\u0119 organizmu na przyjmowanie leku, dawkowanie jest dostosowane do jego potrzeb. Najcz\u0119stsza dawka Klonopin to 0,5 mg trzy razy dziennie. Je\u015bli efekt terapeutyczny nie zostanie osi\u0105gni\u0119ty, dawk\u0119 mo\u017cna zwi\u0119ksza\u0107 co trzeci dzie\u0144 terapii, a\u017c do jej osi\u0105gni\u0119cia.<\/p>\n<p>Kiedy lek jest przyjmowany w du\u017cych dawkach, zw\u0142aszcza przez d\u0142ugi czas, mo\u017ce powodowa\u0107 problemy z artykulacj\u0105, podw\u00f3jne widzenie, oczopl\u0105s, reakcje paradoksalne (takie jak nag\u0142e pobudzenie) i amnezja nast\u0119pcza. Kilka razy dana osoba ma reakcj\u0119 nadwra\u017cliwo\u015bci, os\u0142abienie mi\u0119\u015bni lub depresj\u0119. Osoby z niekt\u00f3rymi rodzajami padaczki mog\u0105 mie\u0107 wi\u0119cej napad\u00f3w, je\u015bli b\u0119d\u0105 leczone przez d\u0142ugi czas.<\/p>\n","protected":false},"excerpt":{"rendered":"<p>Kupuj tabletki Klonopin 2 mg na sprzeda\u017c w Wielkiej Brytanii, Europie i reszcie \u015bwiata. Klonopin (Clonazepam) mo\u017ce pom\u00f3c osobom z drgawkami, l\u0119kiem i l\u0119kiem. Benzodiazepiny to leki, kt\u00f3re zapewniaj\u0105 spok\u00f3j.<\/p>\n<p>Klonazepam klonopin 2 mg mo\u017cna kupi\u0107 online w najlepszej cenie w najlepszym miejscu. Best Global Meds to znana apteka internetowa, kt\u00f3ra sprzedaje wy\u0142\u0105cznie legalne leki. Zamawiaj\u0105c online, oszcz\u0119dzasz pieni\u0105dze i czas.<\/p>\n<p>Wielka Brytania, Europa: Chc\u0119 kupi\u0107 Klonopin. W Europie s\u0105 miejsca, w kt\u00f3rych mo\u017cna kupi\u0107 klonazepam online i kupi\u0107 tabletki klonopin 2 mg.<\/p>\n","protected":false},"featured_media":5228,"comment_status":"open","ping_status":"closed","template":"","meta":[],"product_brand":[],"product_cat":[1117],"product_tag":[1370,1371,1374,1416,1385,1387,1386,1395,1394,1417,1398,1379,1380,1381,1382,1383,1378,1414,1415,1375,1390,1391,1396,1397,1399,1402,1403,1408,1409,1410,1411,1388,1389,1393,1406,1407,1401,1373,1372,1412,1376,1377,1413,1404,1384,1392,1400,1418,1405],"class_list":{"0":"post-5209","1":"product","2":"type-product","3":"status-publish","4":"has-post-thumbnail","6":"product_cat-kup-tabletki-na-bol-spanie-seks","7":"product_tag-1mg-klonopina","8":"product_tag-ativan-vs-klonopin","9":"product_tag-can-you-take-klonopin-for-life","10":"product_tag-co-to-klonopin","11":"product_tag-is-klonopina-a-benzo","12":"product_tag-czy-klonopina-narkotyk","13":"product_tag-jest-klonopina-substancj-kontrolowan","14":"product_tag-dawki-klonopiny","15":"product_tag-dawkowanie-klonopiny","16":"product_tag-do-czego-jest-klonopin-uywany","17":"product_tag-klonopin-generyczny","18":"product_tag-how-long-does-klonopin-last","19":"product_tag-how-long-does-klonopin-stay-in-your-system","20":"product_tag-how-long-does-klonopin-stay-in-your-urine","21":"product_tag-how-long-does-klonopin-take-to-work","22":"product_tag-ile-godzin-miedzy-dawkami-klonopiny","23":"product_tag-jak-dugo-od-klonopin-zajmuje-wrzucenie-w-wrzucie","24":"product_tag-jak-wyglada-klonopin","25":"product_tag-jaka-jest-wysoka-dawka-klonopiny","26":"product_tag-klonazepam-klonopin-pomaraczowa-piguka-1-2","27":"product_tag-klonopin-1mg","28":"product_tag-klonopin-2mg","29":"product_tag-klonopin-for-anxiety","30":"product_tag-klonopin-for-sleep","31":"product_tag-klonopin-half-life","32":"product_tag-klonopin-overdose","33":"product_tag-klonopin-pill","34":"product_tag-klonopin-vs-xanax","35":"product_tag-klonopin-vs-xanax-reddit","36":"product_tag-klonopin-weight-loss","37":"product_tag-klonopin-withdrawal","38":"product_tag-klonopina","39":"product_tag-klonopina-10-mg","40":"product_tag-klonopina-w-alkoholu","41":"product_tag-klonopin-vs-ativan","42":"product_tag-klonopin-vs-valium","43":"product_tag-lek-on-klonopina-c4-99","44":"product_tag-niebieski-klonopina-2mg","45":"product_tag-blue-klonopin","46":"product_tag-objawy-odstawienia-klonopin","47":"product_tag-generyczne-klonopin","48":"product_tag-okres-ptrwania-klonopiny","49":"product_tag-skutki-uboczne-klonopin","50":"product_tag-skutki-uboczne-klonopiny","51":"product_tag-jest-1mg-klonopiny-a-niska-dawka","52":"product_tag-uzalenienie-od-klonopiny","53":"product_tag-wysoka-na-klonopin","54":"product_tag-xanax-vs-klonopin","55":"product_tag-zastosowania-klonopiny","57":"first","58":"instock","59":"shipping-taxable","60":"purchasable","61":"product-type-variable","62":"has-default-attributes"},"yoast_head":"<!-- This site is optimized with the Yoast SEO plugin v27.3 - https:\/\/yoast.com\/product\/yoast-seo-wordpress\/ -->\n<title>Kup Klonopin 2 mg - Wyprzeda\u017c online Klonopin - Najlepsze najlepsze leki na \u015bwiecie<\/title>\n<meta name=\"description\" content=\"Kup Klonopin 2 mg na sprzeda\u017c w Wielkiej Brytanii, Europie pigu\u0142ki online. Klonopin (Clonazepam) leczy drgawki, l\u0119k napadowy i l\u0119k. Ten lek jest benzodiazepin\u0105.\" \/>\n<meta name=\"robots\" content=\"index, follow, max-snippet:-1, max-image-preview:large, max-video-preview:-1\" \/>\n<link rel=\"canonical\" href=\"https:\/\/medicinasinc.com\/pl\/product\/kup-klonopin-2-mg\/\" \/>\n<meta property=\"og:locale\" content=\"en_US\" \/>\n<meta property=\"og:type\" content=\"article\" \/>\n<meta property=\"og:title\" content=\"Kup Klonopin 2 mg - Wyprzeda\u017c online Klonopin - Najlepsze najlepsze leki na \u015bwiecie\" \/>\n<meta property=\"og:description\" content=\"Kup Klonopin 2 mg na sprzeda\u017c w Wielkiej Brytanii, Europie pigu\u0142ki online. Klonopin (Clonazepam) leczy drgawki, l\u0119k napadowy i l\u0119k. Ten lek jest benzodiazepin\u0105.\" \/>\n<meta property=\"og:url\" content=\"https:\/\/medicinasinc.com\/pl\/product\/kup-klonopin-2-mg\/\" \/>\n<meta property=\"og:site_name\" content=\"Medicinas Inc\" \/>\n<meta property=\"article:modified_time\" content=\"2022-03-22T01:02:01+00:00\" \/>\n<meta property=\"og:image\" content=\"https:\/\/medicinasinc.com\/pl\/wp-content\/uploads\/sites\/13\/2022\/02\/Buy-Klonopin-2-mg.jpeg\" \/>\n\t<meta property=\"og:image:width\" content=\"236\" \/>\n\t<meta property=\"og:image:height\" content=\"296\" \/>\n\t<meta property=\"og:image:type\" content=\"image\/jpeg\" \/>\n<meta name=\"twitter:card\" content=\"summary_large_image\" \/>\n<meta name=\"twitter:label1\" content=\"Est. reading time\" \/>\n\t<meta name=\"twitter:data1\" content=\"4 minutes\" \/>\n<script type=\"application\/ld+json\" class=\"yoast-schema-graph\">{\"@context\":\"https:\\\/\\\/schema.org\",\"@graph\":[{\"@type\":\"WebPage\",\"@id\":\"https:\\\/\\\/medicinasinc.com\\\/pl\\\/product\\\/kup-klonopin-2-mg\\\/\",\"url\":\"https:\\\/\\\/medicinasinc.com\\\/pl\\\/product\\\/kup-klonopin-2-mg\\\/\",\"name\":\"Kup Klonopin 2 mg - Wyprzeda\u017c online Klonopin - Najlepsze najlepsze leki na \u015bwiecie\",\"isPartOf\":{\"@id\":\"https:\\\/\\\/medicinasinc.com\\\/pl\\\/#website\"},\"primaryImageOfPage\":{\"@id\":\"https:\\\/\\\/medicinasinc.com\\\/pl\\\/product\\\/kup-klonopin-2-mg\\\/#primaryimage\"},\"image\":{\"@id\":\"https:\\\/\\\/medicinasinc.com\\\/pl\\\/product\\\/kup-klonopin-2-mg\\\/#primaryimage\"},\"thumbnailUrl\":\"https:\\\/\\\/medicinasinc.com\\\/pl\\\/wp-content\\\/uploads\\\/sites\\\/13\\\/2022\\\/02\\\/Buy-Klonopin-2-mg.jpeg\",\"datePublished\":\"2022-02-20T21:59:55+00:00\",\"dateModified\":\"2022-03-22T01:02:01+00:00\",\"description\":\"Kup Klonopin 2 mg na sprzeda\u017c w Wielkiej Brytanii, Europie pigu\u0142ki online. Klonopin (Clonazepam) leczy drgawki, l\u0119k napadowy i l\u0119k. Ten lek jest benzodiazepin\u0105.\",\"breadcrumb\":{\"@id\":\"https:\\\/\\\/medicinasinc.com\\\/pl\\\/product\\\/kup-klonopin-2-mg\\\/#breadcrumb\"},\"inLanguage\":\"en-US\",\"potentialAction\":[{\"@type\":\"ReadAction\",\"target\":[\"https:\\\/\\\/medicinasinc.com\\\/pl\\\/product\\\/kup-klonopin-2-mg\\\/\"]}]},{\"@type\":\"ImageObject\",\"inLanguage\":\"en-US\",\"@id\":\"https:\\\/\\\/medicinasinc.com\\\/pl\\\/product\\\/kup-klonopin-2-mg\\\/#primaryimage\",\"url\":\"https:\\\/\\\/medicinasinc.com\\\/pl\\\/wp-content\\\/uploads\\\/sites\\\/13\\\/2022\\\/02\\\/Buy-Klonopin-2-mg.jpeg\",\"contentUrl\":\"https:\\\/\\\/medicinasinc.com\\\/pl\\\/wp-content\\\/uploads\\\/sites\\\/13\\\/2022\\\/02\\\/Buy-Klonopin-2-mg.jpeg\",\"width\":236,\"height\":296},{\"@type\":\"BreadcrumbList\",\"@id\":\"https:\\\/\\\/medicinasinc.com\\\/pl\\\/product\\\/kup-klonopin-2-mg\\\/#breadcrumb\",\"itemListElement\":[{\"@type\":\"ListItem\",\"position\":1,\"name\":\"Sklep\",\"item\":\"https:\\\/\\\/medicinasinc.com\\\/pl\\\/sklep\\\/\"},{\"@type\":\"ListItem\",\"position\":2,\"name\":\"Kup Klonopin 2 mg\"}]},{\"@type\":\"WebSite\",\"@id\":\"https:\\\/\\\/medicinasinc.com\\\/pl\\\/#website\",\"url\":\"https:\\\/\\\/medicinasinc.com\\\/pl\\\/\",\"name\":\"Medicinas Inc\",\"description\":\"Health Medical Clinic\",\"potentialAction\":[{\"@type\":\"SearchAction\",\"target\":{\"@type\":\"EntryPoint\",\"urlTemplate\":\"https:\\\/\\\/medicinasinc.com\\\/pl\\\/?s={search_term_string}\"},\"query-input\":{\"@type\":\"PropertyValueSpecification\",\"valueRequired\":true,\"valueName\":\"search_term_string\"}}],\"inLanguage\":\"en-US\"}]}<\/script>\n<!-- \/ Yoast SEO plugin. -->","yoast_head_json":{"title":"Kup Klonopin 2 mg - Wyprzeda\u017c online Klonopin - Najlepsze najlepsze leki na \u015bwiecie","description":"Kup Klonopin 2 mg na sprzeda\u017c w Wielkiej Brytanii, Europie pigu\u0142ki online. Klonopin (Clonazepam) leczy drgawki, l\u0119k napadowy i l\u0119k. Ten lek jest benzodiazepin\u0105.","robots":{"index":"index","follow":"follow","max-snippet":"max-snippet:-1","max-image-preview":"max-image-preview:large","max-video-preview":"max-video-preview:-1"},"canonical":"https:\/\/medicinasinc.com\/pl\/product\/kup-klonopin-2-mg\/","og_locale":"en_US","og_type":"article","og_title":"Kup Klonopin 2 mg - Wyprzeda\u017c online Klonopin - Najlepsze najlepsze leki na \u015bwiecie","og_description":"Kup Klonopin 2 mg na sprzeda\u017c w Wielkiej Brytanii, Europie pigu\u0142ki online. Klonopin (Clonazepam) leczy drgawki, l\u0119k napadowy i l\u0119k. Ten lek jest benzodiazepin\u0105.","og_url":"https:\/\/medicinasinc.com\/pl\/product\/kup-klonopin-2-mg\/","og_site_name":"Medicinas Inc","article_modified_time":"2022-03-22T01:02:01+00:00","og_image":[{"width":236,"height":296,"url":"https:\/\/medicinasinc.com\/pl\/wp-content\/uploads\/sites\/13\/2022\/02\/Buy-Klonopin-2-mg.jpeg","type":"image\/jpeg"}],"twitter_card":"summary_large_image","twitter_misc":{"Est. reading time":"4 minutes"},"schema":{"@context":"https:\/\/schema.org","@graph":[{"@type":"WebPage","@id":"https:\/\/medicinasinc.com\/pl\/product\/kup-klonopin-2-mg\/","url":"https:\/\/medicinasinc.com\/pl\/product\/kup-klonopin-2-mg\/","name":"Kup Klonopin 2 mg - Wyprzeda\u017c online Klonopin - Najlepsze najlepsze leki na \u015bwiecie","isPartOf":{"@id":"https:\/\/medicinasinc.com\/pl\/#website"},"primaryImageOfPage":{"@id":"https:\/\/medicinasinc.com\/pl\/product\/kup-klonopin-2-mg\/#primaryimage"},"image":{"@id":"https:\/\/medicinasinc.com\/pl\/product\/kup-klonopin-2-mg\/#primaryimage"},"thumbnailUrl":"https:\/\/medicinasinc.com\/pl\/wp-content\/uploads\/sites\/13\/2022\/02\/Buy-Klonopin-2-mg.jpeg","datePublished":"2022-02-20T21:59:55+00:00","dateModified":"2022-03-22T01:02:01+00:00","description":"Kup Klonopin 2 mg na sprzeda\u017c w Wielkiej Brytanii, Europie pigu\u0142ki online. Klonopin (Clonazepam) leczy drgawki, l\u0119k napadowy i l\u0119k. Ten lek jest benzodiazepin\u0105.","breadcrumb":{"@id":"https:\/\/medicinasinc.com\/pl\/product\/kup-klonopin-2-mg\/#breadcrumb"},"inLanguage":"en-US","potentialAction":[{"@type":"ReadAction","target":["https:\/\/medicinasinc.com\/pl\/product\/kup-klonopin-2-mg\/"]}]},{"@type":"ImageObject","inLanguage":"en-US","@id":"https:\/\/medicinasinc.com\/pl\/product\/kup-klonopin-2-mg\/#primaryimage","url":"https:\/\/medicinasinc.com\/pl\/wp-content\/uploads\/sites\/13\/2022\/02\/Buy-Klonopin-2-mg.jpeg","contentUrl":"https:\/\/medicinasinc.com\/pl\/wp-content\/uploads\/sites\/13\/2022\/02\/Buy-Klonopin-2-mg.jpeg","width":236,"height":296},{"@type":"BreadcrumbList","@id":"https:\/\/medicinasinc.com\/pl\/product\/kup-klonopin-2-mg\/#breadcrumb","itemListElement":[{"@type":"ListItem","position":1,"name":"Sklep","item":"https:\/\/medicinasinc.com\/pl\/sklep\/"},{"@type":"ListItem","position":2,"name":"Kup Klonopin 2 mg"}]},{"@type":"WebSite","@id":"https:\/\/medicinasinc.com\/pl\/#website","url":"https:\/\/medicinasinc.com\/pl\/","name":"Medicinas Inc","description":"Health Medical Clinic","potentialAction":[{"@type":"SearchAction","target":{"@type":"EntryPoint","urlTemplate":"https:\/\/medicinasinc.com\/pl\/?s={search_term_string}"},"query-input":{"@type":"PropertyValueSpecification","valueRequired":true,"valueName":"search_term_string"}}],"inLanguage":"en-US"}]}},"_links":{"self":[{"href":"https:\/\/medicinasinc.com\/pl\/wp-json\/wp\/v2\/product\/5209","targetHints":{"allow":["GET"]}}],"collection":[{"href":"https:\/\/medicinasinc.com\/pl\/wp-json\/wp\/v2\/product"}],"about":[{"href":"https:\/\/medicinasinc.com\/pl\/wp-json\/wp\/v2\/types\/product"}],"replies":[{"embeddable":true,"href":"https:\/\/medicinasinc.com\/pl\/wp-json\/wp\/v2\/comments?post=5209"}],"wp:featuredmedia":[{"embeddable":true,"href":"https:\/\/medicinasinc.com\/pl\/wp-json\/wp\/v2\/media\/5228"}],"wp:attachment":[{"href":"https:\/\/medicinasinc.com\/pl\/wp-json\/wp\/v2\/media?parent=5209"}],"wp:term":[{"taxonomy":"product_brand","embeddable":true,"href":"https:\/\/medicinasinc.com\/pl\/wp-json\/wp\/v2\/product_brand?post=5209"},{"taxonomy":"product_cat","embeddable":true,"href":"https:\/\/medicinasinc.com\/pl\/wp-json\/wp\/v2\/product_cat?post=5209"},{"taxonomy":"product_tag","embeddable":true,"href":"https:\/\/medicinasinc.com\/pl\/wp-json\/wp\/v2\/product_tag?post=5209"}],"curies":[{"name":"wp","href":"https:\/\/api.w.org\/{rel}","templated":true}]}}