{"id":5208,"date":"2022-02-20T21:58:44","date_gmt":"2022-02-20T21:58:44","guid":{"rendered":"https:\/\/medicinasinc.com\/pl\/?post_type=product&#038;p=5208"},"modified":"2022-03-22T01:02:16","modified_gmt":"2022-03-22T01:02:16","slug":"kup-imovane-zopiklon-7-5-mg","status":"publish","type":"product","link":"https:\/\/medicinasinc.com\/pl\/product\/kup-imovane-zopiklon-7-5-mg\/","title":{"rendered":"Kup Imovane Zopiklon 7,5 mg"},"content":{"rendered":"<p>Imovane Zopiclone w tabletkach mo\u017cna kupi\u0107 online.<\/p>\n<p>Imovane Zopiclone w tabletkach mo\u017cna kupi\u0107 online.<\/p>\n<p>Imovane: Zopiclone nale\u017cy do klasy lek\u00f3w uspokajaj\u0105co-nasennych. Jest przepisywany w celu kr\u00f3tkotrwa\u0142ego objawowego z\u0142agodzenia problem\u00f3w ze snem.<\/p>\n","protected":false},"excerpt":{"rendered":"<div class=\"woocommerce-product-details__short-description\">\n<p>Kup tabletki zopiclone 7,5 mg online, zopiclone 7,5 mg uk, zopiclone online, zopiclone eu, zopiclone singapore, zopiclone uk, zopiclone amazon, zopiclone 7,5 mg tabletki nast\u0119pnego dnia dostawa<\/p>\n<p>Imovane Tabletki Zopiclone mo\u017cna kupi\u0107 online.<\/p>\n<p>Imovane: Zopiclone to lek uspokajaj\u0105co-nasenny. Stosuje si\u0119 go w kr\u00f3tkoterminowym leczeniu problem\u00f3w ze snem oraz jako leczenie objawowe.<\/p>\n<p>Imovane (Zopiclone) mo\u017cna kupi\u0107 online na wa\u017cn\u0105 australijsk\u0105 recept\u0119. Bestglobalmeds.com oferuje bezp\u0142atn\u0105 wysy\u0142k\u0119 wszystkich produkt\u00f3w na recept\u0119 do Australii.<\/p>\n<p>Imovane (Zopiclone) to lek uspokajaj\u0105co-nasenny. Jest stosowany w kr\u00f3tkoterminowym leczeniu problem\u00f3w ze snem oraz jako leczenie objawowe.<\/p>\n<\/p><\/div>\n","protected":false},"featured_media":5226,"comment_status":"open","ping_status":"closed","template":"","meta":[],"product_brand":[],"product_cat":[1117],"product_tag":[1362,1363,1368,1364,1366,1365,1367,1369],"class_list":{"0":"post-5208","1":"product","2":"type-product","3":"status-publish","4":"has-post-thumbnail","6":"product_cat-kup-tabletki-na-bol-spanie-seks","7":"product_tag-buy-zopiclone-7-5mg-tablets-next-day-delivery","8":"product_tag-buy-zopiclone-7-5mg-tablets-online","9":"product_tag-buy-zopiclone-uk","10":"product_tag-kup-zopiklon-7-5mg-uk","11":"product_tag-kup-zopiklon-online","12":"product_tag-kup-zopiklon-eu","13":"product_tag-kup-zopiklon-singapur","14":"product_tag-zopiklon-amazon","16":"first","17":"instock","18":"shipping-taxable","19":"purchasable","20":"product-type-variable","21":"has-default-attributes"},"yoast_head":"<!-- This site is optimized with the Yoast SEO plugin v27.3 - https:\/\/yoast.com\/product\/yoast-seo-wordpress\/ -->\n<title>Kup Imovane Zopiclone 7,5 mg - najlepszy \u015bwiatowy lek<\/title>\n<meta name=\"description\" content=\"kup tabletki zopiclone 7,5 mg online, kup zopiclone 7,5 mg uk, kup zopiclone online, kup zopiclone eu, kup zopiclone polska, kup zopiclone uk, zopiclone amazon, kup tabletki zopiclone 7,5 mg dostawa nast\u0119pnego dnia,\" \/>\n<meta name=\"robots\" content=\"index, follow, max-snippet:-1, max-image-preview:large, max-video-preview:-1\" \/>\n<link rel=\"canonical\" href=\"https:\/\/medicinasinc.com\/pl\/product\/kup-imovane-zopiklon-7-5-mg\/\" \/>\n<meta property=\"og:locale\" content=\"en_US\" \/>\n<meta property=\"og:type\" content=\"article\" \/>\n<meta property=\"og:title\" content=\"Kup Imovane Zopiclone 7,5 mg - najlepszy \u015bwiatowy lek\" \/>\n<meta property=\"og:description\" content=\"kup tabletki zopiclone 7,5 mg online, kup zopiclone 7,5 mg uk, kup zopiclone online, kup zopiclone eu, kup zopiclone polska, kup zopiclone uk, zopiclone amazon, kup tabletki zopiclone 7,5 mg dostawa nast\u0119pnego dnia,\" \/>\n<meta property=\"og:url\" content=\"https:\/\/medicinasinc.com\/pl\/product\/kup-imovane-zopiklon-7-5-mg\/\" \/>\n<meta property=\"og:site_name\" content=\"Medicinas Inc\" \/>\n<meta property=\"article:modified_time\" content=\"2022-03-22T01:02:16+00:00\" \/>\n<meta property=\"og:image\" content=\"https:\/\/medicinasinc.com\/pl\/wp-content\/uploads\/sites\/13\/2022\/02\/Buy-Imovane-Zopiclone-7.5-mg.jpg\" \/>\n\t<meta property=\"og:image:width\" content=\"570\" \/>\n\t<meta property=\"og:image:height\" content=\"340\" \/>\n\t<meta property=\"og:image:type\" content=\"image\/jpeg\" \/>\n<meta name=\"twitter:card\" content=\"summary_large_image\" \/>\n<meta name=\"twitter:label1\" content=\"Est. reading time\" \/>\n\t<meta name=\"twitter:data1\" content=\"1 minute\" \/>\n<script type=\"application\/ld+json\" class=\"yoast-schema-graph\">{\"@context\":\"https:\\\/\\\/schema.org\",\"@graph\":[{\"@type\":\"WebPage\",\"@id\":\"https:\\\/\\\/medicinasinc.com\\\/pl\\\/product\\\/kup-imovane-zopiklon-7-5-mg\\\/\",\"url\":\"https:\\\/\\\/medicinasinc.com\\\/pl\\\/product\\\/kup-imovane-zopiklon-7-5-mg\\\/\",\"name\":\"Kup Imovane Zopiclone 7,5 mg - najlepszy \u015bwiatowy lek\",\"isPartOf\":{\"@id\":\"https:\\\/\\\/medicinasinc.com\\\/pl\\\/#website\"},\"primaryImageOfPage\":{\"@id\":\"https:\\\/\\\/medicinasinc.com\\\/pl\\\/product\\\/kup-imovane-zopiklon-7-5-mg\\\/#primaryimage\"},\"image\":{\"@id\":\"https:\\\/\\\/medicinasinc.com\\\/pl\\\/product\\\/kup-imovane-zopiklon-7-5-mg\\\/#primaryimage\"},\"thumbnailUrl\":\"https:\\\/\\\/medicinasinc.com\\\/pl\\\/wp-content\\\/uploads\\\/sites\\\/13\\\/2022\\\/02\\\/Buy-Imovane-Zopiclone-7.5-mg.jpg\",\"datePublished\":\"2022-02-20T21:58:44+00:00\",\"dateModified\":\"2022-03-22T01:02:16+00:00\",\"description\":\"kup tabletki zopiclone 7,5 mg online, kup zopiclone 7,5 mg uk, kup zopiclone online, kup zopiclone eu, kup zopiclone polska, kup zopiclone uk, zopiclone amazon, kup tabletki zopiclone 7,5 mg dostawa nast\u0119pnego dnia,\",\"breadcrumb\":{\"@id\":\"https:\\\/\\\/medicinasinc.com\\\/pl\\\/product\\\/kup-imovane-zopiklon-7-5-mg\\\/#breadcrumb\"},\"inLanguage\":\"en-US\",\"potentialAction\":[{\"@type\":\"ReadAction\",\"target\":[\"https:\\\/\\\/medicinasinc.com\\\/pl\\\/product\\\/kup-imovane-zopiklon-7-5-mg\\\/\"]}]},{\"@type\":\"ImageObject\",\"inLanguage\":\"en-US\",\"@id\":\"https:\\\/\\\/medicinasinc.com\\\/pl\\\/product\\\/kup-imovane-zopiklon-7-5-mg\\\/#primaryimage\",\"url\":\"https:\\\/\\\/medicinasinc.com\\\/pl\\\/wp-content\\\/uploads\\\/sites\\\/13\\\/2022\\\/02\\\/Buy-Imovane-Zopiclone-7.5-mg.jpg\",\"contentUrl\":\"https:\\\/\\\/medicinasinc.com\\\/pl\\\/wp-content\\\/uploads\\\/sites\\\/13\\\/2022\\\/02\\\/Buy-Imovane-Zopiclone-7.5-mg.jpg\",\"width\":570,\"height\":340},{\"@type\":\"BreadcrumbList\",\"@id\":\"https:\\\/\\\/medicinasinc.com\\\/pl\\\/product\\\/kup-imovane-zopiklon-7-5-mg\\\/#breadcrumb\",\"itemListElement\":[{\"@type\":\"ListItem\",\"position\":1,\"name\":\"Sklep\",\"item\":\"https:\\\/\\\/medicinasinc.com\\\/pl\\\/sklep\\\/\"},{\"@type\":\"ListItem\",\"position\":2,\"name\":\"Kup Imovane Zopiklon 7,5 mg\"}]},{\"@type\":\"WebSite\",\"@id\":\"https:\\\/\\\/medicinasinc.com\\\/pl\\\/#website\",\"url\":\"https:\\\/\\\/medicinasinc.com\\\/pl\\\/\",\"name\":\"Medicinas Inc\",\"description\":\"Health Medical Clinic\",\"potentialAction\":[{\"@type\":\"SearchAction\",\"target\":{\"@type\":\"EntryPoint\",\"urlTemplate\":\"https:\\\/\\\/medicinasinc.com\\\/pl\\\/?s={search_term_string}\"},\"query-input\":{\"@type\":\"PropertyValueSpecification\",\"valueRequired\":true,\"valueName\":\"search_term_string\"}}],\"inLanguage\":\"en-US\"}]}<\/script>\n<!-- \/ Yoast SEO plugin. -->","yoast_head_json":{"title":"Kup Imovane Zopiclone 7,5 mg - najlepszy \u015bwiatowy lek","description":"kup tabletki zopiclone 7,5 mg online, kup zopiclone 7,5 mg uk, kup zopiclone online, kup zopiclone eu, kup zopiclone polska, kup zopiclone uk, zopiclone amazon, kup tabletki zopiclone 7,5 mg dostawa nast\u0119pnego dnia,","robots":{"index":"index","follow":"follow","max-snippet":"max-snippet:-1","max-image-preview":"max-image-preview:large","max-video-preview":"max-video-preview:-1"},"canonical":"https:\/\/medicinasinc.com\/pl\/product\/kup-imovane-zopiklon-7-5-mg\/","og_locale":"en_US","og_type":"article","og_title":"Kup Imovane Zopiclone 7,5 mg - najlepszy \u015bwiatowy lek","og_description":"kup tabletki zopiclone 7,5 mg online, kup zopiclone 7,5 mg uk, kup zopiclone online, kup zopiclone eu, kup zopiclone polska, kup zopiclone uk, zopiclone amazon, kup tabletki zopiclone 7,5 mg dostawa nast\u0119pnego dnia,","og_url":"https:\/\/medicinasinc.com\/pl\/product\/kup-imovane-zopiklon-7-5-mg\/","og_site_name":"Medicinas Inc","article_modified_time":"2022-03-22T01:02:16+00:00","og_image":[{"width":570,"height":340,"url":"https:\/\/medicinasinc.com\/pl\/wp-content\/uploads\/sites\/13\/2022\/02\/Buy-Imovane-Zopiclone-7.5-mg.jpg","type":"image\/jpeg"}],"twitter_card":"summary_large_image","twitter_misc":{"Est. reading time":"1 minute"},"schema":{"@context":"https:\/\/schema.org","@graph":[{"@type":"WebPage","@id":"https:\/\/medicinasinc.com\/pl\/product\/kup-imovane-zopiklon-7-5-mg\/","url":"https:\/\/medicinasinc.com\/pl\/product\/kup-imovane-zopiklon-7-5-mg\/","name":"Kup Imovane Zopiclone 7,5 mg - najlepszy \u015bwiatowy lek","isPartOf":{"@id":"https:\/\/medicinasinc.com\/pl\/#website"},"primaryImageOfPage":{"@id":"https:\/\/medicinasinc.com\/pl\/product\/kup-imovane-zopiklon-7-5-mg\/#primaryimage"},"image":{"@id":"https:\/\/medicinasinc.com\/pl\/product\/kup-imovane-zopiklon-7-5-mg\/#primaryimage"},"thumbnailUrl":"https:\/\/medicinasinc.com\/pl\/wp-content\/uploads\/sites\/13\/2022\/02\/Buy-Imovane-Zopiclone-7.5-mg.jpg","datePublished":"2022-02-20T21:58:44+00:00","dateModified":"2022-03-22T01:02:16+00:00","description":"kup tabletki zopiclone 7,5 mg online, kup zopiclone 7,5 mg uk, kup zopiclone online, kup zopiclone eu, kup zopiclone polska, kup zopiclone uk, zopiclone amazon, kup tabletki zopiclone 7,5 mg dostawa nast\u0119pnego dnia,","breadcrumb":{"@id":"https:\/\/medicinasinc.com\/pl\/product\/kup-imovane-zopiklon-7-5-mg\/#breadcrumb"},"inLanguage":"en-US","potentialAction":[{"@type":"ReadAction","target":["https:\/\/medicinasinc.com\/pl\/product\/kup-imovane-zopiklon-7-5-mg\/"]}]},{"@type":"ImageObject","inLanguage":"en-US","@id":"https:\/\/medicinasinc.com\/pl\/product\/kup-imovane-zopiklon-7-5-mg\/#primaryimage","url":"https:\/\/medicinasinc.com\/pl\/wp-content\/uploads\/sites\/13\/2022\/02\/Buy-Imovane-Zopiclone-7.5-mg.jpg","contentUrl":"https:\/\/medicinasinc.com\/pl\/wp-content\/uploads\/sites\/13\/2022\/02\/Buy-Imovane-Zopiclone-7.5-mg.jpg","width":570,"height":340},{"@type":"BreadcrumbList","@id":"https:\/\/medicinasinc.com\/pl\/product\/kup-imovane-zopiklon-7-5-mg\/#breadcrumb","itemListElement":[{"@type":"ListItem","position":1,"name":"Sklep","item":"https:\/\/medicinasinc.com\/pl\/sklep\/"},{"@type":"ListItem","position":2,"name":"Kup Imovane Zopiklon 7,5 mg"}]},{"@type":"WebSite","@id":"https:\/\/medicinasinc.com\/pl\/#website","url":"https:\/\/medicinasinc.com\/pl\/","name":"Medicinas Inc","description":"Health Medical Clinic","potentialAction":[{"@type":"SearchAction","target":{"@type":"EntryPoint","urlTemplate":"https:\/\/medicinasinc.com\/pl\/?s={search_term_string}"},"query-input":{"@type":"PropertyValueSpecification","valueRequired":true,"valueName":"search_term_string"}}],"inLanguage":"en-US"}]}},"_links":{"self":[{"href":"https:\/\/medicinasinc.com\/pl\/wp-json\/wp\/v2\/product\/5208","targetHints":{"allow":["GET"]}}],"collection":[{"href":"https:\/\/medicinasinc.com\/pl\/wp-json\/wp\/v2\/product"}],"about":[{"href":"https:\/\/medicinasinc.com\/pl\/wp-json\/wp\/v2\/types\/product"}],"replies":[{"embeddable":true,"href":"https:\/\/medicinasinc.com\/pl\/wp-json\/wp\/v2\/comments?post=5208"}],"wp:featuredmedia":[{"embeddable":true,"href":"https:\/\/medicinasinc.com\/pl\/wp-json\/wp\/v2\/media\/5226"}],"wp:attachment":[{"href":"https:\/\/medicinasinc.com\/pl\/wp-json\/wp\/v2\/media?parent=5208"}],"wp:term":[{"taxonomy":"product_brand","embeddable":true,"href":"https:\/\/medicinasinc.com\/pl\/wp-json\/wp\/v2\/product_brand?post=5208"},{"taxonomy":"product_cat","embeddable":true,"href":"https:\/\/medicinasinc.com\/pl\/wp-json\/wp\/v2\/product_cat?post=5208"},{"taxonomy":"product_tag","embeddable":true,"href":"https:\/\/medicinasinc.com\/pl\/wp-json\/wp\/v2\/product_tag?post=5208"}],"curies":[{"name":"wp","href":"https:\/\/api.w.org\/{rel}","templated":true}]}}