{"id":5207,"date":"2022-02-20T21:57:05","date_gmt":"2022-02-20T21:57:05","guid":{"rendered":"https:\/\/medicinasinc.com\/pl\/?post_type=product&#038;p=5207"},"modified":"2022-03-22T01:02:26","modified_gmt":"2022-03-22T01:02:26","slug":"kup-imitrex-sumatryptan-100-mg","status":"publish","type":"product","link":"https:\/\/medicinasinc.com\/pl\/product\/kup-imitrex-sumatryptan-100-mg\/","title":{"rendered":"Kup imitrex Sumatryptan 100 mg"},"content":{"rendered":"<div class=\"product-next-previous\">\n<div class=\"product-prev\">\n<p>Kup tabletki Imitrex 100 mg przez Internet Informacje o Imitrexie (markowe i og\u00f3lne)<\/p>\n<p>Bestglobalmeds.com obecnie sprzedaje marka Imitrex, powszechnie znana jako Imigran, produkowana przez GSK w Turcji i Aspen w Australii. Dodatkowo posiadamy mark\u0119 GSK Imitrex z Kanady. Sumatryptan jest og\u00f3lnie dost\u0119pny w Pharma Science w Kanadzie, Sun Pharma w Indiach (Suminat) oraz Dexcel Pharma i Accord Pharma w Wielkiej Brytanii.<\/p>\n<p>Dawkowanie<\/p>\n<p>Imitrex jest dost\u0119pny w r\u00f3\u017cnych receptury i poziomy dawkowania. Imitrex i Sumatryptan s\u0105 dost\u0119pne w postaci tabletek 50 mg i 100 mg. Dodatkowo oferujemy generyczne tabletki Imitrex 25 mg. Ponadto marka Imitrex jest dost\u0119pna w postaci aerozoli do nosa 20 mg, fiolek do wstrzykiwa\u0144 6 mg\/0,5 ml, zestaw\u00f3w startowych z dawk\u0105 statystyczn\u0105 i wk\u0142ad\u00f3w z dawk\u0105 statystyczn\u0105.<\/p>\n<p>Zastosowanie<\/p>\n<p>Imitrex (sumatryptan) to lek stosowany w leczeniu migrenowych b\u00f3l\u00f3w g\u0142owy. Imitrex nie zapobiega migrenom ani nie zmniejsza ich cz\u0119sto\u015bci. Stosuje si\u0119 go tylko w leczeniu objaw\u00f3w migreny, kt\u00f3re ju\u017c si\u0119 rozpocz\u0119\u0142y. Pomaga w \u0142agodzeniu b\u00f3l\u00f3w g\u0142owy, dyskomfortu i innych objaw\u00f3w migreny, takich jak nudno\u015bci, wymioty oraz wra\u017cliwo\u015b\u0107 na \u015bwiat\u0142o lub d\u017awi\u0119k. Sumatryptan jest cz\u0142onkiem klasy lek\u00f3w tryptanowych. Lek ten dzia\u0142a poprzez ingerencj\u0119 w naturalnie wyst\u0119puj\u0105c\u0105 substancj\u0119 chemiczn\u0105 (serotonin\u0119), kt\u00f3ra powoduje zw\u0119\u017cenie t\u0119tnic m\u00f3zgowych. Dodatkowo \u0142agodzi b\u00f3l, wp\u0142ywaj\u0105c na okre\u015blone nerwy w m\u00f3zgu.<\/p>\n<p>Konsekwencje<\/p>\n<p>Natychmiast skonsultuj si\u0119 z lekarzem, je\u015bli wyst\u0105pi kt\u00f3rykolwiek z nast\u0119puj\u0105cych powa\u017cnych dzia\u0142a\u0144 niepo\u017c\u0105danych: klatka piersiowa, szcz\u0119ka lub lewa strona. b\u00f3l ramienia; krwawa biegunka; p\u00f3\u0142omdla\u0142y; szybkie, nieregularne bicie serca; problemy psychiczne\/nastrojowe; silny b\u00f3l \u017co\u0142\u0105dka\/brzucha; silny b\u00f3l w klatce piersiowej; drgawki; be\u0142kotliwa wymowa; zmiany wizualne. Poni\u017cej wymieniono niekt\u00f3re z najcz\u0119\u015bciej wyst\u0119puj\u0105cych dzia\u0142a\u0144 niepo\u017c\u0105danych: \u2022 Zawroty g\u0142owy i senno\u015b\u0107; \u2022 Mrowienie\/dr\u0119twienie\/k\u0142ucie\/uczucie ciep\u0142a; \u2022 Zaczerwienienie.<br \/> \u2022 Podwy\u017cszone ci\u015bnienie krwi \u2014 Regularnie sprawdzaj ci\u015bnienie krwi, aby zapewni\u0107 bezpiecze\u0144stwo;<br \/> \u2022 Wyczerpanie; \u2022 S\u0142abo\u015b\u0107<\/p>\n<p>Przeciwwskazania i interakcje<\/p>\n<p>Imitrex nie powinien by\u0107 stosowany w leczeniu napi\u0119ciowego b\u00f3lu g\u0142owy lub takiego, kt\u00f3ry powoduje utrat\u0119 ruchu po jednej stronie cia\u0142a. Nie nale\u017cy stosowa\u0107 leku Imitrex, je\u015bli pacjent ma uczulenie na sumatryptan lub je\u015bli u pacjenta wyst\u0119puj\u0105 nast\u0119puj\u0105ce schorzenia: \u2022 Przebyty zawa\u0142 serca lub udar m\u00f3zgu; \u2022 Niekt\u00f3re zaburzenia rytmu serca; \u2022 Problemy z kr\u0105\u017ceniem skutkuj\u0105ce brakiem dop\u0142ywu krwi do organizmu; \u2022 Problemy sercowe; \u2022 Choroba w\u0105troby lub nerek; \u2022 Niekontrolowane wysokie ci\u015bnienie krwi;<\/p>\n<p>Imitrex nie powinien by\u0107 przyjmowany w ci\u0105gu 24 godzin od zastosowania jakiegokolwiek innego leczenia migrenowego b\u00f3lu g\u0142owy. Poinformuj swojego lekarza o wszystkich aktualnie przyjmowanych lekach, w tym o lekach na recept\u0119, dost\u0119pnych bez recepty i lekach zio\u0142owych, w tym o inhibitorach MAO, selektywnych inhibitorach wychwytu zwrotnego serotoniny i inhibitorach wychwytu zwrotnego noradrenaliny. Sumatryptan mo\u017ce powodowa\u0107 zawroty g\u0142owy lub senno\u015b\u0107. Alkohol lub marihuana mog\u0105 nasila\u0107 zawroty g\u0142owy lub senno\u015b\u0107. Unikaj prowadzenia pojazd\u00f3w, obs\u0142ugiwania maszyn lub wykonywania innych czynno\u015bci wymagaj\u0105cych czujno\u015bci. Spo\u017cywaj napoje alkoholowe z umiarem. Nie stwierdzono, aby Imitrex powodowa\u0142 szkody u nienarodzonego dziecka. Je\u015bli jeste\u015b w ci\u0105\u017cy, skonsultuj si\u0119 z lekarzem. Sumatryptan przenika do mleka matki i mo\u017ce powodowa\u0107 uszkodzenia karmionego niemowl\u0119cia. Nale\u017cy unika\u0107 karmienia piersi\u0105 przez 12 godzin po zastosowaniu leku Imitrex. Imitrex nie jest zalecany do stosowania przez osoby poni\u017cej 18 roku \u017cycia.<\/p>\n<p>Pytania i odpowiedzi<br \/> Dlaczego Imitrex jest ta\u0144szy w Kanadzie ni\u017c w Stanach Zjednoczonych?<\/p>\n<p>Og\u00f3lnie , wszystkie ceny lek\u00f3w, nie tylko Imitrex, s\u0105 bardziej rozs\u0105dne w przypadku zakupu w Kanadzie, poniewa\u017c rz\u0105d reguluje ceny zar\u00f3wno lek\u00f3w markowych, jak i generycznych. Ponadto, od momentu powstania w 2006 roku, naszym celem by\u0142o dostarczanie bezpiecznych i niedrogich lek\u00f3w mieszka\u0144com Stan\u00f3w Zjednoczonych.<\/p>\n<p>Czy zakup Imitrexu w Twojej aptece jest bezpieczny?<\/p>\n<p>Nasze produkty pochodz\u0105 wy\u0142\u0105cznie z obiekt\u00f3w, kt\u00f3re zosta\u0142y certyfikowane przez w\u0142adze w krajach, z kt\u00f3rych s\u0105 importowane. CanadaPharmacyOnline.com stosuje rygorystyczn\u0105 procedur\u0119 selekcji dla naszych partner\u00f3w, aby zapewni\u0107, \u017ce nasi klienci otrzymuj\u0105 najbezpieczniejsze mo\u017cliwe leki. Ponadto jeste\u015bmy certyfikowan\u0105 aptek\u0105 kanadyjsk\u0105, kt\u00f3ra jest zgodna ze wszystkimi przepisami prowincjonalnymi.<\/p>\n<p>Ile kosztuje generyczny Imitrex 100 mg w Twojej aptece?<\/p>\n<p>Generyczny Imitrex 100 mg jest dost\u0119pny za tak nisk\u0105 cen\u0119 28,99 USD za 12 tabletek, podczas gdy dawka 50 mg jest dost\u0119pna ju\u017c za 57,99 USD za 18 tabletek.<\/p>\n<p>Ile kosztuje tabletka?<\/p>\n<p>Imitrex 100 mg jest dost\u0119pny w postaci generycznej formularz za 2,27 USD za tablet iw formie markowej za 8,67 USD za tablet w naszej aptece.<\/p>\n<p>Ile kosztuje wysy\u0142ka?<\/p>\n<p>Nasza rycza\u0142towa cena dostawy wynosi 10,00 USD za zam\u00f3wienie. Nasza apteka dok\u0142ada wszelkich stara\u0144, aby zapewni\u0107 najni\u017csze mo\u017cliwe ceny produkt\u00f3w wysokiej jako\u015bci.<\/p>\n<p>Jak z\u0142o\u017cy\u0107 zam\u00f3wienie w Twojej aptece?<\/p>\n<p>Zam\u00f3wienie Imitrexu u nas jest naprawd\u0119 \u0142atwe. . Mo\u017cesz z\u0142o\u017cy\u0107 zam\u00f3wienie online lub telefonicznie w Biurze Obs\u0142ugi Klienta. Odwied\u017a nasz\u0105 stron\u0119 Jak zamawia\u0107, aby uzyska\u0107 dodatkowe informacje lub rozpocz\u0105\u0107 proces zamawiania.<\/p>\n<p>Czy cena Imitrexu jest konkurencyjna?<\/p>\n<p>Tak, jeste\u015bmy dumni, \u017ce oferujemy jedne z najni\u017cszych dost\u0119pnych cen w kanadyjskich aptekach. W rzadkich sytuacjach mo\u017cemy by\u0107 w stanie zr\u00f3wna\u0107 lub przebi\u0107 ceny naszych konkurent\u00f3w. Prosimy o kontakt z nasz\u0105 uprzejm\u0105 obs\u0142ug\u0105 klienta pod numerem 1866.920.3784.<\/p>\n<p>Czy mog\u0119 kupi\u0107 Imitrex bez recepty?<\/p>\n<p>Nie, Imitrex jest dost\u0119pny tylko z wa\u017cn\u0105 recept\u0105 wystawion\u0105 przez lekarza. Bez wa\u017cnej recepty nie sprzedajemy tego produktu.<\/p>\n<p>Imitrex 50 mg vs. Imitrex 100 mg: Jaka jest r\u00f3\u017cnica?<\/p>\n<p>R\u00f3\u017cnica w dawce odzwierciedla ilo\u015b\u0107 aktywnego sk\u0142adnika(\u00f3w) ) zawartych w leku.<\/p>\n<p>Mechanizm dzia\u0142ania Imitrexu<\/p>\n<\/p><\/div><\/div>\n<div class=\"product-next-previous\">\n<div class=\"product-prev\"><\/div><\/div>\n","protected":false},"excerpt":{"rendered":"<div class=\"woocommerce-product-details__short-description\">\n<p>Pigu\u0142ki Imitrex Sumatriptan 100 mg mo\u017cna kupi\u0107 online. IMITREX jest agonist\u0105 receptora serotoninowego 5-HT1B\/1D (tryptan) zatwierdzonym do natychmiastowego leczenia migreny u doros\u0142ych z aur\u0105 lub bez.<\/p>\n<p>Sumatryptan mo\u017cna kupi\u0107 online w naszej internetowej aptece zarejestrowanej w Wielkiej Brytanii.<\/p>\n<p> p&gt; <\/p>\n<p>Sumatryptan to lek na migren\u0119 o szybkim pocz\u0105tku dzia\u0142ania. Gwarantowana najni\u017csza cena w Wielkiej Brytanii.<\/p>\n<p>Tabletki przeciwmigrenowe sumatryptanem mo\u017cna bezpiecznie i bezpiecznie kupi\u0107 online w aptece w Wielkiej Brytanii.<\/p>\n<p>Sumatryptan to generyczna forma Imigranu, kt\u00f3ra jest ta\u0144sza. <\/p>\n<p>Kup Imitrex (sumatryptan) ze zni\u017ck\u0105 w licencjonowanej aptece Best global meds&#8230;. 50mg100mg<\/p>\n<p>Kup Imitrex online ju\u017c dzi\u015b w naszej kanadyjskiej aptece!<\/p>\n<\/p><\/div>\n","protected":false},"featured_media":5224,"comment_status":"open","ping_status":"closed","template":"","meta":[],"product_brand":[],"product_cat":[1117],"product_tag":[1357,1343,1340,1347,1355,1359,1361,1341,1342,1344,1345,1346,1360,1339,1338,1356,1351,1352,1353,1354,1348,1349,1350,1358],"class_list":{"0":"post-5207","1":"product","2":"type-product","3":"status-publish","4":"has-post-thumbnail","6":"product_cat-kup-tabletki-na-bol-spanie-seks","7":"product_tag-sumatryptan-bursztynian-imitrex","8":"product_tag-imitrex-sumatryptanu-bursztynian","9":"product_tag-czy-imitrex-generyczny-sumatryptan","10":"product_tag-czy-sumatryptan-jest-taki-sam-jak-imitrex","11":"product_tag-sumatryptan-bez-przepisw-usa","12":"product_tag-co-to-sumatryptan-100-mg-uywany-dla","13":"product_tag-gdzie-kupi-sumatryptan-bez-recepty","14":"product_tag-imitrex-nosa-spray-sumatryptan","15":"product_tag-imitrex-sumatriptan","16":"product_tag-imitrex-vs-sumatryptan","17":"product_tag-injection-sumatriptan-imitrex","18":"product_tag-is-sumatriptan-imitrex","19":"product_tag-kiedy-naley-unika-sumatryptanu-imitreksu","20":"product_tag-kup-sumatryptan-online-usa","21":"product_tag-a-pacjent-cierpi-na-migren-bl-gowy-co-jest-dziaaniem-sumatryptanu-imitrex","22":"product_tag-skutki-uboczne-sumatryptanu","23":"product_tag-sumatriptan-50mg","24":"product_tag-sumatriptan-imitrex","25":"product_tag-sumatriptan-imitrex-patch","26":"product_tag-sumatriptan-imitrex-treximet","27":"product_tag-sumatryptan-imitrex-50-mg-tabletka-cena","28":"product_tag-sumatryptan-100-mg-online","29":"product_tag-sumatryptan-50-mg-free-receptury","30":"product_tag-sumatryptan-vs-imitrex","32":"first","33":"instock","34":"shipping-taxable","35":"purchasable","36":"product-type-variable","37":"has-default-attributes"},"yoast_head":"<!-- This site is optimized with the Yoast SEO plugin v27.3 - https:\/\/yoast.com\/product\/yoast-seo-wordpress\/ -->\n<title>Kup imitrex Sumatryptan 100 mg - Najlepsze leki na \u015bwiecie<\/title>\n<meta name=\"description\" content=\"Kup tabletki na migren\u0119 imitrex Sumatriptan100 mg bezpiecznie i bezpiecznie w aptece internetowej w Wielkiej Brytanii. Sumatryptan to generyczna, ta\u0144sza wersja Imigranu.\" \/>\n<meta name=\"robots\" content=\"index, follow, max-snippet:-1, max-image-preview:large, max-video-preview:-1\" \/>\n<link rel=\"canonical\" href=\"https:\/\/medicinasinc.com\/pl\/product\/kup-imitrex-sumatryptan-100-mg\/\" \/>\n<meta property=\"og:locale\" content=\"en_US\" \/>\n<meta property=\"og:type\" content=\"article\" \/>\n<meta property=\"og:title\" content=\"Kup imitrex Sumatryptan 100 mg - Najlepsze leki na \u015bwiecie\" \/>\n<meta property=\"og:description\" content=\"Kup tabletki na migren\u0119 imitrex Sumatriptan100 mg bezpiecznie i bezpiecznie w aptece internetowej w Wielkiej Brytanii. Sumatryptan to generyczna, ta\u0144sza wersja Imigranu.\" \/>\n<meta property=\"og:url\" content=\"https:\/\/medicinasinc.com\/pl\/product\/kup-imitrex-sumatryptan-100-mg\/\" \/>\n<meta property=\"og:site_name\" content=\"Medicinas Inc\" \/>\n<meta property=\"article:modified_time\" content=\"2022-03-22T01:02:26+00:00\" \/>\n<meta property=\"og:image\" content=\"https:\/\/medicinasinc.com\/pl\/wp-content\/uploads\/sites\/13\/2022\/02\/Buy-imitrex-Sumatriptan-100-mg.jpg\" \/>\n\t<meta property=\"og:image:width\" content=\"846\" \/>\n\t<meta property=\"og:image:height\" content=\"600\" \/>\n\t<meta property=\"og:image:type\" content=\"image\/jpeg\" \/>\n<meta name=\"twitter:card\" content=\"summary_large_image\" \/>\n<meta name=\"twitter:label1\" content=\"Est. reading time\" \/>\n\t<meta name=\"twitter:data1\" content=\"4 minutes\" \/>\n<script type=\"application\/ld+json\" class=\"yoast-schema-graph\">{\"@context\":\"https:\\\/\\\/schema.org\",\"@graph\":[{\"@type\":\"WebPage\",\"@id\":\"https:\\\/\\\/medicinasinc.com\\\/pl\\\/product\\\/kup-imitrex-sumatryptan-100-mg\\\/\",\"url\":\"https:\\\/\\\/medicinasinc.com\\\/pl\\\/product\\\/kup-imitrex-sumatryptan-100-mg\\\/\",\"name\":\"Kup imitrex Sumatryptan 100 mg - Najlepsze leki na \u015bwiecie\",\"isPartOf\":{\"@id\":\"https:\\\/\\\/medicinasinc.com\\\/pl\\\/#website\"},\"primaryImageOfPage\":{\"@id\":\"https:\\\/\\\/medicinasinc.com\\\/pl\\\/product\\\/kup-imitrex-sumatryptan-100-mg\\\/#primaryimage\"},\"image\":{\"@id\":\"https:\\\/\\\/medicinasinc.com\\\/pl\\\/product\\\/kup-imitrex-sumatryptan-100-mg\\\/#primaryimage\"},\"thumbnailUrl\":\"https:\\\/\\\/medicinasinc.com\\\/pl\\\/wp-content\\\/uploads\\\/sites\\\/13\\\/2022\\\/02\\\/Buy-imitrex-Sumatriptan-100-mg.jpg\",\"datePublished\":\"2022-02-20T21:57:05+00:00\",\"dateModified\":\"2022-03-22T01:02:26+00:00\",\"description\":\"Kup tabletki na migren\u0119 imitrex Sumatriptan100 mg bezpiecznie i bezpiecznie w aptece internetowej w Wielkiej Brytanii. Sumatryptan to generyczna, ta\u0144sza wersja Imigranu.\",\"breadcrumb\":{\"@id\":\"https:\\\/\\\/medicinasinc.com\\\/pl\\\/product\\\/kup-imitrex-sumatryptan-100-mg\\\/#breadcrumb\"},\"inLanguage\":\"en-US\",\"potentialAction\":[{\"@type\":\"ReadAction\",\"target\":[\"https:\\\/\\\/medicinasinc.com\\\/pl\\\/product\\\/kup-imitrex-sumatryptan-100-mg\\\/\"]}]},{\"@type\":\"ImageObject\",\"inLanguage\":\"en-US\",\"@id\":\"https:\\\/\\\/medicinasinc.com\\\/pl\\\/product\\\/kup-imitrex-sumatryptan-100-mg\\\/#primaryimage\",\"url\":\"https:\\\/\\\/medicinasinc.com\\\/pl\\\/wp-content\\\/uploads\\\/sites\\\/13\\\/2022\\\/02\\\/Buy-imitrex-Sumatriptan-100-mg.jpg\",\"contentUrl\":\"https:\\\/\\\/medicinasinc.com\\\/pl\\\/wp-content\\\/uploads\\\/sites\\\/13\\\/2022\\\/02\\\/Buy-imitrex-Sumatriptan-100-mg.jpg\",\"width\":846,\"height\":600},{\"@type\":\"BreadcrumbList\",\"@id\":\"https:\\\/\\\/medicinasinc.com\\\/pl\\\/product\\\/kup-imitrex-sumatryptan-100-mg\\\/#breadcrumb\",\"itemListElement\":[{\"@type\":\"ListItem\",\"position\":1,\"name\":\"Sklep\",\"item\":\"https:\\\/\\\/medicinasinc.com\\\/pl\\\/sklep\\\/\"},{\"@type\":\"ListItem\",\"position\":2,\"name\":\"Kup imitrex Sumatryptan 100 mg\"}]},{\"@type\":\"WebSite\",\"@id\":\"https:\\\/\\\/medicinasinc.com\\\/pl\\\/#website\",\"url\":\"https:\\\/\\\/medicinasinc.com\\\/pl\\\/\",\"name\":\"Medicinas Inc\",\"description\":\"Health Medical Clinic\",\"potentialAction\":[{\"@type\":\"SearchAction\",\"target\":{\"@type\":\"EntryPoint\",\"urlTemplate\":\"https:\\\/\\\/medicinasinc.com\\\/pl\\\/?s={search_term_string}\"},\"query-input\":{\"@type\":\"PropertyValueSpecification\",\"valueRequired\":true,\"valueName\":\"search_term_string\"}}],\"inLanguage\":\"en-US\"}]}<\/script>\n<!-- \/ Yoast SEO plugin. -->","yoast_head_json":{"title":"Kup imitrex Sumatryptan 100 mg - Najlepsze leki na \u015bwiecie","description":"Kup tabletki na migren\u0119 imitrex Sumatriptan100 mg bezpiecznie i bezpiecznie w aptece internetowej w Wielkiej Brytanii. Sumatryptan to generyczna, ta\u0144sza wersja Imigranu.","robots":{"index":"index","follow":"follow","max-snippet":"max-snippet:-1","max-image-preview":"max-image-preview:large","max-video-preview":"max-video-preview:-1"},"canonical":"https:\/\/medicinasinc.com\/pl\/product\/kup-imitrex-sumatryptan-100-mg\/","og_locale":"en_US","og_type":"article","og_title":"Kup imitrex Sumatryptan 100 mg - Najlepsze leki na \u015bwiecie","og_description":"Kup tabletki na migren\u0119 imitrex Sumatriptan100 mg bezpiecznie i bezpiecznie w aptece internetowej w Wielkiej Brytanii. Sumatryptan to generyczna, ta\u0144sza wersja Imigranu.","og_url":"https:\/\/medicinasinc.com\/pl\/product\/kup-imitrex-sumatryptan-100-mg\/","og_site_name":"Medicinas Inc","article_modified_time":"2022-03-22T01:02:26+00:00","og_image":[{"width":846,"height":600,"url":"https:\/\/medicinasinc.com\/pl\/wp-content\/uploads\/sites\/13\/2022\/02\/Buy-imitrex-Sumatriptan-100-mg.jpg","type":"image\/jpeg"}],"twitter_card":"summary_large_image","twitter_misc":{"Est. reading time":"4 minutes"},"schema":{"@context":"https:\/\/schema.org","@graph":[{"@type":"WebPage","@id":"https:\/\/medicinasinc.com\/pl\/product\/kup-imitrex-sumatryptan-100-mg\/","url":"https:\/\/medicinasinc.com\/pl\/product\/kup-imitrex-sumatryptan-100-mg\/","name":"Kup imitrex Sumatryptan 100 mg - Najlepsze leki na \u015bwiecie","isPartOf":{"@id":"https:\/\/medicinasinc.com\/pl\/#website"},"primaryImageOfPage":{"@id":"https:\/\/medicinasinc.com\/pl\/product\/kup-imitrex-sumatryptan-100-mg\/#primaryimage"},"image":{"@id":"https:\/\/medicinasinc.com\/pl\/product\/kup-imitrex-sumatryptan-100-mg\/#primaryimage"},"thumbnailUrl":"https:\/\/medicinasinc.com\/pl\/wp-content\/uploads\/sites\/13\/2022\/02\/Buy-imitrex-Sumatriptan-100-mg.jpg","datePublished":"2022-02-20T21:57:05+00:00","dateModified":"2022-03-22T01:02:26+00:00","description":"Kup tabletki na migren\u0119 imitrex Sumatriptan100 mg bezpiecznie i bezpiecznie w aptece internetowej w Wielkiej Brytanii. Sumatryptan to generyczna, ta\u0144sza wersja Imigranu.","breadcrumb":{"@id":"https:\/\/medicinasinc.com\/pl\/product\/kup-imitrex-sumatryptan-100-mg\/#breadcrumb"},"inLanguage":"en-US","potentialAction":[{"@type":"ReadAction","target":["https:\/\/medicinasinc.com\/pl\/product\/kup-imitrex-sumatryptan-100-mg\/"]}]},{"@type":"ImageObject","inLanguage":"en-US","@id":"https:\/\/medicinasinc.com\/pl\/product\/kup-imitrex-sumatryptan-100-mg\/#primaryimage","url":"https:\/\/medicinasinc.com\/pl\/wp-content\/uploads\/sites\/13\/2022\/02\/Buy-imitrex-Sumatriptan-100-mg.jpg","contentUrl":"https:\/\/medicinasinc.com\/pl\/wp-content\/uploads\/sites\/13\/2022\/02\/Buy-imitrex-Sumatriptan-100-mg.jpg","width":846,"height":600},{"@type":"BreadcrumbList","@id":"https:\/\/medicinasinc.com\/pl\/product\/kup-imitrex-sumatryptan-100-mg\/#breadcrumb","itemListElement":[{"@type":"ListItem","position":1,"name":"Sklep","item":"https:\/\/medicinasinc.com\/pl\/sklep\/"},{"@type":"ListItem","position":2,"name":"Kup imitrex Sumatryptan 100 mg"}]},{"@type":"WebSite","@id":"https:\/\/medicinasinc.com\/pl\/#website","url":"https:\/\/medicinasinc.com\/pl\/","name":"Medicinas Inc","description":"Health Medical Clinic","potentialAction":[{"@type":"SearchAction","target":{"@type":"EntryPoint","urlTemplate":"https:\/\/medicinasinc.com\/pl\/?s={search_term_string}"},"query-input":{"@type":"PropertyValueSpecification","valueRequired":true,"valueName":"search_term_string"}}],"inLanguage":"en-US"}]}},"_links":{"self":[{"href":"https:\/\/medicinasinc.com\/pl\/wp-json\/wp\/v2\/product\/5207","targetHints":{"allow":["GET"]}}],"collection":[{"href":"https:\/\/medicinasinc.com\/pl\/wp-json\/wp\/v2\/product"}],"about":[{"href":"https:\/\/medicinasinc.com\/pl\/wp-json\/wp\/v2\/types\/product"}],"replies":[{"embeddable":true,"href":"https:\/\/medicinasinc.com\/pl\/wp-json\/wp\/v2\/comments?post=5207"}],"wp:featuredmedia":[{"embeddable":true,"href":"https:\/\/medicinasinc.com\/pl\/wp-json\/wp\/v2\/media\/5224"}],"wp:attachment":[{"href":"https:\/\/medicinasinc.com\/pl\/wp-json\/wp\/v2\/media?parent=5207"}],"wp:term":[{"taxonomy":"product_brand","embeddable":true,"href":"https:\/\/medicinasinc.com\/pl\/wp-json\/wp\/v2\/product_brand?post=5207"},{"taxonomy":"product_cat","embeddable":true,"href":"https:\/\/medicinasinc.com\/pl\/wp-json\/wp\/v2\/product_cat?post=5207"},{"taxonomy":"product_tag","embeddable":true,"href":"https:\/\/medicinasinc.com\/pl\/wp-json\/wp\/v2\/product_tag?post=5207"}],"curies":[{"name":"wp","href":"https:\/\/api.w.org\/{rel}","templated":true}]}}