{"id":5184,"date":"2022-02-20T21:36:32","date_gmt":"2022-02-20T21:36:32","guid":{"rendered":"https:\/\/medicinasinc.com\/pl\/?post_type=product&#038;p=5184"},"modified":"2022-03-22T01:02:42","modified_gmt":"2022-03-22T01:02:42","slug":"kup-hydrokodon-10-325-mg","status":"publish","type":"product","link":"https:\/\/medicinasinc.com\/pl\/product\/kup-hydrokodon-10-325-mg\/","title":{"rendered":"Kup hydrokodon 10\/325 mg"},"content":{"rendered":"<p>Gdzie kupi\u0107 hydrokodon 10\/325 mg?<\/p>\n<p>Poniewa\u017c hydrokodon jest silnym \u015brodkiem przeciwb\u00f3lowym, mo\u017cna go kupi\u0107 online bez recepty. Mak lekarski dostarcza kodein\u0119, kt\u00f3rej u\u017cywa si\u0119 do produkcji tego leku. Kiedy hydrokodon jest wytwarzany z kodeiny, dzia\u0142anie \u0142agodz\u0105ce b\u00f3l jest silniejsze i trwa d\u0142u\u017cej. W rezultacie lekarze cz\u0119sto przepisuj\u0105 hydrokodon zamiast kodeiny w celu leczenia silnego b\u00f3lu.<\/p>\n<p>W m\u00f3zgu hydrokodon zmienia r\u00f3wnowag\u0119 chemiczn\u0105, blokuj\u0105c dzia\u0142anie receptor\u00f3w b\u00f3lu, a tym samym \u0142agodz\u0105c odczuwanie b\u00f3lu przez u\u017cytkownika. <\/p>\n<p>Ze wzgl\u0119du na ostry i przewlek\u0142y charakter b\u00f3lu zwi\u0105zanego ze z\u0142amaniem, hydrokodon jest jedn\u0105 z najlepszych metod leczenia. Kiedy ludzie nie mog\u0105 spa\u0107 w nocy z powodu b\u00f3lu, hydrokodon mo\u017ce pom\u00f3c im si\u0119 zrelaksowa\u0107 i pozwoli\u0107 im odpocz\u0105\u0107 przez kilka godzin.<\/p>\n<p>Hydrokodon powinien by\u0107 przyjmowany tylko przez tych, kt\u00f3rzy odczuwaj\u0105 b\u00f3l jako \u015brodek przeciwb\u00f3lowy. wynik z\u0142ama\u0144 ko\u015bci, zgodnie z opini\u0105 lekarsk\u0105. Osoby cierpi\u0105ce na inne rodzaje b\u00f3lu, takie jak skurcze, owrzodzenia lub szwy po operacji, nadal mog\u0105 to znie\u015b\u0107. Hydrokodon jest jednym z najskuteczniejszych \u015brodk\u00f3w przeciwb\u00f3lowych w ka\u017cdej z tych sytuacji.<\/p>\n<p>Dawki hydrokodonu musz\u0105 by\u0107 dok\u0142adnie monitorowane. Ten lek mo\u017ce powodowa\u0107 powa\u017cne skutki uboczne, je\u015bli zostanie u\u017cyty w niew\u0142a\u015bciwej ilo\u015bci. Uzale\u017cnienie od tego leku jest cz\u0119stym skutkiem ubocznym przyjmowania nieprawid\u0142owych dawek. Ze wzgl\u0119du na du\u017cy potencja\u0142 nadu\u017cywania i uzale\u017cnienia hydrokodon nale\u017cy stosowa\u0107 oszcz\u0119dnie i rzadko. Hydrokodon powinien by\u0107 przyjmowany nie wi\u0119cej ni\u017c 20 mg dziennie przez osoby cierpi\u0105ce na przewlek\u0142y b\u00f3l. Ka\u017cda dawka powy\u017cej tej dawki mo\u017ce prowadzi\u0107 do uzale\u017cnienia i ostatecznie uzale\u017cnienia.<\/p>\n<p>\u015arodki ostro\u017cno\u015bci dotycz\u0105ce hydrokodonu obejmuj\u0105 upewnienie si\u0119, \u017ce przez ca\u0142y czas przyjmowana jest prawid\u0142owa dawka. Ten lek mo\u017ce powodowa\u0107 powa\u017cne negatywne skutki, je\u015bli zostanie przyj\u0119ty w niew\u0142a\u015bciwych ilo\u015bciach. Hydrokodonu nie powinny kupowa\u0107 osoby z astm\u0105 lub problemami z oddychaniem, poniewa\u017c sprzyja p\u0142ytkiemu oddychaniu, co mo\u017ce by\u0107 dla nich powa\u017cnym problemem. Je\u015bli kupujesz hydrokodon online bez recepty, zacznij od niewielkich dawek, aby dowiedzie\u0107 si\u0119, ile potrzebuje twoje cia\u0142o.<\/p>\n<p>Hydrokodon jest znany z powodowania r\u00f3\u017cnych nieprzyjemnych skutk\u00f3w ubocznych, w tym senno\u015bci, zawrot\u00f3w g\u0142owy i nudno\u015bci. Kupuj\u0105c hydrokodon online bez recepty i go przyjmuj\u0105c, pami\u0119taj o dobrze zbilansowanej diecie, aby unikn\u0105\u0107 problem\u00f3w trawiennych i jelitowych.<\/p>\n","protected":false},"excerpt":{"rendered":"<div class=\"woocommerce-product-details__short-description\">\n<p>Najlepsze miejsce do zakupu Hydrokodonu 10 325 mg online. Legalne leki mo\u017cna znale\u017a\u0107 w Best Global Meds, renomowanej aptece internetowej. Mo\u017cesz zaoszcz\u0119dzi\u0107 czas i pieni\u0105dze, sk\u0142adaj\u0105c zam\u00f3wienie online.<\/p>\n<p>Gdzie kupi\u0107 Hydrocodone 10\/325 mg online?<\/p>\n<p>Kobiety w ci\u0105\u017cy powinny skonsultowa\u0107 si\u0119 ze swoimi lekarzami przed za\u017cyciem tego leku, poniewa\u017c jest on Klasa ci\u0105\u017cowa FDA B, co oznacza, \u017ce \u200b\u200bnie ma sposobu, aby okre\u015bli\u0107, jak wp\u0142ynie to na nienarodzone dziecko lub piskl\u0119.<\/p>\n<p>Na sprzeda\u017c: Percocet 10\/325 mg &#8211; Kup bez recepty&#8230;<\/p>\n<p>Zalecane apteki internetowe do zakupu Vicodin.<\/p>\n<\/p><\/div>\n","protected":false},"featured_media":5203,"comment_status":"open","ping_status":"closed","template":"","meta":[],"product_brand":[],"product_cat":[1117],"product_tag":[1308,1300,1298,1318,1319,1317,1316,1325,1315,1321,1302,1320,1299,1297,1313,1337,1311,1326,1328,1329,1330,1332,1331,1334,1333,1312,1336,1310,1309,1327,1335,1322,1323,1324],"class_list":{"0":"post-5184","1":"product","2":"type-product","3":"status-publish","4":"has-post-thumbnail","6":"product_cat-kup-tabletki-na-bol-spanie-seks","7":"product_tag-watson-dawkowanie","8":"product_tag-generic-watson-pills-for-sale-in-usa","9":"product_tag-generyczne-tabletki-na-sprzeda-w-usa","10":"product_tag-hydrocodone-pills","11":"product_tag-hydrocodone-watson","12":"product_tag-hydrokodon","13":"product_tag-hydrokodon-tani","14":"product_tag-zakup-hydrokodon","15":"product_tag-kup-hydrocodon-online-bitcoiny","16":"product_tag-online-kup-watson-540-500-mg","17":"product_tag-lek-bez-recepty","18":"product_tag-lortab","19":"product_tag-generyczne-watson","20":"product_tag-kup-watson-online","21":"product_tag-watson-tabletka-przeciwblowa","22":"product_tag-watson-pills-bez-recepty-share","23":"product_tag-watson-hydrokodon-piguki-na-utrat-blu","24":"product_tag-watson","25":"product_tag-watson-325mg","26":"product_tag-watson-540","27":"product_tag-watson-540-500-mg-buy-online","28":"product_tag-watson-853-hydrocodone-10-325-mg-is-a-white-colored-and-capsule-shape-tablet-designed-for-the-treatment-of-pain","29":"product_tag-watson-853-hydrokodon-10-325-mg","30":"product_tag-watson-853-biaa-piguka","31":"product_tag-watson-853-hydrocodone-online","32":"product_tag-watson-medication","33":"product_tag-watson-medicine","34":"product_tag-watson-na-sprzedaz-w-usa","35":"product_tag-watson-na-sprzedaz-w-uk","36":"product_tag-watson-325-mg","37":"product_tag-watson-lortab","38":"product_tag-zam-c3-b3wienie-hydrokodonu","39":"product_tag-zam-c3-b3w-hydrokodon-online","40":"product_tag-mj-c3-b3w-online-watson-540-500-mg","42":"first","43":"instock","44":"shipping-taxable","45":"purchasable","46":"product-type-variable","47":"has-default-attributes"},"yoast_head":"<!-- This site is optimized with the Yoast SEO plugin v27.3 - https:\/\/yoast.com\/product\/yoast-seo-wordpress\/ -->\n<title>Kup hydrokodon 10\/325 mg - najlepsze najlepsze leki na \u015bwiecie<\/title>\n<meta name=\"description\" content=\"Kup Hydrocodone 10 325mg na sprzeda\u017c w Wielkiej Brytanii, Europie w najlepszej cenie. Best Global Meds to zaufana apteka internetowa z legalnymi lekami. Zam\u00f3w online i zaoszcz\u0119d\u017a sw\u00f3j czas i pieni\u0105dze.\" \/>\n<meta name=\"robots\" content=\"index, follow, max-snippet:-1, max-image-preview:large, max-video-preview:-1\" \/>\n<link rel=\"canonical\" href=\"https:\/\/medicinasinc.com\/pl\/product\/kup-hydrokodon-10-325-mg\/\" \/>\n<meta property=\"og:locale\" content=\"en_US\" \/>\n<meta property=\"og:type\" content=\"article\" \/>\n<meta property=\"og:title\" content=\"Kup hydrokodon 10\/325 mg - najlepsze najlepsze leki na \u015bwiecie\" \/>\n<meta property=\"og:description\" content=\"Kup Hydrocodone 10 325mg na sprzeda\u017c w Wielkiej Brytanii, Europie w najlepszej cenie. Best Global Meds to zaufana apteka internetowa z legalnymi lekami. Zam\u00f3w online i zaoszcz\u0119d\u017a sw\u00f3j czas i pieni\u0105dze.\" \/>\n<meta property=\"og:url\" content=\"https:\/\/medicinasinc.com\/pl\/product\/kup-hydrokodon-10-325-mg\/\" \/>\n<meta property=\"og:site_name\" content=\"Medicinas Inc\" \/>\n<meta property=\"article:modified_time\" content=\"2022-03-22T01:02:42+00:00\" \/>\n<meta property=\"og:image\" content=\"https:\/\/medicinasinc.com\/pl\/wp-content\/uploads\/sites\/13\/2022\/02\/buy-hydrocodone-10-325mg-online.jpg\" \/>\n\t<meta property=\"og:image:width\" content=\"600\" \/>\n\t<meta property=\"og:image:height\" content=\"600\" \/>\n\t<meta property=\"og:image:type\" content=\"image\/jpeg\" \/>\n<meta name=\"twitter:card\" content=\"summary_large_image\" \/>\n<meta name=\"twitter:label1\" content=\"Est. reading time\" \/>\n\t<meta name=\"twitter:data1\" content=\"2 minutes\" \/>\n<script type=\"application\/ld+json\" class=\"yoast-schema-graph\">{\"@context\":\"https:\\\/\\\/schema.org\",\"@graph\":[{\"@type\":\"WebPage\",\"@id\":\"https:\\\/\\\/medicinasinc.com\\\/pl\\\/product\\\/kup-hydrokodon-10-325-mg\\\/\",\"url\":\"https:\\\/\\\/medicinasinc.com\\\/pl\\\/product\\\/kup-hydrokodon-10-325-mg\\\/\",\"name\":\"Kup hydrokodon 10\\\/325 mg - najlepsze najlepsze leki na \u015bwiecie\",\"isPartOf\":{\"@id\":\"https:\\\/\\\/medicinasinc.com\\\/pl\\\/#website\"},\"primaryImageOfPage\":{\"@id\":\"https:\\\/\\\/medicinasinc.com\\\/pl\\\/product\\\/kup-hydrokodon-10-325-mg\\\/#primaryimage\"},\"image\":{\"@id\":\"https:\\\/\\\/medicinasinc.com\\\/pl\\\/product\\\/kup-hydrokodon-10-325-mg\\\/#primaryimage\"},\"thumbnailUrl\":\"https:\\\/\\\/medicinasinc.com\\\/pl\\\/wp-content\\\/uploads\\\/sites\\\/13\\\/2022\\\/02\\\/buy-hydrocodone-10-325mg-online.jpg\",\"datePublished\":\"2022-02-20T21:36:32+00:00\",\"dateModified\":\"2022-03-22T01:02:42+00:00\",\"description\":\"Kup Hydrocodone 10 325mg na sprzeda\u017c w Wielkiej Brytanii, Europie w najlepszej cenie. Best Global Meds to zaufana apteka internetowa z legalnymi lekami. Zam\u00f3w online i zaoszcz\u0119d\u017a sw\u00f3j czas i pieni\u0105dze.\",\"breadcrumb\":{\"@id\":\"https:\\\/\\\/medicinasinc.com\\\/pl\\\/product\\\/kup-hydrokodon-10-325-mg\\\/#breadcrumb\"},\"inLanguage\":\"en-US\",\"potentialAction\":[{\"@type\":\"ReadAction\",\"target\":[\"https:\\\/\\\/medicinasinc.com\\\/pl\\\/product\\\/kup-hydrokodon-10-325-mg\\\/\"]}]},{\"@type\":\"ImageObject\",\"inLanguage\":\"en-US\",\"@id\":\"https:\\\/\\\/medicinasinc.com\\\/pl\\\/product\\\/kup-hydrokodon-10-325-mg\\\/#primaryimage\",\"url\":\"https:\\\/\\\/medicinasinc.com\\\/pl\\\/wp-content\\\/uploads\\\/sites\\\/13\\\/2022\\\/02\\\/buy-hydrocodone-10-325mg-online.jpg\",\"contentUrl\":\"https:\\\/\\\/medicinasinc.com\\\/pl\\\/wp-content\\\/uploads\\\/sites\\\/13\\\/2022\\\/02\\\/buy-hydrocodone-10-325mg-online.jpg\",\"width\":600,\"height\":600},{\"@type\":\"BreadcrumbList\",\"@id\":\"https:\\\/\\\/medicinasinc.com\\\/pl\\\/product\\\/kup-hydrokodon-10-325-mg\\\/#breadcrumb\",\"itemListElement\":[{\"@type\":\"ListItem\",\"position\":1,\"name\":\"Sklep\",\"item\":\"https:\\\/\\\/medicinasinc.com\\\/pl\\\/sklep\\\/\"},{\"@type\":\"ListItem\",\"position\":2,\"name\":\"Kup hydrokodon 10\\\/325 mg\"}]},{\"@type\":\"WebSite\",\"@id\":\"https:\\\/\\\/medicinasinc.com\\\/pl\\\/#website\",\"url\":\"https:\\\/\\\/medicinasinc.com\\\/pl\\\/\",\"name\":\"Medicinas Inc\",\"description\":\"Health Medical Clinic\",\"potentialAction\":[{\"@type\":\"SearchAction\",\"target\":{\"@type\":\"EntryPoint\",\"urlTemplate\":\"https:\\\/\\\/medicinasinc.com\\\/pl\\\/?s={search_term_string}\"},\"query-input\":{\"@type\":\"PropertyValueSpecification\",\"valueRequired\":true,\"valueName\":\"search_term_string\"}}],\"inLanguage\":\"en-US\"}]}<\/script>\n<!-- \/ Yoast SEO plugin. -->","yoast_head_json":{"title":"Kup hydrokodon 10\/325 mg - najlepsze najlepsze leki na \u015bwiecie","description":"Kup Hydrocodone 10 325mg na sprzeda\u017c w Wielkiej Brytanii, Europie w najlepszej cenie. Best Global Meds to zaufana apteka internetowa z legalnymi lekami. Zam\u00f3w online i zaoszcz\u0119d\u017a sw\u00f3j czas i pieni\u0105dze.","robots":{"index":"index","follow":"follow","max-snippet":"max-snippet:-1","max-image-preview":"max-image-preview:large","max-video-preview":"max-video-preview:-1"},"canonical":"https:\/\/medicinasinc.com\/pl\/product\/kup-hydrokodon-10-325-mg\/","og_locale":"en_US","og_type":"article","og_title":"Kup hydrokodon 10\/325 mg - najlepsze najlepsze leki na \u015bwiecie","og_description":"Kup Hydrocodone 10 325mg na sprzeda\u017c w Wielkiej Brytanii, Europie w najlepszej cenie. Best Global Meds to zaufana apteka internetowa z legalnymi lekami. Zam\u00f3w online i zaoszcz\u0119d\u017a sw\u00f3j czas i pieni\u0105dze.","og_url":"https:\/\/medicinasinc.com\/pl\/product\/kup-hydrokodon-10-325-mg\/","og_site_name":"Medicinas Inc","article_modified_time":"2022-03-22T01:02:42+00:00","og_image":[{"width":600,"height":600,"url":"https:\/\/medicinasinc.com\/pl\/wp-content\/uploads\/sites\/13\/2022\/02\/buy-hydrocodone-10-325mg-online.jpg","type":"image\/jpeg"}],"twitter_card":"summary_large_image","twitter_misc":{"Est. reading time":"2 minutes"},"schema":{"@context":"https:\/\/schema.org","@graph":[{"@type":"WebPage","@id":"https:\/\/medicinasinc.com\/pl\/product\/kup-hydrokodon-10-325-mg\/","url":"https:\/\/medicinasinc.com\/pl\/product\/kup-hydrokodon-10-325-mg\/","name":"Kup hydrokodon 10\/325 mg - najlepsze najlepsze leki na \u015bwiecie","isPartOf":{"@id":"https:\/\/medicinasinc.com\/pl\/#website"},"primaryImageOfPage":{"@id":"https:\/\/medicinasinc.com\/pl\/product\/kup-hydrokodon-10-325-mg\/#primaryimage"},"image":{"@id":"https:\/\/medicinasinc.com\/pl\/product\/kup-hydrokodon-10-325-mg\/#primaryimage"},"thumbnailUrl":"https:\/\/medicinasinc.com\/pl\/wp-content\/uploads\/sites\/13\/2022\/02\/buy-hydrocodone-10-325mg-online.jpg","datePublished":"2022-02-20T21:36:32+00:00","dateModified":"2022-03-22T01:02:42+00:00","description":"Kup Hydrocodone 10 325mg na sprzeda\u017c w Wielkiej Brytanii, Europie w najlepszej cenie. Best Global Meds to zaufana apteka internetowa z legalnymi lekami. Zam\u00f3w online i zaoszcz\u0119d\u017a sw\u00f3j czas i pieni\u0105dze.","breadcrumb":{"@id":"https:\/\/medicinasinc.com\/pl\/product\/kup-hydrokodon-10-325-mg\/#breadcrumb"},"inLanguage":"en-US","potentialAction":[{"@type":"ReadAction","target":["https:\/\/medicinasinc.com\/pl\/product\/kup-hydrokodon-10-325-mg\/"]}]},{"@type":"ImageObject","inLanguage":"en-US","@id":"https:\/\/medicinasinc.com\/pl\/product\/kup-hydrokodon-10-325-mg\/#primaryimage","url":"https:\/\/medicinasinc.com\/pl\/wp-content\/uploads\/sites\/13\/2022\/02\/buy-hydrocodone-10-325mg-online.jpg","contentUrl":"https:\/\/medicinasinc.com\/pl\/wp-content\/uploads\/sites\/13\/2022\/02\/buy-hydrocodone-10-325mg-online.jpg","width":600,"height":600},{"@type":"BreadcrumbList","@id":"https:\/\/medicinasinc.com\/pl\/product\/kup-hydrokodon-10-325-mg\/#breadcrumb","itemListElement":[{"@type":"ListItem","position":1,"name":"Sklep","item":"https:\/\/medicinasinc.com\/pl\/sklep\/"},{"@type":"ListItem","position":2,"name":"Kup hydrokodon 10\/325 mg"}]},{"@type":"WebSite","@id":"https:\/\/medicinasinc.com\/pl\/#website","url":"https:\/\/medicinasinc.com\/pl\/","name":"Medicinas Inc","description":"Health Medical Clinic","potentialAction":[{"@type":"SearchAction","target":{"@type":"EntryPoint","urlTemplate":"https:\/\/medicinasinc.com\/pl\/?s={search_term_string}"},"query-input":{"@type":"PropertyValueSpecification","valueRequired":true,"valueName":"search_term_string"}}],"inLanguage":"en-US"}]}},"_links":{"self":[{"href":"https:\/\/medicinasinc.com\/pl\/wp-json\/wp\/v2\/product\/5184","targetHints":{"allow":["GET"]}}],"collection":[{"href":"https:\/\/medicinasinc.com\/pl\/wp-json\/wp\/v2\/product"}],"about":[{"href":"https:\/\/medicinasinc.com\/pl\/wp-json\/wp\/v2\/types\/product"}],"replies":[{"embeddable":true,"href":"https:\/\/medicinasinc.com\/pl\/wp-json\/wp\/v2\/comments?post=5184"}],"wp:featuredmedia":[{"embeddable":true,"href":"https:\/\/medicinasinc.com\/pl\/wp-json\/wp\/v2\/media\/5203"}],"wp:attachment":[{"href":"https:\/\/medicinasinc.com\/pl\/wp-json\/wp\/v2\/media?parent=5184"}],"wp:term":[{"taxonomy":"product_brand","embeddable":true,"href":"https:\/\/medicinasinc.com\/pl\/wp-json\/wp\/v2\/product_brand?post=5184"},{"taxonomy":"product_cat","embeddable":true,"href":"https:\/\/medicinasinc.com\/pl\/wp-json\/wp\/v2\/product_cat?post=5184"},{"taxonomy":"product_tag","embeddable":true,"href":"https:\/\/medicinasinc.com\/pl\/wp-json\/wp\/v2\/product_tag?post=5184"}],"curies":[{"name":"wp","href":"https:\/\/api.w.org\/{rel}","templated":true}]}}