{"id":5183,"date":"2022-02-20T21:35:10","date_gmt":"2022-02-20T21:35:10","guid":{"rendered":"https:\/\/medicinasinc.com\/pl\/?post_type=product&#038;p=5183"},"modified":"2022-03-22T01:02:54","modified_gmt":"2022-03-22T01:02:54","slug":"hydrokodon-10-500-mg","status":"publish","type":"product","link":"https:\/\/medicinasinc.com\/pl\/product\/hydrokodon-10-500-mg\/","title":{"rendered":"Hydrokodon 10\/500 mg"},"content":{"rendered":"<div class=\"product-next-previous\">\n<div class=\"product-prev\">\n<p>Tabletki hydrokodonu 10\/500 mg s\u0105 obecnie dost\u0119pne w sprzeda\u017cy online.<\/p>\n<p>Wysokiej jako\u015bci po\u0142\u0105czenie Lek do leczenia b\u00f3lu o nasileniu umiarkowanym do silnego, Watson 540 (Hydrocodone) 500 mg to Watson 540 (Hydrocodone). Acetaminofen i Hydrocodone s\u0105 u\u017cywane w preparacie Hydrocodone na sprzeda\u017c. Nieopioidowy paracetamol i opioidowy hydrokodon s\u0105 \u015brodkami przeciwb\u00f3lowymi.<\/p>\n<p>W m\u00f3zgu ten lek zmienia spos\u00f3b, w jaki organizm reaguje i odczuwa b\u00f3l. Za pomoc\u0105 tego leku mo\u017cna r\u00f3wnie\u017c obni\u017cy\u0107 temperatur\u0119 danej osoby.<\/p>\n<p>Ze wzgl\u0119du na znacz\u0105ce niekorzystne skutki p\u0142ytkiego\/powolnego oddychania, kt\u00f3re mog\u0105 wyst\u0105pi\u0107 przy zakupie hydrokodonu przez Internet, nie zaleca si\u0119 go dzieciom w wieku poni\u017cej 6 lat. lat.<\/p>\n<p>Przed rozpocz\u0119ciem stosowania tego leku nale\u017cy zapozna\u0107 si\u0119 z ulotk\u0105 informacyjn\u0105 dla pacjenta dostarczon\u0105 przez lekarza.<\/p>\n<p>Kup hydrokodon mo\u017cna przyjmowa\u0107 doustnie, z posi\u0142kami lub bez , w zale\u017cno\u015bci od preferencji u\u017cytkownika. W przypadku wyst\u0105pienia nudno\u015bci przed za\u017cyciem leku skonsultuj si\u0119 z lekarzem lub pracownikiem s\u0142u\u017cby zdrowia.<\/p>\n<p>Co zawiera ka\u017cda tabletka Watson 540?<\/p>\n<p>Stearynian sodu i magnezu<br \/>Celuloza mikrokrystaliczna<br \/>KrospowidonyKroskarmeloza Wykonany jest ze stearynianu sodu<br \/>SkrobiaPowidon<br \/>Tlenek politereftalanu etylenu<br \/>Zawiera KOLOR W PROSZKU nr 10 D&amp;C \u017b\u00f3\u0142ty<\/p>\n<p>&nbsp;<\/p>\n<p>W zale\u017cno\u015bci od og\u00f3lnej reakcji pacjenta i stanu zdrowia, dawkowanie tego leku mo\u017ce si\u0119 r\u00f3\u017cni\u0107. Nigdy nie pr\u00f3buj zwi\u0119ksza\u0107 dawki leku i przesta\u0144 go bra\u0107 tylko wtedy, gdy zaleci to lekarz.<\/p>\n<p>Nag\u0142e odstawienie leku mo\u017ce prowadzi\u0107 do odstawienia. Aby unikn\u0105\u0107 objaw\u00f3w odstawienia, post\u0119puj zgodnie z instrukcjami lekarza dotycz\u0105cymi stopniowego zmniejszania dawki lek\u00f3w.<\/p>\n<p>Zakupy hydrokodonu online mog\u0105 czasami prowadzi\u0107 do uzale\u017cnienia. Zaleca si\u0119, aby nie przekracza\u0107 okre\u015blonej dawki leku, aby zapobiec uzale\u017cnieniu od narkotyk\u00f3w.<\/p>\n<p>Alergia:<\/p>\n<p>Zapytaj swojego lekarza lub pracownika s\u0142u\u017cby zdrowia, czy mo\u017cesz stosowa\u0107 ten lek, poniewa\u017c jeste\u015b uczulony na sk\u0142adniki acetaminofen i hydrokodon. Na reakcj\u0119 danej osoby na ten produkt mo\u017ce niekorzystnie wp\u0142yn\u0105\u0107 obecno\u015b\u0107 substancji czynnych w jego preparacie.<\/p>\n<p>Senno\u015b\u0107:<\/p>\n<p>Skutkiem ubocznym tego leku mo\u017ce by\u0107 senno\u015b\u0107 lub zawroty g\u0142owy. Nale\u017cy unika\u0107 prowadzenia pojazd\u00f3w, obs\u0142ugiwania maszyn lub wszelkich innych czynno\u015bci wymagaj\u0105cych ca\u0142kowitej uwagi lub czujno\u015bci. Prosimy powstrzyma\u0107 si\u0119 od udzia\u0142u w \u017cadnej z tych czynno\u015bci, dop\u00f3ki nie upewnisz si\u0119, \u017ce mo\u017cesz to zrobi\u0107 bez \u017cadnych trudno\u015bci.<\/p>\n<p>Ci\u0105\u017ca:<\/p>\n<p>Kobietom w ci\u0105\u017cy zaleca si\u0119 nieprzyjmowanie tego leku. U\u017cywaj tego leku tylko wtedy, gdy jest to absolutnie konieczne. Skonsultuj si\u0119 z lekarzem lub farmaceut\u0105, aby dowiedzie\u0107 si\u0119 o zaletach i wadach przyjmowania tego leku podczas ci\u0105\u017cy.<\/p>\n<p>Karmienie piersi\u0105<\/p>\n<p>Przyjmowanie tego leku podczas karmienia piersi\u0105 mo\u017ce mie\u0107 niekorzystny wp\u0142yw na zdrowie dziecka. Nale\u017cy szybko skonsultowa\u0107 si\u0119 z lekarzem, je\u015bli Twoje dziecko wykazuje dziwne objawy, takie jak trudno\u015bci w oddychaniu lub letarg, a tak\u017ce problemy z jedzeniem.<\/p>\n<p>Wymioty, zawroty g\u0142owy, senno\u015b\u0107 i zaparcia mog\u0105 wyst\u0105pi\u0107 w wyniku stosowania hydrokodonu. W miar\u0119 kontynuowania leczenia niekt\u00f3re z tych dzia\u0142a\u0144 niepo\u017c\u0105danych mog\u0105 z czasem s\u0142abn\u0105\u0107. Je\u015bli kt\u00f3rykolwiek z tych objaw\u00f3w nasili si\u0119, nale\u017cy zwr\u00f3ci\u0107 si\u0119 o pomoc medyczn\u0105 w nag\u0142ych wypadkach, aby znale\u017a\u0107 rozwi\u0105zanie.<\/p>\n<p>Powiniene\u015b spo\u017cywa\u0107 du\u017co b\u0142onnika i pi\u0107 du\u017co wody, aby unikn\u0105\u0107 zapar\u0107. Je\u015bli potrzebujesz, we\u017a \u015brodek przeczyszczaj\u0105cy, aby z\u0142agodzi\u0107 objawy zapar\u0107. Przed zastosowaniem \u015brodka przeczyszczaj\u0105cego nale\u017cy zasi\u0119gn\u0105\u0107 porady lekarza.<\/p>\n<p>Powiniene\u015b powoli wstawa\u0107 z pozycji le\u017c\u0105cej lub siedz\u0105cej, je\u015bli chcesz zminimalizowa\u0107 objawy zawrot\u00f3w g\u0142owy i zawrot\u00f3w g\u0142owy.<\/p>\n<\/p><\/div><\/div>\n","protected":false},"excerpt":{"rendered":"<div class=\"woocommerce-product-details__short-description\">\n<p>Kup tabletki Hydrocodone 10\/500 mg na sprzeda\u017c w Wielkiej Brytanii, UE i Europie mo\u017cna kupi\u0107 online na naszej stronie internetowej. Dihydrokodeinon (hydrokodon) to p\u00f3\u0142wytworzony opioid pochodz\u0105cy z kodeiny i tebainy, dw\u00f3ch powszechnie wyst\u0119puj\u0105cych \u015brodk\u00f3w uspokajaj\u0105cych.<\/p>\n<p>W przypadku b\u00f3lu o nasileniu od umiarkowanego do silnego, aktywnym sk\u0142adnikiem Watson 540 (Hydrocodone) jest 500 mg hydrokodonu. Acetaminofen i Hydrocodone s\u0105 u\u017cywane w preparacie Hydrocodone na sprzeda\u017c. Hydroksykodon to opioidowy lek przeciwb\u00f3lowy, a acetaminofen nieopioidowy.<\/p>\n<\/p><\/div>\n","protected":false},"featured_media":5201,"comment_status":"open","ping_status":"closed","template":"","meta":[],"product_brand":[],"product_cat":[1117],"product_tag":[1308,1300,1298,1301,1307,1302,1299,1297,1313,1314,1311,1304,1305,1306,1312,1310,1309,1303],"class_list":{"0":"post-5183","1":"product","2":"type-product","3":"status-publish","4":"has-post-thumbnail","6":"product_cat-kup-tabletki-na-bol-spanie-seks","7":"product_tag-watson-dawkowanie","8":"product_tag-generic-watson-pills-for-sale-in-usa","9":"product_tag-generyczne-tabletki-na-sprzeda-w-usa","10":"product_tag-hydrokodon-na-sprzeda","11":"product_tag-watson-540-medycyna","12":"product_tag-lek-bez-recepty","13":"product_tag-generyczne-watson","14":"product_tag-kup-watson-online","15":"product_tag-watson-tabletka-przeciwblowa","16":"product_tag-watson-piguki-bez-recepty","17":"product_tag-watson-hydrokodon-piguki-na-utrat-blu","18":"product_tag-watson-500mg","19":"product_tag-watson-540-hydrocodone-500-mg","20":"product_tag-watson-540-hydrocodone-online","21":"product_tag-watson-medication","22":"product_tag-watson-na-sprzedaz-w-usa","23":"product_tag-watson-na-sprzedaz-w-uk","24":"product_tag-watson-500-mg","26":"first","27":"instock","28":"shipping-taxable","29":"purchasable","30":"product-type-variable","31":"has-default-attributes"},"yoast_head":"<!-- This site is optimized with the Yoast SEO plugin v27.3 - https:\/\/yoast.com\/product\/yoast-seo-wordpress\/ -->\n<title>Kup hydrokodon 10\/500 mg - najlepsze najlepsze \u015bwiatowe leki<\/title>\n<meta name=\"description\" content=\"Kup tabletki Hydrocodone 10\/500 mg na sprzeda\u017c w Wielkiej Brytanii, UE, Europie przez Internet. Hydrokodon lub dihydrokodeinon jest p\u00f3\u0142produktem opioidowym wywodz\u0105cym si\u0119 z dw\u00f3ch powszechnie wyst\u0119puj\u0105cych \u015brodk\u00f3w uspokajaj\u0105cych, kodeiny i tebainy.\" \/>\n<meta name=\"robots\" content=\"index, follow, max-snippet:-1, max-image-preview:large, max-video-preview:-1\" \/>\n<link rel=\"canonical\" href=\"https:\/\/medicinasinc.com\/pl\/product\/hydrokodon-10-500-mg\/\" \/>\n<meta property=\"og:locale\" content=\"en_US\" \/>\n<meta property=\"og:type\" content=\"article\" \/>\n<meta property=\"og:title\" content=\"Kup hydrokodon 10\/500 mg - najlepsze najlepsze \u015bwiatowe leki\" \/>\n<meta property=\"og:description\" content=\"Kup tabletki Hydrocodone 10\/500 mg na sprzeda\u017c w Wielkiej Brytanii, UE, Europie przez Internet. Hydrokodon lub dihydrokodeinon jest p\u00f3\u0142produktem opioidowym wywodz\u0105cym si\u0119 z dw\u00f3ch powszechnie wyst\u0119puj\u0105cych \u015brodk\u00f3w uspokajaj\u0105cych, kodeiny i tebainy.\" \/>\n<meta property=\"og:url\" content=\"https:\/\/medicinasinc.com\/pl\/product\/hydrokodon-10-500-mg\/\" \/>\n<meta property=\"og:site_name\" content=\"Medicinas Inc\" \/>\n<meta property=\"article:modified_time\" content=\"2022-03-22T01:02:54+00:00\" \/>\n<meta property=\"og:image\" content=\"https:\/\/medicinasinc.com\/pl\/wp-content\/uploads\/sites\/13\/2022\/02\/buy-hydrocodone-10-500mg-pills-online.jpg\" \/>\n\t<meta property=\"og:image:width\" content=\"600\" \/>\n\t<meta property=\"og:image:height\" content=\"600\" \/>\n\t<meta property=\"og:image:type\" content=\"image\/jpeg\" \/>\n<meta name=\"twitter:card\" content=\"summary_large_image\" \/>\n<meta name=\"twitter:label1\" content=\"Est. reading time\" \/>\n\t<meta name=\"twitter:data1\" content=\"3 minutes\" \/>\n<script type=\"application\/ld+json\" class=\"yoast-schema-graph\">{\"@context\":\"https:\\\/\\\/schema.org\",\"@graph\":[{\"@type\":\"WebPage\",\"@id\":\"https:\\\/\\\/medicinasinc.com\\\/pl\\\/product\\\/hydrokodon-10-500-mg\\\/\",\"url\":\"https:\\\/\\\/medicinasinc.com\\\/pl\\\/product\\\/hydrokodon-10-500-mg\\\/\",\"name\":\"Kup hydrokodon 10\\\/500 mg - najlepsze najlepsze \u015bwiatowe leki\",\"isPartOf\":{\"@id\":\"https:\\\/\\\/medicinasinc.com\\\/pl\\\/#website\"},\"primaryImageOfPage\":{\"@id\":\"https:\\\/\\\/medicinasinc.com\\\/pl\\\/product\\\/hydrokodon-10-500-mg\\\/#primaryimage\"},\"image\":{\"@id\":\"https:\\\/\\\/medicinasinc.com\\\/pl\\\/product\\\/hydrokodon-10-500-mg\\\/#primaryimage\"},\"thumbnailUrl\":\"https:\\\/\\\/medicinasinc.com\\\/pl\\\/wp-content\\\/uploads\\\/sites\\\/13\\\/2022\\\/02\\\/buy-hydrocodone-10-500mg-pills-online.jpg\",\"datePublished\":\"2022-02-20T21:35:10+00:00\",\"dateModified\":\"2022-03-22T01:02:54+00:00\",\"description\":\"Kup tabletki Hydrocodone 10\\\/500 mg na sprzeda\u017c w Wielkiej Brytanii, UE, Europie przez Internet. Hydrokodon lub dihydrokodeinon jest p\u00f3\u0142produktem opioidowym wywodz\u0105cym si\u0119 z dw\u00f3ch powszechnie wyst\u0119puj\u0105cych \u015brodk\u00f3w uspokajaj\u0105cych, kodeiny i tebainy.\",\"breadcrumb\":{\"@id\":\"https:\\\/\\\/medicinasinc.com\\\/pl\\\/product\\\/hydrokodon-10-500-mg\\\/#breadcrumb\"},\"inLanguage\":\"en-US\",\"potentialAction\":[{\"@type\":\"ReadAction\",\"target\":[\"https:\\\/\\\/medicinasinc.com\\\/pl\\\/product\\\/hydrokodon-10-500-mg\\\/\"]}]},{\"@type\":\"ImageObject\",\"inLanguage\":\"en-US\",\"@id\":\"https:\\\/\\\/medicinasinc.com\\\/pl\\\/product\\\/hydrokodon-10-500-mg\\\/#primaryimage\",\"url\":\"https:\\\/\\\/medicinasinc.com\\\/pl\\\/wp-content\\\/uploads\\\/sites\\\/13\\\/2022\\\/02\\\/buy-hydrocodone-10-500mg-pills-online.jpg\",\"contentUrl\":\"https:\\\/\\\/medicinasinc.com\\\/pl\\\/wp-content\\\/uploads\\\/sites\\\/13\\\/2022\\\/02\\\/buy-hydrocodone-10-500mg-pills-online.jpg\",\"width\":600,\"height\":600},{\"@type\":\"BreadcrumbList\",\"@id\":\"https:\\\/\\\/medicinasinc.com\\\/pl\\\/product\\\/hydrokodon-10-500-mg\\\/#breadcrumb\",\"itemListElement\":[{\"@type\":\"ListItem\",\"position\":1,\"name\":\"Sklep\",\"item\":\"https:\\\/\\\/medicinasinc.com\\\/pl\\\/sklep\\\/\"},{\"@type\":\"ListItem\",\"position\":2,\"name\":\"Hydrokodon 10\\\/500 mg\"}]},{\"@type\":\"WebSite\",\"@id\":\"https:\\\/\\\/medicinasinc.com\\\/pl\\\/#website\",\"url\":\"https:\\\/\\\/medicinasinc.com\\\/pl\\\/\",\"name\":\"Medicinas Inc\",\"description\":\"Health Medical Clinic\",\"potentialAction\":[{\"@type\":\"SearchAction\",\"target\":{\"@type\":\"EntryPoint\",\"urlTemplate\":\"https:\\\/\\\/medicinasinc.com\\\/pl\\\/?s={search_term_string}\"},\"query-input\":{\"@type\":\"PropertyValueSpecification\",\"valueRequired\":true,\"valueName\":\"search_term_string\"}}],\"inLanguage\":\"en-US\"}]}<\/script>\n<!-- \/ Yoast SEO plugin. -->","yoast_head_json":{"title":"Kup hydrokodon 10\/500 mg - najlepsze najlepsze \u015bwiatowe leki","description":"Kup tabletki Hydrocodone 10\/500 mg na sprzeda\u017c w Wielkiej Brytanii, UE, Europie przez Internet. Hydrokodon lub dihydrokodeinon jest p\u00f3\u0142produktem opioidowym wywodz\u0105cym si\u0119 z dw\u00f3ch powszechnie wyst\u0119puj\u0105cych \u015brodk\u00f3w uspokajaj\u0105cych, kodeiny i tebainy.","robots":{"index":"index","follow":"follow","max-snippet":"max-snippet:-1","max-image-preview":"max-image-preview:large","max-video-preview":"max-video-preview:-1"},"canonical":"https:\/\/medicinasinc.com\/pl\/product\/hydrokodon-10-500-mg\/","og_locale":"en_US","og_type":"article","og_title":"Kup hydrokodon 10\/500 mg - najlepsze najlepsze \u015bwiatowe leki","og_description":"Kup tabletki Hydrocodone 10\/500 mg na sprzeda\u017c w Wielkiej Brytanii, UE, Europie przez Internet. Hydrokodon lub dihydrokodeinon jest p\u00f3\u0142produktem opioidowym wywodz\u0105cym si\u0119 z dw\u00f3ch powszechnie wyst\u0119puj\u0105cych \u015brodk\u00f3w uspokajaj\u0105cych, kodeiny i tebainy.","og_url":"https:\/\/medicinasinc.com\/pl\/product\/hydrokodon-10-500-mg\/","og_site_name":"Medicinas Inc","article_modified_time":"2022-03-22T01:02:54+00:00","og_image":[{"width":600,"height":600,"url":"https:\/\/medicinasinc.com\/pl\/wp-content\/uploads\/sites\/13\/2022\/02\/buy-hydrocodone-10-500mg-pills-online.jpg","type":"image\/jpeg"}],"twitter_card":"summary_large_image","twitter_misc":{"Est. reading time":"3 minutes"},"schema":{"@context":"https:\/\/schema.org","@graph":[{"@type":"WebPage","@id":"https:\/\/medicinasinc.com\/pl\/product\/hydrokodon-10-500-mg\/","url":"https:\/\/medicinasinc.com\/pl\/product\/hydrokodon-10-500-mg\/","name":"Kup hydrokodon 10\/500 mg - najlepsze najlepsze \u015bwiatowe leki","isPartOf":{"@id":"https:\/\/medicinasinc.com\/pl\/#website"},"primaryImageOfPage":{"@id":"https:\/\/medicinasinc.com\/pl\/product\/hydrokodon-10-500-mg\/#primaryimage"},"image":{"@id":"https:\/\/medicinasinc.com\/pl\/product\/hydrokodon-10-500-mg\/#primaryimage"},"thumbnailUrl":"https:\/\/medicinasinc.com\/pl\/wp-content\/uploads\/sites\/13\/2022\/02\/buy-hydrocodone-10-500mg-pills-online.jpg","datePublished":"2022-02-20T21:35:10+00:00","dateModified":"2022-03-22T01:02:54+00:00","description":"Kup tabletki Hydrocodone 10\/500 mg na sprzeda\u017c w Wielkiej Brytanii, UE, Europie przez Internet. Hydrokodon lub dihydrokodeinon jest p\u00f3\u0142produktem opioidowym wywodz\u0105cym si\u0119 z dw\u00f3ch powszechnie wyst\u0119puj\u0105cych \u015brodk\u00f3w uspokajaj\u0105cych, kodeiny i tebainy.","breadcrumb":{"@id":"https:\/\/medicinasinc.com\/pl\/product\/hydrokodon-10-500-mg\/#breadcrumb"},"inLanguage":"en-US","potentialAction":[{"@type":"ReadAction","target":["https:\/\/medicinasinc.com\/pl\/product\/hydrokodon-10-500-mg\/"]}]},{"@type":"ImageObject","inLanguage":"en-US","@id":"https:\/\/medicinasinc.com\/pl\/product\/hydrokodon-10-500-mg\/#primaryimage","url":"https:\/\/medicinasinc.com\/pl\/wp-content\/uploads\/sites\/13\/2022\/02\/buy-hydrocodone-10-500mg-pills-online.jpg","contentUrl":"https:\/\/medicinasinc.com\/pl\/wp-content\/uploads\/sites\/13\/2022\/02\/buy-hydrocodone-10-500mg-pills-online.jpg","width":600,"height":600},{"@type":"BreadcrumbList","@id":"https:\/\/medicinasinc.com\/pl\/product\/hydrokodon-10-500-mg\/#breadcrumb","itemListElement":[{"@type":"ListItem","position":1,"name":"Sklep","item":"https:\/\/medicinasinc.com\/pl\/sklep\/"},{"@type":"ListItem","position":2,"name":"Hydrokodon 10\/500 mg"}]},{"@type":"WebSite","@id":"https:\/\/medicinasinc.com\/pl\/#website","url":"https:\/\/medicinasinc.com\/pl\/","name":"Medicinas Inc","description":"Health Medical Clinic","potentialAction":[{"@type":"SearchAction","target":{"@type":"EntryPoint","urlTemplate":"https:\/\/medicinasinc.com\/pl\/?s={search_term_string}"},"query-input":{"@type":"PropertyValueSpecification","valueRequired":true,"valueName":"search_term_string"}}],"inLanguage":"en-US"}]}},"_links":{"self":[{"href":"https:\/\/medicinasinc.com\/pl\/wp-json\/wp\/v2\/product\/5183","targetHints":{"allow":["GET"]}}],"collection":[{"href":"https:\/\/medicinasinc.com\/pl\/wp-json\/wp\/v2\/product"}],"about":[{"href":"https:\/\/medicinasinc.com\/pl\/wp-json\/wp\/v2\/types\/product"}],"replies":[{"embeddable":true,"href":"https:\/\/medicinasinc.com\/pl\/wp-json\/wp\/v2\/comments?post=5183"}],"wp:featuredmedia":[{"embeddable":true,"href":"https:\/\/medicinasinc.com\/pl\/wp-json\/wp\/v2\/media\/5201"}],"wp:attachment":[{"href":"https:\/\/medicinasinc.com\/pl\/wp-json\/wp\/v2\/media?parent=5183"}],"wp:term":[{"taxonomy":"product_brand","embeddable":true,"href":"https:\/\/medicinasinc.com\/pl\/wp-json\/wp\/v2\/product_brand?post=5183"},{"taxonomy":"product_cat","embeddable":true,"href":"https:\/\/medicinasinc.com\/pl\/wp-json\/wp\/v2\/product_cat?post=5183"},{"taxonomy":"product_tag","embeddable":true,"href":"https:\/\/medicinasinc.com\/pl\/wp-json\/wp\/v2\/product_tag?post=5183"}],"curies":[{"name":"wp","href":"https:\/\/api.w.org\/{rel}","templated":true}]}}