{"id":5182,"date":"2022-02-20T21:32:53","date_gmt":"2022-02-20T21:32:53","guid":{"rendered":"https:\/\/medicinasinc.com\/pl\/?post_type=product&#038;p=5182"},"modified":"2022-03-22T01:03:03","modified_gmt":"2022-03-22T01:03:03","slug":"kup-fentanyl-transdermalny-system-patch","status":"publish","type":"product","link":"https:\/\/medicinasinc.com\/pl\/product\/kup-fentanyl-transdermalny-system-patch\/","title":{"rendered":"Kup plaster do systemu transdermalnego z fentanylem"},"content":{"rendered":"<div class=\"product-next-previous\">\n<div class=\"product-prev\">\n<p>P\u0142atki transdermalne zawieraj\u0105ce fentanyl s\u0105 dost\u0119pne w sprzeda\u017cy<br \/> Co to jest fentanyl?<\/p>\n<p>Opioidy to klasa lek\u00f3w, kt\u00f3re zawieraj\u0105 fentanyl. Je\u015bli cierpisz na przewlek\u0142y (d\u0142ugotrwa\u0142y) silny b\u00f3l i ju\u017c przyjmujesz leki opioidowe (narkotyczne), mo\u017cesz odnie\u015b\u0107 korzy\u015bci ze stosowania fentanylu.<\/p>\n<p>Jaka jest cena Co Fentanyl?<\/p>\n<p>PocketPills oferuje Co Fentanyl za darmo. Je\u015bli twoje ubezpieczenie pokrywa koszt Co Fentanyl, mo\u017cesz otrzyma\u0107 go po obni\u017conej cenie. Koszty wydawania i dostawy powinny by\u0107 uwzgl\u0119dnione w ostatecznym koszcie zakupu Co Fentanyl.<\/p>\n<p>Ile wynosi op\u0142ata za wydawanie Co Fentanyl?<\/p>\n<p>Zam\u00f3wienie u nas Co Fentanyl wi\u0105\u017ce si\u0119 z op\u0142at\u0105 za wydawanie w wysoko\u015bci tylko 0 dolar\u00f3w. Je\u015bli szukasz najta\u0144szej ceny Co-Fentanyl w Kanadzie, Pocketpills jest tutaj, aby Ci pom\u00f3c.<br \/> Skorzystaj z naszej oferty bezp\u0142atnej wysy\u0142ki w Kanadzie.<\/p>\n<p>Nazwa leku: Co-Fentanyl <\/p>\n<p>Toksyczno\u015bci<\/p>\n<p>R\u00f3\u017cne leki mog\u0105 powodowa\u0107 niepo\u017c\u0105dane konsekwencje.<\/p>\n<p>Gdy lek jest stosowany zgodnie z zaleceniami, mog\u0105 wyst\u0105pi\u0107 nieoczekiwane skutki uboczne . Mo\u017cliwe, \u017ce skutki uboczne b\u0119d\u0105 niewielkie lub powa\u017cne, a tak\u017ce d\u0142ugotrwa\u0142e lub kr\u00f3tkotrwa\u0142e.<\/p>\n<p>Nie ka\u017cdy, kto przyjmuje Co Fentanyl, do\u015bwiadcza nast\u0119puj\u0105cych dzia\u0142a\u0144 niepo\u017c\u0105danych (transdermalny z fentanylem).<\/p>\n<p>Porozmawiaj z lekarzem, je\u015bli obawiasz si\u0119 skutk\u00f3w ubocznych Co Fentanyl (transdermalny Fentanyl).<\/p>\n<p>Co najmniej 1% u\u017cytkownik\u00f3w Co Fentanyl mia\u0142 nast\u0119puj\u0105ce dzia\u0142ania niepo\u017c\u0105dane (transdermalny Fentanyl) . Mo\u017cliwe, \u017ce niekt\u00f3re z tych dzia\u0142a\u0144 niepo\u017c\u0105danych z czasem znikn\u0105 samoistnie.<\/p>\n<p>Je\u015bli zauwa\u017cysz kt\u00f3rykolwiek z tych dzia\u0142a\u0144 niepo\u017c\u0105danych, kt\u00f3re s\u0105 uci\u0105\u017cliwe lub powa\u017cne, skontaktuj si\u0119 z lekarzem. Je\u015bli masz problemy z dzia\u0142aniami niepo\u017c\u0105danymi, popro\u015b o pomoc farmaceut\u0119.<\/p>\n<p>dezorientacja<br \/>Zaparcie<br \/>zaparcie problemy z koncentracj\u0105 senno\u015b\u0107 i zawroty g\u0142owy wieczorem<br \/>Uczucie niepokoju, rumienienie i b\u00f3l g\u0142owy to objawy sucho\u015bci w ustach.<br \/>brak pami\u0119ci<br \/>dyskomfort lub sw\u0119dzenie w miejscu aplikacji<\/p>\n<p>Cz\u0119sto zadawane pytania na temat Co Fentanyl<br \/> Aby kupi\u0107 Co Fentanyl online, musisz wiedzie\u0107 jak.<\/p>\n<p>Je\u015bli masz wa\u017cn\u0105 recept\u0119 od lekarza, mo\u017cesz kupi\u0107 Co Fentanyl online w PocketPills. Mo\u017cesz zacz\u0105\u0107 od przes\u0142ania recepty, zakupu uzupe\u0142nienia lub rozmowy z jednym z naszych kanadyjskich lekarzy, aby otrzyma\u0107 recept\u0119 online, przesy\u0142aj\u0105c istniej\u0105ce recepty do naszej apteki. Recepta na Co Fentanyl: dok\u0105d mam si\u0119 uda\u0107?<\/p>\n<p>W witrynie pocketpills.com mo\u017cesz porozmawia\u0107 z kanadyjskim lekarzem przez Internet. Podczas wizyty nasi lekarze mog\u0105 wystawi\u0107 Ci recepty na leki przez Internet. Bez dodatkowych koszt\u00f3w mo\u017cesz otrzyma\u0107 recept\u0119 do domu dyskretnie iw oryginalnym opakowaniu po jej otrzymaniu.<\/p>\n<p>Jak szybko mog\u0119 si\u0119 spodziewa\u0107 mojej paczki?<\/p>\n<p>Tak! W niekt\u00f3rych miejscach jeste\u015bmy w stanie zaoferowa\u0107 dostaw\u0119 tego samego dnia. Opr\u00f3cz dostawy nast\u0119pnego dnia zapewniamy r\u00f3wnie\u017c wysy\u0142k\u0119 z dnia na dzie\u0144.<br \/> Ile kosztuje wysy\u0142ka Co Fentanyl do Kanady?<br \/> Koszty wysy\u0142ki Co Fentanyl do Ciebie w Kanadzie s\u0105 ca\u0142kowicie bezp\u0142atne. Obni\u017cone op\u0142aty za wydawanie lek\u00f3w i bezp\u0142atna dostawa oferowane przez Pocketpills u\u0142atwiaj\u0105 Kanadyjczykom otrzymanie potrzebnych lek\u00f3w.<br \/> Dostawa Co Fentanyl do Mojego Domu?<br \/> Je\u015bli zam\u00f3wi\u0142e\u015b u nas leki na recept\u0119 w Kanadzie z wa\u017cnym recept\u0119, mo\u017cemy wys\u0142a\u0107 Co Fentanyl do twoich drzwi. Skontaktuj si\u0119 z nami, je\u015bli nie masz pewno\u015bci, czy dostarczamy produkty w Twoim regionie.<br \/> Gdzie mog\u0119 uzyska\u0107 bezp\u0142atny Co Fentanyl w Kanadzie?<br \/> Je\u015bli masz plan ubezpieczenia zdrowotnego obejmuj\u0105cy Co Fentanyl, mo\u017cesz go uzyska\u0107 bezp\u0142atnie w Kanadzie. Dowiedz si\u0119, czy kwalifikujesz si\u0119 do bezp\u0142atnego Co Fentanyl, kontaktuj\u0105c si\u0119 ze swoim dostawc\u0105 lub z nami.<br \/> Gdzie mog\u0119 znale\u017a\u0107 lekarza, aby otrzyma\u0107 Co Fentanyl?<br \/> Tak. Aby dowiedzie\u0107 si\u0119, czy kwalifikujesz si\u0119 do otrzymania recepty na Co Fentanyl, mo\u017cesz um\u00f3wi\u0107 si\u0119 na konsultacj\u0119 online z kanadyjskim lekarzem za po\u015brednictwem Best Global Meds.<br \/> Czy mog\u0119 bez recepty kupi\u0107 Co Fentanyl?<br \/> Aby kupi\u0107 Co Fentanyl od nas, musisz mie\u0107 wa\u017cn\u0105 recept\u0119. Je\u015bli potrzebujesz recepty, skontaktuj si\u0119 z nami. Mo\u017cesz skontaktowa\u0107 si\u0119 z jednym z naszych lekarzy, kiedy tylko jest to dla Ciebie dogodne.<\/p>\n<p>&nbsp;<\/p>\n<p>Ten lek jest stosowany w leczeniu przewlek\u0142ego b\u00f3lu (np. z powodu raka). Opioidowe (narkotyczne) leki przeciwb\u00f3lowe, kt\u00f3rych cz\u0142onkiem jest fentanyl, s\u0105 powszechnym rodzajem \u015brodk\u00f3w przeciwb\u00f3lowych. Zmienia spos\u00f3b, w jaki organizm postrzega b\u00f3l i reaguje na b\u00f3l, dzia\u0142aj\u0105c na m\u00f3zg.<\/p>\n<p>Fentanylu w postaci plastra nie nale\u017cy stosowa\u0107 w leczeniu \u0142agodnego lub kr\u00f3tkotrwa\u0142ego b\u00f3lu. \u201eas\u201d nie jest odpowiednim terminem dla tego leku.<\/p>\n<\/p><\/div><\/div>\n","protected":false},"excerpt":{"rendered":"<p>W Wielkiej Brytanii mo\u017cna kupi\u0107 plastry z fentanylem przez Internet, a tak\u017ce og\u00f3lnie fentanyl, a tak\u017ce plastry z fentanylem na sprzeda\u017c.<\/p>\n<p>Plastry z fentanylem s\u0105 stosowane w leczeniu przewlek\u0142ego b\u00f3lu&amp;#8230 ;. Podczas zbierania recept lub uzyskiwania dodatkowych lek\u00f3w, poinformuj farmaceut\u0119 o plastrze, kt\u00f3ry nosisz.<\/p>\n","protected":false},"featured_media":5199,"comment_status":"open","ping_status":"closed","template":"","meta":[],"product_brand":[],"product_cat":[1117],"product_tag":[1248,1250,1264,1253,1294,1269,1271,1274,1256,1259,1260,1261,1266,1267,1268,1272,1273,1295,1296,1281,1287,1288,1282,1283,1286,1285,1284,1255,1257,1289,1265,1254,1292,1247,1249,1251,1252,1263,1275,1290,1277,1291,1280,1270,1258,1262,1276,1293,1279,1278],"class_list":{"0":"post-5182","1":"product","2":"type-product","3":"status-publish","4":"has-post-thumbnail","6":"product_cat-kup-tabletki-na-bol-spanie-seks","7":"product_tag-100-mg-fentanyl-plaster-cena-uliczna","8":"product_tag-25-mcg-fentanyl-odpowiednik-plastra","9":"product_tag-fentanyl-plaster-aplikacja","10":"product_tag-best-place-to-put-fentanyl-patch","11":"product_tag-co-s-fentanyl-plaster","12":"product_tag-dawkowanie-aty-fentanylu-12-mcg","13":"product_tag-dawki-plastrw-fentanylu","14":"product_tag-dawkowanie-plastrw-fentanylu","15":"product_tag-fentanyl-gel-patch","16":"product_tag-fentanyl-patch-100-mcg","17":"product_tag-fentanyl-patch-100mcg","18":"product_tag-fentanyl-patch-25-mcg-street-value","19":"product_tag-fentanyl-patch-chewing","20":"product_tag-fentanyl-patch-disposal","21":"product_tag-fentanyl-patch-dosage","22":"product_tag-fentanyl-patch-doses","23":"product_tag-fentanyl-patch-doses-12-mcg","24":"product_tag-gdzie-umieci-atk-fentanylow","25":"product_tag-gdzie-umieci-atk-fentanyl","26":"product_tag-how-long-does-a-fentanyl-patch-stay-in-your-system","27":"product_tag-how-to-use-fentanyl-patch","28":"product_tag-inject-fentanyl-patch","29":"product_tag-jak-dugo-zajmuje-na-atanie-fentanylem-odpalenie","30":"product_tag-jak-naoy-atk-fentanyl","31":"product_tag-jak-zredukowa-atk-fentanyl-bez-wycofania","32":"product_tag-jak-pali-atk-fentanyl","33":"product_tag-jak-rozoy-atk-fentanylow","34":"product_tag-jedzenie-fentanyl-plaster","35":"product_tag-fentanyl-atka-przeciwblowa","36":"product_tag-mallinckrodt-fentanyl-patch-extraction","37":"product_tag-marki-plaster-c3-b3w-fentanyl","38":"product_tag-plaster-najlepszy-sposb-na-haj-na-fentanyl","39":"product_tag-palenie-fentanyl-plaster","40":"product_tag-plaster-100-mg-fentanylu","41":"product_tag-12-mikrogramowy-plaster-fentanylu","42":"product_tag-plaster-50-mg-fentanyl","43":"product_tag-plaster-75-mg-fentanylu","44":"product_tag-atka-fentanylowa-75-mcg","45":"product_tag-fentanyl-plaster-na-sprzeda","46":"product_tag-sandoz-fentanyl-patch","47":"product_tag-skutki-uboczne-plastrw-fentanylu","48":"product_tag-strzela-fentanyl-atka","49":"product_tag-transdermalny-plaster-fentanylowy","50":"product_tag-fentanyl-plaster-dawkowanie-wykres","51":"product_tag-ata-fentanylowa","52":"product_tag-atka-fentanylowa-50-mcg","53":"product_tag-fentanyl-patch-package-wstaw","54":"product_tag-street-value-of-fentanyl-patch","55":"product_tag-wycofywanie-plastrw-z-fentanylem","56":"product_tag-zastosowania-plastrw-fentanylu","58":"first","59":"instock","60":"shipping-taxable","61":"purchasable","62":"product-type-variable","63":"has-default-attributes"},"yoast_head":"<!-- This site is optimized with the Yoast SEO plugin v27.3 - https:\/\/yoast.com\/product\/yoast-seo-wordpress\/ -->\n<title>Kup plaster do systemu transdermalnego z fentanylem \u2014 najlepsze na \u015bwiecie leki<\/title>\n<meta name=\"description\" content=\"Kup \u0142atk\u0119 z fentanylem online w Wielkiej Brytanii, fentanyl online w Wielkiej Brytanii, koszt plastr\u00f3w z fentanylem w Wielkiej Brytanii, kup plastry z fentanylem w Wielkiej Brytanii, cena detaliczna fentanylu w Wielkiej Brytanii, plaster z fentanylem na sprzeda\u017c w Wielkiej Brytanii\" \/>\n<meta name=\"robots\" content=\"index, follow, max-snippet:-1, max-image-preview:large, max-video-preview:-1\" \/>\n<link rel=\"canonical\" href=\"https:\/\/medicinasinc.com\/pl\/product\/kup-fentanyl-transdermalny-system-patch\/\" \/>\n<meta property=\"og:locale\" content=\"en_US\" \/>\n<meta property=\"og:type\" content=\"article\" \/>\n<meta property=\"og:title\" content=\"Kup plaster do systemu transdermalnego z fentanylem \u2014 najlepsze na \u015bwiecie leki\" \/>\n<meta property=\"og:description\" content=\"Kup \u0142atk\u0119 z fentanylem online w Wielkiej Brytanii, fentanyl online w Wielkiej Brytanii, koszt plastr\u00f3w z fentanylem w Wielkiej Brytanii, kup plastry z fentanylem w Wielkiej Brytanii, cena detaliczna fentanylu w Wielkiej Brytanii, plaster z fentanylem na sprzeda\u017c w Wielkiej Brytanii\" \/>\n<meta property=\"og:url\" content=\"https:\/\/medicinasinc.com\/pl\/product\/kup-fentanyl-transdermalny-system-patch\/\" \/>\n<meta property=\"og:site_name\" content=\"Medicinas Inc\" \/>\n<meta property=\"article:modified_time\" content=\"2022-03-22T01:03:03+00:00\" \/>\n<meta property=\"og:image\" content=\"https:\/\/medicinasinc.com\/pl\/wp-content\/uploads\/sites\/13\/2022\/02\/buy-fentanyl-transdermal-system-patch.jpg\" \/>\n\t<meta property=\"og:image:width\" content=\"600\" \/>\n\t<meta property=\"og:image:height\" content=\"600\" \/>\n\t<meta property=\"og:image:type\" content=\"image\/jpeg\" \/>\n<meta name=\"twitter:card\" content=\"summary_large_image\" \/>\n<meta name=\"twitter:label1\" content=\"Est. reading time\" \/>\n\t<meta name=\"twitter:data1\" content=\"4 minutes\" \/>\n<script type=\"application\/ld+json\" class=\"yoast-schema-graph\">{\"@context\":\"https:\\\/\\\/schema.org\",\"@graph\":[{\"@type\":\"WebPage\",\"@id\":\"https:\\\/\\\/medicinasinc.com\\\/pl\\\/product\\\/kup-fentanyl-transdermalny-system-patch\\\/\",\"url\":\"https:\\\/\\\/medicinasinc.com\\\/pl\\\/product\\\/kup-fentanyl-transdermalny-system-patch\\\/\",\"name\":\"Kup plaster do systemu transdermalnego z fentanylem \u2014 najlepsze na \u015bwiecie leki\",\"isPartOf\":{\"@id\":\"https:\\\/\\\/medicinasinc.com\\\/pl\\\/#website\"},\"primaryImageOfPage\":{\"@id\":\"https:\\\/\\\/medicinasinc.com\\\/pl\\\/product\\\/kup-fentanyl-transdermalny-system-patch\\\/#primaryimage\"},\"image\":{\"@id\":\"https:\\\/\\\/medicinasinc.com\\\/pl\\\/product\\\/kup-fentanyl-transdermalny-system-patch\\\/#primaryimage\"},\"thumbnailUrl\":\"https:\\\/\\\/medicinasinc.com\\\/pl\\\/wp-content\\\/uploads\\\/sites\\\/13\\\/2022\\\/02\\\/buy-fentanyl-transdermal-system-patch.jpg\",\"datePublished\":\"2022-02-20T21:32:53+00:00\",\"dateModified\":\"2022-03-22T01:03:03+00:00\",\"description\":\"Kup \u0142atk\u0119 z fentanylem online w Wielkiej Brytanii, fentanyl online w Wielkiej Brytanii, koszt plastr\u00f3w z fentanylem w Wielkiej Brytanii, kup plastry z fentanylem w Wielkiej Brytanii, cena detaliczna fentanylu w Wielkiej Brytanii, plaster z fentanylem na sprzeda\u017c w Wielkiej Brytanii\",\"breadcrumb\":{\"@id\":\"https:\\\/\\\/medicinasinc.com\\\/pl\\\/product\\\/kup-fentanyl-transdermalny-system-patch\\\/#breadcrumb\"},\"inLanguage\":\"en-US\",\"potentialAction\":[{\"@type\":\"ReadAction\",\"target\":[\"https:\\\/\\\/medicinasinc.com\\\/pl\\\/product\\\/kup-fentanyl-transdermalny-system-patch\\\/\"]}]},{\"@type\":\"ImageObject\",\"inLanguage\":\"en-US\",\"@id\":\"https:\\\/\\\/medicinasinc.com\\\/pl\\\/product\\\/kup-fentanyl-transdermalny-system-patch\\\/#primaryimage\",\"url\":\"https:\\\/\\\/medicinasinc.com\\\/pl\\\/wp-content\\\/uploads\\\/sites\\\/13\\\/2022\\\/02\\\/buy-fentanyl-transdermal-system-patch.jpg\",\"contentUrl\":\"https:\\\/\\\/medicinasinc.com\\\/pl\\\/wp-content\\\/uploads\\\/sites\\\/13\\\/2022\\\/02\\\/buy-fentanyl-transdermal-system-patch.jpg\",\"width\":600,\"height\":600},{\"@type\":\"BreadcrumbList\",\"@id\":\"https:\\\/\\\/medicinasinc.com\\\/pl\\\/product\\\/kup-fentanyl-transdermalny-system-patch\\\/#breadcrumb\",\"itemListElement\":[{\"@type\":\"ListItem\",\"position\":1,\"name\":\"Sklep\",\"item\":\"https:\\\/\\\/medicinasinc.com\\\/pl\\\/sklep\\\/\"},{\"@type\":\"ListItem\",\"position\":2,\"name\":\"Kup plaster do systemu transdermalnego z fentanylem\"}]},{\"@type\":\"WebSite\",\"@id\":\"https:\\\/\\\/medicinasinc.com\\\/pl\\\/#website\",\"url\":\"https:\\\/\\\/medicinasinc.com\\\/pl\\\/\",\"name\":\"Medicinas Inc\",\"description\":\"Health Medical Clinic\",\"potentialAction\":[{\"@type\":\"SearchAction\",\"target\":{\"@type\":\"EntryPoint\",\"urlTemplate\":\"https:\\\/\\\/medicinasinc.com\\\/pl\\\/?s={search_term_string}\"},\"query-input\":{\"@type\":\"PropertyValueSpecification\",\"valueRequired\":true,\"valueName\":\"search_term_string\"}}],\"inLanguage\":\"en-US\"}]}<\/script>\n<!-- \/ Yoast SEO plugin. -->","yoast_head_json":{"title":"Kup plaster do systemu transdermalnego z fentanylem \u2014 najlepsze na \u015bwiecie leki","description":"Kup \u0142atk\u0119 z fentanylem online w Wielkiej Brytanii, fentanyl online w Wielkiej Brytanii, koszt plastr\u00f3w z fentanylem w Wielkiej Brytanii, kup plastry z fentanylem w Wielkiej Brytanii, cena detaliczna fentanylu w Wielkiej Brytanii, plaster z fentanylem na sprzeda\u017c w Wielkiej Brytanii","robots":{"index":"index","follow":"follow","max-snippet":"max-snippet:-1","max-image-preview":"max-image-preview:large","max-video-preview":"max-video-preview:-1"},"canonical":"https:\/\/medicinasinc.com\/pl\/product\/kup-fentanyl-transdermalny-system-patch\/","og_locale":"en_US","og_type":"article","og_title":"Kup plaster do systemu transdermalnego z fentanylem \u2014 najlepsze na \u015bwiecie leki","og_description":"Kup \u0142atk\u0119 z fentanylem online w Wielkiej Brytanii, fentanyl online w Wielkiej Brytanii, koszt plastr\u00f3w z fentanylem w Wielkiej Brytanii, kup plastry z fentanylem w Wielkiej Brytanii, cena detaliczna fentanylu w Wielkiej Brytanii, plaster z fentanylem na sprzeda\u017c w Wielkiej Brytanii","og_url":"https:\/\/medicinasinc.com\/pl\/product\/kup-fentanyl-transdermalny-system-patch\/","og_site_name":"Medicinas Inc","article_modified_time":"2022-03-22T01:03:03+00:00","og_image":[{"width":600,"height":600,"url":"https:\/\/medicinasinc.com\/pl\/wp-content\/uploads\/sites\/13\/2022\/02\/buy-fentanyl-transdermal-system-patch.jpg","type":"image\/jpeg"}],"twitter_card":"summary_large_image","twitter_misc":{"Est. reading time":"4 minutes"},"schema":{"@context":"https:\/\/schema.org","@graph":[{"@type":"WebPage","@id":"https:\/\/medicinasinc.com\/pl\/product\/kup-fentanyl-transdermalny-system-patch\/","url":"https:\/\/medicinasinc.com\/pl\/product\/kup-fentanyl-transdermalny-system-patch\/","name":"Kup plaster do systemu transdermalnego z fentanylem \u2014 najlepsze na \u015bwiecie leki","isPartOf":{"@id":"https:\/\/medicinasinc.com\/pl\/#website"},"primaryImageOfPage":{"@id":"https:\/\/medicinasinc.com\/pl\/product\/kup-fentanyl-transdermalny-system-patch\/#primaryimage"},"image":{"@id":"https:\/\/medicinasinc.com\/pl\/product\/kup-fentanyl-transdermalny-system-patch\/#primaryimage"},"thumbnailUrl":"https:\/\/medicinasinc.com\/pl\/wp-content\/uploads\/sites\/13\/2022\/02\/buy-fentanyl-transdermal-system-patch.jpg","datePublished":"2022-02-20T21:32:53+00:00","dateModified":"2022-03-22T01:03:03+00:00","description":"Kup \u0142atk\u0119 z fentanylem online w Wielkiej Brytanii, fentanyl online w Wielkiej Brytanii, koszt plastr\u00f3w z fentanylem w Wielkiej Brytanii, kup plastry z fentanylem w Wielkiej Brytanii, cena detaliczna fentanylu w Wielkiej Brytanii, plaster z fentanylem na sprzeda\u017c w Wielkiej Brytanii","breadcrumb":{"@id":"https:\/\/medicinasinc.com\/pl\/product\/kup-fentanyl-transdermalny-system-patch\/#breadcrumb"},"inLanguage":"en-US","potentialAction":[{"@type":"ReadAction","target":["https:\/\/medicinasinc.com\/pl\/product\/kup-fentanyl-transdermalny-system-patch\/"]}]},{"@type":"ImageObject","inLanguage":"en-US","@id":"https:\/\/medicinasinc.com\/pl\/product\/kup-fentanyl-transdermalny-system-patch\/#primaryimage","url":"https:\/\/medicinasinc.com\/pl\/wp-content\/uploads\/sites\/13\/2022\/02\/buy-fentanyl-transdermal-system-patch.jpg","contentUrl":"https:\/\/medicinasinc.com\/pl\/wp-content\/uploads\/sites\/13\/2022\/02\/buy-fentanyl-transdermal-system-patch.jpg","width":600,"height":600},{"@type":"BreadcrumbList","@id":"https:\/\/medicinasinc.com\/pl\/product\/kup-fentanyl-transdermalny-system-patch\/#breadcrumb","itemListElement":[{"@type":"ListItem","position":1,"name":"Sklep","item":"https:\/\/medicinasinc.com\/pl\/sklep\/"},{"@type":"ListItem","position":2,"name":"Kup plaster do systemu transdermalnego z fentanylem"}]},{"@type":"WebSite","@id":"https:\/\/medicinasinc.com\/pl\/#website","url":"https:\/\/medicinasinc.com\/pl\/","name":"Medicinas Inc","description":"Health Medical Clinic","potentialAction":[{"@type":"SearchAction","target":{"@type":"EntryPoint","urlTemplate":"https:\/\/medicinasinc.com\/pl\/?s={search_term_string}"},"query-input":{"@type":"PropertyValueSpecification","valueRequired":true,"valueName":"search_term_string"}}],"inLanguage":"en-US"}]}},"_links":{"self":[{"href":"https:\/\/medicinasinc.com\/pl\/wp-json\/wp\/v2\/product\/5182","targetHints":{"allow":["GET"]}}],"collection":[{"href":"https:\/\/medicinasinc.com\/pl\/wp-json\/wp\/v2\/product"}],"about":[{"href":"https:\/\/medicinasinc.com\/pl\/wp-json\/wp\/v2\/types\/product"}],"replies":[{"embeddable":true,"href":"https:\/\/medicinasinc.com\/pl\/wp-json\/wp\/v2\/comments?post=5182"}],"wp:featuredmedia":[{"embeddable":true,"href":"https:\/\/medicinasinc.com\/pl\/wp-json\/wp\/v2\/media\/5199"}],"wp:attachment":[{"href":"https:\/\/medicinasinc.com\/pl\/wp-json\/wp\/v2\/media?parent=5182"}],"wp:term":[{"taxonomy":"product_brand","embeddable":true,"href":"https:\/\/medicinasinc.com\/pl\/wp-json\/wp\/v2\/product_brand?post=5182"},{"taxonomy":"product_cat","embeddable":true,"href":"https:\/\/medicinasinc.com\/pl\/wp-json\/wp\/v2\/product_cat?post=5182"},{"taxonomy":"product_tag","embeddable":true,"href":"https:\/\/medicinasinc.com\/pl\/wp-json\/wp\/v2\/product_tag?post=5182"}],"curies":[{"name":"wp","href":"https:\/\/api.w.org\/{rel}","templated":true}]}}